{"id":7793,"date":"2021-03-03T22:39:48","date_gmt":"2021-03-03T20:39:48","guid":{"rendered":"https:\/\/www.mira.fi\/lieferbedingungen\/"},"modified":"2021-03-03T22:39:48","modified_gmt":"2021-03-03T20:39:48","slug":"lieferbedingungen","status":"publish","type":"page","link":"https:\/\/www.mira.fi\/de\/lieferbedingungen\/","title":{"rendered":"Lieferbedingungen"},"content":{"rendered":"<div class=\"container\">\n<div class=\"content-wrapper wrapper clearfix\">\n<div class=\" row clearfix\">\n<div class=\"col-sm-12 column \">\n<div class=\"column-wrapper content\">\n<div class=\"column-content\">\n<h2>ZAHLUNGSBEDINGUNGEN F\u00dcR DEN E-COMMERCE<\/h2>\n<p>Seit dem 5. September 2019 wird die Zahlungsabwicklung unseres Online-Shops \u00fcber den Dienst \u201eKlarna Checkout\u201c der Klarna Bank AB abgewickelt. Wir nutzen auch Paypal und bieten Firmenkunden eine Rechnung als Zahlungsmethode an. <\/p>\n<p>Die von Klarna angebotenen Zahlungsoptionen werden im Klarna Checkout-Service angezeigt. Die derzeit bei Klarna Checkout verf\u00fcgbaren Zahlungsoptionen sind Rechnung, \u00dcberziehung, Kartenzahlung oder direkte Bank\u00fcberweisung. Nachdem der Kunde die Zahlungsinformationen in den Checkout-Service eingegeben hat, bleiben die f\u00fcr den Kunden m\u00f6glichen Zahlungsmethoden bestehen. Wenn der Kunde die pers\u00f6nliche Identifikationsnummer nicht in das System eingibt, sind nur Kartenzahlung und Online-Banking-Zahlung m\u00f6glich.   <\/p>\n<p><img decoding=\"async\" class=\"lazyload alignnone wp-image-192\" src=\"https:\/\/web.archive.org\/web\/20250115165734im_\/https:\/\/www.mira.fi\/wp-content\/uploads\/Klarna_maksutavat.png\" data-orig-src=\"https:\/\/web.archive.org\/web\/20250115165734im_\/https:\/\/www.mira.fi\/wp-content\/uploads\/Klarna_maksutavat.png\" alt=\"\" width=\"409\" height=\"134\" srcset=\"data:image\/svg+xml,%3Csvg%20xmlns%3D%27http%3A%2F%2Fwww.w3.org%2F2000%2Fsvg%27%20width%3D%27409%27%20height%3D%27134%27%20viewBox%3D%270%200%20409%20134%27%3E%3Crect%20width%3D%27409%27%20height%3D%27134%27%20fill-opacity%3D%220%22%2F%3E%3C%2Fsvg%3E\" data-srcset=\"https:\/\/www.mira.fi\/wp-content\/uploads\/Klarna_maksutavat-500x164.png 500w, https:\/\/www.mira.fi\/wp-content\/uploads\/Klarna_maksutavat.png 522w\" data-sizes=\"auto\" data-orig-sizes=\"(max-width: 409px) 100vw, 409px\" \/><\/p>\n<h4>Online-Banking-Zahlungen<\/h4>\n<p>Es ist f\u00fcr den Kunden m\u00f6glich, im Online-Banking der folgenden Banken zu bezahlen: S-Bank, Aktia, Danske Bank, Osuuspankki, Nordea und S\u00e4\u00e4st\u00f6pankki. Die Bank des Kunden kann eine separate Authentifizierung im Online-Banking mit Online-Banking-IDs erfordern. <\/p>\n<h4>Kartenzahlungen<\/h4>\n<p>Es ist f\u00fcr den Kunden m\u00f6glich, mit Debit- und Kreditkarten aller finnischen Banken zu bezahlen. Wir akzeptieren alle Visa- und Mastercard-Kreditkarten. Im Zusammenhang mit der Kartenzahlung muss der Kunde die Kartennummer, das Ablaufdatum der Karte, den CVC-Code und bei Zahlung mit einigen Karten auch den 3D-Secure-Code angeben. Dar\u00fcber hinaus kann die Bank des Kunden eine separate Authentifizierung im Online-Banking mit Online-Banking-IDs erfordern. Bitte stellen Sie auch sicher, dass Sie die Online-Zahlungsfunktion Ihrer Karte in Ihrem Online-Banking aktiviert haben, bevor Sie die Zahlung vornehmen.    <\/p>\n<h4>Visa Electron<\/h4>\n<p>Sie k\u00f6nnen auch mit einer Visa Electron-Karte bezahlen, wenn Sie die Online-Zahlungsfunktion Ihrer Electron-Karte in Ihrem Online-Banking aktiviert haben. Wenn Sie eine Bestellung aufgeben, werden Sie zum sicheren Verifizierungsservice Ihrer Bank weitergeleitet, wo Ihre Eink\u00e4ufe mit Online-Banking-Zugangsdaten (Verified by Visa) verifiziert werden. <\/p>\n<h4>Herbst<\/h4>\n<p>Wir bieten die M\u00f6glichkeit, Eink\u00e4ufe per Rechnung oder flexibel in mehreren Raten zu bezahlen. Wenn der Kunde die Rechnung als Zahlungsmethode w\u00e4hlt, wird diese dem Kunden gleichzeitig mit dem Verlassen der Bestellung aus unserem Lager per E-Mail zugesandt. Die Zahlungsfrist f\u00fcr die Rechnung betr\u00e4gt 14 Tage ab Versand der Bestellung. F\u00fcr die Rechnung als Zahlungsmethode wird keine zus\u00e4tzliche Geb\u00fchr erhoben. Bei Zahlungsverzug werden der Rechnung eine Mahngeb\u00fchr von f\u00fcnf (5) Euro und Verzugszinsen hinzugerechnet.    <\/p>\n<h4>Ratenzahlung<\/h4>\n<p>Die Rechnung kann auch in Raten von 3-36 Monaten bezahlt werden. Die Rechnung kann auch im eigenen Tempo bezahlt werden, wobei der Kunde den monatlich zu zahlenden Betrag selbst bestimmen kann (jedoch mindestens neun (9) Euro). Die monatlichen Kosten sind bekannt, ebenso wie der Zeitpunkt, an dem der volle Betrag bezahlt wurde. Dar\u00fcber hinaus werden alle Eink\u00e4ufe, die im eigenen Tempo mit einer flexiblen Ratenzahlung bezahlt werden, zu einer \u00fcbersichtlichen monatlichen Rechnung zusammengefasst. Die monatliche Rechnung gibt Ihnen einen guten \u00dcberblick \u00fcber Ihre eigene Situation und alles kann mit nur einer Rechnungsgeb\u00fchr bezahlt werden.    <\/p>\n<h4>Zahlungsmethoden f\u00fcr Unternehmen:<\/h4>\n<p>F\u00fcr inl\u00e4ndische Unternehmen bietet Klarna die M\u00f6glichkeit, per Karte, Online-Banking und Rechnung zu bezahlen. Bitte beachten Sie, dass bei einer Bestellung per Rechnung die Bestellung an der Adresse aufgegeben werden muss, an der das Unternehmen registriert ist, d. h. die Rechnungs- und Lieferadresse m\u00fcssen \u00fcbereinstimmen. F\u00fcr ausl\u00e4ndische Unternehmen bietet Mira nur die M\u00f6glichkeit der Ablehnung. F\u00fcr weitere Informationen zu den Bedingungen f\u00fcr Unternehmenszahlungen wenden Sie sich bitte an den Klarna-Kundenservice.   <\/p>\n<p>Wenn Sie Fragen zur Bezahlung von Bestellungen haben, wenden Sie sich bitte an den Kundenservice von Klarna:<\/p>\n<p>Tel. 09 425 99 771 (kostenlos) <\/p>\n<p>Sie k\u00f6nnen auch \u00fcber den Chat-Service auf der Website von Klarna Gesch\u00e4fte t\u00e4tigen: https:\/\/www.klarna.com\/fi\/support.<\/p>\n<p>Der Kundenservice von Klarna ist werktags von 8 bis 18 Uhr ge\u00f6ffnet.<\/p>\n<p>Zahlungstransaktionen werden abgewickelt von: Klarna Bank AB (556737-0431), Sveav\u00e4gen 46, 111 34 Stockholm, Telefonnummer: +46 8 120 120 00, Fax: +46 8 120 120 99, E-Mail-Adresse: customers@klarna.fi. Die Klarna Bank AB ist eine schwedische Bank, die berechtigt ist, Dienstleistungen f\u00fcr Kreditinstitute zu erbringen, und wird von der schwedischen Finanzaufsichtsbeh\u00f6rde (Finansinspektionen) beaufsichtigt. Informationen \u00fcber die Registrierung von Klarna im Register der schwedischen Finanzaufsichtsbeh\u00f6rde und in welchen L\u00e4ndern Klarna berechtigt ist, ihre Dienstleistungen zu erbringen, sind auf der Website der schwedischen Finanzaufsichtsbeh\u00f6rde verf\u00fcgbar.  <\/p>\n<p>Die Zahlungsbedingungen finden Sie im Klarna Checkout f\u00fcr den Kunden automatisch im Zahlungsabschnitt.<\/p>\n<\/div>\n<\/div>\n<\/div>\n<\/div>\n<\/div>\n<\/div>\n<div class=\"container\">\n<div class=\"content-wrapper wrapper clearfix\">\n<div class=\"pad-top-2em pad-bottom-3em row clearfix\">\n<div class=\"col-sm-12 column lazyloaded\">\n<div class=\"column-wrapper content\">\n<div class=\"column-content\">\n<h2>LIEFERBEDINGUNGEN F\u00dcR DEN E-COMMERCE<\/h2>\n<h4>Lieferung in die EU<\/h4>\n<p>Mira bietet kostenlose Lieferung f\u00fcr alle in- und ausl\u00e4ndischen E-Commerce-Bestellungen \u00fcber 100 \u20ac an, die per Post, Postnord oder GLS geliefert werden. Zus\u00e4tzlich zur kostenlosen Lieferung hat der Kunde die M\u00f6glichkeit einer Expresslieferung per DHL f\u00fcr 45 \u20ac. DHL liefert das Paket direkt an Ihre Hausadresse.<br \/>\nAlle E-Commerce-Bestellungen werden entweder am selben oder am n\u00e4chsten Werktag versandt, mit Ausnahme von kundenspezifischen Bestellungen (einschlie\u00dflich Stickerei). Bitte beachten Sie, dass Mira von Montag bis Freitag von 8:00 bis 15:30 Uhr (GMT +2) aus unserem Lager versendet. Auch wenn die Expresslieferung am Wochenende eingel\u00f6st wird, verl\u00e4sst das Paket Mira erst am n\u00e4chsten Werktag, mit Ausnahme von Feiertagen. In Finnland sind die Feiertage im Zusammenhang mit Lieferungen Neujahrstag 1.1., Dreik\u00f6nigstag 6.1., Karfreitag, erster und zweiter Ostertag, Tag der Arbeit 1.5., Gr\u00fcndonnerstag, Mittsommerabend, Unabh\u00e4ngigkeitstag 6.12. und Weihnachten 24.12.-26.12.     <\/p>\n<p>Mira versendet E-Commerce-Bestellungen (mit Ausnahme von Sonderanfertigungen) von seinem Lager in Turku am Tag der Bestellung, wenn die Bestellung vor 12 Uhr mittags (GMT +2) eingegangen ist, oder sp\u00e4testens am n\u00e4chsten Werktag. Die normale Lieferzeit f\u00fcr E-Commerce-Bestellungen in der EU betr\u00e4gt ca. 1-14 Werktage, einschlie\u00dflich des Versanddatums und der gesch\u00e4tzten Lieferzeit per Postnord oder GLS. Die Versandzeit wird durch das Ziel der Sendung sowie die m\u00f6gliche Bearbeitungszeit beim Zoll beeinflusst. Bitte beachten Sie, dass Artikel, die zur Anpassung bestellt wurden (z. B. Stickerei), erst 1-2 Tage nach der Bestellung versandt werden.   <\/p>\n<p>Nachdem Sie Ihre Bestellung aufgegeben haben, erhalten Sie eine E-Mail-Best\u00e4tigung vom Kurier, die den Paketverfolgungscode enth\u00e4lt. Mit dem Tracking-Code k\u00f6nnen Sie den Fortschritt des Pakets auf der Website des Kuriers verfolgen. <\/p>\n<p><strong>HINWEIS!<\/strong>  An Post-Abholstellen zugestellte Pakete werden nur 7 Tage aufbewahrt, danach werden nicht zugestellte Pakete an Mira zur\u00fcckgeschickt. Bitte beachten Sie, dass die Nichtabholung des Pakets keine R\u00fcckerstattung darstellt. Bitte lesen Sie mehr \u00fcber unsere R\u00fcckgabebedingungen.  <\/p>\n<h4>Ausverkaufte Produkte mit Ihrer Bestellung<\/h4>\n<p>Leider kommt es manchmal vor, dass Sie es schaffen, Produkte zu bestellen, die aus irgendeinem Grund (z. B. falscher Lagerbestand) aus unserem Lagerbestand ausgegangen sind, obwohl der Online-Shop das Produkt scheinbar auf Lager findet. Wir werden Sie per E-Mail benachrichtigen und Ihnen gleichzeitig ein Ersatzprodukt anbieten, falls vorhanden, oder Sie k\u00f6nnen alternativ Ihre Kontonummer eingeben, auf die wir den von Ihnen gezahlten Betrag zur\u00fcckerstatten. <\/p>\n<\/div>\n<\/div>\n<\/div>\n<\/div>\n<\/div>\n<\/div>\n<div class=\"container\">\n<div class=\"content-wrapper wrapper clearfix\">\n<div class=\"pad-top-3em border-top row clearfix\">\n<div class=\"col-sm-12 column lazyloaded\">\n<div class=\"column-wrapper content\">\n<div class=\"column-content\">\n<h2>ZAHLUNGSMETHODEN F\u00dcR KUNDENSPEZIFISCHE KLEIDUNG<\/h2>\n<p>Ein ma\u00dfgefertigtes Kleidungsst\u00fcck wird an die Partei bezahlt, bei der die Bestellung aufgegeben wird. Wenn Sie ma\u00dfgefertigte Kleidung bei unserem H\u00e4ndler bestellen, stimmen Sie den von ihm angegebenen Preisen und Zahlungsbedingungen zu. Wenn die Bestellung direkt \u00fcber unseren Kundenservice mira@mira.fi aufgegeben wird, akzeptieren Sie die Zahlungs- und Lieferbedingungen von Mira.  <\/p>\n<h4>Privatkunden<\/h4>\n<p>Es ist noch nicht m\u00f6glich, ma\u00dfgefertigte Kleidung in unserem Online-Shop zu bestellen oder zu bezahlen, aber wir versenden immer eine Rechnung f\u00fcr ma\u00dfgefertigte Kleidung. Wir verlangen von unseren Privatkunden, dass sie alle Bestellungen im Voraus bezahlen, in diesem Fall wird das Produkt erst nach erfolgter Zahlung hergestellt und geliefert. Die Vorab-Rechnung wird dem Kunden per E-Mail zugestellt. Wenn die Rechnung nicht innerhalb einer angemessenen Frist bezahlt wird, wird sie aus unserem System entfernt und die Bestellung gilt als storniert. Bitte beachten Sie, dass wir erst nach Bezahlung der Vorab-Rechnung mit der Produktion beginnen. Es ist m\u00f6glich, die Rechnung in Raten zu bezahlen und es ist m\u00f6glich, eine Zahlungsfrist daf\u00fcr zu vereinbaren. Bitte kontaktieren Sie unseren Kundenservice mira@mira.fi, wenn Sie mehr Zahlungszeit f\u00fcr Ihre Rechnung ben\u00f6tigen.      <\/p>\n<p>Bitte beachten Sie, dass die Bestellung nach Genehmigung des Modellbildes verbindlich ist und die Bestellung f\u00fcr das ma\u00dfgefertigte Kleidungsst\u00fcck danach nicht mehr vollst\u00e4ndig storniert werden kann. Bitte beachten Sie, dass Mira das Recht hat, dem Kunden die vor der Stornierung der Bestellung entstandenen Material- und Arbeitskosten in Rechnung zu stellen. Wenn beispielsweise eine Bestellung storniert wird, nachdem das Modellbild gezeichnet wurde, hat Mira das Recht, dem Kunden die f\u00fcr das Zeichnen des Modellbildes aufgewendete Zeit in Rechnung zu stellen.  <\/p>\n<h4>Gesponserte Kunden<\/h4>\n<p>Die Rechnung wird unter den Zahlern an unsere Kunden verteilt, die Sponsoren haben, die die Kosten f\u00fcr die ma\u00dfgefertigte Kleidung teilen. Mira muss dann \u00fcber den Inhalt der Sponsoringvereinbarung bez\u00fcglich ma\u00dfgefertigter Kleidung bei der Bestellung informiert werden. Wenn die gesamte Forderung an die Unternehmen in Rechnung gestellt wird, stellen wir dem Kunden keine Vorab-Rechnung aus. Sponsoren erhalten in der Regel eine Rechnung, wenn das Kleidungsst\u00fcck fertiggestellt und an den Kunden geliefert wurde. F\u00fcr Unternehmen hat die Rechnung eine Zahlungsfrist von 14 Tagen.    <\/p>\n<h4>Gesch\u00e4ftskunden<\/h4>\n<p>F\u00fcr Gesch\u00e4ftskunden bieten wir auch die M\u00f6glichkeit, Eink\u00e4ufe per Rechnung f\u00fcr E-Commerce-Bestellungen und kundenspezifische Fertigung zu bezahlen. Fordern Sie immer ein Angebot f\u00fcr gr\u00f6\u00dfere Bestellmengen von unserem Kundenservice mira@mira.fi an. <\/p>\n<h2>LIEFERBEDINGUNGEN F\u00dcR KUNDENSPEZIFISCHE KLEIDUNG<\/h2>\n<p>In der Regel benachrichtigen wir den Kunden immer \u00fcber die Fertigstellung eines ma\u00dfgefertigten Produkts und vereinbaren die Lieferung mit dem Kunden, wenn er die Lieferung nicht bereits bei der Bestellung angewiesen hat. In Finnland nutzt Mira haupts\u00e4chlich die Dienste von Posti und GLS, um ma\u00dfgefertigte Kleidung zu liefern, in diesem Fall ist es m\u00f6glich, die Bestellung in 1-4 Tagen zu liefern. Der Preis f\u00fcr ein Inlands-Paket h\u00e4ngt von der Gr\u00f6\u00dfe des Pakets ab, aber die Mindestlieferkosten betragen 10 \u20ac. F\u00fcr Privatkunden betragen die Lieferkosten in das Heimatland in der Regel 25 \u20ac. F\u00fcr unsere Firmenkunden, die gro\u00dfe Mengen an Produkten auf einmal bestellen, k\u00f6nnen die Lieferkosten in das Heimatland maximal 35 \u20ac betragen. F\u00fcr Inlands-Expresslieferungen nutzen wir das Posti Express-Paket.     <\/p>\n<p>Es ist auch m\u00f6glich, ma\u00dfgefertigte Kleidung kostenlos zu Rennen in S\u00fcdfinnland zu liefern. Wir versenden w\u00f6chentliche Pakete z.B. Vermo, Pori, Tampere und Lahti, wo Sie Ihr eigenes Paket w\u00e4hrend der Rennen am Check-in-Punkt abholen k\u00f6nnen. Wenn Sie eine Lieferung zu bestimmten Rennen w\u00fcnschen, wenden Sie sich bitte an unseren Kundenservice.  <\/p>\n<\/div>\n<\/div>\n<\/div>\n<\/div>\n<\/div>\n<\/div>\n","protected":false},"excerpt":{"rendered":"<p>ZAHLUNGSBEDINGUNGEN F\u00dcR DEN E-COMMERCE Seit dem 5. September 2019 wird  [&#8230;]<\/p>\n","protected":false},"author":1,"featured_media":0,"parent":0,"menu_order":0,"comment_status":"closed","ping_status":"closed","template":"","meta":{"footnotes":""},"class_list":["post-7793","page","type-page","status-publish","hentry"],"yoast_head":"<!-- This site is optimized with the Yoast SEO plugin v27.5 - https:\/\/yoast.com\/product\/yoast-seo-wordpress\/ -->\n<title>Lieferbedingungen - Mira-Tex Oy<\/title>\n<meta name=\"robots\" content=\"index, follow, max-snippet:-1, max-image-preview:large, max-video-preview:-1\" \/>\n<link rel=\"canonical\" href=\"https:\/\/www.mira.fi\/lieferbedingungen\/\" \/>\n<meta property=\"og:locale\" content=\"de_DE\" \/>\n<meta property=\"og:type\" content=\"article\" \/>\n<meta property=\"og:title\" content=\"Lieferbedingungen - Mira-Tex Oy\" \/>\n<meta property=\"og:description\" content=\"ZAHLUNGSBEDINGUNGEN F\u00dcR DEN E-COMMERCE Seit dem 5. September 2019 wird [...]\" \/>\n<meta property=\"og:url\" content=\"https:\/\/www.mira.fi\/lieferbedingungen\/\" \/>\n<meta property=\"og:site_name\" content=\"Mira-Tex Oy\" \/>\n<meta property=\"og:image\" content=\"https:\/\/www.mira.fi\/wp-content\/uploads\/Klarna_maksutavat.png\" \/>\n\t<meta property=\"og:image:width\" content=\"522\" \/>\n\t<meta property=\"og:image:height\" content=\"171\" \/>\n\t<meta property=\"og:image:type\" content=\"image\/png\" \/>\n<meta name=\"twitter:card\" content=\"summary_large_image\" \/>\n<meta name=\"twitter:label1\" content=\"Gesch\u00e4tzte Lesezeit\" \/>\n\t<meta name=\"twitter:data1\" content=\"8\u00a0Minuten\" \/>\n<script type=\"application\/ld+json\" class=\"yoast-schema-graph\">{\"@context\":\"https:\\\/\\\/schema.org\",\"@graph\":[{\"@type\":\"WebPage\",\"@id\":\"https:\\\/\\\/www.mira.fi\\\/lieferbedingungen\\\/\",\"url\":\"https:\\\/\\\/www.mira.fi\\\/lieferbedingungen\\\/\",\"name\":\"Lieferbedingungen - Mira-Tex Oy\",\"isPartOf\":{\"@id\":\"https:\\\/\\\/www.mira.fi\\\/#website\"},\"primaryImageOfPage\":{\"@id\":\"https:\\\/\\\/www.mira.fi\\\/lieferbedingungen\\\/#primaryimage\"},\"image\":{\"@id\":\"https:\\\/\\\/www.mira.fi\\\/lieferbedingungen\\\/#primaryimage\"},\"thumbnailUrl\":\"https:\\\/\\\/web.archive.org\\\/web\\\/20250115165734im_\\\/https:\\\/\\\/www.mira.fi\\\/wp-content\\\/uploads\\\/Klarna_maksutavat.png\",\"datePublished\":\"2021-03-03T20:39:48+00:00\",\"breadcrumb\":{\"@id\":\"https:\\\/\\\/www.mira.fi\\\/lieferbedingungen\\\/#breadcrumb\"},\"inLanguage\":\"de\",\"potentialAction\":[{\"@type\":\"ReadAction\",\"target\":[\"https:\\\/\\\/www.mira.fi\\\/lieferbedingungen\\\/\"]}]},{\"@type\":\"ImageObject\",\"inLanguage\":\"de\",\"@id\":\"https:\\\/\\\/www.mira.fi\\\/lieferbedingungen\\\/#primaryimage\",\"url\":\"https:\\\/\\\/web.archive.org\\\/web\\\/20250115165734im_\\\/https:\\\/\\\/www.mira.fi\\\/wp-content\\\/uploads\\\/Klarna_maksutavat.png\",\"contentUrl\":\"https:\\\/\\\/web.archive.org\\\/web\\\/20250115165734im_\\\/https:\\\/\\\/www.mira.fi\\\/wp-content\\\/uploads\\\/Klarna_maksutavat.png\"},{\"@type\":\"BreadcrumbList\",\"@id\":\"https:\\\/\\\/www.mira.fi\\\/lieferbedingungen\\\/#breadcrumb\",\"itemListElement\":[{\"@type\":\"ListItem\",\"position\":1,\"name\":\"Etusivu\",\"item\":\"https:\\\/\\\/www.mira.fi\\\/de\\\/massgeschneidert\\\/\"},{\"@type\":\"ListItem\",\"position\":2,\"name\":\"Lieferbedingungen\"}]},{\"@type\":\"WebSite\",\"@id\":\"https:\\\/\\\/www.mira.fi\\\/#website\",\"url\":\"https:\\\/\\\/www.mira.fi\\\/\",\"name\":\"Mira-Tex Oy\",\"description\":\"F\u00fchrender Hersteller von Pferderennsportbekleidung\",\"publisher\":{\"@id\":\"https:\\\/\\\/www.mira.fi\\\/#organization\"},\"potentialAction\":[{\"@type\":\"SearchAction\",\"target\":{\"@type\":\"EntryPoint\",\"urlTemplate\":\"https:\\\/\\\/www.mira.fi\\\/?s={search_term_string}\"},\"query-input\":{\"@type\":\"PropertyValueSpecification\",\"valueRequired\":true,\"valueName\":\"search_term_string\"}}],\"inLanguage\":\"de\"},{\"@type\":\"Organization\",\"@id\":\"https:\\\/\\\/www.mira.fi\\\/#organization\",\"name\":\"Mira-Tex Oy\",\"url\":\"https:\\\/\\\/www.mira.fi\\\/\",\"logo\":{\"@type\":\"ImageObject\",\"inLanguage\":\"de\",\"@id\":\"https:\\\/\\\/www.mira.fi\\\/#\\\/schema\\\/logo\\\/image\\\/\",\"url\":\"https:\\\/\\\/www.mira.fi\\\/wp-content\\\/uploads\\\/favicon.png\",\"contentUrl\":\"https:\\\/\\\/www.mira.fi\\\/wp-content\\\/uploads\\\/favicon.png\",\"width\":600,\"height\":600,\"caption\":\"Mira-Tex Oy\"},\"image\":{\"@id\":\"https:\\\/\\\/www.mira.fi\\\/#\\\/schema\\\/logo\\\/image\\\/\"}}]}<\/script>\n<!-- \/ Yoast SEO plugin. -->","yoast_head_json":{"title":"Lieferbedingungen - Mira-Tex Oy","robots":{"index":"index","follow":"follow","max-snippet":"max-snippet:-1","max-image-preview":"max-image-preview:large","max-video-preview":"max-video-preview:-1"},"canonical":"https:\/\/www.mira.fi\/lieferbedingungen\/","og_locale":"de_DE","og_type":"article","og_title":"Lieferbedingungen - Mira-Tex Oy","og_description":"ZAHLUNGSBEDINGUNGEN F\u00dcR DEN E-COMMERCE Seit dem 5. September 2019 wird [...]","og_url":"https:\/\/www.mira.fi\/lieferbedingungen\/","og_site_name":"Mira-Tex Oy","og_image":[{"width":522,"height":171,"url":"https:\/\/www.mira.fi\/wp-content\/uploads\/Klarna_maksutavat.png","type":"image\/png"}],"twitter_card":"summary_large_image","twitter_misc":{"Gesch\u00e4tzte Lesezeit":"8\u00a0Minuten"},"schema":{"@context":"https:\/\/schema.org","@graph":[{"@type":"WebPage","@id":"https:\/\/www.mira.fi\/lieferbedingungen\/","url":"https:\/\/www.mira.fi\/lieferbedingungen\/","name":"Lieferbedingungen - Mira-Tex Oy","isPartOf":{"@id":"https:\/\/www.mira.fi\/#website"},"primaryImageOfPage":{"@id":"https:\/\/www.mira.fi\/lieferbedingungen\/#primaryimage"},"image":{"@id":"https:\/\/www.mira.fi\/lieferbedingungen\/#primaryimage"},"thumbnailUrl":"https:\/\/web.archive.org\/web\/20250115165734im_\/https:\/\/www.mira.fi\/wp-content\/uploads\/Klarna_maksutavat.png","datePublished":"2021-03-03T20:39:48+00:00","breadcrumb":{"@id":"https:\/\/www.mira.fi\/lieferbedingungen\/#breadcrumb"},"inLanguage":"de","potentialAction":[{"@type":"ReadAction","target":["https:\/\/www.mira.fi\/lieferbedingungen\/"]}]},{"@type":"ImageObject","inLanguage":"de","@id":"https:\/\/www.mira.fi\/lieferbedingungen\/#primaryimage","url":"https:\/\/web.archive.org\/web\/20250115165734im_\/https:\/\/www.mira.fi\/wp-content\/uploads\/Klarna_maksutavat.png","contentUrl":"https:\/\/web.archive.org\/web\/20250115165734im_\/https:\/\/www.mira.fi\/wp-content\/uploads\/Klarna_maksutavat.png"},{"@type":"BreadcrumbList","@id":"https:\/\/www.mira.fi\/lieferbedingungen\/#breadcrumb","itemListElement":[{"@type":"ListItem","position":1,"name":"Etusivu","item":"https:\/\/www.mira.fi\/de\/massgeschneidert\/"},{"@type":"ListItem","position":2,"name":"Lieferbedingungen"}]},{"@type":"WebSite","@id":"https:\/\/www.mira.fi\/#website","url":"https:\/\/www.mira.fi\/","name":"Mira-Tex Oy","description":"F\u00fchrender Hersteller von Pferderennsportbekleidung","publisher":{"@id":"https:\/\/www.mira.fi\/#organization"},"potentialAction":[{"@type":"SearchAction","target":{"@type":"EntryPoint","urlTemplate":"https:\/\/www.mira.fi\/?s={search_term_string}"},"query-input":{"@type":"PropertyValueSpecification","valueRequired":true,"valueName":"search_term_string"}}],"inLanguage":"de"},{"@type":"Organization","@id":"https:\/\/www.mira.fi\/#organization","name":"Mira-Tex Oy","url":"https:\/\/www.mira.fi\/","logo":{"@type":"ImageObject","inLanguage":"de","@id":"https:\/\/www.mira.fi\/#\/schema\/logo\/image\/","url":"https:\/\/www.mira.fi\/wp-content\/uploads\/favicon.png","contentUrl":"https:\/\/www.mira.fi\/wp-content\/uploads\/favicon.png","width":600,"height":600,"caption":"Mira-Tex Oy"},"image":{"@id":"https:\/\/www.mira.fi\/#\/schema\/logo\/image\/"}}]}},"_links":{"self":[{"href":"https:\/\/www.mira.fi\/de\/wp-json\/wp\/v2\/pages\/7793","targetHints":{"allow":["GET"]}}],"collection":[{"href":"https:\/\/www.mira.fi\/de\/wp-json\/wp\/v2\/pages"}],"about":[{"href":"https:\/\/www.mira.fi\/de\/wp-json\/wp\/v2\/types\/page"}],"author":[{"embeddable":true,"href":"https:\/\/www.mira.fi\/de\/wp-json\/wp\/v2\/users\/1"}],"replies":[{"embeddable":true,"href":"https:\/\/www.mira.fi\/de\/wp-json\/wp\/v2\/comments?post=7793"}],"version-history":[{"count":0,"href":"https:\/\/www.mira.fi\/de\/wp-json\/wp\/v2\/pages\/7793\/revisions"}],"wp:attachment":[{"href":"https:\/\/www.mira.fi\/de\/wp-json\/wp\/v2\/media?parent=7793"}],"curies":[{"name":"wp","href":"https:\/\/api.w.org\/{rel}","templated":true}]}}