{"id":7818,"date":"2021-03-03T22:50:23","date_gmt":"2021-03-03T20:50:23","guid":{"rendered":"https:\/\/www.mira.fi\/ruckgaberecht\/"},"modified":"2021-03-03T22:50:23","modified_gmt":"2021-03-03T20:50:23","slug":"ruckgaberecht","status":"publish","type":"page","link":"https:\/\/www.mira.fi\/de\/ruckgaberecht\/","title":{"rendered":"R\u00fcckgaberecht"},"content":{"rendered":"<section id=\"showcase\" class=\"region region-options\">\n<div class=\"container\">\n<div class=\"scase-wrapper wrapper clearfix\">\n<div class=\" row clearfix\">\n<div class=\"col-sm-12 column full-column \">\n<div class=\"column-wrapper content\">\n<div class=\"column-content\">\n<h1><\/h1>\n<\/div>\n<\/div>\n<\/div>\n<\/div>\n<\/div>\n<\/div>\n<\/section>\n<section id=\"region-content\" class=\"region region-options\">\n<div class=\"container\">\n<div class=\"content-wrapper wrapper clearfix\">\n<div class=\"pad-bottom-4em row clearfix\">\n<div class=\"col-sm-7 column pad-bottom-4em\">\n<div class=\"column-wrapper content\">\n<div class=\"column-content\">\n<h2>R\u00dcCKGABERECHT F\u00dcR IM ONLINE-SHOP BESTELLTE PRODUKTE<\/h2>\n<p>Wenn du mit deiner Online-Bestellung nicht zufrieden bist, hast du ein 30-t\u00e4giges Umtausch- und R\u00fcckgaberecht. Bitte beachte, dass das R\u00fcckgaberecht davon abh\u00e4ngig ist, dass du das Produkt sorgf\u00e4ltig behandelst und anpasst, ohne es zu besch\u00e4digen. Hinweis! Bitte kontaktiere immer zuerst den Mira-Kundenservice, damit wir dich bei der R\u00fccksendung anleiten k\u00f6nnen. Bitte beachte, dass es nicht m\u00f6glich ist, ma\u00dfgefertigte Produkte oder individualisierte (Stickereien, andere \u00c4nderungen) Produkte zur\u00fcckzugeben.    <\/p>\n<\/div>\n<\/div>\n<\/div>\n<div class=\"col-sm-5 column pad-bottom-4em\">\n<div class=\"column-wrapper content\">\n<div class=\"column-content\">\n<div class=\"soft-box\">\n<p><strong>R\u00fccksendeadresse:<\/strong><\/p>\n<p>Mira-Tex Oy \/ Retouren, Tuulentie 8, 21420 LIETO, Telefonnummer: 0404570970, E-Mail-Adresse: mira@mira.fi<\/p>\n<\/div>\n<\/div>\n<\/div>\n<\/div>\n<div class=\"col-sm-7 column order-sm-2 lazyloaded\">\n<div class=\"column-wrapper content\">\n<div class=\"column-content\">\n<p>Das Produkt muss im Originalzustand, mit angebrachten Etiketten und in der Originalverpackung zur\u00fcckgesendet werden. Das zur\u00fcckgesendete Produkt muss unbenutzt, unversehrt und sauber sein. Mira kann R\u00fccksendungen ablehnen, wenn sich das Produkt nicht in einem verkaufsf\u00e4higen Zustand befindet. Wir tauschen das Produkt erst um und erstatten den Kaufpreis, sobald wir das Originalprodukt zur\u00fcckerhalten haben. Sobald das Originalprodukt an Mira zur\u00fcckgesendet wurde, senden wir dir das neue Produkt unverz\u00fcglich zu, es sei denn, du wirst anderweitig informiert. Bitte beachte, dass Mira bei Reklamationen bez\u00fcglich individualisierter Produkte das Recht hat, den Fehler zu beheben, und das Produkt daher zur Reparatur an Mira gesendet werden muss.     <\/p>\n<p>Wenn du ein falsches, besch\u00e4digtes oder defektes Produkt erhalten hast, mache bitte Fotos vom Produkt und seiner Verpackung und sende sie an mira@mira.fi, damit wir die notwendigen Ma\u00dfnahmen zur Behebung der Situation ergreifen k\u00f6nnen.<\/p>\n<p>R\u00fcckerstattungen erfolgen erst, nachdem das Originalprodukt an Mira zur\u00fcckgesendet wurde. Wir erstatten das Geld immer \u00fcber die Zahlungsmethode, die du f\u00fcr deinen Online-Einkauf verwendet hast. Paypal-R\u00fcckerstattungen erfolgen \u00fcber Paypal und Online-Banking-Zahlungen erstatten wir auf dein Konto. In diesen F\u00e4llen werden wir dich um eine Kontonummer im IBAN-Format bitten, auf deren Grundlage das Geld auf das richtige Konto zur\u00fcck\u00fcberwiesen wird.   <\/p>\n<\/div>\n<\/div>\n<\/div>\n<div class=\"col-sm-5 column order-sm-1 lazyloaded\">\n<div class=\"column-wrapper content\">\n<div class=\"column-content\">\n<p><img decoding=\"async\" class=\"lazyload alignnone size-medium wp-image-4302\" src=\"https:\/\/web.archive.org\/web\/20250115165847im_\/https:\/\/www.mira.fi\/wp-content\/uploads\/IMG_8606-Edit-Edit-600x600.jpg\" data-orig-src=\"https:\/\/web.archive.org\/web\/20250115165847im_\/https:\/\/www.mira.fi\/wp-content\/uploads\/IMG_8606-Edit-Edit-600x600.jpg\" data-sizes=\"auto\" data-orig-sizes=\"(max-width: 600px) 100vw, 600px\" srcset=\"data:image\/svg+xml,%3Csvg%20xmlns%3D%27http%3A%2F%2Fwww.w3.org%2F2000%2Fsvg%27%20width%3D%27600%27%20height%3D%27600%27%20viewBox%3D%270%200%20600%20600%27%3E%3Crect%20width%3D%27600%27%20height%3D%27600%27%20fill-opacity%3D%220%22%2F%3E%3C%2Fsvg%3E\" data-srcset=\"https:\/\/web.archive.org\/web\/20250115165847im_\/https:\/\/www.mira.fi\/wp-content\/uploads\/IMG_8606-Edit-Edit-600x600.jpg 600w, https:\/\/web.archive.org\/web\/20250115165847im_\/https:\/\/www.mira.fi\/wp-content\/uploads\/IMG_8606-Edit-Edit-300x300.jpg 300w, https:\/\/web.archive.org\/web\/20250115165847im_\/https:\/\/www.mira.fi\/wp-content\/uploads\/IMG_8606-Edit-Edit-100x100.jpg 100w, https:\/\/web.archive.org\/web\/20250115165847im_\/https:\/\/www.mira.fi\/wp-content\/uploads\/IMG_8606-Edit-Edit-1100x1100.jpg 1100w, https:\/\/web.archive.org\/web\/20250115165847im_\/https:\/\/www.mira.fi\/wp-content\/uploads\/IMG_8606-Edit-Edit-768x768.jpg 768w, https:\/\/web.archive.org\/web\/20250115165847im_\/https:\/\/www.mira.fi\/wp-content\/uploads\/IMG_8606-Edit-Edit-1536x1536.jpg 1536w, https:\/\/web.archive.org\/web\/20250115165847im_\/https:\/\/www.mira.fi\/wp-content\/uploads\/IMG_8606-Edit-Edit.jpg 2048w\" alt=\"\" width=\"600\" height=\"600\"><\/p>\n<\/div>\n<\/div>\n<\/div>\n<\/div>\n<\/div>\n<\/div>\n<div class=\"container\">\n<div class=\"content-wrapper wrapper clearfix\">\n<div class=\" row clearfix\">\n<div class=\"col-sm-7 column lazyloaded\">\n<div class=\"column-wrapper content\">\n<div class=\"column-content\">\n<h2>R\u00dcCKGABERECHT F\u00dcR MASSGEFERTIGTE PRODUKTE<\/h2>\n<p>Bitte beachte, dass unsere ma\u00dfgefertigten Produkte vom Umtausch ausgeschlossen sind. Bitte beachte, dass alle Bestellungen f\u00fcr ma\u00dfgeschneiderte Kleidung nach Genehmigung des Modellbildes verbindlich sind und die Bestellung daher nachtr\u00e4glich nicht vollst\u00e4ndig storniert werden kann. Wenn du die Bestellung stornierst, nachdem das Bild gezeichnet wurde, hat Mira das Recht, dir die Material- und Arbeitskosten in Rechnung zu stellen, die in Miras Prozessen vor der Stornierung der Bestellung angefallen sind.  <\/p>\n<p>Mira m\u00f6chte jeden seiner Kunden zu 100 % zufriedenstellen und wird daher das Problem bei ma\u00dfgefertigten Kleidungsst\u00fccken gerne nachtr\u00e4glich beheben. Kontaktiere in diesem Fall bitte mira@mira.fi oder den H\u00e4ndler, \u00fcber den die urspr\u00fcngliche Bestellung aufgegeben wurde. <\/p>\n<p>Wenn du ein falsches, besch\u00e4digtes oder defektes Produkt erhalten hast, mache bitte Fotos vom Produkt und sende sie an mira@mira.fi, damit wir die notwendigen Ma\u00dfnahmen zur Behebung der Situation ergreifen k\u00f6nnen.<\/p>\n<\/div>\n<\/div>\n<\/div>\n<\/div>\n<\/div>\n<\/div>\n<\/section>\n","protected":false},"excerpt":{"rendered":"<p>R\u00dcCKGABERECHT F\u00dcR IM ONLINE-SHOP BESTELLTE PRODUKTE Wenn du mit deiner  [&#8230;]<\/p>\n","protected":false},"author":1,"featured_media":0,"parent":0,"menu_order":0,"comment_status":"closed","ping_status":"closed","template":"","meta":{"footnotes":""},"class_list":["post-7818","page","type-page","status-publish","hentry"],"yoast_head":"<!-- This site is optimized with the Yoast SEO plugin v27.5 - https:\/\/yoast.com\/product\/yoast-seo-wordpress\/ -->\n<title>R\u00fcckgaberecht - Mira-Tex Oy<\/title>\n<meta name=\"robots\" content=\"index, follow, max-snippet:-1, max-image-preview:large, max-video-preview:-1\" \/>\n<link rel=\"canonical\" href=\"https:\/\/www.mira.fi\/ruckgaberecht\/\" \/>\n<meta property=\"og:locale\" content=\"de_DE\" \/>\n<meta property=\"og:type\" content=\"article\" \/>\n<meta property=\"og:title\" content=\"R\u00fcckgaberecht - Mira-Tex Oy\" \/>\n<meta property=\"og:description\" content=\"R\u00dcCKGABERECHT F\u00dcR IM ONLINE-SHOP BESTELLTE PRODUKTE Wenn du mit deiner [...]\" \/>\n<meta property=\"og:url\" content=\"https:\/\/www.mira.fi\/ruckgaberecht\/\" \/>\n<meta property=\"og:site_name\" content=\"Mira-Tex Oy\" \/>\n<meta property=\"og:image\" content=\"https:\/\/www.mira.fi\/wp-content\/uploads\/IMG_8606-Edit-Edit.jpg\" \/>\n\t<meta property=\"og:image:width\" content=\"2048\" \/>\n\t<meta property=\"og:image:height\" content=\"2048\" \/>\n\t<meta property=\"og:image:type\" content=\"image\/jpeg\" \/>\n<meta name=\"twitter:card\" content=\"summary_large_image\" \/>\n<meta name=\"twitter:label1\" content=\"Gesch\u00e4tzte Lesezeit\" \/>\n\t<meta name=\"twitter:data1\" content=\"2\u00a0Minuten\" \/>\n<script type=\"application\/ld+json\" class=\"yoast-schema-graph\">{\"@context\":\"https:\\\/\\\/schema.org\",\"@graph\":[{\"@type\":\"WebPage\",\"@id\":\"https:\\\/\\\/www.mira.fi\\\/ruckgaberecht\\\/\",\"url\":\"https:\\\/\\\/www.mira.fi\\\/ruckgaberecht\\\/\",\"name\":\"R\u00fcckgaberecht - Mira-Tex Oy\",\"isPartOf\":{\"@id\":\"https:\\\/\\\/www.mira.fi\\\/#website\"},\"primaryImageOfPage\":{\"@id\":\"https:\\\/\\\/www.mira.fi\\\/ruckgaberecht\\\/#primaryimage\"},\"image\":{\"@id\":\"https:\\\/\\\/www.mira.fi\\\/ruckgaberecht\\\/#primaryimage\"},\"thumbnailUrl\":\"https:\\\/\\\/web.archive.org\\\/web\\\/20250115165847im_\\\/https:\\\/\\\/www.mira.fi\\\/wp-content\\\/uploads\\\/IMG_8606-Edit-Edit-600x600.jpg\",\"datePublished\":\"2021-03-03T20:50:23+00:00\",\"breadcrumb\":{\"@id\":\"https:\\\/\\\/www.mira.fi\\\/ruckgaberecht\\\/#breadcrumb\"},\"inLanguage\":\"de\",\"potentialAction\":[{\"@type\":\"ReadAction\",\"target\":[\"https:\\\/\\\/www.mira.fi\\\/ruckgaberecht\\\/\"]}]},{\"@type\":\"ImageObject\",\"inLanguage\":\"de\",\"@id\":\"https:\\\/\\\/www.mira.fi\\\/ruckgaberecht\\\/#primaryimage\",\"url\":\"https:\\\/\\\/web.archive.org\\\/web\\\/20250115165847im_\\\/https:\\\/\\\/www.mira.fi\\\/wp-content\\\/uploads\\\/IMG_8606-Edit-Edit-600x600.jpg\",\"contentUrl\":\"https:\\\/\\\/web.archive.org\\\/web\\\/20250115165847im_\\\/https:\\\/\\\/www.mira.fi\\\/wp-content\\\/uploads\\\/IMG_8606-Edit-Edit-600x600.jpg\"},{\"@type\":\"BreadcrumbList\",\"@id\":\"https:\\\/\\\/www.mira.fi\\\/ruckgaberecht\\\/#breadcrumb\",\"itemListElement\":[{\"@type\":\"ListItem\",\"position\":1,\"name\":\"Etusivu\",\"item\":\"https:\\\/\\\/www.mira.fi\\\/de\\\/massgeschneidert\\\/\"},{\"@type\":\"ListItem\",\"position\":2,\"name\":\"R\u00fcckgaberecht\"}]},{\"@type\":\"WebSite\",\"@id\":\"https:\\\/\\\/www.mira.fi\\\/#website\",\"url\":\"https:\\\/\\\/www.mira.fi\\\/\",\"name\":\"Mira-Tex Oy\",\"description\":\"F\u00fchrender Hersteller von Pferderennsportbekleidung\",\"publisher\":{\"@id\":\"https:\\\/\\\/www.mira.fi\\\/#organization\"},\"potentialAction\":[{\"@type\":\"SearchAction\",\"target\":{\"@type\":\"EntryPoint\",\"urlTemplate\":\"https:\\\/\\\/www.mira.fi\\\/?s={search_term_string}\"},\"query-input\":{\"@type\":\"PropertyValueSpecification\",\"valueRequired\":true,\"valueName\":\"search_term_string\"}}],\"inLanguage\":\"de\"},{\"@type\":\"Organization\",\"@id\":\"https:\\\/\\\/www.mira.fi\\\/#organization\",\"name\":\"Mira-Tex Oy\",\"url\":\"https:\\\/\\\/www.mira.fi\\\/\",\"logo\":{\"@type\":\"ImageObject\",\"inLanguage\":\"de\",\"@id\":\"https:\\\/\\\/www.mira.fi\\\/#\\\/schema\\\/logo\\\/image\\\/\",\"url\":\"https:\\\/\\\/www.mira.fi\\\/wp-content\\\/uploads\\\/favicon.png\",\"contentUrl\":\"https:\\\/\\\/www.mira.fi\\\/wp-content\\\/uploads\\\/favicon.png\",\"width\":600,\"height\":600,\"caption\":\"Mira-Tex Oy\"},\"image\":{\"@id\":\"https:\\\/\\\/www.mira.fi\\\/#\\\/schema\\\/logo\\\/image\\\/\"}}]}<\/script>\n<!-- \/ Yoast SEO plugin. -->","yoast_head_json":{"title":"R\u00fcckgaberecht - Mira-Tex Oy","robots":{"index":"index","follow":"follow","max-snippet":"max-snippet:-1","max-image-preview":"max-image-preview:large","max-video-preview":"max-video-preview:-1"},"canonical":"https:\/\/www.mira.fi\/ruckgaberecht\/","og_locale":"de_DE","og_type":"article","og_title":"R\u00fcckgaberecht - Mira-Tex Oy","og_description":"R\u00dcCKGABERECHT F\u00dcR IM ONLINE-SHOP BESTELLTE PRODUKTE Wenn du mit deiner [...]","og_url":"https:\/\/www.mira.fi\/ruckgaberecht\/","og_site_name":"Mira-Tex Oy","og_image":[{"width":2048,"height":2048,"url":"https:\/\/www.mira.fi\/wp-content\/uploads\/IMG_8606-Edit-Edit.jpg","type":"image\/jpeg"}],"twitter_card":"summary_large_image","twitter_misc":{"Gesch\u00e4tzte Lesezeit":"2\u00a0Minuten"},"schema":{"@context":"https:\/\/schema.org","@graph":[{"@type":"WebPage","@id":"https:\/\/www.mira.fi\/ruckgaberecht\/","url":"https:\/\/www.mira.fi\/ruckgaberecht\/","name":"R\u00fcckgaberecht - Mira-Tex Oy","isPartOf":{"@id":"https:\/\/www.mira.fi\/#website"},"primaryImageOfPage":{"@id":"https:\/\/www.mira.fi\/ruckgaberecht\/#primaryimage"},"image":{"@id":"https:\/\/www.mira.fi\/ruckgaberecht\/#primaryimage"},"thumbnailUrl":"https:\/\/web.archive.org\/web\/20250115165847im_\/https:\/\/www.mira.fi\/wp-content\/uploads\/IMG_8606-Edit-Edit-600x600.jpg","datePublished":"2021-03-03T20:50:23+00:00","breadcrumb":{"@id":"https:\/\/www.mira.fi\/ruckgaberecht\/#breadcrumb"},"inLanguage":"de","potentialAction":[{"@type":"ReadAction","target":["https:\/\/www.mira.fi\/ruckgaberecht\/"]}]},{"@type":"ImageObject","inLanguage":"de","@id":"https:\/\/www.mira.fi\/ruckgaberecht\/#primaryimage","url":"https:\/\/web.archive.org\/web\/20250115165847im_\/https:\/\/www.mira.fi\/wp-content\/uploads\/IMG_8606-Edit-Edit-600x600.jpg","contentUrl":"https:\/\/web.archive.org\/web\/20250115165847im_\/https:\/\/www.mira.fi\/wp-content\/uploads\/IMG_8606-Edit-Edit-600x600.jpg"},{"@type":"BreadcrumbList","@id":"https:\/\/www.mira.fi\/ruckgaberecht\/#breadcrumb","itemListElement":[{"@type":"ListItem","position":1,"name":"Etusivu","item":"https:\/\/www.mira.fi\/de\/massgeschneidert\/"},{"@type":"ListItem","position":2,"name":"R\u00fcckgaberecht"}]},{"@type":"WebSite","@id":"https:\/\/www.mira.fi\/#website","url":"https:\/\/www.mira.fi\/","name":"Mira-Tex Oy","description":"F\u00fchrender Hersteller von Pferderennsportbekleidung","publisher":{"@id":"https:\/\/www.mira.fi\/#organization"},"potentialAction":[{"@type":"SearchAction","target":{"@type":"EntryPoint","urlTemplate":"https:\/\/www.mira.fi\/?s={search_term_string}"},"query-input":{"@type":"PropertyValueSpecification","valueRequired":true,"valueName":"search_term_string"}}],"inLanguage":"de"},{"@type":"Organization","@id":"https:\/\/www.mira.fi\/#organization","name":"Mira-Tex Oy","url":"https:\/\/www.mira.fi\/","logo":{"@type":"ImageObject","inLanguage":"de","@id":"https:\/\/www.mira.fi\/#\/schema\/logo\/image\/","url":"https:\/\/www.mira.fi\/wp-content\/uploads\/favicon.png","contentUrl":"https:\/\/www.mira.fi\/wp-content\/uploads\/favicon.png","width":600,"height":600,"caption":"Mira-Tex Oy"},"image":{"@id":"https:\/\/www.mira.fi\/#\/schema\/logo\/image\/"}}]}},"_links":{"self":[{"href":"https:\/\/www.mira.fi\/de\/wp-json\/wp\/v2\/pages\/7818","targetHints":{"allow":["GET"]}}],"collection":[{"href":"https:\/\/www.mira.fi\/de\/wp-json\/wp\/v2\/pages"}],"about":[{"href":"https:\/\/www.mira.fi\/de\/wp-json\/wp\/v2\/types\/page"}],"author":[{"embeddable":true,"href":"https:\/\/www.mira.fi\/de\/wp-json\/wp\/v2\/users\/1"}],"replies":[{"embeddable":true,"href":"https:\/\/www.mira.fi\/de\/wp-json\/wp\/v2\/comments?post=7818"}],"version-history":[{"count":0,"href":"https:\/\/www.mira.fi\/de\/wp-json\/wp\/v2\/pages\/7818\/revisions"}],"wp:attachment":[{"href":"https:\/\/www.mira.fi\/de\/wp-json\/wp\/v2\/media?parent=7818"}],"curies":[{"name":"wp","href":"https:\/\/api.w.org\/{rel}","templated":true}]}}