{"id":7912,"date":"2021-03-03T22:58:24","date_gmt":"2021-03-03T20:58:24","guid":{"rendered":"https:\/\/www.mira.fi\/faq\/"},"modified":"2021-03-03T22:58:24","modified_gmt":"2021-03-03T20:58:24","slug":"faq","status":"publish","type":"page","link":"https:\/\/www.mira.fi\/de\/faq\/","title":{"rendered":"FAQ"},"content":{"rendered":"<div class=\"col-sm-12 column pad-bottom-2em border-bottom\">\n<div class=\"column-wrapper content\">\n<div class=\"column-content\">\n<h3>1. Wie erfahre ich den Preis f\u00fcr mein ma\u00dfgefertigtes Produkt?<\/h3>\n<p>MIRA-Sonderanfertigungen haben einen Grundpreis, der von der Anzahl der Farben unabh\u00e4ngig ist. Der Grundpreis richtet sich nach der Art der Kleidung, z. B. hat eine Sommerjacke ihren eigenen Preis. Jede Stickerei, wie z. B. Sponsorenlogos, \u00c4rmelinitialen, Sterne usw., erh\u00f6ht den Preis des Produkts, ebenso wie alle anderen zus\u00e4tzlichen Arbeiten wie z. B. abzippbare \u00c4rmel. Aus diesem Grund sollten Sie immer eine Nachricht an unseren Kundenservice mira@mira.fi senden, wo Sie ein Angebot f\u00fcr Ihren Anzug erhalten. Denken Sie daran, MIRA mitzuteilen, f\u00fcr welche Jahreszeit Sie Ihre Kleidung w\u00fcnschen, welche Details Sie f\u00fcr Ihre Kleidung w\u00fcnschen, und senden Sie ein Bild Ihres aktuellen Kleidungsst\u00fccks, damit der genaue Preis angegeben werden kann.    <\/p>\n<\/div>\n<\/div>\n<\/div>\n<div class=\"col-sm-12 column pad-top-2em pad-bottom-2em border-bottom lazyloaded\">\n<div class=\"column-wrapper content\">\n<div class=\"column-content\">\n<h3>2. Ich habe gerade mein neues, ma\u00dfgefertigtes Kleidungsst\u00fcck erhalten, aber es gibt einige Passformprobleme?<\/h3>\n<p>MIRA m\u00f6chte seine Kunden stets bestm\u00f6glich bedienen. Unser Ziel ist ein 100% zufriedener Kunde. Wenn ein ma\u00dfgefertigter Anzug Passformprobleme hat, m\u00f6chten wir dies immer wissen. Bitte senden Sie Fotos von Ihnen, auf denen Sie das Produkt tragen, an mira@mira.fi. Dies wird unseren erfahrenen Schnittmachern helfen, herauszufinden, wie viele \u00c4nderungen an dem Kleidungsst\u00fcck vorgenommen werden m\u00fcssen. Bitten Sie Ihren H\u00e4ndler, den Anzug an MIRA zur\u00fcckzusenden, und wir werden ihn unverz\u00fcglich auf die richtige Gr\u00f6\u00dfe \u00e4ndern.     <\/p>\n<p>Wenn der Anzug in Standardgr\u00f6\u00dfe und nicht in Sondergr\u00f6\u00dfe bestellt wurde, berechnen wir Ihnen 40 \u20ac \/ Stunde f\u00fcr die \u00c4nderung<\/p>\n<p>Wenn der erhaltene Anzug aufgrund eines Herstellungsfehlers von MIRA defekt ist, wenden Sie sich bitte an den H\u00e4ndler, bei dem Sie den Anzug bestellt haben. Der Anzug sollte an MIRA zur\u00fcckgesandt werden, wo wir unseren Fehler beheben werden. <\/p>\n<\/div>\n<\/div>\n<\/div>\n<div class=\"col-sm-12 column pad-top-2em pad-bottom-2em border-bottom lazyloaded\">\n<div class=\"column-wrapper content\">\n<div class=\"column-content\">\n<h3>3. Mein Anzug ist kaputt, was soll ich tun?<\/h3>\n<p>MIRA-Kleidung ist auf Langlebigkeit ausgelegt und wird daher aus den bestm\u00f6glichen Materialien hergestellt. Leider kommt es manchmal vor, dass der Anzug, den Sie gerade erhalten haben, durch einen Unfall kaputt geht. In diesem Fall ist es m\u00f6glich, den Anzug an MIRA zur\u00fcckzusenden, wo wir ihn mit den Originalmaterialien reparieren. Der Stundensatz f\u00fcr Reparaturen betr\u00e4gt 40 \u20ac \/ Stunde.   <\/p>\n<\/div>\n<\/div>\n<\/div>\n<div class=\"col-sm-12 column pad-top-2em lazyloaded\">\n<div class=\"column-wrapper content\">\n<div class=\"column-content\">\n<h3>4. Mein alter Anzug ist noch tragbar, aber mein pers\u00f6nlicher Sponsor \u00e4ndert sich. Ist es m\u00f6glich, Logos auf dem alten Anzug zu \u00e4ndern? <\/h3>\n<p>MIRA tauscht Ihre Logos problemlos aus! Senden Sie uns das neue Sponsorenlogo als JPG- oder PDF-Datei und wir erstellen das Logo-Stickprogramm. Bitte senden Sie uns Ihren alten Anzug mit Anweisungen, welche Logos entfernt oder abgedeckt werden sollen und wo die neuen Logos platziert werden sollen.<x id=\"gid_0\"><\/x>Bitte beachten Sie, dass wir die Kosten f\u00fcr die Stickprogrammierung und die Stickarbeiten f\u00fcr Sponsorenlogos berechnen. Wenn wir alte Logos entfernen m\u00fcssen, berechnen wir einen Stundensatz von 40 \u20ac \/ Stunde.     <\/p>\n<\/div>\n<\/div>\n<\/div>\n","protected":false},"excerpt":{"rendered":"<p>1. Wie erfahre ich den Preis f\u00fcr mein ma\u00dfgefertigtes Produkt?  [&#8230;]<\/p>\n","protected":false},"author":1,"featured_media":0,"parent":0,"menu_order":0,"comment_status":"closed","ping_status":"closed","template":"","meta":{"footnotes":""},"class_list":["post-7912","page","type-page","status-publish","hentry"],"yoast_head":"<!-- This site is optimized with the Yoast SEO plugin v27.4 - https:\/\/yoast.com\/product\/yoast-seo-wordpress\/ -->\n<title>FAQ - Mira-Tex Oy<\/title>\n<meta name=\"robots\" content=\"index, follow, max-snippet:-1, max-image-preview:large, max-video-preview:-1\" \/>\n<link rel=\"canonical\" href=\"https:\/\/www.mira.fi\/faq\/\" \/>\n<meta property=\"og:locale\" content=\"de_DE\" \/>\n<meta property=\"og:type\" content=\"article\" \/>\n<meta property=\"og:title\" content=\"FAQ - Mira-Tex Oy\" \/>\n<meta property=\"og:description\" content=\"1. Wie erfahre ich den Preis f\u00fcr mein ma\u00dfgefertigtes Produkt? [...]\" \/>\n<meta property=\"og:url\" content=\"https:\/\/www.mira.fi\/faq\/\" \/>\n<meta property=\"og:site_name\" content=\"Mira-Tex Oy\" \/>\n<meta name=\"twitter:card\" content=\"summary_large_image\" \/>\n<meta name=\"twitter:label1\" content=\"Gesch\u00e4tzte Lesezeit\" \/>\n\t<meta name=\"twitter:data1\" content=\"2\u00a0Minuten\" \/>\n<script type=\"application\/ld+json\" class=\"yoast-schema-graph\">{\"@context\":\"https:\\\/\\\/schema.org\",\"@graph\":[{\"@type\":\"WebPage\",\"@id\":\"https:\\\/\\\/www.mira.fi\\\/faq\\\/\",\"url\":\"https:\\\/\\\/www.mira.fi\\\/faq\\\/\",\"name\":\"FAQ - Mira-Tex Oy\",\"isPartOf\":{\"@id\":\"https:\\\/\\\/www.mira.fi\\\/#website\"},\"datePublished\":\"2021-03-03T20:58:24+00:00\",\"breadcrumb\":{\"@id\":\"https:\\\/\\\/www.mira.fi\\\/faq\\\/#breadcrumb\"},\"inLanguage\":\"de\",\"potentialAction\":[{\"@type\":\"ReadAction\",\"target\":[\"https:\\\/\\\/www.mira.fi\\\/faq\\\/\"]}]},{\"@type\":\"BreadcrumbList\",\"@id\":\"https:\\\/\\\/www.mira.fi\\\/faq\\\/#breadcrumb\",\"itemListElement\":[{\"@type\":\"ListItem\",\"position\":1,\"name\":\"Etusivu\",\"item\":\"https:\\\/\\\/www.mira.fi\\\/de\\\/massgeschneidert\\\/\"},{\"@type\":\"ListItem\",\"position\":2,\"name\":\"FAQ\"}]},{\"@type\":\"WebSite\",\"@id\":\"https:\\\/\\\/www.mira.fi\\\/#website\",\"url\":\"https:\\\/\\\/www.mira.fi\\\/\",\"name\":\"Mira-Tex Oy\",\"description\":\"F\u00fchrender Hersteller von Pferderennsportbekleidung\",\"publisher\":{\"@id\":\"https:\\\/\\\/www.mira.fi\\\/#organization\"},\"potentialAction\":[{\"@type\":\"SearchAction\",\"target\":{\"@type\":\"EntryPoint\",\"urlTemplate\":\"https:\\\/\\\/www.mira.fi\\\/?s={search_term_string}\"},\"query-input\":{\"@type\":\"PropertyValueSpecification\",\"valueRequired\":true,\"valueName\":\"search_term_string\"}}],\"inLanguage\":\"de\"},{\"@type\":\"Organization\",\"@id\":\"https:\\\/\\\/www.mira.fi\\\/#organization\",\"name\":\"Mira-Tex Oy\",\"url\":\"https:\\\/\\\/www.mira.fi\\\/\",\"logo\":{\"@type\":\"ImageObject\",\"inLanguage\":\"de\",\"@id\":\"https:\\\/\\\/www.mira.fi\\\/#\\\/schema\\\/logo\\\/image\\\/\",\"url\":\"https:\\\/\\\/www.mira.fi\\\/wp-content\\\/uploads\\\/favicon.png\",\"contentUrl\":\"https:\\\/\\\/www.mira.fi\\\/wp-content\\\/uploads\\\/favicon.png\",\"width\":600,\"height\":600,\"caption\":\"Mira-Tex Oy\"},\"image\":{\"@id\":\"https:\\\/\\\/www.mira.fi\\\/#\\\/schema\\\/logo\\\/image\\\/\"}}]}<\/script>\n<!-- \/ Yoast SEO plugin. -->","yoast_head_json":{"title":"FAQ - Mira-Tex Oy","robots":{"index":"index","follow":"follow","max-snippet":"max-snippet:-1","max-image-preview":"max-image-preview:large","max-video-preview":"max-video-preview:-1"},"canonical":"https:\/\/www.mira.fi\/faq\/","og_locale":"de_DE","og_type":"article","og_title":"FAQ - Mira-Tex Oy","og_description":"1. Wie erfahre ich den Preis f\u00fcr mein ma\u00dfgefertigtes Produkt? [...]","og_url":"https:\/\/www.mira.fi\/faq\/","og_site_name":"Mira-Tex Oy","twitter_card":"summary_large_image","twitter_misc":{"Gesch\u00e4tzte Lesezeit":"2\u00a0Minuten"},"schema":{"@context":"https:\/\/schema.org","@graph":[{"@type":"WebPage","@id":"https:\/\/www.mira.fi\/faq\/","url":"https:\/\/www.mira.fi\/faq\/","name":"FAQ - Mira-Tex Oy","isPartOf":{"@id":"https:\/\/www.mira.fi\/#website"},"datePublished":"2021-03-03T20:58:24+00:00","breadcrumb":{"@id":"https:\/\/www.mira.fi\/faq\/#breadcrumb"},"inLanguage":"de","potentialAction":[{"@type":"ReadAction","target":["https:\/\/www.mira.fi\/faq\/"]}]},{"@type":"BreadcrumbList","@id":"https:\/\/www.mira.fi\/faq\/#breadcrumb","itemListElement":[{"@type":"ListItem","position":1,"name":"Etusivu","item":"https:\/\/www.mira.fi\/de\/massgeschneidert\/"},{"@type":"ListItem","position":2,"name":"FAQ"}]},{"@type":"WebSite","@id":"https:\/\/www.mira.fi\/#website","url":"https:\/\/www.mira.fi\/","name":"Mira-Tex Oy","description":"F\u00fchrender Hersteller von Pferderennsportbekleidung","publisher":{"@id":"https:\/\/www.mira.fi\/#organization"},"potentialAction":[{"@type":"SearchAction","target":{"@type":"EntryPoint","urlTemplate":"https:\/\/www.mira.fi\/?s={search_term_string}"},"query-input":{"@type":"PropertyValueSpecification","valueRequired":true,"valueName":"search_term_string"}}],"inLanguage":"de"},{"@type":"Organization","@id":"https:\/\/www.mira.fi\/#organization","name":"Mira-Tex Oy","url":"https:\/\/www.mira.fi\/","logo":{"@type":"ImageObject","inLanguage":"de","@id":"https:\/\/www.mira.fi\/#\/schema\/logo\/image\/","url":"https:\/\/www.mira.fi\/wp-content\/uploads\/favicon.png","contentUrl":"https:\/\/www.mira.fi\/wp-content\/uploads\/favicon.png","width":600,"height":600,"caption":"Mira-Tex Oy"},"image":{"@id":"https:\/\/www.mira.fi\/#\/schema\/logo\/image\/"}}]}},"_links":{"self":[{"href":"https:\/\/www.mira.fi\/de\/wp-json\/wp\/v2\/pages\/7912","targetHints":{"allow":["GET"]}}],"collection":[{"href":"https:\/\/www.mira.fi\/de\/wp-json\/wp\/v2\/pages"}],"about":[{"href":"https:\/\/www.mira.fi\/de\/wp-json\/wp\/v2\/types\/page"}],"author":[{"embeddable":true,"href":"https:\/\/www.mira.fi\/de\/wp-json\/wp\/v2\/users\/1"}],"replies":[{"embeddable":true,"href":"https:\/\/www.mira.fi\/de\/wp-json\/wp\/v2\/comments?post=7912"}],"version-history":[{"count":0,"href":"https:\/\/www.mira.fi\/de\/wp-json\/wp\/v2\/pages\/7912\/revisions"}],"wp:attachment":[{"href":"https:\/\/www.mira.fi\/de\/wp-json\/wp\/v2\/media?parent=7912"}],"curies":[{"name":"wp","href":"https:\/\/api.w.org\/{rel}","templated":true}]}}