{"id":10963,"date":"2026-01-20T11:40:39","date_gmt":"2026-01-20T09:40:39","guid":{"rendered":"https:\/\/www.mira.fi\/?post_type=product&#038;p=10963"},"modified":"2026-01-20T12:01:12","modified_gmt":"2026-01-20T10:01:12","slug":"lzr-3-copy","status":"publish","type":"product","link":"https:\/\/www.mira.fi\/de\/product\/lzr-3-copy\/","title":{"rendered":"LZR 3 (Copy)"},"content":{"rendered":"<p><strong>LZR 3 R\u00e4der<\/strong><\/p>\n<p data-end=\"539\" data-start=\"225\">Die <strong data-end=\"238\" data-start=\"229\">LZR 3<\/strong> Sulky-R\u00e4der sind f\u00fcr Fahrer konzipiert, die Wert auf <strong data-end=\"335\" data-start=\"287\">geringes Gewicht, Effizienz und pr\u00e4zises Handling<\/strong> im Wettkampf-Trabrennsport legen. Mit einer <strong data-end=\"414\" data-start=\"379\">Vollcarbonfaser-Konstruktion<\/strong> bieten diese R\u00e4der ein ausgezeichnetes Gleichgewicht zwischen reduziertem Gewicht und struktureller Steifigkeit f\u00fcr hohe Leistung auf der Rennbahn. <\/p>\n<p data-end=\"814\" data-start=\"541\">Die <strong data-end=\"1099\" data-start=\"1060\">einteilige Kohlefaser-Konstruktion<\/strong> der LZR 3 R\u00e4der betont eine leichte und steife Struktur, die zu einer konstanten Leistung und Stabilit\u00e4t im Wettkampf-Trabrennsport beitr\u00e4gt.<\/p>\n<p data-end=\"1043\" data-start=\"816\"><strong data-end=\"850\" data-start=\"816\">Hauptmerkmale &amp; Spezifikationen:<\/strong><\/p>\n<ul>\n<li data-end=\"1149\" data-start=\"1045\"><strong data-end=\"1073\" data-start=\"1047\">28-Zoll-Raddurchmesser<\/strong><br data-end=\"1076\" data-start=\"1073\">\u2022 <strong data-end=\"1100\" data-start=\"1078\">Erh\u00e4ltlich in Schwarz<\/strong><\/li>\n<\/ul>\n<p data-end=\"1268\" data-start=\"1151\">Die LZR 3 R\u00e4der sind eine ideale Option f\u00fcr Profis, die <strong data-end=\"1267\" data-start=\"1214\">Leichtbauweise mit Zuverl\u00e4ssigkeit<\/strong> suchen.<\/p>\n<p data-end=\"1268\" data-start=\"1151\">Preis pro Paar. Kontaktiere uns f\u00fcr Einzelradk\u00e4ufe <\/p>\n","protected":false},"excerpt":{"rendered":"<p>Die <strong data-end=\"238\" data-start=\"229\">LZR 3<\/strong> Sulky-R\u00e4der sind f\u00fcr Fahrer konzipiert, die Wert auf <strong data-end=\"335\" data-start=\"287\">geringes Gewicht, Effizienz und pr\u00e4zises Handling<\/strong> im Wettkampf-Trabrennsport legen. Mit einer <strong data-end=\"414\" data-start=\"379\">Vollcarbonfaser-Konstruktion<\/strong> bieten diese R\u00e4der ein ausgezeichnetes Gleichgewicht zwischen reduziertem Gewicht und struktureller Steifigkeit f\u00fcr hohe Leistung auf der Rennbahn. <\/p>\n","protected":false},"featured_media":10969,"template":"","meta":[],"product_brand":[],"product_cat":[1884,1889],"product_tag":[],"class_list":{"0":"post-10963","1":"product","2":"type-product","3":"status-publish","4":"has-post-thumbnail","6":"product_cat-zubehoer","7":"product_cat-angebote","9":"first","10":"outofstock","11":"taxable","12":"shipping-taxable","13":"purchasable","14":"product-type-simple"},"yoast_head":"<!-- This site is optimized with the Yoast SEO plugin v27.5 - https:\/\/yoast.com\/product\/yoast-seo-wordpress\/ -->\n<title>LZR 3 (Copy) - Mira-Tex Oy<\/title>\n<meta name=\"description\" content=\"Amerikanischer Komplettgurt des Herstellers Mast f\u00fcr Trabrennpferde. Mast stellt seit \u00fcber 50 Jahren Produkte f\u00fcr Top-Marken (u. a. Wahls) im Hintergrund her und bietet nun hochwertige Gurte unter eigenem Namen an.\" \/>\n<meta name=\"robots\" content=\"index, follow, max-snippet:-1, max-image-preview:large, max-video-preview:-1\" \/>\n<link rel=\"canonical\" href=\"https:\/\/www.mira.fi\/de\/product\/lzr-3-copy\/\" \/>\n<meta property=\"og:locale\" content=\"de_DE\" \/>\n<meta property=\"og:type\" content=\"article\" \/>\n<meta property=\"og:title\" content=\"LZR 3 (Copy) - Mira-Tex Oy\" \/>\n<meta property=\"og:description\" content=\"Amerikanischer Komplettgurt des Herstellers Mast f\u00fcr Trabrennpferde. Mast stellt seit \u00fcber 50 Jahren Produkte f\u00fcr Top-Marken (u. a. Wahls) im Hintergrund her und bietet nun hochwertige Gurte unter eigenem Namen an.\" \/>\n<meta property=\"og:url\" content=\"https:\/\/www.mira.fi\/de\/product\/lzr-3-copy\/\" \/>\n<meta property=\"og:site_name\" content=\"Mira-Tex Oy\" \/>\n<meta property=\"article:modified_time\" content=\"2026-01-20T10:01:12+00:00\" \/>\n<meta name=\"twitter:card\" content=\"summary_large_image\" \/>\n<meta name=\"twitter:label1\" content=\"Gesch\u00e4tzte Lesezeit\" \/>\n\t<meta name=\"twitter:data1\" content=\"1\u00a0Minute\" \/>\n<script type=\"application\/ld+json\" class=\"yoast-schema-graph\">{\"@context\":\"https:\\\/\\\/schema.org\",\"@graph\":[{\"@type\":\"WebPage\",\"@id\":\"https:\\\/\\\/www.mira.fi\\\/de\\\/product\\\/lzr-3-copy\\\/\",\"url\":\"https:\\\/\\\/www.mira.fi\\\/de\\\/product\\\/lzr-3-copy\\\/\",\"name\":\"LZR 3 (Copy) - Mira-Tex Oy\",\"isPartOf\":{\"@id\":\"https:\\\/\\\/www.mira.fi\\\/#website\"},\"primaryImageOfPage\":{\"@id\":\"https:\\\/\\\/www.mira.fi\\\/de\\\/product\\\/lzr-3-copy\\\/#primaryimage\"},\"image\":{\"@id\":\"https:\\\/\\\/www.mira.fi\\\/de\\\/product\\\/lzr-3-copy\\\/#primaryimage\"},\"thumbnailUrl\":\"https:\\\/\\\/www.mira.fi\\\/wp-content\\\/uploads\\\/timergps-plus2-1.png\",\"datePublished\":\"2026-01-20T09:40:39+00:00\",\"dateModified\":\"2026-01-20T10:01:12+00:00\",\"description\":\"Amerikanischer Komplettgurt des Herstellers Mast f\u00fcr Trabrennpferde. Mast stellt seit \u00fcber 50 Jahren Produkte f\u00fcr Top-Marken (u. a. Wahls) im Hintergrund her und bietet nun hochwertige Gurte unter eigenem Namen an.\",\"breadcrumb\":{\"@id\":\"https:\\\/\\\/www.mira.fi\\\/de\\\/product\\\/lzr-3-copy\\\/#breadcrumb\"},\"inLanguage\":\"de\",\"potentialAction\":[{\"@type\":\"ReadAction\",\"target\":[\"https:\\\/\\\/www.mira.fi\\\/de\\\/product\\\/lzr-3-copy\\\/\"]}]},{\"@type\":\"ImageObject\",\"inLanguage\":\"de\",\"@id\":\"https:\\\/\\\/www.mira.fi\\\/de\\\/product\\\/lzr-3-copy\\\/#primaryimage\",\"url\":\"https:\\\/\\\/www.mira.fi\\\/wp-content\\\/uploads\\\/timergps-plus2-1.png\",\"contentUrl\":\"https:\\\/\\\/www.mira.fi\\\/wp-content\\\/uploads\\\/timergps-plus2-1.png\",\"width\":1080,\"height\":1080},{\"@type\":\"BreadcrumbList\",\"@id\":\"https:\\\/\\\/www.mira.fi\\\/de\\\/product\\\/lzr-3-copy\\\/#breadcrumb\",\"itemListElement\":[{\"@type\":\"ListItem\",\"position\":1,\"name\":\"Etusivu\",\"item\":\"https:\\\/\\\/www.mira.fi\\\/de\\\/massgeschneidert\\\/\"},{\"@type\":\"ListItem\",\"position\":2,\"name\":\"Shop\",\"item\":\"https:\\\/\\\/www.mira.fi\\\/de\\\/shop\\\/\"},{\"@type\":\"ListItem\",\"position\":3,\"name\":\"LZR 3 (Copy)\"}]},{\"@type\":\"WebSite\",\"@id\":\"https:\\\/\\\/www.mira.fi\\\/#website\",\"url\":\"https:\\\/\\\/www.mira.fi\\\/\",\"name\":\"Mira-Tex Oy\",\"description\":\"F\u00fchrender Hersteller von Pferderennsportbekleidung\",\"publisher\":{\"@id\":\"https:\\\/\\\/www.mira.fi\\\/#organization\"},\"potentialAction\":[{\"@type\":\"SearchAction\",\"target\":{\"@type\":\"EntryPoint\",\"urlTemplate\":\"https:\\\/\\\/www.mira.fi\\\/?s={search_term_string}\"},\"query-input\":{\"@type\":\"PropertyValueSpecification\",\"valueRequired\":true,\"valueName\":\"search_term_string\"}}],\"inLanguage\":\"de\"},{\"@type\":\"Organization\",\"@id\":\"https:\\\/\\\/www.mira.fi\\\/#organization\",\"name\":\"Mira-Tex Oy\",\"url\":\"https:\\\/\\\/www.mira.fi\\\/\",\"logo\":{\"@type\":\"ImageObject\",\"inLanguage\":\"de\",\"@id\":\"https:\\\/\\\/www.mira.fi\\\/#\\\/schema\\\/logo\\\/image\\\/\",\"url\":\"https:\\\/\\\/www.mira.fi\\\/wp-content\\\/uploads\\\/favicon.png\",\"contentUrl\":\"https:\\\/\\\/www.mira.fi\\\/wp-content\\\/uploads\\\/favicon.png\",\"width\":600,\"height\":600,\"caption\":\"Mira-Tex Oy\"},\"image\":{\"@id\":\"https:\\\/\\\/www.mira.fi\\\/#\\\/schema\\\/logo\\\/image\\\/\"}}]}<\/script>\n<!-- \/ Yoast SEO plugin. -->","yoast_head_json":{"title":"LZR 3 (Copy) - Mira-Tex Oy","description":"Amerikanischer Komplettgurt des Herstellers Mast f\u00fcr Trabrennpferde. Mast stellt seit \u00fcber 50 Jahren Produkte f\u00fcr Top-Marken (u. a. Wahls) im Hintergrund her und bietet nun hochwertige Gurte unter eigenem Namen an.","robots":{"index":"index","follow":"follow","max-snippet":"max-snippet:-1","max-image-preview":"max-image-preview:large","max-video-preview":"max-video-preview:-1"},"canonical":"https:\/\/www.mira.fi\/de\/product\/lzr-3-copy\/","og_locale":"de_DE","og_type":"article","og_title":"LZR 3 (Copy) - Mira-Tex Oy","og_description":"Amerikanischer Komplettgurt des Herstellers Mast f\u00fcr Trabrennpferde. Mast stellt seit \u00fcber 50 Jahren Produkte f\u00fcr Top-Marken (u. a. Wahls) im Hintergrund her und bietet nun hochwertige Gurte unter eigenem Namen an.","og_url":"https:\/\/www.mira.fi\/de\/product\/lzr-3-copy\/","og_site_name":"Mira-Tex Oy","article_modified_time":"2026-01-20T10:01:12+00:00","twitter_card":"summary_large_image","twitter_misc":{"Gesch\u00e4tzte Lesezeit":"1\u00a0Minute"},"schema":{"@context":"https:\/\/schema.org","@graph":[{"@type":"WebPage","@id":"https:\/\/www.mira.fi\/de\/product\/lzr-3-copy\/","url":"https:\/\/www.mira.fi\/de\/product\/lzr-3-copy\/","name":"LZR 3 (Copy) - Mira-Tex Oy","isPartOf":{"@id":"https:\/\/www.mira.fi\/#website"},"primaryImageOfPage":{"@id":"https:\/\/www.mira.fi\/de\/product\/lzr-3-copy\/#primaryimage"},"image":{"@id":"https:\/\/www.mira.fi\/de\/product\/lzr-3-copy\/#primaryimage"},"thumbnailUrl":"https:\/\/www.mira.fi\/wp-content\/uploads\/timergps-plus2-1.png","datePublished":"2026-01-20T09:40:39+00:00","dateModified":"2026-01-20T10:01:12+00:00","description":"Amerikanischer Komplettgurt des Herstellers Mast f\u00fcr Trabrennpferde. Mast stellt seit \u00fcber 50 Jahren Produkte f\u00fcr Top-Marken (u. a. Wahls) im Hintergrund her und bietet nun hochwertige Gurte unter eigenem Namen an.","breadcrumb":{"@id":"https:\/\/www.mira.fi\/de\/product\/lzr-3-copy\/#breadcrumb"},"inLanguage":"de","potentialAction":[{"@type":"ReadAction","target":["https:\/\/www.mira.fi\/de\/product\/lzr-3-copy\/"]}]},{"@type":"ImageObject","inLanguage":"de","@id":"https:\/\/www.mira.fi\/de\/product\/lzr-3-copy\/#primaryimage","url":"https:\/\/www.mira.fi\/wp-content\/uploads\/timergps-plus2-1.png","contentUrl":"https:\/\/www.mira.fi\/wp-content\/uploads\/timergps-plus2-1.png","width":1080,"height":1080},{"@type":"BreadcrumbList","@id":"https:\/\/www.mira.fi\/de\/product\/lzr-3-copy\/#breadcrumb","itemListElement":[{"@type":"ListItem","position":1,"name":"Etusivu","item":"https:\/\/www.mira.fi\/de\/massgeschneidert\/"},{"@type":"ListItem","position":2,"name":"Shop","item":"https:\/\/www.mira.fi\/de\/shop\/"},{"@type":"ListItem","position":3,"name":"LZR 3 (Copy)"}]},{"@type":"WebSite","@id":"https:\/\/www.mira.fi\/#website","url":"https:\/\/www.mira.fi\/","name":"Mira-Tex Oy","description":"F\u00fchrender Hersteller von Pferderennsportbekleidung","publisher":{"@id":"https:\/\/www.mira.fi\/#organization"},"potentialAction":[{"@type":"SearchAction","target":{"@type":"EntryPoint","urlTemplate":"https:\/\/www.mira.fi\/?s={search_term_string}"},"query-input":{"@type":"PropertyValueSpecification","valueRequired":true,"valueName":"search_term_string"}}],"inLanguage":"de"},{"@type":"Organization","@id":"https:\/\/www.mira.fi\/#organization","name":"Mira-Tex Oy","url":"https:\/\/www.mira.fi\/","logo":{"@type":"ImageObject","inLanguage":"de","@id":"https:\/\/www.mira.fi\/#\/schema\/logo\/image\/","url":"https:\/\/www.mira.fi\/wp-content\/uploads\/favicon.png","contentUrl":"https:\/\/www.mira.fi\/wp-content\/uploads\/favicon.png","width":600,"height":600,"caption":"Mira-Tex Oy"},"image":{"@id":"https:\/\/www.mira.fi\/#\/schema\/logo\/image\/"}}]}},"_links":{"self":[{"href":"https:\/\/www.mira.fi\/de\/wp-json\/wp\/v2\/product\/10963","targetHints":{"allow":["GET"]}}],"collection":[{"href":"https:\/\/www.mira.fi\/de\/wp-json\/wp\/v2\/product"}],"about":[{"href":"https:\/\/www.mira.fi\/de\/wp-json\/wp\/v2\/types\/product"}],"wp:featuredmedia":[{"embeddable":true,"href":"https:\/\/www.mira.fi\/de\/wp-json\/wp\/v2\/media\/10969"}],"wp:attachment":[{"href":"https:\/\/www.mira.fi\/de\/wp-json\/wp\/v2\/media?parent=10963"}],"wp:term":[{"taxonomy":"product_brand","embeddable":true,"href":"https:\/\/www.mira.fi\/de\/wp-json\/wp\/v2\/product_brand?post=10963"},{"taxonomy":"product_cat","embeddable":true,"href":"https:\/\/www.mira.fi\/de\/wp-json\/wp\/v2\/product_cat?post=10963"},{"taxonomy":"product_tag","embeddable":true,"href":"https:\/\/www.mira.fi\/de\/wp-json\/wp\/v2\/product_tag?post=10963"}],"curies":[{"name":"wp","href":"https:\/\/api.w.org\/{rel}","templated":true}]}}