{"id":11101,"date":"2026-02-27T09:17:21","date_gmt":"2026-02-27T07:17:21","guid":{"rendered":"https:\/\/www.mira.fi\/product\/mira-stoppuhr\/"},"modified":"2026-02-27T09:17:21","modified_gmt":"2026-02-27T07:17:21","slug":"mira-stoppuhr","status":"publish","type":"product","link":"https:\/\/www.mira.fi\/de\/product\/mira-stoppuhr\/","title":{"rendered":"Mira Stoppuhr"},"content":{"rendered":"<p data-start=\"121\" data-end=\"358\">Die Mira Stoppuhr ist ein zuverl\u00e4ssiges und einfach zu bedienendes Zeitmessger\u00e4t, das speziell f\u00fcr Trainingseinheiten und Stallumgebungen entwickelt wurde. F\u00fcr den t\u00e4glichen Einsatz konzipiert, vereint sie Genauigkeit, Langlebigkeit und praktische Funktionalit\u00e4t in einem kompakten Ger\u00e4t. <\/p>\n<p data-start=\"360\" data-end=\"612\">Mit pr\u00e4ziser 1\/100-Sekunden-Genauigkeit und Zwischenzeit-Speicherfunktion kannst du die Leistung zuverl\u00e4ssig erfassen. Die Chronographen-Funktion gew\u00e4hrleistet exakte Zeitmessung w\u00e4hrend des Trainings, w\u00e4hrend das \u00fcbersichtliche 12\/24-Stunden-Display die Bedienung in jeder Situation erleichtert. <\/p>\n<p data-start=\"614\" data-end=\"816\">F\u00fcr anspruchsvolle Umgebungen konzipiert, ist die Stoppuhr wasserbest\u00e4ndig und mit robusten Tasten ausgestattet, die das Eindringen von Schmutz in den Mechanismus verhindern \u2013 ideal f\u00fcr den Einsatz an der Rennbahn und im Stall.<\/p>\n<h3 data-start=\"818\" data-end=\"834\">Hauptmerkmale<\/h3>\n<ul data-start=\"836\" data-end=\"1080\">\n<li data-start=\"836\" data-end=\"890\">\n<p data-start=\"838\" data-end=\"890\">Misst bis zu 23 Stunden, 59 Minuten und 59 Sekunden<\/p>\n<\/li>\n<li data-start=\"891\" data-end=\"934\">\n<p data-start=\"893\" data-end=\"934\">Zwischenzeit-Speicher mit 1\/100-Sekunden-Genauigkeit<\/p>\n<\/li>\n<li data-start=\"935\" data-end=\"959\">\n<p data-start=\"937\" data-end=\"959\">Chronographen-Funktion<\/p>\n<\/li>\n<li data-start=\"960\" data-end=\"982\">\n<p data-start=\"962\" data-end=\"982\">12\/24-Stunden-Anzeige<\/p>\n<\/li>\n<li data-start=\"983\" data-end=\"1012\">\n<p data-start=\"985\" data-end=\"1012\">Alarm- und Schlummerfunktion<\/p>\n<\/li>\n<li data-start=\"1013\" data-end=\"1045\">\n<p data-start=\"1015\" data-end=\"1045\">Wasserbest\u00e4ndige Konstruktion<\/p>\n<\/li>\n<li data-start=\"1046\" data-end=\"1080\">\n<p data-start=\"1048\" data-end=\"1080\">Robuste schmutzresistente Tasten<\/p>\n<\/li>\n<\/ul>\n<p data-start=\"1082\" data-end=\"1230\" data-is-last-node=\"\" data-is-only-node=\"\">Die Mira Stoppuhr ist eine praktische und zuverl\u00e4ssige Wahl f\u00fcr Trainer, Fahrer und alle, die Wert auf pr\u00e4zise Zeitmessung im t\u00e4glichen Trainingsbetrieb legen.<\/p>\n","protected":false},"excerpt":{"rendered":"<p data-start=\"121\" data-end=\"358\">Die Mira Stoppuhr ist ein zuverl\u00e4ssiges und einfach zu bedienendes Zeitmessger\u00e4t, das speziell f\u00fcr Trainingseinheiten und Stallumgebungen entwickelt wurde. F\u00fcr den t\u00e4glichen Einsatz konzipiert, vereint sie Genauigkeit, Langlebigkeit und praktische Funktionalit\u00e4t in einem kompakten Ger\u00e4t. <\/p>\n<p data-start=\"360\" data-end=\"612\">Mit pr\u00e4ziser 1\/100-Sekunden-Genauigkeit und Zwischenzeit-Speicherfunktion kannst du die Leistung zuverl\u00e4ssig erfassen. Die Chronographen-Funktion gew\u00e4hrleistet exakte Zeitmessung w\u00e4hrend des Trainings, w\u00e4hrend das \u00fcbersichtliche 12\/24-Stunden-Display die Bedienung in jeder Situation erleichtert. <\/p>\n<p data-start=\"614\" data-end=\"816\">F\u00fcr anspruchsvolle Umgebungen konzipiert, ist die Stoppuhr wasserbest\u00e4ndig und mit robusten Tasten ausgestattet, die das Eindringen von Schmutz in den Mechanismus verhindern \u2013 ideal f\u00fcr den Einsatz an der Rennbahn und im Stall.<\/p>\n","protected":false},"featured_media":11035,"template":"","meta":[],"product_brand":[],"product_cat":[1884],"product_tag":[],"class_list":{"0":"post-11101","1":"product","2":"type-product","3":"status-publish","4":"has-post-thumbnail","6":"product_cat-zubehoer","8":"first","9":"instock","10":"taxable","11":"shipping-taxable","12":"purchasable","13":"product-type-simple"},"yoast_head":"<!-- This site is optimized with the Yoast SEO plugin v27.5 - https:\/\/yoast.com\/product\/yoast-seo-wordpress\/ -->\n<title>Mira Stoppuhr - Mira-Tex Oy<\/title>\n<meta name=\"description\" content=\"Die Mira Stoppuhr ist ein zuverl\u00e4ssiges und einfach zu bedienendes Zeitmessger\u00e4t, das speziell f\u00fcr Trainingseinheiten und Stallumgebungen entwickelt wurde. F\u00fcr den t\u00e4glichen Einsatz konzipiert, vereint sie Genauigkeit, Langlebigkeit und praktische Funktionalit\u00e4t in einem kompakten Ger\u00e4t. Mit pr\u00e4ziser 1\/100-Sekunden-Genauigkeit und Zwischenzeit-Speicherfunktion kannst du die Leistung zuverl\u00e4ssig erfassen. Die Chronographen-Funktion gew\u00e4hrleistet exakte Zeitmessung w\u00e4hrend des Trainings, w\u00e4hrend das \u00fcbersichtliche 12\/24-Stunden-Display die Bedienung in jeder Situation erleichtert. F\u00fcr anspruchsvolle Umgebungen konzipiert, ist die Stoppuhr wasserbest\u00e4ndig und mit robusten Tasten ausgestattet, die das Eindringen von Schmutz in den Mechanismus verhindern \u2013 ideal f\u00fcr den Einsatz an der Rennbahn und im Stall.\" \/>\n<meta name=\"robots\" content=\"index, follow, max-snippet:-1, max-image-preview:large, max-video-preview:-1\" \/>\n<link rel=\"canonical\" href=\"https:\/\/www.mira.fi\/de\/product\/mira-stoppuhr\/\" \/>\n<meta property=\"og:locale\" content=\"de_DE\" \/>\n<meta property=\"og:type\" content=\"article\" \/>\n<meta property=\"og:title\" content=\"Mira Stoppuhr - Mira-Tex Oy\" \/>\n<meta property=\"og:description\" content=\"Die Mira Stoppuhr ist ein zuverl\u00e4ssiges und einfach zu bedienendes Zeitmessger\u00e4t, das speziell f\u00fcr Trainingseinheiten und Stallumgebungen entwickelt wurde. F\u00fcr den t\u00e4glichen Einsatz konzipiert, vereint sie Genauigkeit, Langlebigkeit und praktische Funktionalit\u00e4t in einem kompakten Ger\u00e4t. Mit pr\u00e4ziser 1\/100-Sekunden-Genauigkeit und Zwischenzeit-Speicherfunktion kannst du die Leistung zuverl\u00e4ssig erfassen. Die Chronographen-Funktion gew\u00e4hrleistet exakte Zeitmessung w\u00e4hrend des Trainings, w\u00e4hrend das \u00fcbersichtliche 12\/24-Stunden-Display die Bedienung in jeder Situation erleichtert. F\u00fcr anspruchsvolle Umgebungen konzipiert, ist die Stoppuhr wasserbest\u00e4ndig und mit robusten Tasten ausgestattet, die das Eindringen von Schmutz in den Mechanismus verhindern \u2013 ideal f\u00fcr den Einsatz an der Rennbahn und im Stall.\" \/>\n<meta property=\"og:url\" content=\"https:\/\/www.mira.fi\/de\/product\/mira-stoppuhr\/\" \/>\n<meta property=\"og:site_name\" content=\"Mira-Tex Oy\" \/>\n<meta property=\"og:image\" content=\"https:\/\/www.mira.fi\/wp-content\/uploads\/Stopwatch2.png\" \/>\n\t<meta property=\"og:image:width\" content=\"1024\" \/>\n\t<meta property=\"og:image:height\" content=\"1536\" \/>\n\t<meta property=\"og:image:type\" content=\"image\/png\" \/>\n<meta name=\"twitter:card\" content=\"summary_large_image\" \/>\n<meta name=\"twitter:label1\" content=\"Gesch\u00e4tzte Lesezeit\" \/>\n\t<meta name=\"twitter:data1\" content=\"1\u00a0Minute\" \/>\n<script type=\"application\/ld+json\" class=\"yoast-schema-graph\">{\"@context\":\"https:\\\/\\\/schema.org\",\"@graph\":[{\"@type\":\"WebPage\",\"@id\":\"https:\\\/\\\/www.mira.fi\\\/de\\\/product\\\/mira-stoppuhr\\\/\",\"url\":\"https:\\\/\\\/www.mira.fi\\\/de\\\/product\\\/mira-stoppuhr\\\/\",\"name\":\"Mira Stoppuhr - Mira-Tex Oy\",\"isPartOf\":{\"@id\":\"https:\\\/\\\/www.mira.fi\\\/#website\"},\"primaryImageOfPage\":{\"@id\":\"https:\\\/\\\/www.mira.fi\\\/de\\\/product\\\/mira-stoppuhr\\\/#primaryimage\"},\"image\":{\"@id\":\"https:\\\/\\\/www.mira.fi\\\/de\\\/product\\\/mira-stoppuhr\\\/#primaryimage\"},\"thumbnailUrl\":\"https:\\\/\\\/www.mira.fi\\\/wp-content\\\/uploads\\\/Stopwatch2.png\",\"datePublished\":\"2026-02-27T07:17:21+00:00\",\"description\":\"Die Mira Stoppuhr ist ein zuverl\u00e4ssiges und einfach zu bedienendes Zeitmessger\u00e4t, das speziell f\u00fcr Trainingseinheiten und Stallumgebungen entwickelt wurde. F\u00fcr den t\u00e4glichen Einsatz konzipiert, vereint sie Genauigkeit, Langlebigkeit und praktische Funktionalit\u00e4t in einem kompakten Ger\u00e4t. Mit pr\u00e4ziser 1\\\/100-Sekunden-Genauigkeit und Zwischenzeit-Speicherfunktion kannst du die Leistung zuverl\u00e4ssig erfassen. Die Chronographen-Funktion gew\u00e4hrleistet exakte Zeitmessung w\u00e4hrend des Trainings, w\u00e4hrend das \u00fcbersichtliche 12\\\/24-Stunden-Display die Bedienung in jeder Situation erleichtert. F\u00fcr anspruchsvolle Umgebungen konzipiert, ist die Stoppuhr wasserbest\u00e4ndig und mit robusten Tasten ausgestattet, die das Eindringen von Schmutz in den Mechanismus verhindern \u2013 ideal f\u00fcr den Einsatz an der Rennbahn und im Stall.\",\"breadcrumb\":{\"@id\":\"https:\\\/\\\/www.mira.fi\\\/de\\\/product\\\/mira-stoppuhr\\\/#breadcrumb\"},\"inLanguage\":\"de\",\"potentialAction\":[{\"@type\":\"ReadAction\",\"target\":[\"https:\\\/\\\/www.mira.fi\\\/de\\\/product\\\/mira-stoppuhr\\\/\"]}]},{\"@type\":\"ImageObject\",\"inLanguage\":\"de\",\"@id\":\"https:\\\/\\\/www.mira.fi\\\/de\\\/product\\\/mira-stoppuhr\\\/#primaryimage\",\"url\":\"https:\\\/\\\/www.mira.fi\\\/wp-content\\\/uploads\\\/Stopwatch2.png\",\"contentUrl\":\"https:\\\/\\\/www.mira.fi\\\/wp-content\\\/uploads\\\/Stopwatch2.png\",\"width\":1024,\"height\":1536},{\"@type\":\"BreadcrumbList\",\"@id\":\"https:\\\/\\\/www.mira.fi\\\/de\\\/product\\\/mira-stoppuhr\\\/#breadcrumb\",\"itemListElement\":[{\"@type\":\"ListItem\",\"position\":1,\"name\":\"Etusivu\",\"item\":\"https:\\\/\\\/www.mira.fi\\\/de\\\/massgeschneidert\\\/\"},{\"@type\":\"ListItem\",\"position\":2,\"name\":\"Shop\",\"item\":\"https:\\\/\\\/www.mira.fi\\\/de\\\/shop\\\/\"},{\"@type\":\"ListItem\",\"position\":3,\"name\":\"Mira Stoppuhr\"}]},{\"@type\":\"WebSite\",\"@id\":\"https:\\\/\\\/www.mira.fi\\\/#website\",\"url\":\"https:\\\/\\\/www.mira.fi\\\/\",\"name\":\"Mira-Tex Oy\",\"description\":\"F\u00fchrender Hersteller von Pferderennsportbekleidung\",\"publisher\":{\"@id\":\"https:\\\/\\\/www.mira.fi\\\/#organization\"},\"potentialAction\":[{\"@type\":\"SearchAction\",\"target\":{\"@type\":\"EntryPoint\",\"urlTemplate\":\"https:\\\/\\\/www.mira.fi\\\/?s={search_term_string}\"},\"query-input\":{\"@type\":\"PropertyValueSpecification\",\"valueRequired\":true,\"valueName\":\"search_term_string\"}}],\"inLanguage\":\"de\"},{\"@type\":\"Organization\",\"@id\":\"https:\\\/\\\/www.mira.fi\\\/#organization\",\"name\":\"Mira-Tex Oy\",\"url\":\"https:\\\/\\\/www.mira.fi\\\/\",\"logo\":{\"@type\":\"ImageObject\",\"inLanguage\":\"de\",\"@id\":\"https:\\\/\\\/www.mira.fi\\\/#\\\/schema\\\/logo\\\/image\\\/\",\"url\":\"https:\\\/\\\/www.mira.fi\\\/wp-content\\\/uploads\\\/favicon.png\",\"contentUrl\":\"https:\\\/\\\/www.mira.fi\\\/wp-content\\\/uploads\\\/favicon.png\",\"width\":600,\"height\":600,\"caption\":\"Mira-Tex Oy\"},\"image\":{\"@id\":\"https:\\\/\\\/www.mira.fi\\\/#\\\/schema\\\/logo\\\/image\\\/\"}}]}<\/script>\n<!-- \/ Yoast SEO plugin. -->","yoast_head_json":{"title":"Mira Stoppuhr - Mira-Tex Oy","description":"Die Mira Stoppuhr ist ein zuverl\u00e4ssiges und einfach zu bedienendes Zeitmessger\u00e4t, das speziell f\u00fcr Trainingseinheiten und Stallumgebungen entwickelt wurde. F\u00fcr den t\u00e4glichen Einsatz konzipiert, vereint sie Genauigkeit, Langlebigkeit und praktische Funktionalit\u00e4t in einem kompakten Ger\u00e4t. Mit pr\u00e4ziser 1\/100-Sekunden-Genauigkeit und Zwischenzeit-Speicherfunktion kannst du die Leistung zuverl\u00e4ssig erfassen. Die Chronographen-Funktion gew\u00e4hrleistet exakte Zeitmessung w\u00e4hrend des Trainings, w\u00e4hrend das \u00fcbersichtliche 12\/24-Stunden-Display die Bedienung in jeder Situation erleichtert. F\u00fcr anspruchsvolle Umgebungen konzipiert, ist die Stoppuhr wasserbest\u00e4ndig und mit robusten Tasten ausgestattet, die das Eindringen von Schmutz in den Mechanismus verhindern \u2013 ideal f\u00fcr den Einsatz an der Rennbahn und im Stall.","robots":{"index":"index","follow":"follow","max-snippet":"max-snippet:-1","max-image-preview":"max-image-preview:large","max-video-preview":"max-video-preview:-1"},"canonical":"https:\/\/www.mira.fi\/de\/product\/mira-stoppuhr\/","og_locale":"de_DE","og_type":"article","og_title":"Mira Stoppuhr - Mira-Tex Oy","og_description":"Die Mira Stoppuhr ist ein zuverl\u00e4ssiges und einfach zu bedienendes Zeitmessger\u00e4t, das speziell f\u00fcr Trainingseinheiten und Stallumgebungen entwickelt wurde. F\u00fcr den t\u00e4glichen Einsatz konzipiert, vereint sie Genauigkeit, Langlebigkeit und praktische Funktionalit\u00e4t in einem kompakten Ger\u00e4t. Mit pr\u00e4ziser 1\/100-Sekunden-Genauigkeit und Zwischenzeit-Speicherfunktion kannst du die Leistung zuverl\u00e4ssig erfassen. Die Chronographen-Funktion gew\u00e4hrleistet exakte Zeitmessung w\u00e4hrend des Trainings, w\u00e4hrend das \u00fcbersichtliche 12\/24-Stunden-Display die Bedienung in jeder Situation erleichtert. F\u00fcr anspruchsvolle Umgebungen konzipiert, ist die Stoppuhr wasserbest\u00e4ndig und mit robusten Tasten ausgestattet, die das Eindringen von Schmutz in den Mechanismus verhindern \u2013 ideal f\u00fcr den Einsatz an der Rennbahn und im Stall.","og_url":"https:\/\/www.mira.fi\/de\/product\/mira-stoppuhr\/","og_site_name":"Mira-Tex Oy","og_image":[{"width":1024,"height":1536,"url":"https:\/\/www.mira.fi\/wp-content\/uploads\/Stopwatch2.png","type":"image\/png"}],"twitter_card":"summary_large_image","twitter_misc":{"Gesch\u00e4tzte Lesezeit":"1\u00a0Minute"},"schema":{"@context":"https:\/\/schema.org","@graph":[{"@type":"WebPage","@id":"https:\/\/www.mira.fi\/de\/product\/mira-stoppuhr\/","url":"https:\/\/www.mira.fi\/de\/product\/mira-stoppuhr\/","name":"Mira Stoppuhr - Mira-Tex Oy","isPartOf":{"@id":"https:\/\/www.mira.fi\/#website"},"primaryImageOfPage":{"@id":"https:\/\/www.mira.fi\/de\/product\/mira-stoppuhr\/#primaryimage"},"image":{"@id":"https:\/\/www.mira.fi\/de\/product\/mira-stoppuhr\/#primaryimage"},"thumbnailUrl":"https:\/\/www.mira.fi\/wp-content\/uploads\/Stopwatch2.png","datePublished":"2026-02-27T07:17:21+00:00","description":"Die Mira Stoppuhr ist ein zuverl\u00e4ssiges und einfach zu bedienendes Zeitmessger\u00e4t, das speziell f\u00fcr Trainingseinheiten und Stallumgebungen entwickelt wurde. F\u00fcr den t\u00e4glichen Einsatz konzipiert, vereint sie Genauigkeit, Langlebigkeit und praktische Funktionalit\u00e4t in einem kompakten Ger\u00e4t. Mit pr\u00e4ziser 1\/100-Sekunden-Genauigkeit und Zwischenzeit-Speicherfunktion kannst du die Leistung zuverl\u00e4ssig erfassen. Die Chronographen-Funktion gew\u00e4hrleistet exakte Zeitmessung w\u00e4hrend des Trainings, w\u00e4hrend das \u00fcbersichtliche 12\/24-Stunden-Display die Bedienung in jeder Situation erleichtert. F\u00fcr anspruchsvolle Umgebungen konzipiert, ist die Stoppuhr wasserbest\u00e4ndig und mit robusten Tasten ausgestattet, die das Eindringen von Schmutz in den Mechanismus verhindern \u2013 ideal f\u00fcr den Einsatz an der Rennbahn und im Stall.","breadcrumb":{"@id":"https:\/\/www.mira.fi\/de\/product\/mira-stoppuhr\/#breadcrumb"},"inLanguage":"de","potentialAction":[{"@type":"ReadAction","target":["https:\/\/www.mira.fi\/de\/product\/mira-stoppuhr\/"]}]},{"@type":"ImageObject","inLanguage":"de","@id":"https:\/\/www.mira.fi\/de\/product\/mira-stoppuhr\/#primaryimage","url":"https:\/\/www.mira.fi\/wp-content\/uploads\/Stopwatch2.png","contentUrl":"https:\/\/www.mira.fi\/wp-content\/uploads\/Stopwatch2.png","width":1024,"height":1536},{"@type":"BreadcrumbList","@id":"https:\/\/www.mira.fi\/de\/product\/mira-stoppuhr\/#breadcrumb","itemListElement":[{"@type":"ListItem","position":1,"name":"Etusivu","item":"https:\/\/www.mira.fi\/de\/massgeschneidert\/"},{"@type":"ListItem","position":2,"name":"Shop","item":"https:\/\/www.mira.fi\/de\/shop\/"},{"@type":"ListItem","position":3,"name":"Mira Stoppuhr"}]},{"@type":"WebSite","@id":"https:\/\/www.mira.fi\/#website","url":"https:\/\/www.mira.fi\/","name":"Mira-Tex Oy","description":"F\u00fchrender Hersteller von Pferderennsportbekleidung","publisher":{"@id":"https:\/\/www.mira.fi\/#organization"},"potentialAction":[{"@type":"SearchAction","target":{"@type":"EntryPoint","urlTemplate":"https:\/\/www.mira.fi\/?s={search_term_string}"},"query-input":{"@type":"PropertyValueSpecification","valueRequired":true,"valueName":"search_term_string"}}],"inLanguage":"de"},{"@type":"Organization","@id":"https:\/\/www.mira.fi\/#organization","name":"Mira-Tex Oy","url":"https:\/\/www.mira.fi\/","logo":{"@type":"ImageObject","inLanguage":"de","@id":"https:\/\/www.mira.fi\/#\/schema\/logo\/image\/","url":"https:\/\/www.mira.fi\/wp-content\/uploads\/favicon.png","contentUrl":"https:\/\/www.mira.fi\/wp-content\/uploads\/favicon.png","width":600,"height":600,"caption":"Mira-Tex Oy"},"image":{"@id":"https:\/\/www.mira.fi\/#\/schema\/logo\/image\/"}}]}},"_links":{"self":[{"href":"https:\/\/www.mira.fi\/de\/wp-json\/wp\/v2\/product\/11101","targetHints":{"allow":["GET"]}}],"collection":[{"href":"https:\/\/www.mira.fi\/de\/wp-json\/wp\/v2\/product"}],"about":[{"href":"https:\/\/www.mira.fi\/de\/wp-json\/wp\/v2\/types\/product"}],"wp:featuredmedia":[{"embeddable":true,"href":"https:\/\/www.mira.fi\/de\/wp-json\/wp\/v2\/media\/11035"}],"wp:attachment":[{"href":"https:\/\/www.mira.fi\/de\/wp-json\/wp\/v2\/media?parent=11101"}],"wp:term":[{"taxonomy":"product_brand","embeddable":true,"href":"https:\/\/www.mira.fi\/de\/wp-json\/wp\/v2\/product_brand?post=11101"},{"taxonomy":"product_cat","embeddable":true,"href":"https:\/\/www.mira.fi\/de\/wp-json\/wp\/v2\/product_cat?post=11101"},{"taxonomy":"product_tag","embeddable":true,"href":"https:\/\/www.mira.fi\/de\/wp-json\/wp\/v2\/product_tag?post=11101"}],"curies":[{"name":"wp","href":"https:\/\/api.w.org\/{rel}","templated":true}]}}