{"id":8244,"date":"2021-06-05T10:56:00","date_gmt":"2021-05-06T07:56:07","guid":{"rendered":"https:\/\/www.mira.fi\/product\/mira-polo-aermellos\/"},"modified":"2026-01-16T10:33:58","modified_gmt":"2026-01-16T08:33:58","slug":"mira-polo-aermellos","status":"publish","type":"product","link":"https:\/\/www.mira.fi\/de\/product\/mira-polo-aermellos\/","title":{"rendered":"Mira Polo, \u00e4rmellos"},"content":{"rendered":"<p>Mira \u00c4rmelloses Poloshirt. Niedriger Rollkragen. Sch\u00fctzt deinen Hals vor Staub und Kies. Feuchtigkeitstransportierendes, technisches Material. Bietet dir Komfort und h\u00e4lt dich an den w\u00e4rmsten Sommertagen k\u00fchl. Ein stilvoller, wei\u00dfer Kragen vervollst\u00e4ndigt dein Rennoutfit.     <\/p>\n","protected":false},"excerpt":{"rendered":"<p>Mira \u00c4rmelloses Poloshirt. Niedriger Rollkragen. Sch\u00fctzt deinen Hals vor Staub  [&#8230;]<\/p>\n","protected":false},"featured_media":8247,"template":"","meta":[],"product_brand":[],"product_cat":[1867,1870],"product_tag":[],"class_list":{"0":"post-8244","1":"product","2":"type-product","3":"status-publish","4":"has-post-thumbnail","6":"product_cat-rennbekleidung","7":"product_cat-arbeitskleidung","8":"pa_color-white","11":"first","12":"instock","13":"taxable","14":"shipping-taxable","15":"purchasable","16":"product-type-variable"},"yoast_head":"<!-- This site is optimized with the Yoast SEO plugin v27.5 - https:\/\/yoast.com\/product\/yoast-seo-wordpress\/ -->\n<title>Mira Polo, \u00e4rmellos - Mira-Tex Oy<\/title>\n<meta name=\"robots\" content=\"index, follow, max-snippet:-1, max-image-preview:large, max-video-preview:-1\" \/>\n<link rel=\"canonical\" href=\"https:\/\/www.mira.fi\/de\/product\/mira-polo-aermellos\/\" \/>\n<meta property=\"og:locale\" content=\"de_DE\" \/>\n<meta property=\"og:type\" content=\"article\" \/>\n<meta property=\"og:title\" content=\"Mira Polo, \u00e4rmellos - Mira-Tex Oy\" \/>\n<meta property=\"og:description\" content=\"Mira \u00c4rmelloses Poloshirt. Niedriger Rollkragen. Sch\u00fctzt deinen Hals vor Staub [...]\" \/>\n<meta property=\"og:url\" content=\"https:\/\/www.mira.fi\/de\/product\/mira-polo-aermellos\/\" \/>\n<meta property=\"og:site_name\" content=\"Mira-Tex Oy\" \/>\n<meta property=\"article:modified_time\" content=\"2026-01-16T08:33:58+00:00\" \/>\n<meta property=\"og:image\" content=\"https:\/\/www.mira.fi\/wp-content\/uploads\/IMG_1375-Edit-Edit-3-1.jpg\" \/>\n\t<meta property=\"og:image:width\" content=\"2048\" \/>\n\t<meta property=\"og:image:height\" content=\"2048\" \/>\n\t<meta property=\"og:image:type\" content=\"image\/jpeg\" \/>\n<meta name=\"twitter:card\" content=\"summary_large_image\" \/>\n<script type=\"application\/ld+json\" class=\"yoast-schema-graph\">{\"@context\":\"https:\\\/\\\/schema.org\",\"@graph\":[{\"@type\":\"WebPage\",\"@id\":\"https:\\\/\\\/www.mira.fi\\\/de\\\/product\\\/mira-polo-aermellos\\\/\",\"url\":\"https:\\\/\\\/www.mira.fi\\\/de\\\/product\\\/mira-polo-aermellos\\\/\",\"name\":\"Mira Polo, \u00e4rmellos - Mira-Tex Oy\",\"isPartOf\":{\"@id\":\"https:\\\/\\\/www.mira.fi\\\/#website\"},\"primaryImageOfPage\":{\"@id\":\"https:\\\/\\\/www.mira.fi\\\/de\\\/product\\\/mira-polo-aermellos\\\/#primaryimage\"},\"image\":{\"@id\":\"https:\\\/\\\/www.mira.fi\\\/de\\\/product\\\/mira-polo-aermellos\\\/#primaryimage\"},\"thumbnailUrl\":\"https:\\\/\\\/www.mira.fi\\\/wp-content\\\/uploads\\\/IMG_1375-Edit-Edit-3-1.jpg\",\"datePublished\":\"2021-05-06T07:56:07+00:00\",\"dateModified\":\"2026-01-16T08:33:58+00:00\",\"breadcrumb\":{\"@id\":\"https:\\\/\\\/www.mira.fi\\\/de\\\/product\\\/mira-polo-aermellos\\\/#breadcrumb\"},\"inLanguage\":\"de\",\"potentialAction\":[{\"@type\":\"ReadAction\",\"target\":[\"https:\\\/\\\/www.mira.fi\\\/de\\\/product\\\/mira-polo-aermellos\\\/\"]}]},{\"@type\":\"ImageObject\",\"inLanguage\":\"de\",\"@id\":\"https:\\\/\\\/www.mira.fi\\\/de\\\/product\\\/mira-polo-aermellos\\\/#primaryimage\",\"url\":\"https:\\\/\\\/www.mira.fi\\\/wp-content\\\/uploads\\\/IMG_1375-Edit-Edit-3-1.jpg\",\"contentUrl\":\"https:\\\/\\\/www.mira.fi\\\/wp-content\\\/uploads\\\/IMG_1375-Edit-Edit-3-1.jpg\",\"width\":2048,\"height\":2048,\"caption\":\"Mira Polo, \u00e4rmellos\"},{\"@type\":\"BreadcrumbList\",\"@id\":\"https:\\\/\\\/www.mira.fi\\\/de\\\/product\\\/mira-polo-aermellos\\\/#breadcrumb\",\"itemListElement\":[{\"@type\":\"ListItem\",\"position\":1,\"name\":\"Etusivu\",\"item\":\"https:\\\/\\\/www.mira.fi\\\/de\\\/massgeschneidert\\\/\"},{\"@type\":\"ListItem\",\"position\":2,\"name\":\"Shop\",\"item\":\"https:\\\/\\\/www.mira.fi\\\/de\\\/shop\\\/\"},{\"@type\":\"ListItem\",\"position\":3,\"name\":\"Mira Polo, \u00e4rmellos\"}]},{\"@type\":\"WebSite\",\"@id\":\"https:\\\/\\\/www.mira.fi\\\/#website\",\"url\":\"https:\\\/\\\/www.mira.fi\\\/\",\"name\":\"Mira-Tex Oy\",\"description\":\"F\u00fchrender Hersteller von Pferderennsportbekleidung\",\"publisher\":{\"@id\":\"https:\\\/\\\/www.mira.fi\\\/#organization\"},\"potentialAction\":[{\"@type\":\"SearchAction\",\"target\":{\"@type\":\"EntryPoint\",\"urlTemplate\":\"https:\\\/\\\/www.mira.fi\\\/?s={search_term_string}\"},\"query-input\":{\"@type\":\"PropertyValueSpecification\",\"valueRequired\":true,\"valueName\":\"search_term_string\"}}],\"inLanguage\":\"de\"},{\"@type\":\"Organization\",\"@id\":\"https:\\\/\\\/www.mira.fi\\\/#organization\",\"name\":\"Mira-Tex Oy\",\"url\":\"https:\\\/\\\/www.mira.fi\\\/\",\"logo\":{\"@type\":\"ImageObject\",\"inLanguage\":\"de\",\"@id\":\"https:\\\/\\\/www.mira.fi\\\/#\\\/schema\\\/logo\\\/image\\\/\",\"url\":\"https:\\\/\\\/www.mira.fi\\\/wp-content\\\/uploads\\\/favicon.png\",\"contentUrl\":\"https:\\\/\\\/www.mira.fi\\\/wp-content\\\/uploads\\\/favicon.png\",\"width\":600,\"height\":600,\"caption\":\"Mira-Tex Oy\"},\"image\":{\"@id\":\"https:\\\/\\\/www.mira.fi\\\/#\\\/schema\\\/logo\\\/image\\\/\"}}]}<\/script>\n<!-- \/ Yoast SEO plugin. -->","yoast_head_json":{"title":"Mira Polo, \u00e4rmellos - Mira-Tex Oy","robots":{"index":"index","follow":"follow","max-snippet":"max-snippet:-1","max-image-preview":"max-image-preview:large","max-video-preview":"max-video-preview:-1"},"canonical":"https:\/\/www.mira.fi\/de\/product\/mira-polo-aermellos\/","og_locale":"de_DE","og_type":"article","og_title":"Mira Polo, \u00e4rmellos - Mira-Tex Oy","og_description":"Mira \u00c4rmelloses Poloshirt. Niedriger Rollkragen. Sch\u00fctzt deinen Hals vor Staub [...]","og_url":"https:\/\/www.mira.fi\/de\/product\/mira-polo-aermellos\/","og_site_name":"Mira-Tex Oy","article_modified_time":"2026-01-16T08:33:58+00:00","og_image":[{"width":2048,"height":2048,"url":"https:\/\/www.mira.fi\/wp-content\/uploads\/IMG_1375-Edit-Edit-3-1.jpg","type":"image\/jpeg"}],"twitter_card":"summary_large_image","schema":{"@context":"https:\/\/schema.org","@graph":[{"@type":"WebPage","@id":"https:\/\/www.mira.fi\/de\/product\/mira-polo-aermellos\/","url":"https:\/\/www.mira.fi\/de\/product\/mira-polo-aermellos\/","name":"Mira Polo, \u00e4rmellos - Mira-Tex Oy","isPartOf":{"@id":"https:\/\/www.mira.fi\/#website"},"primaryImageOfPage":{"@id":"https:\/\/www.mira.fi\/de\/product\/mira-polo-aermellos\/#primaryimage"},"image":{"@id":"https:\/\/www.mira.fi\/de\/product\/mira-polo-aermellos\/#primaryimage"},"thumbnailUrl":"https:\/\/www.mira.fi\/wp-content\/uploads\/IMG_1375-Edit-Edit-3-1.jpg","datePublished":"2021-05-06T07:56:07+00:00","dateModified":"2026-01-16T08:33:58+00:00","breadcrumb":{"@id":"https:\/\/www.mira.fi\/de\/product\/mira-polo-aermellos\/#breadcrumb"},"inLanguage":"de","potentialAction":[{"@type":"ReadAction","target":["https:\/\/www.mira.fi\/de\/product\/mira-polo-aermellos\/"]}]},{"@type":"ImageObject","inLanguage":"de","@id":"https:\/\/www.mira.fi\/de\/product\/mira-polo-aermellos\/#primaryimage","url":"https:\/\/www.mira.fi\/wp-content\/uploads\/IMG_1375-Edit-Edit-3-1.jpg","contentUrl":"https:\/\/www.mira.fi\/wp-content\/uploads\/IMG_1375-Edit-Edit-3-1.jpg","width":2048,"height":2048,"caption":"Mira Polo, \u00e4rmellos"},{"@type":"BreadcrumbList","@id":"https:\/\/www.mira.fi\/de\/product\/mira-polo-aermellos\/#breadcrumb","itemListElement":[{"@type":"ListItem","position":1,"name":"Etusivu","item":"https:\/\/www.mira.fi\/de\/massgeschneidert\/"},{"@type":"ListItem","position":2,"name":"Shop","item":"https:\/\/www.mira.fi\/de\/shop\/"},{"@type":"ListItem","position":3,"name":"Mira Polo, \u00e4rmellos"}]},{"@type":"WebSite","@id":"https:\/\/www.mira.fi\/#website","url":"https:\/\/www.mira.fi\/","name":"Mira-Tex Oy","description":"F\u00fchrender Hersteller von Pferderennsportbekleidung","publisher":{"@id":"https:\/\/www.mira.fi\/#organization"},"potentialAction":[{"@type":"SearchAction","target":{"@type":"EntryPoint","urlTemplate":"https:\/\/www.mira.fi\/?s={search_term_string}"},"query-input":{"@type":"PropertyValueSpecification","valueRequired":true,"valueName":"search_term_string"}}],"inLanguage":"de"},{"@type":"Organization","@id":"https:\/\/www.mira.fi\/#organization","name":"Mira-Tex Oy","url":"https:\/\/www.mira.fi\/","logo":{"@type":"ImageObject","inLanguage":"de","@id":"https:\/\/www.mira.fi\/#\/schema\/logo\/image\/","url":"https:\/\/www.mira.fi\/wp-content\/uploads\/favicon.png","contentUrl":"https:\/\/www.mira.fi\/wp-content\/uploads\/favicon.png","width":600,"height":600,"caption":"Mira-Tex Oy"},"image":{"@id":"https:\/\/www.mira.fi\/#\/schema\/logo\/image\/"}}]}},"_links":{"self":[{"href":"https:\/\/www.mira.fi\/de\/wp-json\/wp\/v2\/product\/8244","targetHints":{"allow":["GET"]}}],"collection":[{"href":"https:\/\/www.mira.fi\/de\/wp-json\/wp\/v2\/product"}],"about":[{"href":"https:\/\/www.mira.fi\/de\/wp-json\/wp\/v2\/types\/product"}],"wp:featuredmedia":[{"embeddable":true,"href":"https:\/\/www.mira.fi\/de\/wp-json\/wp\/v2\/media\/8247"}],"wp:attachment":[{"href":"https:\/\/www.mira.fi\/de\/wp-json\/wp\/v2\/media?parent=8244"}],"wp:term":[{"taxonomy":"product_brand","embeddable":true,"href":"https:\/\/www.mira.fi\/de\/wp-json\/wp\/v2\/product_brand?post=8244"},{"taxonomy":"product_cat","embeddable":true,"href":"https:\/\/www.mira.fi\/de\/wp-json\/wp\/v2\/product_cat?post=8244"},{"taxonomy":"product_tag","embeddable":true,"href":"https:\/\/www.mira.fi\/de\/wp-json\/wp\/v2\/product_tag?post=8244"}],"curies":[{"name":"wp","href":"https:\/\/api.w.org\/{rel}","templated":true}]}}