{"id":8314,"date":"2021-06-05T10:56:00","date_gmt":"2021-05-06T07:56:08","guid":{"rendered":"https:\/\/www.mira.fi\/product\/mira-allwetter-trainingsset\/"},"modified":"2026-01-16T09:59:55","modified_gmt":"2026-01-16T07:59:55","slug":"mira-allwetter-trainingsset","status":"publish","type":"product","link":"https:\/\/www.mira.fi\/de\/product\/mira-allwetter-trainingsset\/","title":{"rendered":"Mira Allwetter-Trainingsset"},"content":{"rendered":"<p>Mira Allwetter-Arbeitsset mit atmungsaktivem Mesh- und Polyesterfutter. Wind- und wasserdichtes Gewebe, getapte, wasserdichte N\u00e4hte. Reflektierende Paspelierung an den Seiten und reflektierende Details vorne und hinten. Jacke mit Brust- und Seitentaschen mit Rei\u00dfverschluss, Innentasche mit Brustrei\u00dfverschluss. Weiches, geb\u00fcrstetes Trikot an der Krageninnenseite. Klettverschluss zur Weitenregulierung an den \u00c4rmelenden und am Saum. L\u00e4ngerer Saum auf der R\u00fcckseite und Schneefang. Hose mit hohem Bund und Hosentr\u00e4gern. Frontrei\u00dfverschluss gesch\u00fctzt. Rei\u00dfverschl\u00fcsse und Klettverschluss zur Weitenregulierung an den Beinenden. Strapazierf\u00e4hige Nylon-Stiefelriemen mit Schnellverschlussclips. Hose mit Rei\u00dfverschlusstaschen auf beiden Seiten. Option zur individuellen Gestaltung mit gestickten Logos.            <\/p>\n","protected":false},"excerpt":{"rendered":"<p>Mira Allwetter-Arbeitsset mit atmungsaktivem Mesh- und Polyesterfutter. Wind- und wasserdichtes  [&#8230;]<\/p>\n","protected":false},"featured_media":8315,"template":"","meta":[],"product_brand":[],"product_cat":[1870],"product_tag":[],"class_list":{"0":"post-8314","1":"product","2":"type-product","3":"status-publish","4":"has-post-thumbnail","6":"product_cat-arbeitskleidung","7":"pa_color-black","8":"pa_color-navy-blue","11":"first","12":"instock","13":"taxable","14":"shipping-taxable","15":"purchasable","16":"product-type-variable"},"yoast_head":"<!-- This site is optimized with the Yoast SEO plugin v27.5 - https:\/\/yoast.com\/product\/yoast-seo-wordpress\/ -->\n<title>Mira Allwetter-Trainingsset - Mira-Tex Oy<\/title>\n<meta name=\"robots\" content=\"index, follow, max-snippet:-1, max-image-preview:large, max-video-preview:-1\" \/>\n<link rel=\"canonical\" href=\"https:\/\/www.mira.fi\/de\/product\/mira-allwetter-trainingsset\/\" \/>\n<meta property=\"og:locale\" content=\"de_DE\" \/>\n<meta property=\"og:type\" content=\"article\" \/>\n<meta property=\"og:title\" content=\"Mira Allwetter-Trainingsset - Mira-Tex Oy\" \/>\n<meta property=\"og:description\" content=\"Mira Allwetter-Arbeitsset mit atmungsaktivem Mesh- und Polyesterfutter. Wind- und wasserdichtes [...]\" \/>\n<meta property=\"og:url\" content=\"https:\/\/www.mira.fi\/de\/product\/mira-allwetter-trainingsset\/\" \/>\n<meta property=\"og:site_name\" content=\"Mira-Tex Oy\" \/>\n<meta property=\"article:modified_time\" content=\"2026-01-16T07:59:55+00:00\" \/>\n<meta property=\"og:image\" content=\"https:\/\/www.mira.fi\/wp-content\/uploads\/Mira-All-weather-working-set-1-9.jpg\" \/>\n\t<meta property=\"og:image:width\" content=\"2048\" \/>\n\t<meta property=\"og:image:height\" content=\"2048\" \/>\n\t<meta property=\"og:image:type\" content=\"image\/jpeg\" \/>\n<meta name=\"twitter:card\" content=\"summary_large_image\" \/>\n<meta name=\"twitter:label1\" content=\"Gesch\u00e4tzte Lesezeit\" \/>\n\t<meta name=\"twitter:data1\" content=\"1\u00a0Minute\" \/>\n<script type=\"application\/ld+json\" class=\"yoast-schema-graph\">{\"@context\":\"https:\\\/\\\/schema.org\",\"@graph\":[{\"@type\":\"WebPage\",\"@id\":\"https:\\\/\\\/www.mira.fi\\\/de\\\/product\\\/mira-allwetter-trainingsset\\\/\",\"url\":\"https:\\\/\\\/www.mira.fi\\\/de\\\/product\\\/mira-allwetter-trainingsset\\\/\",\"name\":\"Mira Allwetter-Trainingsset - Mira-Tex Oy\",\"isPartOf\":{\"@id\":\"https:\\\/\\\/www.mira.fi\\\/#website\"},\"primaryImageOfPage\":{\"@id\":\"https:\\\/\\\/www.mira.fi\\\/de\\\/product\\\/mira-allwetter-trainingsset\\\/#primaryimage\"},\"image\":{\"@id\":\"https:\\\/\\\/www.mira.fi\\\/de\\\/product\\\/mira-allwetter-trainingsset\\\/#primaryimage\"},\"thumbnailUrl\":\"https:\\\/\\\/www.mira.fi\\\/wp-content\\\/uploads\\\/Mira-All-weather-working-set-1-9.jpg\",\"datePublished\":\"2021-05-06T07:56:08+00:00\",\"dateModified\":\"2026-01-16T07:59:55+00:00\",\"breadcrumb\":{\"@id\":\"https:\\\/\\\/www.mira.fi\\\/de\\\/product\\\/mira-allwetter-trainingsset\\\/#breadcrumb\"},\"inLanguage\":\"de\",\"potentialAction\":[{\"@type\":\"ReadAction\",\"target\":[\"https:\\\/\\\/www.mira.fi\\\/de\\\/product\\\/mira-allwetter-trainingsset\\\/\"]}]},{\"@type\":\"ImageObject\",\"inLanguage\":\"de\",\"@id\":\"https:\\\/\\\/www.mira.fi\\\/de\\\/product\\\/mira-allwetter-trainingsset\\\/#primaryimage\",\"url\":\"https:\\\/\\\/www.mira.fi\\\/wp-content\\\/uploads\\\/Mira-All-weather-working-set-1-9.jpg\",\"contentUrl\":\"https:\\\/\\\/www.mira.fi\\\/wp-content\\\/uploads\\\/Mira-All-weather-working-set-1-9.jpg\",\"width\":2048,\"height\":2048,\"caption\":\"Mira Allwetter-Trainingsset\"},{\"@type\":\"BreadcrumbList\",\"@id\":\"https:\\\/\\\/www.mira.fi\\\/de\\\/product\\\/mira-allwetter-trainingsset\\\/#breadcrumb\",\"itemListElement\":[{\"@type\":\"ListItem\",\"position\":1,\"name\":\"Etusivu\",\"item\":\"https:\\\/\\\/www.mira.fi\\\/de\\\/massgeschneidert\\\/\"},{\"@type\":\"ListItem\",\"position\":2,\"name\":\"Shop\",\"item\":\"https:\\\/\\\/www.mira.fi\\\/de\\\/shop\\\/\"},{\"@type\":\"ListItem\",\"position\":3,\"name\":\"Mira Allwetter-Trainingsset\"}]},{\"@type\":\"WebSite\",\"@id\":\"https:\\\/\\\/www.mira.fi\\\/#website\",\"url\":\"https:\\\/\\\/www.mira.fi\\\/\",\"name\":\"Mira-Tex Oy\",\"description\":\"F\u00fchrender Hersteller von Pferderennsportbekleidung\",\"publisher\":{\"@id\":\"https:\\\/\\\/www.mira.fi\\\/#organization\"},\"potentialAction\":[{\"@type\":\"SearchAction\",\"target\":{\"@type\":\"EntryPoint\",\"urlTemplate\":\"https:\\\/\\\/www.mira.fi\\\/?s={search_term_string}\"},\"query-input\":{\"@type\":\"PropertyValueSpecification\",\"valueRequired\":true,\"valueName\":\"search_term_string\"}}],\"inLanguage\":\"de\"},{\"@type\":\"Organization\",\"@id\":\"https:\\\/\\\/www.mira.fi\\\/#organization\",\"name\":\"Mira-Tex Oy\",\"url\":\"https:\\\/\\\/www.mira.fi\\\/\",\"logo\":{\"@type\":\"ImageObject\",\"inLanguage\":\"de\",\"@id\":\"https:\\\/\\\/www.mira.fi\\\/#\\\/schema\\\/logo\\\/image\\\/\",\"url\":\"https:\\\/\\\/www.mira.fi\\\/wp-content\\\/uploads\\\/favicon.png\",\"contentUrl\":\"https:\\\/\\\/www.mira.fi\\\/wp-content\\\/uploads\\\/favicon.png\",\"width\":600,\"height\":600,\"caption\":\"Mira-Tex Oy\"},\"image\":{\"@id\":\"https:\\\/\\\/www.mira.fi\\\/#\\\/schema\\\/logo\\\/image\\\/\"}}]}<\/script>\n<!-- \/ Yoast SEO plugin. -->","yoast_head_json":{"title":"Mira Allwetter-Trainingsset - Mira-Tex Oy","robots":{"index":"index","follow":"follow","max-snippet":"max-snippet:-1","max-image-preview":"max-image-preview:large","max-video-preview":"max-video-preview:-1"},"canonical":"https:\/\/www.mira.fi\/de\/product\/mira-allwetter-trainingsset\/","og_locale":"de_DE","og_type":"article","og_title":"Mira Allwetter-Trainingsset - Mira-Tex Oy","og_description":"Mira Allwetter-Arbeitsset mit atmungsaktivem Mesh- und Polyesterfutter. Wind- und wasserdichtes [...]","og_url":"https:\/\/www.mira.fi\/de\/product\/mira-allwetter-trainingsset\/","og_site_name":"Mira-Tex Oy","article_modified_time":"2026-01-16T07:59:55+00:00","og_image":[{"width":2048,"height":2048,"url":"https:\/\/www.mira.fi\/wp-content\/uploads\/Mira-All-weather-working-set-1-9.jpg","type":"image\/jpeg"}],"twitter_card":"summary_large_image","twitter_misc":{"Gesch\u00e4tzte Lesezeit":"1\u00a0Minute"},"schema":{"@context":"https:\/\/schema.org","@graph":[{"@type":"WebPage","@id":"https:\/\/www.mira.fi\/de\/product\/mira-allwetter-trainingsset\/","url":"https:\/\/www.mira.fi\/de\/product\/mira-allwetter-trainingsset\/","name":"Mira Allwetter-Trainingsset - Mira-Tex Oy","isPartOf":{"@id":"https:\/\/www.mira.fi\/#website"},"primaryImageOfPage":{"@id":"https:\/\/www.mira.fi\/de\/product\/mira-allwetter-trainingsset\/#primaryimage"},"image":{"@id":"https:\/\/www.mira.fi\/de\/product\/mira-allwetter-trainingsset\/#primaryimage"},"thumbnailUrl":"https:\/\/www.mira.fi\/wp-content\/uploads\/Mira-All-weather-working-set-1-9.jpg","datePublished":"2021-05-06T07:56:08+00:00","dateModified":"2026-01-16T07:59:55+00:00","breadcrumb":{"@id":"https:\/\/www.mira.fi\/de\/product\/mira-allwetter-trainingsset\/#breadcrumb"},"inLanguage":"de","potentialAction":[{"@type":"ReadAction","target":["https:\/\/www.mira.fi\/de\/product\/mira-allwetter-trainingsset\/"]}]},{"@type":"ImageObject","inLanguage":"de","@id":"https:\/\/www.mira.fi\/de\/product\/mira-allwetter-trainingsset\/#primaryimage","url":"https:\/\/www.mira.fi\/wp-content\/uploads\/Mira-All-weather-working-set-1-9.jpg","contentUrl":"https:\/\/www.mira.fi\/wp-content\/uploads\/Mira-All-weather-working-set-1-9.jpg","width":2048,"height":2048,"caption":"Mira Allwetter-Trainingsset"},{"@type":"BreadcrumbList","@id":"https:\/\/www.mira.fi\/de\/product\/mira-allwetter-trainingsset\/#breadcrumb","itemListElement":[{"@type":"ListItem","position":1,"name":"Etusivu","item":"https:\/\/www.mira.fi\/de\/massgeschneidert\/"},{"@type":"ListItem","position":2,"name":"Shop","item":"https:\/\/www.mira.fi\/de\/shop\/"},{"@type":"ListItem","position":3,"name":"Mira Allwetter-Trainingsset"}]},{"@type":"WebSite","@id":"https:\/\/www.mira.fi\/#website","url":"https:\/\/www.mira.fi\/","name":"Mira-Tex Oy","description":"F\u00fchrender Hersteller von Pferderennsportbekleidung","publisher":{"@id":"https:\/\/www.mira.fi\/#organization"},"potentialAction":[{"@type":"SearchAction","target":{"@type":"EntryPoint","urlTemplate":"https:\/\/www.mira.fi\/?s={search_term_string}"},"query-input":{"@type":"PropertyValueSpecification","valueRequired":true,"valueName":"search_term_string"}}],"inLanguage":"de"},{"@type":"Organization","@id":"https:\/\/www.mira.fi\/#organization","name":"Mira-Tex Oy","url":"https:\/\/www.mira.fi\/","logo":{"@type":"ImageObject","inLanguage":"de","@id":"https:\/\/www.mira.fi\/#\/schema\/logo\/image\/","url":"https:\/\/www.mira.fi\/wp-content\/uploads\/favicon.png","contentUrl":"https:\/\/www.mira.fi\/wp-content\/uploads\/favicon.png","width":600,"height":600,"caption":"Mira-Tex Oy"},"image":{"@id":"https:\/\/www.mira.fi\/#\/schema\/logo\/image\/"}}]}},"_links":{"self":[{"href":"https:\/\/www.mira.fi\/de\/wp-json\/wp\/v2\/product\/8314","targetHints":{"allow":["GET"]}}],"collection":[{"href":"https:\/\/www.mira.fi\/de\/wp-json\/wp\/v2\/product"}],"about":[{"href":"https:\/\/www.mira.fi\/de\/wp-json\/wp\/v2\/types\/product"}],"wp:featuredmedia":[{"embeddable":true,"href":"https:\/\/www.mira.fi\/de\/wp-json\/wp\/v2\/media\/8315"}],"wp:attachment":[{"href":"https:\/\/www.mira.fi\/de\/wp-json\/wp\/v2\/media?parent=8314"}],"wp:term":[{"taxonomy":"product_brand","embeddable":true,"href":"https:\/\/www.mira.fi\/de\/wp-json\/wp\/v2\/product_brand?post=8314"},{"taxonomy":"product_cat","embeddable":true,"href":"https:\/\/www.mira.fi\/de\/wp-json\/wp\/v2\/product_cat?post=8314"},{"taxonomy":"product_tag","embeddable":true,"href":"https:\/\/www.mira.fi\/de\/wp-json\/wp\/v2\/product_tag?post=8314"}],"curies":[{"name":"wp","href":"https:\/\/api.w.org\/{rel}","templated":true}]}}