{"id":8998,"date":"2021-06-05T10:56:00","date_gmt":"2021-05-06T07:56:01","guid":{"rendered":"https:\/\/www.mira.fi\/product\/mira-superpolo-rollkragen\/"},"modified":"2026-01-16T10:32:12","modified_gmt":"2026-01-16T08:32:12","slug":"mira-superpolo-rollkragen","status":"publish","type":"product","link":"https:\/\/www.mira.fi\/de\/product\/mira-superpolo-rollkragen\/","title":{"rendered":"Mira Thermo-Polo, Rollkragen"},"content":{"rendered":"<p>Dehnbares und warmes Mira Poloshirt mit langen \u00c4rmeln. Hoher, weicher und elastischer Rollkragen. Sch\u00fctzt deinen Hals vor Staub und Kies. H\u00e4lt deinen Hals bei kaltem Wetter warm. Ein wei\u00dfer, stylischer Kragen vervollst\u00e4ndigt dein Rennoutfit.    <\/p>\n","protected":false},"excerpt":{"rendered":"<p>Dehnbares und warmes Mira Poloshirt mit langen \u00c4rmeln. Hoher, weicher  [&#8230;]<\/p>\n","protected":false},"featured_media":8999,"template":"","meta":[],"product_brand":[],"product_cat":[1867,1870],"product_tag":[],"class_list":{"0":"post-8998","1":"product","2":"type-product","3":"status-publish","4":"has-post-thumbnail","6":"product_cat-rennbekleidung","7":"product_cat-arbeitskleidung","8":"pa_size-m","9":"pa_size-xl","10":"pa_size-xs","11":"pa_size-xxl","13":"first","14":"instock","15":"taxable","16":"shipping-taxable","17":"purchasable","18":"product-type-variable","19":"has-default-attributes"},"yoast_head":"<!-- This site is optimized with the Yoast SEO plugin v27.3 - https:\/\/yoast.com\/product\/yoast-seo-wordpress\/ -->\n<title>Mira Thermo-Polo, Rollkragen - Mira-Tex Oy<\/title>\n<meta name=\"robots\" content=\"index, follow, max-snippet:-1, max-image-preview:large, max-video-preview:-1\" \/>\n<link rel=\"canonical\" href=\"https:\/\/www.mira.fi\/de\/product\/mira-superpolo-rollkragen\/\" \/>\n<meta property=\"og:locale\" content=\"de_DE\" \/>\n<meta property=\"og:type\" content=\"article\" \/>\n<meta property=\"og:title\" content=\"Mira Thermo-Polo, Rollkragen - Mira-Tex Oy\" \/>\n<meta property=\"og:description\" content=\"Dehnbares und warmes Mira Poloshirt mit langen \u00c4rmeln. Hoher, weicher [...]\" \/>\n<meta property=\"og:url\" content=\"https:\/\/www.mira.fi\/de\/product\/mira-superpolo-rollkragen\/\" \/>\n<meta property=\"og:site_name\" content=\"Mira-Tex Oy\" \/>\n<meta property=\"article:modified_time\" content=\"2026-01-16T08:32:12+00:00\" \/>\n<meta property=\"og:image\" content=\"https:\/\/www.mira.fi\/wp-content\/uploads\/IMG_8093-Edit-Edit-1.jpg\" \/>\n\t<meta property=\"og:image:width\" content=\"2048\" \/>\n\t<meta property=\"og:image:height\" content=\"2048\" \/>\n\t<meta property=\"og:image:type\" content=\"image\/jpeg\" \/>\n<meta name=\"twitter:card\" content=\"summary_large_image\" \/>\n<script type=\"application\/ld+json\" class=\"yoast-schema-graph\">{\"@context\":\"https:\\\/\\\/schema.org\",\"@graph\":[{\"@type\":\"WebPage\",\"@id\":\"https:\\\/\\\/www.mira.fi\\\/de\\\/product\\\/mira-superpolo-rollkragen\\\/\",\"url\":\"https:\\\/\\\/www.mira.fi\\\/de\\\/product\\\/mira-superpolo-rollkragen\\\/\",\"name\":\"Mira Thermo-Polo, Rollkragen - Mira-Tex Oy\",\"isPartOf\":{\"@id\":\"https:\\\/\\\/www.mira.fi\\\/#website\"},\"primaryImageOfPage\":{\"@id\":\"https:\\\/\\\/www.mira.fi\\\/de\\\/product\\\/mira-superpolo-rollkragen\\\/#primaryimage\"},\"image\":{\"@id\":\"https:\\\/\\\/www.mira.fi\\\/de\\\/product\\\/mira-superpolo-rollkragen\\\/#primaryimage\"},\"thumbnailUrl\":\"https:\\\/\\\/www.mira.fi\\\/wp-content\\\/uploads\\\/IMG_8093-Edit-Edit-1.jpg\",\"datePublished\":\"2021-05-06T07:56:01+00:00\",\"dateModified\":\"2026-01-16T08:32:12+00:00\",\"breadcrumb\":{\"@id\":\"https:\\\/\\\/www.mira.fi\\\/de\\\/product\\\/mira-superpolo-rollkragen\\\/#breadcrumb\"},\"inLanguage\":\"de\",\"potentialAction\":[{\"@type\":\"ReadAction\",\"target\":[\"https:\\\/\\\/www.mira.fi\\\/de\\\/product\\\/mira-superpolo-rollkragen\\\/\"]}]},{\"@type\":\"ImageObject\",\"inLanguage\":\"de\",\"@id\":\"https:\\\/\\\/www.mira.fi\\\/de\\\/product\\\/mira-superpolo-rollkragen\\\/#primaryimage\",\"url\":\"https:\\\/\\\/www.mira.fi\\\/wp-content\\\/uploads\\\/IMG_8093-Edit-Edit-1.jpg\",\"contentUrl\":\"https:\\\/\\\/www.mira.fi\\\/wp-content\\\/uploads\\\/IMG_8093-Edit-Edit-1.jpg\",\"width\":2048,\"height\":2048,\"caption\":\"Mira Superpolo, Rollkragen\"},{\"@type\":\"BreadcrumbList\",\"@id\":\"https:\\\/\\\/www.mira.fi\\\/de\\\/product\\\/mira-superpolo-rollkragen\\\/#breadcrumb\",\"itemListElement\":[{\"@type\":\"ListItem\",\"position\":1,\"name\":\"Etusivu\",\"item\":\"https:\\\/\\\/www.mira.fi\\\/de\\\/massgeschneidert\\\/\"},{\"@type\":\"ListItem\",\"position\":2,\"name\":\"Shop\",\"item\":\"https:\\\/\\\/www.mira.fi\\\/de\\\/shop\\\/\"},{\"@type\":\"ListItem\",\"position\":3,\"name\":\"Mira Thermo-Polo, Rollkragen\"}]},{\"@type\":\"WebSite\",\"@id\":\"https:\\\/\\\/www.mira.fi\\\/#website\",\"url\":\"https:\\\/\\\/www.mira.fi\\\/\",\"name\":\"Mira-Tex Oy\",\"description\":\"F\u00fchrender Hersteller von Pferderennsportbekleidung\",\"publisher\":{\"@id\":\"https:\\\/\\\/www.mira.fi\\\/#organization\"},\"potentialAction\":[{\"@type\":\"SearchAction\",\"target\":{\"@type\":\"EntryPoint\",\"urlTemplate\":\"https:\\\/\\\/www.mira.fi\\\/?s={search_term_string}\"},\"query-input\":{\"@type\":\"PropertyValueSpecification\",\"valueRequired\":true,\"valueName\":\"search_term_string\"}}],\"inLanguage\":\"de\"},{\"@type\":\"Organization\",\"@id\":\"https:\\\/\\\/www.mira.fi\\\/#organization\",\"name\":\"Mira-Tex Oy\",\"url\":\"https:\\\/\\\/www.mira.fi\\\/\",\"logo\":{\"@type\":\"ImageObject\",\"inLanguage\":\"de\",\"@id\":\"https:\\\/\\\/www.mira.fi\\\/#\\\/schema\\\/logo\\\/image\\\/\",\"url\":\"https:\\\/\\\/www.mira.fi\\\/wp-content\\\/uploads\\\/favicon.png\",\"contentUrl\":\"https:\\\/\\\/www.mira.fi\\\/wp-content\\\/uploads\\\/favicon.png\",\"width\":600,\"height\":600,\"caption\":\"Mira-Tex Oy\"},\"image\":{\"@id\":\"https:\\\/\\\/www.mira.fi\\\/#\\\/schema\\\/logo\\\/image\\\/\"}}]}<\/script>\n<!-- \/ Yoast SEO plugin. -->","yoast_head_json":{"title":"Mira Thermo-Polo, Rollkragen - Mira-Tex Oy","robots":{"index":"index","follow":"follow","max-snippet":"max-snippet:-1","max-image-preview":"max-image-preview:large","max-video-preview":"max-video-preview:-1"},"canonical":"https:\/\/www.mira.fi\/de\/product\/mira-superpolo-rollkragen\/","og_locale":"de_DE","og_type":"article","og_title":"Mira Thermo-Polo, Rollkragen - Mira-Tex Oy","og_description":"Dehnbares und warmes Mira Poloshirt mit langen \u00c4rmeln. Hoher, weicher [...]","og_url":"https:\/\/www.mira.fi\/de\/product\/mira-superpolo-rollkragen\/","og_site_name":"Mira-Tex Oy","article_modified_time":"2026-01-16T08:32:12+00:00","og_image":[{"width":2048,"height":2048,"url":"https:\/\/www.mira.fi\/wp-content\/uploads\/IMG_8093-Edit-Edit-1.jpg","type":"image\/jpeg"}],"twitter_card":"summary_large_image","schema":{"@context":"https:\/\/schema.org","@graph":[{"@type":"WebPage","@id":"https:\/\/www.mira.fi\/de\/product\/mira-superpolo-rollkragen\/","url":"https:\/\/www.mira.fi\/de\/product\/mira-superpolo-rollkragen\/","name":"Mira Thermo-Polo, Rollkragen - Mira-Tex Oy","isPartOf":{"@id":"https:\/\/www.mira.fi\/#website"},"primaryImageOfPage":{"@id":"https:\/\/www.mira.fi\/de\/product\/mira-superpolo-rollkragen\/#primaryimage"},"image":{"@id":"https:\/\/www.mira.fi\/de\/product\/mira-superpolo-rollkragen\/#primaryimage"},"thumbnailUrl":"https:\/\/www.mira.fi\/wp-content\/uploads\/IMG_8093-Edit-Edit-1.jpg","datePublished":"2021-05-06T07:56:01+00:00","dateModified":"2026-01-16T08:32:12+00:00","breadcrumb":{"@id":"https:\/\/www.mira.fi\/de\/product\/mira-superpolo-rollkragen\/#breadcrumb"},"inLanguage":"de","potentialAction":[{"@type":"ReadAction","target":["https:\/\/www.mira.fi\/de\/product\/mira-superpolo-rollkragen\/"]}]},{"@type":"ImageObject","inLanguage":"de","@id":"https:\/\/www.mira.fi\/de\/product\/mira-superpolo-rollkragen\/#primaryimage","url":"https:\/\/www.mira.fi\/wp-content\/uploads\/IMG_8093-Edit-Edit-1.jpg","contentUrl":"https:\/\/www.mira.fi\/wp-content\/uploads\/IMG_8093-Edit-Edit-1.jpg","width":2048,"height":2048,"caption":"Mira Superpolo, Rollkragen"},{"@type":"BreadcrumbList","@id":"https:\/\/www.mira.fi\/de\/product\/mira-superpolo-rollkragen\/#breadcrumb","itemListElement":[{"@type":"ListItem","position":1,"name":"Etusivu","item":"https:\/\/www.mira.fi\/de\/massgeschneidert\/"},{"@type":"ListItem","position":2,"name":"Shop","item":"https:\/\/www.mira.fi\/de\/shop\/"},{"@type":"ListItem","position":3,"name":"Mira Thermo-Polo, Rollkragen"}]},{"@type":"WebSite","@id":"https:\/\/www.mira.fi\/#website","url":"https:\/\/www.mira.fi\/","name":"Mira-Tex Oy","description":"F\u00fchrender Hersteller von Pferderennsportbekleidung","publisher":{"@id":"https:\/\/www.mira.fi\/#organization"},"potentialAction":[{"@type":"SearchAction","target":{"@type":"EntryPoint","urlTemplate":"https:\/\/www.mira.fi\/?s={search_term_string}"},"query-input":{"@type":"PropertyValueSpecification","valueRequired":true,"valueName":"search_term_string"}}],"inLanguage":"de"},{"@type":"Organization","@id":"https:\/\/www.mira.fi\/#organization","name":"Mira-Tex Oy","url":"https:\/\/www.mira.fi\/","logo":{"@type":"ImageObject","inLanguage":"de","@id":"https:\/\/www.mira.fi\/#\/schema\/logo\/image\/","url":"https:\/\/www.mira.fi\/wp-content\/uploads\/favicon.png","contentUrl":"https:\/\/www.mira.fi\/wp-content\/uploads\/favicon.png","width":600,"height":600,"caption":"Mira-Tex Oy"},"image":{"@id":"https:\/\/www.mira.fi\/#\/schema\/logo\/image\/"}}]}},"_links":{"self":[{"href":"https:\/\/www.mira.fi\/de\/wp-json\/wp\/v2\/product\/8998","targetHints":{"allow":["GET"]}}],"collection":[{"href":"https:\/\/www.mira.fi\/de\/wp-json\/wp\/v2\/product"}],"about":[{"href":"https:\/\/www.mira.fi\/de\/wp-json\/wp\/v2\/types\/product"}],"wp:featuredmedia":[{"embeddable":true,"href":"https:\/\/www.mira.fi\/de\/wp-json\/wp\/v2\/media\/8999"}],"wp:attachment":[{"href":"https:\/\/www.mira.fi\/de\/wp-json\/wp\/v2\/media?parent=8998"}],"wp:term":[{"taxonomy":"product_brand","embeddable":true,"href":"https:\/\/www.mira.fi\/de\/wp-json\/wp\/v2\/product_brand?post=8998"},{"taxonomy":"product_cat","embeddable":true,"href":"https:\/\/www.mira.fi\/de\/wp-json\/wp\/v2\/product_cat?post=8998"},{"taxonomy":"product_tag","embeddable":true,"href":"https:\/\/www.mira.fi\/de\/wp-json\/wp\/v2\/product_tag?post=8998"}],"curies":[{"name":"wp","href":"https:\/\/api.w.org\/{rel}","templated":true}]}}