{"id":9142,"date":"2025-05-12T14:38:23","date_gmt":"2025-05-12T11:38:23","guid":{"rendered":"https:\/\/www.mira.fi\/product\/mira-workhard-herrenhose\/"},"modified":"2025-11-11T20:24:36","modified_gmt":"2025-11-11T18:24:36","slug":"mira-workhard-herrenhose","status":"publish","type":"product","link":"https:\/\/www.mira.fi\/de\/product\/mira-workhard-herrenhose\/","title":{"rendered":"Mira WorkHard Herrenhose"},"content":{"rendered":"<p>Bequeme und stilvolle Herren-Arbeitshose f\u00fcr den aktiven Einsatz. Geeignet f\u00fcr Arbeit und Freizeit. Sorgf\u00e4ltig durchdachte Details sorgen f\u00fcr hervorragenden Komfort und Funktionalit\u00e4t.  <\/p>\n<ul>\n<li>Dehnbares, atmungsaktives Gewebe, das Schmutz und Wasser abweist<\/li>\n<li>Gut sitzendes Design mit verst\u00e4rkten Knien<\/li>\n<li>Klettverschluss an den Bein\u00f6ffnungen<\/li>\n<li>Rei\u00dfverschlusstaschen an beiden Oberschenkeln<\/li>\n<li>G\u00fcrtelschlaufen am Bund<\/li>\n<li>Herrenmodell erh\u00e4ltlich in den Gr\u00f6\u00dfen S\u20133XL<\/li>\n<\/ul>\n<p>\u2022 Stickoption auf beiden Oberschenkeltaschen<\/p>\n","protected":false},"excerpt":{"rendered":"<p>Bequeme und stilvolle Herren-Arbeitshose f\u00fcr den aktiven Einsatz. Geeignet f\u00fcr  [&#8230;]<\/p>\n","protected":false},"featured_media":9143,"template":"","meta":[],"product_brand":[],"product_cat":[1876,1870],"product_tag":[1922],"class_list":{"0":"post-9142","1":"product","2":"type-product","3":"status-publish","4":"has-post-thumbnail","6":"product_cat-freizeitkleidung","7":"product_cat-arbeitskleidung","8":"product_tag-deals","9":"pa_size-m","10":"pa_size-xl","11":"pa_size-xxl","13":"first","14":"instock","15":"taxable","16":"shipping-taxable","17":"product-type-variable"},"yoast_head":"<!-- This site is optimized with the Yoast SEO plugin v27.5 - https:\/\/yoast.com\/product\/yoast-seo-wordpress\/ -->\n<title>Mira WorkHard Herrenhose - Mira-Tex Oy<\/title>\n<meta name=\"robots\" content=\"index, follow, max-snippet:-1, max-image-preview:large, max-video-preview:-1\" \/>\n<link rel=\"canonical\" href=\"https:\/\/www.mira.fi\/de\/product\/mira-workhard-herrenhose\/\" \/>\n<meta property=\"og:locale\" content=\"de_DE\" \/>\n<meta property=\"og:type\" content=\"article\" \/>\n<meta property=\"og:title\" content=\"Mira WorkHard Herrenhose - Mira-Tex Oy\" \/>\n<meta property=\"og:description\" content=\"Bequeme und stilvolle Herren-Arbeitshose f\u00fcr den aktiven Einsatz. Geeignet f\u00fcr [...]\" \/>\n<meta property=\"og:url\" content=\"https:\/\/www.mira.fi\/de\/product\/mira-workhard-herrenhose\/\" \/>\n<meta property=\"og:site_name\" content=\"Mira-Tex Oy\" \/>\n<meta property=\"article:modified_time\" content=\"2025-11-11T18:24:36+00:00\" \/>\n<meta property=\"og:image\" content=\"https:\/\/www.mira.fi\/wp-content\/uploads\/504-Mira-WorkHard-Pants-men-scaled.png\" \/>\n\t<meta property=\"og:image:width\" content=\"1487\" \/>\n\t<meta property=\"og:image:height\" content=\"2560\" \/>\n\t<meta property=\"og:image:type\" content=\"image\/png\" \/>\n<meta name=\"twitter:card\" content=\"summary_large_image\" \/>\n<script type=\"application\/ld+json\" class=\"yoast-schema-graph\">{\"@context\":\"https:\\\/\\\/schema.org\",\"@graph\":[{\"@type\":\"WebPage\",\"@id\":\"https:\\\/\\\/www.mira.fi\\\/de\\\/product\\\/mira-workhard-herrenhose\\\/\",\"url\":\"https:\\\/\\\/www.mira.fi\\\/de\\\/product\\\/mira-workhard-herrenhose\\\/\",\"name\":\"Mira WorkHard Herrenhose - Mira-Tex Oy\",\"isPartOf\":{\"@id\":\"https:\\\/\\\/www.mira.fi\\\/#website\"},\"primaryImageOfPage\":{\"@id\":\"https:\\\/\\\/www.mira.fi\\\/de\\\/product\\\/mira-workhard-herrenhose\\\/#primaryimage\"},\"image\":{\"@id\":\"https:\\\/\\\/www.mira.fi\\\/de\\\/product\\\/mira-workhard-herrenhose\\\/#primaryimage\"},\"thumbnailUrl\":\"https:\\\/\\\/www.mira.fi\\\/wp-content\\\/uploads\\\/504-Mira-WorkHard-Pants-men-scaled.png\",\"datePublished\":\"2025-05-12T11:38:23+00:00\",\"dateModified\":\"2025-11-11T18:24:36+00:00\",\"breadcrumb\":{\"@id\":\"https:\\\/\\\/www.mira.fi\\\/de\\\/product\\\/mira-workhard-herrenhose\\\/#breadcrumb\"},\"inLanguage\":\"de\",\"potentialAction\":[{\"@type\":\"ReadAction\",\"target\":[\"https:\\\/\\\/www.mira.fi\\\/de\\\/product\\\/mira-workhard-herrenhose\\\/\"]}]},{\"@type\":\"ImageObject\",\"inLanguage\":\"de\",\"@id\":\"https:\\\/\\\/www.mira.fi\\\/de\\\/product\\\/mira-workhard-herrenhose\\\/#primaryimage\",\"url\":\"https:\\\/\\\/www.mira.fi\\\/wp-content\\\/uploads\\\/504-Mira-WorkHard-Pants-men-scaled.png\",\"contentUrl\":\"https:\\\/\\\/www.mira.fi\\\/wp-content\\\/uploads\\\/504-Mira-WorkHard-Pants-men-scaled.png\",\"width\":1487,\"height\":2560},{\"@type\":\"BreadcrumbList\",\"@id\":\"https:\\\/\\\/www.mira.fi\\\/de\\\/product\\\/mira-workhard-herrenhose\\\/#breadcrumb\",\"itemListElement\":[{\"@type\":\"ListItem\",\"position\":1,\"name\":\"Etusivu\",\"item\":\"https:\\\/\\\/www.mira.fi\\\/de\\\/massgeschneidert\\\/\"},{\"@type\":\"ListItem\",\"position\":2,\"name\":\"Shop\",\"item\":\"https:\\\/\\\/www.mira.fi\\\/de\\\/shop\\\/\"},{\"@type\":\"ListItem\",\"position\":3,\"name\":\"Mira WorkHard Herrenhose\"}]},{\"@type\":\"WebSite\",\"@id\":\"https:\\\/\\\/www.mira.fi\\\/#website\",\"url\":\"https:\\\/\\\/www.mira.fi\\\/\",\"name\":\"Mira-Tex Oy\",\"description\":\"F\u00fchrender Hersteller von Pferderennsportbekleidung\",\"publisher\":{\"@id\":\"https:\\\/\\\/www.mira.fi\\\/#organization\"},\"potentialAction\":[{\"@type\":\"SearchAction\",\"target\":{\"@type\":\"EntryPoint\",\"urlTemplate\":\"https:\\\/\\\/www.mira.fi\\\/?s={search_term_string}\"},\"query-input\":{\"@type\":\"PropertyValueSpecification\",\"valueRequired\":true,\"valueName\":\"search_term_string\"}}],\"inLanguage\":\"de\"},{\"@type\":\"Organization\",\"@id\":\"https:\\\/\\\/www.mira.fi\\\/#organization\",\"name\":\"Mira-Tex Oy\",\"url\":\"https:\\\/\\\/www.mira.fi\\\/\",\"logo\":{\"@type\":\"ImageObject\",\"inLanguage\":\"de\",\"@id\":\"https:\\\/\\\/www.mira.fi\\\/#\\\/schema\\\/logo\\\/image\\\/\",\"url\":\"https:\\\/\\\/www.mira.fi\\\/wp-content\\\/uploads\\\/favicon.png\",\"contentUrl\":\"https:\\\/\\\/www.mira.fi\\\/wp-content\\\/uploads\\\/favicon.png\",\"width\":600,\"height\":600,\"caption\":\"Mira-Tex Oy\"},\"image\":{\"@id\":\"https:\\\/\\\/www.mira.fi\\\/#\\\/schema\\\/logo\\\/image\\\/\"}}]}<\/script>\n<!-- \/ Yoast SEO plugin. -->","yoast_head_json":{"title":"Mira WorkHard Herrenhose - Mira-Tex Oy","robots":{"index":"index","follow":"follow","max-snippet":"max-snippet:-1","max-image-preview":"max-image-preview:large","max-video-preview":"max-video-preview:-1"},"canonical":"https:\/\/www.mira.fi\/de\/product\/mira-workhard-herrenhose\/","og_locale":"de_DE","og_type":"article","og_title":"Mira WorkHard Herrenhose - Mira-Tex Oy","og_description":"Bequeme und stilvolle Herren-Arbeitshose f\u00fcr den aktiven Einsatz. Geeignet f\u00fcr [...]","og_url":"https:\/\/www.mira.fi\/de\/product\/mira-workhard-herrenhose\/","og_site_name":"Mira-Tex Oy","article_modified_time":"2025-11-11T18:24:36+00:00","og_image":[{"width":1487,"height":2560,"url":"https:\/\/www.mira.fi\/wp-content\/uploads\/504-Mira-WorkHard-Pants-men-scaled.png","type":"image\/png"}],"twitter_card":"summary_large_image","schema":{"@context":"https:\/\/schema.org","@graph":[{"@type":"WebPage","@id":"https:\/\/www.mira.fi\/de\/product\/mira-workhard-herrenhose\/","url":"https:\/\/www.mira.fi\/de\/product\/mira-workhard-herrenhose\/","name":"Mira WorkHard Herrenhose - Mira-Tex Oy","isPartOf":{"@id":"https:\/\/www.mira.fi\/#website"},"primaryImageOfPage":{"@id":"https:\/\/www.mira.fi\/de\/product\/mira-workhard-herrenhose\/#primaryimage"},"image":{"@id":"https:\/\/www.mira.fi\/de\/product\/mira-workhard-herrenhose\/#primaryimage"},"thumbnailUrl":"https:\/\/www.mira.fi\/wp-content\/uploads\/504-Mira-WorkHard-Pants-men-scaled.png","datePublished":"2025-05-12T11:38:23+00:00","dateModified":"2025-11-11T18:24:36+00:00","breadcrumb":{"@id":"https:\/\/www.mira.fi\/de\/product\/mira-workhard-herrenhose\/#breadcrumb"},"inLanguage":"de","potentialAction":[{"@type":"ReadAction","target":["https:\/\/www.mira.fi\/de\/product\/mira-workhard-herrenhose\/"]}]},{"@type":"ImageObject","inLanguage":"de","@id":"https:\/\/www.mira.fi\/de\/product\/mira-workhard-herrenhose\/#primaryimage","url":"https:\/\/www.mira.fi\/wp-content\/uploads\/504-Mira-WorkHard-Pants-men-scaled.png","contentUrl":"https:\/\/www.mira.fi\/wp-content\/uploads\/504-Mira-WorkHard-Pants-men-scaled.png","width":1487,"height":2560},{"@type":"BreadcrumbList","@id":"https:\/\/www.mira.fi\/de\/product\/mira-workhard-herrenhose\/#breadcrumb","itemListElement":[{"@type":"ListItem","position":1,"name":"Etusivu","item":"https:\/\/www.mira.fi\/de\/massgeschneidert\/"},{"@type":"ListItem","position":2,"name":"Shop","item":"https:\/\/www.mira.fi\/de\/shop\/"},{"@type":"ListItem","position":3,"name":"Mira WorkHard Herrenhose"}]},{"@type":"WebSite","@id":"https:\/\/www.mira.fi\/#website","url":"https:\/\/www.mira.fi\/","name":"Mira-Tex Oy","description":"F\u00fchrender Hersteller von Pferderennsportbekleidung","publisher":{"@id":"https:\/\/www.mira.fi\/#organization"},"potentialAction":[{"@type":"SearchAction","target":{"@type":"EntryPoint","urlTemplate":"https:\/\/www.mira.fi\/?s={search_term_string}"},"query-input":{"@type":"PropertyValueSpecification","valueRequired":true,"valueName":"search_term_string"}}],"inLanguage":"de"},{"@type":"Organization","@id":"https:\/\/www.mira.fi\/#organization","name":"Mira-Tex Oy","url":"https:\/\/www.mira.fi\/","logo":{"@type":"ImageObject","inLanguage":"de","@id":"https:\/\/www.mira.fi\/#\/schema\/logo\/image\/","url":"https:\/\/www.mira.fi\/wp-content\/uploads\/favicon.png","contentUrl":"https:\/\/www.mira.fi\/wp-content\/uploads\/favicon.png","width":600,"height":600,"caption":"Mira-Tex Oy"},"image":{"@id":"https:\/\/www.mira.fi\/#\/schema\/logo\/image\/"}}]}},"_links":{"self":[{"href":"https:\/\/www.mira.fi\/de\/wp-json\/wp\/v2\/product\/9142","targetHints":{"allow":["GET"]}}],"collection":[{"href":"https:\/\/www.mira.fi\/de\/wp-json\/wp\/v2\/product"}],"about":[{"href":"https:\/\/www.mira.fi\/de\/wp-json\/wp\/v2\/types\/product"}],"wp:featuredmedia":[{"embeddable":true,"href":"https:\/\/www.mira.fi\/de\/wp-json\/wp\/v2\/media\/9143"}],"wp:attachment":[{"href":"https:\/\/www.mira.fi\/de\/wp-json\/wp\/v2\/media?parent=9142"}],"wp:term":[{"taxonomy":"product_brand","embeddable":true,"href":"https:\/\/www.mira.fi\/de\/wp-json\/wp\/v2\/product_brand?post=9142"},{"taxonomy":"product_cat","embeddable":true,"href":"https:\/\/www.mira.fi\/de\/wp-json\/wp\/v2\/product_cat?post=9142"},{"taxonomy":"product_tag","embeddable":true,"href":"https:\/\/www.mira.fi\/de\/wp-json\/wp\/v2\/product_tag?post=9142"}],"curies":[{"name":"wp","href":"https:\/\/api.w.org\/{rel}","templated":true}]}}