{"id":9761,"date":"2025-12-10T11:04:23","date_gmt":"2025-12-10T09:04:23","guid":{"rendered":"https:\/\/www.mira.fi\/product\/neues-mira-allwetter-trainingsset\/"},"modified":"2026-01-16T09:58:51","modified_gmt":"2026-01-16T07:58:51","slug":"neues-mira-allwetter-trainingsset","status":"publish","type":"product","link":"https:\/\/www.mira.fi\/de\/product\/neues-mira-allwetter-trainingsset\/","title":{"rendered":"NEUES Mira Allwetter-Trainingsset"},"content":{"rendered":"<h3 data-start=\"89\" data-end=\"164\"><strong data-start=\"93\" data-end=\"164\">Mira Allwetter-Arbeitsset \u2013 Leicht, flexibel &amp; f\u00fcr echte Arbeit gemacht<\/strong><\/h3>\n<p data-start=\"166\" data-end=\"455\">Das neue Mira Allwetter-Arbeitsset wurde f\u00fcr das moderne Reitlerleben entwickelt, wo Komfort, Bewegungsfreiheit und Zuverl\u00e4ssigkeit wirklich z\u00e4hlen. Hergestellt aus einem <strong data-start=\"310\" data-end=\"354\">leichten und hochflexiblen Material<\/strong>, f\u00fchlt sich dieser Anzug weich und nat\u00fcrlich an und macht die t\u00e4gliche Arbeit sp\u00fcrbar einfacher und bequemer. <\/p>\n<p data-start=\"457\" data-end=\"750\">Der hohe, gut geformte Kragen sch\u00fctzt effektiv vor Wind und Regen und bietet gleichzeitig eine bequeme, anliegende Passform. Praktische Brust- und Vordertaschen verf\u00fcgen \u00fcber leichtg\u00e4ngige Rei\u00dfverschl\u00fcsse zur sicheren Aufbewahrung im Alltag. Die Passform ist modern und funktionell und folgt den K\u00f6rperbewegungen ohne Einschr\u00e4nkung.  <\/p>\n<p data-start=\"752\" data-end=\"927\">Das Mira Allwetter-Arbeitsset ist zuverl\u00e4ssig, bequem und f\u00fcr lange Arbeitstage gebaut und bietet die perfekte Balance zwischen <strong data-start=\"878\" data-end=\"926\">Leistung, Schutz und ganzt\u00e4gigem Komfort<\/strong>.<\/p>\n<p data-start=\"929\" data-end=\"1107\"><strong data-start=\"929\" data-end=\"982\">Eine individuelle Gestaltung mit gestickten Logos ist m\u00f6glich<\/strong>, was dieses Set zu einer idealen Wahl f\u00fcr St\u00e4lle, Teams und Profis macht, die Wert auf Leistung und ein einheitliches Markenimage legen.<\/p>\n","protected":false},"excerpt":{"rendered":"<p><strong data-start=\"120\" data-end=\"152\">Mira Allwetter-Arbeitskombi<\/strong><br data-start=\"152\" data-end=\"155\">Leicht, flexibel und f\u00fcr echte Arbeit gemacht. Dieses Allwetter-Set wurde f\u00fcr das moderne Reitleben entwickelt und bietet ganzt\u00e4gigen Komfort, Bewegungsfreiheit und zuverl\u00e4ssigen Schutz vor Wind und Regen. Eine moderne Passform, praktische Taschen und ein weiches, nat\u00fcrliches Gef\u00fchl machen es ideal f\u00fcr lange Arbeitstage oder die Freizeit. Kundenspezifische Stickereien f\u00fcr ein professionelles, einheitliches Erscheinungsbild verf\u00fcgbar.<\/p>\n","protected":false},"featured_media":9769,"template":"","meta":[],"product_brand":[],"product_cat":[1876,1889,1870],"product_tag":[],"class_list":{"0":"post-9761","1":"product","2":"type-product","3":"status-publish","4":"has-post-thumbnail","6":"product_cat-freizeitkleidung","7":"product_cat-angebote","8":"product_cat-arbeitskleidung","9":"pa_color-black-2","10":"pa_color-navy-blue","12":"first","13":"instock","14":"featured","15":"taxable","16":"shipping-taxable","17":"purchasable","18":"product-type-variable"},"yoast_head":"<!-- This site is optimized with the Yoast SEO plugin v27.5 - https:\/\/yoast.com\/product\/yoast-seo-wordpress\/ -->\n<title>NEUES Mira Allwetter-Trainingsset - Mira-Tex Oy<\/title>\n<meta name=\"description\" content=\"Mira Allwetter-Arbeitskombi: Leicht, flexibel und f\u00fcr echte Arbeit gemacht. Dieses Allwetter-Set wurde f\u00fcr das moderne Reitleben entwickelt und bietet ganzt\u00e4gigen Komfort, Bewegungsfreiheit und zuverl\u00e4ssigen Schutz vor Wind und Regen. Eine moderne Passform, praktische Taschen und ein weiches, nat\u00fcrliches Gef\u00fchl machen es ideal f\u00fcr lange Arbeitstage oder die Freizeit. Kundenspezifische Stickereien f\u00fcr ein professionelles, einheitliches Erscheinungsbild verf\u00fcgbar.\" \/>\n<meta name=\"robots\" content=\"index, follow, max-snippet:-1, max-image-preview:large, max-video-preview:-1\" \/>\n<link rel=\"canonical\" href=\"https:\/\/www.mira.fi\/de\/product\/neues-mira-allwetter-trainingsset\/\" \/>\n<meta property=\"og:locale\" content=\"de_DE\" \/>\n<meta property=\"og:type\" content=\"article\" \/>\n<meta property=\"og:title\" content=\"NEUES Mira Allwetter-Trainingsset - Mira-Tex Oy\" \/>\n<meta property=\"og:description\" content=\"Mira Allwetter-Arbeitskombi: Leicht, flexibel und f\u00fcr echte Arbeit gemacht. Dieses Allwetter-Set wurde f\u00fcr das moderne Reitleben entwickelt und bietet ganzt\u00e4gigen Komfort, Bewegungsfreiheit und zuverl\u00e4ssigen Schutz vor Wind und Regen. Eine moderne Passform, praktische Taschen und ein weiches, nat\u00fcrliches Gef\u00fchl machen es ideal f\u00fcr lange Arbeitstage oder die Freizeit. Kundenspezifische Stickereien f\u00fcr ein professionelles, einheitliches Erscheinungsbild verf\u00fcgbar.\" \/>\n<meta property=\"og:url\" content=\"https:\/\/www.mira.fi\/de\/product\/neues-mira-allwetter-trainingsset\/\" \/>\n<meta property=\"og:site_name\" content=\"Mira-Tex Oy\" \/>\n<meta property=\"article:modified_time\" content=\"2026-01-16T07:58:51+00:00\" \/>\n<meta property=\"og:image\" content=\"https:\/\/www.mira.fi\/wp-content\/uploads\/736-BL-scaled.jpg\" \/>\n\t<meta property=\"og:image:width\" content=\"1920\" \/>\n\t<meta property=\"og:image:height\" content=\"2560\" \/>\n\t<meta property=\"og:image:type\" content=\"image\/jpeg\" \/>\n<meta name=\"twitter:card\" content=\"summary_large_image\" \/>\n<meta name=\"twitter:label1\" content=\"Gesch\u00e4tzte Lesezeit\" \/>\n\t<meta name=\"twitter:data1\" content=\"1\u00a0Minute\" \/>\n<script type=\"application\/ld+json\" class=\"yoast-schema-graph\">{\"@context\":\"https:\\\/\\\/schema.org\",\"@graph\":[{\"@type\":\"WebPage\",\"@id\":\"https:\\\/\\\/www.mira.fi\\\/de\\\/product\\\/neues-mira-allwetter-trainingsset\\\/\",\"url\":\"https:\\\/\\\/www.mira.fi\\\/de\\\/product\\\/neues-mira-allwetter-trainingsset\\\/\",\"name\":\"NEUES Mira Allwetter-Trainingsset - Mira-Tex Oy\",\"isPartOf\":{\"@id\":\"https:\\\/\\\/www.mira.fi\\\/#website\"},\"primaryImageOfPage\":{\"@id\":\"https:\\\/\\\/www.mira.fi\\\/de\\\/product\\\/neues-mira-allwetter-trainingsset\\\/#primaryimage\"},\"image\":{\"@id\":\"https:\\\/\\\/www.mira.fi\\\/de\\\/product\\\/neues-mira-allwetter-trainingsset\\\/#primaryimage\"},\"thumbnailUrl\":\"https:\\\/\\\/www.mira.fi\\\/wp-content\\\/uploads\\\/736-BL-scaled.jpg\",\"datePublished\":\"2025-12-10T09:04:23+00:00\",\"dateModified\":\"2026-01-16T07:58:51+00:00\",\"description\":\"Mira Allwetter-Arbeitskombi: Leicht, flexibel und f\u00fcr echte Arbeit gemacht. Dieses Allwetter-Set wurde f\u00fcr das moderne Reitleben entwickelt und bietet ganzt\u00e4gigen Komfort, Bewegungsfreiheit und zuverl\u00e4ssigen Schutz vor Wind und Regen. Eine moderne Passform, praktische Taschen und ein weiches, nat\u00fcrliches Gef\u00fchl machen es ideal f\u00fcr lange Arbeitstage oder die Freizeit. Kundenspezifische Stickereien f\u00fcr ein professionelles, einheitliches Erscheinungsbild verf\u00fcgbar.\",\"breadcrumb\":{\"@id\":\"https:\\\/\\\/www.mira.fi\\\/de\\\/product\\\/neues-mira-allwetter-trainingsset\\\/#breadcrumb\"},\"inLanguage\":\"de\",\"potentialAction\":[{\"@type\":\"ReadAction\",\"target\":[\"https:\\\/\\\/www.mira.fi\\\/de\\\/product\\\/neues-mira-allwetter-trainingsset\\\/\"]}]},{\"@type\":\"ImageObject\",\"inLanguage\":\"de\",\"@id\":\"https:\\\/\\\/www.mira.fi\\\/de\\\/product\\\/neues-mira-allwetter-trainingsset\\\/#primaryimage\",\"url\":\"https:\\\/\\\/www.mira.fi\\\/wp-content\\\/uploads\\\/736-BL-scaled.jpg\",\"contentUrl\":\"https:\\\/\\\/www.mira.fi\\\/wp-content\\\/uploads\\\/736-BL-scaled.jpg\",\"width\":1920,\"height\":2560},{\"@type\":\"BreadcrumbList\",\"@id\":\"https:\\\/\\\/www.mira.fi\\\/de\\\/product\\\/neues-mira-allwetter-trainingsset\\\/#breadcrumb\",\"itemListElement\":[{\"@type\":\"ListItem\",\"position\":1,\"name\":\"Etusivu\",\"item\":\"https:\\\/\\\/www.mira.fi\\\/de\\\/massgeschneidert\\\/\"},{\"@type\":\"ListItem\",\"position\":2,\"name\":\"Shop\",\"item\":\"https:\\\/\\\/www.mira.fi\\\/de\\\/shop\\\/\"},{\"@type\":\"ListItem\",\"position\":3,\"name\":\"NEUES Mira Allwetter-Trainingsset\"}]},{\"@type\":\"WebSite\",\"@id\":\"https:\\\/\\\/www.mira.fi\\\/#website\",\"url\":\"https:\\\/\\\/www.mira.fi\\\/\",\"name\":\"Mira-Tex Oy\",\"description\":\"F\u00fchrender Hersteller von Pferderennsportbekleidung\",\"publisher\":{\"@id\":\"https:\\\/\\\/www.mira.fi\\\/#organization\"},\"potentialAction\":[{\"@type\":\"SearchAction\",\"target\":{\"@type\":\"EntryPoint\",\"urlTemplate\":\"https:\\\/\\\/www.mira.fi\\\/?s={search_term_string}\"},\"query-input\":{\"@type\":\"PropertyValueSpecification\",\"valueRequired\":true,\"valueName\":\"search_term_string\"}}],\"inLanguage\":\"de\"},{\"@type\":\"Organization\",\"@id\":\"https:\\\/\\\/www.mira.fi\\\/#organization\",\"name\":\"Mira-Tex Oy\",\"url\":\"https:\\\/\\\/www.mira.fi\\\/\",\"logo\":{\"@type\":\"ImageObject\",\"inLanguage\":\"de\",\"@id\":\"https:\\\/\\\/www.mira.fi\\\/#\\\/schema\\\/logo\\\/image\\\/\",\"url\":\"https:\\\/\\\/www.mira.fi\\\/wp-content\\\/uploads\\\/favicon.png\",\"contentUrl\":\"https:\\\/\\\/www.mira.fi\\\/wp-content\\\/uploads\\\/favicon.png\",\"width\":600,\"height\":600,\"caption\":\"Mira-Tex Oy\"},\"image\":{\"@id\":\"https:\\\/\\\/www.mira.fi\\\/#\\\/schema\\\/logo\\\/image\\\/\"}}]}<\/script>\n<!-- \/ Yoast SEO plugin. -->","yoast_head_json":{"title":"NEUES Mira Allwetter-Trainingsset - Mira-Tex Oy","description":"Mira Allwetter-Arbeitskombi: Leicht, flexibel und f\u00fcr echte Arbeit gemacht. Dieses Allwetter-Set wurde f\u00fcr das moderne Reitleben entwickelt und bietet ganzt\u00e4gigen Komfort, Bewegungsfreiheit und zuverl\u00e4ssigen Schutz vor Wind und Regen. Eine moderne Passform, praktische Taschen und ein weiches, nat\u00fcrliches Gef\u00fchl machen es ideal f\u00fcr lange Arbeitstage oder die Freizeit. Kundenspezifische Stickereien f\u00fcr ein professionelles, einheitliches Erscheinungsbild verf\u00fcgbar.","robots":{"index":"index","follow":"follow","max-snippet":"max-snippet:-1","max-image-preview":"max-image-preview:large","max-video-preview":"max-video-preview:-1"},"canonical":"https:\/\/www.mira.fi\/de\/product\/neues-mira-allwetter-trainingsset\/","og_locale":"de_DE","og_type":"article","og_title":"NEUES Mira Allwetter-Trainingsset - Mira-Tex Oy","og_description":"Mira Allwetter-Arbeitskombi: Leicht, flexibel und f\u00fcr echte Arbeit gemacht. Dieses Allwetter-Set wurde f\u00fcr das moderne Reitleben entwickelt und bietet ganzt\u00e4gigen Komfort, Bewegungsfreiheit und zuverl\u00e4ssigen Schutz vor Wind und Regen. Eine moderne Passform, praktische Taschen und ein weiches, nat\u00fcrliches Gef\u00fchl machen es ideal f\u00fcr lange Arbeitstage oder die Freizeit. Kundenspezifische Stickereien f\u00fcr ein professionelles, einheitliches Erscheinungsbild verf\u00fcgbar.","og_url":"https:\/\/www.mira.fi\/de\/product\/neues-mira-allwetter-trainingsset\/","og_site_name":"Mira-Tex Oy","article_modified_time":"2026-01-16T07:58:51+00:00","og_image":[{"width":1920,"height":2560,"url":"https:\/\/www.mira.fi\/wp-content\/uploads\/736-BL-scaled.jpg","type":"image\/jpeg"}],"twitter_card":"summary_large_image","twitter_misc":{"Gesch\u00e4tzte Lesezeit":"1\u00a0Minute"},"schema":{"@context":"https:\/\/schema.org","@graph":[{"@type":"WebPage","@id":"https:\/\/www.mira.fi\/de\/product\/neues-mira-allwetter-trainingsset\/","url":"https:\/\/www.mira.fi\/de\/product\/neues-mira-allwetter-trainingsset\/","name":"NEUES Mira Allwetter-Trainingsset - Mira-Tex Oy","isPartOf":{"@id":"https:\/\/www.mira.fi\/#website"},"primaryImageOfPage":{"@id":"https:\/\/www.mira.fi\/de\/product\/neues-mira-allwetter-trainingsset\/#primaryimage"},"image":{"@id":"https:\/\/www.mira.fi\/de\/product\/neues-mira-allwetter-trainingsset\/#primaryimage"},"thumbnailUrl":"https:\/\/www.mira.fi\/wp-content\/uploads\/736-BL-scaled.jpg","datePublished":"2025-12-10T09:04:23+00:00","dateModified":"2026-01-16T07:58:51+00:00","description":"Mira Allwetter-Arbeitskombi: Leicht, flexibel und f\u00fcr echte Arbeit gemacht. Dieses Allwetter-Set wurde f\u00fcr das moderne Reitleben entwickelt und bietet ganzt\u00e4gigen Komfort, Bewegungsfreiheit und zuverl\u00e4ssigen Schutz vor Wind und Regen. Eine moderne Passform, praktische Taschen und ein weiches, nat\u00fcrliches Gef\u00fchl machen es ideal f\u00fcr lange Arbeitstage oder die Freizeit. Kundenspezifische Stickereien f\u00fcr ein professionelles, einheitliches Erscheinungsbild verf\u00fcgbar.","breadcrumb":{"@id":"https:\/\/www.mira.fi\/de\/product\/neues-mira-allwetter-trainingsset\/#breadcrumb"},"inLanguage":"de","potentialAction":[{"@type":"ReadAction","target":["https:\/\/www.mira.fi\/de\/product\/neues-mira-allwetter-trainingsset\/"]}]},{"@type":"ImageObject","inLanguage":"de","@id":"https:\/\/www.mira.fi\/de\/product\/neues-mira-allwetter-trainingsset\/#primaryimage","url":"https:\/\/www.mira.fi\/wp-content\/uploads\/736-BL-scaled.jpg","contentUrl":"https:\/\/www.mira.fi\/wp-content\/uploads\/736-BL-scaled.jpg","width":1920,"height":2560},{"@type":"BreadcrumbList","@id":"https:\/\/www.mira.fi\/de\/product\/neues-mira-allwetter-trainingsset\/#breadcrumb","itemListElement":[{"@type":"ListItem","position":1,"name":"Etusivu","item":"https:\/\/www.mira.fi\/de\/massgeschneidert\/"},{"@type":"ListItem","position":2,"name":"Shop","item":"https:\/\/www.mira.fi\/de\/shop\/"},{"@type":"ListItem","position":3,"name":"NEUES Mira Allwetter-Trainingsset"}]},{"@type":"WebSite","@id":"https:\/\/www.mira.fi\/#website","url":"https:\/\/www.mira.fi\/","name":"Mira-Tex Oy","description":"F\u00fchrender Hersteller von Pferderennsportbekleidung","publisher":{"@id":"https:\/\/www.mira.fi\/#organization"},"potentialAction":[{"@type":"SearchAction","target":{"@type":"EntryPoint","urlTemplate":"https:\/\/www.mira.fi\/?s={search_term_string}"},"query-input":{"@type":"PropertyValueSpecification","valueRequired":true,"valueName":"search_term_string"}}],"inLanguage":"de"},{"@type":"Organization","@id":"https:\/\/www.mira.fi\/#organization","name":"Mira-Tex Oy","url":"https:\/\/www.mira.fi\/","logo":{"@type":"ImageObject","inLanguage":"de","@id":"https:\/\/www.mira.fi\/#\/schema\/logo\/image\/","url":"https:\/\/www.mira.fi\/wp-content\/uploads\/favicon.png","contentUrl":"https:\/\/www.mira.fi\/wp-content\/uploads\/favicon.png","width":600,"height":600,"caption":"Mira-Tex Oy"},"image":{"@id":"https:\/\/www.mira.fi\/#\/schema\/logo\/image\/"}}]}},"_links":{"self":[{"href":"https:\/\/www.mira.fi\/de\/wp-json\/wp\/v2\/product\/9761","targetHints":{"allow":["GET"]}}],"collection":[{"href":"https:\/\/www.mira.fi\/de\/wp-json\/wp\/v2\/product"}],"about":[{"href":"https:\/\/www.mira.fi\/de\/wp-json\/wp\/v2\/types\/product"}],"wp:featuredmedia":[{"embeddable":true,"href":"https:\/\/www.mira.fi\/de\/wp-json\/wp\/v2\/media\/9769"}],"wp:attachment":[{"href":"https:\/\/www.mira.fi\/de\/wp-json\/wp\/v2\/media?parent=9761"}],"wp:term":[{"taxonomy":"product_brand","embeddable":true,"href":"https:\/\/www.mira.fi\/de\/wp-json\/wp\/v2\/product_brand?post=9761"},{"taxonomy":"product_cat","embeddable":true,"href":"https:\/\/www.mira.fi\/de\/wp-json\/wp\/v2\/product_cat?post=9761"},{"taxonomy":"product_tag","embeddable":true,"href":"https:\/\/www.mira.fi\/de\/wp-json\/wp\/v2\/product_tag?post=9761"}],"curies":[{"name":"wp","href":"https:\/\/api.w.org\/{rel}","templated":true}]}}