{"id":9973,"date":"2026-01-12T14:56:14","date_gmt":"2026-01-12T12:56:14","guid":{"rendered":"https:\/\/www.mira.fi\/product\/lzr-5\/"},"modified":"2026-01-12T14:56:14","modified_gmt":"2026-01-12T12:56:14","slug":"lzr-5","status":"publish","type":"product","link":"https:\/\/www.mira.fi\/de\/product\/lzr-5\/","title":{"rendered":"LZR 5"},"content":{"rendered":"<p><strong>LZR 5 R\u00e4der<\/strong><\/p>\n<p data-end=\"626\" data-start=\"306\">Die <strong data-end=\"319\" data-start=\"310\">LZR 5<\/strong> Sulky-R\u00e4der geh\u00f6ren zu den leistungsst\u00e4rksten Rennr\u00e4dern, die f\u00fcr den Trabrennsport erh\u00e4ltlich sind. Diese R\u00e4der wurden aus hochwertigen Materialien entwickelt und bieten eine au\u00dfergew\u00f6hnliche Kombination aus <strong data-end=\"560\" data-start=\"496\">ultraleichtem Gewicht, Festigkeit und sanfter Laufleistung<\/strong>, was sie zu einer beliebten Wahl in wettbewerbsorientierten Rennumgebungen macht. <\/p>\n<p data-end=\"922\" data-start=\"628\">Die R\u00e4der sind <strong data-end=\"685\" data-start=\"643\">aus strapazierf\u00e4higem Kohlefaser gefertigt<\/strong>, was eine ausgezeichnete Steifigkeit und ein geringes Gewicht gew\u00e4hrleistet. Ein <strong data-end=\"769\" data-start=\"736\">Aluminium-verst\u00e4rkter Au\u00dfenring<\/strong> bietet zus\u00e4tzlichen Schutz und Haltbarkeit, sodass die R\u00e4der <strong data-end=\"888\" data-start=\"841\">intensiver Nutzung<\/strong> standhalten, ohne die Leistung zu beeintr\u00e4chtigen. <\/p>\n<p data-end=\"1305\" data-start=\"924\"><strong data-end=\"958\" data-start=\"924\">Hauptmerkmale &amp; Spezifikationen:<\/strong><br data-end=\"961\" data-start=\"958\">\u2022 <strong data-end=\"1001\" data-start=\"963\">Extrem leichte Konstruktion<\/strong> <br data-end=\"1045\" data-start=\"1042\">\u2022 <strong data-end=\"1073\" data-start=\"1047\">Kohlefaserstruktur<\/strong> <br data-end=\"1114\" data-start=\"1111\">\u2022 <strong data-end=\"1138\" data-start=\"1116\">Au\u00dfenring aus Aluminium<\/strong> <br data-end=\"1187\" data-start=\"1184\">\u2022 <strong data-end=\"1215\" data-start=\"1189\">28-Zoll-Raddurchmesser<\/strong><br data-end=\"1218\" data-is-only-node=\"\" data-start=\"1215\">\u2022 <strong data-end=\"1242\" data-start=\"1220\">In Schwarz erh\u00e4ltlich<\/strong><br data-end=\"1245\" data-start=\"1242\">\u2022 <strong>Bew\u00e4hrtes Design, dem professionelle Trainer und Fahrer vertrauen<\/strong><\/p>\n<p data-end=\"1448\" data-start=\"1307\">Die LZR 5 R\u00e4der sind eine ideale Wahl f\u00fcr Profis, die <strong data-end=\"1418\" data-start=\"1370\">maximale Leistung in Kombination mit Haltbarkeit<\/strong> im hochklassigen Trabrennsport suchen.<\/p>\n<p data-end=\"1448\" data-start=\"1307\">Preis pro Paar. Kontaktiere uns f\u00fcr Einzelradk\u00e4ufe <\/p>\n","protected":false},"excerpt":{"rendered":"<p>Die <strong data-end=\"319\" data-start=\"310\">LZR 5<\/strong> Sulky-R\u00e4der geh\u00f6ren zu den leistungsst\u00e4rksten Rennr\u00e4dern, die f\u00fcr den Trabrennsport erh\u00e4ltlich sind. Diese R\u00e4der wurden aus hochwertigen Materialien entwickelt und bieten eine au\u00dfergew\u00f6hnliche Kombination aus <strong data-end=\"560\" data-start=\"496\">ultraleichtem Gewicht, Festigkeit und sanfter Laufleistung<\/strong>, was sie zu einer beliebten Wahl in wettbewerbsorientierten Rennumgebungen macht. <\/p>\n","protected":false},"featured_media":9974,"template":"","meta":[],"product_brand":[],"product_cat":[1884],"product_tag":[],"class_list":{"0":"post-9973","1":"product","2":"type-product","3":"status-publish","4":"has-post-thumbnail","6":"product_cat-zubehoer","8":"first","9":"instock","10":"taxable","11":"shipping-taxable","12":"product-type-simple"},"yoast_head":"<!-- This site is optimized with the Yoast SEO plugin v27.3 - https:\/\/yoast.com\/product\/yoast-seo-wordpress\/ -->\n<title>LZR 5 - Mira-Tex Oy<\/title>\n<meta name=\"description\" content=\"Amerikanischer Komplettgurt des Herstellers Mast f\u00fcr Trabrennpferde. Mast stellt seit \u00fcber 50 Jahren Produkte f\u00fcr Top-Marken (u. a. Wahls) im Hintergrund her und bietet nun hochwertige Gurte unter eigenem Namen an.\" \/>\n<meta name=\"robots\" content=\"index, follow, max-snippet:-1, max-image-preview:large, max-video-preview:-1\" \/>\n<link rel=\"canonical\" href=\"https:\/\/www.mira.fi\/de\/product\/lzr-5\/\" \/>\n<meta property=\"og:locale\" content=\"de_DE\" \/>\n<meta property=\"og:type\" content=\"article\" \/>\n<meta property=\"og:title\" content=\"LZR 5 - Mira-Tex Oy\" \/>\n<meta property=\"og:description\" content=\"Amerikanischer Komplettgurt des Herstellers Mast f\u00fcr Trabrennpferde. Mast stellt seit \u00fcber 50 Jahren Produkte f\u00fcr Top-Marken (u. a. Wahls) im Hintergrund her und bietet nun hochwertige Gurte unter eigenem Namen an.\" \/>\n<meta property=\"og:url\" content=\"https:\/\/www.mira.fi\/de\/product\/lzr-5\/\" \/>\n<meta property=\"og:site_name\" content=\"Mira-Tex Oy\" \/>\n<meta property=\"og:image\" content=\"https:\/\/www.mira.fi\/wp-content\/uploads\/1-2.png\" \/>\n\t<meta property=\"og:image:width\" content=\"1080\" \/>\n\t<meta property=\"og:image:height\" content=\"1080\" \/>\n\t<meta property=\"og:image:type\" content=\"image\/png\" \/>\n<meta name=\"twitter:card\" content=\"summary_large_image\" \/>\n<meta name=\"twitter:label1\" content=\"Gesch\u00e4tzte Lesezeit\" \/>\n\t<meta name=\"twitter:data1\" content=\"1\u00a0Minute\" \/>\n<script type=\"application\/ld+json\" class=\"yoast-schema-graph\">{\"@context\":\"https:\\\/\\\/schema.org\",\"@graph\":[{\"@type\":\"WebPage\",\"@id\":\"https:\\\/\\\/www.mira.fi\\\/de\\\/product\\\/lzr-5\\\/\",\"url\":\"https:\\\/\\\/www.mira.fi\\\/de\\\/product\\\/lzr-5\\\/\",\"name\":\"LZR 5 - Mira-Tex Oy\",\"isPartOf\":{\"@id\":\"https:\\\/\\\/www.mira.fi\\\/#website\"},\"primaryImageOfPage\":{\"@id\":\"https:\\\/\\\/www.mira.fi\\\/de\\\/product\\\/lzr-5\\\/#primaryimage\"},\"image\":{\"@id\":\"https:\\\/\\\/www.mira.fi\\\/de\\\/product\\\/lzr-5\\\/#primaryimage\"},\"thumbnailUrl\":\"https:\\\/\\\/www.mira.fi\\\/wp-content\\\/uploads\\\/1-2.png\",\"datePublished\":\"2026-01-12T12:56:14+00:00\",\"description\":\"Amerikanischer Komplettgurt des Herstellers Mast f\u00fcr Trabrennpferde. Mast stellt seit \u00fcber 50 Jahren Produkte f\u00fcr Top-Marken (u. a. Wahls) im Hintergrund her und bietet nun hochwertige Gurte unter eigenem Namen an.\",\"breadcrumb\":{\"@id\":\"https:\\\/\\\/www.mira.fi\\\/de\\\/product\\\/lzr-5\\\/#breadcrumb\"},\"inLanguage\":\"de\",\"potentialAction\":[{\"@type\":\"ReadAction\",\"target\":[\"https:\\\/\\\/www.mira.fi\\\/de\\\/product\\\/lzr-5\\\/\"]}]},{\"@type\":\"ImageObject\",\"inLanguage\":\"de\",\"@id\":\"https:\\\/\\\/www.mira.fi\\\/de\\\/product\\\/lzr-5\\\/#primaryimage\",\"url\":\"https:\\\/\\\/www.mira.fi\\\/wp-content\\\/uploads\\\/1-2.png\",\"contentUrl\":\"https:\\\/\\\/www.mira.fi\\\/wp-content\\\/uploads\\\/1-2.png\",\"width\":1080,\"height\":1080},{\"@type\":\"BreadcrumbList\",\"@id\":\"https:\\\/\\\/www.mira.fi\\\/de\\\/product\\\/lzr-5\\\/#breadcrumb\",\"itemListElement\":[{\"@type\":\"ListItem\",\"position\":1,\"name\":\"Etusivu\",\"item\":\"https:\\\/\\\/www.mira.fi\\\/de\\\/massgeschneidert\\\/\"},{\"@type\":\"ListItem\",\"position\":2,\"name\":\"Shop\",\"item\":\"https:\\\/\\\/www.mira.fi\\\/de\\\/shop\\\/\"},{\"@type\":\"ListItem\",\"position\":3,\"name\":\"LZR 5\"}]},{\"@type\":\"WebSite\",\"@id\":\"https:\\\/\\\/www.mira.fi\\\/#website\",\"url\":\"https:\\\/\\\/www.mira.fi\\\/\",\"name\":\"Mira-Tex Oy\",\"description\":\"F\u00fchrender Hersteller von Pferderennsportbekleidung\",\"publisher\":{\"@id\":\"https:\\\/\\\/www.mira.fi\\\/#organization\"},\"potentialAction\":[{\"@type\":\"SearchAction\",\"target\":{\"@type\":\"EntryPoint\",\"urlTemplate\":\"https:\\\/\\\/www.mira.fi\\\/?s={search_term_string}\"},\"query-input\":{\"@type\":\"PropertyValueSpecification\",\"valueRequired\":true,\"valueName\":\"search_term_string\"}}],\"inLanguage\":\"de\"},{\"@type\":\"Organization\",\"@id\":\"https:\\\/\\\/www.mira.fi\\\/#organization\",\"name\":\"Mira-Tex Oy\",\"url\":\"https:\\\/\\\/www.mira.fi\\\/\",\"logo\":{\"@type\":\"ImageObject\",\"inLanguage\":\"de\",\"@id\":\"https:\\\/\\\/www.mira.fi\\\/#\\\/schema\\\/logo\\\/image\\\/\",\"url\":\"https:\\\/\\\/www.mira.fi\\\/wp-content\\\/uploads\\\/favicon.png\",\"contentUrl\":\"https:\\\/\\\/www.mira.fi\\\/wp-content\\\/uploads\\\/favicon.png\",\"width\":600,\"height\":600,\"caption\":\"Mira-Tex Oy\"},\"image\":{\"@id\":\"https:\\\/\\\/www.mira.fi\\\/#\\\/schema\\\/logo\\\/image\\\/\"}}]}<\/script>\n<!-- \/ Yoast SEO plugin. -->","yoast_head_json":{"title":"LZR 5 - Mira-Tex Oy","description":"Amerikanischer Komplettgurt des Herstellers Mast f\u00fcr Trabrennpferde. Mast stellt seit \u00fcber 50 Jahren Produkte f\u00fcr Top-Marken (u. a. Wahls) im Hintergrund her und bietet nun hochwertige Gurte unter eigenem Namen an.","robots":{"index":"index","follow":"follow","max-snippet":"max-snippet:-1","max-image-preview":"max-image-preview:large","max-video-preview":"max-video-preview:-1"},"canonical":"https:\/\/www.mira.fi\/de\/product\/lzr-5\/","og_locale":"de_DE","og_type":"article","og_title":"LZR 5 - Mira-Tex Oy","og_description":"Amerikanischer Komplettgurt des Herstellers Mast f\u00fcr Trabrennpferde. Mast stellt seit \u00fcber 50 Jahren Produkte f\u00fcr Top-Marken (u. a. Wahls) im Hintergrund her und bietet nun hochwertige Gurte unter eigenem Namen an.","og_url":"https:\/\/www.mira.fi\/de\/product\/lzr-5\/","og_site_name":"Mira-Tex Oy","og_image":[{"width":1080,"height":1080,"url":"https:\/\/www.mira.fi\/wp-content\/uploads\/1-2.png","type":"image\/png"}],"twitter_card":"summary_large_image","twitter_misc":{"Gesch\u00e4tzte Lesezeit":"1\u00a0Minute"},"schema":{"@context":"https:\/\/schema.org","@graph":[{"@type":"WebPage","@id":"https:\/\/www.mira.fi\/de\/product\/lzr-5\/","url":"https:\/\/www.mira.fi\/de\/product\/lzr-5\/","name":"LZR 5 - Mira-Tex Oy","isPartOf":{"@id":"https:\/\/www.mira.fi\/#website"},"primaryImageOfPage":{"@id":"https:\/\/www.mira.fi\/de\/product\/lzr-5\/#primaryimage"},"image":{"@id":"https:\/\/www.mira.fi\/de\/product\/lzr-5\/#primaryimage"},"thumbnailUrl":"https:\/\/www.mira.fi\/wp-content\/uploads\/1-2.png","datePublished":"2026-01-12T12:56:14+00:00","description":"Amerikanischer Komplettgurt des Herstellers Mast f\u00fcr Trabrennpferde. Mast stellt seit \u00fcber 50 Jahren Produkte f\u00fcr Top-Marken (u. a. Wahls) im Hintergrund her und bietet nun hochwertige Gurte unter eigenem Namen an.","breadcrumb":{"@id":"https:\/\/www.mira.fi\/de\/product\/lzr-5\/#breadcrumb"},"inLanguage":"de","potentialAction":[{"@type":"ReadAction","target":["https:\/\/www.mira.fi\/de\/product\/lzr-5\/"]}]},{"@type":"ImageObject","inLanguage":"de","@id":"https:\/\/www.mira.fi\/de\/product\/lzr-5\/#primaryimage","url":"https:\/\/www.mira.fi\/wp-content\/uploads\/1-2.png","contentUrl":"https:\/\/www.mira.fi\/wp-content\/uploads\/1-2.png","width":1080,"height":1080},{"@type":"BreadcrumbList","@id":"https:\/\/www.mira.fi\/de\/product\/lzr-5\/#breadcrumb","itemListElement":[{"@type":"ListItem","position":1,"name":"Etusivu","item":"https:\/\/www.mira.fi\/de\/massgeschneidert\/"},{"@type":"ListItem","position":2,"name":"Shop","item":"https:\/\/www.mira.fi\/de\/shop\/"},{"@type":"ListItem","position":3,"name":"LZR 5"}]},{"@type":"WebSite","@id":"https:\/\/www.mira.fi\/#website","url":"https:\/\/www.mira.fi\/","name":"Mira-Tex Oy","description":"F\u00fchrender Hersteller von Pferderennsportbekleidung","publisher":{"@id":"https:\/\/www.mira.fi\/#organization"},"potentialAction":[{"@type":"SearchAction","target":{"@type":"EntryPoint","urlTemplate":"https:\/\/www.mira.fi\/?s={search_term_string}"},"query-input":{"@type":"PropertyValueSpecification","valueRequired":true,"valueName":"search_term_string"}}],"inLanguage":"de"},{"@type":"Organization","@id":"https:\/\/www.mira.fi\/#organization","name":"Mira-Tex Oy","url":"https:\/\/www.mira.fi\/","logo":{"@type":"ImageObject","inLanguage":"de","@id":"https:\/\/www.mira.fi\/#\/schema\/logo\/image\/","url":"https:\/\/www.mira.fi\/wp-content\/uploads\/favicon.png","contentUrl":"https:\/\/www.mira.fi\/wp-content\/uploads\/favicon.png","width":600,"height":600,"caption":"Mira-Tex Oy"},"image":{"@id":"https:\/\/www.mira.fi\/#\/schema\/logo\/image\/"}}]}},"_links":{"self":[{"href":"https:\/\/www.mira.fi\/de\/wp-json\/wp\/v2\/product\/9973","targetHints":{"allow":["GET"]}}],"collection":[{"href":"https:\/\/www.mira.fi\/de\/wp-json\/wp\/v2\/product"}],"about":[{"href":"https:\/\/www.mira.fi\/de\/wp-json\/wp\/v2\/types\/product"}],"wp:featuredmedia":[{"embeddable":true,"href":"https:\/\/www.mira.fi\/de\/wp-json\/wp\/v2\/media\/9974"}],"wp:attachment":[{"href":"https:\/\/www.mira.fi\/de\/wp-json\/wp\/v2\/media?parent=9973"}],"wp:term":[{"taxonomy":"product_brand","embeddable":true,"href":"https:\/\/www.mira.fi\/de\/wp-json\/wp\/v2\/product_brand?post=9973"},{"taxonomy":"product_cat","embeddable":true,"href":"https:\/\/www.mira.fi\/de\/wp-json\/wp\/v2\/product_cat?post=9973"},{"taxonomy":"product_tag","embeddable":true,"href":"https:\/\/www.mira.fi\/de\/wp-json\/wp\/v2\/product_tag?post=9973"}],"curies":[{"name":"wp","href":"https:\/\/api.w.org\/{rel}","templated":true}]}}