{"id":7911,"date":"2021-03-03T22:58:24","date_gmt":"2021-03-03T20:58:24","guid":{"rendered":"https:\/\/www.mira.fi\/ukk\/"},"modified":"2021-03-03T22:58:24","modified_gmt":"2021-03-03T20:58:24","slug":"ukk","status":"publish","type":"page","link":"https:\/\/www.mira.fi\/fi\/ukk\/","title":{"rendered":"UKK"},"content":{"rendered":"<div class=\"col-sm-12 column pad-bottom-2em border-bottom\">\n<div class=\"column-wrapper content\">\n<div class=\"column-content\">\n<h3>1. Miten saan selville mittatilaustuotteeni hinnan?<\/h3>\n<p>MIRA-mittatilausvaatteilla on perushinta, johon v\u00e4rien m\u00e4\u00e4r\u00e4 ei vaikuta. Perushinta m\u00e4\u00e4r\u00e4ytyy vaatteen tyypin mukaan, esimerkiksi kes\u00e4takilla on oma hintansa. Kaikki kirjailut, kuten sponsorilogot, hihainitiaalit, t\u00e4hdet jne., nostavat tuotteen hintaa, samoin kuin muut lis\u00e4ty\u00f6t, kuten irrotettavat hihat. T\u00e4m\u00e4n vuoksi sinun kannattaa aina l\u00e4hett\u00e4\u00e4 viesti asiakaspalveluumme mira@mira.fi, josta saat tarjouksen puvullesi. Muista kertoa MIRA:lle, mihin vuodenaikaan haluat vaatteesi, mit\u00e4 yksityiskohtia haluat vaatteisiisi ja l\u00e4het\u00e4 kuva nykyisest\u00e4 vaatteestasi, jotta tarkka hinta voidaan antaa.    <\/p>\n<\/div>\n<\/div>\n<\/div>\n<div class=\"col-sm-12 column pad-top-2em pad-bottom-2em border-bottom lazyloaded\">\n<div class=\"column-wrapper content\">\n<div class=\"column-content\">\n<h3>2. Sain juuri uuden mittatilausvaatteeni, mutta siin\u00e4 on istuvuusongelmia?<\/h3>\n<p>MIRA haluaa aina palvella asiakkaitaan parhaalla mahdollisella tavalla. Tavoitteenamme on 100 % tyytyv\u00e4inen asiakas. Jos mittatilauspuku ei istu kunnolla, haluamme aina tiet\u00e4\u00e4 siit\u00e4. L\u00e4het\u00e4 kuvia itsest\u00e4si tuote p\u00e4\u00e4ll\u00e4 mira@mira.fi. T\u00e4m\u00e4 auttaa taitavia kaavoittajiamme selvitt\u00e4m\u00e4\u00e4n, kuinka paljon muutoksia vaate tarvitsee. Pyyd\u00e4 j\u00e4lleenmyyj\u00e4\u00e4si palauttamaan puku MIRA:lle, ja korjaamme sen oikeaan kokoon viipym\u00e4tt\u00e4.     <\/p>\n<p>Jos puku on tilattu vakiokokoisena eik\u00e4 mittatilauskokoisena, veloitamme muutoksista 40 \u20ac \/ tunti.<\/p>\n<p>Jos saatu puku on viallinen MIRA:n valmistusvirheen vuoksi, ota yhteytt\u00e4 j\u00e4lleenmyyj\u00e4\u00e4n, jolta tilasit puvun. Puku tulee palauttaa MIRA:lle, jossa korjaamme virheemme. <\/p>\n<\/div>\n<\/div>\n<\/div>\n<div class=\"col-sm-12 column pad-top-2em pad-bottom-2em border-bottom lazyloaded\">\n<div class=\"column-wrapper content\">\n<div class=\"column-content\">\n<h3>3. Rikoin pukuni, mit\u00e4 minun pit\u00e4isi tehd\u00e4?<\/h3>\n<p>MIRA-vaatteet on suunniteltu kest\u00e4m\u00e4\u00e4n, ja siksi ne valmistetaan parhaista mahdollisista materiaaleista. Valitettavasti joskus k\u00e4y niin, ett\u00e4 juuri saamasi puku rikkoutuu onnettomuuden seurauksena. T\u00e4ss\u00e4 tapauksessa voit l\u00e4hett\u00e4\u00e4 puvun takaisin MIRA:lle, jossa korjaamme sen alkuper\u00e4isi\u00e4 materiaaleja k\u00e4ytt\u00e4en. Korjausten tuntihinta on 40 \u20ac \/ tunti.   <\/p>\n<\/div>\n<\/div>\n<\/div>\n<div class=\"col-sm-12 column pad-top-2em lazyloaded\">\n<div class=\"column-wrapper content\">\n<div class=\"column-content\">\n<h3>4. Vanha pukuni on viel\u00e4 k\u00e4ytt\u00f6kelpoinen, mutta henkil\u00f6kohtainen sponsorini vaihtuu. Onko mahdollista vaihtaa logot vanhaan pukuun? <\/h3>\n<p>MIRA vaihtaa logosi ilman ongelmia! L\u00e4het\u00e4 meille uusi sponsorilogo jpg- tai pdf-tiedostona, ja teemme logon kirjontaohjelman. Palauta vanha pukusi meille ohjeiden kanssa, mitk\u00e4 logot poistetaan tai peitet\u00e4\u00e4n ja mihin uudet logot sijoitetaan.<x id=\"gid_0\"><\/x>Huomaa, ett\u00e4 veloitamme kirjontaohjelman kustannukset ja sponsorilogojen kirjontaty\u00f6n. Jos meid\u00e4n t\u00e4ytyy poistaa vanhoja logoja, veloitamme tuntihinnan 40 \u20ac \/ tunti.     <\/p>\n<\/div>\n<\/div>\n<\/div>\n","protected":false},"excerpt":{"rendered":"<p>1. Miten saan selville mittatilaustuotteeni hinnan? MIRA-mittatilausvaatteilla on perushinta, johon  [&#8230;]<\/p>\n","protected":false},"author":1,"featured_media":0,"parent":0,"menu_order":0,"comment_status":"closed","ping_status":"closed","template":"","meta":{"footnotes":""},"class_list":["post-7911","page","type-page","status-publish","hentry"],"yoast_head":"<!-- This site is optimized with the Yoast SEO plugin v27.4 - https:\/\/yoast.com\/product\/yoast-seo-wordpress\/ -->\n<title>UKK - Mira-Tex Oy<\/title>\n<meta name=\"robots\" content=\"index, follow, max-snippet:-1, max-image-preview:large, max-video-preview:-1\" \/>\n<link rel=\"canonical\" href=\"https:\/\/www.mira.fi\/ukk\/\" \/>\n<meta property=\"og:locale\" content=\"fi_FI\" \/>\n<meta property=\"og:type\" content=\"article\" \/>\n<meta property=\"og:title\" content=\"UKK - Mira-Tex Oy\" \/>\n<meta property=\"og:description\" content=\"1. Miten saan selville mittatilaustuotteeni hinnan? MIRA-mittatilausvaatteilla on perushinta, johon [...]\" \/>\n<meta property=\"og:url\" content=\"https:\/\/www.mira.fi\/ukk\/\" \/>\n<meta property=\"og:site_name\" content=\"Mira-Tex Oy\" \/>\n<meta name=\"twitter:card\" content=\"summary_large_image\" \/>\n<meta name=\"twitter:label1\" content=\"Arvioitu lukuaika\" \/>\n\t<meta name=\"twitter:data1\" content=\"2 minuuttia\" \/>\n<script type=\"application\/ld+json\" class=\"yoast-schema-graph\">{\"@context\":\"https:\\\/\\\/schema.org\",\"@graph\":[{\"@type\":\"WebPage\",\"@id\":\"https:\\\/\\\/www.mira.fi\\\/ukk\\\/\",\"url\":\"https:\\\/\\\/www.mira.fi\\\/ukk\\\/\",\"name\":\"UKK - Mira-Tex Oy\",\"isPartOf\":{\"@id\":\"https:\\\/\\\/www.mira.fi\\\/#website\"},\"datePublished\":\"2021-03-03T20:58:24+00:00\",\"breadcrumb\":{\"@id\":\"https:\\\/\\\/www.mira.fi\\\/ukk\\\/#breadcrumb\"},\"inLanguage\":\"fi\",\"potentialAction\":[{\"@type\":\"ReadAction\",\"target\":[\"https:\\\/\\\/www.mira.fi\\\/ukk\\\/\"]}]},{\"@type\":\"BreadcrumbList\",\"@id\":\"https:\\\/\\\/www.mira.fi\\\/ukk\\\/#breadcrumb\",\"itemListElement\":[{\"@type\":\"ListItem\",\"position\":1,\"name\":\"Etusivu\",\"item\":\"https:\\\/\\\/www.mira.fi\\\/fi\\\/\"},{\"@type\":\"ListItem\",\"position\":2,\"name\":\"UKK\"}]},{\"@type\":\"WebSite\",\"@id\":\"https:\\\/\\\/www.mira.fi\\\/#website\",\"url\":\"https:\\\/\\\/www.mira.fi\\\/\",\"name\":\"Mira-Tex Oy\",\"description\":\"Johtava ravivaatteiden valmistaja\",\"publisher\":{\"@id\":\"https:\\\/\\\/www.mira.fi\\\/#organization\"},\"potentialAction\":[{\"@type\":\"SearchAction\",\"target\":{\"@type\":\"EntryPoint\",\"urlTemplate\":\"https:\\\/\\\/www.mira.fi\\\/?s={search_term_string}\"},\"query-input\":{\"@type\":\"PropertyValueSpecification\",\"valueRequired\":true,\"valueName\":\"search_term_string\"}}],\"inLanguage\":\"fi\"},{\"@type\":\"Organization\",\"@id\":\"https:\\\/\\\/www.mira.fi\\\/#organization\",\"name\":\"Mira-Tex Oy\",\"url\":\"https:\\\/\\\/www.mira.fi\\\/\",\"logo\":{\"@type\":\"ImageObject\",\"inLanguage\":\"fi\",\"@id\":\"https:\\\/\\\/www.mira.fi\\\/#\\\/schema\\\/logo\\\/image\\\/\",\"url\":\"https:\\\/\\\/www.mira.fi\\\/wp-content\\\/uploads\\\/favicon.png\",\"contentUrl\":\"https:\\\/\\\/www.mira.fi\\\/wp-content\\\/uploads\\\/favicon.png\",\"width\":600,\"height\":600,\"caption\":\"Mira-Tex Oy\"},\"image\":{\"@id\":\"https:\\\/\\\/www.mira.fi\\\/#\\\/schema\\\/logo\\\/image\\\/\"}}]}<\/script>\n<!-- \/ Yoast SEO plugin. -->","yoast_head_json":{"title":"UKK - Mira-Tex Oy","robots":{"index":"index","follow":"follow","max-snippet":"max-snippet:-1","max-image-preview":"max-image-preview:large","max-video-preview":"max-video-preview:-1"},"canonical":"https:\/\/www.mira.fi\/ukk\/","og_locale":"fi_FI","og_type":"article","og_title":"UKK - Mira-Tex Oy","og_description":"1. Miten saan selville mittatilaustuotteeni hinnan? MIRA-mittatilausvaatteilla on perushinta, johon [...]","og_url":"https:\/\/www.mira.fi\/ukk\/","og_site_name":"Mira-Tex Oy","twitter_card":"summary_large_image","twitter_misc":{"Arvioitu lukuaika":"2 minuuttia"},"schema":{"@context":"https:\/\/schema.org","@graph":[{"@type":"WebPage","@id":"https:\/\/www.mira.fi\/ukk\/","url":"https:\/\/www.mira.fi\/ukk\/","name":"UKK - Mira-Tex Oy","isPartOf":{"@id":"https:\/\/www.mira.fi\/#website"},"datePublished":"2021-03-03T20:58:24+00:00","breadcrumb":{"@id":"https:\/\/www.mira.fi\/ukk\/#breadcrumb"},"inLanguage":"fi","potentialAction":[{"@type":"ReadAction","target":["https:\/\/www.mira.fi\/ukk\/"]}]},{"@type":"BreadcrumbList","@id":"https:\/\/www.mira.fi\/ukk\/#breadcrumb","itemListElement":[{"@type":"ListItem","position":1,"name":"Etusivu","item":"https:\/\/www.mira.fi\/fi\/"},{"@type":"ListItem","position":2,"name":"UKK"}]},{"@type":"WebSite","@id":"https:\/\/www.mira.fi\/#website","url":"https:\/\/www.mira.fi\/","name":"Mira-Tex Oy","description":"Johtava ravivaatteiden valmistaja","publisher":{"@id":"https:\/\/www.mira.fi\/#organization"},"potentialAction":[{"@type":"SearchAction","target":{"@type":"EntryPoint","urlTemplate":"https:\/\/www.mira.fi\/?s={search_term_string}"},"query-input":{"@type":"PropertyValueSpecification","valueRequired":true,"valueName":"search_term_string"}}],"inLanguage":"fi"},{"@type":"Organization","@id":"https:\/\/www.mira.fi\/#organization","name":"Mira-Tex Oy","url":"https:\/\/www.mira.fi\/","logo":{"@type":"ImageObject","inLanguage":"fi","@id":"https:\/\/www.mira.fi\/#\/schema\/logo\/image\/","url":"https:\/\/www.mira.fi\/wp-content\/uploads\/favicon.png","contentUrl":"https:\/\/www.mira.fi\/wp-content\/uploads\/favicon.png","width":600,"height":600,"caption":"Mira-Tex Oy"},"image":{"@id":"https:\/\/www.mira.fi\/#\/schema\/logo\/image\/"}}]}},"_links":{"self":[{"href":"https:\/\/www.mira.fi\/fi\/wp-json\/wp\/v2\/pages\/7911","targetHints":{"allow":["GET"]}}],"collection":[{"href":"https:\/\/www.mira.fi\/fi\/wp-json\/wp\/v2\/pages"}],"about":[{"href":"https:\/\/www.mira.fi\/fi\/wp-json\/wp\/v2\/types\/page"}],"author":[{"embeddable":true,"href":"https:\/\/www.mira.fi\/fi\/wp-json\/wp\/v2\/users\/1"}],"replies":[{"embeddable":true,"href":"https:\/\/www.mira.fi\/fi\/wp-json\/wp\/v2\/comments?post=7911"}],"version-history":[{"count":0,"href":"https:\/\/www.mira.fi\/fi\/wp-json\/wp\/v2\/pages\/7911\/revisions"}],"wp:attachment":[{"href":"https:\/\/www.mira.fi\/fi\/wp-json\/wp\/v2\/media?parent=7911"}],"curies":[{"name":"wp","href":"https:\/\/api.w.org\/{rel}","templated":true}]}}