{"id":7914,"date":"2021-03-03T22:50:23","date_gmt":"2021-03-03T20:50:23","guid":{"rendered":"https:\/\/www.mira.fi\/palautusoikeus\/"},"modified":"2021-03-03T22:50:23","modified_gmt":"2021-03-03T20:50:23","slug":"palautusoikeus","status":"publish","type":"page","link":"https:\/\/www.mira.fi\/fi\/palautusoikeus\/","title":{"rendered":"Palautusoikeus"},"content":{"rendered":"<section id=\"showcase\" class=\"region region-options\">\n<div class=\"container\">\n<div class=\"scase-wrapper wrapper clearfix\">\n<div class=\" row clearfix\">\n<div class=\"col-sm-12 column full-column \">\n<div class=\"column-wrapper content\">\n<div class=\"column-content\">\n<h1><\/h1>\n<\/div>\n<\/div>\n<\/div>\n<\/div>\n<\/div>\n<\/div>\n<\/section>\n<section id=\"region-content\" class=\"region region-options\">\n<div class=\"container\">\n<div class=\"content-wrapper wrapper clearfix\">\n<div class=\"pad-bottom-4em row clearfix\">\n<div class=\"col-sm-7 column pad-bottom-4em\">\n<div class=\"column-wrapper content\">\n<div class=\"column-content\">\n<h2>VERKKOKAUPASTA TILATTUJEN TUOTTEIDEN PALAUTUSOIKEUS<\/h2>\n<p>Jos asiakas ei ole tyytyv\u00e4inen verkkokauppatilaukseensa, h\u00e4nell\u00e4 on 30 p\u00e4iv\u00e4n vaihto- ja palautusoikeus. Huomioithan, ett\u00e4 palautusoikeus edellytt\u00e4\u00e4, ett\u00e4 asiakas k\u00e4sittelee ja sovittaa tuotetta huolellisesti sit\u00e4 vahingoittamatta. Huom! Olethan aina ensin yhteydess\u00e4 Miran asiakaspalveluun, jotta voimme opastaa sinua palautuksessa. Huomioithan, ett\u00e4 mittatilaustuotteita tai kustomoituja (brodeeraukset, muut muutokset) tuotteita ei ole mahdollista palauttaa.    <\/p>\n<\/div>\n<\/div>\n<\/div>\n<div class=\"col-sm-5 column pad-bottom-4em\">\n<div class=\"column-wrapper content\">\n<div class=\"column-content\">\n<div class=\"soft-box\">\n<p><strong>Palautusosoite:<\/strong><\/p>\n<p>Mira-Tex Oy \/ Palautukset, Tuulentie 8, 21420 LIETO, puhelinnumero: 0404570970, s\u00e4hk\u00f6postiosoite: mira@mira.fi<\/p>\n<\/div>\n<\/div>\n<\/div>\n<\/div>\n<div class=\"col-sm-7 column order-sm-2 lazyloaded\">\n<div class=\"column-wrapper content\">\n<div class=\"column-content\">\n<p>Tuote tulee palauttaa alkuper\u00e4isess\u00e4 kunnossa, laput paikoillaan ja alkuper\u00e4iseen pakkaukseen pakattuna. Palautettavan tuotteen tulee olla k\u00e4ytt\u00e4m\u00e4t\u00f6n, ehj\u00e4 ja puhdas. Mira voi hyl\u00e4t\u00e4 palautuksen, jos tuote ei ole myyntikuntoinen. Vaihto ja hyvitys tehd\u00e4\u00e4n vasta, kun alkuper\u00e4inen tuote on palautunut Miralle. Kun alkuper\u00e4inen tuote on palautunut Miralle, l\u00e4het\u00e4mme uuden tuotteen asiakkaalle viipym\u00e4tt\u00e4, ellei asiakkaalle ole toisin ilmoitettu. Huomioithan, ett\u00e4 kustomoitujen tuotteiden reklamaatioissa Miralla on oikeus korjata virhe, ja tuote tulee siksi l\u00e4hett\u00e4\u00e4 Miralle korjattavaksi.     <\/p>\n<p>Jos olet saanut v\u00e4\u00e4r\u00e4n, vahingoittuneen tai viallisen tuotteen, otathan kuvat tuotteesta ja sen pakkauksesta ja l\u00e4het\u00e4 ne osoitteeseen mira@mira.fi, jotta voimme ryhty\u00e4 tarvittaviin toimenpiteisiin tilanteen korjaamiseksi.<\/p>\n<p>Rahat palautetaan vasta, kun alkuper\u00e4inen tuote on palautunut Miralle. Palautamme rahat aina sill\u00e4 maksutavalla, jota asiakas on k\u00e4ytt\u00e4nyt verkkokauppaostoksensa tekemiseen. Paypal-palautukset hyvitet\u00e4\u00e4n Paypalin kautta ja verkkopankkimaksut palautamme asiakkaan tilille. N\u00e4iss\u00e4 tapauksissa pyyd\u00e4mme asiakkaalta tilinumeron IBAN-muodossa, jonka perusteella rahat palautetaan oikealle tilille.   <\/p>\n<\/div>\n<\/div>\n<\/div>\n<div class=\"col-sm-5 column order-sm-1 lazyloaded\">\n<div class=\"column-wrapper content\">\n<div class=\"column-content\">\n<p><img decoding=\"async\" class=\"lazyload alignnone size-medium wp-image-4302\" src=\"https:\/\/web.archive.org\/web\/20250115165847im_\/https:\/\/www.mira.fi\/wp-content\/uploads\/IMG_8606-Edit-Edit-600x600.jpg\" data-orig-src=\"https:\/\/web.archive.org\/web\/20250115165847im_\/https:\/\/www.mira.fi\/wp-content\/uploads\/IMG_8606-Edit-Edit-600x600.jpg\" data-sizes=\"auto\" data-orig-sizes=\"(max-width: 600px) 100vw, 600px\" srcset=\"data:image\/svg+xml,%3Csvg%20xmlns%3D%27http%3A%2F%2Fwww.w3.org%2F2000%2Fsvg%27%20width%3D%27600%27%20height%3D%27600%27%20viewBox%3D%270%200%20600%20600%27%3E%3Crect%20width%3D%27600%27%20height%3D%27600%27%20fill-opacity%3D%220%22%2F%3E%3C%2Fsvg%3E\" data-srcset=\"https:\/\/web.archive.org\/web\/20250115165847im_\/https:\/\/www.mira.fi\/wp-content\/uploads\/IMG_8606-Edit-Edit-600x600.jpg 600w, https:\/\/web.archive.org\/web\/20250115165847im_\/https:\/\/www.mira.fi\/wp-content\/uploads\/IMG_8606-Edit-Edit-300x300.jpg 300w, https:\/\/web.archive.org\/web\/20250115165847im_\/https:\/\/www.mira.fi\/wp-content\/uploads\/IMG_8606-Edit-Edit-100x100.jpg 100w, https:\/\/web.archive.org\/web\/20250115165847im_\/https:\/\/www.mira.fi\/wp-content\/uploads\/IMG_8606-Edit-Edit-1100x1100.jpg 1100w, https:\/\/web.archive.org\/web\/20250115165847im_\/https:\/\/www.mira.fi\/wp-content\/uploads\/IMG_8606-Edit-Edit-768x768.jpg 768w, https:\/\/web.archive.org\/web\/20250115165847im_\/https:\/\/www.mira.fi\/wp-content\/uploads\/IMG_8606-Edit-Edit-1536x1536.jpg 1536w, https:\/\/web.archive.org\/web\/20250115165847im_\/https:\/\/www.mira.fi\/wp-content\/uploads\/IMG_8606-Edit-Edit.jpg 2048w\" alt=\"\" width=\"600\" height=\"600\"><\/p>\n<\/div>\n<\/div>\n<\/div>\n<\/div>\n<\/div>\n<\/div>\n<div class=\"container\">\n<div class=\"content-wrapper wrapper clearfix\">\n<div class=\" row clearfix\">\n<div class=\"col-sm-7 column lazyloaded\">\n<div class=\"column-wrapper content\">\n<div class=\"column-content\">\n<h2>MITTATILAUSTUOTTEIDEN PALAUTUSOIKEUS<\/h2>\n<p>Huomioithan, ett\u00e4 mittatilaustuotteillamme ei ole palautusoikeutta. Huomioithan, ett\u00e4 kaikki mittatilausvaatteiden tilaukset ovat sitovia mallikuvan hyv\u00e4ksymisen j\u00e4lkeen, eik\u00e4 tilausta voi siksi kokonaan peruuttaa j\u00e4lkik\u00e4teen. Jos asiakas peruuttaa tilauksen kuvan piirt\u00e4misen j\u00e4lkeen, Miralla on oikeus veloittaa h\u00e4nelt\u00e4 materiaalikustannukset ja ty\u00f6kustannukset, jotka ovat syntyneet Miran prosesseissa ennen tilauksen peruuttamista.  <\/p>\n<p>Mira haluaa palvella jokaista asiakastaan 100 % tyytyv\u00e4isyydell\u00e4, ja siksi Mira korjaa mielell\u00e4\u00e4n mittatilausvaatteen ongelman j\u00e4lkik\u00e4teen. T\u00e4ss\u00e4 tapauksessa otathan yhteytt\u00e4 osoitteeseen mira@mira.fi tai j\u00e4lleenmyyj\u00e4\u00e4n, jonka kautta alkuper\u00e4inen tilaus tehtiin. <\/p>\n<p>Jos olet saanut v\u00e4\u00e4r\u00e4n, vahingoittuneen tai viallisen tuotteen, otathan kuvat tuotteesta ja l\u00e4het\u00e4 ne osoitteeseen mira@mira.fi, jotta voimme ryhty\u00e4 tarvittaviin toimenpiteisiin tilanteen korjaamiseksi.<\/p>\n<\/div>\n<\/div>\n<\/div>\n<\/div>\n<\/div>\n<\/div>\n<\/section>\n","protected":false},"excerpt":{"rendered":"<p>VERKKOKAUPASTA TILATTUJEN TUOTTEIDEN PALAUTUSOIKEUS Jos asiakas ei ole tyytyv\u00e4inen verkkokauppatilaukseensa,  [&#8230;]<\/p>\n","protected":false},"author":1,"featured_media":0,"parent":0,"menu_order":0,"comment_status":"closed","ping_status":"closed","template":"","meta":{"footnotes":""},"class_list":["post-7914","page","type-page","status-publish","hentry"],"yoast_head":"<!-- This site is optimized with the Yoast SEO plugin v27.5 - https:\/\/yoast.com\/product\/yoast-seo-wordpress\/ -->\n<title>Palautusoikeus - Mira-Tex Oy<\/title>\n<meta name=\"robots\" content=\"index, follow, max-snippet:-1, max-image-preview:large, max-video-preview:-1\" \/>\n<link rel=\"canonical\" href=\"https:\/\/www.mira.fi\/palautusoikeus\/\" \/>\n<meta property=\"og:locale\" content=\"fi_FI\" \/>\n<meta property=\"og:type\" content=\"article\" \/>\n<meta property=\"og:title\" content=\"Palautusoikeus - Mira-Tex Oy\" \/>\n<meta property=\"og:description\" content=\"VERKKOKAUPASTA TILATTUJEN TUOTTEIDEN PALAUTUSOIKEUS Jos asiakas ei ole tyytyv\u00e4inen verkkokauppatilaukseensa, [...]\" \/>\n<meta property=\"og:url\" content=\"https:\/\/www.mira.fi\/palautusoikeus\/\" \/>\n<meta property=\"og:site_name\" content=\"Mira-Tex Oy\" \/>\n<meta property=\"og:image\" content=\"https:\/\/www.mira.fi\/wp-content\/uploads\/IMG_8606-Edit-Edit.jpg\" \/>\n\t<meta property=\"og:image:width\" content=\"2048\" \/>\n\t<meta property=\"og:image:height\" content=\"2048\" \/>\n\t<meta property=\"og:image:type\" content=\"image\/jpeg\" \/>\n<meta name=\"twitter:card\" content=\"summary_large_image\" \/>\n<meta name=\"twitter:label1\" content=\"Arvioitu lukuaika\" \/>\n\t<meta name=\"twitter:data1\" content=\"2 minuuttia\" \/>\n<script type=\"application\/ld+json\" class=\"yoast-schema-graph\">{\"@context\":\"https:\\\/\\\/schema.org\",\"@graph\":[{\"@type\":\"WebPage\",\"@id\":\"https:\\\/\\\/www.mira.fi\\\/palautusoikeus\\\/\",\"url\":\"https:\\\/\\\/www.mira.fi\\\/palautusoikeus\\\/\",\"name\":\"Palautusoikeus - Mira-Tex Oy\",\"isPartOf\":{\"@id\":\"https:\\\/\\\/www.mira.fi\\\/#website\"},\"primaryImageOfPage\":{\"@id\":\"https:\\\/\\\/www.mira.fi\\\/palautusoikeus\\\/#primaryimage\"},\"image\":{\"@id\":\"https:\\\/\\\/www.mira.fi\\\/palautusoikeus\\\/#primaryimage\"},\"thumbnailUrl\":\"https:\\\/\\\/web.archive.org\\\/web\\\/20250115165847im_\\\/https:\\\/\\\/www.mira.fi\\\/wp-content\\\/uploads\\\/IMG_8606-Edit-Edit-600x600.jpg\",\"datePublished\":\"2021-03-03T20:50:23+00:00\",\"breadcrumb\":{\"@id\":\"https:\\\/\\\/www.mira.fi\\\/palautusoikeus\\\/#breadcrumb\"},\"inLanguage\":\"fi\",\"potentialAction\":[{\"@type\":\"ReadAction\",\"target\":[\"https:\\\/\\\/www.mira.fi\\\/palautusoikeus\\\/\"]}]},{\"@type\":\"ImageObject\",\"inLanguage\":\"fi\",\"@id\":\"https:\\\/\\\/www.mira.fi\\\/palautusoikeus\\\/#primaryimage\",\"url\":\"https:\\\/\\\/web.archive.org\\\/web\\\/20250115165847im_\\\/https:\\\/\\\/www.mira.fi\\\/wp-content\\\/uploads\\\/IMG_8606-Edit-Edit-600x600.jpg\",\"contentUrl\":\"https:\\\/\\\/web.archive.org\\\/web\\\/20250115165847im_\\\/https:\\\/\\\/www.mira.fi\\\/wp-content\\\/uploads\\\/IMG_8606-Edit-Edit-600x600.jpg\"},{\"@type\":\"BreadcrumbList\",\"@id\":\"https:\\\/\\\/www.mira.fi\\\/palautusoikeus\\\/#breadcrumb\",\"itemListElement\":[{\"@type\":\"ListItem\",\"position\":1,\"name\":\"Etusivu\",\"item\":\"https:\\\/\\\/www.mira.fi\\\/fi\\\/\"},{\"@type\":\"ListItem\",\"position\":2,\"name\":\"Palautusoikeus\"}]},{\"@type\":\"WebSite\",\"@id\":\"https:\\\/\\\/www.mira.fi\\\/#website\",\"url\":\"https:\\\/\\\/www.mira.fi\\\/\",\"name\":\"Mira-Tex Oy\",\"description\":\"Johtava ravivaatteiden valmistaja\",\"publisher\":{\"@id\":\"https:\\\/\\\/www.mira.fi\\\/#organization\"},\"potentialAction\":[{\"@type\":\"SearchAction\",\"target\":{\"@type\":\"EntryPoint\",\"urlTemplate\":\"https:\\\/\\\/www.mira.fi\\\/?s={search_term_string}\"},\"query-input\":{\"@type\":\"PropertyValueSpecification\",\"valueRequired\":true,\"valueName\":\"search_term_string\"}}],\"inLanguage\":\"fi\"},{\"@type\":\"Organization\",\"@id\":\"https:\\\/\\\/www.mira.fi\\\/#organization\",\"name\":\"Mira-Tex Oy\",\"url\":\"https:\\\/\\\/www.mira.fi\\\/\",\"logo\":{\"@type\":\"ImageObject\",\"inLanguage\":\"fi\",\"@id\":\"https:\\\/\\\/www.mira.fi\\\/#\\\/schema\\\/logo\\\/image\\\/\",\"url\":\"https:\\\/\\\/www.mira.fi\\\/wp-content\\\/uploads\\\/favicon.png\",\"contentUrl\":\"https:\\\/\\\/www.mira.fi\\\/wp-content\\\/uploads\\\/favicon.png\",\"width\":600,\"height\":600,\"caption\":\"Mira-Tex Oy\"},\"image\":{\"@id\":\"https:\\\/\\\/www.mira.fi\\\/#\\\/schema\\\/logo\\\/image\\\/\"}}]}<\/script>\n<!-- \/ Yoast SEO plugin. -->","yoast_head_json":{"title":"Palautusoikeus - Mira-Tex Oy","robots":{"index":"index","follow":"follow","max-snippet":"max-snippet:-1","max-image-preview":"max-image-preview:large","max-video-preview":"max-video-preview:-1"},"canonical":"https:\/\/www.mira.fi\/palautusoikeus\/","og_locale":"fi_FI","og_type":"article","og_title":"Palautusoikeus - Mira-Tex Oy","og_description":"VERKKOKAUPASTA TILATTUJEN TUOTTEIDEN PALAUTUSOIKEUS Jos asiakas ei ole tyytyv\u00e4inen verkkokauppatilaukseensa, [...]","og_url":"https:\/\/www.mira.fi\/palautusoikeus\/","og_site_name":"Mira-Tex Oy","og_image":[{"width":2048,"height":2048,"url":"https:\/\/www.mira.fi\/wp-content\/uploads\/IMG_8606-Edit-Edit.jpg","type":"image\/jpeg"}],"twitter_card":"summary_large_image","twitter_misc":{"Arvioitu lukuaika":"2 minuuttia"},"schema":{"@context":"https:\/\/schema.org","@graph":[{"@type":"WebPage","@id":"https:\/\/www.mira.fi\/palautusoikeus\/","url":"https:\/\/www.mira.fi\/palautusoikeus\/","name":"Palautusoikeus - Mira-Tex Oy","isPartOf":{"@id":"https:\/\/www.mira.fi\/#website"},"primaryImageOfPage":{"@id":"https:\/\/www.mira.fi\/palautusoikeus\/#primaryimage"},"image":{"@id":"https:\/\/www.mira.fi\/palautusoikeus\/#primaryimage"},"thumbnailUrl":"https:\/\/web.archive.org\/web\/20250115165847im_\/https:\/\/www.mira.fi\/wp-content\/uploads\/IMG_8606-Edit-Edit-600x600.jpg","datePublished":"2021-03-03T20:50:23+00:00","breadcrumb":{"@id":"https:\/\/www.mira.fi\/palautusoikeus\/#breadcrumb"},"inLanguage":"fi","potentialAction":[{"@type":"ReadAction","target":["https:\/\/www.mira.fi\/palautusoikeus\/"]}]},{"@type":"ImageObject","inLanguage":"fi","@id":"https:\/\/www.mira.fi\/palautusoikeus\/#primaryimage","url":"https:\/\/web.archive.org\/web\/20250115165847im_\/https:\/\/www.mira.fi\/wp-content\/uploads\/IMG_8606-Edit-Edit-600x600.jpg","contentUrl":"https:\/\/web.archive.org\/web\/20250115165847im_\/https:\/\/www.mira.fi\/wp-content\/uploads\/IMG_8606-Edit-Edit-600x600.jpg"},{"@type":"BreadcrumbList","@id":"https:\/\/www.mira.fi\/palautusoikeus\/#breadcrumb","itemListElement":[{"@type":"ListItem","position":1,"name":"Etusivu","item":"https:\/\/www.mira.fi\/fi\/"},{"@type":"ListItem","position":2,"name":"Palautusoikeus"}]},{"@type":"WebSite","@id":"https:\/\/www.mira.fi\/#website","url":"https:\/\/www.mira.fi\/","name":"Mira-Tex Oy","description":"Johtava ravivaatteiden valmistaja","publisher":{"@id":"https:\/\/www.mira.fi\/#organization"},"potentialAction":[{"@type":"SearchAction","target":{"@type":"EntryPoint","urlTemplate":"https:\/\/www.mira.fi\/?s={search_term_string}"},"query-input":{"@type":"PropertyValueSpecification","valueRequired":true,"valueName":"search_term_string"}}],"inLanguage":"fi"},{"@type":"Organization","@id":"https:\/\/www.mira.fi\/#organization","name":"Mira-Tex Oy","url":"https:\/\/www.mira.fi\/","logo":{"@type":"ImageObject","inLanguage":"fi","@id":"https:\/\/www.mira.fi\/#\/schema\/logo\/image\/","url":"https:\/\/www.mira.fi\/wp-content\/uploads\/favicon.png","contentUrl":"https:\/\/www.mira.fi\/wp-content\/uploads\/favicon.png","width":600,"height":600,"caption":"Mira-Tex Oy"},"image":{"@id":"https:\/\/www.mira.fi\/#\/schema\/logo\/image\/"}}]}},"_links":{"self":[{"href":"https:\/\/www.mira.fi\/fi\/wp-json\/wp\/v2\/pages\/7914","targetHints":{"allow":["GET"]}}],"collection":[{"href":"https:\/\/www.mira.fi\/fi\/wp-json\/wp\/v2\/pages"}],"about":[{"href":"https:\/\/www.mira.fi\/fi\/wp-json\/wp\/v2\/types\/page"}],"author":[{"embeddable":true,"href":"https:\/\/www.mira.fi\/fi\/wp-json\/wp\/v2\/users\/1"}],"replies":[{"embeddable":true,"href":"https:\/\/www.mira.fi\/fi\/wp-json\/wp\/v2\/comments?post=7914"}],"version-history":[{"count":0,"href":"https:\/\/www.mira.fi\/fi\/wp-json\/wp\/v2\/pages\/7914\/revisions"}],"wp:attachment":[{"href":"https:\/\/www.mira.fi\/fi\/wp-json\/wp\/v2\/media?parent=7914"}],"curies":[{"name":"wp","href":"https:\/\/api.w.org\/{rel}","templated":true}]}}