{"id":7976,"date":"2021-03-25T09:53:36","date_gmt":"2021-03-25T07:53:36","guid":{"rendered":"https:\/\/www.mira.fi\/jalleenmyyjat\/"},"modified":"2026-01-15T13:43:59","modified_gmt":"2026-01-15T11:43:59","slug":"jalleenmyyjat","status":"publish","type":"page","link":"https:\/\/www.mira.fi\/fi\/jalleenmyyjat\/","title":{"rendered":"J\u00e4lleenmyyj\u00e4t"},"content":{"rendered":"<div class=\"fusion-fullwidth fullwidth-box fusion-builder-row-1 fusion-flex-container nonhundred-percent-fullwidth non-hundred-percent-height-scrolling\" style=\"--awb-border-radius-top-left:0px;--awb-border-radius-top-right:0px;--awb-border-radius-bottom-right:0px;--awb-border-radius-bottom-left:0px;--awb-flex-wrap:wrap;\" ><div class=\"fusion-builder-row fusion-row fusion-flex-align-items-flex-start fusion-flex-content-wrap\" style=\"max-width:1248px;margin-left: calc(-4% \/ 2 );margin-right: calc(-4% \/ 2 );\"><div class=\"fusion-layout-column fusion_builder_column fusion-builder-column-0 fusion_builder_column_1_1 1_1 fusion-flex-column\" style=\"--awb-bg-size:cover;--awb-width-large:100%;--awb-margin-top-large:0px;--awb-spacing-right-large:1.92%;--awb-margin-bottom-large:0px;--awb-spacing-left-large:1.92%;--awb-width-medium:100%;--awb-spacing-right-medium:1.92%;--awb-spacing-left-medium:1.92%;--awb-width-small:100%;--awb-spacing-right-small:1.92%;--awb-spacing-left-small:1.92%;\"><div class=\"fusion-column-wrapper fusion-flex-justify-content-flex-start fusion-content-layout-column\"><div class=\"fusion-tabs fusion-tabs-1 clean vertical-tabs icon-position-left mobile-mode-accordion\" style=\"--awb-title-border-radius-top-left:0px;--awb-title-border-radius-top-right:0px;--awb-title-border-radius-bottom-right:0px;--awb-title-border-radius-bottom-left:0px;--awb-alignment:start;--awb-inactive-color:var(--awb-color2);--awb-background-color:var(--awb-color1);--awb-border-color:var(--awb-color3);--awb-active-border-color:var(--awb-color5);\"><div class=\"nav\"><ul class=\"nav-tabs\" role=\"tablist\" aria-orientation=\"vertical\"><li class=\"active\" role=\"presentation\"><a class=\"tab-link\" data-toggle=\"tab\" role=\"tab\" aria-controls=\"tab-4d4f463538530938179\" aria-selected=\"true\" tabindex=\"0\" id=\"fusion-tab-4d4f463538530938179\" href=\"#tab-4d4f463538530938179\"><h5 class=\"fusion-tab-heading\">MYYNTIEDUSTAJAMME<\/h5><\/a><\/li><li  role=\"presentation\"><a class=\"tab-link\" data-toggle=\"tab\" role=\"tab\" aria-controls=\"tab-f865160d4f70875de06\" aria-selected=\"false\" tabindex=\"-1\" id=\"fusion-tab-f865160d4f70875de06\" href=\"#tab-f865160d4f70875de06\"><h5 class=\"fusion-tab-heading\">SUOMI<\/h5><\/a><\/li><li  role=\"presentation\"><a class=\"tab-link\" data-toggle=\"tab\" role=\"tab\" aria-controls=\"tab-05aaca29bd20a718bc7\" aria-selected=\"false\" tabindex=\"-1\" id=\"fusion-tab-05aaca29bd20a718bc7\" href=\"#tab-05aaca29bd20a718bc7\"><h5 class=\"fusion-tab-heading\">RUOTSI<\/h5><\/a><\/li><li  role=\"presentation\"><a class=\"tab-link\" data-toggle=\"tab\" role=\"tab\" aria-controls=\"tab-2e40651471301ba5831\" aria-selected=\"false\" tabindex=\"-1\" id=\"fusion-tab-2e40651471301ba5831\" href=\"#tab-2e40651471301ba5831\"><h5 class=\"fusion-tab-heading\">NORJA<\/h5><\/a><\/li><li  role=\"presentation\"><a class=\"tab-link\" data-toggle=\"tab\" role=\"tab\" aria-controls=\"tab-018435ed4804ea58587\" aria-selected=\"false\" tabindex=\"-1\" id=\"fusion-tab-018435ed4804ea58587\" href=\"#tab-018435ed4804ea58587\"><h5 class=\"fusion-tab-heading\">TANSKA<\/h5><\/a><\/li><li  role=\"presentation\"><a class=\"tab-link\" data-toggle=\"tab\" role=\"tab\" aria-controls=\"tab-bee8ad42a1e8130dae7\" aria-selected=\"false\" tabindex=\"-1\" id=\"fusion-tab-bee8ad42a1e8130dae7\" href=\"#tab-bee8ad42a1e8130dae7\"><h5 class=\"fusion-tab-heading\">RANSKA<\/h5><\/a><\/li><li  role=\"presentation\"><a class=\"tab-link\" data-toggle=\"tab\" role=\"tab\" aria-controls=\"tab-7a1d892d240a32f04db\" aria-selected=\"false\" tabindex=\"-1\" id=\"fusion-tab-7a1d892d240a32f04db\" href=\"#tab-7a1d892d240a32f04db\"><h5 class=\"fusion-tab-heading\">SAKSA<\/h5><\/a><\/li><li  role=\"presentation\"><a class=\"tab-link\" data-toggle=\"tab\" role=\"tab\" aria-controls=\"tab-49bc74f7cfe1aa10f61\" aria-selected=\"false\" tabindex=\"-1\" id=\"fusion-tab-49bc74f7cfe1aa10f61\" href=\"#tab-49bc74f7cfe1aa10f61\"><h5 class=\"fusion-tab-heading\">BELGIA<\/h5><\/a><\/li><li  role=\"presentation\"><a class=\"tab-link\" data-toggle=\"tab\" role=\"tab\" aria-controls=\"tab-12820a091714dfb0360\" aria-selected=\"false\" tabindex=\"-1\" id=\"fusion-tab-12820a091714dfb0360\" href=\"#tab-12820a091714dfb0360\"><h5 class=\"fusion-tab-heading\">HOLLANTI<\/h5><\/a><\/li><li  role=\"presentation\"><a class=\"tab-link\" data-toggle=\"tab\" role=\"tab\" aria-controls=\"tab-0eb2353fabb8960399a\" aria-selected=\"false\" tabindex=\"-1\" id=\"fusion-tab-0eb2353fabb8960399a\" href=\"#tab-0eb2353fabb8960399a\"><h5 class=\"fusion-tab-heading\">ITALIA<\/h5><\/a><\/li><li  role=\"presentation\"><a class=\"tab-link\" data-toggle=\"tab\" role=\"tab\" aria-controls=\"tab-a9e0aa713957cca0f69\" aria-selected=\"false\" tabindex=\"-1\" id=\"fusion-tab-a9e0aa713957cca0f69\" href=\"#tab-a9e0aa713957cca0f69\"><h5 class=\"fusion-tab-heading\">IT\u00c4VALTA<\/h5><\/a><\/li><li  role=\"presentation\"><a class=\"tab-link\" data-toggle=\"tab\" role=\"tab\" aria-controls=\"tab-d3356b0fde42f19afe9\" aria-selected=\"false\" tabindex=\"-1\" id=\"fusion-tab-d3356b0fde42f19afe9\" href=\"#tab-d3356b0fde42f19afe9\"><h5 class=\"fusion-tab-heading\">SVEITSI<\/h5><\/a><\/li><li  role=\"presentation\"><a class=\"tab-link\" data-toggle=\"tab\" role=\"tab\" aria-controls=\"tab-1c797627b5e2aa83b6a\" aria-selected=\"false\" tabindex=\"-1\" id=\"fusion-tab-1c797627b5e2aa83b6a\" href=\"#tab-1c797627b5e2aa83b6a\"><h5 class=\"fusion-tab-heading\">MALTA<\/h5><\/a><\/li><li  role=\"presentation\"><a class=\"tab-link\" data-toggle=\"tab\" role=\"tab\" aria-controls=\"tab-f265c6dfd6fe464fc45\" aria-selected=\"false\" tabindex=\"-1\" id=\"fusion-tab-f265c6dfd6fe464fc45\" href=\"#tab-f265c6dfd6fe464fc45\"><h5 class=\"fusion-tab-heading\">MALLORCA<\/h5><\/a><\/li><\/ul><\/div><div class=\"tab-content\"><div class=\"nav fusion-mobile-tab-nav\"><ul class=\"nav-tabs\" role=\"tablist\" aria-orientation=\"vertical\"><li class=\"active\" role=\"presentation\"><a class=\"tab-link\" data-toggle=\"tab\" role=\"tab\" aria-controls=\"tab-4d4f463538530938179\" aria-selected=\"true\" tabindex=\"0\" id=\"mobile-fusion-tab-4d4f463538530938179\" href=\"#tab-4d4f463538530938179\"><h5 class=\"fusion-tab-heading\">MYYNTIEDUSTAJAMME<\/h5><\/a><\/li><\/ul><\/div><div class=\"tab-pane fade fusion-clearfix in active\" role=\"tabpanel\" tabindex=\"0\" aria-labelledby=\"fusion-tab-4d4f463538530938179\" id=\"tab-4d4f463538530938179\">\n<div class=\"element-name-region clearfix open\">\n<div class=\"element-name\">\n<h3><strong style=\"font-size: 16px;\">NELLY KORPIKOSKI<\/strong><\/h3>\n<\/div>\n<\/div>\n<div class=\"row open\">\n<div class=\"col-auto col column\">\n<div class=\"column-wrapper content\">\n<div class=\"post-content-wrapper\">\n<div class=\"post-content\">\n<p>+358 45 882 0710<br \/>\nnelly.korpikoski@gmail.com<br \/>\nKOSKI HL<br \/>\nSUOMI<\/p>\n<\/div>\n<\/div>\n<\/div>\n<\/div>\n<div class=\"col-auto col column\">\n<div class=\"column-wrapper content\">\n<div class=\"post-content-wrapper\">\n<div class=\"post-content\"><\/div>\n<\/div>\n<\/div>\n<\/div>\n<\/div>\n<\/div><div class=\"nav fusion-mobile-tab-nav\"><ul class=\"nav-tabs\" role=\"tablist\" aria-orientation=\"vertical\"><li  role=\"presentation\"><a class=\"tab-link\" data-toggle=\"tab\" role=\"tab\" aria-controls=\"tab-f865160d4f70875de06\" aria-selected=\"false\" tabindex=\"-1\" id=\"mobile-fusion-tab-f865160d4f70875de06\" href=\"#tab-f865160d4f70875de06\"><h5 class=\"fusion-tab-heading\">SUOMI<\/h5><\/a><\/li><\/ul><\/div><div class=\"tab-pane fade fusion-clearfix\" role=\"tabpanel\" tabindex=\"0\" aria-labelledby=\"fusion-tab-f865160d4f70875de06\" id=\"tab-f865160d4f70875de06\">\n<p>CUSTOM SULKY SUOMI\/TEIVO<br \/>\nteivon ravikeskus<br \/>\n33420 Tampere<br \/>\n+358 44 978 5143<\/p>\n<p>FINNTACK LAHTI<br \/>\nvieterikatu 2<br \/>\n15700 Lahti<br \/>\n+358 44 544 0645<\/p>\n<p>HEVARI OY<br \/>\nvuohkalliontie 2<br \/>\n18299 Heinola<br \/>\n+358 3 714 1111<\/p>\n<p>HEVOSVARUSTE VALJASKULMA<br \/>\nKuopion ravirata, Virranniementie 134<br \/>\n70420 Kuopio<br \/>\n+358 44 317 3577<\/p>\n<p>HOIVAKOTI ANNA &amp; AAPELI<br \/>\nraviradankuja 90<br \/>\n96100 Rovaniemi<br \/>\n050 0703 329<\/p>\n<p>MIRA PRO SHOP<br \/>\ntuulentie 8<br \/>\n21420, Lieto<br \/>\n02 274 3200<\/p>\n<p>NELLY KORPIKOSKI<\/p>\n<p>+358 45 882 0710<\/p>\n<p>nelly.korpikoski@gmail.com<\/p>\n<p>KOSKI HL SUOMI<\/p>\n<p>RAVIPALVELU AATSINKI<br \/>\nvallitie 15<br \/>\n95440 Tornio<br \/>\n+358 40 512 9734<\/p>\n<p>VALJASLIIKE SAARINEN<br \/>\nnahkurintie 22<br \/>\n69330 m\u00e4\u00e4tt\u00e4<br \/>\n+358 505 234 555<\/p>\n<p>EL\u00c4INTARVIKELIIKE VOIMAEL\u00c4IN \/ Voimaelain.fi<br \/>\nH\u00e4meentie 37<br \/>\n24100 SALO<\/p>\n<p>EL\u00c4INTARVIKELIIKE VOIMAEL\u00c4IN TURKU<br \/>\nMarkulantie 1<br \/>\n20300 TURKU<br \/>\np. 050 465 8876<\/p>\n<p class=\"MuiTypography-root MuiTypography-h1 css-177ev81\">IK HORSE TEAM OY<br \/>\nm\u00e4ntysaarentie 16<br \/>\n80910 kulho<br \/>\np. 040 057 2006<\/p>\n<\/div><div class=\"nav fusion-mobile-tab-nav\"><ul class=\"nav-tabs\" role=\"tablist\" aria-orientation=\"vertical\"><li  role=\"presentation\"><a class=\"tab-link\" data-toggle=\"tab\" role=\"tab\" aria-controls=\"tab-05aaca29bd20a718bc7\" aria-selected=\"false\" tabindex=\"-1\" id=\"mobile-fusion-tab-05aaca29bd20a718bc7\" href=\"#tab-05aaca29bd20a718bc7\"><h5 class=\"fusion-tab-heading\">RUOTSI<\/h5><\/a><\/li><\/ul><\/div><div class=\"tab-pane fade fusion-clearfix\" role=\"tabpanel\" tabindex=\"0\" aria-labelledby=\"fusion-tab-05aaca29bd20a718bc7\" id=\"tab-05aaca29bd20a718bc7\">\n<p>AB LARS BIDERMAN<br \/>\nsundbyholms travbana<br \/>\n63508 Eskilstuna<br \/>\n+46 (0) 16-96609<\/p>\n<div class=\"caption\">\n<p class=\"featured_article_title\">H\u00c4STBUTIKEN SOLVALLA<br \/>\ntravplan 10<br \/>\n163 43 sp\u00e5nga<\/p>\n<p>Nicole:  <a href=\"tel:0701468533\">070 14 68 533<\/a><\/p>\n<p>Micaela: <a href=\"tel:0707535960\">070 753 59 60<\/a><\/p>\n<\/div>\n<p>J\u00c4GERSRO H\u00c4STSHOP<br \/>\nJagersro travbana, Jagersrov\u00e4gen 212<br \/>\n21237 Malm\u00f6<br \/>\n+46 40 21 66 48<\/p>\n<p>M. ANDERSSONS H\u00c4STSPORT AB<br \/>\nromme travbana<br \/>\n+46 243 23 96 15<\/p>\n<p>MYYNTIEDUSTAJA<br \/>\nkaj n\u00e4rhinen<br \/>\nkaj@mira.fi<br \/>\n+46725310642<\/p>\n<p>PEGASUS H\u00c4STSHOP<br \/>\nStallbacken Um\u00e5kers travbana<br \/>\n90422 Uumaja<br \/>\n+46 90 502 50<\/p>\n<p>TRAVBUTIKEN HEDLUND AB<br \/>\nTravargatan<br \/>\n80633, G\u00e4vle<br \/>\n+46 261 890 35<\/p>\n<\/div><div class=\"nav fusion-mobile-tab-nav\"><ul class=\"nav-tabs\" role=\"tablist\" aria-orientation=\"vertical\"><li  role=\"presentation\"><a class=\"tab-link\" data-toggle=\"tab\" role=\"tab\" aria-controls=\"tab-2e40651471301ba5831\" aria-selected=\"false\" tabindex=\"-1\" id=\"mobile-fusion-tab-2e40651471301ba5831\" href=\"#tab-2e40651471301ba5831\"><h5 class=\"fusion-tab-heading\">NORJA<\/h5><\/a><\/li><\/ul><\/div><div class=\"tab-pane fade fusion-clearfix\" role=\"tabpanel\" tabindex=\"0\" aria-labelledby=\"fusion-tab-2e40651471301ba5831\" id=\"tab-2e40651471301ba5831\">\n<p>A\/S HESTEUTSTYR, FORUS TRAVBANE<br \/>\nBj\u00f8dnabeen 7<br \/>\n4033, Stavanger<br \/>\n+47 97 03 81 81<\/p>\n<p>TRAVPARKEN HESTEUTSTYR DA<br \/>\ntravparkvegen 70<br \/>\n5111, breistein<br \/>\n+47 920 47 179<\/p>\n<p>HESTESPORT-CENTERET AS<br \/>\ntollmo 23<br \/>\n3736, Skien<br \/>\n+47 916 36 878<\/p>\n<p>HORZE NORGE T\u00d8NSBERG<br \/>\ntravveien 4<br \/>\n3170, sem<br \/>\n+47 913 33 720<\/p>\n<p>PG ROOS FIRMA<br \/>\ntrondhjemsveien jessheim 974<br \/>\n2054, mogreina<br \/>\n+47 454 77 000<\/p>\n<p>ROBIN HAMRE<br \/>\nrobin@stallfrodehamre.no<br \/>\n+47 414 75 400<\/p>\n<p>MYYNTIEDUSTAJA KENNETH DANIELSEN<br \/>\n+47 913 33 720<\/p>\n<p>TOTEN HESTESPORT<br \/>\ngj\u00f8vikvegen 1019<br \/>\n2820, nordre toten<br \/>\n+47 932 58 516<\/p>\n<\/div><div class=\"nav fusion-mobile-tab-nav\"><ul class=\"nav-tabs\" role=\"tablist\" aria-orientation=\"vertical\"><li  role=\"presentation\"><a class=\"tab-link\" data-toggle=\"tab\" role=\"tab\" aria-controls=\"tab-018435ed4804ea58587\" aria-selected=\"false\" tabindex=\"-1\" id=\"mobile-fusion-tab-018435ed4804ea58587\" href=\"#tab-018435ed4804ea58587\"><h5 class=\"fusion-tab-heading\">TANSKA<\/h5><\/a><\/li><\/ul><\/div><div class=\"tab-pane fade fusion-clearfix\" role=\"tabpanel\" tabindex=\"0\" aria-labelledby=\"fusion-tab-018435ed4804ea58587\" id=\"tab-018435ed4804ea58587\">\n<p>STALDBUSSEN<br \/>\nHavreh\u00f8jvej 7<br \/>\n3751, \u00d8stermarie<br \/>\nPuh: 2042 2802<\/p>\n<p>VEIDELANDS<br \/>\nEnglandsvej 10 B<br \/>\n4800 Nyk.<br \/>\n+45 262 51150<br \/>\nBot-shop.dk<\/p>\n<\/div><div class=\"nav fusion-mobile-tab-nav\"><ul class=\"nav-tabs\" role=\"tablist\" aria-orientation=\"vertical\"><li  role=\"presentation\"><a class=\"tab-link\" data-toggle=\"tab\" role=\"tab\" aria-controls=\"tab-bee8ad42a1e8130dae7\" aria-selected=\"false\" tabindex=\"-1\" id=\"mobile-fusion-tab-bee8ad42a1e8130dae7\" href=\"#tab-bee8ad42a1e8130dae7\"><h5 class=\"fusion-tab-heading\">RANSKA<\/h5><\/a><\/li><\/ul><\/div><div class=\"tab-pane fade fusion-clearfix\" role=\"tabpanel\" tabindex=\"0\" aria-labelledby=\"fusion-tab-bee8ad42a1e8130dae7\" id=\"tab-bee8ad42a1e8130dae7\">\n<p>EQUI-DISTRI S.A.R.L<br \/>\nLe Poulet<br \/>\n50300, Vains<br \/>\n33 680 159 456<\/p>\n<p>HIPPOMAT<br \/>\n14 Avenue de l&#8217;Atlantique<br \/>\n53000, Laval<br \/>\n+33 2 43 68 37 19<\/p>\n<p class=\"html-h1 xdj266r x14z9mp xat24cr x1lziwak xexx8yu xyri2b x18d9i69 x1c1uobl x1vvkbs x1heor9g x1qlqyl8 x1pd3egz x1a2a7pz\">IK Horse &#8211; magasin de Grosbois<br \/>\n30 Domaine Grosbois<br \/>\n94470 Boissy-Saint-L\u00e9ger<br \/>\n+33 1 45 69 71 98<\/p>\n<p>RD SERVICES<br \/>\n27 route De damblainville<br \/>\n14700 villy lez falaize<br \/>\n06 33 04 09 67<\/p>\n<p>SARL SELLERIE PACIFICO<br \/>\n240 Rue Des Sagnes<br \/>\n42210 Montrond Les Bains<br \/>\n+33 603 765 858<\/p>\n<p>SAS HORSE WINNER<br \/>\n2 Route de la Tournardiere Montigny,<br \/>\n72600 Villeneuve en Perseigne<br \/>\n+33 2 31 32 35 20<\/p>\n<p>SELLERIE COURN\u00c9<br \/>\n29, Rue du M\u00fbrier<br \/>\n53400 Craon<br \/>\nPUH: 02 43 06 25 68<br \/>\nMATKAPUH: 06 82 39 16 89<\/p>\n<p>SELLERIE EQUIRACING BOS FRANCE<br \/>\n341 Route de Sanzieux<br \/>\n42450, Sury Le Comtal<br \/>\n+33 6 13 59 16 25<\/p>\n<p>TH DIFFUSION<br \/>\n37 Avenue des Tilleuls<br \/>\n17200, Royan<br \/>\n+33 5 46 08 01 01<\/p>\n<p>VITAL CONCEPT<br \/>\n80 Rue Arthur Enaud<br \/>\n22603, Loudeac<br \/>\n+33 612 695 678<\/p>\n<\/div><div class=\"nav fusion-mobile-tab-nav\"><ul class=\"nav-tabs\" role=\"tablist\" aria-orientation=\"vertical\"><li  role=\"presentation\"><a class=\"tab-link\" data-toggle=\"tab\" role=\"tab\" aria-controls=\"tab-7a1d892d240a32f04db\" aria-selected=\"false\" tabindex=\"-1\" id=\"mobile-fusion-tab-7a1d892d240a32f04db\" href=\"#tab-7a1d892d240a32f04db\"><h5 class=\"fusion-tab-heading\">SAKSA<\/h5><\/a><\/li><\/ul><\/div><div class=\"tab-pane fade fusion-clearfix\" role=\"tabpanel\" tabindex=\"0\" aria-labelledby=\"fusion-tab-7a1d892d240a32f04db\" id=\"tab-7a1d892d240a32f04db\">\n<p>PFERDESPORT-FLENSBURG GMBH &amp; CO. KG<br \/>\nSchleswiger Str. 48<br \/>\n24941, Flensburg<br \/>\n+49 170 5218396  <\/p>\n<p>READY2RACE<br \/>\nErica 38<br \/>\n8471WL, Wolvega<br \/>\n+31 6 313 353 23<\/p>\n<p>TRAB-SHOP JULIA WIESNER<br \/>\noberdorfen 56<br \/>\n84405, Dorfen<br \/>\n0162\/1898525<\/p>\n<\/div><div class=\"nav fusion-mobile-tab-nav\"><ul class=\"nav-tabs\" role=\"tablist\" aria-orientation=\"vertical\"><li  role=\"presentation\"><a class=\"tab-link\" data-toggle=\"tab\" role=\"tab\" aria-controls=\"tab-49bc74f7cfe1aa10f61\" aria-selected=\"false\" tabindex=\"-1\" id=\"mobile-fusion-tab-49bc74f7cfe1aa10f61\" href=\"#tab-49bc74f7cfe1aa10f61\"><h5 class=\"fusion-tab-heading\">BELGIA<\/h5><\/a><\/li><\/ul><\/div><div class=\"tab-pane fade fusion-clearfix\" role=\"tabpanel\" tabindex=\"0\" aria-labelledby=\"fusion-tab-49bc74f7cfe1aa10f61\" id=\"tab-49bc74f7cfe1aa10f61\">\n<p>BTURF.BE &amp; TRODADS.COM<br \/>\nKraaineststraat 54<br \/>\n9420, Erpe-Mere<br \/>\n+32 473 82 13 43<\/p>\n<p>DSM TROTTING BVBA<br \/>\nGentseweg 232<br \/>\n8792, Desselgem<br \/>\n+32 475 70 51 51<\/p>\n<p>TROTDirect<br \/>\nDeerlijkseweg 49<br \/>\n8790, Waregem<br \/>\n+32 475 67 27 42<\/p>\n<\/div><div class=\"nav fusion-mobile-tab-nav\"><ul class=\"nav-tabs\" role=\"tablist\" aria-orientation=\"vertical\"><li  role=\"presentation\"><a class=\"tab-link\" data-toggle=\"tab\" role=\"tab\" aria-controls=\"tab-12820a091714dfb0360\" aria-selected=\"false\" tabindex=\"-1\" id=\"mobile-fusion-tab-12820a091714dfb0360\" href=\"#tab-12820a091714dfb0360\"><h5 class=\"fusion-tab-heading\">HOLLANTI<\/h5><\/a><\/li><\/ul><\/div><div class=\"tab-pane fade fusion-clearfix\" role=\"tabpanel\" tabindex=\"0\" aria-labelledby=\"fusion-tab-12820a091714dfb0360\" id=\"tab-12820a091714dfb0360\">\n<p>HORSE CARE HOLLAND \u2013 SHOP WOLVEGA<br \/>\nRacetrack Victoria Park, Wolvega<br \/>\n+31 653 294 810<\/p>\n<p>HORSE CARE HOLLAND B.V.<br \/>\nZuideinde 290 A<br \/>\n1035 PM Amsterdam<br \/>\n+31 653 294 810<\/p>\n<p>READY2RACE<br \/>\nErica 38<br \/>\n8471WL, Wolvega<br \/>\n+31 6 313 353 23<\/p>\n<\/div><div class=\"nav fusion-mobile-tab-nav\"><ul class=\"nav-tabs\" role=\"tablist\" aria-orientation=\"vertical\"><li  role=\"presentation\"><a class=\"tab-link\" data-toggle=\"tab\" role=\"tab\" aria-controls=\"tab-0eb2353fabb8960399a\" aria-selected=\"false\" tabindex=\"-1\" id=\"mobile-fusion-tab-0eb2353fabb8960399a\" href=\"#tab-0eb2353fabb8960399a\"><h5 class=\"fusion-tab-heading\">ITALIA<\/h5><\/a><\/li><\/ul><\/div><div class=\"tab-pane fade fusion-clearfix\" role=\"tabpanel\" tabindex=\"0\" aria-labelledby=\"fusion-tab-0eb2353fabb8960399a\" id=\"tab-0eb2353fabb8960399a\">\n<p>SELLERIA FRATELLI SCARPA<br \/>\nvia Madonna Del principio trav. 58 bis<br \/>\n80058, Torre annunziata<br \/>\n+39 081 861 2350<\/p>\n<\/div><div class=\"nav fusion-mobile-tab-nav\"><ul class=\"nav-tabs\" role=\"tablist\" aria-orientation=\"vertical\"><li  role=\"presentation\"><a class=\"tab-link\" data-toggle=\"tab\" role=\"tab\" aria-controls=\"tab-a9e0aa713957cca0f69\" aria-selected=\"false\" tabindex=\"-1\" id=\"mobile-fusion-tab-a9e0aa713957cca0f69\" href=\"#tab-a9e0aa713957cca0f69\"><h5 class=\"fusion-tab-heading\">IT\u00c4VALTA<\/h5><\/a><\/li><\/ul><\/div><div class=\"tab-pane fade fusion-clearfix\" role=\"tabpanel\" tabindex=\"0\" aria-labelledby=\"fusion-tab-a9e0aa713957cca0f69\" id=\"tab-a9e0aa713957cca0f69\">\n<p>MYYNTIEDUSTAJA MANFRED OBERHAUSER<br \/>\nbockern 87<br \/>\n6365, Kirchberg in tirol<br \/>\n+43 6642 116 073<\/p>\n<\/div><div class=\"nav fusion-mobile-tab-nav\"><ul class=\"nav-tabs\" role=\"tablist\" aria-orientation=\"vertical\"><li  role=\"presentation\"><a class=\"tab-link\" data-toggle=\"tab\" role=\"tab\" aria-controls=\"tab-d3356b0fde42f19afe9\" aria-selected=\"false\" tabindex=\"-1\" id=\"mobile-fusion-tab-d3356b0fde42f19afe9\" href=\"#tab-d3356b0fde42f19afe9\"><h5 class=\"fusion-tab-heading\">SVEITSI<\/h5><\/a><\/li><\/ul><\/div><div class=\"tab-pane fade fusion-clearfix\" role=\"tabpanel\" tabindex=\"0\" aria-labelledby=\"fusion-tab-d3356b0fde42f19afe9\" id=\"tab-d3356b0fde42f19afe9\">\n<p>LILO THEILER<br \/>\nasetstrasse 39b<br \/>\n6438, ibach<br \/>\n+41 79 503 30 25<\/p>\n<\/div><div class=\"nav fusion-mobile-tab-nav\"><ul class=\"nav-tabs\" role=\"tablist\" aria-orientation=\"vertical\"><li  role=\"presentation\"><a class=\"tab-link\" data-toggle=\"tab\" role=\"tab\" aria-controls=\"tab-1c797627b5e2aa83b6a\" aria-selected=\"false\" tabindex=\"-1\" id=\"mobile-fusion-tab-1c797627b5e2aa83b6a\" href=\"#tab-1c797627b5e2aa83b6a\"><h5 class=\"fusion-tab-heading\">MALTA<\/h5><\/a><\/li><\/ul><\/div><div class=\"tab-pane fade fusion-clearfix\" role=\"tabpanel\" tabindex=\"0\" aria-labelledby=\"fusion-tab-1c797627b5e2aa83b6a\" id=\"tab-1c797627b5e2aa83b6a\">\n<p>KARL DEBONO<br \/>\n66 Nikol Baldacchino Street<br \/>\nQormi Malta<br \/>\n+35 699 451 568<\/p>\n<\/div><div class=\"nav fusion-mobile-tab-nav\"><ul class=\"nav-tabs\" role=\"tablist\" aria-orientation=\"vertical\"><li  role=\"presentation\"><a class=\"tab-link\" data-toggle=\"tab\" role=\"tab\" aria-controls=\"tab-f265c6dfd6fe464fc45\" aria-selected=\"false\" tabindex=\"-1\" id=\"mobile-fusion-tab-f265c6dfd6fe464fc45\" href=\"#tab-f265c6dfd6fe464fc45\"><h5 class=\"fusion-tab-heading\">MALLORCA<\/h5><\/a><\/li><\/ul><\/div><div class=\"tab-pane fade fusion-clearfix\" role=\"tabpanel\" tabindex=\"0\" aria-labelledby=\"fusion-tab-f265c6dfd6fe464fc45\" id=\"tab-f265c6dfd6fe464fc45\">\n<p>SPORT TROT<br \/>\nCR. Palma-Arta km 49.9<br \/>\n07500 Manacor<br \/>\n+35 655 238 431<\/p>\n<\/div><\/div><\/div><\/div><\/div><\/div><\/div>\n","protected":false},"excerpt":{"rendered":"","protected":false},"author":1,"featured_media":0,"parent":0,"menu_order":0,"comment_status":"closed","ping_status":"closed","template":"","meta":{"footnotes":""},"class_list":["post-7976","page","type-page","status-publish","hentry"],"yoast_head":"<!-- This site is optimized with the Yoast SEO plugin v27.5 - https:\/\/yoast.com\/product\/yoast-seo-wordpress\/ -->\n<title>J\u00e4lleenmyyj\u00e4t - Mira-Tex Oy<\/title>\n<meta name=\"robots\" content=\"index, follow, max-snippet:-1, max-image-preview:large, max-video-preview:-1\" \/>\n<link rel=\"canonical\" href=\"https:\/\/www.mira.fi\/fi\/jalleenmyyjat\/\" \/>\n<meta property=\"og:locale\" content=\"fi_FI\" \/>\n<meta property=\"og:type\" content=\"article\" \/>\n<meta property=\"og:title\" content=\"J\u00e4lleenmyyj\u00e4t - Mira-Tex Oy\" \/>\n<meta property=\"og:url\" content=\"https:\/\/www.mira.fi\/fi\/jalleenmyyjat\/\" \/>\n<meta property=\"og:site_name\" content=\"Mira-Tex Oy\" \/>\n<meta property=\"article:modified_time\" content=\"2026-01-15T11:43:59+00:00\" \/>\n<meta name=\"twitter:card\" content=\"summary_large_image\" \/>\n<meta name=\"twitter:label1\" content=\"Arvioitu lukuaika\" \/>\n\t<meta name=\"twitter:data1\" content=\"5 minuuttia\" \/>\n<script type=\"application\/ld+json\" class=\"yoast-schema-graph\">{\"@context\":\"https:\\\/\\\/schema.org\",\"@graph\":[{\"@type\":\"WebPage\",\"@id\":\"https:\\\/\\\/www.mira.fi\\\/fi\\\/jalleenmyyjat\\\/\",\"url\":\"https:\\\/\\\/www.mira.fi\\\/fi\\\/jalleenmyyjat\\\/\",\"name\":\"J\u00e4lleenmyyj\u00e4t - Mira-Tex Oy\",\"isPartOf\":{\"@id\":\"https:\\\/\\\/www.mira.fi\\\/#website\"},\"datePublished\":\"2021-03-25T07:53:36+00:00\",\"dateModified\":\"2026-01-15T11:43:59+00:00\",\"breadcrumb\":{\"@id\":\"https:\\\/\\\/www.mira.fi\\\/fi\\\/jalleenmyyjat\\\/#breadcrumb\"},\"inLanguage\":\"fi\",\"potentialAction\":[{\"@type\":\"ReadAction\",\"target\":[\"https:\\\/\\\/www.mira.fi\\\/fi\\\/jalleenmyyjat\\\/\"]}]},{\"@type\":\"BreadcrumbList\",\"@id\":\"https:\\\/\\\/www.mira.fi\\\/fi\\\/jalleenmyyjat\\\/#breadcrumb\",\"itemListElement\":[{\"@type\":\"ListItem\",\"position\":1,\"name\":\"Etusivu\",\"item\":\"https:\\\/\\\/www.mira.fi\\\/fi\\\/\"},{\"@type\":\"ListItem\",\"position\":2,\"name\":\"J\u00e4lleenmyyj\u00e4t\"}]},{\"@type\":\"WebSite\",\"@id\":\"https:\\\/\\\/www.mira.fi\\\/#website\",\"url\":\"https:\\\/\\\/www.mira.fi\\\/\",\"name\":\"Mira-Tex Oy\",\"description\":\"Johtava ravivaatteiden valmistaja\",\"publisher\":{\"@id\":\"https:\\\/\\\/www.mira.fi\\\/#organization\"},\"potentialAction\":[{\"@type\":\"SearchAction\",\"target\":{\"@type\":\"EntryPoint\",\"urlTemplate\":\"https:\\\/\\\/www.mira.fi\\\/?s={search_term_string}\"},\"query-input\":{\"@type\":\"PropertyValueSpecification\",\"valueRequired\":true,\"valueName\":\"search_term_string\"}}],\"inLanguage\":\"fi\"},{\"@type\":\"Organization\",\"@id\":\"https:\\\/\\\/www.mira.fi\\\/#organization\",\"name\":\"Mira-Tex Oy\",\"url\":\"https:\\\/\\\/www.mira.fi\\\/\",\"logo\":{\"@type\":\"ImageObject\",\"inLanguage\":\"fi\",\"@id\":\"https:\\\/\\\/www.mira.fi\\\/#\\\/schema\\\/logo\\\/image\\\/\",\"url\":\"https:\\\/\\\/www.mira.fi\\\/wp-content\\\/uploads\\\/favicon.png\",\"contentUrl\":\"https:\\\/\\\/www.mira.fi\\\/wp-content\\\/uploads\\\/favicon.png\",\"width\":600,\"height\":600,\"caption\":\"Mira-Tex Oy\"},\"image\":{\"@id\":\"https:\\\/\\\/www.mira.fi\\\/#\\\/schema\\\/logo\\\/image\\\/\"}}]}<\/script>\n<!-- \/ Yoast SEO plugin. -->","yoast_head_json":{"title":"J\u00e4lleenmyyj\u00e4t - Mira-Tex Oy","robots":{"index":"index","follow":"follow","max-snippet":"max-snippet:-1","max-image-preview":"max-image-preview:large","max-video-preview":"max-video-preview:-1"},"canonical":"https:\/\/www.mira.fi\/fi\/jalleenmyyjat\/","og_locale":"fi_FI","og_type":"article","og_title":"J\u00e4lleenmyyj\u00e4t - Mira-Tex Oy","og_url":"https:\/\/www.mira.fi\/fi\/jalleenmyyjat\/","og_site_name":"Mira-Tex Oy","article_modified_time":"2026-01-15T11:43:59+00:00","twitter_card":"summary_large_image","twitter_misc":{"Arvioitu lukuaika":"5 minuuttia"},"schema":{"@context":"https:\/\/schema.org","@graph":[{"@type":"WebPage","@id":"https:\/\/www.mira.fi\/fi\/jalleenmyyjat\/","url":"https:\/\/www.mira.fi\/fi\/jalleenmyyjat\/","name":"J\u00e4lleenmyyj\u00e4t - Mira-Tex Oy","isPartOf":{"@id":"https:\/\/www.mira.fi\/#website"},"datePublished":"2021-03-25T07:53:36+00:00","dateModified":"2026-01-15T11:43:59+00:00","breadcrumb":{"@id":"https:\/\/www.mira.fi\/fi\/jalleenmyyjat\/#breadcrumb"},"inLanguage":"fi","potentialAction":[{"@type":"ReadAction","target":["https:\/\/www.mira.fi\/fi\/jalleenmyyjat\/"]}]},{"@type":"BreadcrumbList","@id":"https:\/\/www.mira.fi\/fi\/jalleenmyyjat\/#breadcrumb","itemListElement":[{"@type":"ListItem","position":1,"name":"Etusivu","item":"https:\/\/www.mira.fi\/fi\/"},{"@type":"ListItem","position":2,"name":"J\u00e4lleenmyyj\u00e4t"}]},{"@type":"WebSite","@id":"https:\/\/www.mira.fi\/#website","url":"https:\/\/www.mira.fi\/","name":"Mira-Tex Oy","description":"Johtava ravivaatteiden valmistaja","publisher":{"@id":"https:\/\/www.mira.fi\/#organization"},"potentialAction":[{"@type":"SearchAction","target":{"@type":"EntryPoint","urlTemplate":"https:\/\/www.mira.fi\/?s={search_term_string}"},"query-input":{"@type":"PropertyValueSpecification","valueRequired":true,"valueName":"search_term_string"}}],"inLanguage":"fi"},{"@type":"Organization","@id":"https:\/\/www.mira.fi\/#organization","name":"Mira-Tex Oy","url":"https:\/\/www.mira.fi\/","logo":{"@type":"ImageObject","inLanguage":"fi","@id":"https:\/\/www.mira.fi\/#\/schema\/logo\/image\/","url":"https:\/\/www.mira.fi\/wp-content\/uploads\/favicon.png","contentUrl":"https:\/\/www.mira.fi\/wp-content\/uploads\/favicon.png","width":600,"height":600,"caption":"Mira-Tex Oy"},"image":{"@id":"https:\/\/www.mira.fi\/#\/schema\/logo\/image\/"}}]}},"_links":{"self":[{"href":"https:\/\/www.mira.fi\/fi\/wp-json\/wp\/v2\/pages\/7976","targetHints":{"allow":["GET"]}}],"collection":[{"href":"https:\/\/www.mira.fi\/fi\/wp-json\/wp\/v2\/pages"}],"about":[{"href":"https:\/\/www.mira.fi\/fi\/wp-json\/wp\/v2\/types\/page"}],"author":[{"embeddable":true,"href":"https:\/\/www.mira.fi\/fi\/wp-json\/wp\/v2\/users\/1"}],"replies":[{"embeddable":true,"href":"https:\/\/www.mira.fi\/fi\/wp-json\/wp\/v2\/comments?post=7976"}],"version-history":[{"count":2,"href":"https:\/\/www.mira.fi\/fi\/wp-json\/wp\/v2\/pages\/7976\/revisions"}],"predecessor-version":[{"id":10033,"href":"https:\/\/www.mira.fi\/fi\/wp-json\/wp\/v2\/pages\/7976\/revisions\/10033"}],"wp:attachment":[{"href":"https:\/\/www.mira.fi\/fi\/wp-json\/wp\/v2\/media?parent=7976"}],"curies":[{"name":"wp","href":"https:\/\/api.w.org\/{rel}","templated":true}]}}