{"id":8392,"date":"2021-06-05T10:56:00","date_gmt":"2021-05-06T07:56:08","guid":{"rendered":"https:\/\/www.mira.fi\/product\/mira-saankestava-treenisetti\/"},"modified":"2026-01-16T10:17:31","modified_gmt":"2026-01-16T08:17:31","slug":"mira-saankestava-treenisetti","status":"publish","type":"product","link":"https:\/\/www.mira.fi\/fi\/product\/mira-saankestava-treenisetti\/","title":{"rendered":"Mira s\u00e4\u00e4nkest\u00e4v\u00e4 treenisetti"},"content":{"rendered":"<p>Mira s\u00e4\u00e4nkest\u00e4v\u00e4 ty\u00f6asu hengitt\u00e4v\u00e4ll\u00e4 verkolla ja polyesterivuorella. Tuulen- ja vedenpit\u00e4v\u00e4 kangas, teipatut, vedenpit\u00e4v\u00e4t saumat. Heijastavat tereet sivuilla ja heijastavat yksityiskohdat edess\u00e4 ja takana. Takissa rinta- ja sivuvetoketjutaskut, sis\u00e4puolella rintatasku. Pehme\u00e4 harjattu trikoo kauluksen sis\u00e4puolella. Tarranauhakiristys hihansuissa ja helmassa. Pidempi helma takana ja lumilukko. Housut korkealla vy\u00f6t\u00e4r\u00f6ll\u00e4 ja olkaimilla. Suojattu etuvetoketju. Vetoketjut ja tarranauhakiristys lahkeensuissa. Kest\u00e4v\u00e4t nailoniset saapaslenkit pikalukituksella. Housuissa vetoketjutaskut molemmilla sivuilla. Mahdollisuus r\u00e4\u00e4t\u00e4l\u00f6id\u00e4 brodeeratuilla logoilla.            <\/p>\n","protected":false},"excerpt":{"rendered":"<p>Mira s\u00e4\u00e4nkest\u00e4v\u00e4 ty\u00f6asu hengitt\u00e4v\u00e4ll\u00e4 verkolla ja polyesterivuorella. Tuulen- ja vedenpit\u00e4v\u00e4  [&#8230;]<\/p>\n","protected":false},"featured_media":8393,"template":"","meta":[],"product_brand":[],"product_cat":[1874],"product_tag":[],"class_list":{"0":"post-8392","1":"product","2":"type-product","3":"status-publish","4":"has-post-thumbnail","6":"product_cat-tyovaatteet","7":"pa_color-black","8":"pa_color-navy-blue","10":"pa_size-l","12":"first","13":"instock","14":"taxable","15":"shipping-taxable","16":"purchasable","17":"product-type-variable"},"yoast_head":"<!-- This site is optimized with the Yoast SEO plugin v27.5 - https:\/\/yoast.com\/product\/yoast-seo-wordpress\/ -->\n<title>Mira s\u00e4\u00e4nkest\u00e4v\u00e4 treenisetti - Mira-Tex Oy<\/title>\n<meta name=\"robots\" content=\"index, follow, max-snippet:-1, max-image-preview:large, max-video-preview:-1\" \/>\n<link rel=\"canonical\" href=\"https:\/\/www.mira.fi\/fi\/product\/mira-saankestava-treenisetti\/\" \/>\n<meta property=\"og:locale\" content=\"fi_FI\" \/>\n<meta property=\"og:type\" content=\"article\" \/>\n<meta property=\"og:title\" content=\"Mira s\u00e4\u00e4nkest\u00e4v\u00e4 treenisetti - Mira-Tex Oy\" \/>\n<meta property=\"og:description\" content=\"Mira s\u00e4\u00e4nkest\u00e4v\u00e4 ty\u00f6asu hengitt\u00e4v\u00e4ll\u00e4 verkolla ja polyesterivuorella. Tuulen- ja vedenpit\u00e4v\u00e4 [...]\" \/>\n<meta property=\"og:url\" content=\"https:\/\/www.mira.fi\/fi\/product\/mira-saankestava-treenisetti\/\" \/>\n<meta property=\"og:site_name\" content=\"Mira-Tex Oy\" \/>\n<meta property=\"article:modified_time\" content=\"2026-01-16T08:17:31+00:00\" \/>\n<meta property=\"og:image\" content=\"https:\/\/www.mira.fi\/wp-content\/uploads\/Mira-All-weather-working-set-1-9.jpg\" \/>\n\t<meta property=\"og:image:width\" content=\"2048\" \/>\n\t<meta property=\"og:image:height\" content=\"2048\" \/>\n\t<meta property=\"og:image:type\" content=\"image\/jpeg\" \/>\n<meta name=\"twitter:card\" content=\"summary_large_image\" \/>\n<script type=\"application\/ld+json\" class=\"yoast-schema-graph\">{\"@context\":\"https:\\\/\\\/schema.org\",\"@graph\":[{\"@type\":\"WebPage\",\"@id\":\"https:\\\/\\\/www.mira.fi\\\/fi\\\/product\\\/mira-saankestava-treenisetti\\\/\",\"url\":\"https:\\\/\\\/www.mira.fi\\\/fi\\\/product\\\/mira-saankestava-treenisetti\\\/\",\"name\":\"Mira s\u00e4\u00e4nkest\u00e4v\u00e4 treenisetti - Mira-Tex Oy\",\"isPartOf\":{\"@id\":\"https:\\\/\\\/www.mira.fi\\\/#website\"},\"primaryImageOfPage\":{\"@id\":\"https:\\\/\\\/www.mira.fi\\\/fi\\\/product\\\/mira-saankestava-treenisetti\\\/#primaryimage\"},\"image\":{\"@id\":\"https:\\\/\\\/www.mira.fi\\\/fi\\\/product\\\/mira-saankestava-treenisetti\\\/#primaryimage\"},\"thumbnailUrl\":\"https:\\\/\\\/www.mira.fi\\\/wp-content\\\/uploads\\\/Mira-All-weather-working-set-1-9.jpg\",\"datePublished\":\"2021-05-06T07:56:08+00:00\",\"dateModified\":\"2026-01-16T08:17:31+00:00\",\"breadcrumb\":{\"@id\":\"https:\\\/\\\/www.mira.fi\\\/fi\\\/product\\\/mira-saankestava-treenisetti\\\/#breadcrumb\"},\"inLanguage\":\"fi\",\"potentialAction\":[{\"@type\":\"ReadAction\",\"target\":[\"https:\\\/\\\/www.mira.fi\\\/fi\\\/product\\\/mira-saankestava-treenisetti\\\/\"]}]},{\"@type\":\"ImageObject\",\"inLanguage\":\"fi\",\"@id\":\"https:\\\/\\\/www.mira.fi\\\/fi\\\/product\\\/mira-saankestava-treenisetti\\\/#primaryimage\",\"url\":\"https:\\\/\\\/www.mira.fi\\\/wp-content\\\/uploads\\\/Mira-All-weather-working-set-1-9.jpg\",\"contentUrl\":\"https:\\\/\\\/www.mira.fi\\\/wp-content\\\/uploads\\\/Mira-All-weather-working-set-1-9.jpg\",\"width\":2048,\"height\":2048,\"caption\":\"Mira s\u00e4\u00e4nkest\u00e4v\u00e4 treenisetti\"},{\"@type\":\"BreadcrumbList\",\"@id\":\"https:\\\/\\\/www.mira.fi\\\/fi\\\/product\\\/mira-saankestava-treenisetti\\\/#breadcrumb\",\"itemListElement\":[{\"@type\":\"ListItem\",\"position\":1,\"name\":\"Etusivu\",\"item\":\"https:\\\/\\\/www.mira.fi\\\/fi\\\/\"},{\"@type\":\"ListItem\",\"position\":2,\"name\":\"Kauppa\",\"item\":\"https:\\\/\\\/www.mira.fi\\\/fi\\\/kauppa\\\/\"},{\"@type\":\"ListItem\",\"position\":3,\"name\":\"Mira s\u00e4\u00e4nkest\u00e4v\u00e4 treenisetti\"}]},{\"@type\":\"WebSite\",\"@id\":\"https:\\\/\\\/www.mira.fi\\\/#website\",\"url\":\"https:\\\/\\\/www.mira.fi\\\/\",\"name\":\"Mira-Tex Oy\",\"description\":\"Johtava ravivaatteiden valmistaja\",\"publisher\":{\"@id\":\"https:\\\/\\\/www.mira.fi\\\/#organization\"},\"potentialAction\":[{\"@type\":\"SearchAction\",\"target\":{\"@type\":\"EntryPoint\",\"urlTemplate\":\"https:\\\/\\\/www.mira.fi\\\/?s={search_term_string}\"},\"query-input\":{\"@type\":\"PropertyValueSpecification\",\"valueRequired\":true,\"valueName\":\"search_term_string\"}}],\"inLanguage\":\"fi\"},{\"@type\":\"Organization\",\"@id\":\"https:\\\/\\\/www.mira.fi\\\/#organization\",\"name\":\"Mira-Tex Oy\",\"url\":\"https:\\\/\\\/www.mira.fi\\\/\",\"logo\":{\"@type\":\"ImageObject\",\"inLanguage\":\"fi\",\"@id\":\"https:\\\/\\\/www.mira.fi\\\/#\\\/schema\\\/logo\\\/image\\\/\",\"url\":\"https:\\\/\\\/www.mira.fi\\\/wp-content\\\/uploads\\\/favicon.png\",\"contentUrl\":\"https:\\\/\\\/www.mira.fi\\\/wp-content\\\/uploads\\\/favicon.png\",\"width\":600,\"height\":600,\"caption\":\"Mira-Tex Oy\"},\"image\":{\"@id\":\"https:\\\/\\\/www.mira.fi\\\/#\\\/schema\\\/logo\\\/image\\\/\"}}]}<\/script>\n<!-- \/ Yoast SEO plugin. -->","yoast_head_json":{"title":"Mira s\u00e4\u00e4nkest\u00e4v\u00e4 treenisetti - Mira-Tex Oy","robots":{"index":"index","follow":"follow","max-snippet":"max-snippet:-1","max-image-preview":"max-image-preview:large","max-video-preview":"max-video-preview:-1"},"canonical":"https:\/\/www.mira.fi\/fi\/product\/mira-saankestava-treenisetti\/","og_locale":"fi_FI","og_type":"article","og_title":"Mira s\u00e4\u00e4nkest\u00e4v\u00e4 treenisetti - Mira-Tex Oy","og_description":"Mira s\u00e4\u00e4nkest\u00e4v\u00e4 ty\u00f6asu hengitt\u00e4v\u00e4ll\u00e4 verkolla ja polyesterivuorella. Tuulen- ja vedenpit\u00e4v\u00e4 [...]","og_url":"https:\/\/www.mira.fi\/fi\/product\/mira-saankestava-treenisetti\/","og_site_name":"Mira-Tex Oy","article_modified_time":"2026-01-16T08:17:31+00:00","og_image":[{"width":2048,"height":2048,"url":"https:\/\/www.mira.fi\/wp-content\/uploads\/Mira-All-weather-working-set-1-9.jpg","type":"image\/jpeg"}],"twitter_card":"summary_large_image","schema":{"@context":"https:\/\/schema.org","@graph":[{"@type":"WebPage","@id":"https:\/\/www.mira.fi\/fi\/product\/mira-saankestava-treenisetti\/","url":"https:\/\/www.mira.fi\/fi\/product\/mira-saankestava-treenisetti\/","name":"Mira s\u00e4\u00e4nkest\u00e4v\u00e4 treenisetti - Mira-Tex Oy","isPartOf":{"@id":"https:\/\/www.mira.fi\/#website"},"primaryImageOfPage":{"@id":"https:\/\/www.mira.fi\/fi\/product\/mira-saankestava-treenisetti\/#primaryimage"},"image":{"@id":"https:\/\/www.mira.fi\/fi\/product\/mira-saankestava-treenisetti\/#primaryimage"},"thumbnailUrl":"https:\/\/www.mira.fi\/wp-content\/uploads\/Mira-All-weather-working-set-1-9.jpg","datePublished":"2021-05-06T07:56:08+00:00","dateModified":"2026-01-16T08:17:31+00:00","breadcrumb":{"@id":"https:\/\/www.mira.fi\/fi\/product\/mira-saankestava-treenisetti\/#breadcrumb"},"inLanguage":"fi","potentialAction":[{"@type":"ReadAction","target":["https:\/\/www.mira.fi\/fi\/product\/mira-saankestava-treenisetti\/"]}]},{"@type":"ImageObject","inLanguage":"fi","@id":"https:\/\/www.mira.fi\/fi\/product\/mira-saankestava-treenisetti\/#primaryimage","url":"https:\/\/www.mira.fi\/wp-content\/uploads\/Mira-All-weather-working-set-1-9.jpg","contentUrl":"https:\/\/www.mira.fi\/wp-content\/uploads\/Mira-All-weather-working-set-1-9.jpg","width":2048,"height":2048,"caption":"Mira s\u00e4\u00e4nkest\u00e4v\u00e4 treenisetti"},{"@type":"BreadcrumbList","@id":"https:\/\/www.mira.fi\/fi\/product\/mira-saankestava-treenisetti\/#breadcrumb","itemListElement":[{"@type":"ListItem","position":1,"name":"Etusivu","item":"https:\/\/www.mira.fi\/fi\/"},{"@type":"ListItem","position":2,"name":"Kauppa","item":"https:\/\/www.mira.fi\/fi\/kauppa\/"},{"@type":"ListItem","position":3,"name":"Mira s\u00e4\u00e4nkest\u00e4v\u00e4 treenisetti"}]},{"@type":"WebSite","@id":"https:\/\/www.mira.fi\/#website","url":"https:\/\/www.mira.fi\/","name":"Mira-Tex Oy","description":"Johtava ravivaatteiden valmistaja","publisher":{"@id":"https:\/\/www.mira.fi\/#organization"},"potentialAction":[{"@type":"SearchAction","target":{"@type":"EntryPoint","urlTemplate":"https:\/\/www.mira.fi\/?s={search_term_string}"},"query-input":{"@type":"PropertyValueSpecification","valueRequired":true,"valueName":"search_term_string"}}],"inLanguage":"fi"},{"@type":"Organization","@id":"https:\/\/www.mira.fi\/#organization","name":"Mira-Tex Oy","url":"https:\/\/www.mira.fi\/","logo":{"@type":"ImageObject","inLanguage":"fi","@id":"https:\/\/www.mira.fi\/#\/schema\/logo\/image\/","url":"https:\/\/www.mira.fi\/wp-content\/uploads\/favicon.png","contentUrl":"https:\/\/www.mira.fi\/wp-content\/uploads\/favicon.png","width":600,"height":600,"caption":"Mira-Tex Oy"},"image":{"@id":"https:\/\/www.mira.fi\/#\/schema\/logo\/image\/"}}]}},"_links":{"self":[{"href":"https:\/\/www.mira.fi\/fi\/wp-json\/wp\/v2\/product\/8392","targetHints":{"allow":["GET"]}}],"collection":[{"href":"https:\/\/www.mira.fi\/fi\/wp-json\/wp\/v2\/product"}],"about":[{"href":"https:\/\/www.mira.fi\/fi\/wp-json\/wp\/v2\/types\/product"}],"wp:featuredmedia":[{"embeddable":true,"href":"https:\/\/www.mira.fi\/fi\/wp-json\/wp\/v2\/media\/8393"}],"wp:attachment":[{"href":"https:\/\/www.mira.fi\/fi\/wp-json\/wp\/v2\/media?parent=8392"}],"wp:term":[{"taxonomy":"product_brand","embeddable":true,"href":"https:\/\/www.mira.fi\/fi\/wp-json\/wp\/v2\/product_brand?post=8392"},{"taxonomy":"product_cat","embeddable":true,"href":"https:\/\/www.mira.fi\/fi\/wp-json\/wp\/v2\/product_cat?post=8392"},{"taxonomy":"product_tag","embeddable":true,"href":"https:\/\/www.mira.fi\/fi\/wp-json\/wp\/v2\/product_tag?post=8392"}],"curies":[{"name":"wp","href":"https:\/\/api.w.org\/{rel}","templated":true}]}}