{"id":8732,"date":"2021-06-05T10:56:00","date_gmt":"2021-05-06T07:56:04","guid":{"rendered":"https:\/\/www.mira.fi\/product\/mira-kilpahousut-matalalla-vyotarolla-kumia\/"},"modified":"2026-01-16T10:31:51","modified_gmt":"2026-01-16T08:31:51","slug":"mira-kilpahousut-matalalla-vyotarolla-kumia","status":"publish","type":"product","link":"https:\/\/www.mira.fi\/fi\/product\/mira-kilpahousut-matalalla-vyotarolla-kumia\/","title":{"rendered":"Mira-kilpahousut matalalla vy\u00f6t\u00e4r\u00f6ll\u00e4, kumia"},"content":{"rendered":"<p>Mira matalalla vy\u00f6t\u00e4r\u00f6ll\u00e4 varustetut vedenpit\u00e4v\u00e4t kilpasadehousujen vetomallit. Helposti huuhdeltava kumikangas. Kumilanka ja ny\u00f6rikiriste vy\u00f6t\u00e4r\u00f6ll\u00e4. Teipatut, vedenpit\u00e4v\u00e4t saumat. Tarrakiinnitys lahkeensuissa. Kumilankaiset jalkalenkit tarrakiinnityksell\u00e4. Nopeat ja helpot pukea p\u00e4\u00e4lle, kun s\u00e4\u00e4 muuttuu yht\u00e4kki\u00e4 m\u00e4r\u00e4ksi. Mahdollisuus kustomoida kirjailluilla tai painetuilla logoilla.       <\/p>\n","protected":false},"excerpt":{"rendered":"<p>Mira matalalla vy\u00f6t\u00e4r\u00f6ll\u00e4 varustetut vedenpit\u00e4v\u00e4t kilpasadehousujen vetomallit. Helposti huuhdeltava kumikangas.  [&#8230;]<\/p>\n","protected":false},"featured_media":8733,"template":"","meta":[],"product_brand":[],"product_cat":[1865,1874],"product_tag":[],"class_list":{"0":"post-8732","1":"product","2":"type-product","3":"status-publish","4":"has-post-thumbnail","6":"product_cat-racing-clothing","7":"product_cat-tyovaatteet","8":"pa_color-white-black-stripe","9":"pa_color-white-blue-stripe","11":"pa_size-m","12":"pa_size-s","13":"pa_size-xl","14":"pa_size-xs","15":"pa_size-xxs","16":"pa_size-xxxl","18":"first","19":"instock","20":"taxable","21":"shipping-taxable","22":"purchasable","23":"product-type-variable"},"yoast_head":"<!-- This site is optimized with the Yoast SEO plugin v27.5 - https:\/\/yoast.com\/product\/yoast-seo-wordpress\/ -->\n<title>Mira-kilpahousut matalalla vy\u00f6t\u00e4r\u00f6ll\u00e4, kumia - Mira-Tex Oy<\/title>\n<meta name=\"robots\" content=\"index, follow, max-snippet:-1, max-image-preview:large, max-video-preview:-1\" \/>\n<link rel=\"canonical\" href=\"https:\/\/www.mira.fi\/fi\/product\/mira-kilpahousut-matalalla-vyotarolla-kumia\/\" \/>\n<meta property=\"og:locale\" content=\"fi_FI\" \/>\n<meta property=\"og:type\" content=\"article\" \/>\n<meta property=\"og:title\" content=\"Mira-kilpahousut matalalla vy\u00f6t\u00e4r\u00f6ll\u00e4, kumia - Mira-Tex Oy\" \/>\n<meta property=\"og:description\" content=\"Mira matalalla vy\u00f6t\u00e4r\u00f6ll\u00e4 varustetut vedenpit\u00e4v\u00e4t kilpasadehousujen vetomallit. Helposti huuhdeltava kumikangas. [...]\" \/>\n<meta property=\"og:url\" content=\"https:\/\/www.mira.fi\/fi\/product\/mira-kilpahousut-matalalla-vyotarolla-kumia\/\" \/>\n<meta property=\"og:site_name\" content=\"Mira-Tex Oy\" \/>\n<meta property=\"article:modified_time\" content=\"2026-01-16T08:31:51+00:00\" \/>\n<meta property=\"og:image\" content=\"https:\/\/www.mira.fi\/wp-content\/uploads\/IMG_8530-Edit-Edit-Edit-Edit-1.jpg\" \/>\n\t<meta property=\"og:image:width\" content=\"2048\" \/>\n\t<meta property=\"og:image:height\" content=\"2048\" \/>\n\t<meta property=\"og:image:type\" content=\"image\/jpeg\" \/>\n<meta name=\"twitter:card\" content=\"summary_large_image\" \/>\n<script type=\"application\/ld+json\" class=\"yoast-schema-graph\">{\"@context\":\"https:\\\/\\\/schema.org\",\"@graph\":[{\"@type\":\"WebPage\",\"@id\":\"https:\\\/\\\/www.mira.fi\\\/fi\\\/product\\\/mira-kilpahousut-matalalla-vyotarolla-kumia\\\/\",\"url\":\"https:\\\/\\\/www.mira.fi\\\/fi\\\/product\\\/mira-kilpahousut-matalalla-vyotarolla-kumia\\\/\",\"name\":\"Mira-kilpahousut matalalla vy\u00f6t\u00e4r\u00f6ll\u00e4, kumia - Mira-Tex Oy\",\"isPartOf\":{\"@id\":\"https:\\\/\\\/www.mira.fi\\\/#website\"},\"primaryImageOfPage\":{\"@id\":\"https:\\\/\\\/www.mira.fi\\\/fi\\\/product\\\/mira-kilpahousut-matalalla-vyotarolla-kumia\\\/#primaryimage\"},\"image\":{\"@id\":\"https:\\\/\\\/www.mira.fi\\\/fi\\\/product\\\/mira-kilpahousut-matalalla-vyotarolla-kumia\\\/#primaryimage\"},\"thumbnailUrl\":\"https:\\\/\\\/www.mira.fi\\\/wp-content\\\/uploads\\\/IMG_8530-Edit-Edit-Edit-Edit-1.jpg\",\"datePublished\":\"2021-05-06T07:56:04+00:00\",\"dateModified\":\"2026-01-16T08:31:51+00:00\",\"breadcrumb\":{\"@id\":\"https:\\\/\\\/www.mira.fi\\\/fi\\\/product\\\/mira-kilpahousut-matalalla-vyotarolla-kumia\\\/#breadcrumb\"},\"inLanguage\":\"fi\",\"potentialAction\":[{\"@type\":\"ReadAction\",\"target\":[\"https:\\\/\\\/www.mira.fi\\\/fi\\\/product\\\/mira-kilpahousut-matalalla-vyotarolla-kumia\\\/\"]}]},{\"@type\":\"ImageObject\",\"inLanguage\":\"fi\",\"@id\":\"https:\\\/\\\/www.mira.fi\\\/fi\\\/product\\\/mira-kilpahousut-matalalla-vyotarolla-kumia\\\/#primaryimage\",\"url\":\"https:\\\/\\\/www.mira.fi\\\/wp-content\\\/uploads\\\/IMG_8530-Edit-Edit-Edit-Edit-1.jpg\",\"contentUrl\":\"https:\\\/\\\/www.mira.fi\\\/wp-content\\\/uploads\\\/IMG_8530-Edit-Edit-Edit-Edit-1.jpg\",\"width\":2048,\"height\":2048,\"caption\":\"Mira-kilpahousut matalalla vy\u00f6t\u00e4r\u00f6ll\u00e4, kumia\"},{\"@type\":\"BreadcrumbList\",\"@id\":\"https:\\\/\\\/www.mira.fi\\\/fi\\\/product\\\/mira-kilpahousut-matalalla-vyotarolla-kumia\\\/#breadcrumb\",\"itemListElement\":[{\"@type\":\"ListItem\",\"position\":1,\"name\":\"Etusivu\",\"item\":\"https:\\\/\\\/www.mira.fi\\\/fi\\\/\"},{\"@type\":\"ListItem\",\"position\":2,\"name\":\"Kauppa\",\"item\":\"https:\\\/\\\/www.mira.fi\\\/fi\\\/kauppa\\\/\"},{\"@type\":\"ListItem\",\"position\":3,\"name\":\"Mira-kilpahousut matalalla vy\u00f6t\u00e4r\u00f6ll\u00e4, kumia\"}]},{\"@type\":\"WebSite\",\"@id\":\"https:\\\/\\\/www.mira.fi\\\/#website\",\"url\":\"https:\\\/\\\/www.mira.fi\\\/\",\"name\":\"Mira-Tex Oy\",\"description\":\"Johtava ravivaatteiden valmistaja\",\"publisher\":{\"@id\":\"https:\\\/\\\/www.mira.fi\\\/#organization\"},\"potentialAction\":[{\"@type\":\"SearchAction\",\"target\":{\"@type\":\"EntryPoint\",\"urlTemplate\":\"https:\\\/\\\/www.mira.fi\\\/?s={search_term_string}\"},\"query-input\":{\"@type\":\"PropertyValueSpecification\",\"valueRequired\":true,\"valueName\":\"search_term_string\"}}],\"inLanguage\":\"fi\"},{\"@type\":\"Organization\",\"@id\":\"https:\\\/\\\/www.mira.fi\\\/#organization\",\"name\":\"Mira-Tex Oy\",\"url\":\"https:\\\/\\\/www.mira.fi\\\/\",\"logo\":{\"@type\":\"ImageObject\",\"inLanguage\":\"fi\",\"@id\":\"https:\\\/\\\/www.mira.fi\\\/#\\\/schema\\\/logo\\\/image\\\/\",\"url\":\"https:\\\/\\\/www.mira.fi\\\/wp-content\\\/uploads\\\/favicon.png\",\"contentUrl\":\"https:\\\/\\\/www.mira.fi\\\/wp-content\\\/uploads\\\/favicon.png\",\"width\":600,\"height\":600,\"caption\":\"Mira-Tex Oy\"},\"image\":{\"@id\":\"https:\\\/\\\/www.mira.fi\\\/#\\\/schema\\\/logo\\\/image\\\/\"}}]}<\/script>\n<!-- \/ Yoast SEO plugin. -->","yoast_head_json":{"title":"Mira-kilpahousut matalalla vy\u00f6t\u00e4r\u00f6ll\u00e4, kumia - Mira-Tex Oy","robots":{"index":"index","follow":"follow","max-snippet":"max-snippet:-1","max-image-preview":"max-image-preview:large","max-video-preview":"max-video-preview:-1"},"canonical":"https:\/\/www.mira.fi\/fi\/product\/mira-kilpahousut-matalalla-vyotarolla-kumia\/","og_locale":"fi_FI","og_type":"article","og_title":"Mira-kilpahousut matalalla vy\u00f6t\u00e4r\u00f6ll\u00e4, kumia - Mira-Tex Oy","og_description":"Mira matalalla vy\u00f6t\u00e4r\u00f6ll\u00e4 varustetut vedenpit\u00e4v\u00e4t kilpasadehousujen vetomallit. Helposti huuhdeltava kumikangas. [...]","og_url":"https:\/\/www.mira.fi\/fi\/product\/mira-kilpahousut-matalalla-vyotarolla-kumia\/","og_site_name":"Mira-Tex Oy","article_modified_time":"2026-01-16T08:31:51+00:00","og_image":[{"width":2048,"height":2048,"url":"https:\/\/www.mira.fi\/wp-content\/uploads\/IMG_8530-Edit-Edit-Edit-Edit-1.jpg","type":"image\/jpeg"}],"twitter_card":"summary_large_image","schema":{"@context":"https:\/\/schema.org","@graph":[{"@type":"WebPage","@id":"https:\/\/www.mira.fi\/fi\/product\/mira-kilpahousut-matalalla-vyotarolla-kumia\/","url":"https:\/\/www.mira.fi\/fi\/product\/mira-kilpahousut-matalalla-vyotarolla-kumia\/","name":"Mira-kilpahousut matalalla vy\u00f6t\u00e4r\u00f6ll\u00e4, kumia - Mira-Tex Oy","isPartOf":{"@id":"https:\/\/www.mira.fi\/#website"},"primaryImageOfPage":{"@id":"https:\/\/www.mira.fi\/fi\/product\/mira-kilpahousut-matalalla-vyotarolla-kumia\/#primaryimage"},"image":{"@id":"https:\/\/www.mira.fi\/fi\/product\/mira-kilpahousut-matalalla-vyotarolla-kumia\/#primaryimage"},"thumbnailUrl":"https:\/\/www.mira.fi\/wp-content\/uploads\/IMG_8530-Edit-Edit-Edit-Edit-1.jpg","datePublished":"2021-05-06T07:56:04+00:00","dateModified":"2026-01-16T08:31:51+00:00","breadcrumb":{"@id":"https:\/\/www.mira.fi\/fi\/product\/mira-kilpahousut-matalalla-vyotarolla-kumia\/#breadcrumb"},"inLanguage":"fi","potentialAction":[{"@type":"ReadAction","target":["https:\/\/www.mira.fi\/fi\/product\/mira-kilpahousut-matalalla-vyotarolla-kumia\/"]}]},{"@type":"ImageObject","inLanguage":"fi","@id":"https:\/\/www.mira.fi\/fi\/product\/mira-kilpahousut-matalalla-vyotarolla-kumia\/#primaryimage","url":"https:\/\/www.mira.fi\/wp-content\/uploads\/IMG_8530-Edit-Edit-Edit-Edit-1.jpg","contentUrl":"https:\/\/www.mira.fi\/wp-content\/uploads\/IMG_8530-Edit-Edit-Edit-Edit-1.jpg","width":2048,"height":2048,"caption":"Mira-kilpahousut matalalla vy\u00f6t\u00e4r\u00f6ll\u00e4, kumia"},{"@type":"BreadcrumbList","@id":"https:\/\/www.mira.fi\/fi\/product\/mira-kilpahousut-matalalla-vyotarolla-kumia\/#breadcrumb","itemListElement":[{"@type":"ListItem","position":1,"name":"Etusivu","item":"https:\/\/www.mira.fi\/fi\/"},{"@type":"ListItem","position":2,"name":"Kauppa","item":"https:\/\/www.mira.fi\/fi\/kauppa\/"},{"@type":"ListItem","position":3,"name":"Mira-kilpahousut matalalla vy\u00f6t\u00e4r\u00f6ll\u00e4, kumia"}]},{"@type":"WebSite","@id":"https:\/\/www.mira.fi\/#website","url":"https:\/\/www.mira.fi\/","name":"Mira-Tex Oy","description":"Johtava ravivaatteiden valmistaja","publisher":{"@id":"https:\/\/www.mira.fi\/#organization"},"potentialAction":[{"@type":"SearchAction","target":{"@type":"EntryPoint","urlTemplate":"https:\/\/www.mira.fi\/?s={search_term_string}"},"query-input":{"@type":"PropertyValueSpecification","valueRequired":true,"valueName":"search_term_string"}}],"inLanguage":"fi"},{"@type":"Organization","@id":"https:\/\/www.mira.fi\/#organization","name":"Mira-Tex Oy","url":"https:\/\/www.mira.fi\/","logo":{"@type":"ImageObject","inLanguage":"fi","@id":"https:\/\/www.mira.fi\/#\/schema\/logo\/image\/","url":"https:\/\/www.mira.fi\/wp-content\/uploads\/favicon.png","contentUrl":"https:\/\/www.mira.fi\/wp-content\/uploads\/favicon.png","width":600,"height":600,"caption":"Mira-Tex Oy"},"image":{"@id":"https:\/\/www.mira.fi\/#\/schema\/logo\/image\/"}}]}},"_links":{"self":[{"href":"https:\/\/www.mira.fi\/fi\/wp-json\/wp\/v2\/product\/8732","targetHints":{"allow":["GET"]}}],"collection":[{"href":"https:\/\/www.mira.fi\/fi\/wp-json\/wp\/v2\/product"}],"about":[{"href":"https:\/\/www.mira.fi\/fi\/wp-json\/wp\/v2\/types\/product"}],"wp:featuredmedia":[{"embeddable":true,"href":"https:\/\/www.mira.fi\/fi\/wp-json\/wp\/v2\/media\/8733"}],"wp:attachment":[{"href":"https:\/\/www.mira.fi\/fi\/wp-json\/wp\/v2\/media?parent=8732"}],"wp:term":[{"taxonomy":"product_brand","embeddable":true,"href":"https:\/\/www.mira.fi\/fi\/wp-json\/wp\/v2\/product_brand?post=8732"},{"taxonomy":"product_cat","embeddable":true,"href":"https:\/\/www.mira.fi\/fi\/wp-json\/wp\/v2\/product_cat?post=8732"},{"taxonomy":"product_tag","embeddable":true,"href":"https:\/\/www.mira.fi\/fi\/wp-json\/wp\/v2\/product_tag?post=8732"}],"curies":[{"name":"wp","href":"https:\/\/api.w.org\/{rel}","templated":true}]}}