{"id":8801,"date":"2021-06-05T10:56:00","date_gmt":"2021-06-05T07:56:00","guid":{"rendered":"https:\/\/www.mira.fi\/product\/mira-superpolo-vetoketju\/"},"modified":"2025-11-11T20:07:49","modified_gmt":"2025-11-11T18:07:49","slug":"mira-superpolo-vetoketju","status":"publish","type":"product","link":"https:\/\/www.mira.fi\/fi\/product\/mira-superpolo-vetoketju\/","title":{"rendered":"Mira superpolo, vetoketju"},"content":{"rendered":"<p>Joustava ja l\u00e4mmin Mira-poolopaita pitkill\u00e4 hihoilla. Korkea, pehme\u00e4 ja joustava vetoketjukaulus. Suojaa kaulaasi p\u00f6lylt\u00e4 ja soralta. Pit\u00e4\u00e4 kaulasi l\u00e4mpim\u00e4n\u00e4 kylm\u00e4ll\u00e4 s\u00e4\u00e4ll\u00e4. Valkoinen tyylik\u00e4s kaulus t\u00e4ydent\u00e4\u00e4 kilpa-asusi.    <\/p>\n","protected":false},"excerpt":{"rendered":"<p>Joustava ja l\u00e4mmin Mira-poolopaita pitkill\u00e4 hihoilla. Korkea, pehme\u00e4 ja joustava  [&#8230;]<\/p>\n","protected":false},"featured_media":8802,"template":"","meta":[],"product_brand":[],"product_cat":[1865,1874],"product_tag":[],"class_list":{"0":"post-8801","1":"product","2":"type-product","3":"status-publish","4":"has-post-thumbnail","6":"product_cat-racing-clothing","7":"product_cat-tyovaatteet","8":"pa_color-black","9":"pa_color-white","10":"pa_size-m","11":"pa_size-s","12":"pa_size-xl","13":"pa_size-xs","14":"pa_size-xxs","15":"pa_size-xxxl","17":"first","18":"instock","19":"featured","20":"taxable","21":"shipping-taxable","22":"product-type-variable"},"yoast_head":"<!-- This site is optimized with the Yoast SEO plugin v27.4 - https:\/\/yoast.com\/product\/yoast-seo-wordpress\/ -->\n<title>Mira superpolo, vetoketju - Mira-Tex Oy<\/title>\n<meta name=\"robots\" content=\"index, follow, max-snippet:-1, max-image-preview:large, max-video-preview:-1\" \/>\n<link rel=\"canonical\" href=\"https:\/\/www.mira.fi\/fi\/product\/mira-superpolo-vetoketju\/\" \/>\n<meta property=\"og:locale\" content=\"fi_FI\" \/>\n<meta property=\"og:type\" content=\"article\" \/>\n<meta property=\"og:title\" content=\"Mira superpolo, vetoketju - Mira-Tex Oy\" \/>\n<meta property=\"og:description\" content=\"Joustava ja l\u00e4mmin Mira-poolopaita pitkill\u00e4 hihoilla. Korkea, pehme\u00e4 ja joustava [...]\" \/>\n<meta property=\"og:url\" content=\"https:\/\/www.mira.fi\/fi\/product\/mira-superpolo-vetoketju\/\" \/>\n<meta property=\"og:site_name\" content=\"Mira-Tex Oy\" \/>\n<meta property=\"article:modified_time\" content=\"2025-11-11T18:07:49+00:00\" \/>\n<meta property=\"og:image\" content=\"https:\/\/www.mira.fi\/wp-content\/uploads\/mira-superpolo-zipper-scaled-1.jpg\" \/>\n\t<meta property=\"og:image:width\" content=\"2560\" \/>\n\t<meta property=\"og:image:height\" content=\"2560\" \/>\n\t<meta property=\"og:image:type\" content=\"image\/jpeg\" \/>\n<meta name=\"twitter:card\" content=\"summary_large_image\" \/>\n<script type=\"application\/ld+json\" class=\"yoast-schema-graph\">{\"@context\":\"https:\\\/\\\/schema.org\",\"@graph\":[{\"@type\":\"WebPage\",\"@id\":\"https:\\\/\\\/www.mira.fi\\\/fi\\\/product\\\/mira-superpolo-vetoketju\\\/\",\"url\":\"https:\\\/\\\/www.mira.fi\\\/fi\\\/product\\\/mira-superpolo-vetoketju\\\/\",\"name\":\"Mira superpolo, vetoketju - Mira-Tex Oy\",\"isPartOf\":{\"@id\":\"https:\\\/\\\/www.mira.fi\\\/#website\"},\"primaryImageOfPage\":{\"@id\":\"https:\\\/\\\/www.mira.fi\\\/fi\\\/product\\\/mira-superpolo-vetoketju\\\/#primaryimage\"},\"image\":{\"@id\":\"https:\\\/\\\/www.mira.fi\\\/fi\\\/product\\\/mira-superpolo-vetoketju\\\/#primaryimage\"},\"thumbnailUrl\":\"https:\\\/\\\/www.mira.fi\\\/wp-content\\\/uploads\\\/mira-superpolo-zipper-scaled-1.jpg\",\"datePublished\":\"2021-06-05T07:56:00+00:00\",\"dateModified\":\"2025-11-11T18:07:49+00:00\",\"breadcrumb\":{\"@id\":\"https:\\\/\\\/www.mira.fi\\\/fi\\\/product\\\/mira-superpolo-vetoketju\\\/#breadcrumb\"},\"inLanguage\":\"fi\",\"potentialAction\":[{\"@type\":\"ReadAction\",\"target\":[\"https:\\\/\\\/www.mira.fi\\\/fi\\\/product\\\/mira-superpolo-vetoketju\\\/\"]}]},{\"@type\":\"ImageObject\",\"inLanguage\":\"fi\",\"@id\":\"https:\\\/\\\/www.mira.fi\\\/fi\\\/product\\\/mira-superpolo-vetoketju\\\/#primaryimage\",\"url\":\"https:\\\/\\\/www.mira.fi\\\/wp-content\\\/uploads\\\/mira-superpolo-zipper-scaled-1.jpg\",\"contentUrl\":\"https:\\\/\\\/www.mira.fi\\\/wp-content\\\/uploads\\\/mira-superpolo-zipper-scaled-1.jpg\",\"width\":2560,\"height\":2560,\"caption\":\"Mira superpolo, vetoketju\"},{\"@type\":\"BreadcrumbList\",\"@id\":\"https:\\\/\\\/www.mira.fi\\\/fi\\\/product\\\/mira-superpolo-vetoketju\\\/#breadcrumb\",\"itemListElement\":[{\"@type\":\"ListItem\",\"position\":1,\"name\":\"Etusivu\",\"item\":\"https:\\\/\\\/www.mira.fi\\\/fi\\\/\"},{\"@type\":\"ListItem\",\"position\":2,\"name\":\"Kauppa\",\"item\":\"https:\\\/\\\/www.mira.fi\\\/fi\\\/kauppa\\\/\"},{\"@type\":\"ListItem\",\"position\":3,\"name\":\"Mira superpolo, vetoketju\"}]},{\"@type\":\"WebSite\",\"@id\":\"https:\\\/\\\/www.mira.fi\\\/#website\",\"url\":\"https:\\\/\\\/www.mira.fi\\\/\",\"name\":\"Mira-Tex Oy\",\"description\":\"Johtava ravivaatteiden valmistaja\",\"publisher\":{\"@id\":\"https:\\\/\\\/www.mira.fi\\\/#organization\"},\"potentialAction\":[{\"@type\":\"SearchAction\",\"target\":{\"@type\":\"EntryPoint\",\"urlTemplate\":\"https:\\\/\\\/www.mira.fi\\\/?s={search_term_string}\"},\"query-input\":{\"@type\":\"PropertyValueSpecification\",\"valueRequired\":true,\"valueName\":\"search_term_string\"}}],\"inLanguage\":\"fi\"},{\"@type\":\"Organization\",\"@id\":\"https:\\\/\\\/www.mira.fi\\\/#organization\",\"name\":\"Mira-Tex Oy\",\"url\":\"https:\\\/\\\/www.mira.fi\\\/\",\"logo\":{\"@type\":\"ImageObject\",\"inLanguage\":\"fi\",\"@id\":\"https:\\\/\\\/www.mira.fi\\\/#\\\/schema\\\/logo\\\/image\\\/\",\"url\":\"https:\\\/\\\/www.mira.fi\\\/wp-content\\\/uploads\\\/favicon.png\",\"contentUrl\":\"https:\\\/\\\/www.mira.fi\\\/wp-content\\\/uploads\\\/favicon.png\",\"width\":600,\"height\":600,\"caption\":\"Mira-Tex Oy\"},\"image\":{\"@id\":\"https:\\\/\\\/www.mira.fi\\\/#\\\/schema\\\/logo\\\/image\\\/\"}}]}<\/script>\n<!-- \/ Yoast SEO plugin. -->","yoast_head_json":{"title":"Mira superpolo, vetoketju - Mira-Tex Oy","robots":{"index":"index","follow":"follow","max-snippet":"max-snippet:-1","max-image-preview":"max-image-preview:large","max-video-preview":"max-video-preview:-1"},"canonical":"https:\/\/www.mira.fi\/fi\/product\/mira-superpolo-vetoketju\/","og_locale":"fi_FI","og_type":"article","og_title":"Mira superpolo, vetoketju - Mira-Tex Oy","og_description":"Joustava ja l\u00e4mmin Mira-poolopaita pitkill\u00e4 hihoilla. Korkea, pehme\u00e4 ja joustava [...]","og_url":"https:\/\/www.mira.fi\/fi\/product\/mira-superpolo-vetoketju\/","og_site_name":"Mira-Tex Oy","article_modified_time":"2025-11-11T18:07:49+00:00","og_image":[{"width":2560,"height":2560,"url":"https:\/\/www.mira.fi\/wp-content\/uploads\/mira-superpolo-zipper-scaled-1.jpg","type":"image\/jpeg"}],"twitter_card":"summary_large_image","schema":{"@context":"https:\/\/schema.org","@graph":[{"@type":"WebPage","@id":"https:\/\/www.mira.fi\/fi\/product\/mira-superpolo-vetoketju\/","url":"https:\/\/www.mira.fi\/fi\/product\/mira-superpolo-vetoketju\/","name":"Mira superpolo, vetoketju - Mira-Tex Oy","isPartOf":{"@id":"https:\/\/www.mira.fi\/#website"},"primaryImageOfPage":{"@id":"https:\/\/www.mira.fi\/fi\/product\/mira-superpolo-vetoketju\/#primaryimage"},"image":{"@id":"https:\/\/www.mira.fi\/fi\/product\/mira-superpolo-vetoketju\/#primaryimage"},"thumbnailUrl":"https:\/\/www.mira.fi\/wp-content\/uploads\/mira-superpolo-zipper-scaled-1.jpg","datePublished":"2021-06-05T07:56:00+00:00","dateModified":"2025-11-11T18:07:49+00:00","breadcrumb":{"@id":"https:\/\/www.mira.fi\/fi\/product\/mira-superpolo-vetoketju\/#breadcrumb"},"inLanguage":"fi","potentialAction":[{"@type":"ReadAction","target":["https:\/\/www.mira.fi\/fi\/product\/mira-superpolo-vetoketju\/"]}]},{"@type":"ImageObject","inLanguage":"fi","@id":"https:\/\/www.mira.fi\/fi\/product\/mira-superpolo-vetoketju\/#primaryimage","url":"https:\/\/www.mira.fi\/wp-content\/uploads\/mira-superpolo-zipper-scaled-1.jpg","contentUrl":"https:\/\/www.mira.fi\/wp-content\/uploads\/mira-superpolo-zipper-scaled-1.jpg","width":2560,"height":2560,"caption":"Mira superpolo, vetoketju"},{"@type":"BreadcrumbList","@id":"https:\/\/www.mira.fi\/fi\/product\/mira-superpolo-vetoketju\/#breadcrumb","itemListElement":[{"@type":"ListItem","position":1,"name":"Etusivu","item":"https:\/\/www.mira.fi\/fi\/"},{"@type":"ListItem","position":2,"name":"Kauppa","item":"https:\/\/www.mira.fi\/fi\/kauppa\/"},{"@type":"ListItem","position":3,"name":"Mira superpolo, vetoketju"}]},{"@type":"WebSite","@id":"https:\/\/www.mira.fi\/#website","url":"https:\/\/www.mira.fi\/","name":"Mira-Tex Oy","description":"Johtava ravivaatteiden valmistaja","publisher":{"@id":"https:\/\/www.mira.fi\/#organization"},"potentialAction":[{"@type":"SearchAction","target":{"@type":"EntryPoint","urlTemplate":"https:\/\/www.mira.fi\/?s={search_term_string}"},"query-input":{"@type":"PropertyValueSpecification","valueRequired":true,"valueName":"search_term_string"}}],"inLanguage":"fi"},{"@type":"Organization","@id":"https:\/\/www.mira.fi\/#organization","name":"Mira-Tex Oy","url":"https:\/\/www.mira.fi\/","logo":{"@type":"ImageObject","inLanguage":"fi","@id":"https:\/\/www.mira.fi\/#\/schema\/logo\/image\/","url":"https:\/\/www.mira.fi\/wp-content\/uploads\/favicon.png","contentUrl":"https:\/\/www.mira.fi\/wp-content\/uploads\/favicon.png","width":600,"height":600,"caption":"Mira-Tex Oy"},"image":{"@id":"https:\/\/www.mira.fi\/#\/schema\/logo\/image\/"}}]}},"_links":{"self":[{"href":"https:\/\/www.mira.fi\/fi\/wp-json\/wp\/v2\/product\/8801","targetHints":{"allow":["GET"]}}],"collection":[{"href":"https:\/\/www.mira.fi\/fi\/wp-json\/wp\/v2\/product"}],"about":[{"href":"https:\/\/www.mira.fi\/fi\/wp-json\/wp\/v2\/types\/product"}],"wp:featuredmedia":[{"embeddable":true,"href":"https:\/\/www.mira.fi\/fi\/wp-json\/wp\/v2\/media\/8802"}],"wp:attachment":[{"href":"https:\/\/www.mira.fi\/fi\/wp-json\/wp\/v2\/media?parent=8801"}],"wp:term":[{"taxonomy":"product_brand","embeddable":true,"href":"https:\/\/www.mira.fi\/fi\/wp-json\/wp\/v2\/product_brand?post=8801"},{"taxonomy":"product_cat","embeddable":true,"href":"https:\/\/www.mira.fi\/fi\/wp-json\/wp\/v2\/product_cat?post=8801"},{"taxonomy":"product_tag","embeddable":true,"href":"https:\/\/www.mira.fi\/fi\/wp-json\/wp\/v2\/product_tag?post=8801"}],"curies":[{"name":"wp","href":"https:\/\/api.w.org\/{rel}","templated":true}]}}