{"id":8815,"date":"2021-06-05T10:56:00","date_gmt":"2021-06-05T07:56:00","guid":{"rendered":"https:\/\/www.mira.fi\/product\/mira-talvityoasu-2-osainen\/"},"modified":"2021-06-05T10:56:00","modified_gmt":"2021-06-05T07:56:00","slug":"mira-talvityoasu-2-osainen","status":"publish","type":"product","link":"https:\/\/www.mira.fi\/fi\/product\/mira-talvityoasu-2-osainen\/","title":{"rendered":"Mira-talvity\u00f6asu, 2-osainen"},"content":{"rendered":"<p>Mira-talvity\u00f6asu, 2-osainen, 160 g vanulla. Tuulen- ja vedenpit\u00e4v\u00e4 kangas, teipatut, vedenpit\u00e4v\u00e4t saumat. Heijastavat tereet sivuilla ja heijastavat yksityiskohdat edess\u00e4 ja takana. Takissa rinta- ja vetoketjulliset etutaskut, sis\u00e4puolella rintatasku. Pehme\u00e4 harjattu trikoo kauluksen sis\u00e4puolella. Pidempi helma takana ja lumilukko. Tarranauhakiristys kauluksessa, hihansuissa ja helmassa. Housuissa korkea vy\u00f6t\u00e4r\u00f6 ja henkselit. Vetoketjut ja tarranauhakiristys lahkeensuissa. Kest\u00e4v\u00e4t nailoniset saapaslenkit pikalukoilla. Housuissa vetoketjulliset etutaskut molemmilla puolilla. Mahdollisuus personoida brodeeratulla nimell\u00e4 ja logoilla.           <\/p>\n","protected":false},"excerpt":{"rendered":"<p>Mira-talvity\u00f6asu, 2-osainen, 160 g vanulla. Tuulen- ja vedenpit\u00e4v\u00e4 kangas, teipatut,  [&#8230;]<\/p>\n","protected":false},"featured_media":8816,"template":"","meta":[],"product_brand":[],"product_cat":[1874],"product_tag":[],"class_list":{"0":"post-8815","1":"product","2":"type-product","3":"status-publish","4":"has-post-thumbnail","6":"product_cat-tyovaatteet","7":"pa_color-black","8":"pa_color-dark-blue","10":"pa_color-musta","11":"pa_size-m","12":"pa_size-s","13":"pa_size-xl","14":"pa_size-xs","15":"pa_size-xxs","16":"pa_size-xxxl","18":"first","19":"instock","20":"featured","21":"taxable","22":"shipping-taxable","23":"product-type-variable"},"yoast_head":"<!-- This site is optimized with the Yoast SEO plugin v27.4 - https:\/\/yoast.com\/product\/yoast-seo-wordpress\/ -->\n<title>Mira-talvity\u00f6asu, 2-osainen - Mira-Tex Oy<\/title>\n<meta name=\"robots\" content=\"index, follow, max-snippet:-1, max-image-preview:large, max-video-preview:-1\" \/>\n<link rel=\"canonical\" href=\"https:\/\/www.mira.fi\/fi\/product\/mira-talvityoasu-2-osainen\/\" \/>\n<meta property=\"og:locale\" content=\"fi_FI\" \/>\n<meta property=\"og:type\" content=\"article\" \/>\n<meta property=\"og:title\" content=\"Mira-talvity\u00f6asu, 2-osainen - Mira-Tex Oy\" \/>\n<meta property=\"og:description\" content=\"Mira-talvity\u00f6asu, 2-osainen, 160 g vanulla. Tuulen- ja vedenpit\u00e4v\u00e4 kangas, teipatut, [...]\" \/>\n<meta property=\"og:url\" content=\"https:\/\/www.mira.fi\/fi\/product\/mira-talvityoasu-2-osainen\/\" \/>\n<meta property=\"og:site_name\" content=\"Mira-Tex Oy\" \/>\n<meta property=\"og:image\" content=\"https:\/\/www.mira.fi\/wp-content\/uploads\/Mira-Winter-Working-set-1-1.jpg\" \/>\n\t<meta property=\"og:image:width\" content=\"2048\" \/>\n\t<meta property=\"og:image:height\" content=\"2048\" \/>\n\t<meta property=\"og:image:type\" content=\"image\/jpeg\" \/>\n<meta name=\"twitter:card\" content=\"summary_large_image\" \/>\n<script type=\"application\/ld+json\" class=\"yoast-schema-graph\">{\"@context\":\"https:\\\/\\\/schema.org\",\"@graph\":[{\"@type\":\"WebPage\",\"@id\":\"https:\\\/\\\/www.mira.fi\\\/fi\\\/product\\\/mira-talvityoasu-2-osainen\\\/\",\"url\":\"https:\\\/\\\/www.mira.fi\\\/fi\\\/product\\\/mira-talvityoasu-2-osainen\\\/\",\"name\":\"Mira-talvity\u00f6asu, 2-osainen - Mira-Tex Oy\",\"isPartOf\":{\"@id\":\"https:\\\/\\\/www.mira.fi\\\/#website\"},\"primaryImageOfPage\":{\"@id\":\"https:\\\/\\\/www.mira.fi\\\/fi\\\/product\\\/mira-talvityoasu-2-osainen\\\/#primaryimage\"},\"image\":{\"@id\":\"https:\\\/\\\/www.mira.fi\\\/fi\\\/product\\\/mira-talvityoasu-2-osainen\\\/#primaryimage\"},\"thumbnailUrl\":\"https:\\\/\\\/www.mira.fi\\\/wp-content\\\/uploads\\\/Mira-Winter-Working-set-1-1.jpg\",\"datePublished\":\"2021-06-05T07:56:00+00:00\",\"breadcrumb\":{\"@id\":\"https:\\\/\\\/www.mira.fi\\\/fi\\\/product\\\/mira-talvityoasu-2-osainen\\\/#breadcrumb\"},\"inLanguage\":\"fi\",\"potentialAction\":[{\"@type\":\"ReadAction\",\"target\":[\"https:\\\/\\\/www.mira.fi\\\/fi\\\/product\\\/mira-talvityoasu-2-osainen\\\/\"]}]},{\"@type\":\"ImageObject\",\"inLanguage\":\"fi\",\"@id\":\"https:\\\/\\\/www.mira.fi\\\/fi\\\/product\\\/mira-talvityoasu-2-osainen\\\/#primaryimage\",\"url\":\"https:\\\/\\\/www.mira.fi\\\/wp-content\\\/uploads\\\/Mira-Winter-Working-set-1-1.jpg\",\"contentUrl\":\"https:\\\/\\\/www.mira.fi\\\/wp-content\\\/uploads\\\/Mira-Winter-Working-set-1-1.jpg\",\"width\":2048,\"height\":2048,\"caption\":\"Mira-talvity\u00f6asu, 2-osainen\"},{\"@type\":\"BreadcrumbList\",\"@id\":\"https:\\\/\\\/www.mira.fi\\\/fi\\\/product\\\/mira-talvityoasu-2-osainen\\\/#breadcrumb\",\"itemListElement\":[{\"@type\":\"ListItem\",\"position\":1,\"name\":\"Etusivu\",\"item\":\"https:\\\/\\\/www.mira.fi\\\/fi\\\/\"},{\"@type\":\"ListItem\",\"position\":2,\"name\":\"Kauppa\",\"item\":\"https:\\\/\\\/www.mira.fi\\\/fi\\\/kauppa\\\/\"},{\"@type\":\"ListItem\",\"position\":3,\"name\":\"Mira-talvity\u00f6asu, 2-osainen\"}]},{\"@type\":\"WebSite\",\"@id\":\"https:\\\/\\\/www.mira.fi\\\/#website\",\"url\":\"https:\\\/\\\/www.mira.fi\\\/\",\"name\":\"Mira-Tex Oy\",\"description\":\"Johtava ravivaatteiden valmistaja\",\"publisher\":{\"@id\":\"https:\\\/\\\/www.mira.fi\\\/#organization\"},\"potentialAction\":[{\"@type\":\"SearchAction\",\"target\":{\"@type\":\"EntryPoint\",\"urlTemplate\":\"https:\\\/\\\/www.mira.fi\\\/?s={search_term_string}\"},\"query-input\":{\"@type\":\"PropertyValueSpecification\",\"valueRequired\":true,\"valueName\":\"search_term_string\"}}],\"inLanguage\":\"fi\"},{\"@type\":\"Organization\",\"@id\":\"https:\\\/\\\/www.mira.fi\\\/#organization\",\"name\":\"Mira-Tex Oy\",\"url\":\"https:\\\/\\\/www.mira.fi\\\/\",\"logo\":{\"@type\":\"ImageObject\",\"inLanguage\":\"fi\",\"@id\":\"https:\\\/\\\/www.mira.fi\\\/#\\\/schema\\\/logo\\\/image\\\/\",\"url\":\"https:\\\/\\\/www.mira.fi\\\/wp-content\\\/uploads\\\/favicon.png\",\"contentUrl\":\"https:\\\/\\\/www.mira.fi\\\/wp-content\\\/uploads\\\/favicon.png\",\"width\":600,\"height\":600,\"caption\":\"Mira-Tex Oy\"},\"image\":{\"@id\":\"https:\\\/\\\/www.mira.fi\\\/#\\\/schema\\\/logo\\\/image\\\/\"}}]}<\/script>\n<!-- \/ Yoast SEO plugin. -->","yoast_head_json":{"title":"Mira-talvity\u00f6asu, 2-osainen - Mira-Tex Oy","robots":{"index":"index","follow":"follow","max-snippet":"max-snippet:-1","max-image-preview":"max-image-preview:large","max-video-preview":"max-video-preview:-1"},"canonical":"https:\/\/www.mira.fi\/fi\/product\/mira-talvityoasu-2-osainen\/","og_locale":"fi_FI","og_type":"article","og_title":"Mira-talvity\u00f6asu, 2-osainen - Mira-Tex Oy","og_description":"Mira-talvity\u00f6asu, 2-osainen, 160 g vanulla. Tuulen- ja vedenpit\u00e4v\u00e4 kangas, teipatut, [...]","og_url":"https:\/\/www.mira.fi\/fi\/product\/mira-talvityoasu-2-osainen\/","og_site_name":"Mira-Tex Oy","og_image":[{"width":2048,"height":2048,"url":"https:\/\/www.mira.fi\/wp-content\/uploads\/Mira-Winter-Working-set-1-1.jpg","type":"image\/jpeg"}],"twitter_card":"summary_large_image","schema":{"@context":"https:\/\/schema.org","@graph":[{"@type":"WebPage","@id":"https:\/\/www.mira.fi\/fi\/product\/mira-talvityoasu-2-osainen\/","url":"https:\/\/www.mira.fi\/fi\/product\/mira-talvityoasu-2-osainen\/","name":"Mira-talvity\u00f6asu, 2-osainen - Mira-Tex Oy","isPartOf":{"@id":"https:\/\/www.mira.fi\/#website"},"primaryImageOfPage":{"@id":"https:\/\/www.mira.fi\/fi\/product\/mira-talvityoasu-2-osainen\/#primaryimage"},"image":{"@id":"https:\/\/www.mira.fi\/fi\/product\/mira-talvityoasu-2-osainen\/#primaryimage"},"thumbnailUrl":"https:\/\/www.mira.fi\/wp-content\/uploads\/Mira-Winter-Working-set-1-1.jpg","datePublished":"2021-06-05T07:56:00+00:00","breadcrumb":{"@id":"https:\/\/www.mira.fi\/fi\/product\/mira-talvityoasu-2-osainen\/#breadcrumb"},"inLanguage":"fi","potentialAction":[{"@type":"ReadAction","target":["https:\/\/www.mira.fi\/fi\/product\/mira-talvityoasu-2-osainen\/"]}]},{"@type":"ImageObject","inLanguage":"fi","@id":"https:\/\/www.mira.fi\/fi\/product\/mira-talvityoasu-2-osainen\/#primaryimage","url":"https:\/\/www.mira.fi\/wp-content\/uploads\/Mira-Winter-Working-set-1-1.jpg","contentUrl":"https:\/\/www.mira.fi\/wp-content\/uploads\/Mira-Winter-Working-set-1-1.jpg","width":2048,"height":2048,"caption":"Mira-talvity\u00f6asu, 2-osainen"},{"@type":"BreadcrumbList","@id":"https:\/\/www.mira.fi\/fi\/product\/mira-talvityoasu-2-osainen\/#breadcrumb","itemListElement":[{"@type":"ListItem","position":1,"name":"Etusivu","item":"https:\/\/www.mira.fi\/fi\/"},{"@type":"ListItem","position":2,"name":"Kauppa","item":"https:\/\/www.mira.fi\/fi\/kauppa\/"},{"@type":"ListItem","position":3,"name":"Mira-talvity\u00f6asu, 2-osainen"}]},{"@type":"WebSite","@id":"https:\/\/www.mira.fi\/#website","url":"https:\/\/www.mira.fi\/","name":"Mira-Tex Oy","description":"Johtava ravivaatteiden valmistaja","publisher":{"@id":"https:\/\/www.mira.fi\/#organization"},"potentialAction":[{"@type":"SearchAction","target":{"@type":"EntryPoint","urlTemplate":"https:\/\/www.mira.fi\/?s={search_term_string}"},"query-input":{"@type":"PropertyValueSpecification","valueRequired":true,"valueName":"search_term_string"}}],"inLanguage":"fi"},{"@type":"Organization","@id":"https:\/\/www.mira.fi\/#organization","name":"Mira-Tex Oy","url":"https:\/\/www.mira.fi\/","logo":{"@type":"ImageObject","inLanguage":"fi","@id":"https:\/\/www.mira.fi\/#\/schema\/logo\/image\/","url":"https:\/\/www.mira.fi\/wp-content\/uploads\/favicon.png","contentUrl":"https:\/\/www.mira.fi\/wp-content\/uploads\/favicon.png","width":600,"height":600,"caption":"Mira-Tex Oy"},"image":{"@id":"https:\/\/www.mira.fi\/#\/schema\/logo\/image\/"}}]}},"_links":{"self":[{"href":"https:\/\/www.mira.fi\/fi\/wp-json\/wp\/v2\/product\/8815","targetHints":{"allow":["GET"]}}],"collection":[{"href":"https:\/\/www.mira.fi\/fi\/wp-json\/wp\/v2\/product"}],"about":[{"href":"https:\/\/www.mira.fi\/fi\/wp-json\/wp\/v2\/types\/product"}],"wp:featuredmedia":[{"embeddable":true,"href":"https:\/\/www.mira.fi\/fi\/wp-json\/wp\/v2\/media\/8816"}],"wp:attachment":[{"href":"https:\/\/www.mira.fi\/fi\/wp-json\/wp\/v2\/media?parent=8815"}],"wp:term":[{"taxonomy":"product_brand","embeddable":true,"href":"https:\/\/www.mira.fi\/fi\/wp-json\/wp\/v2\/product_brand?post=8815"},{"taxonomy":"product_cat","embeddable":true,"href":"https:\/\/www.mira.fi\/fi\/wp-json\/wp\/v2\/product_cat?post=8815"},{"taxonomy":"product_tag","embeddable":true,"href":"https:\/\/www.mira.fi\/fi\/wp-json\/wp\/v2\/product_tag?post=8815"}],"curies":[{"name":"wp","href":"https:\/\/api.w.org\/{rel}","templated":true}]}}