{"id":9317,"date":"2025-12-04T09:36:22","date_gmt":"2025-12-04T07:36:22","guid":{"rendered":"https:\/\/www.mira.fi\/product\/mira-thermal-shorts-lampohousut\/"},"modified":"2025-12-04T09:36:22","modified_gmt":"2025-12-04T07:36:22","slug":"mira-thermal-shorts-lampohousut","status":"publish","type":"product","link":"https:\/\/www.mira.fi\/fi\/product\/mira-thermal-shorts-lampohousut\/","title":{"rendered":"Mira Thermal Shorts -l\u00e4mp\u00f6housut"},"content":{"rendered":"<p><strong>Mira Thermal Shorts<\/strong> on suunniteltu raviohjastajille l\u00e4mmitt\u00e4v\u00e4ksi aluskerrastoksi, joka puetaan kilpa- tai ty\u00f6housujen alle. Ne lis\u00e4\u00e4v\u00e4t mukavuutta kylmiss\u00e4 olosuhteissa, joissa k\u00e4rryn istuin voi tuntua j\u00e4iselt\u00e4, tarjoten lis\u00e4eristyst\u00e4 juuri sinne, miss\u00e4 sit\u00e4 eniten tarvitaan. Kevyt mutta kest\u00e4v\u00e4 ulkokangas yhdistettyn\u00e4 l\u00e4mp\u00f6pehmusteeseen tekee n\u00e4ist\u00e4 shortseista luotettavan valinnan talviharjoitteluun ja -kilpailuihin.  <\/p>\n<p><strong>T\u00e4rkeimm\u00e4t ominaisuudet:<\/strong><\/p>\n<ul>\n<li>T\u00e4yspitk\u00e4t sivuvetoketjut helpottavat pukemista ja riisumista, vaikka jalassa olisi saappaat ja ulkovaatteet.<\/li>\n<li>Joustava osa vy\u00f6t\u00e4r\u00f6n takana ja sivunapit mahdollistavat s\u00e4\u00e4dett\u00e4v\u00e4n, yksil\u00f6llisen istuvuuden.<\/li>\n<li>Liukumaton sis\u00e4vy\u00f6materiaali varmistaa, ett\u00e4 shortsit pysyv\u00e4t tukevasti paikallaan.<\/li>\n<li>130g l\u00e4mp\u00f6eristys tarjoaa tehokasta l\u00e4mp\u00f6\u00e4 kylmiss\u00e4 ymp\u00e4rist\u00f6iss\u00e4.<\/li>\n<li>Kevyt ulkokangas, joka muotoutuu hyvin k\u00e4yt\u00f6n aikana<\/li>\n<\/ul>\n<p><strong>Materiaalit:<\/strong><\/p>\n<ul>\n<li>Ulkopuoli: Kevyt, muotonsa pit\u00e4v\u00e4 kangas<\/li>\n<li>Vuori: 130g l\u00e4mp\u00f6eristys<\/li>\n<\/ul>\n<p><strong>Koot:<\/strong> XS \u2013 XXL<\/p>\n<p><strong>Ihanteellinen k\u00e4ytt\u00f6:<\/strong> Ravikilpailuissa ja tallit\u00f6iss\u00e4 kylm\u00e4ll\u00e4 s\u00e4\u00e4ll\u00e4, housujen alla lis\u00e4l\u00e4mmikkeen\u00e4, erityisesti istuinalueella.<\/p>\n","protected":false},"excerpt":{"rendered":"<p>Mira Thermal Shorts on suunniteltu raviohjastajille l\u00e4mmitt\u00e4v\u00e4ksi aluskerrastoksi, joka puetaan  [&#8230;]<\/p>\n","protected":false},"featured_media":9320,"template":"","meta":[],"product_brand":[],"product_cat":[1865,1874],"product_tag":[],"class_list":{"0":"post-9317","1":"product","2":"type-product","3":"status-publish","4":"has-post-thumbnail","6":"product_cat-racing-clothing","7":"product_cat-tyovaatteet","9":"first","10":"instock","11":"taxable","12":"shipping-taxable","13":"product-type-variable"},"yoast_head":"<!-- This site is optimized with the Yoast SEO plugin v27.5 - https:\/\/yoast.com\/product\/yoast-seo-wordpress\/ -->\n<title>Mira Thermal Shorts -l\u00e4mp\u00f6housut - Mira-Tex Oy<\/title>\n<meta name=\"robots\" content=\"index, follow, max-snippet:-1, max-image-preview:large, max-video-preview:-1\" \/>\n<link rel=\"canonical\" href=\"https:\/\/www.mira.fi\/fi\/product\/mira-thermal-shorts-lampohousut\/\" \/>\n<meta property=\"og:locale\" content=\"fi_FI\" \/>\n<meta property=\"og:type\" content=\"article\" \/>\n<meta property=\"og:title\" content=\"Mira Thermal Shorts -l\u00e4mp\u00f6housut - Mira-Tex Oy\" \/>\n<meta property=\"og:description\" content=\"Mira Thermal Shorts on suunniteltu raviohjastajille l\u00e4mmitt\u00e4v\u00e4ksi aluskerrastoksi, joka puetaan [...]\" \/>\n<meta property=\"og:url\" content=\"https:\/\/www.mira.fi\/fi\/product\/mira-thermal-shorts-lampohousut\/\" \/>\n<meta property=\"og:site_name\" content=\"Mira-Tex Oy\" \/>\n<meta property=\"og:image\" content=\"https:\/\/www.mira.fi\/wp-content\/uploads\/739-Mira-Thermal-Shorts-racing-scaled.jpg\" \/>\n\t<meta property=\"og:image:width\" content=\"1920\" \/>\n\t<meta property=\"og:image:height\" content=\"2560\" \/>\n\t<meta property=\"og:image:type\" content=\"image\/jpeg\" \/>\n<meta name=\"twitter:card\" content=\"summary_large_image\" \/>\n<meta name=\"twitter:label1\" content=\"Arvioitu lukuaika\" \/>\n\t<meta name=\"twitter:data1\" content=\"1 minuutti\" \/>\n<script type=\"application\/ld+json\" class=\"yoast-schema-graph\">{\"@context\":\"https:\\\/\\\/schema.org\",\"@graph\":[{\"@type\":\"WebPage\",\"@id\":\"https:\\\/\\\/www.mira.fi\\\/fi\\\/product\\\/mira-thermal-shorts-lampohousut\\\/\",\"url\":\"https:\\\/\\\/www.mira.fi\\\/fi\\\/product\\\/mira-thermal-shorts-lampohousut\\\/\",\"name\":\"Mira Thermal Shorts -l\u00e4mp\u00f6housut - Mira-Tex Oy\",\"isPartOf\":{\"@id\":\"https:\\\/\\\/www.mira.fi\\\/#website\"},\"primaryImageOfPage\":{\"@id\":\"https:\\\/\\\/www.mira.fi\\\/fi\\\/product\\\/mira-thermal-shorts-lampohousut\\\/#primaryimage\"},\"image\":{\"@id\":\"https:\\\/\\\/www.mira.fi\\\/fi\\\/product\\\/mira-thermal-shorts-lampohousut\\\/#primaryimage\"},\"thumbnailUrl\":\"https:\\\/\\\/www.mira.fi\\\/wp-content\\\/uploads\\\/739-Mira-Thermal-Shorts-racing-scaled.jpg\",\"datePublished\":\"2025-12-04T07:36:22+00:00\",\"breadcrumb\":{\"@id\":\"https:\\\/\\\/www.mira.fi\\\/fi\\\/product\\\/mira-thermal-shorts-lampohousut\\\/#breadcrumb\"},\"inLanguage\":\"fi\",\"potentialAction\":[{\"@type\":\"ReadAction\",\"target\":[\"https:\\\/\\\/www.mira.fi\\\/fi\\\/product\\\/mira-thermal-shorts-lampohousut\\\/\"]}]},{\"@type\":\"ImageObject\",\"inLanguage\":\"fi\",\"@id\":\"https:\\\/\\\/www.mira.fi\\\/fi\\\/product\\\/mira-thermal-shorts-lampohousut\\\/#primaryimage\",\"url\":\"https:\\\/\\\/www.mira.fi\\\/wp-content\\\/uploads\\\/739-Mira-Thermal-Shorts-racing-scaled.jpg\",\"contentUrl\":\"https:\\\/\\\/www.mira.fi\\\/wp-content\\\/uploads\\\/739-Mira-Thermal-Shorts-racing-scaled.jpg\",\"width\":1920,\"height\":2560},{\"@type\":\"BreadcrumbList\",\"@id\":\"https:\\\/\\\/www.mira.fi\\\/fi\\\/product\\\/mira-thermal-shorts-lampohousut\\\/#breadcrumb\",\"itemListElement\":[{\"@type\":\"ListItem\",\"position\":1,\"name\":\"Etusivu\",\"item\":\"https:\\\/\\\/www.mira.fi\\\/fi\\\/\"},{\"@type\":\"ListItem\",\"position\":2,\"name\":\"Kauppa\",\"item\":\"https:\\\/\\\/www.mira.fi\\\/fi\\\/kauppa\\\/\"},{\"@type\":\"ListItem\",\"position\":3,\"name\":\"Mira Thermal Shorts -l\u00e4mp\u00f6housut\"}]},{\"@type\":\"WebSite\",\"@id\":\"https:\\\/\\\/www.mira.fi\\\/#website\",\"url\":\"https:\\\/\\\/www.mira.fi\\\/\",\"name\":\"Mira-Tex Oy\",\"description\":\"Johtava ravivaatteiden valmistaja\",\"publisher\":{\"@id\":\"https:\\\/\\\/www.mira.fi\\\/#organization\"},\"potentialAction\":[{\"@type\":\"SearchAction\",\"target\":{\"@type\":\"EntryPoint\",\"urlTemplate\":\"https:\\\/\\\/www.mira.fi\\\/?s={search_term_string}\"},\"query-input\":{\"@type\":\"PropertyValueSpecification\",\"valueRequired\":true,\"valueName\":\"search_term_string\"}}],\"inLanguage\":\"fi\"},{\"@type\":\"Organization\",\"@id\":\"https:\\\/\\\/www.mira.fi\\\/#organization\",\"name\":\"Mira-Tex Oy\",\"url\":\"https:\\\/\\\/www.mira.fi\\\/\",\"logo\":{\"@type\":\"ImageObject\",\"inLanguage\":\"fi\",\"@id\":\"https:\\\/\\\/www.mira.fi\\\/#\\\/schema\\\/logo\\\/image\\\/\",\"url\":\"https:\\\/\\\/www.mira.fi\\\/wp-content\\\/uploads\\\/favicon.png\",\"contentUrl\":\"https:\\\/\\\/www.mira.fi\\\/wp-content\\\/uploads\\\/favicon.png\",\"width\":600,\"height\":600,\"caption\":\"Mira-Tex Oy\"},\"image\":{\"@id\":\"https:\\\/\\\/www.mira.fi\\\/#\\\/schema\\\/logo\\\/image\\\/\"}}]}<\/script>\n<!-- \/ Yoast SEO plugin. -->","yoast_head_json":{"title":"Mira Thermal Shorts -l\u00e4mp\u00f6housut - Mira-Tex Oy","robots":{"index":"index","follow":"follow","max-snippet":"max-snippet:-1","max-image-preview":"max-image-preview:large","max-video-preview":"max-video-preview:-1"},"canonical":"https:\/\/www.mira.fi\/fi\/product\/mira-thermal-shorts-lampohousut\/","og_locale":"fi_FI","og_type":"article","og_title":"Mira Thermal Shorts -l\u00e4mp\u00f6housut - Mira-Tex Oy","og_description":"Mira Thermal Shorts on suunniteltu raviohjastajille l\u00e4mmitt\u00e4v\u00e4ksi aluskerrastoksi, joka puetaan [...]","og_url":"https:\/\/www.mira.fi\/fi\/product\/mira-thermal-shorts-lampohousut\/","og_site_name":"Mira-Tex Oy","og_image":[{"width":1920,"height":2560,"url":"https:\/\/www.mira.fi\/wp-content\/uploads\/739-Mira-Thermal-Shorts-racing-scaled.jpg","type":"image\/jpeg"}],"twitter_card":"summary_large_image","twitter_misc":{"Arvioitu lukuaika":"1 minuutti"},"schema":{"@context":"https:\/\/schema.org","@graph":[{"@type":"WebPage","@id":"https:\/\/www.mira.fi\/fi\/product\/mira-thermal-shorts-lampohousut\/","url":"https:\/\/www.mira.fi\/fi\/product\/mira-thermal-shorts-lampohousut\/","name":"Mira Thermal Shorts -l\u00e4mp\u00f6housut - Mira-Tex Oy","isPartOf":{"@id":"https:\/\/www.mira.fi\/#website"},"primaryImageOfPage":{"@id":"https:\/\/www.mira.fi\/fi\/product\/mira-thermal-shorts-lampohousut\/#primaryimage"},"image":{"@id":"https:\/\/www.mira.fi\/fi\/product\/mira-thermal-shorts-lampohousut\/#primaryimage"},"thumbnailUrl":"https:\/\/www.mira.fi\/wp-content\/uploads\/739-Mira-Thermal-Shorts-racing-scaled.jpg","datePublished":"2025-12-04T07:36:22+00:00","breadcrumb":{"@id":"https:\/\/www.mira.fi\/fi\/product\/mira-thermal-shorts-lampohousut\/#breadcrumb"},"inLanguage":"fi","potentialAction":[{"@type":"ReadAction","target":["https:\/\/www.mira.fi\/fi\/product\/mira-thermal-shorts-lampohousut\/"]}]},{"@type":"ImageObject","inLanguage":"fi","@id":"https:\/\/www.mira.fi\/fi\/product\/mira-thermal-shorts-lampohousut\/#primaryimage","url":"https:\/\/www.mira.fi\/wp-content\/uploads\/739-Mira-Thermal-Shorts-racing-scaled.jpg","contentUrl":"https:\/\/www.mira.fi\/wp-content\/uploads\/739-Mira-Thermal-Shorts-racing-scaled.jpg","width":1920,"height":2560},{"@type":"BreadcrumbList","@id":"https:\/\/www.mira.fi\/fi\/product\/mira-thermal-shorts-lampohousut\/#breadcrumb","itemListElement":[{"@type":"ListItem","position":1,"name":"Etusivu","item":"https:\/\/www.mira.fi\/fi\/"},{"@type":"ListItem","position":2,"name":"Kauppa","item":"https:\/\/www.mira.fi\/fi\/kauppa\/"},{"@type":"ListItem","position":3,"name":"Mira Thermal Shorts -l\u00e4mp\u00f6housut"}]},{"@type":"WebSite","@id":"https:\/\/www.mira.fi\/#website","url":"https:\/\/www.mira.fi\/","name":"Mira-Tex Oy","description":"Johtava ravivaatteiden valmistaja","publisher":{"@id":"https:\/\/www.mira.fi\/#organization"},"potentialAction":[{"@type":"SearchAction","target":{"@type":"EntryPoint","urlTemplate":"https:\/\/www.mira.fi\/?s={search_term_string}"},"query-input":{"@type":"PropertyValueSpecification","valueRequired":true,"valueName":"search_term_string"}}],"inLanguage":"fi"},{"@type":"Organization","@id":"https:\/\/www.mira.fi\/#organization","name":"Mira-Tex Oy","url":"https:\/\/www.mira.fi\/","logo":{"@type":"ImageObject","inLanguage":"fi","@id":"https:\/\/www.mira.fi\/#\/schema\/logo\/image\/","url":"https:\/\/www.mira.fi\/wp-content\/uploads\/favicon.png","contentUrl":"https:\/\/www.mira.fi\/wp-content\/uploads\/favicon.png","width":600,"height":600,"caption":"Mira-Tex Oy"},"image":{"@id":"https:\/\/www.mira.fi\/#\/schema\/logo\/image\/"}}]}},"_links":{"self":[{"href":"https:\/\/www.mira.fi\/fi\/wp-json\/wp\/v2\/product\/9317","targetHints":{"allow":["GET"]}}],"collection":[{"href":"https:\/\/www.mira.fi\/fi\/wp-json\/wp\/v2\/product"}],"about":[{"href":"https:\/\/www.mira.fi\/fi\/wp-json\/wp\/v2\/types\/product"}],"wp:featuredmedia":[{"embeddable":true,"href":"https:\/\/www.mira.fi\/fi\/wp-json\/wp\/v2\/media\/9320"}],"wp:attachment":[{"href":"https:\/\/www.mira.fi\/fi\/wp-json\/wp\/v2\/media?parent=9317"}],"wp:term":[{"taxonomy":"product_brand","embeddable":true,"href":"https:\/\/www.mira.fi\/fi\/wp-json\/wp\/v2\/product_brand?post=9317"},{"taxonomy":"product_cat","embeddable":true,"href":"https:\/\/www.mira.fi\/fi\/wp-json\/wp\/v2\/product_cat?post=9317"},{"taxonomy":"product_tag","embeddable":true,"href":"https:\/\/www.mira.fi\/fi\/wp-json\/wp\/v2\/product_tag?post=9317"}],"curies":[{"name":"wp","href":"https:\/\/api.w.org\/{rel}","templated":true}]}}