{"id":9792,"date":"2025-12-10T11:04:23","date_gmt":"2025-12-10T09:04:23","guid":{"rendered":"https:\/\/www.mira.fi\/product\/uusi-mira-saankestava-treenisetti\/"},"modified":"2026-01-16T10:34:24","modified_gmt":"2026-01-16T08:34:24","slug":"uusi-mira-saankestava-treenisetti","status":"publish","type":"product","link":"https:\/\/www.mira.fi\/fi\/product\/uusi-mira-saankestava-treenisetti\/","title":{"rendered":"UUSI Mira-s\u00e4\u00e4nkest\u00e4v\u00e4 treenisetti"},"content":{"rendered":"<h3 data-start=\"89\" data-end=\"164\"><strong data-start=\"93\" data-end=\"164\">Mira-s\u00e4\u00e4nkest\u00e4v\u00e4 ty\u00f6skentelysetti \u2013 Kevyt, joustava &amp; tehty todelliseen ty\u00f6h\u00f6n<\/strong><\/h3>\n<p data-start=\"166\" data-end=\"455\">Uusi Mira-s\u00e4\u00e4nkest\u00e4v\u00e4 ty\u00f6skentelysetti on suunniteltu moderniin ratsastusarkeen, jossa mukavuus, liikkuvuus ja luotettavuus ovat todella t\u00e4rkeit\u00e4. Valmistettu <strong data-start=\"310\" data-end=\"354\">kevyest\u00e4 ja eritt\u00e4in joustavasta materiaalista<\/strong>, t\u00e4m\u00e4 asu tuntuu pehme\u00e4lt\u00e4 ja luonnolliselta p\u00e4\u00e4ll\u00e4, tehden p\u00e4ivitt\u00e4isest\u00e4 ty\u00f6st\u00e4 huomattavasti helpompaa ja mukavampaa. <\/p>\n<p data-start=\"457\" data-end=\"750\">Korkea, hyvin muotoiltu kaulus suojaa tehokkaasti tuulelta ja sateelta tarjoten samalla napakan, mukavan istuvuuden. K\u00e4yt\u00e4nn\u00f6lliset rinta- ja etutaskut sis\u00e4lt\u00e4v\u00e4t sile\u00e4t, helppok\u00e4ytt\u00f6iset vetoketjut turvalliseen p\u00e4ivitt\u00e4iseen s\u00e4ilytykseen. Istuvuus on moderni ja toimiva, my\u00f6t\u00e4illen kehon liikkeit\u00e4 rajoituksetta.  <\/p>\n<p data-start=\"752\" data-end=\"927\">Luotettava, mukava ja pitkiin ty\u00f6p\u00e4iviin rakennettu Mira-s\u00e4\u00e4nkest\u00e4v\u00e4 ty\u00f6skentelysetti tarjoaa t\u00e4ydellisen tasapainon <strong data-start=\"878\" data-end=\"926\">suorituskyvyn, suojan ja koko p\u00e4iv\u00e4n mukavuuden<\/strong> v\u00e4lill\u00e4.<\/p>\n<p data-start=\"929\" data-end=\"1107\"><strong data-start=\"929\" data-end=\"982\">Kustomointi brodeeratuilla logoilla on mahdollista<\/strong>, tehden t\u00e4st\u00e4 setist\u00e4 ihanteellisen valinnan talleille, tiimeille ja ammattilaisille, jotka arvostavat sek\u00e4 suorituskyky\u00e4 ett\u00e4 yhten\u00e4ist\u00e4 br\u00e4ndikuvaa.<\/p>\n","protected":false},"excerpt":{"rendered":"<p><strong data-start=\"120\" data-end=\"152\">Mira s\u00e4\u00e4nkest\u00e4v\u00e4 ty\u00f6setti<\/strong><br data-start=\"152\" data-end=\"155\">Kevyt, joustava ja tehty oikeaan ty\u00f6h\u00f6n. Suunniteltu moderniin ratsastusel\u00e4m\u00e4\u00e4n, t\u00e4m\u00e4 s\u00e4\u00e4nkest\u00e4v\u00e4 setti tarjoaa koko p\u00e4iv\u00e4n mukavuutta, liikkumisvapautta ja luotettavan suojan tuulelta ja sateelta. Moderni istuvuus, k\u00e4yt\u00e4nn\u00f6lliset taskut ja pehme\u00e4, luonnollinen tuntu tekev\u00e4t siit\u00e4 ihanteellisen pitkiin ty\u00f6p\u00e4iviin tai vapaa-aikaan. Kustomoitu brodeeraus saatavilla ammattimaiseen, yhten\u00e4iseen ilmeeseen.<\/p>\n","protected":false},"featured_media":9793,"template":"","meta":[],"product_brand":[],"product_cat":[1875,1887,1874],"product_tag":[],"class_list":{"0":"post-9792","1":"product","2":"type-product","3":"status-publish","4":"has-post-thumbnail","6":"product_cat-vapaa-ajan-vaatteet","7":"product_cat-kilpa-ajovaatteet","8":"product_cat-tyovaatteet","9":"pa_color-musta-2","10":"pa_color-navy-blue","11":"pa_size-l","13":"first","14":"instock","15":"featured","16":"taxable","17":"shipping-taxable","18":"purchasable","19":"product-type-variable"},"yoast_head":"<!-- This site is optimized with the Yoast SEO plugin v27.5 - https:\/\/yoast.com\/product\/yoast-seo-wordpress\/ -->\n<title>UUSI Mira-s\u00e4\u00e4nkest\u00e4v\u00e4 treenisetti - Mira-Tex Oy<\/title>\n<meta name=\"robots\" content=\"index, follow, max-snippet:-1, max-image-preview:large, max-video-preview:-1\" \/>\n<link rel=\"canonical\" href=\"https:\/\/www.mira.fi\/fi\/product\/uusi-mira-saankestava-treenisetti\/\" \/>\n<meta property=\"og:locale\" content=\"fi_FI\" \/>\n<meta property=\"og:type\" content=\"article\" \/>\n<meta property=\"og:title\" content=\"UUSI Mira-s\u00e4\u00e4nkest\u00e4v\u00e4 treenisetti - Mira-Tex Oy\" \/>\n<meta property=\"og:description\" content=\"Mira s\u00e4\u00e4nkest\u00e4v\u00e4 ty\u00f6settiKevyt, joustava ja tehty oikeaan ty\u00f6h\u00f6n. Suunniteltu moderniin ratsastusel\u00e4m\u00e4\u00e4n, t\u00e4m\u00e4 s\u00e4\u00e4nkest\u00e4v\u00e4 setti tarjoaa koko p\u00e4iv\u00e4n mukavuutta, liikkumisvapautta ja luotettavan suojan tuulelta ja sateelta. Moderni istuvuus, k\u00e4yt\u00e4nn\u00f6lliset taskut ja pehme\u00e4, luonnollinen tuntu tekev\u00e4t siit\u00e4 ihanteellisen pitkiin ty\u00f6p\u00e4iviin tai vapaa-aikaan. Kustomoitu brodeeraus saatavilla ammattimaiseen, yhten\u00e4iseen ilmeeseen.\" \/>\n<meta property=\"og:url\" content=\"https:\/\/www.mira.fi\/fi\/product\/uusi-mira-saankestava-treenisetti\/\" \/>\n<meta property=\"og:site_name\" content=\"Mira-Tex Oy\" \/>\n<meta property=\"article:modified_time\" content=\"2026-01-16T08:34:24+00:00\" \/>\n<meta property=\"og:image\" content=\"https:\/\/www.mira.fi\/wp-content\/uploads\/736-BL-scaled.jpg\" \/>\n\t<meta property=\"og:image:width\" content=\"1920\" \/>\n\t<meta property=\"og:image:height\" content=\"2560\" \/>\n\t<meta property=\"og:image:type\" content=\"image\/jpeg\" \/>\n<meta name=\"twitter:card\" content=\"summary_large_image\" \/>\n<meta name=\"twitter:label1\" content=\"Arvioitu lukuaika\" \/>\n\t<meta name=\"twitter:data1\" content=\"1 minuutti\" \/>\n<script type=\"application\/ld+json\" class=\"yoast-schema-graph\">{\"@context\":\"https:\\\/\\\/schema.org\",\"@graph\":[{\"@type\":\"WebPage\",\"@id\":\"https:\\\/\\\/www.mira.fi\\\/fi\\\/product\\\/uusi-mira-saankestava-treenisetti\\\/\",\"url\":\"https:\\\/\\\/www.mira.fi\\\/fi\\\/product\\\/uusi-mira-saankestava-treenisetti\\\/\",\"name\":\"UUSI Mira-s\u00e4\u00e4nkest\u00e4v\u00e4 treenisetti - Mira-Tex Oy\",\"isPartOf\":{\"@id\":\"https:\\\/\\\/www.mira.fi\\\/#website\"},\"primaryImageOfPage\":{\"@id\":\"https:\\\/\\\/www.mira.fi\\\/fi\\\/product\\\/uusi-mira-saankestava-treenisetti\\\/#primaryimage\"},\"image\":{\"@id\":\"https:\\\/\\\/www.mira.fi\\\/fi\\\/product\\\/uusi-mira-saankestava-treenisetti\\\/#primaryimage\"},\"thumbnailUrl\":\"https:\\\/\\\/www.mira.fi\\\/wp-content\\\/uploads\\\/736-BL-scaled.jpg\",\"datePublished\":\"2025-12-10T09:04:23+00:00\",\"dateModified\":\"2026-01-16T08:34:24+00:00\",\"breadcrumb\":{\"@id\":\"https:\\\/\\\/www.mira.fi\\\/fi\\\/product\\\/uusi-mira-saankestava-treenisetti\\\/#breadcrumb\"},\"inLanguage\":\"fi\",\"potentialAction\":[{\"@type\":\"ReadAction\",\"target\":[\"https:\\\/\\\/www.mira.fi\\\/fi\\\/product\\\/uusi-mira-saankestava-treenisetti\\\/\"]}]},{\"@type\":\"ImageObject\",\"inLanguage\":\"fi\",\"@id\":\"https:\\\/\\\/www.mira.fi\\\/fi\\\/product\\\/uusi-mira-saankestava-treenisetti\\\/#primaryimage\",\"url\":\"https:\\\/\\\/www.mira.fi\\\/wp-content\\\/uploads\\\/736-BL-scaled.jpg\",\"contentUrl\":\"https:\\\/\\\/www.mira.fi\\\/wp-content\\\/uploads\\\/736-BL-scaled.jpg\",\"width\":1920,\"height\":2560},{\"@type\":\"BreadcrumbList\",\"@id\":\"https:\\\/\\\/www.mira.fi\\\/fi\\\/product\\\/uusi-mira-saankestava-treenisetti\\\/#breadcrumb\",\"itemListElement\":[{\"@type\":\"ListItem\",\"position\":1,\"name\":\"Etusivu\",\"item\":\"https:\\\/\\\/www.mira.fi\\\/fi\\\/\"},{\"@type\":\"ListItem\",\"position\":2,\"name\":\"Kauppa\",\"item\":\"https:\\\/\\\/www.mira.fi\\\/fi\\\/kauppa\\\/\"},{\"@type\":\"ListItem\",\"position\":3,\"name\":\"UUSI Mira-s\u00e4\u00e4nkest\u00e4v\u00e4 treenisetti\"}]},{\"@type\":\"WebSite\",\"@id\":\"https:\\\/\\\/www.mira.fi\\\/#website\",\"url\":\"https:\\\/\\\/www.mira.fi\\\/\",\"name\":\"Mira-Tex Oy\",\"description\":\"Johtava ravivaatteiden valmistaja\",\"publisher\":{\"@id\":\"https:\\\/\\\/www.mira.fi\\\/#organization\"},\"potentialAction\":[{\"@type\":\"SearchAction\",\"target\":{\"@type\":\"EntryPoint\",\"urlTemplate\":\"https:\\\/\\\/www.mira.fi\\\/?s={search_term_string}\"},\"query-input\":{\"@type\":\"PropertyValueSpecification\",\"valueRequired\":true,\"valueName\":\"search_term_string\"}}],\"inLanguage\":\"fi\"},{\"@type\":\"Organization\",\"@id\":\"https:\\\/\\\/www.mira.fi\\\/#organization\",\"name\":\"Mira-Tex Oy\",\"url\":\"https:\\\/\\\/www.mira.fi\\\/\",\"logo\":{\"@type\":\"ImageObject\",\"inLanguage\":\"fi\",\"@id\":\"https:\\\/\\\/www.mira.fi\\\/#\\\/schema\\\/logo\\\/image\\\/\",\"url\":\"https:\\\/\\\/www.mira.fi\\\/wp-content\\\/uploads\\\/favicon.png\",\"contentUrl\":\"https:\\\/\\\/www.mira.fi\\\/wp-content\\\/uploads\\\/favicon.png\",\"width\":600,\"height\":600,\"caption\":\"Mira-Tex Oy\"},\"image\":{\"@id\":\"https:\\\/\\\/www.mira.fi\\\/#\\\/schema\\\/logo\\\/image\\\/\"}}]}<\/script>\n<!-- \/ Yoast SEO plugin. -->","yoast_head_json":{"title":"UUSI Mira-s\u00e4\u00e4nkest\u00e4v\u00e4 treenisetti - Mira-Tex Oy","robots":{"index":"index","follow":"follow","max-snippet":"max-snippet:-1","max-image-preview":"max-image-preview:large","max-video-preview":"max-video-preview:-1"},"canonical":"https:\/\/www.mira.fi\/fi\/product\/uusi-mira-saankestava-treenisetti\/","og_locale":"fi_FI","og_type":"article","og_title":"UUSI Mira-s\u00e4\u00e4nkest\u00e4v\u00e4 treenisetti - Mira-Tex Oy","og_description":"Mira s\u00e4\u00e4nkest\u00e4v\u00e4 ty\u00f6settiKevyt, joustava ja tehty oikeaan ty\u00f6h\u00f6n. Suunniteltu moderniin ratsastusel\u00e4m\u00e4\u00e4n, t\u00e4m\u00e4 s\u00e4\u00e4nkest\u00e4v\u00e4 setti tarjoaa koko p\u00e4iv\u00e4n mukavuutta, liikkumisvapautta ja luotettavan suojan tuulelta ja sateelta. Moderni istuvuus, k\u00e4yt\u00e4nn\u00f6lliset taskut ja pehme\u00e4, luonnollinen tuntu tekev\u00e4t siit\u00e4 ihanteellisen pitkiin ty\u00f6p\u00e4iviin tai vapaa-aikaan. Kustomoitu brodeeraus saatavilla ammattimaiseen, yhten\u00e4iseen ilmeeseen.","og_url":"https:\/\/www.mira.fi\/fi\/product\/uusi-mira-saankestava-treenisetti\/","og_site_name":"Mira-Tex Oy","article_modified_time":"2026-01-16T08:34:24+00:00","og_image":[{"width":1920,"height":2560,"url":"https:\/\/www.mira.fi\/wp-content\/uploads\/736-BL-scaled.jpg","type":"image\/jpeg"}],"twitter_card":"summary_large_image","twitter_misc":{"Arvioitu lukuaika":"1 minuutti"},"schema":{"@context":"https:\/\/schema.org","@graph":[{"@type":"WebPage","@id":"https:\/\/www.mira.fi\/fi\/product\/uusi-mira-saankestava-treenisetti\/","url":"https:\/\/www.mira.fi\/fi\/product\/uusi-mira-saankestava-treenisetti\/","name":"UUSI Mira-s\u00e4\u00e4nkest\u00e4v\u00e4 treenisetti - Mira-Tex Oy","isPartOf":{"@id":"https:\/\/www.mira.fi\/#website"},"primaryImageOfPage":{"@id":"https:\/\/www.mira.fi\/fi\/product\/uusi-mira-saankestava-treenisetti\/#primaryimage"},"image":{"@id":"https:\/\/www.mira.fi\/fi\/product\/uusi-mira-saankestava-treenisetti\/#primaryimage"},"thumbnailUrl":"https:\/\/www.mira.fi\/wp-content\/uploads\/736-BL-scaled.jpg","datePublished":"2025-12-10T09:04:23+00:00","dateModified":"2026-01-16T08:34:24+00:00","breadcrumb":{"@id":"https:\/\/www.mira.fi\/fi\/product\/uusi-mira-saankestava-treenisetti\/#breadcrumb"},"inLanguage":"fi","potentialAction":[{"@type":"ReadAction","target":["https:\/\/www.mira.fi\/fi\/product\/uusi-mira-saankestava-treenisetti\/"]}]},{"@type":"ImageObject","inLanguage":"fi","@id":"https:\/\/www.mira.fi\/fi\/product\/uusi-mira-saankestava-treenisetti\/#primaryimage","url":"https:\/\/www.mira.fi\/wp-content\/uploads\/736-BL-scaled.jpg","contentUrl":"https:\/\/www.mira.fi\/wp-content\/uploads\/736-BL-scaled.jpg","width":1920,"height":2560},{"@type":"BreadcrumbList","@id":"https:\/\/www.mira.fi\/fi\/product\/uusi-mira-saankestava-treenisetti\/#breadcrumb","itemListElement":[{"@type":"ListItem","position":1,"name":"Etusivu","item":"https:\/\/www.mira.fi\/fi\/"},{"@type":"ListItem","position":2,"name":"Kauppa","item":"https:\/\/www.mira.fi\/fi\/kauppa\/"},{"@type":"ListItem","position":3,"name":"UUSI Mira-s\u00e4\u00e4nkest\u00e4v\u00e4 treenisetti"}]},{"@type":"WebSite","@id":"https:\/\/www.mira.fi\/#website","url":"https:\/\/www.mira.fi\/","name":"Mira-Tex Oy","description":"Johtava ravivaatteiden valmistaja","publisher":{"@id":"https:\/\/www.mira.fi\/#organization"},"potentialAction":[{"@type":"SearchAction","target":{"@type":"EntryPoint","urlTemplate":"https:\/\/www.mira.fi\/?s={search_term_string}"},"query-input":{"@type":"PropertyValueSpecification","valueRequired":true,"valueName":"search_term_string"}}],"inLanguage":"fi"},{"@type":"Organization","@id":"https:\/\/www.mira.fi\/#organization","name":"Mira-Tex Oy","url":"https:\/\/www.mira.fi\/","logo":{"@type":"ImageObject","inLanguage":"fi","@id":"https:\/\/www.mira.fi\/#\/schema\/logo\/image\/","url":"https:\/\/www.mira.fi\/wp-content\/uploads\/favicon.png","contentUrl":"https:\/\/www.mira.fi\/wp-content\/uploads\/favicon.png","width":600,"height":600,"caption":"Mira-Tex Oy"},"image":{"@id":"https:\/\/www.mira.fi\/#\/schema\/logo\/image\/"}}]}},"_links":{"self":[{"href":"https:\/\/www.mira.fi\/fi\/wp-json\/wp\/v2\/product\/9792","targetHints":{"allow":["GET"]}}],"collection":[{"href":"https:\/\/www.mira.fi\/fi\/wp-json\/wp\/v2\/product"}],"about":[{"href":"https:\/\/www.mira.fi\/fi\/wp-json\/wp\/v2\/types\/product"}],"wp:featuredmedia":[{"embeddable":true,"href":"https:\/\/www.mira.fi\/fi\/wp-json\/wp\/v2\/media\/9793"}],"wp:attachment":[{"href":"https:\/\/www.mira.fi\/fi\/wp-json\/wp\/v2\/media?parent=9792"}],"wp:term":[{"taxonomy":"product_brand","embeddable":true,"href":"https:\/\/www.mira.fi\/fi\/wp-json\/wp\/v2\/product_brand?post=9792"},{"taxonomy":"product_cat","embeddable":true,"href":"https:\/\/www.mira.fi\/fi\/wp-json\/wp\/v2\/product_cat?post=9792"},{"taxonomy":"product_tag","embeddable":true,"href":"https:\/\/www.mira.fi\/fi\/wp-json\/wp\/v2\/product_tag?post=9792"}],"curies":[{"name":"wp","href":"https:\/\/api.w.org\/{rel}","templated":true}]}}