{"id":9985,"date":"2026-01-12T15:00:14","date_gmt":"2026-01-12T13:00:14","guid":{"rendered":"https:\/\/www.mira.fi\/product\/lzr-3\/"},"modified":"2026-01-12T15:00:14","modified_gmt":"2026-01-12T13:00:14","slug":"lzr-3","status":"publish","type":"product","link":"https:\/\/www.mira.fi\/fi\/product\/lzr-3\/","title":{"rendered":"LZR 3"},"content":{"rendered":"<p><strong>LZR 3 Py\u00f6r\u00e4t<\/strong><\/p>\n<p data-end=\"539\" data-start=\"225\">LZR 3 -ravik\u00e4rrynpy\u00f6r\u00e4t on suunniteltu kuskeille, jotka arvostavat <strong data-end=\"335\" data-start=\"287\">kevytt\u00e4 painoa, tehokkuutta ja tarkkaa ohjattavuutta<\/strong> kilpailullisessa raviurheilussa. <strong data-end=\"414\" data-start=\"379\">T\u00e4ysin hiilikuiturakenteensa<\/strong> ansiosta n\u00e4m\u00e4 py\u00f6r\u00e4t tarjoavat erinomaisen tasapainon kevyen painon ja rakenteellisen j\u00e4ykkyyden v\u00e4lill\u00e4, mik\u00e4 takaa korkean tason suorituskyvyn radalla. <\/p>\n<p data-end=\"814\" data-start=\"541\">LZR 3 -py\u00f6rien <strong data-end=\"1099\" data-start=\"1060\">yksiosainen hiilikuiturakenne<\/strong> korostaa kevytt\u00e4 ja j\u00e4ykk\u00e4\u00e4 rakennetta, mik\u00e4 edist\u00e4\u00e4 tasaista suorituskyky\u00e4 ja vakautta kilpailullisessa raviurheilussa.<\/p>\n<p data-end=\"1043\" data-start=\"816\"><strong data-end=\"850\" data-start=\"816\">T\u00e4rkeimm\u00e4t ominaisuudet &amp; tekniset tiedot:<\/strong><\/p>\n<ul>\n<li data-end=\"1149\" data-start=\"1045\"><strong data-end=\"1073\" data-start=\"1047\">28 tuuman py\u00f6r\u00e4n halkaisija<\/strong><br data-end=\"1076\" data-start=\"1073\">\u2022 <strong data-end=\"1100\" data-start=\"1078\">Saatavana mustana<\/strong><\/li>\n<\/ul>\n<p data-end=\"1268\" data-start=\"1151\">LZR 3 -py\u00f6r\u00e4t ovat ihanteellinen vaihtoehto ammattilaisille, jotka etsiv\u00e4t <strong data-end=\"1267\" data-start=\"1214\">kevytt\u00e4 suorituskyky\u00e4 yhdistettyn\u00e4 luotettavuuteen<\/strong>.<\/p>\n<p data-end=\"1268\" data-start=\"1151\">Hinta parille. Ota yhteytt\u00e4 yksitt\u00e4isten py\u00f6rien ostosta. <\/p>\n","protected":false},"excerpt":{"rendered":"<p>he <strong data-end=\"238\" data-start=\"229\">LZR 3<\/strong> -ravik\u00e4rrynpy\u00f6r\u00e4t on suunniteltu kuskeille, jotka arvostavat <strong data-end=\"335\" data-start=\"287\">kevytt\u00e4 painoa, tehokkuutta ja tarkkaa ohjattavuutta<\/strong> kilpailullisessa raviurheilussa. <strong data-end=\"414\" data-start=\"379\">T\u00e4ysin hiilikuiturakenteensa<\/strong> ansiosta n\u00e4m\u00e4 py\u00f6r\u00e4t tarjoavat erinomaisen tasapainon kevyen painon ja rakenteellisen j\u00e4ykkyyden v\u00e4lill\u00e4, mik\u00e4 takaa korkean tason suorituskyvyn radalla. <\/p>\n","protected":false},"featured_media":9986,"template":"","meta":[],"product_brand":[],"product_cat":[1880],"product_tag":[],"class_list":{"0":"post-9985","1":"product","2":"type-product","3":"status-publish","4":"has-post-thumbnail","6":"product_cat-lisavarusteet","8":"first","9":"instock","10":"taxable","11":"shipping-taxable","12":"purchasable","13":"product-type-simple"},"yoast_head":"<!-- This site is optimized with the Yoast SEO plugin v27.5 - https:\/\/yoast.com\/product\/yoast-seo-wordpress\/ -->\n<title>LZR 3 - Mira-Tex Oy<\/title>\n<meta name=\"description\" content=\"Amerikkalaisen Mast-valmistajan t\u00e4ysvaljas ravihevosille. Mast on toiminut yli 50 vuotta taustalla valmistamassa tuotteita huippubr\u00e4ndeille (mm Wahls) ja nyt he tarjoavat omalla nimell\u00e4\u00e4n laadukkaita valjaita.\" \/>\n<meta name=\"robots\" content=\"index, follow, max-snippet:-1, max-image-preview:large, max-video-preview:-1\" \/>\n<link rel=\"canonical\" href=\"https:\/\/www.mira.fi\/fi\/product\/lzr-3\/\" \/>\n<meta property=\"og:locale\" content=\"fi_FI\" \/>\n<meta property=\"og:type\" content=\"article\" \/>\n<meta property=\"og:title\" content=\"LZR 3 - Mira-Tex Oy\" \/>\n<meta property=\"og:description\" content=\"Amerikkalaisen Mast-valmistajan t\u00e4ysvaljas ravihevosille. Mast on toiminut yli 50 vuotta taustalla valmistamassa tuotteita huippubr\u00e4ndeille (mm Wahls) ja nyt he tarjoavat omalla nimell\u00e4\u00e4n laadukkaita valjaita.\" \/>\n<meta property=\"og:url\" content=\"https:\/\/www.mira.fi\/fi\/product\/lzr-3\/\" \/>\n<meta property=\"og:site_name\" content=\"Mira-Tex Oy\" \/>\n<meta property=\"og:image\" content=\"https:\/\/www.mira.fi\/wp-content\/uploads\/2-2.png\" \/>\n\t<meta property=\"og:image:width\" content=\"1080\" \/>\n\t<meta property=\"og:image:height\" content=\"1080\" \/>\n\t<meta property=\"og:image:type\" content=\"image\/png\" \/>\n<meta name=\"twitter:card\" content=\"summary_large_image\" \/>\n<meta name=\"twitter:label1\" content=\"Arvioitu lukuaika\" \/>\n\t<meta name=\"twitter:data1\" content=\"1 minuutti\" \/>\n<script type=\"application\/ld+json\" class=\"yoast-schema-graph\">{\"@context\":\"https:\\\/\\\/schema.org\",\"@graph\":[{\"@type\":\"WebPage\",\"@id\":\"https:\\\/\\\/www.mira.fi\\\/fi\\\/product\\\/lzr-3\\\/\",\"url\":\"https:\\\/\\\/www.mira.fi\\\/fi\\\/product\\\/lzr-3\\\/\",\"name\":\"LZR 3 - Mira-Tex Oy\",\"isPartOf\":{\"@id\":\"https:\\\/\\\/www.mira.fi\\\/#website\"},\"primaryImageOfPage\":{\"@id\":\"https:\\\/\\\/www.mira.fi\\\/fi\\\/product\\\/lzr-3\\\/#primaryimage\"},\"image\":{\"@id\":\"https:\\\/\\\/www.mira.fi\\\/fi\\\/product\\\/lzr-3\\\/#primaryimage\"},\"thumbnailUrl\":\"https:\\\/\\\/www.mira.fi\\\/wp-content\\\/uploads\\\/2-2.png\",\"datePublished\":\"2026-01-12T13:00:14+00:00\",\"description\":\"Amerikkalaisen Mast-valmistajan t\u00e4ysvaljas ravihevosille. Mast on toiminut yli 50 vuotta taustalla valmistamassa tuotteita huippubr\u00e4ndeille (mm Wahls) ja nyt he tarjoavat omalla nimell\u00e4\u00e4n laadukkaita valjaita.\",\"breadcrumb\":{\"@id\":\"https:\\\/\\\/www.mira.fi\\\/fi\\\/product\\\/lzr-3\\\/#breadcrumb\"},\"inLanguage\":\"fi\",\"potentialAction\":[{\"@type\":\"ReadAction\",\"target\":[\"https:\\\/\\\/www.mira.fi\\\/fi\\\/product\\\/lzr-3\\\/\"]}]},{\"@type\":\"ImageObject\",\"inLanguage\":\"fi\",\"@id\":\"https:\\\/\\\/www.mira.fi\\\/fi\\\/product\\\/lzr-3\\\/#primaryimage\",\"url\":\"https:\\\/\\\/www.mira.fi\\\/wp-content\\\/uploads\\\/2-2.png\",\"contentUrl\":\"https:\\\/\\\/www.mira.fi\\\/wp-content\\\/uploads\\\/2-2.png\",\"width\":1080,\"height\":1080},{\"@type\":\"BreadcrumbList\",\"@id\":\"https:\\\/\\\/www.mira.fi\\\/fi\\\/product\\\/lzr-3\\\/#breadcrumb\",\"itemListElement\":[{\"@type\":\"ListItem\",\"position\":1,\"name\":\"Etusivu\",\"item\":\"https:\\\/\\\/www.mira.fi\\\/fi\\\/\"},{\"@type\":\"ListItem\",\"position\":2,\"name\":\"Kauppa\",\"item\":\"https:\\\/\\\/www.mira.fi\\\/fi\\\/kauppa\\\/\"},{\"@type\":\"ListItem\",\"position\":3,\"name\":\"LZR 3\"}]},{\"@type\":\"WebSite\",\"@id\":\"https:\\\/\\\/www.mira.fi\\\/#website\",\"url\":\"https:\\\/\\\/www.mira.fi\\\/\",\"name\":\"Mira-Tex Oy\",\"description\":\"Johtava ravivaatteiden valmistaja\",\"publisher\":{\"@id\":\"https:\\\/\\\/www.mira.fi\\\/#organization\"},\"potentialAction\":[{\"@type\":\"SearchAction\",\"target\":{\"@type\":\"EntryPoint\",\"urlTemplate\":\"https:\\\/\\\/www.mira.fi\\\/?s={search_term_string}\"},\"query-input\":{\"@type\":\"PropertyValueSpecification\",\"valueRequired\":true,\"valueName\":\"search_term_string\"}}],\"inLanguage\":\"fi\"},{\"@type\":\"Organization\",\"@id\":\"https:\\\/\\\/www.mira.fi\\\/#organization\",\"name\":\"Mira-Tex Oy\",\"url\":\"https:\\\/\\\/www.mira.fi\\\/\",\"logo\":{\"@type\":\"ImageObject\",\"inLanguage\":\"fi\",\"@id\":\"https:\\\/\\\/www.mira.fi\\\/#\\\/schema\\\/logo\\\/image\\\/\",\"url\":\"https:\\\/\\\/www.mira.fi\\\/wp-content\\\/uploads\\\/favicon.png\",\"contentUrl\":\"https:\\\/\\\/www.mira.fi\\\/wp-content\\\/uploads\\\/favicon.png\",\"width\":600,\"height\":600,\"caption\":\"Mira-Tex Oy\"},\"image\":{\"@id\":\"https:\\\/\\\/www.mira.fi\\\/#\\\/schema\\\/logo\\\/image\\\/\"}}]}<\/script>\n<!-- \/ Yoast SEO plugin. -->","yoast_head_json":{"title":"LZR 3 - Mira-Tex Oy","description":"Amerikkalaisen Mast-valmistajan t\u00e4ysvaljas ravihevosille. Mast on toiminut yli 50 vuotta taustalla valmistamassa tuotteita huippubr\u00e4ndeille (mm Wahls) ja nyt he tarjoavat omalla nimell\u00e4\u00e4n laadukkaita valjaita.","robots":{"index":"index","follow":"follow","max-snippet":"max-snippet:-1","max-image-preview":"max-image-preview:large","max-video-preview":"max-video-preview:-1"},"canonical":"https:\/\/www.mira.fi\/fi\/product\/lzr-3\/","og_locale":"fi_FI","og_type":"article","og_title":"LZR 3 - Mira-Tex Oy","og_description":"Amerikkalaisen Mast-valmistajan t\u00e4ysvaljas ravihevosille. Mast on toiminut yli 50 vuotta taustalla valmistamassa tuotteita huippubr\u00e4ndeille (mm Wahls) ja nyt he tarjoavat omalla nimell\u00e4\u00e4n laadukkaita valjaita.","og_url":"https:\/\/www.mira.fi\/fi\/product\/lzr-3\/","og_site_name":"Mira-Tex Oy","og_image":[{"width":1080,"height":1080,"url":"https:\/\/www.mira.fi\/wp-content\/uploads\/2-2.png","type":"image\/png"}],"twitter_card":"summary_large_image","twitter_misc":{"Arvioitu lukuaika":"1 minuutti"},"schema":{"@context":"https:\/\/schema.org","@graph":[{"@type":"WebPage","@id":"https:\/\/www.mira.fi\/fi\/product\/lzr-3\/","url":"https:\/\/www.mira.fi\/fi\/product\/lzr-3\/","name":"LZR 3 - Mira-Tex Oy","isPartOf":{"@id":"https:\/\/www.mira.fi\/#website"},"primaryImageOfPage":{"@id":"https:\/\/www.mira.fi\/fi\/product\/lzr-3\/#primaryimage"},"image":{"@id":"https:\/\/www.mira.fi\/fi\/product\/lzr-3\/#primaryimage"},"thumbnailUrl":"https:\/\/www.mira.fi\/wp-content\/uploads\/2-2.png","datePublished":"2026-01-12T13:00:14+00:00","description":"Amerikkalaisen Mast-valmistajan t\u00e4ysvaljas ravihevosille. Mast on toiminut yli 50 vuotta taustalla valmistamassa tuotteita huippubr\u00e4ndeille (mm Wahls) ja nyt he tarjoavat omalla nimell\u00e4\u00e4n laadukkaita valjaita.","breadcrumb":{"@id":"https:\/\/www.mira.fi\/fi\/product\/lzr-3\/#breadcrumb"},"inLanguage":"fi","potentialAction":[{"@type":"ReadAction","target":["https:\/\/www.mira.fi\/fi\/product\/lzr-3\/"]}]},{"@type":"ImageObject","inLanguage":"fi","@id":"https:\/\/www.mira.fi\/fi\/product\/lzr-3\/#primaryimage","url":"https:\/\/www.mira.fi\/wp-content\/uploads\/2-2.png","contentUrl":"https:\/\/www.mira.fi\/wp-content\/uploads\/2-2.png","width":1080,"height":1080},{"@type":"BreadcrumbList","@id":"https:\/\/www.mira.fi\/fi\/product\/lzr-3\/#breadcrumb","itemListElement":[{"@type":"ListItem","position":1,"name":"Etusivu","item":"https:\/\/www.mira.fi\/fi\/"},{"@type":"ListItem","position":2,"name":"Kauppa","item":"https:\/\/www.mira.fi\/fi\/kauppa\/"},{"@type":"ListItem","position":3,"name":"LZR 3"}]},{"@type":"WebSite","@id":"https:\/\/www.mira.fi\/#website","url":"https:\/\/www.mira.fi\/","name":"Mira-Tex Oy","description":"Johtava ravivaatteiden valmistaja","publisher":{"@id":"https:\/\/www.mira.fi\/#organization"},"potentialAction":[{"@type":"SearchAction","target":{"@type":"EntryPoint","urlTemplate":"https:\/\/www.mira.fi\/?s={search_term_string}"},"query-input":{"@type":"PropertyValueSpecification","valueRequired":true,"valueName":"search_term_string"}}],"inLanguage":"fi"},{"@type":"Organization","@id":"https:\/\/www.mira.fi\/#organization","name":"Mira-Tex Oy","url":"https:\/\/www.mira.fi\/","logo":{"@type":"ImageObject","inLanguage":"fi","@id":"https:\/\/www.mira.fi\/#\/schema\/logo\/image\/","url":"https:\/\/www.mira.fi\/wp-content\/uploads\/favicon.png","contentUrl":"https:\/\/www.mira.fi\/wp-content\/uploads\/favicon.png","width":600,"height":600,"caption":"Mira-Tex Oy"},"image":{"@id":"https:\/\/www.mira.fi\/#\/schema\/logo\/image\/"}}]}},"_links":{"self":[{"href":"https:\/\/www.mira.fi\/fi\/wp-json\/wp\/v2\/product\/9985","targetHints":{"allow":["GET"]}}],"collection":[{"href":"https:\/\/www.mira.fi\/fi\/wp-json\/wp\/v2\/product"}],"about":[{"href":"https:\/\/www.mira.fi\/fi\/wp-json\/wp\/v2\/types\/product"}],"wp:featuredmedia":[{"embeddable":true,"href":"https:\/\/www.mira.fi\/fi\/wp-json\/wp\/v2\/media\/9986"}],"wp:attachment":[{"href":"https:\/\/www.mira.fi\/fi\/wp-json\/wp\/v2\/media?parent=9985"}],"wp:term":[{"taxonomy":"product_brand","embeddable":true,"href":"https:\/\/www.mira.fi\/fi\/wp-json\/wp\/v2\/product_brand?post=9985"},{"taxonomy":"product_cat","embeddable":true,"href":"https:\/\/www.mira.fi\/fi\/wp-json\/wp\/v2\/product_cat?post=9985"},{"taxonomy":"product_tag","embeddable":true,"href":"https:\/\/www.mira.fi\/fi\/wp-json\/wp\/v2\/product_tag?post=9985"}],"curies":[{"name":"wp","href":"https:\/\/api.w.org\/{rel}","templated":true}]}}