{"id":9989,"date":"2026-01-12T14:56:14","date_gmt":"2026-01-12T12:56:14","guid":{"rendered":"https:\/\/www.mira.fi\/product\/lzr-5\/"},"modified":"2026-01-12T14:56:14","modified_gmt":"2026-01-12T12:56:14","slug":"lzr-5","status":"publish","type":"product","link":"https:\/\/www.mira.fi\/fi\/product\/lzr-5\/","title":{"rendered":"LZR 5"},"content":{"rendered":"<p><strong>LZR 5 Py\u00f6r\u00e4t<\/strong><\/p>\n<p data-end=\"626\" data-start=\"306\">The <strong data-end=\"319\" data-start=\"310\">LZR 5<\/strong> ravipy\u00f6r\u00e4t ovat markkinoiden suorituskykyisimpi\u00e4 kilpapy\u00f6ri\u00e4 ravikilpailuihin. Ensiluokkaisista materiaaleista suunnitellut py\u00f6r\u00e4t tarjoavat poikkeuksellisen yhdistelm\u00e4n <strong data-end=\"560\" data-start=\"496\">eritt\u00e4in kevytt\u00e4 painoa, lujuutta ja tasaista rullaavuutta<\/strong>, mik\u00e4 tekee niist\u00e4 suositun valinnan kilpailuymp\u00e4rist\u00f6iss\u00e4. <\/p>\n<p data-end=\"922\" data-start=\"628\">Py\u00f6r\u00e4t on <strong data-end=\"685\" data-start=\"643\">valmistettu kest\u00e4v\u00e4st\u00e4 hiilikuidusta<\/strong>, tarjoten erinomaisen j\u00e4ykkyyden ja keveyden. <strong data-end=\"769\" data-start=\"736\">Alumiinivahvistettu ulkokeh\u00e4<\/strong> lis\u00e4\u00e4 suojaa ja kest\u00e4vyytt\u00e4, antaen py\u00f6rien kest\u00e4\u00e4 <strong data-end=\"888\" data-start=\"841\">kovaa k\u00e4ytt\u00f6\u00e4<\/strong> suorituskyvyst\u00e4 tinkim\u00e4tt\u00e4. <\/p>\n<p data-end=\"1305\" data-start=\"924\"><strong data-end=\"958\" data-start=\"924\">T\u00e4rkeimm\u00e4t ominaisuudet &amp; tekniset tiedot:<\/strong><br data-end=\"961\" data-start=\"958\">\u2022 <strong data-end=\"1001\" data-start=\"963\">Eritt\u00e4in kevyt rakenne<\/strong> <br data-end=\"1045\" data-start=\"1042\">\u2022 <strong data-end=\"1073\" data-start=\"1047\">Hiilikuiturakenne<\/strong> <br data-end=\"1114\" data-start=\"1111\">\u2022 <strong data-end=\"1138\" data-start=\"1116\">Alumiininen ulkokeh\u00e4<\/strong> <br data-end=\"1187\" data-start=\"1184\">\u2022 <strong data-end=\"1215\" data-start=\"1189\">28 tuuman py\u00f6r\u00e4n halkaisija<\/strong><br data-end=\"1218\" data-is-only-node=\"\" data-start=\"1215\">\u2022 <strong data-end=\"1242\" data-start=\"1220\">Saatavana mustana<\/strong><br data-end=\"1245\" data-start=\"1242\">\u2022 <strong>Ammattivalmentajien ja -ohjastajien luottama, koeteltu muotoilu<\/strong><\/p>\n<p data-end=\"1448\" data-start=\"1307\">LZR 5 -py\u00f6r\u00e4t ovat ihanteellinen valinta ammattilaisille, jotka etsiv\u00e4t <strong data-end=\"1418\" data-start=\"1370\">maksimaalista suorituskyky\u00e4 yhdistettyn\u00e4 kest\u00e4vyyteen<\/strong> huipputason ravikilpailuissa.<\/p>\n<p data-end=\"1448\" data-start=\"1307\">Hinta parille. Ota yhteytt\u00e4 yksitt\u00e4isten py\u00f6rien ostosta. <\/p>\n","protected":false},"excerpt":{"rendered":"<p>The <strong data-end=\"319\" data-start=\"310\">LZR 5<\/strong> ravipy\u00f6r\u00e4t ovat markkinoiden suorituskykyisimpi\u00e4 kilpapy\u00f6ri\u00e4 ravikilpailuihin. Ensiluokkaisista materiaaleista suunnitellut py\u00f6r\u00e4t tarjoavat poikkeuksellisen yhdistelm\u00e4n <strong data-end=\"560\" data-start=\"496\">eritt\u00e4in kevytt\u00e4 painoa, lujuutta ja tasaista rullaavuutta<\/strong>, mik\u00e4 tekee niist\u00e4 suositun valinnan kilpailuymp\u00e4rist\u00f6iss\u00e4. <\/p>\n","protected":false},"featured_media":9990,"template":"","meta":[],"product_brand":[],"product_cat":[1880],"product_tag":[],"class_list":{"0":"post-9989","1":"product","2":"type-product","3":"status-publish","4":"has-post-thumbnail","6":"product_cat-lisavarusteet","8":"first","9":"instock","10":"taxable","11":"shipping-taxable","12":"product-type-simple"},"yoast_head":"<!-- This site is optimized with the Yoast SEO plugin v27.3 - https:\/\/yoast.com\/product\/yoast-seo-wordpress\/ -->\n<title>LZR 5 - Mira-Tex Oy<\/title>\n<meta name=\"description\" content=\"Amerikkalaisen Mast-valmistajan t\u00e4ysvaljas ravihevosille. Mast on toiminut yli 50 vuotta taustalla valmistamassa tuotteita huippubr\u00e4ndeille (mm Wahls) ja nyt he tarjoavat omalla nimell\u00e4\u00e4n laadukkaita valjaita.\" \/>\n<meta name=\"robots\" content=\"index, follow, max-snippet:-1, max-image-preview:large, max-video-preview:-1\" \/>\n<link rel=\"canonical\" href=\"https:\/\/www.mira.fi\/fi\/product\/lzr-5\/\" \/>\n<meta property=\"og:locale\" content=\"fi_FI\" \/>\n<meta property=\"og:type\" content=\"article\" \/>\n<meta property=\"og:title\" content=\"LZR 5 - Mira-Tex Oy\" \/>\n<meta property=\"og:description\" content=\"Amerikkalaisen Mast-valmistajan t\u00e4ysvaljas ravihevosille. Mast on toiminut yli 50 vuotta taustalla valmistamassa tuotteita huippubr\u00e4ndeille (mm Wahls) ja nyt he tarjoavat omalla nimell\u00e4\u00e4n laadukkaita valjaita.\" \/>\n<meta property=\"og:url\" content=\"https:\/\/www.mira.fi\/fi\/product\/lzr-5\/\" \/>\n<meta property=\"og:site_name\" content=\"Mira-Tex Oy\" \/>\n<meta property=\"og:image\" content=\"https:\/\/www.mira.fi\/wp-content\/uploads\/1-2.png\" \/>\n\t<meta property=\"og:image:width\" content=\"1080\" \/>\n\t<meta property=\"og:image:height\" content=\"1080\" \/>\n\t<meta property=\"og:image:type\" content=\"image\/png\" \/>\n<meta name=\"twitter:card\" content=\"summary_large_image\" \/>\n<meta name=\"twitter:label1\" content=\"Arvioitu lukuaika\" \/>\n\t<meta name=\"twitter:data1\" content=\"1 minuutti\" \/>\n<script type=\"application\/ld+json\" class=\"yoast-schema-graph\">{\"@context\":\"https:\\\/\\\/schema.org\",\"@graph\":[{\"@type\":\"WebPage\",\"@id\":\"https:\\\/\\\/www.mira.fi\\\/fi\\\/product\\\/lzr-5\\\/\",\"url\":\"https:\\\/\\\/www.mira.fi\\\/fi\\\/product\\\/lzr-5\\\/\",\"name\":\"LZR 5 - Mira-Tex Oy\",\"isPartOf\":{\"@id\":\"https:\\\/\\\/www.mira.fi\\\/#website\"},\"primaryImageOfPage\":{\"@id\":\"https:\\\/\\\/www.mira.fi\\\/fi\\\/product\\\/lzr-5\\\/#primaryimage\"},\"image\":{\"@id\":\"https:\\\/\\\/www.mira.fi\\\/fi\\\/product\\\/lzr-5\\\/#primaryimage\"},\"thumbnailUrl\":\"https:\\\/\\\/www.mira.fi\\\/wp-content\\\/uploads\\\/1-2.png\",\"datePublished\":\"2026-01-12T12:56:14+00:00\",\"description\":\"Amerikkalaisen Mast-valmistajan t\u00e4ysvaljas ravihevosille. Mast on toiminut yli 50 vuotta taustalla valmistamassa tuotteita huippubr\u00e4ndeille (mm Wahls) ja nyt he tarjoavat omalla nimell\u00e4\u00e4n laadukkaita valjaita.\",\"breadcrumb\":{\"@id\":\"https:\\\/\\\/www.mira.fi\\\/fi\\\/product\\\/lzr-5\\\/#breadcrumb\"},\"inLanguage\":\"fi\",\"potentialAction\":[{\"@type\":\"ReadAction\",\"target\":[\"https:\\\/\\\/www.mira.fi\\\/fi\\\/product\\\/lzr-5\\\/\"]}]},{\"@type\":\"ImageObject\",\"inLanguage\":\"fi\",\"@id\":\"https:\\\/\\\/www.mira.fi\\\/fi\\\/product\\\/lzr-5\\\/#primaryimage\",\"url\":\"https:\\\/\\\/www.mira.fi\\\/wp-content\\\/uploads\\\/1-2.png\",\"contentUrl\":\"https:\\\/\\\/www.mira.fi\\\/wp-content\\\/uploads\\\/1-2.png\",\"width\":1080,\"height\":1080},{\"@type\":\"BreadcrumbList\",\"@id\":\"https:\\\/\\\/www.mira.fi\\\/fi\\\/product\\\/lzr-5\\\/#breadcrumb\",\"itemListElement\":[{\"@type\":\"ListItem\",\"position\":1,\"name\":\"Etusivu\",\"item\":\"https:\\\/\\\/www.mira.fi\\\/fi\\\/\"},{\"@type\":\"ListItem\",\"position\":2,\"name\":\"Kauppa\",\"item\":\"https:\\\/\\\/www.mira.fi\\\/fi\\\/kauppa\\\/\"},{\"@type\":\"ListItem\",\"position\":3,\"name\":\"LZR 5\"}]},{\"@type\":\"WebSite\",\"@id\":\"https:\\\/\\\/www.mira.fi\\\/#website\",\"url\":\"https:\\\/\\\/www.mira.fi\\\/\",\"name\":\"Mira-Tex Oy\",\"description\":\"Johtava ravivaatteiden valmistaja\",\"publisher\":{\"@id\":\"https:\\\/\\\/www.mira.fi\\\/#organization\"},\"potentialAction\":[{\"@type\":\"SearchAction\",\"target\":{\"@type\":\"EntryPoint\",\"urlTemplate\":\"https:\\\/\\\/www.mira.fi\\\/?s={search_term_string}\"},\"query-input\":{\"@type\":\"PropertyValueSpecification\",\"valueRequired\":true,\"valueName\":\"search_term_string\"}}],\"inLanguage\":\"fi\"},{\"@type\":\"Organization\",\"@id\":\"https:\\\/\\\/www.mira.fi\\\/#organization\",\"name\":\"Mira-Tex Oy\",\"url\":\"https:\\\/\\\/www.mira.fi\\\/\",\"logo\":{\"@type\":\"ImageObject\",\"inLanguage\":\"fi\",\"@id\":\"https:\\\/\\\/www.mira.fi\\\/#\\\/schema\\\/logo\\\/image\\\/\",\"url\":\"https:\\\/\\\/www.mira.fi\\\/wp-content\\\/uploads\\\/favicon.png\",\"contentUrl\":\"https:\\\/\\\/www.mira.fi\\\/wp-content\\\/uploads\\\/favicon.png\",\"width\":600,\"height\":600,\"caption\":\"Mira-Tex Oy\"},\"image\":{\"@id\":\"https:\\\/\\\/www.mira.fi\\\/#\\\/schema\\\/logo\\\/image\\\/\"}}]}<\/script>\n<!-- \/ Yoast SEO plugin. -->","yoast_head_json":{"title":"LZR 5 - Mira-Tex Oy","description":"Amerikkalaisen Mast-valmistajan t\u00e4ysvaljas ravihevosille. Mast on toiminut yli 50 vuotta taustalla valmistamassa tuotteita huippubr\u00e4ndeille (mm Wahls) ja nyt he tarjoavat omalla nimell\u00e4\u00e4n laadukkaita valjaita.","robots":{"index":"index","follow":"follow","max-snippet":"max-snippet:-1","max-image-preview":"max-image-preview:large","max-video-preview":"max-video-preview:-1"},"canonical":"https:\/\/www.mira.fi\/fi\/product\/lzr-5\/","og_locale":"fi_FI","og_type":"article","og_title":"LZR 5 - Mira-Tex Oy","og_description":"Amerikkalaisen Mast-valmistajan t\u00e4ysvaljas ravihevosille. Mast on toiminut yli 50 vuotta taustalla valmistamassa tuotteita huippubr\u00e4ndeille (mm Wahls) ja nyt he tarjoavat omalla nimell\u00e4\u00e4n laadukkaita valjaita.","og_url":"https:\/\/www.mira.fi\/fi\/product\/lzr-5\/","og_site_name":"Mira-Tex Oy","og_image":[{"width":1080,"height":1080,"url":"https:\/\/www.mira.fi\/wp-content\/uploads\/1-2.png","type":"image\/png"}],"twitter_card":"summary_large_image","twitter_misc":{"Arvioitu lukuaika":"1 minuutti"},"schema":{"@context":"https:\/\/schema.org","@graph":[{"@type":"WebPage","@id":"https:\/\/www.mira.fi\/fi\/product\/lzr-5\/","url":"https:\/\/www.mira.fi\/fi\/product\/lzr-5\/","name":"LZR 5 - Mira-Tex Oy","isPartOf":{"@id":"https:\/\/www.mira.fi\/#website"},"primaryImageOfPage":{"@id":"https:\/\/www.mira.fi\/fi\/product\/lzr-5\/#primaryimage"},"image":{"@id":"https:\/\/www.mira.fi\/fi\/product\/lzr-5\/#primaryimage"},"thumbnailUrl":"https:\/\/www.mira.fi\/wp-content\/uploads\/1-2.png","datePublished":"2026-01-12T12:56:14+00:00","description":"Amerikkalaisen Mast-valmistajan t\u00e4ysvaljas ravihevosille. Mast on toiminut yli 50 vuotta taustalla valmistamassa tuotteita huippubr\u00e4ndeille (mm Wahls) ja nyt he tarjoavat omalla nimell\u00e4\u00e4n laadukkaita valjaita.","breadcrumb":{"@id":"https:\/\/www.mira.fi\/fi\/product\/lzr-5\/#breadcrumb"},"inLanguage":"fi","potentialAction":[{"@type":"ReadAction","target":["https:\/\/www.mira.fi\/fi\/product\/lzr-5\/"]}]},{"@type":"ImageObject","inLanguage":"fi","@id":"https:\/\/www.mira.fi\/fi\/product\/lzr-5\/#primaryimage","url":"https:\/\/www.mira.fi\/wp-content\/uploads\/1-2.png","contentUrl":"https:\/\/www.mira.fi\/wp-content\/uploads\/1-2.png","width":1080,"height":1080},{"@type":"BreadcrumbList","@id":"https:\/\/www.mira.fi\/fi\/product\/lzr-5\/#breadcrumb","itemListElement":[{"@type":"ListItem","position":1,"name":"Etusivu","item":"https:\/\/www.mira.fi\/fi\/"},{"@type":"ListItem","position":2,"name":"Kauppa","item":"https:\/\/www.mira.fi\/fi\/kauppa\/"},{"@type":"ListItem","position":3,"name":"LZR 5"}]},{"@type":"WebSite","@id":"https:\/\/www.mira.fi\/#website","url":"https:\/\/www.mira.fi\/","name":"Mira-Tex Oy","description":"Johtava ravivaatteiden valmistaja","publisher":{"@id":"https:\/\/www.mira.fi\/#organization"},"potentialAction":[{"@type":"SearchAction","target":{"@type":"EntryPoint","urlTemplate":"https:\/\/www.mira.fi\/?s={search_term_string}"},"query-input":{"@type":"PropertyValueSpecification","valueRequired":true,"valueName":"search_term_string"}}],"inLanguage":"fi"},{"@type":"Organization","@id":"https:\/\/www.mira.fi\/#organization","name":"Mira-Tex Oy","url":"https:\/\/www.mira.fi\/","logo":{"@type":"ImageObject","inLanguage":"fi","@id":"https:\/\/www.mira.fi\/#\/schema\/logo\/image\/","url":"https:\/\/www.mira.fi\/wp-content\/uploads\/favicon.png","contentUrl":"https:\/\/www.mira.fi\/wp-content\/uploads\/favicon.png","width":600,"height":600,"caption":"Mira-Tex Oy"},"image":{"@id":"https:\/\/www.mira.fi\/#\/schema\/logo\/image\/"}}]}},"_links":{"self":[{"href":"https:\/\/www.mira.fi\/fi\/wp-json\/wp\/v2\/product\/9989","targetHints":{"allow":["GET"]}}],"collection":[{"href":"https:\/\/www.mira.fi\/fi\/wp-json\/wp\/v2\/product"}],"about":[{"href":"https:\/\/www.mira.fi\/fi\/wp-json\/wp\/v2\/types\/product"}],"wp:featuredmedia":[{"embeddable":true,"href":"https:\/\/www.mira.fi\/fi\/wp-json\/wp\/v2\/media\/9990"}],"wp:attachment":[{"href":"https:\/\/www.mira.fi\/fi\/wp-json\/wp\/v2\/media?parent=9989"}],"wp:term":[{"taxonomy":"product_brand","embeddable":true,"href":"https:\/\/www.mira.fi\/fi\/wp-json\/wp\/v2\/product_brand?post=9989"},{"taxonomy":"product_cat","embeddable":true,"href":"https:\/\/www.mira.fi\/fi\/wp-json\/wp\/v2\/product_cat?post=9989"},{"taxonomy":"product_tag","embeddable":true,"href":"https:\/\/www.mira.fi\/fi\/wp-json\/wp\/v2\/product_tag?post=9989"}],"curies":[{"name":"wp","href":"https:\/\/api.w.org\/{rel}","templated":true}]}}