{"id":7815,"date":"2021-03-03T22:58:24","date_gmt":"2021-03-03T20:58:24","guid":{"rendered":"https:\/\/www.mira.fi\/faq\/"},"modified":"2021-03-03T22:58:24","modified_gmt":"2021-03-03T20:58:24","slug":"faq","status":"publish","type":"page","link":"https:\/\/www.mira.fi\/fr\/faq\/","title":{"rendered":"FAQ"},"content":{"rendered":"<div class=\"col-sm-12 column pad-bottom-2em border-bottom\">\n<div class=\"column-wrapper content\">\n<div class=\"column-content\">\n<h3>1. Comment conna\u00eetrai-je le prix de mon produit sur mesure ?<\/h3>\n<p>Les v\u00eatements sur mesure MIRA ont un prix de base qui n&rsquo;est pas affect\u00e9 par le nombre de couleurs. Le prix de base est d\u00e9termin\u00e9 par le type de v\u00eatement, par exemple, une veste d&rsquo;\u00e9t\u00e9 a son propre prix. Toute broderie comme les logos de sponsors, les initiales sur les manches, les \u00e9toiles, etc. augmentera le prix du produit, ainsi que tout autre travail suppl\u00e9mentaire comme les manches amovibles. Pour cette raison, tu devrais toujours envoyer un message \u00e0 notre service client mira@mira.fi, o\u00f9 tu recevras un devis pour ta tenue. N&rsquo;oublie pas d&rsquo;indiquer \u00e0 MIRA pour quelle saison tu veux tes v\u00eatements, quels d\u00e9tails tu souhaites pour tes v\u00eatements et envoie une photo de ton v\u00eatement actuel pour que le prix exact puisse \u00eatre donn\u00e9.    <\/p>\n<\/div>\n<\/div>\n<\/div>\n<div class=\"col-sm-12 column pad-top-2em pad-bottom-2em border-bottom lazyloaded\">\n<div class=\"column-wrapper content\">\n<div class=\"column-content\">\n<h3>2. Je viens de recevoir mon nouveau v\u00eatement sur mesure mais il y a des probl\u00e8mes d&rsquo;ajustement ?<\/h3>\n<p>MIRA veut toujours servir ses clients de la meilleure fa\u00e7on possible. Notre objectif est d&rsquo;avoir un client 100 % satisfait. Si une tenue sur mesure a des probl\u00e8mes d&rsquo;ajustement, nous voulons toujours le savoir. Envoie-nous des photos de toi portant le produit \u00e0 mira@mira.fi. Cela aidera nos mod\u00e9listes qualifi\u00e9s \u00e0 d\u00e9terminer les modifications n\u00e9cessaires pour le v\u00eatement. Demande \u00e0 ton revendeur de renvoyer la tenue \u00e0 MIRA et nous la corrigerons \u00e0 la bonne taille sans d\u00e9lai.     <\/p>\n<p>Si la tenue est command\u00e9e en taille standard et non en taille sur mesure, nous facturerons 40 \u20ac \/ heure pour la modification<\/p>\n<p>Si la tenue re\u00e7ue est d\u00e9fectueuse en raison d&rsquo;une erreur de fabrication de MIRA, contacte le revendeur aupr\u00e8s duquel tu as command\u00e9 la tenue. La tenue doit \u00eatre renvoy\u00e9e \u00e0 MIRA o\u00f9 nous corrigerons notre erreur. <\/p>\n<\/div>\n<\/div>\n<\/div>\n<div class=\"col-sm-12 column pad-top-2em pad-bottom-2em border-bottom lazyloaded\">\n<div class=\"column-wrapper content\">\n<div class=\"column-content\">\n<h3>3. J&rsquo;ai ab\u00eem\u00e9 ma tenue, que dois-je faire ?<\/h3>\n<p>Les v\u00eatements MIRA sont con\u00e7us pour \u00eatre durables et sont donc fabriqu\u00e9s avec les meilleurs mat\u00e9riaux possibles. Malheureusement, il arrive parfois que la tenue que tu viens de recevoir s&rsquo;ab\u00eeme \u00e0 la suite d&rsquo;un accident. Dans ce cas, il est possible de renvoyer la tenue \u00e0 MIRA, o\u00f9 nous la r\u00e9parerons en utilisant les mat\u00e9riaux d&rsquo;origine. Le tarif horaire pour les r\u00e9parations est de 40 \u20ac \/ heure.   <\/p>\n<\/div>\n<\/div>\n<\/div>\n<div class=\"col-sm-12 column pad-top-2em lazyloaded\">\n<div class=\"column-wrapper content\">\n<div class=\"column-content\">\n<h3>4. Ma vieille tenue est encore portable mais mon sponsor personnel change. Est-il possible de changer les logos sur l&rsquo;ancienne tenue ? <\/h3>\n<p>MIRA \u00e9changera tes logos sans probl\u00e8me ! Envoie-nous le nouveau logo du sponsor en fichier jpg. ou pdf. et nous cr\u00e9erons le programme de broderie du logo. Renvoie-nous ton ancienne tenue avec des instructions sur les logos \u00e0 retirer ou \u00e0 couvrir et o\u00f9 placer les nouveaux logos.<x id=\"gid_0\"><\/x>Note que nous facturons le co\u00fbt de programmation de la broderie et le travail de broderie pour les logos des sponsors. Si nous devons retirer d&rsquo;anciens logos, nous facturerons un tarif horaire de 40 \u20ac \/ heure.     <\/p>\n<\/div>\n<\/div>\n<\/div>\n","protected":false},"excerpt":{"rendered":"<p>1. Comment conna\u00eetrai-je le prix de mon produit sur mesure  [&#8230;]<\/p>\n","protected":false},"author":1,"featured_media":0,"parent":0,"menu_order":0,"comment_status":"closed","ping_status":"closed","template":"","meta":{"footnotes":""},"class_list":["post-7815","page","type-page","status-publish","hentry"],"yoast_head":"<!-- This site is optimized with the Yoast SEO plugin v27.4 - https:\/\/yoast.com\/product\/yoast-seo-wordpress\/ -->\n<title>FAQ - Mira-Tex Oy<\/title>\n<meta name=\"robots\" content=\"index, follow, max-snippet:-1, max-image-preview:large, max-video-preview:-1\" \/>\n<link rel=\"canonical\" href=\"https:\/\/www.mira.fi\/faq\/\" \/>\n<meta property=\"og:locale\" content=\"fr_FR\" \/>\n<meta property=\"og:type\" content=\"article\" \/>\n<meta property=\"og:title\" content=\"FAQ - Mira-Tex Oy\" \/>\n<meta property=\"og:description\" content=\"1. Comment conna\u00eetrai-je le prix de mon produit sur mesure [...]\" \/>\n<meta property=\"og:url\" content=\"https:\/\/www.mira.fi\/faq\/\" \/>\n<meta property=\"og:site_name\" content=\"Mira-Tex Oy\" \/>\n<meta name=\"twitter:card\" content=\"summary_large_image\" \/>\n<meta name=\"twitter:label1\" content=\"Dur\u00e9e de lecture estim\u00e9e\" \/>\n\t<meta name=\"twitter:data1\" content=\"2 minutes\" \/>\n<script type=\"application\/ld+json\" class=\"yoast-schema-graph\">{\"@context\":\"https:\\\/\\\/schema.org\",\"@graph\":[{\"@type\":\"WebPage\",\"@id\":\"https:\\\/\\\/www.mira.fi\\\/faq\\\/\",\"url\":\"https:\\\/\\\/www.mira.fi\\\/faq\\\/\",\"name\":\"FAQ - Mira-Tex Oy\",\"isPartOf\":{\"@id\":\"https:\\\/\\\/www.mira.fi\\\/#website\"},\"datePublished\":\"2021-03-03T20:58:24+00:00\",\"breadcrumb\":{\"@id\":\"https:\\\/\\\/www.mira.fi\\\/faq\\\/#breadcrumb\"},\"inLanguage\":\"fr-FR\",\"potentialAction\":[{\"@type\":\"ReadAction\",\"target\":[\"https:\\\/\\\/www.mira.fi\\\/faq\\\/\"]}]},{\"@type\":\"BreadcrumbList\",\"@id\":\"https:\\\/\\\/www.mira.fi\\\/faq\\\/#breadcrumb\",\"itemListElement\":[{\"@type\":\"ListItem\",\"position\":1,\"name\":\"Etusivu\",\"item\":\"https:\\\/\\\/www.mira.fi\\\/fr\\\/sur-mesure\\\/\"},{\"@type\":\"ListItem\",\"position\":2,\"name\":\"FAQ\"}]},{\"@type\":\"WebSite\",\"@id\":\"https:\\\/\\\/www.mira.fi\\\/#website\",\"url\":\"https:\\\/\\\/www.mira.fi\\\/\",\"name\":\"Mira-Tex Oy\",\"description\":\"Fabricant leader de v\u00eatements de course hippique\",\"publisher\":{\"@id\":\"https:\\\/\\\/www.mira.fi\\\/#organization\"},\"potentialAction\":[{\"@type\":\"SearchAction\",\"target\":{\"@type\":\"EntryPoint\",\"urlTemplate\":\"https:\\\/\\\/www.mira.fi\\\/?s={search_term_string}\"},\"query-input\":{\"@type\":\"PropertyValueSpecification\",\"valueRequired\":true,\"valueName\":\"search_term_string\"}}],\"inLanguage\":\"fr-FR\"},{\"@type\":\"Organization\",\"@id\":\"https:\\\/\\\/www.mira.fi\\\/#organization\",\"name\":\"Mira-Tex Oy\",\"url\":\"https:\\\/\\\/www.mira.fi\\\/\",\"logo\":{\"@type\":\"ImageObject\",\"inLanguage\":\"fr-FR\",\"@id\":\"https:\\\/\\\/www.mira.fi\\\/#\\\/schema\\\/logo\\\/image\\\/\",\"url\":\"https:\\\/\\\/www.mira.fi\\\/wp-content\\\/uploads\\\/favicon.png\",\"contentUrl\":\"https:\\\/\\\/www.mira.fi\\\/wp-content\\\/uploads\\\/favicon.png\",\"width\":600,\"height\":600,\"caption\":\"Mira-Tex Oy\"},\"image\":{\"@id\":\"https:\\\/\\\/www.mira.fi\\\/#\\\/schema\\\/logo\\\/image\\\/\"}}]}<\/script>\n<!-- \/ Yoast SEO plugin. -->","yoast_head_json":{"title":"FAQ - Mira-Tex Oy","robots":{"index":"index","follow":"follow","max-snippet":"max-snippet:-1","max-image-preview":"max-image-preview:large","max-video-preview":"max-video-preview:-1"},"canonical":"https:\/\/www.mira.fi\/faq\/","og_locale":"fr_FR","og_type":"article","og_title":"FAQ - Mira-Tex Oy","og_description":"1. Comment conna\u00eetrai-je le prix de mon produit sur mesure [...]","og_url":"https:\/\/www.mira.fi\/faq\/","og_site_name":"Mira-Tex Oy","twitter_card":"summary_large_image","twitter_misc":{"Dur\u00e9e de lecture estim\u00e9e":"2 minutes"},"schema":{"@context":"https:\/\/schema.org","@graph":[{"@type":"WebPage","@id":"https:\/\/www.mira.fi\/faq\/","url":"https:\/\/www.mira.fi\/faq\/","name":"FAQ - Mira-Tex Oy","isPartOf":{"@id":"https:\/\/www.mira.fi\/#website"},"datePublished":"2021-03-03T20:58:24+00:00","breadcrumb":{"@id":"https:\/\/www.mira.fi\/faq\/#breadcrumb"},"inLanguage":"fr-FR","potentialAction":[{"@type":"ReadAction","target":["https:\/\/www.mira.fi\/faq\/"]}]},{"@type":"BreadcrumbList","@id":"https:\/\/www.mira.fi\/faq\/#breadcrumb","itemListElement":[{"@type":"ListItem","position":1,"name":"Etusivu","item":"https:\/\/www.mira.fi\/fr\/sur-mesure\/"},{"@type":"ListItem","position":2,"name":"FAQ"}]},{"@type":"WebSite","@id":"https:\/\/www.mira.fi\/#website","url":"https:\/\/www.mira.fi\/","name":"Mira-Tex Oy","description":"Fabricant leader de v\u00eatements de course hippique","publisher":{"@id":"https:\/\/www.mira.fi\/#organization"},"potentialAction":[{"@type":"SearchAction","target":{"@type":"EntryPoint","urlTemplate":"https:\/\/www.mira.fi\/?s={search_term_string}"},"query-input":{"@type":"PropertyValueSpecification","valueRequired":true,"valueName":"search_term_string"}}],"inLanguage":"fr-FR"},{"@type":"Organization","@id":"https:\/\/www.mira.fi\/#organization","name":"Mira-Tex Oy","url":"https:\/\/www.mira.fi\/","logo":{"@type":"ImageObject","inLanguage":"fr-FR","@id":"https:\/\/www.mira.fi\/#\/schema\/logo\/image\/","url":"https:\/\/www.mira.fi\/wp-content\/uploads\/favicon.png","contentUrl":"https:\/\/www.mira.fi\/wp-content\/uploads\/favicon.png","width":600,"height":600,"caption":"Mira-Tex Oy"},"image":{"@id":"https:\/\/www.mira.fi\/#\/schema\/logo\/image\/"}}]}},"_links":{"self":[{"href":"https:\/\/www.mira.fi\/fr\/wp-json\/wp\/v2\/pages\/7815","targetHints":{"allow":["GET"]}}],"collection":[{"href":"https:\/\/www.mira.fi\/fr\/wp-json\/wp\/v2\/pages"}],"about":[{"href":"https:\/\/www.mira.fi\/fr\/wp-json\/wp\/v2\/types\/page"}],"author":[{"embeddable":true,"href":"https:\/\/www.mira.fi\/fr\/wp-json\/wp\/v2\/users\/1"}],"replies":[{"embeddable":true,"href":"https:\/\/www.mira.fi\/fr\/wp-json\/wp\/v2\/comments?post=7815"}],"version-history":[{"count":0,"href":"https:\/\/www.mira.fi\/fr\/wp-json\/wp\/v2\/pages\/7815\/revisions"}],"wp:attachment":[{"href":"https:\/\/www.mira.fi\/fr\/wp-json\/wp\/v2\/media?parent=7815"}],"curies":[{"name":"wp","href":"https:\/\/api.w.org\/{rel}","templated":true}]}}