{"id":7913,"date":"2021-03-03T22:50:23","date_gmt":"2021-03-03T20:50:23","guid":{"rendered":"https:\/\/www.mira.fi\/droit-de-retour\/"},"modified":"2021-03-03T22:50:23","modified_gmt":"2021-03-03T20:50:23","slug":"droit-de-retour","status":"publish","type":"page","link":"https:\/\/www.mira.fi\/fr\/droit-de-retour\/","title":{"rendered":"Droit de retour"},"content":{"rendered":"<section id=\"showcase\" class=\"region region-options\">\n<div class=\"container\">\n<div class=\"scase-wrapper wrapper clearfix\">\n<div class=\" row clearfix\">\n<div class=\"col-sm-12 column full-column \">\n<div class=\"column-wrapper content\">\n<div class=\"column-content\">\n<h1><\/h1>\n<\/div>\n<\/div>\n<\/div>\n<\/div>\n<\/div>\n<\/div>\n<\/section>\n<section id=\"region-content\" class=\"region region-options\">\n<div class=\"container\">\n<div class=\"content-wrapper wrapper clearfix\">\n<div class=\"pad-bottom-4em row clearfix\">\n<div class=\"col-sm-7 column pad-bottom-4em\">\n<div class=\"column-wrapper content\">\n<div class=\"column-content\">\n<h2>DROIT DE RETOUR DES PRODUITS COMMAND\u00c9S SUR LA BOUTIQUE EN LIGNE<\/h2>\n<p>Si le client n&rsquo;est pas satisfait de sa commande en ligne, il dispose d&rsquo;un droit d&rsquo;\u00e9change et de retour de 30 jours. Attention, le droit de retour est conditionn\u00e9 au fait que le client manipule et ajuste le produit avec soin sans l&rsquo;endommager. Note ! Contacte toujours d&rsquo;abord le service client Mira pour que nous puissions te guider avec le retour. Attention, il n&rsquo;est pas possible de retourner les produits sur mesure ou personnalis\u00e9s (broderie, autres modifications).    <\/p>\n<\/div>\n<\/div>\n<\/div>\n<div class=\"col-sm-5 column pad-bottom-4em\">\n<div class=\"column-wrapper content\">\n<div class=\"column-content\">\n<div class=\"soft-box\">\n<p><strong>Adresse de retour :<\/strong><\/p>\n<p>Mira-Tex Oy \/ Returns, Tuulentie 8, 21420 LIETO, num\u00e9ro de t\u00e9l\u00e9phone : 0404570970, adresse e-mail : mira@mira.fi<\/p>\n<\/div>\n<\/div>\n<\/div>\n<\/div>\n<div class=\"col-sm-7 column order-sm-2 lazyloaded\">\n<div class=\"column-wrapper content\">\n<div class=\"column-content\">\n<p>Le produit doit \u00eatre retourn\u00e9 dans son \u00e9tat d&rsquo;origine, avec les \u00e9tiquettes en place et dans son emballage d&rsquo;origine. Le produit retourn\u00e9 doit \u00eatre inutilis\u00e9, intact et propre. Mira peut refuser les retours si le produit n&rsquo;est pas en \u00e9tat d&rsquo;\u00eatre commercialis\u00e9. Nous n&rsquo;\u00e9changerons et ne rembourserons le produit qu&rsquo;une fois que nous aurons re\u00e7u le produit original en retour. Une fois le produit original retourn\u00e9 \u00e0 Mira, nous enverrons le nouveau produit au client sans d\u00e9lai, sauf indication contraire. Note que pour les r\u00e9clamations concernant les produits personnalis\u00e9s, Mira a le droit de corriger l&rsquo;erreur et le produit doit donc \u00eatre envoy\u00e9 \u00e0 Mira pour r\u00e9paration.     <\/p>\n<p>Si tu as re\u00e7u un produit erron\u00e9, endommag\u00e9 ou d\u00e9fectueux, prends des photos du produit et de son emballage et envoie-les \u00e0 mira@mira.fi pour que nous puissions prendre les mesures n\u00e9cessaires pour rectifier la situation.<\/p>\n<p>Les remboursements ne seront effectu\u00e9s qu&rsquo;une fois le produit original retourn\u00e9 \u00e0 Mira. Nous remboursons toujours avec le mode de paiement que le client a utilis\u00e9 pour effectuer son achat en ligne. Les retours Paypal sont rembours\u00e9s via Paypal et nous remboursons les paiements par virement bancaire sur le compte du client. Dans ces cas, nous demanderons au client un num\u00e9ro de compte au format IBAN, sur la base duquel l&rsquo;argent sera retourn\u00e9 sur le bon compte.   <\/p>\n<\/div>\n<\/div>\n<\/div>\n<div class=\"col-sm-5 column order-sm-1 lazyloaded\">\n<div class=\"column-wrapper content\">\n<div class=\"column-content\">\n<p><img decoding=\"async\" class=\"lazyload alignnone size-medium wp-image-4302\" src=\"https:\/\/web.archive.org\/web\/20250115165847im_\/https:\/\/www.mira.fi\/wp-content\/uploads\/IMG_8606-Edit-Edit-600x600.jpg\" data-orig-src=\"https:\/\/web.archive.org\/web\/20250115165847im_\/https:\/\/www.mira.fi\/wp-content\/uploads\/IMG_8606-Edit-Edit-600x600.jpg\" data-sizes=\"auto\" data-orig-sizes=\"(max-width: 600px) 100vw, 600px\" srcset=\"data:image\/svg+xml,%3Csvg%20xmlns%3D%27http%3A%2F%2Fwww.w3.org%2F2000%2Fsvg%27%20width%3D%27600%27%20height%3D%27600%27%20viewBox%3D%270%200%20600%20600%27%3E%3Crect%20width%3D%27600%27%20height%3D%27600%27%20fill-opacity%3D%220%22%2F%3E%3C%2Fsvg%3E\" data-srcset=\"https:\/\/web.archive.org\/web\/20250115165847im_\/https:\/\/www.mira.fi\/wp-content\/uploads\/IMG_8606-Edit-Edit-600x600.jpg 600w, https:\/\/web.archive.org\/web\/20250115165847im_\/https:\/\/www.mira.fi\/wp-content\/uploads\/IMG_8606-Edit-Edit-300x300.jpg 300w, https:\/\/web.archive.org\/web\/20250115165847im_\/https:\/\/www.mira.fi\/wp-content\/uploads\/IMG_8606-Edit-Edit-100x100.jpg 100w, https:\/\/web.archive.org\/web\/20250115165847im_\/https:\/\/www.mira.fi\/wp-content\/uploads\/IMG_8606-Edit-Edit-1100x1100.jpg 1100w, https:\/\/web.archive.org\/web\/20250115165847im_\/https:\/\/www.mira.fi\/wp-content\/uploads\/IMG_8606-Edit-Edit-768x768.jpg 768w, https:\/\/web.archive.org\/web\/20250115165847im_\/https:\/\/www.mira.fi\/wp-content\/uploads\/IMG_8606-Edit-Edit-1536x1536.jpg 1536w, https:\/\/web.archive.org\/web\/20250115165847im_\/https:\/\/www.mira.fi\/wp-content\/uploads\/IMG_8606-Edit-Edit.jpg 2048w\" alt=\"\" width=\"600\" height=\"600\"><\/p>\n<\/div>\n<\/div>\n<\/div>\n<\/div>\n<\/div>\n<\/div>\n<div class=\"container\">\n<div class=\"content-wrapper wrapper clearfix\">\n<div class=\" row clearfix\">\n<div class=\"col-sm-7 column lazyloaded\">\n<div class=\"column-wrapper content\">\n<div class=\"column-content\">\n<h2>DROIT DE RETOUR DES PRODUITS SUR MESURE<\/h2>\n<p>Note que nos produits sur mesure ne sont pas remboursables. Attention, toutes les commandes de v\u00eatements sur mesure sont fermes apr\u00e8s l&rsquo;approbation de l&rsquo;image du mod\u00e8le et ne peuvent donc pas \u00eatre compl\u00e8tement annul\u00e9es par la suite. Si le client annule la commande apr\u00e8s que le dessin a \u00e9t\u00e9 r\u00e9alis\u00e9, Mira a le droit de lui facturer les co\u00fbts de mat\u00e9riel et de main-d&rsquo;\u0153uvre encourus dans les processus de Mira avant l&rsquo;annulation de la commande.  <\/p>\n<p>Mira souhaite servir chacun de ses clients avec 100 % de satisfaction, et c&rsquo;est pourquoi Mira se fera un plaisir de corriger ult\u00e9rieurement le probl\u00e8me dans le v\u00eatement sur mesure. Dans ce cas, contacte mira@mira.fi ou le revendeur par l&rsquo;interm\u00e9diaire duquel la commande originale a \u00e9t\u00e9 pass\u00e9e. <\/p>\n<p>Si tu as re\u00e7u un produit erron\u00e9, endommag\u00e9 ou d\u00e9fectueux, prends des photos du produit et envoie-les \u00e0 mira@mira.fi pour que nous puissions prendre les mesures n\u00e9cessaires pour rectifier la situation.<\/p>\n<\/div>\n<\/div>\n<\/div>\n<\/div>\n<\/div>\n<\/div>\n<\/section>\n","protected":false},"excerpt":{"rendered":"<p>DROIT DE RETOUR DES PRODUITS COMMAND\u00c9S SUR LA BOUTIQUE EN  [&#8230;]<\/p>\n","protected":false},"author":1,"featured_media":0,"parent":0,"menu_order":0,"comment_status":"closed","ping_status":"closed","template":"","meta":{"footnotes":""},"class_list":["post-7913","page","type-page","status-publish","hentry"],"yoast_head":"<!-- This site is optimized with the Yoast SEO plugin v27.5 - https:\/\/yoast.com\/product\/yoast-seo-wordpress\/ -->\n<title>Droit de retour - Mira-Tex Oy<\/title>\n<meta name=\"robots\" content=\"index, follow, max-snippet:-1, max-image-preview:large, max-video-preview:-1\" \/>\n<link rel=\"canonical\" href=\"https:\/\/www.mira.fi\/droit-de-retour\/\" \/>\n<meta property=\"og:locale\" content=\"fr_FR\" \/>\n<meta property=\"og:type\" content=\"article\" \/>\n<meta property=\"og:title\" content=\"Droit de retour - Mira-Tex Oy\" \/>\n<meta property=\"og:description\" content=\"DROIT DE RETOUR DES PRODUITS COMMAND\u00c9S SUR LA BOUTIQUE EN [...]\" \/>\n<meta property=\"og:url\" content=\"https:\/\/www.mira.fi\/droit-de-retour\/\" \/>\n<meta property=\"og:site_name\" content=\"Mira-Tex Oy\" \/>\n<meta property=\"og:image\" content=\"https:\/\/www.mira.fi\/wp-content\/uploads\/IMG_8606-Edit-Edit.jpg\" \/>\n\t<meta property=\"og:image:width\" content=\"2048\" \/>\n\t<meta property=\"og:image:height\" content=\"2048\" \/>\n\t<meta property=\"og:image:type\" content=\"image\/jpeg\" \/>\n<meta name=\"twitter:card\" content=\"summary_large_image\" \/>\n<meta name=\"twitter:label1\" content=\"Dur\u00e9e de lecture estim\u00e9e\" \/>\n\t<meta name=\"twitter:data1\" content=\"3 minutes\" \/>\n<script type=\"application\/ld+json\" class=\"yoast-schema-graph\">{\"@context\":\"https:\\\/\\\/schema.org\",\"@graph\":[{\"@type\":\"WebPage\",\"@id\":\"https:\\\/\\\/www.mira.fi\\\/droit-de-retour\\\/\",\"url\":\"https:\\\/\\\/www.mira.fi\\\/droit-de-retour\\\/\",\"name\":\"Droit de retour - Mira-Tex Oy\",\"isPartOf\":{\"@id\":\"https:\\\/\\\/www.mira.fi\\\/#website\"},\"primaryImageOfPage\":{\"@id\":\"https:\\\/\\\/www.mira.fi\\\/droit-de-retour\\\/#primaryimage\"},\"image\":{\"@id\":\"https:\\\/\\\/www.mira.fi\\\/droit-de-retour\\\/#primaryimage\"},\"thumbnailUrl\":\"https:\\\/\\\/web.archive.org\\\/web\\\/20250115165847im_\\\/https:\\\/\\\/www.mira.fi\\\/wp-content\\\/uploads\\\/IMG_8606-Edit-Edit-600x600.jpg\",\"datePublished\":\"2021-03-03T20:50:23+00:00\",\"breadcrumb\":{\"@id\":\"https:\\\/\\\/www.mira.fi\\\/droit-de-retour\\\/#breadcrumb\"},\"inLanguage\":\"fr-FR\",\"potentialAction\":[{\"@type\":\"ReadAction\",\"target\":[\"https:\\\/\\\/www.mira.fi\\\/droit-de-retour\\\/\"]}]},{\"@type\":\"ImageObject\",\"inLanguage\":\"fr-FR\",\"@id\":\"https:\\\/\\\/www.mira.fi\\\/droit-de-retour\\\/#primaryimage\",\"url\":\"https:\\\/\\\/web.archive.org\\\/web\\\/20250115165847im_\\\/https:\\\/\\\/www.mira.fi\\\/wp-content\\\/uploads\\\/IMG_8606-Edit-Edit-600x600.jpg\",\"contentUrl\":\"https:\\\/\\\/web.archive.org\\\/web\\\/20250115165847im_\\\/https:\\\/\\\/www.mira.fi\\\/wp-content\\\/uploads\\\/IMG_8606-Edit-Edit-600x600.jpg\"},{\"@type\":\"BreadcrumbList\",\"@id\":\"https:\\\/\\\/www.mira.fi\\\/droit-de-retour\\\/#breadcrumb\",\"itemListElement\":[{\"@type\":\"ListItem\",\"position\":1,\"name\":\"Etusivu\",\"item\":\"https:\\\/\\\/www.mira.fi\\\/fr\\\/sur-mesure\\\/\"},{\"@type\":\"ListItem\",\"position\":2,\"name\":\"Droit de retour\"}]},{\"@type\":\"WebSite\",\"@id\":\"https:\\\/\\\/www.mira.fi\\\/#website\",\"url\":\"https:\\\/\\\/www.mira.fi\\\/\",\"name\":\"Mira-Tex Oy\",\"description\":\"Fabricant leader de v\u00eatements de course hippique\",\"publisher\":{\"@id\":\"https:\\\/\\\/www.mira.fi\\\/#organization\"},\"potentialAction\":[{\"@type\":\"SearchAction\",\"target\":{\"@type\":\"EntryPoint\",\"urlTemplate\":\"https:\\\/\\\/www.mira.fi\\\/?s={search_term_string}\"},\"query-input\":{\"@type\":\"PropertyValueSpecification\",\"valueRequired\":true,\"valueName\":\"search_term_string\"}}],\"inLanguage\":\"fr-FR\"},{\"@type\":\"Organization\",\"@id\":\"https:\\\/\\\/www.mira.fi\\\/#organization\",\"name\":\"Mira-Tex Oy\",\"url\":\"https:\\\/\\\/www.mira.fi\\\/\",\"logo\":{\"@type\":\"ImageObject\",\"inLanguage\":\"fr-FR\",\"@id\":\"https:\\\/\\\/www.mira.fi\\\/#\\\/schema\\\/logo\\\/image\\\/\",\"url\":\"https:\\\/\\\/www.mira.fi\\\/wp-content\\\/uploads\\\/favicon.png\",\"contentUrl\":\"https:\\\/\\\/www.mira.fi\\\/wp-content\\\/uploads\\\/favicon.png\",\"width\":600,\"height\":600,\"caption\":\"Mira-Tex Oy\"},\"image\":{\"@id\":\"https:\\\/\\\/www.mira.fi\\\/#\\\/schema\\\/logo\\\/image\\\/\"}}]}<\/script>\n<!-- \/ Yoast SEO plugin. -->","yoast_head_json":{"title":"Droit de retour - Mira-Tex Oy","robots":{"index":"index","follow":"follow","max-snippet":"max-snippet:-1","max-image-preview":"max-image-preview:large","max-video-preview":"max-video-preview:-1"},"canonical":"https:\/\/www.mira.fi\/droit-de-retour\/","og_locale":"fr_FR","og_type":"article","og_title":"Droit de retour - Mira-Tex Oy","og_description":"DROIT DE RETOUR DES PRODUITS COMMAND\u00c9S SUR LA BOUTIQUE EN [...]","og_url":"https:\/\/www.mira.fi\/droit-de-retour\/","og_site_name":"Mira-Tex Oy","og_image":[{"width":2048,"height":2048,"url":"https:\/\/www.mira.fi\/wp-content\/uploads\/IMG_8606-Edit-Edit.jpg","type":"image\/jpeg"}],"twitter_card":"summary_large_image","twitter_misc":{"Dur\u00e9e de lecture estim\u00e9e":"3 minutes"},"schema":{"@context":"https:\/\/schema.org","@graph":[{"@type":"WebPage","@id":"https:\/\/www.mira.fi\/droit-de-retour\/","url":"https:\/\/www.mira.fi\/droit-de-retour\/","name":"Droit de retour - Mira-Tex Oy","isPartOf":{"@id":"https:\/\/www.mira.fi\/#website"},"primaryImageOfPage":{"@id":"https:\/\/www.mira.fi\/droit-de-retour\/#primaryimage"},"image":{"@id":"https:\/\/www.mira.fi\/droit-de-retour\/#primaryimage"},"thumbnailUrl":"https:\/\/web.archive.org\/web\/20250115165847im_\/https:\/\/www.mira.fi\/wp-content\/uploads\/IMG_8606-Edit-Edit-600x600.jpg","datePublished":"2021-03-03T20:50:23+00:00","breadcrumb":{"@id":"https:\/\/www.mira.fi\/droit-de-retour\/#breadcrumb"},"inLanguage":"fr-FR","potentialAction":[{"@type":"ReadAction","target":["https:\/\/www.mira.fi\/droit-de-retour\/"]}]},{"@type":"ImageObject","inLanguage":"fr-FR","@id":"https:\/\/www.mira.fi\/droit-de-retour\/#primaryimage","url":"https:\/\/web.archive.org\/web\/20250115165847im_\/https:\/\/www.mira.fi\/wp-content\/uploads\/IMG_8606-Edit-Edit-600x600.jpg","contentUrl":"https:\/\/web.archive.org\/web\/20250115165847im_\/https:\/\/www.mira.fi\/wp-content\/uploads\/IMG_8606-Edit-Edit-600x600.jpg"},{"@type":"BreadcrumbList","@id":"https:\/\/www.mira.fi\/droit-de-retour\/#breadcrumb","itemListElement":[{"@type":"ListItem","position":1,"name":"Etusivu","item":"https:\/\/www.mira.fi\/fr\/sur-mesure\/"},{"@type":"ListItem","position":2,"name":"Droit de retour"}]},{"@type":"WebSite","@id":"https:\/\/www.mira.fi\/#website","url":"https:\/\/www.mira.fi\/","name":"Mira-Tex Oy","description":"Fabricant leader de v\u00eatements de course hippique","publisher":{"@id":"https:\/\/www.mira.fi\/#organization"},"potentialAction":[{"@type":"SearchAction","target":{"@type":"EntryPoint","urlTemplate":"https:\/\/www.mira.fi\/?s={search_term_string}"},"query-input":{"@type":"PropertyValueSpecification","valueRequired":true,"valueName":"search_term_string"}}],"inLanguage":"fr-FR"},{"@type":"Organization","@id":"https:\/\/www.mira.fi\/#organization","name":"Mira-Tex Oy","url":"https:\/\/www.mira.fi\/","logo":{"@type":"ImageObject","inLanguage":"fr-FR","@id":"https:\/\/www.mira.fi\/#\/schema\/logo\/image\/","url":"https:\/\/www.mira.fi\/wp-content\/uploads\/favicon.png","contentUrl":"https:\/\/www.mira.fi\/wp-content\/uploads\/favicon.png","width":600,"height":600,"caption":"Mira-Tex Oy"},"image":{"@id":"https:\/\/www.mira.fi\/#\/schema\/logo\/image\/"}}]}},"_links":{"self":[{"href":"https:\/\/www.mira.fi\/fr\/wp-json\/wp\/v2\/pages\/7913","targetHints":{"allow":["GET"]}}],"collection":[{"href":"https:\/\/www.mira.fi\/fr\/wp-json\/wp\/v2\/pages"}],"about":[{"href":"https:\/\/www.mira.fi\/fr\/wp-json\/wp\/v2\/types\/page"}],"author":[{"embeddable":true,"href":"https:\/\/www.mira.fi\/fr\/wp-json\/wp\/v2\/users\/1"}],"replies":[{"embeddable":true,"href":"https:\/\/www.mira.fi\/fr\/wp-json\/wp\/v2\/comments?post=7913"}],"version-history":[{"count":0,"href":"https:\/\/www.mira.fi\/fr\/wp-json\/wp\/v2\/pages\/7913\/revisions"}],"wp:attachment":[{"href":"https:\/\/www.mira.fi\/fr\/wp-json\/wp\/v2\/media?parent=7913"}],"curies":[{"name":"wp","href":"https:\/\/api.w.org\/{rel}","templated":true}]}}