{"id":10965,"date":"2026-01-20T11:40:39","date_gmt":"2026-01-20T09:40:39","guid":{"rendered":"https:\/\/www.mira.fi\/?post_type=product&#038;p=10965"},"modified":"2026-01-20T12:01:13","modified_gmt":"2026-01-20T10:01:13","slug":"lzr-3-copy","status":"publish","type":"product","link":"https:\/\/www.mira.fi\/fr\/product\/lzr-3-copy\/","title":{"rendered":"LZR 3 (Copy)"},"content":{"rendered":"<p><strong>Roues LZR 3<\/strong><\/p>\n<p data-end=\"539\" data-start=\"225\">Les roues de sulky <strong data-end=\"238\" data-start=\"229\">LZR 3<\/strong> sont con\u00e7ues pour les pilotes qui privil\u00e9gient <strong data-end=\"335\" data-start=\"287\">la l\u00e9g\u00e8ret\u00e9, l&rsquo;efficacit\u00e9 et la maniabilit\u00e9 pr\u00e9cise<\/strong> dans les courses de harnais de comp\u00e9tition. Dot\u00e9es d&rsquo;une <strong data-end=\"414\" data-start=\"379\">construction enti\u00e8rement en fibre de carbone<\/strong>, ces roues offrent un excellent \u00e9quilibre entre poids r\u00e9duit et rigidit\u00e9 structurelle pour des performances de haut niveau sur la piste. <\/p>\n<p data-end=\"814\" data-start=\"541\">La <strong data-end=\"1099\" data-start=\"1060\">construction monobloc en fibre de carbone<\/strong> des roues LZR 3 met l&rsquo;accent sur une structure l\u00e9g\u00e8re et rigide, contribuant \u00e0 une performance et une stabilit\u00e9 constantes dans le cadre d&rsquo;une utilisation en course de harnais de comp\u00e9tition.<\/p>\n<p data-end=\"1043\" data-start=\"816\"><strong data-end=\"850\" data-start=\"816\">Principales caract\u00e9ristiques et sp\u00e9cifications :<\/strong><\/p>\n<ul>\n<li data-end=\"1149\" data-start=\"1045\"><strong data-end=\"1073\" data-start=\"1047\">Diam\u00e8tre de roue de 28 pouces<\/strong><br data-end=\"1076\" data-start=\"1073\">\u2022 <strong data-end=\"1100\" data-start=\"1078\">Disponible en noir<\/strong><\/li>\n<\/ul>\n<p data-end=\"1268\" data-start=\"1151\">Les roues LZR 3 sont une option id\u00e9ale pour les professionnels \u00e0 la recherche de <strong data-end=\"1267\" data-start=\"1214\">performances l\u00e9g\u00e8res combin\u00e9es \u00e0 la fiabilit\u00e9<\/strong>.<\/p>\n<p data-end=\"1268\" data-start=\"1151\">Prix par paire. Contactez-nous pour les achats de roues individuelles <\/p>\n","protected":false},"excerpt":{"rendered":"<p>Les roues de sulky <strong data-end=\"238\" data-start=\"229\">LZR 3<\/strong> sont con\u00e7ues pour les pilotes qui privil\u00e9gient <strong data-end=\"335\" data-start=\"287\">la l\u00e9g\u00e8ret\u00e9, l&rsquo;efficacit\u00e9 et la maniabilit\u00e9 pr\u00e9cise<\/strong> dans les courses de harnais de comp\u00e9tition. Dot\u00e9es d&rsquo;une <strong data-end=\"414\" data-start=\"379\">construction enti\u00e8rement en fibre de carbone<\/strong>, ces roues offrent un excellent \u00e9quilibre entre poids r\u00e9duit et rigidit\u00e9 structurelle pour des performances de haut niveau sur la piste. <\/p>\n","protected":false},"featured_media":10971,"template":"","meta":[],"product_brand":[],"product_cat":[1883,1885],"product_tag":[],"class_list":{"0":"post-10965","1":"product","2":"type-product","3":"status-publish","4":"has-post-thumbnail","6":"product_cat-accessoires-fr","7":"product_cat-deals","9":"first","10":"outofstock","11":"taxable","12":"shipping-taxable","13":"purchasable","14":"product-type-simple"},"yoast_head":"<!-- This site is optimized with the Yoast SEO plugin v27.5 - https:\/\/yoast.com\/product\/yoast-seo-wordpress\/ -->\n<title>LZR 3 (Copy) - Mira-Tex Oy<\/title>\n<meta name=\"description\" content=\"Harnais complet pour chevaux de course du fabricant am\u00e9ricain Mast. Mast travaille depuis plus de 50 ans en coulisses, fabriquant des produits pour de grandes marques (dont Wahls), et propose d\u00e9sormais des harnais de qualit\u00e9 sous son propre nom.\" \/>\n<meta name=\"robots\" content=\"index, follow, max-snippet:-1, max-image-preview:large, max-video-preview:-1\" \/>\n<link rel=\"canonical\" href=\"https:\/\/www.mira.fi\/fr\/product\/lzr-3-copy\/\" \/>\n<meta property=\"og:locale\" content=\"fr_FR\" \/>\n<meta property=\"og:type\" content=\"article\" \/>\n<meta property=\"og:title\" content=\"LZR 3 (Copy) - Mira-Tex Oy\" \/>\n<meta property=\"og:description\" content=\"Harnais complet pour chevaux de course du fabricant am\u00e9ricain Mast. Mast travaille depuis plus de 50 ans en coulisses, fabriquant des produits pour de grandes marques (dont Wahls), et propose d\u00e9sormais des harnais de qualit\u00e9 sous son propre nom.\" \/>\n<meta property=\"og:url\" content=\"https:\/\/www.mira.fi\/fr\/product\/lzr-3-copy\/\" \/>\n<meta property=\"og:site_name\" content=\"Mira-Tex Oy\" \/>\n<meta property=\"article:modified_time\" content=\"2026-01-20T10:01:13+00:00\" \/>\n<meta name=\"twitter:card\" content=\"summary_large_image\" \/>\n<meta name=\"twitter:label1\" content=\"Dur\u00e9e de lecture estim\u00e9e\" \/>\n\t<meta name=\"twitter:data1\" content=\"1 minute\" \/>\n<script type=\"application\/ld+json\" class=\"yoast-schema-graph\">{\"@context\":\"https:\\\/\\\/schema.org\",\"@graph\":[{\"@type\":\"WebPage\",\"@id\":\"https:\\\/\\\/www.mira.fi\\\/fr\\\/product\\\/lzr-3-copy\\\/\",\"url\":\"https:\\\/\\\/www.mira.fi\\\/fr\\\/product\\\/lzr-3-copy\\\/\",\"name\":\"LZR 3 (Copy) - Mira-Tex Oy\",\"isPartOf\":{\"@id\":\"https:\\\/\\\/www.mira.fi\\\/#website\"},\"primaryImageOfPage\":{\"@id\":\"https:\\\/\\\/www.mira.fi\\\/fr\\\/product\\\/lzr-3-copy\\\/#primaryimage\"},\"image\":{\"@id\":\"https:\\\/\\\/www.mira.fi\\\/fr\\\/product\\\/lzr-3-copy\\\/#primaryimage\"},\"thumbnailUrl\":\"https:\\\/\\\/www.mira.fi\\\/wp-content\\\/uploads\\\/timergps-plus2-1.png\",\"datePublished\":\"2026-01-20T09:40:39+00:00\",\"dateModified\":\"2026-01-20T10:01:13+00:00\",\"description\":\"Harnais complet pour chevaux de course du fabricant am\u00e9ricain Mast. Mast travaille depuis plus de 50 ans en coulisses, fabriquant des produits pour de grandes marques (dont Wahls), et propose d\u00e9sormais des harnais de qualit\u00e9 sous son propre nom.\",\"breadcrumb\":{\"@id\":\"https:\\\/\\\/www.mira.fi\\\/fr\\\/product\\\/lzr-3-copy\\\/#breadcrumb\"},\"inLanguage\":\"fr-FR\",\"potentialAction\":[{\"@type\":\"ReadAction\",\"target\":[\"https:\\\/\\\/www.mira.fi\\\/fr\\\/product\\\/lzr-3-copy\\\/\"]}]},{\"@type\":\"ImageObject\",\"inLanguage\":\"fr-FR\",\"@id\":\"https:\\\/\\\/www.mira.fi\\\/fr\\\/product\\\/lzr-3-copy\\\/#primaryimage\",\"url\":\"https:\\\/\\\/www.mira.fi\\\/wp-content\\\/uploads\\\/timergps-plus2-1.png\",\"contentUrl\":\"https:\\\/\\\/www.mira.fi\\\/wp-content\\\/uploads\\\/timergps-plus2-1.png\",\"width\":1080,\"height\":1080},{\"@type\":\"BreadcrumbList\",\"@id\":\"https:\\\/\\\/www.mira.fi\\\/fr\\\/product\\\/lzr-3-copy\\\/#breadcrumb\",\"itemListElement\":[{\"@type\":\"ListItem\",\"position\":1,\"name\":\"Etusivu\",\"item\":\"https:\\\/\\\/www.mira.fi\\\/fr\\\/sur-mesure\\\/\"},{\"@type\":\"ListItem\",\"position\":2,\"name\":\"Boutique\",\"item\":\"https:\\\/\\\/www.mira.fi\\\/fr\\\/boutique\\\/\"},{\"@type\":\"ListItem\",\"position\":3,\"name\":\"LZR 3 (Copy)\"}]},{\"@type\":\"WebSite\",\"@id\":\"https:\\\/\\\/www.mira.fi\\\/#website\",\"url\":\"https:\\\/\\\/www.mira.fi\\\/\",\"name\":\"Mira-Tex Oy\",\"description\":\"Fabricant leader de v\u00eatements de course hippique\",\"publisher\":{\"@id\":\"https:\\\/\\\/www.mira.fi\\\/#organization\"},\"potentialAction\":[{\"@type\":\"SearchAction\",\"target\":{\"@type\":\"EntryPoint\",\"urlTemplate\":\"https:\\\/\\\/www.mira.fi\\\/?s={search_term_string}\"},\"query-input\":{\"@type\":\"PropertyValueSpecification\",\"valueRequired\":true,\"valueName\":\"search_term_string\"}}],\"inLanguage\":\"fr-FR\"},{\"@type\":\"Organization\",\"@id\":\"https:\\\/\\\/www.mira.fi\\\/#organization\",\"name\":\"Mira-Tex Oy\",\"url\":\"https:\\\/\\\/www.mira.fi\\\/\",\"logo\":{\"@type\":\"ImageObject\",\"inLanguage\":\"fr-FR\",\"@id\":\"https:\\\/\\\/www.mira.fi\\\/#\\\/schema\\\/logo\\\/image\\\/\",\"url\":\"https:\\\/\\\/www.mira.fi\\\/wp-content\\\/uploads\\\/favicon.png\",\"contentUrl\":\"https:\\\/\\\/www.mira.fi\\\/wp-content\\\/uploads\\\/favicon.png\",\"width\":600,\"height\":600,\"caption\":\"Mira-Tex Oy\"},\"image\":{\"@id\":\"https:\\\/\\\/www.mira.fi\\\/#\\\/schema\\\/logo\\\/image\\\/\"}}]}<\/script>\n<!-- \/ Yoast SEO plugin. -->","yoast_head_json":{"title":"LZR 3 (Copy) - Mira-Tex Oy","description":"Harnais complet pour chevaux de course du fabricant am\u00e9ricain Mast. Mast travaille depuis plus de 50 ans en coulisses, fabriquant des produits pour de grandes marques (dont Wahls), et propose d\u00e9sormais des harnais de qualit\u00e9 sous son propre nom.","robots":{"index":"index","follow":"follow","max-snippet":"max-snippet:-1","max-image-preview":"max-image-preview:large","max-video-preview":"max-video-preview:-1"},"canonical":"https:\/\/www.mira.fi\/fr\/product\/lzr-3-copy\/","og_locale":"fr_FR","og_type":"article","og_title":"LZR 3 (Copy) - Mira-Tex Oy","og_description":"Harnais complet pour chevaux de course du fabricant am\u00e9ricain Mast. Mast travaille depuis plus de 50 ans en coulisses, fabriquant des produits pour de grandes marques (dont Wahls), et propose d\u00e9sormais des harnais de qualit\u00e9 sous son propre nom.","og_url":"https:\/\/www.mira.fi\/fr\/product\/lzr-3-copy\/","og_site_name":"Mira-Tex Oy","article_modified_time":"2026-01-20T10:01:13+00:00","twitter_card":"summary_large_image","twitter_misc":{"Dur\u00e9e de lecture estim\u00e9e":"1 minute"},"schema":{"@context":"https:\/\/schema.org","@graph":[{"@type":"WebPage","@id":"https:\/\/www.mira.fi\/fr\/product\/lzr-3-copy\/","url":"https:\/\/www.mira.fi\/fr\/product\/lzr-3-copy\/","name":"LZR 3 (Copy) - Mira-Tex Oy","isPartOf":{"@id":"https:\/\/www.mira.fi\/#website"},"primaryImageOfPage":{"@id":"https:\/\/www.mira.fi\/fr\/product\/lzr-3-copy\/#primaryimage"},"image":{"@id":"https:\/\/www.mira.fi\/fr\/product\/lzr-3-copy\/#primaryimage"},"thumbnailUrl":"https:\/\/www.mira.fi\/wp-content\/uploads\/timergps-plus2-1.png","datePublished":"2026-01-20T09:40:39+00:00","dateModified":"2026-01-20T10:01:13+00:00","description":"Harnais complet pour chevaux de course du fabricant am\u00e9ricain Mast. Mast travaille depuis plus de 50 ans en coulisses, fabriquant des produits pour de grandes marques (dont Wahls), et propose d\u00e9sormais des harnais de qualit\u00e9 sous son propre nom.","breadcrumb":{"@id":"https:\/\/www.mira.fi\/fr\/product\/lzr-3-copy\/#breadcrumb"},"inLanguage":"fr-FR","potentialAction":[{"@type":"ReadAction","target":["https:\/\/www.mira.fi\/fr\/product\/lzr-3-copy\/"]}]},{"@type":"ImageObject","inLanguage":"fr-FR","@id":"https:\/\/www.mira.fi\/fr\/product\/lzr-3-copy\/#primaryimage","url":"https:\/\/www.mira.fi\/wp-content\/uploads\/timergps-plus2-1.png","contentUrl":"https:\/\/www.mira.fi\/wp-content\/uploads\/timergps-plus2-1.png","width":1080,"height":1080},{"@type":"BreadcrumbList","@id":"https:\/\/www.mira.fi\/fr\/product\/lzr-3-copy\/#breadcrumb","itemListElement":[{"@type":"ListItem","position":1,"name":"Etusivu","item":"https:\/\/www.mira.fi\/fr\/sur-mesure\/"},{"@type":"ListItem","position":2,"name":"Boutique","item":"https:\/\/www.mira.fi\/fr\/boutique\/"},{"@type":"ListItem","position":3,"name":"LZR 3 (Copy)"}]},{"@type":"WebSite","@id":"https:\/\/www.mira.fi\/#website","url":"https:\/\/www.mira.fi\/","name":"Mira-Tex Oy","description":"Fabricant leader de v\u00eatements de course hippique","publisher":{"@id":"https:\/\/www.mira.fi\/#organization"},"potentialAction":[{"@type":"SearchAction","target":{"@type":"EntryPoint","urlTemplate":"https:\/\/www.mira.fi\/?s={search_term_string}"},"query-input":{"@type":"PropertyValueSpecification","valueRequired":true,"valueName":"search_term_string"}}],"inLanguage":"fr-FR"},{"@type":"Organization","@id":"https:\/\/www.mira.fi\/#organization","name":"Mira-Tex Oy","url":"https:\/\/www.mira.fi\/","logo":{"@type":"ImageObject","inLanguage":"fr-FR","@id":"https:\/\/www.mira.fi\/#\/schema\/logo\/image\/","url":"https:\/\/www.mira.fi\/wp-content\/uploads\/favicon.png","contentUrl":"https:\/\/www.mira.fi\/wp-content\/uploads\/favicon.png","width":600,"height":600,"caption":"Mira-Tex Oy"},"image":{"@id":"https:\/\/www.mira.fi\/#\/schema\/logo\/image\/"}}]}},"_links":{"self":[{"href":"https:\/\/www.mira.fi\/fr\/wp-json\/wp\/v2\/product\/10965","targetHints":{"allow":["GET"]}}],"collection":[{"href":"https:\/\/www.mira.fi\/fr\/wp-json\/wp\/v2\/product"}],"about":[{"href":"https:\/\/www.mira.fi\/fr\/wp-json\/wp\/v2\/types\/product"}],"wp:featuredmedia":[{"embeddable":true,"href":"https:\/\/www.mira.fi\/fr\/wp-json\/wp\/v2\/media\/10971"}],"wp:attachment":[{"href":"https:\/\/www.mira.fi\/fr\/wp-json\/wp\/v2\/media?parent=10965"}],"wp:term":[{"taxonomy":"product_brand","embeddable":true,"href":"https:\/\/www.mira.fi\/fr\/wp-json\/wp\/v2\/product_brand?post=10965"},{"taxonomy":"product_cat","embeddable":true,"href":"https:\/\/www.mira.fi\/fr\/wp-json\/wp\/v2\/product_cat?post=10965"},{"taxonomy":"product_tag","embeddable":true,"href":"https:\/\/www.mira.fi\/fr\/wp-json\/wp\/v2\/product_tag?post=10965"}],"curies":[{"name":"wp","href":"https:\/\/api.w.org\/{rel}","templated":true}]}}