{"id":11083,"date":"2026-02-27T09:17:21","date_gmt":"2026-02-27T07:17:21","guid":{"rendered":"https:\/\/www.mira.fi\/product\/chronometre-mira\/"},"modified":"2026-02-27T09:17:21","modified_gmt":"2026-02-27T07:17:21","slug":"chronometre-mira","status":"publish","type":"product","link":"https:\/\/www.mira.fi\/fr\/product\/chronometre-mira\/","title":{"rendered":"Chronom\u00e8tre Mira"},"content":{"rendered":"<p data-start=\"121\" data-end=\"358\">Le chronom\u00e8tre Mira est un outil de chronom\u00e9trage fiable et facile \u00e0 utiliser, con\u00e7u sp\u00e9cifiquement pour les s\u00e9ances d\u2019entra\u00eenement et les environnements d\u2019\u00e9curie. Con\u00e7u pour un usage quotidien, il allie pr\u00e9cision, durabilit\u00e9 et fonctionnalit\u00e9 pratique dans un appareil compact. <\/p>\n<p data-start=\"360\" data-end=\"612\">Avec une pr\u00e9cision au 1\/100 de seconde et une fonction de m\u00e9moire interm\u00e9diaire, il te permet de suivre tes performances en toute confiance. La fonction chronographe assure un chronom\u00e9trage pr\u00e9cis pendant l\u2019entra\u00eenement, tandis que l\u2019affichage clair 12\/24 heures facilite son utilisation en toute situation. <\/p>\n<p data-start=\"614\" data-end=\"816\">Con\u00e7u pour les environnements exigeants, le chronom\u00e8tre est r\u00e9sistant \u00e0 l\u2019eau et \u00e9quip\u00e9 de boutons durables qui emp\u00eachent la salet\u00e9 de p\u00e9n\u00e9trer dans le m\u00e9canisme \u2014 ce qui le rend id\u00e9al pour une utilisation au bord des pistes et \u00e0 l\u2019\u00e9curie.<\/p>\n<h3 data-start=\"818\" data-end=\"834\">Caract\u00e9ristiques principales<\/h3>\n<ul data-start=\"836\" data-end=\"1080\">\n<li data-start=\"836\" data-end=\"890\">\n<p data-start=\"838\" data-end=\"890\">Mesure jusqu\u2019\u00e0 23 heures, 59 minutes et 59 secondes<\/p>\n<\/li>\n<li data-start=\"891\" data-end=\"934\">\n<p data-start=\"893\" data-end=\"934\">M\u00e9moire interm\u00e9diaire avec pr\u00e9cision au 1\/100 de seconde<\/p>\n<\/li>\n<li data-start=\"935\" data-end=\"959\">\n<p data-start=\"937\" data-end=\"959\">Fonction chronographe<\/p>\n<\/li>\n<li data-start=\"960\" data-end=\"982\">\n<p data-start=\"962\" data-end=\"982\">Affichage 12\/24 heures<\/p>\n<\/li>\n<li data-start=\"983\" data-end=\"1012\">\n<p data-start=\"985\" data-end=\"1012\">Fonction alarme et rappel (snooze)<\/p>\n<\/li>\n<li data-start=\"1013\" data-end=\"1045\">\n<p data-start=\"1015\" data-end=\"1045\">Construction r\u00e9sistante \u00e0 l\u2019eau<\/p>\n<\/li>\n<li data-start=\"1046\" data-end=\"1080\">\n<p data-start=\"1048\" data-end=\"1080\">Boutons durables r\u00e9sistants \u00e0 la salet\u00e9<\/p>\n<\/li>\n<\/ul>\n<p data-start=\"1082\" data-end=\"1230\" data-is-last-node=\"\" data-is-only-node=\"\">Le chronom\u00e8tre Mira 100 est un choix pratique et fiable pour les entra\u00eeneurs, les drivers et tous ceux qui privil\u00e9gient la pr\u00e9cision du chronom\u00e9trage dans leurs routines d\u2019entra\u00eenement quotidiennes.<\/p>\n","protected":false},"excerpt":{"rendered":"<p data-start=\"121\" data-end=\"358\">Le chronom\u00e8tre Mira est un outil de chronom\u00e9trage fiable et facile \u00e0 utiliser, con\u00e7u sp\u00e9cifiquement pour les s\u00e9ances d\u2019entra\u00eenement et les environnements d\u2019\u00e9curie. Con\u00e7u pour un usage quotidien, il allie pr\u00e9cision, durabilit\u00e9 et fonctionnalit\u00e9 pratique dans un appareil compact. <\/p>\n<p data-start=\"360\" data-end=\"612\">Avec une pr\u00e9cision au 1\/100 de seconde et une fonction de m\u00e9moire interm\u00e9diaire, il te permet de suivre tes performances en toute confiance. La fonction chronographe assure un chronom\u00e9trage pr\u00e9cis pendant l\u2019entra\u00eenement, tandis que l\u2019affichage clair 12\/24 heures facilite son utilisation en toute situation. <\/p>\n<p data-start=\"614\" data-end=\"816\">Con\u00e7u pour les environnements exigeants, le chronom\u00e8tre est r\u00e9sistant \u00e0 l\u2019eau et \u00e9quip\u00e9 de boutons durables qui emp\u00eachent la salet\u00e9 de p\u00e9n\u00e9trer dans le m\u00e9canisme \u2014 ce qui le rend id\u00e9al pour une utilisation au bord des pistes et \u00e0 l\u2019\u00e9curie.<\/p>\n","protected":false},"featured_media":11035,"template":"","meta":[],"product_brand":[],"product_cat":[1883],"product_tag":[],"class_list":{"0":"post-11083","1":"product","2":"type-product","3":"status-publish","4":"has-post-thumbnail","6":"product_cat-accessoires-fr","8":"first","9":"instock","10":"taxable","11":"shipping-taxable","12":"purchasable","13":"product-type-simple"},"yoast_head":"<!-- This site is optimized with the Yoast SEO plugin v27.5 - https:\/\/yoast.com\/product\/yoast-seo-wordpress\/ -->\n<title>Chronom\u00e8tre Mira - Mira-Tex Oy<\/title>\n<meta name=\"description\" content=\"Le chronom\u00e8tre Mira est un outil de chronom\u00e9trage fiable et facile \u00e0 utiliser, con\u00e7u sp\u00e9cifiquement pour les s\u00e9ances d\u2019entra\u00eenement et les environnements d\u2019\u00e9curie. Con\u00e7u pour un usage quotidien, il allie pr\u00e9cision, durabilit\u00e9 et fonctionnalit\u00e9 pratique dans un appareil compact. Avec une pr\u00e9cision au 1\/100 de seconde et une fonction de m\u00e9moire interm\u00e9diaire, il te permet de suivre tes performances en toute confiance. La fonction chronographe assure un chronom\u00e9trage pr\u00e9cis pendant l\u2019entra\u00eenement, tandis que l\u2019affichage clair 12\/24 heures facilite son utilisation en toute situation. Con\u00e7u pour les environnements exigeants, le chronom\u00e8tre est r\u00e9sistant \u00e0 l\u2019eau et \u00e9quip\u00e9 de boutons durables qui emp\u00eachent la salet\u00e9 de p\u00e9n\u00e9trer dans le m\u00e9canisme \u2014 ce qui le rend id\u00e9al pour une utilisation au bord des pistes et \u00e0 l\u2019\u00e9curie.\" \/>\n<meta name=\"robots\" content=\"index, follow, max-snippet:-1, max-image-preview:large, max-video-preview:-1\" \/>\n<link rel=\"canonical\" href=\"https:\/\/www.mira.fi\/fr\/product\/chronometre-mira\/\" \/>\n<meta property=\"og:locale\" content=\"fr_FR\" \/>\n<meta property=\"og:type\" content=\"article\" \/>\n<meta property=\"og:title\" content=\"Chronom\u00e8tre Mira - Mira-Tex Oy\" \/>\n<meta property=\"og:description\" content=\"Le chronom\u00e8tre Mira est un outil de chronom\u00e9trage fiable et facile \u00e0 utiliser, con\u00e7u sp\u00e9cifiquement pour les s\u00e9ances d\u2019entra\u00eenement et les environnements d\u2019\u00e9curie. Con\u00e7u pour un usage quotidien, il allie pr\u00e9cision, durabilit\u00e9 et fonctionnalit\u00e9 pratique dans un appareil compact. Avec une pr\u00e9cision au 1\/100 de seconde et une fonction de m\u00e9moire interm\u00e9diaire, il te permet de suivre tes performances en toute confiance. La fonction chronographe assure un chronom\u00e9trage pr\u00e9cis pendant l\u2019entra\u00eenement, tandis que l\u2019affichage clair 12\/24 heures facilite son utilisation en toute situation. Con\u00e7u pour les environnements exigeants, le chronom\u00e8tre est r\u00e9sistant \u00e0 l\u2019eau et \u00e9quip\u00e9 de boutons durables qui emp\u00eachent la salet\u00e9 de p\u00e9n\u00e9trer dans le m\u00e9canisme \u2014 ce qui le rend id\u00e9al pour une utilisation au bord des pistes et \u00e0 l\u2019\u00e9curie.\" \/>\n<meta property=\"og:url\" content=\"https:\/\/www.mira.fi\/fr\/product\/chronometre-mira\/\" \/>\n<meta property=\"og:site_name\" content=\"Mira-Tex Oy\" \/>\n<meta property=\"og:image\" content=\"https:\/\/www.mira.fi\/wp-content\/uploads\/Stopwatch2.png\" \/>\n\t<meta property=\"og:image:width\" content=\"1024\" \/>\n\t<meta property=\"og:image:height\" content=\"1536\" \/>\n\t<meta property=\"og:image:type\" content=\"image\/png\" \/>\n<meta name=\"twitter:card\" content=\"summary_large_image\" \/>\n<meta name=\"twitter:label1\" content=\"Dur\u00e9e de lecture estim\u00e9e\" \/>\n\t<meta name=\"twitter:data1\" content=\"1 minute\" \/>\n<script type=\"application\/ld+json\" class=\"yoast-schema-graph\">{\"@context\":\"https:\\\/\\\/schema.org\",\"@graph\":[{\"@type\":\"WebPage\",\"@id\":\"https:\\\/\\\/www.mira.fi\\\/fr\\\/product\\\/chronometre-mira\\\/\",\"url\":\"https:\\\/\\\/www.mira.fi\\\/fr\\\/product\\\/chronometre-mira\\\/\",\"name\":\"Chronom\u00e8tre Mira - Mira-Tex Oy\",\"isPartOf\":{\"@id\":\"https:\\\/\\\/www.mira.fi\\\/#website\"},\"primaryImageOfPage\":{\"@id\":\"https:\\\/\\\/www.mira.fi\\\/fr\\\/product\\\/chronometre-mira\\\/#primaryimage\"},\"image\":{\"@id\":\"https:\\\/\\\/www.mira.fi\\\/fr\\\/product\\\/chronometre-mira\\\/#primaryimage\"},\"thumbnailUrl\":\"https:\\\/\\\/www.mira.fi\\\/wp-content\\\/uploads\\\/Stopwatch2.png\",\"datePublished\":\"2026-02-27T07:17:21+00:00\",\"description\":\"Le chronom\u00e8tre Mira est un outil de chronom\u00e9trage fiable et facile \u00e0 utiliser, con\u00e7u sp\u00e9cifiquement pour les s\u00e9ances d\u2019entra\u00eenement et les environnements d\u2019\u00e9curie. Con\u00e7u pour un usage quotidien, il allie pr\u00e9cision, durabilit\u00e9 et fonctionnalit\u00e9 pratique dans un appareil compact. Avec une pr\u00e9cision au 1\\\/100 de seconde et une fonction de m\u00e9moire interm\u00e9diaire, il te permet de suivre tes performances en toute confiance. La fonction chronographe assure un chronom\u00e9trage pr\u00e9cis pendant l\u2019entra\u00eenement, tandis que l\u2019affichage clair 12\\\/24 heures facilite son utilisation en toute situation. Con\u00e7u pour les environnements exigeants, le chronom\u00e8tre est r\u00e9sistant \u00e0 l\u2019eau et \u00e9quip\u00e9 de boutons durables qui emp\u00eachent la salet\u00e9 de p\u00e9n\u00e9trer dans le m\u00e9canisme \u2014 ce qui le rend id\u00e9al pour une utilisation au bord des pistes et \u00e0 l\u2019\u00e9curie.\",\"breadcrumb\":{\"@id\":\"https:\\\/\\\/www.mira.fi\\\/fr\\\/product\\\/chronometre-mira\\\/#breadcrumb\"},\"inLanguage\":\"fr-FR\",\"potentialAction\":[{\"@type\":\"ReadAction\",\"target\":[\"https:\\\/\\\/www.mira.fi\\\/fr\\\/product\\\/chronometre-mira\\\/\"]}]},{\"@type\":\"ImageObject\",\"inLanguage\":\"fr-FR\",\"@id\":\"https:\\\/\\\/www.mira.fi\\\/fr\\\/product\\\/chronometre-mira\\\/#primaryimage\",\"url\":\"https:\\\/\\\/www.mira.fi\\\/wp-content\\\/uploads\\\/Stopwatch2.png\",\"contentUrl\":\"https:\\\/\\\/www.mira.fi\\\/wp-content\\\/uploads\\\/Stopwatch2.png\",\"width\":1024,\"height\":1536},{\"@type\":\"BreadcrumbList\",\"@id\":\"https:\\\/\\\/www.mira.fi\\\/fr\\\/product\\\/chronometre-mira\\\/#breadcrumb\",\"itemListElement\":[{\"@type\":\"ListItem\",\"position\":1,\"name\":\"Etusivu\",\"item\":\"https:\\\/\\\/www.mira.fi\\\/fr\\\/sur-mesure\\\/\"},{\"@type\":\"ListItem\",\"position\":2,\"name\":\"Boutique\",\"item\":\"https:\\\/\\\/www.mira.fi\\\/fr\\\/boutique\\\/\"},{\"@type\":\"ListItem\",\"position\":3,\"name\":\"Chronom\u00e8tre Mira\"}]},{\"@type\":\"WebSite\",\"@id\":\"https:\\\/\\\/www.mira.fi\\\/#website\",\"url\":\"https:\\\/\\\/www.mira.fi\\\/\",\"name\":\"Mira-Tex Oy\",\"description\":\"Fabricant leader de v\u00eatements de course hippique\",\"publisher\":{\"@id\":\"https:\\\/\\\/www.mira.fi\\\/#organization\"},\"potentialAction\":[{\"@type\":\"SearchAction\",\"target\":{\"@type\":\"EntryPoint\",\"urlTemplate\":\"https:\\\/\\\/www.mira.fi\\\/?s={search_term_string}\"},\"query-input\":{\"@type\":\"PropertyValueSpecification\",\"valueRequired\":true,\"valueName\":\"search_term_string\"}}],\"inLanguage\":\"fr-FR\"},{\"@type\":\"Organization\",\"@id\":\"https:\\\/\\\/www.mira.fi\\\/#organization\",\"name\":\"Mira-Tex Oy\",\"url\":\"https:\\\/\\\/www.mira.fi\\\/\",\"logo\":{\"@type\":\"ImageObject\",\"inLanguage\":\"fr-FR\",\"@id\":\"https:\\\/\\\/www.mira.fi\\\/#\\\/schema\\\/logo\\\/image\\\/\",\"url\":\"https:\\\/\\\/www.mira.fi\\\/wp-content\\\/uploads\\\/favicon.png\",\"contentUrl\":\"https:\\\/\\\/www.mira.fi\\\/wp-content\\\/uploads\\\/favicon.png\",\"width\":600,\"height\":600,\"caption\":\"Mira-Tex Oy\"},\"image\":{\"@id\":\"https:\\\/\\\/www.mira.fi\\\/#\\\/schema\\\/logo\\\/image\\\/\"}}]}<\/script>\n<!-- \/ Yoast SEO plugin. -->","yoast_head_json":{"title":"Chronom\u00e8tre Mira - Mira-Tex Oy","description":"Le chronom\u00e8tre Mira est un outil de chronom\u00e9trage fiable et facile \u00e0 utiliser, con\u00e7u sp\u00e9cifiquement pour les s\u00e9ances d\u2019entra\u00eenement et les environnements d\u2019\u00e9curie. Con\u00e7u pour un usage quotidien, il allie pr\u00e9cision, durabilit\u00e9 et fonctionnalit\u00e9 pratique dans un appareil compact. Avec une pr\u00e9cision au 1\/100 de seconde et une fonction de m\u00e9moire interm\u00e9diaire, il te permet de suivre tes performances en toute confiance. La fonction chronographe assure un chronom\u00e9trage pr\u00e9cis pendant l\u2019entra\u00eenement, tandis que l\u2019affichage clair 12\/24 heures facilite son utilisation en toute situation. Con\u00e7u pour les environnements exigeants, le chronom\u00e8tre est r\u00e9sistant \u00e0 l\u2019eau et \u00e9quip\u00e9 de boutons durables qui emp\u00eachent la salet\u00e9 de p\u00e9n\u00e9trer dans le m\u00e9canisme \u2014 ce qui le rend id\u00e9al pour une utilisation au bord des pistes et \u00e0 l\u2019\u00e9curie.","robots":{"index":"index","follow":"follow","max-snippet":"max-snippet:-1","max-image-preview":"max-image-preview:large","max-video-preview":"max-video-preview:-1"},"canonical":"https:\/\/www.mira.fi\/fr\/product\/chronometre-mira\/","og_locale":"fr_FR","og_type":"article","og_title":"Chronom\u00e8tre Mira - Mira-Tex Oy","og_description":"Le chronom\u00e8tre Mira est un outil de chronom\u00e9trage fiable et facile \u00e0 utiliser, con\u00e7u sp\u00e9cifiquement pour les s\u00e9ances d\u2019entra\u00eenement et les environnements d\u2019\u00e9curie. Con\u00e7u pour un usage quotidien, il allie pr\u00e9cision, durabilit\u00e9 et fonctionnalit\u00e9 pratique dans un appareil compact. Avec une pr\u00e9cision au 1\/100 de seconde et une fonction de m\u00e9moire interm\u00e9diaire, il te permet de suivre tes performances en toute confiance. La fonction chronographe assure un chronom\u00e9trage pr\u00e9cis pendant l\u2019entra\u00eenement, tandis que l\u2019affichage clair 12\/24 heures facilite son utilisation en toute situation. Con\u00e7u pour les environnements exigeants, le chronom\u00e8tre est r\u00e9sistant \u00e0 l\u2019eau et \u00e9quip\u00e9 de boutons durables qui emp\u00eachent la salet\u00e9 de p\u00e9n\u00e9trer dans le m\u00e9canisme \u2014 ce qui le rend id\u00e9al pour une utilisation au bord des pistes et \u00e0 l\u2019\u00e9curie.","og_url":"https:\/\/www.mira.fi\/fr\/product\/chronometre-mira\/","og_site_name":"Mira-Tex Oy","og_image":[{"width":1024,"height":1536,"url":"https:\/\/www.mira.fi\/wp-content\/uploads\/Stopwatch2.png","type":"image\/png"}],"twitter_card":"summary_large_image","twitter_misc":{"Dur\u00e9e de lecture estim\u00e9e":"1 minute"},"schema":{"@context":"https:\/\/schema.org","@graph":[{"@type":"WebPage","@id":"https:\/\/www.mira.fi\/fr\/product\/chronometre-mira\/","url":"https:\/\/www.mira.fi\/fr\/product\/chronometre-mira\/","name":"Chronom\u00e8tre Mira - Mira-Tex Oy","isPartOf":{"@id":"https:\/\/www.mira.fi\/#website"},"primaryImageOfPage":{"@id":"https:\/\/www.mira.fi\/fr\/product\/chronometre-mira\/#primaryimage"},"image":{"@id":"https:\/\/www.mira.fi\/fr\/product\/chronometre-mira\/#primaryimage"},"thumbnailUrl":"https:\/\/www.mira.fi\/wp-content\/uploads\/Stopwatch2.png","datePublished":"2026-02-27T07:17:21+00:00","description":"Le chronom\u00e8tre Mira est un outil de chronom\u00e9trage fiable et facile \u00e0 utiliser, con\u00e7u sp\u00e9cifiquement pour les s\u00e9ances d\u2019entra\u00eenement et les environnements d\u2019\u00e9curie. Con\u00e7u pour un usage quotidien, il allie pr\u00e9cision, durabilit\u00e9 et fonctionnalit\u00e9 pratique dans un appareil compact. Avec une pr\u00e9cision au 1\/100 de seconde et une fonction de m\u00e9moire interm\u00e9diaire, il te permet de suivre tes performances en toute confiance. La fonction chronographe assure un chronom\u00e9trage pr\u00e9cis pendant l\u2019entra\u00eenement, tandis que l\u2019affichage clair 12\/24 heures facilite son utilisation en toute situation. Con\u00e7u pour les environnements exigeants, le chronom\u00e8tre est r\u00e9sistant \u00e0 l\u2019eau et \u00e9quip\u00e9 de boutons durables qui emp\u00eachent la salet\u00e9 de p\u00e9n\u00e9trer dans le m\u00e9canisme \u2014 ce qui le rend id\u00e9al pour une utilisation au bord des pistes et \u00e0 l\u2019\u00e9curie.","breadcrumb":{"@id":"https:\/\/www.mira.fi\/fr\/product\/chronometre-mira\/#breadcrumb"},"inLanguage":"fr-FR","potentialAction":[{"@type":"ReadAction","target":["https:\/\/www.mira.fi\/fr\/product\/chronometre-mira\/"]}]},{"@type":"ImageObject","inLanguage":"fr-FR","@id":"https:\/\/www.mira.fi\/fr\/product\/chronometre-mira\/#primaryimage","url":"https:\/\/www.mira.fi\/wp-content\/uploads\/Stopwatch2.png","contentUrl":"https:\/\/www.mira.fi\/wp-content\/uploads\/Stopwatch2.png","width":1024,"height":1536},{"@type":"BreadcrumbList","@id":"https:\/\/www.mira.fi\/fr\/product\/chronometre-mira\/#breadcrumb","itemListElement":[{"@type":"ListItem","position":1,"name":"Etusivu","item":"https:\/\/www.mira.fi\/fr\/sur-mesure\/"},{"@type":"ListItem","position":2,"name":"Boutique","item":"https:\/\/www.mira.fi\/fr\/boutique\/"},{"@type":"ListItem","position":3,"name":"Chronom\u00e8tre Mira"}]},{"@type":"WebSite","@id":"https:\/\/www.mira.fi\/#website","url":"https:\/\/www.mira.fi\/","name":"Mira-Tex Oy","description":"Fabricant leader de v\u00eatements de course hippique","publisher":{"@id":"https:\/\/www.mira.fi\/#organization"},"potentialAction":[{"@type":"SearchAction","target":{"@type":"EntryPoint","urlTemplate":"https:\/\/www.mira.fi\/?s={search_term_string}"},"query-input":{"@type":"PropertyValueSpecification","valueRequired":true,"valueName":"search_term_string"}}],"inLanguage":"fr-FR"},{"@type":"Organization","@id":"https:\/\/www.mira.fi\/#organization","name":"Mira-Tex Oy","url":"https:\/\/www.mira.fi\/","logo":{"@type":"ImageObject","inLanguage":"fr-FR","@id":"https:\/\/www.mira.fi\/#\/schema\/logo\/image\/","url":"https:\/\/www.mira.fi\/wp-content\/uploads\/favicon.png","contentUrl":"https:\/\/www.mira.fi\/wp-content\/uploads\/favicon.png","width":600,"height":600,"caption":"Mira-Tex Oy"},"image":{"@id":"https:\/\/www.mira.fi\/#\/schema\/logo\/image\/"}}]}},"_links":{"self":[{"href":"https:\/\/www.mira.fi\/fr\/wp-json\/wp\/v2\/product\/11083","targetHints":{"allow":["GET"]}}],"collection":[{"href":"https:\/\/www.mira.fi\/fr\/wp-json\/wp\/v2\/product"}],"about":[{"href":"https:\/\/www.mira.fi\/fr\/wp-json\/wp\/v2\/types\/product"}],"wp:featuredmedia":[{"embeddable":true,"href":"https:\/\/www.mira.fi\/fr\/wp-json\/wp\/v2\/media\/11035"}],"wp:attachment":[{"href":"https:\/\/www.mira.fi\/fr\/wp-json\/wp\/v2\/media?parent=11083"}],"wp:term":[{"taxonomy":"product_brand","embeddable":true,"href":"https:\/\/www.mira.fi\/fr\/wp-json\/wp\/v2\/product_brand?post=11083"},{"taxonomy":"product_cat","embeddable":true,"href":"https:\/\/www.mira.fi\/fr\/wp-json\/wp\/v2\/product_cat?post=11083"},{"taxonomy":"product_tag","embeddable":true,"href":"https:\/\/www.mira.fi\/fr\/wp-json\/wp\/v2\/product_tag?post=11083"}],"curies":[{"name":"wp","href":"https:\/\/api.w.org\/{rel}","templated":true}]}}