{"id":8358,"date":"2021-06-05T10:56:00","date_gmt":"2021-05-06T07:56:08","guid":{"rendered":"https:\/\/www.mira.fi\/product\/ensemble-dentrainement-mira-toutes-saisons\/"},"modified":"2026-01-16T10:17:28","modified_gmt":"2026-01-16T08:17:28","slug":"ensemble-dentrainement-mira-toutes-saisons","status":"publish","type":"product","link":"https:\/\/www.mira.fi\/fr\/product\/ensemble-dentrainement-mira-toutes-saisons\/","title":{"rendered":"Ensemble d&rsquo;entra\u00eenement tous temps Mira"},"content":{"rendered":"<p>Ensemble de travail tous temps Mira avec doublure en maille respirante et polyester. Tissu coupe-vent et imperm\u00e9able, coutures \u00e9tanches et coll\u00e9es. Passepoil r\u00e9fl\u00e9chissant sur les c\u00f4t\u00e9s et d\u00e9tails r\u00e9fl\u00e9chissants \u00e0 l&rsquo;avant et \u00e0 l&rsquo;arri\u00e8re. Veste avec poches poitrine et lat\u00e9rales zipp\u00e9es, poche poitrine int\u00e9rieure. Tricot bross\u00e9 doux \u00e0 l&rsquo;int\u00e9rieur du col. Serrage velcro aux extr\u00e9mit\u00e9s des manches et \u00e0 l&rsquo;ourlet. Ourlet plus long dans le dos et pare-neige. Pantalon avec taille haute et bretelles. Fermeture \u00e9clair avant prot\u00e9g\u00e9e. Fermetures \u00e9clair et serrage velcro aux extr\u00e9mit\u00e9s des jambes. Sangles de bottes en nylon durable avec clips de verrouillage rapide. Pantalon avec poches zipp\u00e9es des deux c\u00f4t\u00e9s. Possibilit\u00e9 de personnaliser avec des logos brod\u00e9s.            <\/p>\n","protected":false},"excerpt":{"rendered":"<p>Ensemble de travail tous temps Mira avec doublure en maille  [&#8230;]<\/p>\n","protected":false},"featured_media":8359,"template":"","meta":[],"product_brand":[],"product_cat":[1873],"product_tag":[],"class_list":{"0":"post-8358","1":"product","2":"type-product","3":"status-publish","4":"has-post-thumbnail","6":"product_cat-vetements-de-travail","7":"pa_color-black","8":"pa_color-navy-blue","10":"pa_size-l","12":"first","13":"instock","14":"taxable","15":"shipping-taxable","16":"purchasable","17":"product-type-variable"},"yoast_head":"<!-- This site is optimized with the Yoast SEO plugin v27.5 - https:\/\/yoast.com\/product\/yoast-seo-wordpress\/ -->\n<title>Ensemble d&#039;entra\u00eenement tous temps Mira - Mira-Tex Oy<\/title>\n<meta name=\"robots\" content=\"index, follow, max-snippet:-1, max-image-preview:large, max-video-preview:-1\" \/>\n<link rel=\"canonical\" href=\"https:\/\/www.mira.fi\/fr\/product\/ensemble-dentrainement-mira-toutes-saisons\/\" \/>\n<meta property=\"og:locale\" content=\"fr_FR\" \/>\n<meta property=\"og:type\" content=\"article\" \/>\n<meta property=\"og:title\" content=\"Ensemble d&#039;entra\u00eenement tous temps Mira - Mira-Tex Oy\" \/>\n<meta property=\"og:description\" content=\"Ensemble de travail tous temps Mira avec doublure en maille [...]\" \/>\n<meta property=\"og:url\" content=\"https:\/\/www.mira.fi\/fr\/product\/ensemble-dentrainement-mira-toutes-saisons\/\" \/>\n<meta property=\"og:site_name\" content=\"Mira-Tex Oy\" \/>\n<meta property=\"article:modified_time\" content=\"2026-01-16T08:17:28+00:00\" \/>\n<meta property=\"og:image\" content=\"https:\/\/www.mira.fi\/wp-content\/uploads\/Mira-All-weather-working-set-1-9.jpg\" \/>\n\t<meta property=\"og:image:width\" content=\"2048\" \/>\n\t<meta property=\"og:image:height\" content=\"2048\" \/>\n\t<meta property=\"og:image:type\" content=\"image\/jpeg\" \/>\n<meta name=\"twitter:card\" content=\"summary_large_image\" \/>\n<meta name=\"twitter:label1\" content=\"Dur\u00e9e de lecture estim\u00e9e\" \/>\n\t<meta name=\"twitter:data1\" content=\"1 minute\" \/>\n<script type=\"application\/ld+json\" class=\"yoast-schema-graph\">{\"@context\":\"https:\\\/\\\/schema.org\",\"@graph\":[{\"@type\":\"WebPage\",\"@id\":\"https:\\\/\\\/www.mira.fi\\\/fr\\\/product\\\/ensemble-dentrainement-mira-toutes-saisons\\\/\",\"url\":\"https:\\\/\\\/www.mira.fi\\\/fr\\\/product\\\/ensemble-dentrainement-mira-toutes-saisons\\\/\",\"name\":\"Ensemble d'entra\u00eenement tous temps Mira - Mira-Tex Oy\",\"isPartOf\":{\"@id\":\"https:\\\/\\\/www.mira.fi\\\/#website\"},\"primaryImageOfPage\":{\"@id\":\"https:\\\/\\\/www.mira.fi\\\/fr\\\/product\\\/ensemble-dentrainement-mira-toutes-saisons\\\/#primaryimage\"},\"image\":{\"@id\":\"https:\\\/\\\/www.mira.fi\\\/fr\\\/product\\\/ensemble-dentrainement-mira-toutes-saisons\\\/#primaryimage\"},\"thumbnailUrl\":\"https:\\\/\\\/www.mira.fi\\\/wp-content\\\/uploads\\\/Mira-All-weather-working-set-1-9.jpg\",\"datePublished\":\"2021-05-06T07:56:08+00:00\",\"dateModified\":\"2026-01-16T08:17:28+00:00\",\"breadcrumb\":{\"@id\":\"https:\\\/\\\/www.mira.fi\\\/fr\\\/product\\\/ensemble-dentrainement-mira-toutes-saisons\\\/#breadcrumb\"},\"inLanguage\":\"fr-FR\",\"potentialAction\":[{\"@type\":\"ReadAction\",\"target\":[\"https:\\\/\\\/www.mira.fi\\\/fr\\\/product\\\/ensemble-dentrainement-mira-toutes-saisons\\\/\"]}]},{\"@type\":\"ImageObject\",\"inLanguage\":\"fr-FR\",\"@id\":\"https:\\\/\\\/www.mira.fi\\\/fr\\\/product\\\/ensemble-dentrainement-mira-toutes-saisons\\\/#primaryimage\",\"url\":\"https:\\\/\\\/www.mira.fi\\\/wp-content\\\/uploads\\\/Mira-All-weather-working-set-1-9.jpg\",\"contentUrl\":\"https:\\\/\\\/www.mira.fi\\\/wp-content\\\/uploads\\\/Mira-All-weather-working-set-1-9.jpg\",\"width\":2048,\"height\":2048,\"caption\":\"Ensemble d'entra\u00eenement tous temps Mira\"},{\"@type\":\"BreadcrumbList\",\"@id\":\"https:\\\/\\\/www.mira.fi\\\/fr\\\/product\\\/ensemble-dentrainement-mira-toutes-saisons\\\/#breadcrumb\",\"itemListElement\":[{\"@type\":\"ListItem\",\"position\":1,\"name\":\"Etusivu\",\"item\":\"https:\\\/\\\/www.mira.fi\\\/fr\\\/sur-mesure\\\/\"},{\"@type\":\"ListItem\",\"position\":2,\"name\":\"Boutique\",\"item\":\"https:\\\/\\\/www.mira.fi\\\/fr\\\/boutique\\\/\"},{\"@type\":\"ListItem\",\"position\":3,\"name\":\"Ensemble d&#8217;entra\u00eenement tous temps Mira\"}]},{\"@type\":\"WebSite\",\"@id\":\"https:\\\/\\\/www.mira.fi\\\/#website\",\"url\":\"https:\\\/\\\/www.mira.fi\\\/\",\"name\":\"Mira-Tex Oy\",\"description\":\"Fabricant leader de v\u00eatements de course hippique\",\"publisher\":{\"@id\":\"https:\\\/\\\/www.mira.fi\\\/#organization\"},\"potentialAction\":[{\"@type\":\"SearchAction\",\"target\":{\"@type\":\"EntryPoint\",\"urlTemplate\":\"https:\\\/\\\/www.mira.fi\\\/?s={search_term_string}\"},\"query-input\":{\"@type\":\"PropertyValueSpecification\",\"valueRequired\":true,\"valueName\":\"search_term_string\"}}],\"inLanguage\":\"fr-FR\"},{\"@type\":\"Organization\",\"@id\":\"https:\\\/\\\/www.mira.fi\\\/#organization\",\"name\":\"Mira-Tex Oy\",\"url\":\"https:\\\/\\\/www.mira.fi\\\/\",\"logo\":{\"@type\":\"ImageObject\",\"inLanguage\":\"fr-FR\",\"@id\":\"https:\\\/\\\/www.mira.fi\\\/#\\\/schema\\\/logo\\\/image\\\/\",\"url\":\"https:\\\/\\\/www.mira.fi\\\/wp-content\\\/uploads\\\/favicon.png\",\"contentUrl\":\"https:\\\/\\\/www.mira.fi\\\/wp-content\\\/uploads\\\/favicon.png\",\"width\":600,\"height\":600,\"caption\":\"Mira-Tex Oy\"},\"image\":{\"@id\":\"https:\\\/\\\/www.mira.fi\\\/#\\\/schema\\\/logo\\\/image\\\/\"}}]}<\/script>\n<!-- \/ Yoast SEO plugin. -->","yoast_head_json":{"title":"Ensemble d'entra\u00eenement tous temps Mira - Mira-Tex Oy","robots":{"index":"index","follow":"follow","max-snippet":"max-snippet:-1","max-image-preview":"max-image-preview:large","max-video-preview":"max-video-preview:-1"},"canonical":"https:\/\/www.mira.fi\/fr\/product\/ensemble-dentrainement-mira-toutes-saisons\/","og_locale":"fr_FR","og_type":"article","og_title":"Ensemble d'entra\u00eenement tous temps Mira - Mira-Tex Oy","og_description":"Ensemble de travail tous temps Mira avec doublure en maille [...]","og_url":"https:\/\/www.mira.fi\/fr\/product\/ensemble-dentrainement-mira-toutes-saisons\/","og_site_name":"Mira-Tex Oy","article_modified_time":"2026-01-16T08:17:28+00:00","og_image":[{"width":2048,"height":2048,"url":"https:\/\/www.mira.fi\/wp-content\/uploads\/Mira-All-weather-working-set-1-9.jpg","type":"image\/jpeg"}],"twitter_card":"summary_large_image","twitter_misc":{"Dur\u00e9e de lecture estim\u00e9e":"1 minute"},"schema":{"@context":"https:\/\/schema.org","@graph":[{"@type":"WebPage","@id":"https:\/\/www.mira.fi\/fr\/product\/ensemble-dentrainement-mira-toutes-saisons\/","url":"https:\/\/www.mira.fi\/fr\/product\/ensemble-dentrainement-mira-toutes-saisons\/","name":"Ensemble d'entra\u00eenement tous temps Mira - Mira-Tex Oy","isPartOf":{"@id":"https:\/\/www.mira.fi\/#website"},"primaryImageOfPage":{"@id":"https:\/\/www.mira.fi\/fr\/product\/ensemble-dentrainement-mira-toutes-saisons\/#primaryimage"},"image":{"@id":"https:\/\/www.mira.fi\/fr\/product\/ensemble-dentrainement-mira-toutes-saisons\/#primaryimage"},"thumbnailUrl":"https:\/\/www.mira.fi\/wp-content\/uploads\/Mira-All-weather-working-set-1-9.jpg","datePublished":"2021-05-06T07:56:08+00:00","dateModified":"2026-01-16T08:17:28+00:00","breadcrumb":{"@id":"https:\/\/www.mira.fi\/fr\/product\/ensemble-dentrainement-mira-toutes-saisons\/#breadcrumb"},"inLanguage":"fr-FR","potentialAction":[{"@type":"ReadAction","target":["https:\/\/www.mira.fi\/fr\/product\/ensemble-dentrainement-mira-toutes-saisons\/"]}]},{"@type":"ImageObject","inLanguage":"fr-FR","@id":"https:\/\/www.mira.fi\/fr\/product\/ensemble-dentrainement-mira-toutes-saisons\/#primaryimage","url":"https:\/\/www.mira.fi\/wp-content\/uploads\/Mira-All-weather-working-set-1-9.jpg","contentUrl":"https:\/\/www.mira.fi\/wp-content\/uploads\/Mira-All-weather-working-set-1-9.jpg","width":2048,"height":2048,"caption":"Ensemble d'entra\u00eenement tous temps Mira"},{"@type":"BreadcrumbList","@id":"https:\/\/www.mira.fi\/fr\/product\/ensemble-dentrainement-mira-toutes-saisons\/#breadcrumb","itemListElement":[{"@type":"ListItem","position":1,"name":"Etusivu","item":"https:\/\/www.mira.fi\/fr\/sur-mesure\/"},{"@type":"ListItem","position":2,"name":"Boutique","item":"https:\/\/www.mira.fi\/fr\/boutique\/"},{"@type":"ListItem","position":3,"name":"Ensemble d&#8217;entra\u00eenement tous temps Mira"}]},{"@type":"WebSite","@id":"https:\/\/www.mira.fi\/#website","url":"https:\/\/www.mira.fi\/","name":"Mira-Tex Oy","description":"Fabricant leader de v\u00eatements de course hippique","publisher":{"@id":"https:\/\/www.mira.fi\/#organization"},"potentialAction":[{"@type":"SearchAction","target":{"@type":"EntryPoint","urlTemplate":"https:\/\/www.mira.fi\/?s={search_term_string}"},"query-input":{"@type":"PropertyValueSpecification","valueRequired":true,"valueName":"search_term_string"}}],"inLanguage":"fr-FR"},{"@type":"Organization","@id":"https:\/\/www.mira.fi\/#organization","name":"Mira-Tex Oy","url":"https:\/\/www.mira.fi\/","logo":{"@type":"ImageObject","inLanguage":"fr-FR","@id":"https:\/\/www.mira.fi\/#\/schema\/logo\/image\/","url":"https:\/\/www.mira.fi\/wp-content\/uploads\/favicon.png","contentUrl":"https:\/\/www.mira.fi\/wp-content\/uploads\/favicon.png","width":600,"height":600,"caption":"Mira-Tex Oy"},"image":{"@id":"https:\/\/www.mira.fi\/#\/schema\/logo\/image\/"}}]}},"_links":{"self":[{"href":"https:\/\/www.mira.fi\/fr\/wp-json\/wp\/v2\/product\/8358","targetHints":{"allow":["GET"]}}],"collection":[{"href":"https:\/\/www.mira.fi\/fr\/wp-json\/wp\/v2\/product"}],"about":[{"href":"https:\/\/www.mira.fi\/fr\/wp-json\/wp\/v2\/types\/product"}],"wp:featuredmedia":[{"embeddable":true,"href":"https:\/\/www.mira.fi\/fr\/wp-json\/wp\/v2\/media\/8359"}],"wp:attachment":[{"href":"https:\/\/www.mira.fi\/fr\/wp-json\/wp\/v2\/media?parent=8358"}],"wp:term":[{"taxonomy":"product_brand","embeddable":true,"href":"https:\/\/www.mira.fi\/fr\/wp-json\/wp\/v2\/product_brand?post=8358"},{"taxonomy":"product_cat","embeddable":true,"href":"https:\/\/www.mira.fi\/fr\/wp-json\/wp\/v2\/product_cat?post=8358"},{"taxonomy":"product_tag","embeddable":true,"href":"https:\/\/www.mira.fi\/fr\/wp-json\/wp\/v2\/product_tag?post=8358"}],"curies":[{"name":"wp","href":"https:\/\/api.w.org\/{rel}","templated":true}]}}