{"id":8644,"date":"2021-06-05T10:56:00","date_gmt":"2021-05-06T07:56:03","guid":{"rendered":"https:\/\/www.mira.fi\/product\/pantalon-de-course-mira-taille-haute-caoutchouc-a-enfiler\/"},"modified":"2026-01-16T10:32:24","modified_gmt":"2026-01-16T08:32:24","slug":"pantalon-de-course-mira-taille-haute-caoutchouc-a-enfiler","status":"publish","type":"product","link":"https:\/\/www.mira.fi\/fr\/product\/pantalon-de-course-mira-taille-haute-caoutchouc-a-enfiler\/","title":{"rendered":"Pantalon de course Mira taille haute, caoutchouc, \u00e0 enfiler"},"content":{"rendered":"<p>Pantalon de pluie imperm\u00e9able Mira pour course \u00e0 taille haute avec bretelles. Tissu en caoutchouc facile \u00e0 rincer. \u00c9lastique \u00e0 la taille. Coutures \u00e9tanches et scell\u00e9es. Serrage velcro aux extr\u00e9mit\u00e9s des jambes. Sangles en caoutchouc pour les bottes avec serrage velcro. Possibilit\u00e9 de personnalisation avec logos brod\u00e9s ou imprim\u00e9s.      <\/p>\n","protected":false},"excerpt":{"rendered":"<p>Pantalon de pluie imperm\u00e9able Mira pour course \u00e0 taille haute  [&#8230;]<\/p>\n","protected":false},"featured_media":8645,"template":"","meta":[],"product_brand":[],"product_cat":[1869],"product_tag":[],"class_list":{"0":"post-8644","1":"product","2":"type-product","3":"status-publish","4":"has-post-thumbnail","6":"product_cat-vetements-de-course","7":"pa_color-white-black-stripe","8":"pa_color-white-blue-stripe","9":"pa_size-m","10":"pa_size-s","11":"pa_size-xs","12":"pa_size-xxl","13":"pa_size-xxs","14":"pa_size-xxxl","16":"first","17":"instock","18":"taxable","19":"shipping-taxable","20":"purchasable","21":"product-type-variable"},"yoast_head":"<!-- This site is optimized with the Yoast SEO plugin v27.5 - https:\/\/yoast.com\/product\/yoast-seo-wordpress\/ -->\n<title>Pantalon de course Mira taille haute, caoutchouc, \u00e0 enfiler - Mira-Tex Oy<\/title>\n<meta name=\"robots\" content=\"index, follow, max-snippet:-1, max-image-preview:large, max-video-preview:-1\" \/>\n<link rel=\"canonical\" href=\"https:\/\/www.mira.fi\/fr\/product\/pantalon-de-course-mira-taille-haute-caoutchouc-a-enfiler\/\" \/>\n<meta property=\"og:locale\" content=\"fr_FR\" \/>\n<meta property=\"og:type\" content=\"article\" \/>\n<meta property=\"og:title\" content=\"Pantalon de course Mira taille haute, caoutchouc, \u00e0 enfiler - Mira-Tex Oy\" \/>\n<meta property=\"og:description\" content=\"Pantalon de pluie imperm\u00e9able Mira pour course \u00e0 taille haute [...]\" \/>\n<meta property=\"og:url\" content=\"https:\/\/www.mira.fi\/fr\/product\/pantalon-de-course-mira-taille-haute-caoutchouc-a-enfiler\/\" \/>\n<meta property=\"og:site_name\" content=\"Mira-Tex Oy\" \/>\n<meta property=\"article:modified_time\" content=\"2026-01-16T08:32:24+00:00\" \/>\n<meta property=\"og:image\" content=\"https:\/\/www.mira.fi\/wp-content\/uploads\/IMG_8535-Edit-2-Edit-1.jpg\" \/>\n\t<meta property=\"og:image:width\" content=\"2048\" \/>\n\t<meta property=\"og:image:height\" content=\"2048\" \/>\n\t<meta property=\"og:image:type\" content=\"image\/jpeg\" \/>\n<meta name=\"twitter:card\" content=\"summary_large_image\" \/>\n<script type=\"application\/ld+json\" class=\"yoast-schema-graph\">{\"@context\":\"https:\\\/\\\/schema.org\",\"@graph\":[{\"@type\":\"WebPage\",\"@id\":\"https:\\\/\\\/www.mira.fi\\\/fr\\\/product\\\/pantalon-de-course-mira-taille-haute-caoutchouc-a-enfiler\\\/\",\"url\":\"https:\\\/\\\/www.mira.fi\\\/fr\\\/product\\\/pantalon-de-course-mira-taille-haute-caoutchouc-a-enfiler\\\/\",\"name\":\"Pantalon de course Mira taille haute, caoutchouc, \u00e0 enfiler - Mira-Tex Oy\",\"isPartOf\":{\"@id\":\"https:\\\/\\\/www.mira.fi\\\/#website\"},\"primaryImageOfPage\":{\"@id\":\"https:\\\/\\\/www.mira.fi\\\/fr\\\/product\\\/pantalon-de-course-mira-taille-haute-caoutchouc-a-enfiler\\\/#primaryimage\"},\"image\":{\"@id\":\"https:\\\/\\\/www.mira.fi\\\/fr\\\/product\\\/pantalon-de-course-mira-taille-haute-caoutchouc-a-enfiler\\\/#primaryimage\"},\"thumbnailUrl\":\"https:\\\/\\\/www.mira.fi\\\/wp-content\\\/uploads\\\/IMG_8535-Edit-2-Edit-1.jpg\",\"datePublished\":\"2021-05-06T07:56:03+00:00\",\"dateModified\":\"2026-01-16T08:32:24+00:00\",\"breadcrumb\":{\"@id\":\"https:\\\/\\\/www.mira.fi\\\/fr\\\/product\\\/pantalon-de-course-mira-taille-haute-caoutchouc-a-enfiler\\\/#breadcrumb\"},\"inLanguage\":\"fr-FR\",\"potentialAction\":[{\"@type\":\"ReadAction\",\"target\":[\"https:\\\/\\\/www.mira.fi\\\/fr\\\/product\\\/pantalon-de-course-mira-taille-haute-caoutchouc-a-enfiler\\\/\"]}]},{\"@type\":\"ImageObject\",\"inLanguage\":\"fr-FR\",\"@id\":\"https:\\\/\\\/www.mira.fi\\\/fr\\\/product\\\/pantalon-de-course-mira-taille-haute-caoutchouc-a-enfiler\\\/#primaryimage\",\"url\":\"https:\\\/\\\/www.mira.fi\\\/wp-content\\\/uploads\\\/IMG_8535-Edit-2-Edit-1.jpg\",\"contentUrl\":\"https:\\\/\\\/www.mira.fi\\\/wp-content\\\/uploads\\\/IMG_8535-Edit-2-Edit-1.jpg\",\"width\":2048,\"height\":2048,\"caption\":\"Pantalon de course Mira taille haute, caoutchouc, \u00e0 enfiler\"},{\"@type\":\"BreadcrumbList\",\"@id\":\"https:\\\/\\\/www.mira.fi\\\/fr\\\/product\\\/pantalon-de-course-mira-taille-haute-caoutchouc-a-enfiler\\\/#breadcrumb\",\"itemListElement\":[{\"@type\":\"ListItem\",\"position\":1,\"name\":\"Etusivu\",\"item\":\"https:\\\/\\\/www.mira.fi\\\/fr\\\/sur-mesure\\\/\"},{\"@type\":\"ListItem\",\"position\":2,\"name\":\"Boutique\",\"item\":\"https:\\\/\\\/www.mira.fi\\\/fr\\\/boutique\\\/\"},{\"@type\":\"ListItem\",\"position\":3,\"name\":\"Pantalon de course Mira taille haute, caoutchouc, \u00e0 enfiler\"}]},{\"@type\":\"WebSite\",\"@id\":\"https:\\\/\\\/www.mira.fi\\\/#website\",\"url\":\"https:\\\/\\\/www.mira.fi\\\/\",\"name\":\"Mira-Tex Oy\",\"description\":\"Fabricant leader de v\u00eatements de course hippique\",\"publisher\":{\"@id\":\"https:\\\/\\\/www.mira.fi\\\/#organization\"},\"potentialAction\":[{\"@type\":\"SearchAction\",\"target\":{\"@type\":\"EntryPoint\",\"urlTemplate\":\"https:\\\/\\\/www.mira.fi\\\/?s={search_term_string}\"},\"query-input\":{\"@type\":\"PropertyValueSpecification\",\"valueRequired\":true,\"valueName\":\"search_term_string\"}}],\"inLanguage\":\"fr-FR\"},{\"@type\":\"Organization\",\"@id\":\"https:\\\/\\\/www.mira.fi\\\/#organization\",\"name\":\"Mira-Tex Oy\",\"url\":\"https:\\\/\\\/www.mira.fi\\\/\",\"logo\":{\"@type\":\"ImageObject\",\"inLanguage\":\"fr-FR\",\"@id\":\"https:\\\/\\\/www.mira.fi\\\/#\\\/schema\\\/logo\\\/image\\\/\",\"url\":\"https:\\\/\\\/www.mira.fi\\\/wp-content\\\/uploads\\\/favicon.png\",\"contentUrl\":\"https:\\\/\\\/www.mira.fi\\\/wp-content\\\/uploads\\\/favicon.png\",\"width\":600,\"height\":600,\"caption\":\"Mira-Tex Oy\"},\"image\":{\"@id\":\"https:\\\/\\\/www.mira.fi\\\/#\\\/schema\\\/logo\\\/image\\\/\"}}]}<\/script>\n<!-- \/ Yoast SEO plugin. -->","yoast_head_json":{"title":"Pantalon de course Mira taille haute, caoutchouc, \u00e0 enfiler - Mira-Tex Oy","robots":{"index":"index","follow":"follow","max-snippet":"max-snippet:-1","max-image-preview":"max-image-preview:large","max-video-preview":"max-video-preview:-1"},"canonical":"https:\/\/www.mira.fi\/fr\/product\/pantalon-de-course-mira-taille-haute-caoutchouc-a-enfiler\/","og_locale":"fr_FR","og_type":"article","og_title":"Pantalon de course Mira taille haute, caoutchouc, \u00e0 enfiler - Mira-Tex Oy","og_description":"Pantalon de pluie imperm\u00e9able Mira pour course \u00e0 taille haute [...]","og_url":"https:\/\/www.mira.fi\/fr\/product\/pantalon-de-course-mira-taille-haute-caoutchouc-a-enfiler\/","og_site_name":"Mira-Tex Oy","article_modified_time":"2026-01-16T08:32:24+00:00","og_image":[{"width":2048,"height":2048,"url":"https:\/\/www.mira.fi\/wp-content\/uploads\/IMG_8535-Edit-2-Edit-1.jpg","type":"image\/jpeg"}],"twitter_card":"summary_large_image","schema":{"@context":"https:\/\/schema.org","@graph":[{"@type":"WebPage","@id":"https:\/\/www.mira.fi\/fr\/product\/pantalon-de-course-mira-taille-haute-caoutchouc-a-enfiler\/","url":"https:\/\/www.mira.fi\/fr\/product\/pantalon-de-course-mira-taille-haute-caoutchouc-a-enfiler\/","name":"Pantalon de course Mira taille haute, caoutchouc, \u00e0 enfiler - Mira-Tex Oy","isPartOf":{"@id":"https:\/\/www.mira.fi\/#website"},"primaryImageOfPage":{"@id":"https:\/\/www.mira.fi\/fr\/product\/pantalon-de-course-mira-taille-haute-caoutchouc-a-enfiler\/#primaryimage"},"image":{"@id":"https:\/\/www.mira.fi\/fr\/product\/pantalon-de-course-mira-taille-haute-caoutchouc-a-enfiler\/#primaryimage"},"thumbnailUrl":"https:\/\/www.mira.fi\/wp-content\/uploads\/IMG_8535-Edit-2-Edit-1.jpg","datePublished":"2021-05-06T07:56:03+00:00","dateModified":"2026-01-16T08:32:24+00:00","breadcrumb":{"@id":"https:\/\/www.mira.fi\/fr\/product\/pantalon-de-course-mira-taille-haute-caoutchouc-a-enfiler\/#breadcrumb"},"inLanguage":"fr-FR","potentialAction":[{"@type":"ReadAction","target":["https:\/\/www.mira.fi\/fr\/product\/pantalon-de-course-mira-taille-haute-caoutchouc-a-enfiler\/"]}]},{"@type":"ImageObject","inLanguage":"fr-FR","@id":"https:\/\/www.mira.fi\/fr\/product\/pantalon-de-course-mira-taille-haute-caoutchouc-a-enfiler\/#primaryimage","url":"https:\/\/www.mira.fi\/wp-content\/uploads\/IMG_8535-Edit-2-Edit-1.jpg","contentUrl":"https:\/\/www.mira.fi\/wp-content\/uploads\/IMG_8535-Edit-2-Edit-1.jpg","width":2048,"height":2048,"caption":"Pantalon de course Mira taille haute, caoutchouc, \u00e0 enfiler"},{"@type":"BreadcrumbList","@id":"https:\/\/www.mira.fi\/fr\/product\/pantalon-de-course-mira-taille-haute-caoutchouc-a-enfiler\/#breadcrumb","itemListElement":[{"@type":"ListItem","position":1,"name":"Etusivu","item":"https:\/\/www.mira.fi\/fr\/sur-mesure\/"},{"@type":"ListItem","position":2,"name":"Boutique","item":"https:\/\/www.mira.fi\/fr\/boutique\/"},{"@type":"ListItem","position":3,"name":"Pantalon de course Mira taille haute, caoutchouc, \u00e0 enfiler"}]},{"@type":"WebSite","@id":"https:\/\/www.mira.fi\/#website","url":"https:\/\/www.mira.fi\/","name":"Mira-Tex Oy","description":"Fabricant leader de v\u00eatements de course hippique","publisher":{"@id":"https:\/\/www.mira.fi\/#organization"},"potentialAction":[{"@type":"SearchAction","target":{"@type":"EntryPoint","urlTemplate":"https:\/\/www.mira.fi\/?s={search_term_string}"},"query-input":{"@type":"PropertyValueSpecification","valueRequired":true,"valueName":"search_term_string"}}],"inLanguage":"fr-FR"},{"@type":"Organization","@id":"https:\/\/www.mira.fi\/#organization","name":"Mira-Tex Oy","url":"https:\/\/www.mira.fi\/","logo":{"@type":"ImageObject","inLanguage":"fr-FR","@id":"https:\/\/www.mira.fi\/#\/schema\/logo\/image\/","url":"https:\/\/www.mira.fi\/wp-content\/uploads\/favicon.png","contentUrl":"https:\/\/www.mira.fi\/wp-content\/uploads\/favicon.png","width":600,"height":600,"caption":"Mira-Tex Oy"},"image":{"@id":"https:\/\/www.mira.fi\/#\/schema\/logo\/image\/"}}]}},"_links":{"self":[{"href":"https:\/\/www.mira.fi\/fr\/wp-json\/wp\/v2\/product\/8644","targetHints":{"allow":["GET"]}}],"collection":[{"href":"https:\/\/www.mira.fi\/fr\/wp-json\/wp\/v2\/product"}],"about":[{"href":"https:\/\/www.mira.fi\/fr\/wp-json\/wp\/v2\/types\/product"}],"wp:featuredmedia":[{"embeddable":true,"href":"https:\/\/www.mira.fi\/fr\/wp-json\/wp\/v2\/media\/8645"}],"wp:attachment":[{"href":"https:\/\/www.mira.fi\/fr\/wp-json\/wp\/v2\/media?parent=8644"}],"wp:term":[{"taxonomy":"product_brand","embeddable":true,"href":"https:\/\/www.mira.fi\/fr\/wp-json\/wp\/v2\/product_brand?post=8644"},{"taxonomy":"product_cat","embeddable":true,"href":"https:\/\/www.mira.fi\/fr\/wp-json\/wp\/v2\/product_cat?post=8644"},{"taxonomy":"product_tag","embeddable":true,"href":"https:\/\/www.mira.fi\/fr\/wp-json\/wp\/v2\/product_tag?post=8644"}],"curies":[{"name":"wp","href":"https:\/\/api.w.org\/{rel}","templated":true}]}}