{"id":8709,"date":"2021-06-05T10:56:00","date_gmt":"2021-05-06T07:56:04","guid":{"rendered":"https:\/\/www.mira.fi\/product\/pantalon-de-course-mira-taille-basse-en-caoutchouc\/"},"modified":"2026-01-16T10:31:49","modified_gmt":"2026-01-16T08:31:49","slug":"pantalon-de-course-mira-taille-basse-en-caoutchouc","status":"publish","type":"product","link":"https:\/\/www.mira.fi\/fr\/product\/pantalon-de-course-mira-taille-basse-en-caoutchouc\/","title":{"rendered":"Pantalon de course Mira taille basse en caoutchouc"},"content":{"rendered":"<p>Pantalon de pluie de course imperm\u00e9able Mira taille basse \u00e0 enfiler. Tissu en caoutchouc facile \u00e0 rincer. \u00c9lastique et cordon de serrage \u00e0 la taille. Coutures \u00e9tanches et coll\u00e9es. Serrage velcro aux extr\u00e9mit\u00e9s des jambes. Sangles de bottes \u00e9lastiques avec serrage velcro. Rapide et facile \u00e0 enfiler lorsque le temps change soudainement et devient humide. Possibilit\u00e9 de personnaliser avec des logos brod\u00e9s ou imprim\u00e9s.       <\/p>\n","protected":false},"excerpt":{"rendered":"<p>Pantalon de pluie de course imperm\u00e9able Mira taille basse \u00e0  [&#8230;]<\/p>\n","protected":false},"featured_media":8711,"template":"","meta":[],"product_brand":[],"product_cat":[1869,1873],"product_tag":[],"class_list":{"0":"post-8709","1":"product","2":"type-product","3":"status-publish","4":"has-post-thumbnail","6":"product_cat-vetements-de-course","7":"product_cat-vetements-de-travail","8":"pa_color-white-black-stripe","9":"pa_color-white-blue-stripe","11":"pa_size-m","12":"pa_size-s","13":"pa_size-xs","14":"pa_size-xxl","15":"pa_size-xxs","16":"pa_size-xxxl","18":"first","19":"instock","20":"taxable","21":"shipping-taxable","22":"purchasable","23":"product-type-variable"},"yoast_head":"<!-- This site is optimized with the Yoast SEO plugin v27.5 - https:\/\/yoast.com\/product\/yoast-seo-wordpress\/ -->\n<title>Pantalon de course Mira taille basse en caoutchouc - Mira-Tex Oy<\/title>\n<meta name=\"robots\" content=\"index, follow, max-snippet:-1, max-image-preview:large, max-video-preview:-1\" \/>\n<link rel=\"canonical\" href=\"https:\/\/www.mira.fi\/fr\/product\/pantalon-de-course-mira-taille-basse-en-caoutchouc\/\" \/>\n<meta property=\"og:locale\" content=\"fr_FR\" \/>\n<meta property=\"og:type\" content=\"article\" \/>\n<meta property=\"og:title\" content=\"Pantalon de course Mira taille basse en caoutchouc - Mira-Tex Oy\" \/>\n<meta property=\"og:description\" content=\"Pantalon de pluie de course imperm\u00e9able Mira taille basse \u00e0 [...]\" \/>\n<meta property=\"og:url\" content=\"https:\/\/www.mira.fi\/fr\/product\/pantalon-de-course-mira-taille-basse-en-caoutchouc\/\" \/>\n<meta property=\"og:site_name\" content=\"Mira-Tex Oy\" \/>\n<meta property=\"article:modified_time\" content=\"2026-01-16T08:31:49+00:00\" \/>\n<meta property=\"og:image\" content=\"https:\/\/www.mira.fi\/wp-content\/uploads\/IMG_8530-Edit-Edit-Edit-Edit-1.jpg\" \/>\n\t<meta property=\"og:image:width\" content=\"2048\" \/>\n\t<meta property=\"og:image:height\" content=\"2048\" \/>\n\t<meta property=\"og:image:type\" content=\"image\/jpeg\" \/>\n<meta name=\"twitter:card\" content=\"summary_large_image\" \/>\n<script type=\"application\/ld+json\" class=\"yoast-schema-graph\">{\"@context\":\"https:\\\/\\\/schema.org\",\"@graph\":[{\"@type\":\"WebPage\",\"@id\":\"https:\\\/\\\/www.mira.fi\\\/fr\\\/product\\\/pantalon-de-course-mira-taille-basse-en-caoutchouc\\\/\",\"url\":\"https:\\\/\\\/www.mira.fi\\\/fr\\\/product\\\/pantalon-de-course-mira-taille-basse-en-caoutchouc\\\/\",\"name\":\"Pantalon de course Mira taille basse en caoutchouc - Mira-Tex Oy\",\"isPartOf\":{\"@id\":\"https:\\\/\\\/www.mira.fi\\\/#website\"},\"primaryImageOfPage\":{\"@id\":\"https:\\\/\\\/www.mira.fi\\\/fr\\\/product\\\/pantalon-de-course-mira-taille-basse-en-caoutchouc\\\/#primaryimage\"},\"image\":{\"@id\":\"https:\\\/\\\/www.mira.fi\\\/fr\\\/product\\\/pantalon-de-course-mira-taille-basse-en-caoutchouc\\\/#primaryimage\"},\"thumbnailUrl\":\"https:\\\/\\\/www.mira.fi\\\/wp-content\\\/uploads\\\/IMG_8530-Edit-Edit-Edit-Edit-1.jpg\",\"datePublished\":\"2021-05-06T07:56:04+00:00\",\"dateModified\":\"2026-01-16T08:31:49+00:00\",\"breadcrumb\":{\"@id\":\"https:\\\/\\\/www.mira.fi\\\/fr\\\/product\\\/pantalon-de-course-mira-taille-basse-en-caoutchouc\\\/#breadcrumb\"},\"inLanguage\":\"fr-FR\",\"potentialAction\":[{\"@type\":\"ReadAction\",\"target\":[\"https:\\\/\\\/www.mira.fi\\\/fr\\\/product\\\/pantalon-de-course-mira-taille-basse-en-caoutchouc\\\/\"]}]},{\"@type\":\"ImageObject\",\"inLanguage\":\"fr-FR\",\"@id\":\"https:\\\/\\\/www.mira.fi\\\/fr\\\/product\\\/pantalon-de-course-mira-taille-basse-en-caoutchouc\\\/#primaryimage\",\"url\":\"https:\\\/\\\/www.mira.fi\\\/wp-content\\\/uploads\\\/IMG_8530-Edit-Edit-Edit-Edit-1.jpg\",\"contentUrl\":\"https:\\\/\\\/www.mira.fi\\\/wp-content\\\/uploads\\\/IMG_8530-Edit-Edit-Edit-Edit-1.jpg\",\"width\":2048,\"height\":2048,\"caption\":\"Pantalon de course Mira taille basse en caoutchouc\"},{\"@type\":\"BreadcrumbList\",\"@id\":\"https:\\\/\\\/www.mira.fi\\\/fr\\\/product\\\/pantalon-de-course-mira-taille-basse-en-caoutchouc\\\/#breadcrumb\",\"itemListElement\":[{\"@type\":\"ListItem\",\"position\":1,\"name\":\"Etusivu\",\"item\":\"https:\\\/\\\/www.mira.fi\\\/fr\\\/sur-mesure\\\/\"},{\"@type\":\"ListItem\",\"position\":2,\"name\":\"Boutique\",\"item\":\"https:\\\/\\\/www.mira.fi\\\/fr\\\/boutique\\\/\"},{\"@type\":\"ListItem\",\"position\":3,\"name\":\"Pantalon de course Mira taille basse en caoutchouc\"}]},{\"@type\":\"WebSite\",\"@id\":\"https:\\\/\\\/www.mira.fi\\\/#website\",\"url\":\"https:\\\/\\\/www.mira.fi\\\/\",\"name\":\"Mira-Tex Oy\",\"description\":\"Fabricant leader de v\u00eatements de course hippique\",\"publisher\":{\"@id\":\"https:\\\/\\\/www.mira.fi\\\/#organization\"},\"potentialAction\":[{\"@type\":\"SearchAction\",\"target\":{\"@type\":\"EntryPoint\",\"urlTemplate\":\"https:\\\/\\\/www.mira.fi\\\/?s={search_term_string}\"},\"query-input\":{\"@type\":\"PropertyValueSpecification\",\"valueRequired\":true,\"valueName\":\"search_term_string\"}}],\"inLanguage\":\"fr-FR\"},{\"@type\":\"Organization\",\"@id\":\"https:\\\/\\\/www.mira.fi\\\/#organization\",\"name\":\"Mira-Tex Oy\",\"url\":\"https:\\\/\\\/www.mira.fi\\\/\",\"logo\":{\"@type\":\"ImageObject\",\"inLanguage\":\"fr-FR\",\"@id\":\"https:\\\/\\\/www.mira.fi\\\/#\\\/schema\\\/logo\\\/image\\\/\",\"url\":\"https:\\\/\\\/www.mira.fi\\\/wp-content\\\/uploads\\\/favicon.png\",\"contentUrl\":\"https:\\\/\\\/www.mira.fi\\\/wp-content\\\/uploads\\\/favicon.png\",\"width\":600,\"height\":600,\"caption\":\"Mira-Tex Oy\"},\"image\":{\"@id\":\"https:\\\/\\\/www.mira.fi\\\/#\\\/schema\\\/logo\\\/image\\\/\"}}]}<\/script>\n<!-- \/ Yoast SEO plugin. -->","yoast_head_json":{"title":"Pantalon de course Mira taille basse en caoutchouc - Mira-Tex Oy","robots":{"index":"index","follow":"follow","max-snippet":"max-snippet:-1","max-image-preview":"max-image-preview:large","max-video-preview":"max-video-preview:-1"},"canonical":"https:\/\/www.mira.fi\/fr\/product\/pantalon-de-course-mira-taille-basse-en-caoutchouc\/","og_locale":"fr_FR","og_type":"article","og_title":"Pantalon de course Mira taille basse en caoutchouc - Mira-Tex Oy","og_description":"Pantalon de pluie de course imperm\u00e9able Mira taille basse \u00e0 [...]","og_url":"https:\/\/www.mira.fi\/fr\/product\/pantalon-de-course-mira-taille-basse-en-caoutchouc\/","og_site_name":"Mira-Tex Oy","article_modified_time":"2026-01-16T08:31:49+00:00","og_image":[{"width":2048,"height":2048,"url":"https:\/\/www.mira.fi\/wp-content\/uploads\/IMG_8530-Edit-Edit-Edit-Edit-1.jpg","type":"image\/jpeg"}],"twitter_card":"summary_large_image","schema":{"@context":"https:\/\/schema.org","@graph":[{"@type":"WebPage","@id":"https:\/\/www.mira.fi\/fr\/product\/pantalon-de-course-mira-taille-basse-en-caoutchouc\/","url":"https:\/\/www.mira.fi\/fr\/product\/pantalon-de-course-mira-taille-basse-en-caoutchouc\/","name":"Pantalon de course Mira taille basse en caoutchouc - Mira-Tex Oy","isPartOf":{"@id":"https:\/\/www.mira.fi\/#website"},"primaryImageOfPage":{"@id":"https:\/\/www.mira.fi\/fr\/product\/pantalon-de-course-mira-taille-basse-en-caoutchouc\/#primaryimage"},"image":{"@id":"https:\/\/www.mira.fi\/fr\/product\/pantalon-de-course-mira-taille-basse-en-caoutchouc\/#primaryimage"},"thumbnailUrl":"https:\/\/www.mira.fi\/wp-content\/uploads\/IMG_8530-Edit-Edit-Edit-Edit-1.jpg","datePublished":"2021-05-06T07:56:04+00:00","dateModified":"2026-01-16T08:31:49+00:00","breadcrumb":{"@id":"https:\/\/www.mira.fi\/fr\/product\/pantalon-de-course-mira-taille-basse-en-caoutchouc\/#breadcrumb"},"inLanguage":"fr-FR","potentialAction":[{"@type":"ReadAction","target":["https:\/\/www.mira.fi\/fr\/product\/pantalon-de-course-mira-taille-basse-en-caoutchouc\/"]}]},{"@type":"ImageObject","inLanguage":"fr-FR","@id":"https:\/\/www.mira.fi\/fr\/product\/pantalon-de-course-mira-taille-basse-en-caoutchouc\/#primaryimage","url":"https:\/\/www.mira.fi\/wp-content\/uploads\/IMG_8530-Edit-Edit-Edit-Edit-1.jpg","contentUrl":"https:\/\/www.mira.fi\/wp-content\/uploads\/IMG_8530-Edit-Edit-Edit-Edit-1.jpg","width":2048,"height":2048,"caption":"Pantalon de course Mira taille basse en caoutchouc"},{"@type":"BreadcrumbList","@id":"https:\/\/www.mira.fi\/fr\/product\/pantalon-de-course-mira-taille-basse-en-caoutchouc\/#breadcrumb","itemListElement":[{"@type":"ListItem","position":1,"name":"Etusivu","item":"https:\/\/www.mira.fi\/fr\/sur-mesure\/"},{"@type":"ListItem","position":2,"name":"Boutique","item":"https:\/\/www.mira.fi\/fr\/boutique\/"},{"@type":"ListItem","position":3,"name":"Pantalon de course Mira taille basse en caoutchouc"}]},{"@type":"WebSite","@id":"https:\/\/www.mira.fi\/#website","url":"https:\/\/www.mira.fi\/","name":"Mira-Tex Oy","description":"Fabricant leader de v\u00eatements de course hippique","publisher":{"@id":"https:\/\/www.mira.fi\/#organization"},"potentialAction":[{"@type":"SearchAction","target":{"@type":"EntryPoint","urlTemplate":"https:\/\/www.mira.fi\/?s={search_term_string}"},"query-input":{"@type":"PropertyValueSpecification","valueRequired":true,"valueName":"search_term_string"}}],"inLanguage":"fr-FR"},{"@type":"Organization","@id":"https:\/\/www.mira.fi\/#organization","name":"Mira-Tex Oy","url":"https:\/\/www.mira.fi\/","logo":{"@type":"ImageObject","inLanguage":"fr-FR","@id":"https:\/\/www.mira.fi\/#\/schema\/logo\/image\/","url":"https:\/\/www.mira.fi\/wp-content\/uploads\/favicon.png","contentUrl":"https:\/\/www.mira.fi\/wp-content\/uploads\/favicon.png","width":600,"height":600,"caption":"Mira-Tex Oy"},"image":{"@id":"https:\/\/www.mira.fi\/#\/schema\/logo\/image\/"}}]}},"_links":{"self":[{"href":"https:\/\/www.mira.fi\/fr\/wp-json\/wp\/v2\/product\/8709","targetHints":{"allow":["GET"]}}],"collection":[{"href":"https:\/\/www.mira.fi\/fr\/wp-json\/wp\/v2\/product"}],"about":[{"href":"https:\/\/www.mira.fi\/fr\/wp-json\/wp\/v2\/types\/product"}],"wp:featuredmedia":[{"embeddable":true,"href":"https:\/\/www.mira.fi\/fr\/wp-json\/wp\/v2\/media\/8711"}],"wp:attachment":[{"href":"https:\/\/www.mira.fi\/fr\/wp-json\/wp\/v2\/media?parent=8709"}],"wp:term":[{"taxonomy":"product_brand","embeddable":true,"href":"https:\/\/www.mira.fi\/fr\/wp-json\/wp\/v2\/product_brand?post=8709"},{"taxonomy":"product_cat","embeddable":true,"href":"https:\/\/www.mira.fi\/fr\/wp-json\/wp\/v2\/product_cat?post=8709"},{"taxonomy":"product_tag","embeddable":true,"href":"https:\/\/www.mira.fi\/fr\/wp-json\/wp\/v2\/product_tag?post=8709"}],"curies":[{"name":"wp","href":"https:\/\/api.w.org\/{rel}","templated":true}]}}