{"id":8810,"date":"2021-06-05T10:56:00","date_gmt":"2021-06-05T07:56:00","guid":{"rendered":"https:\/\/www.mira.fi\/product\/mira-superpolo-fermeture-eclair\/"},"modified":"2025-11-11T20:07:56","modified_gmt":"2025-11-11T18:07:56","slug":"mira-superpolo-fermeture-eclair","status":"publish","type":"product","link":"https:\/\/www.mira.fi\/fr\/product\/mira-superpolo-fermeture-eclair\/","title":{"rendered":"Mira superpolo, fermeture \u00e9clair"},"content":{"rendered":"<p>Polo Mira extensible et chaud \u00e0 manches longues. Col zipp\u00e9 haut, doux et \u00e9lastique. Prot\u00e8ge ton cou de la poussi\u00e8re et des graviers. Garde ton cou au chaud par temps froid. Le col blanc \u00e9l\u00e9gant compl\u00e8te ta tenue de course.    <\/p>\n","protected":false},"excerpt":{"rendered":"<p>Polo Mira extensible et chaud \u00e0 manches longues. Col zipp\u00e9  [&#8230;]<\/p>\n","protected":false},"featured_media":8811,"template":"","meta":[],"product_brand":[],"product_cat":[1869,1873],"product_tag":[],"class_list":{"0":"post-8810","1":"product","2":"type-product","3":"status-publish","4":"has-post-thumbnail","6":"product_cat-vetements-de-course","7":"product_cat-vetements-de-travail","8":"pa_color-black","9":"pa_color-white","10":"pa_size-m","11":"pa_size-s","12":"pa_size-xs","13":"pa_size-xxl","14":"pa_size-xxs","15":"pa_size-xxxl","17":"first","18":"instock","19":"featured","20":"taxable","21":"shipping-taxable","22":"product-type-variable"},"yoast_head":"<!-- This site is optimized with the Yoast SEO plugin v27.4 - https:\/\/yoast.com\/product\/yoast-seo-wordpress\/ -->\n<title>Mira superpolo, fermeture \u00e9clair - Mira-Tex Oy<\/title>\n<meta name=\"robots\" content=\"index, follow, max-snippet:-1, max-image-preview:large, max-video-preview:-1\" \/>\n<link rel=\"canonical\" href=\"https:\/\/www.mira.fi\/fr\/product\/mira-superpolo-fermeture-eclair\/\" \/>\n<meta property=\"og:locale\" content=\"fr_FR\" \/>\n<meta property=\"og:type\" content=\"article\" \/>\n<meta property=\"og:title\" content=\"Mira superpolo, fermeture \u00e9clair - Mira-Tex Oy\" \/>\n<meta property=\"og:description\" content=\"Polo Mira extensible et chaud \u00e0 manches longues. Col zipp\u00e9 [...]\" \/>\n<meta property=\"og:url\" content=\"https:\/\/www.mira.fi\/fr\/product\/mira-superpolo-fermeture-eclair\/\" \/>\n<meta property=\"og:site_name\" content=\"Mira-Tex Oy\" \/>\n<meta property=\"article:modified_time\" content=\"2025-11-11T18:07:56+00:00\" \/>\n<meta property=\"og:image\" content=\"https:\/\/www.mira.fi\/wp-content\/uploads\/mira-superpolo-zipper-scaled-1.jpg\" \/>\n\t<meta property=\"og:image:width\" content=\"2560\" \/>\n\t<meta property=\"og:image:height\" content=\"2560\" \/>\n\t<meta property=\"og:image:type\" content=\"image\/jpeg\" \/>\n<meta name=\"twitter:card\" content=\"summary_large_image\" \/>\n<script type=\"application\/ld+json\" class=\"yoast-schema-graph\">{\"@context\":\"https:\\\/\\\/schema.org\",\"@graph\":[{\"@type\":\"WebPage\",\"@id\":\"https:\\\/\\\/www.mira.fi\\\/fr\\\/product\\\/mira-superpolo-fermeture-eclair\\\/\",\"url\":\"https:\\\/\\\/www.mira.fi\\\/fr\\\/product\\\/mira-superpolo-fermeture-eclair\\\/\",\"name\":\"Mira superpolo, fermeture \u00e9clair - Mira-Tex Oy\",\"isPartOf\":{\"@id\":\"https:\\\/\\\/www.mira.fi\\\/#website\"},\"primaryImageOfPage\":{\"@id\":\"https:\\\/\\\/www.mira.fi\\\/fr\\\/product\\\/mira-superpolo-fermeture-eclair\\\/#primaryimage\"},\"image\":{\"@id\":\"https:\\\/\\\/www.mira.fi\\\/fr\\\/product\\\/mira-superpolo-fermeture-eclair\\\/#primaryimage\"},\"thumbnailUrl\":\"https:\\\/\\\/www.mira.fi\\\/wp-content\\\/uploads\\\/mira-superpolo-zipper-scaled-1.jpg\",\"datePublished\":\"2021-06-05T07:56:00+00:00\",\"dateModified\":\"2025-11-11T18:07:56+00:00\",\"breadcrumb\":{\"@id\":\"https:\\\/\\\/www.mira.fi\\\/fr\\\/product\\\/mira-superpolo-fermeture-eclair\\\/#breadcrumb\"},\"inLanguage\":\"fr-FR\",\"potentialAction\":[{\"@type\":\"ReadAction\",\"target\":[\"https:\\\/\\\/www.mira.fi\\\/fr\\\/product\\\/mira-superpolo-fermeture-eclair\\\/\"]}]},{\"@type\":\"ImageObject\",\"inLanguage\":\"fr-FR\",\"@id\":\"https:\\\/\\\/www.mira.fi\\\/fr\\\/product\\\/mira-superpolo-fermeture-eclair\\\/#primaryimage\",\"url\":\"https:\\\/\\\/www.mira.fi\\\/wp-content\\\/uploads\\\/mira-superpolo-zipper-scaled-1.jpg\",\"contentUrl\":\"https:\\\/\\\/www.mira.fi\\\/wp-content\\\/uploads\\\/mira-superpolo-zipper-scaled-1.jpg\",\"width\":2560,\"height\":2560,\"caption\":\"Mira superpolo, fermeture \u00e9clair\"},{\"@type\":\"BreadcrumbList\",\"@id\":\"https:\\\/\\\/www.mira.fi\\\/fr\\\/product\\\/mira-superpolo-fermeture-eclair\\\/#breadcrumb\",\"itemListElement\":[{\"@type\":\"ListItem\",\"position\":1,\"name\":\"Etusivu\",\"item\":\"https:\\\/\\\/www.mira.fi\\\/fr\\\/sur-mesure\\\/\"},{\"@type\":\"ListItem\",\"position\":2,\"name\":\"Boutique\",\"item\":\"https:\\\/\\\/www.mira.fi\\\/fr\\\/boutique\\\/\"},{\"@type\":\"ListItem\",\"position\":3,\"name\":\"Mira superpolo, fermeture \u00e9clair\"}]},{\"@type\":\"WebSite\",\"@id\":\"https:\\\/\\\/www.mira.fi\\\/#website\",\"url\":\"https:\\\/\\\/www.mira.fi\\\/\",\"name\":\"Mira-Tex Oy\",\"description\":\"Fabricant leader de v\u00eatements de course hippique\",\"publisher\":{\"@id\":\"https:\\\/\\\/www.mira.fi\\\/#organization\"},\"potentialAction\":[{\"@type\":\"SearchAction\",\"target\":{\"@type\":\"EntryPoint\",\"urlTemplate\":\"https:\\\/\\\/www.mira.fi\\\/?s={search_term_string}\"},\"query-input\":{\"@type\":\"PropertyValueSpecification\",\"valueRequired\":true,\"valueName\":\"search_term_string\"}}],\"inLanguage\":\"fr-FR\"},{\"@type\":\"Organization\",\"@id\":\"https:\\\/\\\/www.mira.fi\\\/#organization\",\"name\":\"Mira-Tex Oy\",\"url\":\"https:\\\/\\\/www.mira.fi\\\/\",\"logo\":{\"@type\":\"ImageObject\",\"inLanguage\":\"fr-FR\",\"@id\":\"https:\\\/\\\/www.mira.fi\\\/#\\\/schema\\\/logo\\\/image\\\/\",\"url\":\"https:\\\/\\\/www.mira.fi\\\/wp-content\\\/uploads\\\/favicon.png\",\"contentUrl\":\"https:\\\/\\\/www.mira.fi\\\/wp-content\\\/uploads\\\/favicon.png\",\"width\":600,\"height\":600,\"caption\":\"Mira-Tex Oy\"},\"image\":{\"@id\":\"https:\\\/\\\/www.mira.fi\\\/#\\\/schema\\\/logo\\\/image\\\/\"}}]}<\/script>\n<!-- \/ Yoast SEO plugin. -->","yoast_head_json":{"title":"Mira superpolo, fermeture \u00e9clair - Mira-Tex Oy","robots":{"index":"index","follow":"follow","max-snippet":"max-snippet:-1","max-image-preview":"max-image-preview:large","max-video-preview":"max-video-preview:-1"},"canonical":"https:\/\/www.mira.fi\/fr\/product\/mira-superpolo-fermeture-eclair\/","og_locale":"fr_FR","og_type":"article","og_title":"Mira superpolo, fermeture \u00e9clair - Mira-Tex Oy","og_description":"Polo Mira extensible et chaud \u00e0 manches longues. Col zipp\u00e9 [...]","og_url":"https:\/\/www.mira.fi\/fr\/product\/mira-superpolo-fermeture-eclair\/","og_site_name":"Mira-Tex Oy","article_modified_time":"2025-11-11T18:07:56+00:00","og_image":[{"width":2560,"height":2560,"url":"https:\/\/www.mira.fi\/wp-content\/uploads\/mira-superpolo-zipper-scaled-1.jpg","type":"image\/jpeg"}],"twitter_card":"summary_large_image","schema":{"@context":"https:\/\/schema.org","@graph":[{"@type":"WebPage","@id":"https:\/\/www.mira.fi\/fr\/product\/mira-superpolo-fermeture-eclair\/","url":"https:\/\/www.mira.fi\/fr\/product\/mira-superpolo-fermeture-eclair\/","name":"Mira superpolo, fermeture \u00e9clair - Mira-Tex Oy","isPartOf":{"@id":"https:\/\/www.mira.fi\/#website"},"primaryImageOfPage":{"@id":"https:\/\/www.mira.fi\/fr\/product\/mira-superpolo-fermeture-eclair\/#primaryimage"},"image":{"@id":"https:\/\/www.mira.fi\/fr\/product\/mira-superpolo-fermeture-eclair\/#primaryimage"},"thumbnailUrl":"https:\/\/www.mira.fi\/wp-content\/uploads\/mira-superpolo-zipper-scaled-1.jpg","datePublished":"2021-06-05T07:56:00+00:00","dateModified":"2025-11-11T18:07:56+00:00","breadcrumb":{"@id":"https:\/\/www.mira.fi\/fr\/product\/mira-superpolo-fermeture-eclair\/#breadcrumb"},"inLanguage":"fr-FR","potentialAction":[{"@type":"ReadAction","target":["https:\/\/www.mira.fi\/fr\/product\/mira-superpolo-fermeture-eclair\/"]}]},{"@type":"ImageObject","inLanguage":"fr-FR","@id":"https:\/\/www.mira.fi\/fr\/product\/mira-superpolo-fermeture-eclair\/#primaryimage","url":"https:\/\/www.mira.fi\/wp-content\/uploads\/mira-superpolo-zipper-scaled-1.jpg","contentUrl":"https:\/\/www.mira.fi\/wp-content\/uploads\/mira-superpolo-zipper-scaled-1.jpg","width":2560,"height":2560,"caption":"Mira superpolo, fermeture \u00e9clair"},{"@type":"BreadcrumbList","@id":"https:\/\/www.mira.fi\/fr\/product\/mira-superpolo-fermeture-eclair\/#breadcrumb","itemListElement":[{"@type":"ListItem","position":1,"name":"Etusivu","item":"https:\/\/www.mira.fi\/fr\/sur-mesure\/"},{"@type":"ListItem","position":2,"name":"Boutique","item":"https:\/\/www.mira.fi\/fr\/boutique\/"},{"@type":"ListItem","position":3,"name":"Mira superpolo, fermeture \u00e9clair"}]},{"@type":"WebSite","@id":"https:\/\/www.mira.fi\/#website","url":"https:\/\/www.mira.fi\/","name":"Mira-Tex Oy","description":"Fabricant leader de v\u00eatements de course hippique","publisher":{"@id":"https:\/\/www.mira.fi\/#organization"},"potentialAction":[{"@type":"SearchAction","target":{"@type":"EntryPoint","urlTemplate":"https:\/\/www.mira.fi\/?s={search_term_string}"},"query-input":{"@type":"PropertyValueSpecification","valueRequired":true,"valueName":"search_term_string"}}],"inLanguage":"fr-FR"},{"@type":"Organization","@id":"https:\/\/www.mira.fi\/#organization","name":"Mira-Tex Oy","url":"https:\/\/www.mira.fi\/","logo":{"@type":"ImageObject","inLanguage":"fr-FR","@id":"https:\/\/www.mira.fi\/#\/schema\/logo\/image\/","url":"https:\/\/www.mira.fi\/wp-content\/uploads\/favicon.png","contentUrl":"https:\/\/www.mira.fi\/wp-content\/uploads\/favicon.png","width":600,"height":600,"caption":"Mira-Tex Oy"},"image":{"@id":"https:\/\/www.mira.fi\/#\/schema\/logo\/image\/"}}]}},"_links":{"self":[{"href":"https:\/\/www.mira.fi\/fr\/wp-json\/wp\/v2\/product\/8810","targetHints":{"allow":["GET"]}}],"collection":[{"href":"https:\/\/www.mira.fi\/fr\/wp-json\/wp\/v2\/product"}],"about":[{"href":"https:\/\/www.mira.fi\/fr\/wp-json\/wp\/v2\/types\/product"}],"wp:featuredmedia":[{"embeddable":true,"href":"https:\/\/www.mira.fi\/fr\/wp-json\/wp\/v2\/media\/8811"}],"wp:attachment":[{"href":"https:\/\/www.mira.fi\/fr\/wp-json\/wp\/v2\/media?parent=8810"}],"wp:term":[{"taxonomy":"product_brand","embeddable":true,"href":"https:\/\/www.mira.fi\/fr\/wp-json\/wp\/v2\/product_brand?post=8810"},{"taxonomy":"product_cat","embeddable":true,"href":"https:\/\/www.mira.fi\/fr\/wp-json\/wp\/v2\/product_cat?post=8810"},{"taxonomy":"product_tag","embeddable":true,"href":"https:\/\/www.mira.fi\/fr\/wp-json\/wp\/v2\/product_tag?post=8810"}],"curies":[{"name":"wp","href":"https:\/\/api.w.org\/{rel}","templated":true}]}}