{"id":8812,"date":"2021-06-05T10:56:00","date_gmt":"2021-06-05T07:56:00","guid":{"rendered":"https:\/\/www.mira.fi\/product\/ensemble-de-travail-mira-2-pieces-hiver\/"},"modified":"2021-06-05T10:56:00","modified_gmt":"2021-06-05T07:56:00","slug":"ensemble-de-travail-mira-2-pieces-hiver","status":"publish","type":"product","link":"https:\/\/www.mira.fi\/fr\/product\/ensemble-de-travail-mira-2-pieces-hiver\/","title":{"rendered":"Ensemble de travail Mira, 2 pi\u00e8ces, Hiver"},"content":{"rendered":"<p>Ensemble de travail Mira Hiver, 2 pi\u00e8ces avec rembourrage de 160g. Tissu coupe-vent et imperm\u00e9able, coutures \u00e9tanches. Liser\u00e9s r\u00e9fl\u00e9chissants sur les c\u00f4t\u00e9s et d\u00e9tails r\u00e9fl\u00e9chissants devant et derri\u00e8re. Veste avec poches zipp\u00e9es sur la poitrine et \u00e0 l&rsquo;avant, poche int\u00e9rieure. Col en tricot bross\u00e9 doux. Ourlet plus long \u00e0 l&rsquo;arri\u00e8re et gu\u00eatre anti-neige. Serrage velcro au col, aux manches et \u00e0 l&rsquo;ourlet. Pantalon taille haute avec bretelles. Fermetures \u00e9clair et serrage velcro aux extr\u00e9mit\u00e9s des jambes. Sangles de bottes durables en nylon avec clips de verrouillage rapide. Pantalon avec poches zipp\u00e9es \u00e0 l&rsquo;avant des deux c\u00f4t\u00e9s. Possibilit\u00e9 de personnaliser avec nom et logos brod\u00e9s.           <\/p>\n","protected":false},"excerpt":{"rendered":"<p>Ensemble de travail Mira Hiver, 2 pi\u00e8ces avec rembourrage de  [&#8230;]<\/p>\n","protected":false},"featured_media":8813,"template":"","meta":[],"product_brand":[],"product_cat":[1873],"product_tag":[],"class_list":{"0":"post-8812","1":"product","2":"type-product","3":"status-publish","4":"has-post-thumbnail","6":"product_cat-vetements-de-travail","7":"pa_color-black","8":"pa_color-dark-blue","10":"pa_color-noir-2","11":"pa_size-4xl-3","12":"pa_size-m","13":"pa_size-s","14":"pa_size-xs","15":"pa_size-xxl","16":"pa_size-xxs","17":"pa_size-xxxl","19":"first","20":"instock","21":"featured","22":"taxable","23":"shipping-taxable","24":"product-type-variable"},"yoast_head":"<!-- This site is optimized with the Yoast SEO plugin v27.4 - https:\/\/yoast.com\/product\/yoast-seo-wordpress\/ -->\n<title>Ensemble de travail Mira, 2 pi\u00e8ces, Hiver - Mira-Tex Oy<\/title>\n<meta name=\"robots\" content=\"index, follow, max-snippet:-1, max-image-preview:large, max-video-preview:-1\" \/>\n<link rel=\"canonical\" href=\"https:\/\/www.mira.fi\/fr\/product\/ensemble-de-travail-mira-2-pieces-hiver\/\" \/>\n<meta property=\"og:locale\" content=\"fr_FR\" \/>\n<meta property=\"og:type\" content=\"article\" \/>\n<meta property=\"og:title\" content=\"Ensemble de travail Mira, 2 pi\u00e8ces, Hiver - Mira-Tex Oy\" \/>\n<meta property=\"og:description\" content=\"Ensemble de travail Mira Hiver, 2 pi\u00e8ces avec rembourrage de [...]\" \/>\n<meta property=\"og:url\" content=\"https:\/\/www.mira.fi\/fr\/product\/ensemble-de-travail-mira-2-pieces-hiver\/\" \/>\n<meta property=\"og:site_name\" content=\"Mira-Tex Oy\" \/>\n<meta property=\"og:image\" content=\"https:\/\/www.mira.fi\/wp-content\/uploads\/Mira-Winter-Working-set-1-1.jpg\" \/>\n\t<meta property=\"og:image:width\" content=\"2048\" \/>\n\t<meta property=\"og:image:height\" content=\"2048\" \/>\n\t<meta property=\"og:image:type\" content=\"image\/jpeg\" \/>\n<meta name=\"twitter:card\" content=\"summary_large_image\" \/>\n<meta name=\"twitter:label1\" content=\"Dur\u00e9e de lecture estim\u00e9e\" \/>\n\t<meta name=\"twitter:data1\" content=\"1 minute\" \/>\n<script type=\"application\/ld+json\" class=\"yoast-schema-graph\">{\"@context\":\"https:\\\/\\\/schema.org\",\"@graph\":[{\"@type\":\"WebPage\",\"@id\":\"https:\\\/\\\/www.mira.fi\\\/fr\\\/product\\\/ensemble-de-travail-mira-2-pieces-hiver\\\/\",\"url\":\"https:\\\/\\\/www.mira.fi\\\/fr\\\/product\\\/ensemble-de-travail-mira-2-pieces-hiver\\\/\",\"name\":\"Ensemble de travail Mira, 2 pi\u00e8ces, Hiver - Mira-Tex Oy\",\"isPartOf\":{\"@id\":\"https:\\\/\\\/www.mira.fi\\\/#website\"},\"primaryImageOfPage\":{\"@id\":\"https:\\\/\\\/www.mira.fi\\\/fr\\\/product\\\/ensemble-de-travail-mira-2-pieces-hiver\\\/#primaryimage\"},\"image\":{\"@id\":\"https:\\\/\\\/www.mira.fi\\\/fr\\\/product\\\/ensemble-de-travail-mira-2-pieces-hiver\\\/#primaryimage\"},\"thumbnailUrl\":\"https:\\\/\\\/www.mira.fi\\\/wp-content\\\/uploads\\\/Mira-Winter-Working-set-1-1.jpg\",\"datePublished\":\"2021-06-05T07:56:00+00:00\",\"breadcrumb\":{\"@id\":\"https:\\\/\\\/www.mira.fi\\\/fr\\\/product\\\/ensemble-de-travail-mira-2-pieces-hiver\\\/#breadcrumb\"},\"inLanguage\":\"fr-FR\",\"potentialAction\":[{\"@type\":\"ReadAction\",\"target\":[\"https:\\\/\\\/www.mira.fi\\\/fr\\\/product\\\/ensemble-de-travail-mira-2-pieces-hiver\\\/\"]}]},{\"@type\":\"ImageObject\",\"inLanguage\":\"fr-FR\",\"@id\":\"https:\\\/\\\/www.mira.fi\\\/fr\\\/product\\\/ensemble-de-travail-mira-2-pieces-hiver\\\/#primaryimage\",\"url\":\"https:\\\/\\\/www.mira.fi\\\/wp-content\\\/uploads\\\/Mira-Winter-Working-set-1-1.jpg\",\"contentUrl\":\"https:\\\/\\\/www.mira.fi\\\/wp-content\\\/uploads\\\/Mira-Winter-Working-set-1-1.jpg\",\"width\":2048,\"height\":2048,\"caption\":\"Ensemble de travail Mira, 2 pi\u00e8ces, Hiver\"},{\"@type\":\"BreadcrumbList\",\"@id\":\"https:\\\/\\\/www.mira.fi\\\/fr\\\/product\\\/ensemble-de-travail-mira-2-pieces-hiver\\\/#breadcrumb\",\"itemListElement\":[{\"@type\":\"ListItem\",\"position\":1,\"name\":\"Etusivu\",\"item\":\"https:\\\/\\\/www.mira.fi\\\/fr\\\/sur-mesure\\\/\"},{\"@type\":\"ListItem\",\"position\":2,\"name\":\"Boutique\",\"item\":\"https:\\\/\\\/www.mira.fi\\\/fr\\\/boutique\\\/\"},{\"@type\":\"ListItem\",\"position\":3,\"name\":\"Ensemble de travail Mira, 2 pi\u00e8ces, Hiver\"}]},{\"@type\":\"WebSite\",\"@id\":\"https:\\\/\\\/www.mira.fi\\\/#website\",\"url\":\"https:\\\/\\\/www.mira.fi\\\/\",\"name\":\"Mira-Tex Oy\",\"description\":\"Fabricant leader de v\u00eatements de course hippique\",\"publisher\":{\"@id\":\"https:\\\/\\\/www.mira.fi\\\/#organization\"},\"potentialAction\":[{\"@type\":\"SearchAction\",\"target\":{\"@type\":\"EntryPoint\",\"urlTemplate\":\"https:\\\/\\\/www.mira.fi\\\/?s={search_term_string}\"},\"query-input\":{\"@type\":\"PropertyValueSpecification\",\"valueRequired\":true,\"valueName\":\"search_term_string\"}}],\"inLanguage\":\"fr-FR\"},{\"@type\":\"Organization\",\"@id\":\"https:\\\/\\\/www.mira.fi\\\/#organization\",\"name\":\"Mira-Tex Oy\",\"url\":\"https:\\\/\\\/www.mira.fi\\\/\",\"logo\":{\"@type\":\"ImageObject\",\"inLanguage\":\"fr-FR\",\"@id\":\"https:\\\/\\\/www.mira.fi\\\/#\\\/schema\\\/logo\\\/image\\\/\",\"url\":\"https:\\\/\\\/www.mira.fi\\\/wp-content\\\/uploads\\\/favicon.png\",\"contentUrl\":\"https:\\\/\\\/www.mira.fi\\\/wp-content\\\/uploads\\\/favicon.png\",\"width\":600,\"height\":600,\"caption\":\"Mira-Tex Oy\"},\"image\":{\"@id\":\"https:\\\/\\\/www.mira.fi\\\/#\\\/schema\\\/logo\\\/image\\\/\"}}]}<\/script>\n<!-- \/ Yoast SEO plugin. -->","yoast_head_json":{"title":"Ensemble de travail Mira, 2 pi\u00e8ces, Hiver - Mira-Tex Oy","robots":{"index":"index","follow":"follow","max-snippet":"max-snippet:-1","max-image-preview":"max-image-preview:large","max-video-preview":"max-video-preview:-1"},"canonical":"https:\/\/www.mira.fi\/fr\/product\/ensemble-de-travail-mira-2-pieces-hiver\/","og_locale":"fr_FR","og_type":"article","og_title":"Ensemble de travail Mira, 2 pi\u00e8ces, Hiver - Mira-Tex Oy","og_description":"Ensemble de travail Mira Hiver, 2 pi\u00e8ces avec rembourrage de [...]","og_url":"https:\/\/www.mira.fi\/fr\/product\/ensemble-de-travail-mira-2-pieces-hiver\/","og_site_name":"Mira-Tex Oy","og_image":[{"width":2048,"height":2048,"url":"https:\/\/www.mira.fi\/wp-content\/uploads\/Mira-Winter-Working-set-1-1.jpg","type":"image\/jpeg"}],"twitter_card":"summary_large_image","twitter_misc":{"Dur\u00e9e de lecture estim\u00e9e":"1 minute"},"schema":{"@context":"https:\/\/schema.org","@graph":[{"@type":"WebPage","@id":"https:\/\/www.mira.fi\/fr\/product\/ensemble-de-travail-mira-2-pieces-hiver\/","url":"https:\/\/www.mira.fi\/fr\/product\/ensemble-de-travail-mira-2-pieces-hiver\/","name":"Ensemble de travail Mira, 2 pi\u00e8ces, Hiver - Mira-Tex Oy","isPartOf":{"@id":"https:\/\/www.mira.fi\/#website"},"primaryImageOfPage":{"@id":"https:\/\/www.mira.fi\/fr\/product\/ensemble-de-travail-mira-2-pieces-hiver\/#primaryimage"},"image":{"@id":"https:\/\/www.mira.fi\/fr\/product\/ensemble-de-travail-mira-2-pieces-hiver\/#primaryimage"},"thumbnailUrl":"https:\/\/www.mira.fi\/wp-content\/uploads\/Mira-Winter-Working-set-1-1.jpg","datePublished":"2021-06-05T07:56:00+00:00","breadcrumb":{"@id":"https:\/\/www.mira.fi\/fr\/product\/ensemble-de-travail-mira-2-pieces-hiver\/#breadcrumb"},"inLanguage":"fr-FR","potentialAction":[{"@type":"ReadAction","target":["https:\/\/www.mira.fi\/fr\/product\/ensemble-de-travail-mira-2-pieces-hiver\/"]}]},{"@type":"ImageObject","inLanguage":"fr-FR","@id":"https:\/\/www.mira.fi\/fr\/product\/ensemble-de-travail-mira-2-pieces-hiver\/#primaryimage","url":"https:\/\/www.mira.fi\/wp-content\/uploads\/Mira-Winter-Working-set-1-1.jpg","contentUrl":"https:\/\/www.mira.fi\/wp-content\/uploads\/Mira-Winter-Working-set-1-1.jpg","width":2048,"height":2048,"caption":"Ensemble de travail Mira, 2 pi\u00e8ces, Hiver"},{"@type":"BreadcrumbList","@id":"https:\/\/www.mira.fi\/fr\/product\/ensemble-de-travail-mira-2-pieces-hiver\/#breadcrumb","itemListElement":[{"@type":"ListItem","position":1,"name":"Etusivu","item":"https:\/\/www.mira.fi\/fr\/sur-mesure\/"},{"@type":"ListItem","position":2,"name":"Boutique","item":"https:\/\/www.mira.fi\/fr\/boutique\/"},{"@type":"ListItem","position":3,"name":"Ensemble de travail Mira, 2 pi\u00e8ces, Hiver"}]},{"@type":"WebSite","@id":"https:\/\/www.mira.fi\/#website","url":"https:\/\/www.mira.fi\/","name":"Mira-Tex Oy","description":"Fabricant leader de v\u00eatements de course hippique","publisher":{"@id":"https:\/\/www.mira.fi\/#organization"},"potentialAction":[{"@type":"SearchAction","target":{"@type":"EntryPoint","urlTemplate":"https:\/\/www.mira.fi\/?s={search_term_string}"},"query-input":{"@type":"PropertyValueSpecification","valueRequired":true,"valueName":"search_term_string"}}],"inLanguage":"fr-FR"},{"@type":"Organization","@id":"https:\/\/www.mira.fi\/#organization","name":"Mira-Tex Oy","url":"https:\/\/www.mira.fi\/","logo":{"@type":"ImageObject","inLanguage":"fr-FR","@id":"https:\/\/www.mira.fi\/#\/schema\/logo\/image\/","url":"https:\/\/www.mira.fi\/wp-content\/uploads\/favicon.png","contentUrl":"https:\/\/www.mira.fi\/wp-content\/uploads\/favicon.png","width":600,"height":600,"caption":"Mira-Tex Oy"},"image":{"@id":"https:\/\/www.mira.fi\/#\/schema\/logo\/image\/"}}]}},"_links":{"self":[{"href":"https:\/\/www.mira.fi\/fr\/wp-json\/wp\/v2\/product\/8812","targetHints":{"allow":["GET"]}}],"collection":[{"href":"https:\/\/www.mira.fi\/fr\/wp-json\/wp\/v2\/product"}],"about":[{"href":"https:\/\/www.mira.fi\/fr\/wp-json\/wp\/v2\/types\/product"}],"wp:featuredmedia":[{"embeddable":true,"href":"https:\/\/www.mira.fi\/fr\/wp-json\/wp\/v2\/media\/8813"}],"wp:attachment":[{"href":"https:\/\/www.mira.fi\/fr\/wp-json\/wp\/v2\/media?parent=8812"}],"wp:term":[{"taxonomy":"product_brand","embeddable":true,"href":"https:\/\/www.mira.fi\/fr\/wp-json\/wp\/v2\/product_brand?post=8812"},{"taxonomy":"product_cat","embeddable":true,"href":"https:\/\/www.mira.fi\/fr\/wp-json\/wp\/v2\/product_cat?post=8812"},{"taxonomy":"product_tag","embeddable":true,"href":"https:\/\/www.mira.fi\/fr\/wp-json\/wp\/v2\/product_tag?post=8812"}],"curies":[{"name":"wp","href":"https:\/\/api.w.org\/{rel}","templated":true}]}}