{"id":8824,"date":"2021-06-05T10:56:00","date_gmt":"2021-06-05T07:56:00","guid":{"rendered":"https:\/\/www.mira.fi\/product\/chaussettes-mira-ete\/"},"modified":"2025-11-11T20:09:36","modified_gmt":"2025-11-11T18:09:36","slug":"chaussettes-mira-ete","status":"publish","type":"product","link":"https:\/\/www.mira.fi\/fr\/product\/chaussettes-mira-ete\/","title":{"rendered":"Chaussettes Mira, \u00c9t\u00e9"},"content":{"rendered":"<p>Chaussettes d&rsquo;\u00e9t\u00e9 Mira. Tr\u00e8s durables. <\/p>\n","protected":false},"excerpt":{"rendered":"<p>Chaussettes d&rsquo;\u00e9t\u00e9 Mira. Tr\u00e8s durables.<\/p>\n","protected":false},"featured_media":8825,"template":"","meta":[],"product_brand":[],"product_cat":[1883,1873],"product_tag":[],"class_list":{"0":"post-8824","1":"product","2":"type-product","3":"status-publish","4":"has-post-thumbnail","6":"product_cat-accessoires-fr","7":"product_cat-vetements-de-travail","8":"pa_color-grey","10":"first","11":"instock","12":"taxable","13":"shipping-taxable","14":"product-type-variable"},"yoast_head":"<!-- This site is optimized with the Yoast SEO plugin v27.5 - https:\/\/yoast.com\/product\/yoast-seo-wordpress\/ -->\n<title>Chaussettes Mira, \u00c9t\u00e9 - Mira-Tex Oy<\/title>\n<meta name=\"robots\" content=\"index, follow, max-snippet:-1, max-image-preview:large, max-video-preview:-1\" \/>\n<link rel=\"canonical\" href=\"https:\/\/www.mira.fi\/fr\/product\/chaussettes-mira-ete\/\" \/>\n<meta property=\"og:locale\" content=\"fr_FR\" \/>\n<meta property=\"og:type\" content=\"article\" \/>\n<meta property=\"og:title\" content=\"Chaussettes Mira, \u00c9t\u00e9 - Mira-Tex Oy\" \/>\n<meta property=\"og:description\" content=\"Chaussettes d&rsquo;\u00e9t\u00e9 Mira. Tr\u00e8s durables.\" \/>\n<meta property=\"og:url\" content=\"https:\/\/www.mira.fi\/fr\/product\/chaussettes-mira-ete\/\" \/>\n<meta property=\"og:site_name\" content=\"Mira-Tex Oy\" \/>\n<meta property=\"article:modified_time\" content=\"2025-11-11T18:09:36+00:00\" \/>\n<meta property=\"og:image\" content=\"https:\/\/www.mira.fi\/wp-content\/uploads\/Mira-Summer-Socks-1.jpg\" \/>\n\t<meta property=\"og:image:width\" content=\"2048\" \/>\n\t<meta property=\"og:image:height\" content=\"2048\" \/>\n\t<meta property=\"og:image:type\" content=\"image\/jpeg\" \/>\n<meta name=\"twitter:card\" content=\"summary_large_image\" \/>\n<script type=\"application\/ld+json\" class=\"yoast-schema-graph\">{\"@context\":\"https:\\\/\\\/schema.org\",\"@graph\":[{\"@type\":\"WebPage\",\"@id\":\"https:\\\/\\\/www.mira.fi\\\/fr\\\/product\\\/chaussettes-mira-ete\\\/\",\"url\":\"https:\\\/\\\/www.mira.fi\\\/fr\\\/product\\\/chaussettes-mira-ete\\\/\",\"name\":\"Chaussettes Mira, \u00c9t\u00e9 - Mira-Tex Oy\",\"isPartOf\":{\"@id\":\"https:\\\/\\\/www.mira.fi\\\/#website\"},\"primaryImageOfPage\":{\"@id\":\"https:\\\/\\\/www.mira.fi\\\/fr\\\/product\\\/chaussettes-mira-ete\\\/#primaryimage\"},\"image\":{\"@id\":\"https:\\\/\\\/www.mira.fi\\\/fr\\\/product\\\/chaussettes-mira-ete\\\/#primaryimage\"},\"thumbnailUrl\":\"https:\\\/\\\/www.mira.fi\\\/wp-content\\\/uploads\\\/Mira-Summer-Socks-1.jpg\",\"datePublished\":\"2021-06-05T07:56:00+00:00\",\"dateModified\":\"2025-11-11T18:09:36+00:00\",\"breadcrumb\":{\"@id\":\"https:\\\/\\\/www.mira.fi\\\/fr\\\/product\\\/chaussettes-mira-ete\\\/#breadcrumb\"},\"inLanguage\":\"fr-FR\",\"potentialAction\":[{\"@type\":\"ReadAction\",\"target\":[\"https:\\\/\\\/www.mira.fi\\\/fr\\\/product\\\/chaussettes-mira-ete\\\/\"]}]},{\"@type\":\"ImageObject\",\"inLanguage\":\"fr-FR\",\"@id\":\"https:\\\/\\\/www.mira.fi\\\/fr\\\/product\\\/chaussettes-mira-ete\\\/#primaryimage\",\"url\":\"https:\\\/\\\/www.mira.fi\\\/wp-content\\\/uploads\\\/Mira-Summer-Socks-1.jpg\",\"contentUrl\":\"https:\\\/\\\/www.mira.fi\\\/wp-content\\\/uploads\\\/Mira-Summer-Socks-1.jpg\",\"width\":2048,\"height\":2048,\"caption\":\"Chaussettes Mira, \u00c9t\u00e9\"},{\"@type\":\"BreadcrumbList\",\"@id\":\"https:\\\/\\\/www.mira.fi\\\/fr\\\/product\\\/chaussettes-mira-ete\\\/#breadcrumb\",\"itemListElement\":[{\"@type\":\"ListItem\",\"position\":1,\"name\":\"Etusivu\",\"item\":\"https:\\\/\\\/www.mira.fi\\\/fr\\\/sur-mesure\\\/\"},{\"@type\":\"ListItem\",\"position\":2,\"name\":\"Boutique\",\"item\":\"https:\\\/\\\/www.mira.fi\\\/fr\\\/boutique\\\/\"},{\"@type\":\"ListItem\",\"position\":3,\"name\":\"Chaussettes Mira, \u00c9t\u00e9\"}]},{\"@type\":\"WebSite\",\"@id\":\"https:\\\/\\\/www.mira.fi\\\/#website\",\"url\":\"https:\\\/\\\/www.mira.fi\\\/\",\"name\":\"Mira-Tex Oy\",\"description\":\"Fabricant leader de v\u00eatements de course hippique\",\"publisher\":{\"@id\":\"https:\\\/\\\/www.mira.fi\\\/#organization\"},\"potentialAction\":[{\"@type\":\"SearchAction\",\"target\":{\"@type\":\"EntryPoint\",\"urlTemplate\":\"https:\\\/\\\/www.mira.fi\\\/?s={search_term_string}\"},\"query-input\":{\"@type\":\"PropertyValueSpecification\",\"valueRequired\":true,\"valueName\":\"search_term_string\"}}],\"inLanguage\":\"fr-FR\"},{\"@type\":\"Organization\",\"@id\":\"https:\\\/\\\/www.mira.fi\\\/#organization\",\"name\":\"Mira-Tex Oy\",\"url\":\"https:\\\/\\\/www.mira.fi\\\/\",\"logo\":{\"@type\":\"ImageObject\",\"inLanguage\":\"fr-FR\",\"@id\":\"https:\\\/\\\/www.mira.fi\\\/#\\\/schema\\\/logo\\\/image\\\/\",\"url\":\"https:\\\/\\\/www.mira.fi\\\/wp-content\\\/uploads\\\/favicon.png\",\"contentUrl\":\"https:\\\/\\\/www.mira.fi\\\/wp-content\\\/uploads\\\/favicon.png\",\"width\":600,\"height\":600,\"caption\":\"Mira-Tex Oy\"},\"image\":{\"@id\":\"https:\\\/\\\/www.mira.fi\\\/#\\\/schema\\\/logo\\\/image\\\/\"}}]}<\/script>\n<!-- \/ Yoast SEO plugin. -->","yoast_head_json":{"title":"Chaussettes Mira, \u00c9t\u00e9 - Mira-Tex Oy","robots":{"index":"index","follow":"follow","max-snippet":"max-snippet:-1","max-image-preview":"max-image-preview:large","max-video-preview":"max-video-preview:-1"},"canonical":"https:\/\/www.mira.fi\/fr\/product\/chaussettes-mira-ete\/","og_locale":"fr_FR","og_type":"article","og_title":"Chaussettes Mira, \u00c9t\u00e9 - Mira-Tex Oy","og_description":"Chaussettes d&rsquo;\u00e9t\u00e9 Mira. Tr\u00e8s durables.","og_url":"https:\/\/www.mira.fi\/fr\/product\/chaussettes-mira-ete\/","og_site_name":"Mira-Tex Oy","article_modified_time":"2025-11-11T18:09:36+00:00","og_image":[{"width":2048,"height":2048,"url":"https:\/\/www.mira.fi\/wp-content\/uploads\/Mira-Summer-Socks-1.jpg","type":"image\/jpeg"}],"twitter_card":"summary_large_image","schema":{"@context":"https:\/\/schema.org","@graph":[{"@type":"WebPage","@id":"https:\/\/www.mira.fi\/fr\/product\/chaussettes-mira-ete\/","url":"https:\/\/www.mira.fi\/fr\/product\/chaussettes-mira-ete\/","name":"Chaussettes Mira, \u00c9t\u00e9 - Mira-Tex Oy","isPartOf":{"@id":"https:\/\/www.mira.fi\/#website"},"primaryImageOfPage":{"@id":"https:\/\/www.mira.fi\/fr\/product\/chaussettes-mira-ete\/#primaryimage"},"image":{"@id":"https:\/\/www.mira.fi\/fr\/product\/chaussettes-mira-ete\/#primaryimage"},"thumbnailUrl":"https:\/\/www.mira.fi\/wp-content\/uploads\/Mira-Summer-Socks-1.jpg","datePublished":"2021-06-05T07:56:00+00:00","dateModified":"2025-11-11T18:09:36+00:00","breadcrumb":{"@id":"https:\/\/www.mira.fi\/fr\/product\/chaussettes-mira-ete\/#breadcrumb"},"inLanguage":"fr-FR","potentialAction":[{"@type":"ReadAction","target":["https:\/\/www.mira.fi\/fr\/product\/chaussettes-mira-ete\/"]}]},{"@type":"ImageObject","inLanguage":"fr-FR","@id":"https:\/\/www.mira.fi\/fr\/product\/chaussettes-mira-ete\/#primaryimage","url":"https:\/\/www.mira.fi\/wp-content\/uploads\/Mira-Summer-Socks-1.jpg","contentUrl":"https:\/\/www.mira.fi\/wp-content\/uploads\/Mira-Summer-Socks-1.jpg","width":2048,"height":2048,"caption":"Chaussettes Mira, \u00c9t\u00e9"},{"@type":"BreadcrumbList","@id":"https:\/\/www.mira.fi\/fr\/product\/chaussettes-mira-ete\/#breadcrumb","itemListElement":[{"@type":"ListItem","position":1,"name":"Etusivu","item":"https:\/\/www.mira.fi\/fr\/sur-mesure\/"},{"@type":"ListItem","position":2,"name":"Boutique","item":"https:\/\/www.mira.fi\/fr\/boutique\/"},{"@type":"ListItem","position":3,"name":"Chaussettes Mira, \u00c9t\u00e9"}]},{"@type":"WebSite","@id":"https:\/\/www.mira.fi\/#website","url":"https:\/\/www.mira.fi\/","name":"Mira-Tex Oy","description":"Fabricant leader de v\u00eatements de course hippique","publisher":{"@id":"https:\/\/www.mira.fi\/#organization"},"potentialAction":[{"@type":"SearchAction","target":{"@type":"EntryPoint","urlTemplate":"https:\/\/www.mira.fi\/?s={search_term_string}"},"query-input":{"@type":"PropertyValueSpecification","valueRequired":true,"valueName":"search_term_string"}}],"inLanguage":"fr-FR"},{"@type":"Organization","@id":"https:\/\/www.mira.fi\/#organization","name":"Mira-Tex Oy","url":"https:\/\/www.mira.fi\/","logo":{"@type":"ImageObject","inLanguage":"fr-FR","@id":"https:\/\/www.mira.fi\/#\/schema\/logo\/image\/","url":"https:\/\/www.mira.fi\/wp-content\/uploads\/favicon.png","contentUrl":"https:\/\/www.mira.fi\/wp-content\/uploads\/favicon.png","width":600,"height":600,"caption":"Mira-Tex Oy"},"image":{"@id":"https:\/\/www.mira.fi\/#\/schema\/logo\/image\/"}}]}},"_links":{"self":[{"href":"https:\/\/www.mira.fi\/fr\/wp-json\/wp\/v2\/product\/8824","targetHints":{"allow":["GET"]}}],"collection":[{"href":"https:\/\/www.mira.fi\/fr\/wp-json\/wp\/v2\/product"}],"about":[{"href":"https:\/\/www.mira.fi\/fr\/wp-json\/wp\/v2\/types\/product"}],"wp:featuredmedia":[{"embeddable":true,"href":"https:\/\/www.mira.fi\/fr\/wp-json\/wp\/v2\/media\/8825"}],"wp:attachment":[{"href":"https:\/\/www.mira.fi\/fr\/wp-json\/wp\/v2\/media?parent=8824"}],"wp:term":[{"taxonomy":"product_brand","embeddable":true,"href":"https:\/\/www.mira.fi\/fr\/wp-json\/wp\/v2\/product_brand?post=8824"},{"taxonomy":"product_cat","embeddable":true,"href":"https:\/\/www.mira.fi\/fr\/wp-json\/wp\/v2\/product_cat?post=8824"},{"taxonomy":"product_tag","embeddable":true,"href":"https:\/\/www.mira.fi\/fr\/wp-json\/wp\/v2\/product_tag?post=8824"}],"curies":[{"name":"wp","href":"https:\/\/api.w.org\/{rel}","templated":true}]}}