{"id":8947,"date":"2021-05-06T10:56:00","date_gmt":"2021-05-06T07:56:00","guid":{"rendered":"https:\/\/www.mira.fi\/product\/combinaison-de-course-mira-ete\/"},"modified":"2021-05-06T10:56:00","modified_gmt":"2021-05-06T07:56:00","slug":"combinaison-de-course-mira-ete","status":"publish","type":"product","link":"https:\/\/www.mira.fi\/fr\/product\/combinaison-de-course-mira-ete\/","title":{"rendered":"Combinaison de course Mira, \u00e9t\u00e9"},"content":{"rendered":"<p>Combinaison de course d&rsquo;\u00e9t\u00e9 Mira avec manches amovibles. Fermeture \u00e9clair avant recouverte d&rsquo;un rabat avant velcro. Serrage velcro au col. Poche poitrine gauche avec rabat velcro. Extr\u00e9mit\u00e9s des manches avec serrage velcro. Poche avant droite avec rabat velcro sur la partie inf\u00e9rieure. Fermetures \u00e9clair et serrage velcro aux extr\u00e9mit\u00e9s des jambes. Sangles de pied en nylon durable avec clips de verrouillage rapide. Couleur : Blanc avec rayures noires.        <\/p>\n","protected":false},"excerpt":{"rendered":"<p>Combinaison de course d&rsquo;\u00e9t\u00e9 Mira avec manches amovibles. Fermeture \u00e9clair  [&#8230;]<\/p>\n","protected":false},"featured_media":8948,"template":"","meta":[],"product_brand":[],"product_cat":[1873],"product_tag":[],"class_list":{"0":"post-8947","1":"product","2":"type-product","3":"status-publish","4":"has-post-thumbnail","6":"product_cat-vetements-de-travail","7":"pa_color-white-black-stripe","8":"pa_size-m","9":"pa_size-s","10":"pa_size-xs","11":"pa_size-xxl","12":"pa_size-xxs","13":"pa_size-xxxl","15":"first","16":"instock","17":"taxable","18":"shipping-taxable","19":"product-type-variable"},"yoast_head":"<!-- This site is optimized with the Yoast SEO plugin v27.5 - https:\/\/yoast.com\/product\/yoast-seo-wordpress\/ -->\n<title>Combinaison de course Mira, \u00e9t\u00e9 - Mira-Tex Oy<\/title>\n<meta name=\"robots\" content=\"index, follow, max-snippet:-1, max-image-preview:large, max-video-preview:-1\" \/>\n<link rel=\"canonical\" href=\"https:\/\/www.mira.fi\/fr\/product\/combinaison-de-course-mira-ete\/\" \/>\n<meta property=\"og:locale\" content=\"fr_FR\" \/>\n<meta property=\"og:type\" content=\"article\" \/>\n<meta property=\"og:title\" content=\"Combinaison de course Mira, \u00e9t\u00e9 - Mira-Tex Oy\" \/>\n<meta property=\"og:description\" content=\"Combinaison de course d&rsquo;\u00e9t\u00e9 Mira avec manches amovibles. Fermeture \u00e9clair [...]\" \/>\n<meta property=\"og:url\" content=\"https:\/\/www.mira.fi\/fr\/product\/combinaison-de-course-mira-ete\/\" \/>\n<meta property=\"og:site_name\" content=\"Mira-Tex Oy\" \/>\n<meta property=\"og:image\" content=\"https:\/\/www.mira.fi\/wp-content\/uploads\/mira-racing-overall-summer-scaled-1.jpg\" \/>\n\t<meta property=\"og:image:width\" content=\"2560\" \/>\n\t<meta property=\"og:image:height\" content=\"2560\" \/>\n\t<meta property=\"og:image:type\" content=\"image\/jpeg\" \/>\n<meta name=\"twitter:card\" content=\"summary_large_image\" \/>\n<script type=\"application\/ld+json\" class=\"yoast-schema-graph\">{\"@context\":\"https:\\\/\\\/schema.org\",\"@graph\":[{\"@type\":\"WebPage\",\"@id\":\"https:\\\/\\\/www.mira.fi\\\/fr\\\/product\\\/combinaison-de-course-mira-ete\\\/\",\"url\":\"https:\\\/\\\/www.mira.fi\\\/fr\\\/product\\\/combinaison-de-course-mira-ete\\\/\",\"name\":\"Combinaison de course Mira, \u00e9t\u00e9 - Mira-Tex Oy\",\"isPartOf\":{\"@id\":\"https:\\\/\\\/www.mira.fi\\\/#website\"},\"primaryImageOfPage\":{\"@id\":\"https:\\\/\\\/www.mira.fi\\\/fr\\\/product\\\/combinaison-de-course-mira-ete\\\/#primaryimage\"},\"image\":{\"@id\":\"https:\\\/\\\/www.mira.fi\\\/fr\\\/product\\\/combinaison-de-course-mira-ete\\\/#primaryimage\"},\"thumbnailUrl\":\"https:\\\/\\\/www.mira.fi\\\/wp-content\\\/uploads\\\/mira-racing-overall-summer-scaled-1.jpg\",\"datePublished\":\"2021-05-06T07:56:00+00:00\",\"breadcrumb\":{\"@id\":\"https:\\\/\\\/www.mira.fi\\\/fr\\\/product\\\/combinaison-de-course-mira-ete\\\/#breadcrumb\"},\"inLanguage\":\"fr-FR\",\"potentialAction\":[{\"@type\":\"ReadAction\",\"target\":[\"https:\\\/\\\/www.mira.fi\\\/fr\\\/product\\\/combinaison-de-course-mira-ete\\\/\"]}]},{\"@type\":\"ImageObject\",\"inLanguage\":\"fr-FR\",\"@id\":\"https:\\\/\\\/www.mira.fi\\\/fr\\\/product\\\/combinaison-de-course-mira-ete\\\/#primaryimage\",\"url\":\"https:\\\/\\\/www.mira.fi\\\/wp-content\\\/uploads\\\/mira-racing-overall-summer-scaled-1.jpg\",\"contentUrl\":\"https:\\\/\\\/www.mira.fi\\\/wp-content\\\/uploads\\\/mira-racing-overall-summer-scaled-1.jpg\",\"width\":2560,\"height\":2560,\"caption\":\"Combinaison de course Mira, \u00e9t\u00e9\"},{\"@type\":\"BreadcrumbList\",\"@id\":\"https:\\\/\\\/www.mira.fi\\\/fr\\\/product\\\/combinaison-de-course-mira-ete\\\/#breadcrumb\",\"itemListElement\":[{\"@type\":\"ListItem\",\"position\":1,\"name\":\"Etusivu\",\"item\":\"https:\\\/\\\/www.mira.fi\\\/fr\\\/sur-mesure\\\/\"},{\"@type\":\"ListItem\",\"position\":2,\"name\":\"Boutique\",\"item\":\"https:\\\/\\\/www.mira.fi\\\/fr\\\/boutique\\\/\"},{\"@type\":\"ListItem\",\"position\":3,\"name\":\"Combinaison de course Mira, \u00e9t\u00e9\"}]},{\"@type\":\"WebSite\",\"@id\":\"https:\\\/\\\/www.mira.fi\\\/#website\",\"url\":\"https:\\\/\\\/www.mira.fi\\\/\",\"name\":\"Mira-Tex Oy\",\"description\":\"Fabricant leader de v\u00eatements de course hippique\",\"publisher\":{\"@id\":\"https:\\\/\\\/www.mira.fi\\\/#organization\"},\"potentialAction\":[{\"@type\":\"SearchAction\",\"target\":{\"@type\":\"EntryPoint\",\"urlTemplate\":\"https:\\\/\\\/www.mira.fi\\\/?s={search_term_string}\"},\"query-input\":{\"@type\":\"PropertyValueSpecification\",\"valueRequired\":true,\"valueName\":\"search_term_string\"}}],\"inLanguage\":\"fr-FR\"},{\"@type\":\"Organization\",\"@id\":\"https:\\\/\\\/www.mira.fi\\\/#organization\",\"name\":\"Mira-Tex Oy\",\"url\":\"https:\\\/\\\/www.mira.fi\\\/\",\"logo\":{\"@type\":\"ImageObject\",\"inLanguage\":\"fr-FR\",\"@id\":\"https:\\\/\\\/www.mira.fi\\\/#\\\/schema\\\/logo\\\/image\\\/\",\"url\":\"https:\\\/\\\/www.mira.fi\\\/wp-content\\\/uploads\\\/favicon.png\",\"contentUrl\":\"https:\\\/\\\/www.mira.fi\\\/wp-content\\\/uploads\\\/favicon.png\",\"width\":600,\"height\":600,\"caption\":\"Mira-Tex Oy\"},\"image\":{\"@id\":\"https:\\\/\\\/www.mira.fi\\\/#\\\/schema\\\/logo\\\/image\\\/\"}}]}<\/script>\n<!-- \/ Yoast SEO plugin. -->","yoast_head_json":{"title":"Combinaison de course Mira, \u00e9t\u00e9 - Mira-Tex Oy","robots":{"index":"index","follow":"follow","max-snippet":"max-snippet:-1","max-image-preview":"max-image-preview:large","max-video-preview":"max-video-preview:-1"},"canonical":"https:\/\/www.mira.fi\/fr\/product\/combinaison-de-course-mira-ete\/","og_locale":"fr_FR","og_type":"article","og_title":"Combinaison de course Mira, \u00e9t\u00e9 - Mira-Tex Oy","og_description":"Combinaison de course d&rsquo;\u00e9t\u00e9 Mira avec manches amovibles. Fermeture \u00e9clair [...]","og_url":"https:\/\/www.mira.fi\/fr\/product\/combinaison-de-course-mira-ete\/","og_site_name":"Mira-Tex Oy","og_image":[{"width":2560,"height":2560,"url":"https:\/\/www.mira.fi\/wp-content\/uploads\/mira-racing-overall-summer-scaled-1.jpg","type":"image\/jpeg"}],"twitter_card":"summary_large_image","schema":{"@context":"https:\/\/schema.org","@graph":[{"@type":"WebPage","@id":"https:\/\/www.mira.fi\/fr\/product\/combinaison-de-course-mira-ete\/","url":"https:\/\/www.mira.fi\/fr\/product\/combinaison-de-course-mira-ete\/","name":"Combinaison de course Mira, \u00e9t\u00e9 - Mira-Tex Oy","isPartOf":{"@id":"https:\/\/www.mira.fi\/#website"},"primaryImageOfPage":{"@id":"https:\/\/www.mira.fi\/fr\/product\/combinaison-de-course-mira-ete\/#primaryimage"},"image":{"@id":"https:\/\/www.mira.fi\/fr\/product\/combinaison-de-course-mira-ete\/#primaryimage"},"thumbnailUrl":"https:\/\/www.mira.fi\/wp-content\/uploads\/mira-racing-overall-summer-scaled-1.jpg","datePublished":"2021-05-06T07:56:00+00:00","breadcrumb":{"@id":"https:\/\/www.mira.fi\/fr\/product\/combinaison-de-course-mira-ete\/#breadcrumb"},"inLanguage":"fr-FR","potentialAction":[{"@type":"ReadAction","target":["https:\/\/www.mira.fi\/fr\/product\/combinaison-de-course-mira-ete\/"]}]},{"@type":"ImageObject","inLanguage":"fr-FR","@id":"https:\/\/www.mira.fi\/fr\/product\/combinaison-de-course-mira-ete\/#primaryimage","url":"https:\/\/www.mira.fi\/wp-content\/uploads\/mira-racing-overall-summer-scaled-1.jpg","contentUrl":"https:\/\/www.mira.fi\/wp-content\/uploads\/mira-racing-overall-summer-scaled-1.jpg","width":2560,"height":2560,"caption":"Combinaison de course Mira, \u00e9t\u00e9"},{"@type":"BreadcrumbList","@id":"https:\/\/www.mira.fi\/fr\/product\/combinaison-de-course-mira-ete\/#breadcrumb","itemListElement":[{"@type":"ListItem","position":1,"name":"Etusivu","item":"https:\/\/www.mira.fi\/fr\/sur-mesure\/"},{"@type":"ListItem","position":2,"name":"Boutique","item":"https:\/\/www.mira.fi\/fr\/boutique\/"},{"@type":"ListItem","position":3,"name":"Combinaison de course Mira, \u00e9t\u00e9"}]},{"@type":"WebSite","@id":"https:\/\/www.mira.fi\/#website","url":"https:\/\/www.mira.fi\/","name":"Mira-Tex Oy","description":"Fabricant leader de v\u00eatements de course hippique","publisher":{"@id":"https:\/\/www.mira.fi\/#organization"},"potentialAction":[{"@type":"SearchAction","target":{"@type":"EntryPoint","urlTemplate":"https:\/\/www.mira.fi\/?s={search_term_string}"},"query-input":{"@type":"PropertyValueSpecification","valueRequired":true,"valueName":"search_term_string"}}],"inLanguage":"fr-FR"},{"@type":"Organization","@id":"https:\/\/www.mira.fi\/#organization","name":"Mira-Tex Oy","url":"https:\/\/www.mira.fi\/","logo":{"@type":"ImageObject","inLanguage":"fr-FR","@id":"https:\/\/www.mira.fi\/#\/schema\/logo\/image\/","url":"https:\/\/www.mira.fi\/wp-content\/uploads\/favicon.png","contentUrl":"https:\/\/www.mira.fi\/wp-content\/uploads\/favicon.png","width":600,"height":600,"caption":"Mira-Tex Oy"},"image":{"@id":"https:\/\/www.mira.fi\/#\/schema\/logo\/image\/"}}]}},"_links":{"self":[{"href":"https:\/\/www.mira.fi\/fr\/wp-json\/wp\/v2\/product\/8947","targetHints":{"allow":["GET"]}}],"collection":[{"href":"https:\/\/www.mira.fi\/fr\/wp-json\/wp\/v2\/product"}],"about":[{"href":"https:\/\/www.mira.fi\/fr\/wp-json\/wp\/v2\/types\/product"}],"wp:featuredmedia":[{"embeddable":true,"href":"https:\/\/www.mira.fi\/fr\/wp-json\/wp\/v2\/media\/8948"}],"wp:attachment":[{"href":"https:\/\/www.mira.fi\/fr\/wp-json\/wp\/v2\/media?parent=8947"}],"wp:term":[{"taxonomy":"product_brand","embeddable":true,"href":"https:\/\/www.mira.fi\/fr\/wp-json\/wp\/v2\/product_brand?post=8947"},{"taxonomy":"product_cat","embeddable":true,"href":"https:\/\/www.mira.fi\/fr\/wp-json\/wp\/v2\/product_cat?post=8947"},{"taxonomy":"product_tag","embeddable":true,"href":"https:\/\/www.mira.fi\/fr\/wp-json\/wp\/v2\/product_tag?post=8947"}],"curies":[{"name":"wp","href":"https:\/\/api.w.org\/{rel}","templated":true}]}}