{"id":9025,"date":"2021-06-05T10:56:00","date_gmt":"2021-05-06T07:56:09","guid":{"rendered":"https:\/\/www.mira.fi\/product\/pantalon-de-course-mira-ete-2\/"},"modified":"2026-01-16T10:31:25","modified_gmt":"2026-01-16T08:31:25","slug":"pantalon-de-course-mira-ete-2","status":"publish","type":"product","link":"https:\/\/www.mira.fi\/fr\/product\/pantalon-de-course-mira-ete-2\/","title":{"rendered":"Pantalon de course Mira, \u00c9t\u00e9"},"content":{"rendered":"<p>Pantalon de course d&rsquo;\u00e9t\u00e9 taille basse Mira. \u00c9lastique et cordon de serrage \u00e0 la taille. Fermetures \u00e9clair et velcro aux extr\u00e9mit\u00e9s des jambes. Sangles de pied durables en nylon avec clips de verrouillage rapide. Poches avant zipp\u00e9es des deux c\u00f4t\u00e9s. Possibilit\u00e9 de personnaliser avec des logos brod\u00e9s.     <\/p>\n","protected":false},"excerpt":{"rendered":"<p>Pantalon de course d&rsquo;\u00e9t\u00e9 taille basse Mira. \u00c9lastique et cordon  [&#8230;]<\/p>\n","protected":false},"featured_media":9026,"template":"","meta":[],"product_brand":[],"product_cat":[1869],"product_tag":[],"class_list":{"0":"post-9025","1":"product","2":"type-product","3":"status-publish","4":"has-post-thumbnail","6":"product_cat-vetements-de-course","7":"pa_color-white-black-stripe","9":"pa_size-m","10":"pa_size-s","11":"pa_size-xs","12":"pa_size-xxl","13":"pa_size-xxs","14":"pa_size-xxxl","16":"first","17":"instock","18":"taxable","19":"shipping-taxable","20":"purchasable","21":"product-type-variable"},"yoast_head":"<!-- This site is optimized with the Yoast SEO plugin v27.5 - https:\/\/yoast.com\/product\/yoast-seo-wordpress\/ -->\n<title>Pantalon de course Mira, \u00c9t\u00e9 - Mira-Tex Oy<\/title>\n<meta name=\"robots\" content=\"index, follow, max-snippet:-1, max-image-preview:large, max-video-preview:-1\" \/>\n<link rel=\"canonical\" href=\"https:\/\/www.mira.fi\/fr\/product\/pantalon-de-course-mira-ete-2\/\" \/>\n<meta property=\"og:locale\" content=\"fr_FR\" \/>\n<meta property=\"og:type\" content=\"article\" \/>\n<meta property=\"og:title\" content=\"Pantalon de course Mira, \u00c9t\u00e9 - Mira-Tex Oy\" \/>\n<meta property=\"og:description\" content=\"Pantalon de course d&rsquo;\u00e9t\u00e9 taille basse Mira. \u00c9lastique et cordon [...]\" \/>\n<meta property=\"og:url\" content=\"https:\/\/www.mira.fi\/fr\/product\/pantalon-de-course-mira-ete-2\/\" \/>\n<meta property=\"og:site_name\" content=\"Mira-Tex Oy\" \/>\n<meta property=\"article:modified_time\" content=\"2026-01-16T08:31:25+00:00\" \/>\n<meta property=\"og:image\" content=\"https:\/\/www.mira.fi\/wp-content\/uploads\/IMG_8524-Edit-Edit-Edit-Edit-1.jpg\" \/>\n\t<meta property=\"og:image:width\" content=\"2048\" \/>\n\t<meta property=\"og:image:height\" content=\"2048\" \/>\n\t<meta property=\"og:image:type\" content=\"image\/jpeg\" \/>\n<meta name=\"twitter:card\" content=\"summary_large_image\" \/>\n<script type=\"application\/ld+json\" class=\"yoast-schema-graph\">{\"@context\":\"https:\\\/\\\/schema.org\",\"@graph\":[{\"@type\":\"WebPage\",\"@id\":\"https:\\\/\\\/www.mira.fi\\\/fr\\\/product\\\/pantalon-de-course-mira-ete-2\\\/\",\"url\":\"https:\\\/\\\/www.mira.fi\\\/fr\\\/product\\\/pantalon-de-course-mira-ete-2\\\/\",\"name\":\"Pantalon de course Mira, \u00c9t\u00e9 - Mira-Tex Oy\",\"isPartOf\":{\"@id\":\"https:\\\/\\\/www.mira.fi\\\/#website\"},\"primaryImageOfPage\":{\"@id\":\"https:\\\/\\\/www.mira.fi\\\/fr\\\/product\\\/pantalon-de-course-mira-ete-2\\\/#primaryimage\"},\"image\":{\"@id\":\"https:\\\/\\\/www.mira.fi\\\/fr\\\/product\\\/pantalon-de-course-mira-ete-2\\\/#primaryimage\"},\"thumbnailUrl\":\"https:\\\/\\\/www.mira.fi\\\/wp-content\\\/uploads\\\/IMG_8524-Edit-Edit-Edit-Edit-1.jpg\",\"datePublished\":\"2021-05-06T07:56:09+00:00\",\"dateModified\":\"2026-01-16T08:31:25+00:00\",\"breadcrumb\":{\"@id\":\"https:\\\/\\\/www.mira.fi\\\/fr\\\/product\\\/pantalon-de-course-mira-ete-2\\\/#breadcrumb\"},\"inLanguage\":\"fr-FR\",\"potentialAction\":[{\"@type\":\"ReadAction\",\"target\":[\"https:\\\/\\\/www.mira.fi\\\/fr\\\/product\\\/pantalon-de-course-mira-ete-2\\\/\"]}]},{\"@type\":\"ImageObject\",\"inLanguage\":\"fr-FR\",\"@id\":\"https:\\\/\\\/www.mira.fi\\\/fr\\\/product\\\/pantalon-de-course-mira-ete-2\\\/#primaryimage\",\"url\":\"https:\\\/\\\/www.mira.fi\\\/wp-content\\\/uploads\\\/IMG_8524-Edit-Edit-Edit-Edit-1.jpg\",\"contentUrl\":\"https:\\\/\\\/www.mira.fi\\\/wp-content\\\/uploads\\\/IMG_8524-Edit-Edit-Edit-Edit-1.jpg\",\"width\":2048,\"height\":2048,\"caption\":\"Pantalon de course Mira, \u00c9t\u00e9\"},{\"@type\":\"BreadcrumbList\",\"@id\":\"https:\\\/\\\/www.mira.fi\\\/fr\\\/product\\\/pantalon-de-course-mira-ete-2\\\/#breadcrumb\",\"itemListElement\":[{\"@type\":\"ListItem\",\"position\":1,\"name\":\"Etusivu\",\"item\":\"https:\\\/\\\/www.mira.fi\\\/fr\\\/sur-mesure\\\/\"},{\"@type\":\"ListItem\",\"position\":2,\"name\":\"Boutique\",\"item\":\"https:\\\/\\\/www.mira.fi\\\/fr\\\/boutique\\\/\"},{\"@type\":\"ListItem\",\"position\":3,\"name\":\"Pantalon de course Mira, \u00c9t\u00e9\"}]},{\"@type\":\"WebSite\",\"@id\":\"https:\\\/\\\/www.mira.fi\\\/#website\",\"url\":\"https:\\\/\\\/www.mira.fi\\\/\",\"name\":\"Mira-Tex Oy\",\"description\":\"Fabricant leader de v\u00eatements de course hippique\",\"publisher\":{\"@id\":\"https:\\\/\\\/www.mira.fi\\\/#organization\"},\"potentialAction\":[{\"@type\":\"SearchAction\",\"target\":{\"@type\":\"EntryPoint\",\"urlTemplate\":\"https:\\\/\\\/www.mira.fi\\\/?s={search_term_string}\"},\"query-input\":{\"@type\":\"PropertyValueSpecification\",\"valueRequired\":true,\"valueName\":\"search_term_string\"}}],\"inLanguage\":\"fr-FR\"},{\"@type\":\"Organization\",\"@id\":\"https:\\\/\\\/www.mira.fi\\\/#organization\",\"name\":\"Mira-Tex Oy\",\"url\":\"https:\\\/\\\/www.mira.fi\\\/\",\"logo\":{\"@type\":\"ImageObject\",\"inLanguage\":\"fr-FR\",\"@id\":\"https:\\\/\\\/www.mira.fi\\\/#\\\/schema\\\/logo\\\/image\\\/\",\"url\":\"https:\\\/\\\/www.mira.fi\\\/wp-content\\\/uploads\\\/favicon.png\",\"contentUrl\":\"https:\\\/\\\/www.mira.fi\\\/wp-content\\\/uploads\\\/favicon.png\",\"width\":600,\"height\":600,\"caption\":\"Mira-Tex Oy\"},\"image\":{\"@id\":\"https:\\\/\\\/www.mira.fi\\\/#\\\/schema\\\/logo\\\/image\\\/\"}}]}<\/script>\n<!-- \/ Yoast SEO plugin. -->","yoast_head_json":{"title":"Pantalon de course Mira, \u00c9t\u00e9 - Mira-Tex Oy","robots":{"index":"index","follow":"follow","max-snippet":"max-snippet:-1","max-image-preview":"max-image-preview:large","max-video-preview":"max-video-preview:-1"},"canonical":"https:\/\/www.mira.fi\/fr\/product\/pantalon-de-course-mira-ete-2\/","og_locale":"fr_FR","og_type":"article","og_title":"Pantalon de course Mira, \u00c9t\u00e9 - Mira-Tex Oy","og_description":"Pantalon de course d&rsquo;\u00e9t\u00e9 taille basse Mira. \u00c9lastique et cordon [...]","og_url":"https:\/\/www.mira.fi\/fr\/product\/pantalon-de-course-mira-ete-2\/","og_site_name":"Mira-Tex Oy","article_modified_time":"2026-01-16T08:31:25+00:00","og_image":[{"width":2048,"height":2048,"url":"https:\/\/www.mira.fi\/wp-content\/uploads\/IMG_8524-Edit-Edit-Edit-Edit-1.jpg","type":"image\/jpeg"}],"twitter_card":"summary_large_image","schema":{"@context":"https:\/\/schema.org","@graph":[{"@type":"WebPage","@id":"https:\/\/www.mira.fi\/fr\/product\/pantalon-de-course-mira-ete-2\/","url":"https:\/\/www.mira.fi\/fr\/product\/pantalon-de-course-mira-ete-2\/","name":"Pantalon de course Mira, \u00c9t\u00e9 - Mira-Tex Oy","isPartOf":{"@id":"https:\/\/www.mira.fi\/#website"},"primaryImageOfPage":{"@id":"https:\/\/www.mira.fi\/fr\/product\/pantalon-de-course-mira-ete-2\/#primaryimage"},"image":{"@id":"https:\/\/www.mira.fi\/fr\/product\/pantalon-de-course-mira-ete-2\/#primaryimage"},"thumbnailUrl":"https:\/\/www.mira.fi\/wp-content\/uploads\/IMG_8524-Edit-Edit-Edit-Edit-1.jpg","datePublished":"2021-05-06T07:56:09+00:00","dateModified":"2026-01-16T08:31:25+00:00","breadcrumb":{"@id":"https:\/\/www.mira.fi\/fr\/product\/pantalon-de-course-mira-ete-2\/#breadcrumb"},"inLanguage":"fr-FR","potentialAction":[{"@type":"ReadAction","target":["https:\/\/www.mira.fi\/fr\/product\/pantalon-de-course-mira-ete-2\/"]}]},{"@type":"ImageObject","inLanguage":"fr-FR","@id":"https:\/\/www.mira.fi\/fr\/product\/pantalon-de-course-mira-ete-2\/#primaryimage","url":"https:\/\/www.mira.fi\/wp-content\/uploads\/IMG_8524-Edit-Edit-Edit-Edit-1.jpg","contentUrl":"https:\/\/www.mira.fi\/wp-content\/uploads\/IMG_8524-Edit-Edit-Edit-Edit-1.jpg","width":2048,"height":2048,"caption":"Pantalon de course Mira, \u00c9t\u00e9"},{"@type":"BreadcrumbList","@id":"https:\/\/www.mira.fi\/fr\/product\/pantalon-de-course-mira-ete-2\/#breadcrumb","itemListElement":[{"@type":"ListItem","position":1,"name":"Etusivu","item":"https:\/\/www.mira.fi\/fr\/sur-mesure\/"},{"@type":"ListItem","position":2,"name":"Boutique","item":"https:\/\/www.mira.fi\/fr\/boutique\/"},{"@type":"ListItem","position":3,"name":"Pantalon de course Mira, \u00c9t\u00e9"}]},{"@type":"WebSite","@id":"https:\/\/www.mira.fi\/#website","url":"https:\/\/www.mira.fi\/","name":"Mira-Tex Oy","description":"Fabricant leader de v\u00eatements de course hippique","publisher":{"@id":"https:\/\/www.mira.fi\/#organization"},"potentialAction":[{"@type":"SearchAction","target":{"@type":"EntryPoint","urlTemplate":"https:\/\/www.mira.fi\/?s={search_term_string}"},"query-input":{"@type":"PropertyValueSpecification","valueRequired":true,"valueName":"search_term_string"}}],"inLanguage":"fr-FR"},{"@type":"Organization","@id":"https:\/\/www.mira.fi\/#organization","name":"Mira-Tex Oy","url":"https:\/\/www.mira.fi\/","logo":{"@type":"ImageObject","inLanguage":"fr-FR","@id":"https:\/\/www.mira.fi\/#\/schema\/logo\/image\/","url":"https:\/\/www.mira.fi\/wp-content\/uploads\/favicon.png","contentUrl":"https:\/\/www.mira.fi\/wp-content\/uploads\/favicon.png","width":600,"height":600,"caption":"Mira-Tex Oy"},"image":{"@id":"https:\/\/www.mira.fi\/#\/schema\/logo\/image\/"}}]}},"_links":{"self":[{"href":"https:\/\/www.mira.fi\/fr\/wp-json\/wp\/v2\/product\/9025","targetHints":{"allow":["GET"]}}],"collection":[{"href":"https:\/\/www.mira.fi\/fr\/wp-json\/wp\/v2\/product"}],"about":[{"href":"https:\/\/www.mira.fi\/fr\/wp-json\/wp\/v2\/types\/product"}],"wp:featuredmedia":[{"embeddable":true,"href":"https:\/\/www.mira.fi\/fr\/wp-json\/wp\/v2\/media\/9026"}],"wp:attachment":[{"href":"https:\/\/www.mira.fi\/fr\/wp-json\/wp\/v2\/media?parent=9025"}],"wp:term":[{"taxonomy":"product_brand","embeddable":true,"href":"https:\/\/www.mira.fi\/fr\/wp-json\/wp\/v2\/product_brand?post=9025"},{"taxonomy":"product_cat","embeddable":true,"href":"https:\/\/www.mira.fi\/fr\/wp-json\/wp\/v2\/product_cat?post=9025"},{"taxonomy":"product_tag","embeddable":true,"href":"https:\/\/www.mira.fi\/fr\/wp-json\/wp\/v2\/product_tag?post=9025"}],"curies":[{"name":"wp","href":"https:\/\/api.w.org\/{rel}","templated":true}]}}