{"id":9064,"date":"2021-06-05T10:56:00","date_gmt":"2021-05-06T07:56:02","guid":{"rendered":"https:\/\/www.mira.fi\/product\/ensemble-thermique-mira-2-pieces-matelasse\/"},"modified":"2026-01-16T10:31:49","modified_gmt":"2026-01-16T08:31:49","slug":"ensemble-thermique-mira-2-pieces-matelasse","status":"publish","type":"product","link":"https:\/\/www.mira.fi\/fr\/product\/ensemble-thermique-mira-2-pieces-matelasse\/","title":{"rendered":"Ensemble thermique Mira, 2 pi\u00e8ces, matelass\u00e9"},"content":{"rendered":"<p>Ensemble thermique Mira, 2 pi\u00e8ces avec rembourrage matelass\u00e9 de 60g. Veste avec col ajustable et trous pour les pouces aux poignets. Poches zipp\u00e9es sur la poitrine et les c\u00f4t\u00e9s. Panneaux lat\u00e9raux et \u00e9paules arri\u00e8re extensibles en lycra. Pantalon avec dos rehauss\u00e9 et bretelles d\u00e9tachables. Possibilit\u00e9 de personnalisation avec logos brod\u00e9s.     <\/p>\n","protected":false},"excerpt":{"rendered":"<p>Ensemble thermique Mira, 2 pi\u00e8ces avec rembourrage matelass\u00e9 de 60g.  [&#8230;]<\/p>\n","protected":false},"featured_media":9065,"template":"","meta":[],"product_brand":[],"product_cat":[1878,1873],"product_tag":[],"class_list":{"0":"post-9064","1":"product","2":"type-product","3":"status-publish","4":"has-post-thumbnail","6":"product_cat-promotions-fr","7":"product_cat-vetements-de-travail","8":"pa_color-black","9":"pa_size-m","10":"pa_size-s","11":"pa_size-xs","12":"pa_size-xxl","13":"pa_size-xxs","14":"pa_size-xxxl","16":"first","17":"instock","18":"taxable","19":"shipping-taxable","20":"purchasable","21":"product-type-variable"},"yoast_head":"<!-- This site is optimized with the Yoast SEO plugin v27.4 - https:\/\/yoast.com\/product\/yoast-seo-wordpress\/ -->\n<title>Ensemble thermique Mira, 2 pi\u00e8ces, matelass\u00e9 - Mira-Tex Oy<\/title>\n<meta name=\"robots\" content=\"index, follow, max-snippet:-1, max-image-preview:large, max-video-preview:-1\" \/>\n<link rel=\"canonical\" href=\"https:\/\/www.mira.fi\/fr\/product\/ensemble-thermique-mira-2-pieces-matelasse\/\" \/>\n<meta property=\"og:locale\" content=\"fr_FR\" \/>\n<meta property=\"og:type\" content=\"article\" \/>\n<meta property=\"og:title\" content=\"Ensemble thermique Mira, 2 pi\u00e8ces, matelass\u00e9 - Mira-Tex Oy\" \/>\n<meta property=\"og:description\" content=\"Ensemble thermique Mira, 2 pi\u00e8ces avec rembourrage matelass\u00e9 de 60g. [...]\" \/>\n<meta property=\"og:url\" content=\"https:\/\/www.mira.fi\/fr\/product\/ensemble-thermique-mira-2-pieces-matelasse\/\" \/>\n<meta property=\"og:site_name\" content=\"Mira-Tex Oy\" \/>\n<meta property=\"article:modified_time\" content=\"2026-01-16T08:31:49+00:00\" \/>\n<meta property=\"og:image\" content=\"https:\/\/www.mira.fi\/wp-content\/uploads\/Mira-Thermal-Underwear-Quilted-Set-1-1-1.jpg\" \/>\n\t<meta property=\"og:image:width\" content=\"2048\" \/>\n\t<meta property=\"og:image:height\" content=\"2048\" \/>\n\t<meta property=\"og:image:type\" content=\"image\/jpeg\" \/>\n<meta name=\"twitter:card\" content=\"summary_large_image\" \/>\n<script type=\"application\/ld+json\" class=\"yoast-schema-graph\">{\"@context\":\"https:\\\/\\\/schema.org\",\"@graph\":[{\"@type\":\"WebPage\",\"@id\":\"https:\\\/\\\/www.mira.fi\\\/fr\\\/product\\\/ensemble-thermique-mira-2-pieces-matelasse\\\/\",\"url\":\"https:\\\/\\\/www.mira.fi\\\/fr\\\/product\\\/ensemble-thermique-mira-2-pieces-matelasse\\\/\",\"name\":\"Ensemble thermique Mira, 2 pi\u00e8ces, matelass\u00e9 - Mira-Tex Oy\",\"isPartOf\":{\"@id\":\"https:\\\/\\\/www.mira.fi\\\/#website\"},\"primaryImageOfPage\":{\"@id\":\"https:\\\/\\\/www.mira.fi\\\/fr\\\/product\\\/ensemble-thermique-mira-2-pieces-matelasse\\\/#primaryimage\"},\"image\":{\"@id\":\"https:\\\/\\\/www.mira.fi\\\/fr\\\/product\\\/ensemble-thermique-mira-2-pieces-matelasse\\\/#primaryimage\"},\"thumbnailUrl\":\"https:\\\/\\\/www.mira.fi\\\/wp-content\\\/uploads\\\/Mira-Thermal-Underwear-Quilted-Set-1-1-1.jpg\",\"datePublished\":\"2021-05-06T07:56:02+00:00\",\"dateModified\":\"2026-01-16T08:31:49+00:00\",\"breadcrumb\":{\"@id\":\"https:\\\/\\\/www.mira.fi\\\/fr\\\/product\\\/ensemble-thermique-mira-2-pieces-matelasse\\\/#breadcrumb\"},\"inLanguage\":\"fr-FR\",\"potentialAction\":[{\"@type\":\"ReadAction\",\"target\":[\"https:\\\/\\\/www.mira.fi\\\/fr\\\/product\\\/ensemble-thermique-mira-2-pieces-matelasse\\\/\"]}]},{\"@type\":\"ImageObject\",\"inLanguage\":\"fr-FR\",\"@id\":\"https:\\\/\\\/www.mira.fi\\\/fr\\\/product\\\/ensemble-thermique-mira-2-pieces-matelasse\\\/#primaryimage\",\"url\":\"https:\\\/\\\/www.mira.fi\\\/wp-content\\\/uploads\\\/Mira-Thermal-Underwear-Quilted-Set-1-1-1.jpg\",\"contentUrl\":\"https:\\\/\\\/www.mira.fi\\\/wp-content\\\/uploads\\\/Mira-Thermal-Underwear-Quilted-Set-1-1-1.jpg\",\"width\":2048,\"height\":2048,\"caption\":\"Ensemble thermique Mira, 2 pi\u00e8ces, matelass\u00e9\"},{\"@type\":\"BreadcrumbList\",\"@id\":\"https:\\\/\\\/www.mira.fi\\\/fr\\\/product\\\/ensemble-thermique-mira-2-pieces-matelasse\\\/#breadcrumb\",\"itemListElement\":[{\"@type\":\"ListItem\",\"position\":1,\"name\":\"Etusivu\",\"item\":\"https:\\\/\\\/www.mira.fi\\\/fr\\\/sur-mesure\\\/\"},{\"@type\":\"ListItem\",\"position\":2,\"name\":\"Boutique\",\"item\":\"https:\\\/\\\/www.mira.fi\\\/fr\\\/boutique\\\/\"},{\"@type\":\"ListItem\",\"position\":3,\"name\":\"Ensemble thermique Mira, 2 pi\u00e8ces, matelass\u00e9\"}]},{\"@type\":\"WebSite\",\"@id\":\"https:\\\/\\\/www.mira.fi\\\/#website\",\"url\":\"https:\\\/\\\/www.mira.fi\\\/\",\"name\":\"Mira-Tex Oy\",\"description\":\"Fabricant leader de v\u00eatements de course hippique\",\"publisher\":{\"@id\":\"https:\\\/\\\/www.mira.fi\\\/#organization\"},\"potentialAction\":[{\"@type\":\"SearchAction\",\"target\":{\"@type\":\"EntryPoint\",\"urlTemplate\":\"https:\\\/\\\/www.mira.fi\\\/?s={search_term_string}\"},\"query-input\":{\"@type\":\"PropertyValueSpecification\",\"valueRequired\":true,\"valueName\":\"search_term_string\"}}],\"inLanguage\":\"fr-FR\"},{\"@type\":\"Organization\",\"@id\":\"https:\\\/\\\/www.mira.fi\\\/#organization\",\"name\":\"Mira-Tex Oy\",\"url\":\"https:\\\/\\\/www.mira.fi\\\/\",\"logo\":{\"@type\":\"ImageObject\",\"inLanguage\":\"fr-FR\",\"@id\":\"https:\\\/\\\/www.mira.fi\\\/#\\\/schema\\\/logo\\\/image\\\/\",\"url\":\"https:\\\/\\\/www.mira.fi\\\/wp-content\\\/uploads\\\/favicon.png\",\"contentUrl\":\"https:\\\/\\\/www.mira.fi\\\/wp-content\\\/uploads\\\/favicon.png\",\"width\":600,\"height\":600,\"caption\":\"Mira-Tex Oy\"},\"image\":{\"@id\":\"https:\\\/\\\/www.mira.fi\\\/#\\\/schema\\\/logo\\\/image\\\/\"}}]}<\/script>\n<!-- \/ Yoast SEO plugin. -->","yoast_head_json":{"title":"Ensemble thermique Mira, 2 pi\u00e8ces, matelass\u00e9 - Mira-Tex Oy","robots":{"index":"index","follow":"follow","max-snippet":"max-snippet:-1","max-image-preview":"max-image-preview:large","max-video-preview":"max-video-preview:-1"},"canonical":"https:\/\/www.mira.fi\/fr\/product\/ensemble-thermique-mira-2-pieces-matelasse\/","og_locale":"fr_FR","og_type":"article","og_title":"Ensemble thermique Mira, 2 pi\u00e8ces, matelass\u00e9 - Mira-Tex Oy","og_description":"Ensemble thermique Mira, 2 pi\u00e8ces avec rembourrage matelass\u00e9 de 60g. [...]","og_url":"https:\/\/www.mira.fi\/fr\/product\/ensemble-thermique-mira-2-pieces-matelasse\/","og_site_name":"Mira-Tex Oy","article_modified_time":"2026-01-16T08:31:49+00:00","og_image":[{"width":2048,"height":2048,"url":"https:\/\/www.mira.fi\/wp-content\/uploads\/Mira-Thermal-Underwear-Quilted-Set-1-1-1.jpg","type":"image\/jpeg"}],"twitter_card":"summary_large_image","schema":{"@context":"https:\/\/schema.org","@graph":[{"@type":"WebPage","@id":"https:\/\/www.mira.fi\/fr\/product\/ensemble-thermique-mira-2-pieces-matelasse\/","url":"https:\/\/www.mira.fi\/fr\/product\/ensemble-thermique-mira-2-pieces-matelasse\/","name":"Ensemble thermique Mira, 2 pi\u00e8ces, matelass\u00e9 - Mira-Tex Oy","isPartOf":{"@id":"https:\/\/www.mira.fi\/#website"},"primaryImageOfPage":{"@id":"https:\/\/www.mira.fi\/fr\/product\/ensemble-thermique-mira-2-pieces-matelasse\/#primaryimage"},"image":{"@id":"https:\/\/www.mira.fi\/fr\/product\/ensemble-thermique-mira-2-pieces-matelasse\/#primaryimage"},"thumbnailUrl":"https:\/\/www.mira.fi\/wp-content\/uploads\/Mira-Thermal-Underwear-Quilted-Set-1-1-1.jpg","datePublished":"2021-05-06T07:56:02+00:00","dateModified":"2026-01-16T08:31:49+00:00","breadcrumb":{"@id":"https:\/\/www.mira.fi\/fr\/product\/ensemble-thermique-mira-2-pieces-matelasse\/#breadcrumb"},"inLanguage":"fr-FR","potentialAction":[{"@type":"ReadAction","target":["https:\/\/www.mira.fi\/fr\/product\/ensemble-thermique-mira-2-pieces-matelasse\/"]}]},{"@type":"ImageObject","inLanguage":"fr-FR","@id":"https:\/\/www.mira.fi\/fr\/product\/ensemble-thermique-mira-2-pieces-matelasse\/#primaryimage","url":"https:\/\/www.mira.fi\/wp-content\/uploads\/Mira-Thermal-Underwear-Quilted-Set-1-1-1.jpg","contentUrl":"https:\/\/www.mira.fi\/wp-content\/uploads\/Mira-Thermal-Underwear-Quilted-Set-1-1-1.jpg","width":2048,"height":2048,"caption":"Ensemble thermique Mira, 2 pi\u00e8ces, matelass\u00e9"},{"@type":"BreadcrumbList","@id":"https:\/\/www.mira.fi\/fr\/product\/ensemble-thermique-mira-2-pieces-matelasse\/#breadcrumb","itemListElement":[{"@type":"ListItem","position":1,"name":"Etusivu","item":"https:\/\/www.mira.fi\/fr\/sur-mesure\/"},{"@type":"ListItem","position":2,"name":"Boutique","item":"https:\/\/www.mira.fi\/fr\/boutique\/"},{"@type":"ListItem","position":3,"name":"Ensemble thermique Mira, 2 pi\u00e8ces, matelass\u00e9"}]},{"@type":"WebSite","@id":"https:\/\/www.mira.fi\/#website","url":"https:\/\/www.mira.fi\/","name":"Mira-Tex Oy","description":"Fabricant leader de v\u00eatements de course hippique","publisher":{"@id":"https:\/\/www.mira.fi\/#organization"},"potentialAction":[{"@type":"SearchAction","target":{"@type":"EntryPoint","urlTemplate":"https:\/\/www.mira.fi\/?s={search_term_string}"},"query-input":{"@type":"PropertyValueSpecification","valueRequired":true,"valueName":"search_term_string"}}],"inLanguage":"fr-FR"},{"@type":"Organization","@id":"https:\/\/www.mira.fi\/#organization","name":"Mira-Tex Oy","url":"https:\/\/www.mira.fi\/","logo":{"@type":"ImageObject","inLanguage":"fr-FR","@id":"https:\/\/www.mira.fi\/#\/schema\/logo\/image\/","url":"https:\/\/www.mira.fi\/wp-content\/uploads\/favicon.png","contentUrl":"https:\/\/www.mira.fi\/wp-content\/uploads\/favicon.png","width":600,"height":600,"caption":"Mira-Tex Oy"},"image":{"@id":"https:\/\/www.mira.fi\/#\/schema\/logo\/image\/"}}]}},"_links":{"self":[{"href":"https:\/\/www.mira.fi\/fr\/wp-json\/wp\/v2\/product\/9064","targetHints":{"allow":["GET"]}}],"collection":[{"href":"https:\/\/www.mira.fi\/fr\/wp-json\/wp\/v2\/product"}],"about":[{"href":"https:\/\/www.mira.fi\/fr\/wp-json\/wp\/v2\/types\/product"}],"wp:featuredmedia":[{"embeddable":true,"href":"https:\/\/www.mira.fi\/fr\/wp-json\/wp\/v2\/media\/9065"}],"wp:attachment":[{"href":"https:\/\/www.mira.fi\/fr\/wp-json\/wp\/v2\/media?parent=9064"}],"wp:term":[{"taxonomy":"product_brand","embeddable":true,"href":"https:\/\/www.mira.fi\/fr\/wp-json\/wp\/v2\/product_brand?post=9064"},{"taxonomy":"product_cat","embeddable":true,"href":"https:\/\/www.mira.fi\/fr\/wp-json\/wp\/v2\/product_cat?post=9064"},{"taxonomy":"product_tag","embeddable":true,"href":"https:\/\/www.mira.fi\/fr\/wp-json\/wp\/v2\/product_tag?post=9064"}],"curies":[{"name":"wp","href":"https:\/\/api.w.org\/{rel}","templated":true}]}}