{"id":9313,"date":"2025-12-04T09:36:22","date_gmt":"2025-12-04T07:36:22","guid":{"rendered":"https:\/\/www.mira.fi\/product\/short-thermique-mira\/"},"modified":"2025-12-04T09:36:22","modified_gmt":"2025-12-04T07:36:22","slug":"short-thermique-mira","status":"publish","type":"product","link":"https:\/\/www.mira.fi\/fr\/product\/short-thermique-mira\/","title":{"rendered":"Short thermique Mira"},"content":{"rendered":"<p>Le <strong>short thermique Mira<\/strong> est con\u00e7u pour les drivers de courses attel\u00e9es comme sous-couche chauffante \u00e0 porter sous les pantalons de course ou de travail. Il apporte du confort dans des conditions froides o\u00f9 le si\u00e8ge du sulky peut sembler glacial, offrant une isolation suppl\u00e9mentaire exactement l\u00e0 o\u00f9 c&rsquo;est le plus n\u00e9cessaire. Le tissu ext\u00e9rieur l\u00e9ger mais durable combin\u00e9 \u00e0 un rembourrage thermique fait de ce short un choix fiable pour l&rsquo;entra\u00eenement et la comp\u00e9tition en hiver.  <\/p>\n<p><strong>Caract\u00e9ristiques principales :<\/strong><\/p>\n<ul>\n<li>Fermetures \u00e9clair lat\u00e9rales sur toute la longueur pour un habillage et un retrait faciles, m\u00eame avec des bottes et des v\u00eatements d&rsquo;ext\u00e9rieur.<\/li>\n<li>Section \u00e9lastique \u00e0 l&rsquo;arri\u00e8re de la taille et boutons-pression lat\u00e9raux pour un ajustement personnalis\u00e9.<\/li>\n<li>Mat\u00e9riau antid\u00e9rapant \u00e0 l&rsquo;int\u00e9rieur de la ceinture pour que le short reste bien en place.<\/li>\n<li>Isolation thermique de 130g offrant une chaleur efficace dans les environnements froids.<\/li>\n<li>Tissu ext\u00e9rieur l\u00e9ger qui \u00e9pouse bien les formes pendant l&rsquo;utilisation<\/li>\n<\/ul>\n<p><strong>Mat\u00e9riaux :<\/strong><\/p>\n<ul>\n<li>Ext\u00e9rieur : Tissu l\u00e9ger, gardant sa forme<\/li>\n<li>Doublure : Isolation thermique de 130g<\/li>\n<\/ul>\n<p><strong>Tailles :<\/strong> XS \u2013 XXL<\/p>\n<p><strong>Utilisation id\u00e9ale :<\/strong> Pour les courses attel\u00e9es et le travail \u00e0 l&rsquo;\u00e9curie par temps froid, \u00e0 porter sous le pantalon pour plus de chaleur, en particulier au niveau du si\u00e8ge.<\/p>\n","protected":false},"excerpt":{"rendered":"<p>Le short thermique Mira est con\u00e7u pour les drivers de  [&#8230;]<\/p>\n","protected":false},"featured_media":9316,"template":"","meta":[],"product_brand":[],"product_cat":[1869,1873],"product_tag":[],"class_list":{"0":"post-9313","1":"product","2":"type-product","3":"status-publish","4":"has-post-thumbnail","6":"product_cat-vetements-de-course","7":"product_cat-vetements-de-travail","8":"pa_size-xxl","10":"first","11":"instock","12":"taxable","13":"shipping-taxable","14":"product-type-variable"},"yoast_head":"<!-- This site is optimized with the Yoast SEO plugin v27.5 - https:\/\/yoast.com\/product\/yoast-seo-wordpress\/ -->\n<title>Short thermique Mira - Mira-Tex Oy<\/title>\n<meta name=\"robots\" content=\"index, follow, max-snippet:-1, max-image-preview:large, max-video-preview:-1\" \/>\n<link rel=\"canonical\" href=\"https:\/\/www.mira.fi\/fr\/product\/short-thermique-mira\/\" \/>\n<meta property=\"og:locale\" content=\"fr_FR\" \/>\n<meta property=\"og:type\" content=\"article\" \/>\n<meta property=\"og:title\" content=\"Short thermique Mira - Mira-Tex Oy\" \/>\n<meta property=\"og:description\" content=\"Le short thermique Mira est con\u00e7u pour les drivers de [...]\" \/>\n<meta property=\"og:url\" content=\"https:\/\/www.mira.fi\/fr\/product\/short-thermique-mira\/\" \/>\n<meta property=\"og:site_name\" content=\"Mira-Tex Oy\" \/>\n<meta property=\"og:image\" content=\"https:\/\/www.mira.fi\/wp-content\/uploads\/739-Mira-Thermal-Shorts-racing-scaled.jpg\" \/>\n\t<meta property=\"og:image:width\" content=\"1920\" \/>\n\t<meta property=\"og:image:height\" content=\"2560\" \/>\n\t<meta property=\"og:image:type\" content=\"image\/jpeg\" \/>\n<meta name=\"twitter:card\" content=\"summary_large_image\" \/>\n<meta name=\"twitter:label1\" content=\"Dur\u00e9e de lecture estim\u00e9e\" \/>\n\t<meta name=\"twitter:data1\" content=\"1 minute\" \/>\n<script type=\"application\/ld+json\" class=\"yoast-schema-graph\">{\"@context\":\"https:\\\/\\\/schema.org\",\"@graph\":[{\"@type\":\"WebPage\",\"@id\":\"https:\\\/\\\/www.mira.fi\\\/fr\\\/product\\\/short-thermique-mira\\\/\",\"url\":\"https:\\\/\\\/www.mira.fi\\\/fr\\\/product\\\/short-thermique-mira\\\/\",\"name\":\"Short thermique Mira - Mira-Tex Oy\",\"isPartOf\":{\"@id\":\"https:\\\/\\\/www.mira.fi\\\/#website\"},\"primaryImageOfPage\":{\"@id\":\"https:\\\/\\\/www.mira.fi\\\/fr\\\/product\\\/short-thermique-mira\\\/#primaryimage\"},\"image\":{\"@id\":\"https:\\\/\\\/www.mira.fi\\\/fr\\\/product\\\/short-thermique-mira\\\/#primaryimage\"},\"thumbnailUrl\":\"https:\\\/\\\/www.mira.fi\\\/wp-content\\\/uploads\\\/739-Mira-Thermal-Shorts-racing-scaled.jpg\",\"datePublished\":\"2025-12-04T07:36:22+00:00\",\"breadcrumb\":{\"@id\":\"https:\\\/\\\/www.mira.fi\\\/fr\\\/product\\\/short-thermique-mira\\\/#breadcrumb\"},\"inLanguage\":\"fr-FR\",\"potentialAction\":[{\"@type\":\"ReadAction\",\"target\":[\"https:\\\/\\\/www.mira.fi\\\/fr\\\/product\\\/short-thermique-mira\\\/\"]}]},{\"@type\":\"ImageObject\",\"inLanguage\":\"fr-FR\",\"@id\":\"https:\\\/\\\/www.mira.fi\\\/fr\\\/product\\\/short-thermique-mira\\\/#primaryimage\",\"url\":\"https:\\\/\\\/www.mira.fi\\\/wp-content\\\/uploads\\\/739-Mira-Thermal-Shorts-racing-scaled.jpg\",\"contentUrl\":\"https:\\\/\\\/www.mira.fi\\\/wp-content\\\/uploads\\\/739-Mira-Thermal-Shorts-racing-scaled.jpg\",\"width\":1920,\"height\":2560},{\"@type\":\"BreadcrumbList\",\"@id\":\"https:\\\/\\\/www.mira.fi\\\/fr\\\/product\\\/short-thermique-mira\\\/#breadcrumb\",\"itemListElement\":[{\"@type\":\"ListItem\",\"position\":1,\"name\":\"Etusivu\",\"item\":\"https:\\\/\\\/www.mira.fi\\\/fr\\\/sur-mesure\\\/\"},{\"@type\":\"ListItem\",\"position\":2,\"name\":\"Boutique\",\"item\":\"https:\\\/\\\/www.mira.fi\\\/fr\\\/boutique\\\/\"},{\"@type\":\"ListItem\",\"position\":3,\"name\":\"Short thermique Mira\"}]},{\"@type\":\"WebSite\",\"@id\":\"https:\\\/\\\/www.mira.fi\\\/#website\",\"url\":\"https:\\\/\\\/www.mira.fi\\\/\",\"name\":\"Mira-Tex Oy\",\"description\":\"Fabricant leader de v\u00eatements de course hippique\",\"publisher\":{\"@id\":\"https:\\\/\\\/www.mira.fi\\\/#organization\"},\"potentialAction\":[{\"@type\":\"SearchAction\",\"target\":{\"@type\":\"EntryPoint\",\"urlTemplate\":\"https:\\\/\\\/www.mira.fi\\\/?s={search_term_string}\"},\"query-input\":{\"@type\":\"PropertyValueSpecification\",\"valueRequired\":true,\"valueName\":\"search_term_string\"}}],\"inLanguage\":\"fr-FR\"},{\"@type\":\"Organization\",\"@id\":\"https:\\\/\\\/www.mira.fi\\\/#organization\",\"name\":\"Mira-Tex Oy\",\"url\":\"https:\\\/\\\/www.mira.fi\\\/\",\"logo\":{\"@type\":\"ImageObject\",\"inLanguage\":\"fr-FR\",\"@id\":\"https:\\\/\\\/www.mira.fi\\\/#\\\/schema\\\/logo\\\/image\\\/\",\"url\":\"https:\\\/\\\/www.mira.fi\\\/wp-content\\\/uploads\\\/favicon.png\",\"contentUrl\":\"https:\\\/\\\/www.mira.fi\\\/wp-content\\\/uploads\\\/favicon.png\",\"width\":600,\"height\":600,\"caption\":\"Mira-Tex Oy\"},\"image\":{\"@id\":\"https:\\\/\\\/www.mira.fi\\\/#\\\/schema\\\/logo\\\/image\\\/\"}}]}<\/script>\n<!-- \/ Yoast SEO plugin. -->","yoast_head_json":{"title":"Short thermique Mira - Mira-Tex Oy","robots":{"index":"index","follow":"follow","max-snippet":"max-snippet:-1","max-image-preview":"max-image-preview:large","max-video-preview":"max-video-preview:-1"},"canonical":"https:\/\/www.mira.fi\/fr\/product\/short-thermique-mira\/","og_locale":"fr_FR","og_type":"article","og_title":"Short thermique Mira - Mira-Tex Oy","og_description":"Le short thermique Mira est con\u00e7u pour les drivers de [...]","og_url":"https:\/\/www.mira.fi\/fr\/product\/short-thermique-mira\/","og_site_name":"Mira-Tex Oy","og_image":[{"width":1920,"height":2560,"url":"https:\/\/www.mira.fi\/wp-content\/uploads\/739-Mira-Thermal-Shorts-racing-scaled.jpg","type":"image\/jpeg"}],"twitter_card":"summary_large_image","twitter_misc":{"Dur\u00e9e de lecture estim\u00e9e":"1 minute"},"schema":{"@context":"https:\/\/schema.org","@graph":[{"@type":"WebPage","@id":"https:\/\/www.mira.fi\/fr\/product\/short-thermique-mira\/","url":"https:\/\/www.mira.fi\/fr\/product\/short-thermique-mira\/","name":"Short thermique Mira - Mira-Tex Oy","isPartOf":{"@id":"https:\/\/www.mira.fi\/#website"},"primaryImageOfPage":{"@id":"https:\/\/www.mira.fi\/fr\/product\/short-thermique-mira\/#primaryimage"},"image":{"@id":"https:\/\/www.mira.fi\/fr\/product\/short-thermique-mira\/#primaryimage"},"thumbnailUrl":"https:\/\/www.mira.fi\/wp-content\/uploads\/739-Mira-Thermal-Shorts-racing-scaled.jpg","datePublished":"2025-12-04T07:36:22+00:00","breadcrumb":{"@id":"https:\/\/www.mira.fi\/fr\/product\/short-thermique-mira\/#breadcrumb"},"inLanguage":"fr-FR","potentialAction":[{"@type":"ReadAction","target":["https:\/\/www.mira.fi\/fr\/product\/short-thermique-mira\/"]}]},{"@type":"ImageObject","inLanguage":"fr-FR","@id":"https:\/\/www.mira.fi\/fr\/product\/short-thermique-mira\/#primaryimage","url":"https:\/\/www.mira.fi\/wp-content\/uploads\/739-Mira-Thermal-Shorts-racing-scaled.jpg","contentUrl":"https:\/\/www.mira.fi\/wp-content\/uploads\/739-Mira-Thermal-Shorts-racing-scaled.jpg","width":1920,"height":2560},{"@type":"BreadcrumbList","@id":"https:\/\/www.mira.fi\/fr\/product\/short-thermique-mira\/#breadcrumb","itemListElement":[{"@type":"ListItem","position":1,"name":"Etusivu","item":"https:\/\/www.mira.fi\/fr\/sur-mesure\/"},{"@type":"ListItem","position":2,"name":"Boutique","item":"https:\/\/www.mira.fi\/fr\/boutique\/"},{"@type":"ListItem","position":3,"name":"Short thermique Mira"}]},{"@type":"WebSite","@id":"https:\/\/www.mira.fi\/#website","url":"https:\/\/www.mira.fi\/","name":"Mira-Tex Oy","description":"Fabricant leader de v\u00eatements de course hippique","publisher":{"@id":"https:\/\/www.mira.fi\/#organization"},"potentialAction":[{"@type":"SearchAction","target":{"@type":"EntryPoint","urlTemplate":"https:\/\/www.mira.fi\/?s={search_term_string}"},"query-input":{"@type":"PropertyValueSpecification","valueRequired":true,"valueName":"search_term_string"}}],"inLanguage":"fr-FR"},{"@type":"Organization","@id":"https:\/\/www.mira.fi\/#organization","name":"Mira-Tex Oy","url":"https:\/\/www.mira.fi\/","logo":{"@type":"ImageObject","inLanguage":"fr-FR","@id":"https:\/\/www.mira.fi\/#\/schema\/logo\/image\/","url":"https:\/\/www.mira.fi\/wp-content\/uploads\/favicon.png","contentUrl":"https:\/\/www.mira.fi\/wp-content\/uploads\/favicon.png","width":600,"height":600,"caption":"Mira-Tex Oy"},"image":{"@id":"https:\/\/www.mira.fi\/#\/schema\/logo\/image\/"}}]}},"_links":{"self":[{"href":"https:\/\/www.mira.fi\/fr\/wp-json\/wp\/v2\/product\/9313","targetHints":{"allow":["GET"]}}],"collection":[{"href":"https:\/\/www.mira.fi\/fr\/wp-json\/wp\/v2\/product"}],"about":[{"href":"https:\/\/www.mira.fi\/fr\/wp-json\/wp\/v2\/types\/product"}],"wp:featuredmedia":[{"embeddable":true,"href":"https:\/\/www.mira.fi\/fr\/wp-json\/wp\/v2\/media\/9316"}],"wp:attachment":[{"href":"https:\/\/www.mira.fi\/fr\/wp-json\/wp\/v2\/media?parent=9313"}],"wp:term":[{"taxonomy":"product_brand","embeddable":true,"href":"https:\/\/www.mira.fi\/fr\/wp-json\/wp\/v2\/product_brand?post=9313"},{"taxonomy":"product_cat","embeddable":true,"href":"https:\/\/www.mira.fi\/fr\/wp-json\/wp\/v2\/product_cat?post=9313"},{"taxonomy":"product_tag","embeddable":true,"href":"https:\/\/www.mira.fi\/fr\/wp-json\/wp\/v2\/product_tag?post=9313"}],"curies":[{"name":"wp","href":"https:\/\/api.w.org\/{rel}","templated":true}]}}