{"id":9760,"date":"2025-12-10T11:04:23","date_gmt":"2025-12-10T09:04:23","guid":{"rendered":"https:\/\/www.mira.fi\/product\/nouvel-ensemble-dentrainement-mira-tous-temps\/"},"modified":"2026-01-16T09:58:57","modified_gmt":"2026-01-16T07:58:57","slug":"nouvel-ensemble-dentrainement-mira-tous-temps","status":"publish","type":"product","link":"https:\/\/www.mira.fi\/fr\/product\/nouvel-ensemble-dentrainement-mira-tous-temps\/","title":{"rendered":"NOUVEL Ensemble d&rsquo;entra\u00eenement Mira tous temps"},"content":{"rendered":"<h3 data-start=\"89\" data-end=\"164\"><strong data-start=\"93\" data-end=\"164\">Ensemble de travail Mira tous temps \u2013 L\u00e9ger, flexible et con\u00e7u pour le vrai travail<\/strong><\/h3>\n<p data-start=\"166\" data-end=\"455\">Le nouvel ensemble de travail Mira tous temps est con\u00e7u pour la vie \u00e9questre moderne, o\u00f9 le confort, la mobilit\u00e9 et la fiabilit\u00e9 comptent vraiment. Fabriqu\u00e9 \u00e0 partir d&rsquo;un <strong data-start=\"310\" data-end=\"354\">mat\u00e9riau l\u00e9ger et tr\u00e8s flexible<\/strong>, cet ensemble est doux et naturel \u00e0 porter, ce qui rend le travail quotidien \u0437\u0430\u043c\u0435\u0442\u043d\u043e plus facile et plus confortable. <\/p>\n<p data-start=\"457\" data-end=\"750\">Le col haut et bien form\u00e9 prot\u00e8ge efficacement du vent et de la pluie tout en offrant un ajustement confortable. Les poches de poitrine et les poches avant pratiques sont dot\u00e9es de fermetures \u00e9clair lisses et faciles \u00e0 utiliser pour un rangement quotidien s\u00e9curis\u00e9. La coupe est moderne et fonctionnelle, suivant les mouvements du corps sans restriction.  <\/p>\n<p data-start=\"752\" data-end=\"927\">Fiable, confortable et con\u00e7u pour les longues journ\u00e9es de travail, l&rsquo;ensemble de travail Mira tous temps offre l&rsquo;\u00e9quilibre parfait entre <strong data-start=\"878\" data-end=\"926\">performance, protection et confort tout au long de la journ\u00e9e<\/strong>.<\/p>\n<p data-start=\"929\" data-end=\"1107\"><strong data-start=\"929\" data-end=\"982\">La personnalisation avec des logos brod\u00e9s est disponible<\/strong>, ce qui fait de cet ensemble un choix id\u00e9al pour les \u00e9curies, les \u00e9quipes et les professionnels qui appr\u00e9cient \u00e0 la fois la performance et une image de marque unifi\u00e9e.<\/p>\n","protected":false},"excerpt":{"rendered":"<p><strong data-start=\"120\" data-end=\"152\">Ensemble de travail Mira tous temps<\/strong><br data-start=\"152\" data-end=\"155\">L\u00e9ger, flexible et con\u00e7u pour le vrai travail. Con\u00e7u pour la vie \u00e9questre moderne, cet ensemble tous temps offre un confort optimal tout au long de la journ\u00e9e, une libert\u00e9 de mouvement et une protection fiable contre le vent et la pluie. Une coupe moderne, des poches pratiques et un toucher doux et naturel le rendent id\u00e9al pour les longues journ\u00e9es de travail ou les loisirs. Broderie personnalis\u00e9e disponible pour un look professionnel et unifi\u00e9.<\/p>\n","protected":false},"featured_media":9763,"template":"","meta":[],"product_brand":[],"product_cat":[1878,1885,1873],"product_tag":[],"class_list":{"0":"post-9760","1":"product","2":"type-product","3":"status-publish","4":"has-post-thumbnail","6":"product_cat-promotions-fr","7":"product_cat-deals","8":"product_cat-vetements-de-travail","9":"pa_color-navy-blue","10":"pa_color-noir","11":"pa_size-l","13":"first","14":"instock","15":"featured","16":"taxable","17":"shipping-taxable","18":"purchasable","19":"product-type-variable"},"yoast_head":"<!-- This site is optimized with the Yoast SEO plugin v27.5 - https:\/\/yoast.com\/product\/yoast-seo-wordpress\/ -->\n<title>NOUVEL Ensemble d&#039;entra\u00eenement Mira tous temps - Mira-Tex Oy<\/title>\n<meta name=\"description\" content=\"Ensemble de travail Mira tous temps L\u00e9ger, flexible et con\u00e7u pour le vrai travail. Con\u00e7u pour la vie \u00e9questre moderne, cet ensemble tous temps offre un confort optimal tout au long de la journ\u00e9e, une libert\u00e9 de mouvement et une protection fiable contre le vent et la pluie. Une coupe moderne, des poches pratiques et un toucher doux et naturel le rendent id\u00e9al pour les longues journ\u00e9es de travail ou les loisirs. Broderie personnalis\u00e9e disponible pour un look professionnel et unifi\u00e9.\" \/>\n<meta name=\"robots\" content=\"index, follow, max-snippet:-1, max-image-preview:large, max-video-preview:-1\" \/>\n<link rel=\"canonical\" href=\"https:\/\/www.mira.fi\/fr\/product\/nouvel-ensemble-dentrainement-mira-tous-temps\/\" \/>\n<meta property=\"og:locale\" content=\"fr_FR\" \/>\n<meta property=\"og:type\" content=\"article\" \/>\n<meta property=\"og:title\" content=\"NOUVEL Ensemble d&#039;entra\u00eenement Mira tous temps - Mira-Tex Oy\" \/>\n<meta property=\"og:description\" content=\"Ensemble de travail Mira tous temps L\u00e9ger, flexible et con\u00e7u pour le vrai travail. Con\u00e7u pour la vie \u00e9questre moderne, cet ensemble tous temps offre un confort optimal tout au long de la journ\u00e9e, une libert\u00e9 de mouvement et une protection fiable contre le vent et la pluie. Une coupe moderne, des poches pratiques et un toucher doux et naturel le rendent id\u00e9al pour les longues journ\u00e9es de travail ou les loisirs. Broderie personnalis\u00e9e disponible pour un look professionnel et unifi\u00e9.\" \/>\n<meta property=\"og:url\" content=\"https:\/\/www.mira.fi\/fr\/product\/nouvel-ensemble-dentrainement-mira-tous-temps\/\" \/>\n<meta property=\"og:site_name\" content=\"Mira-Tex Oy\" \/>\n<meta property=\"article:modified_time\" content=\"2026-01-16T07:58:57+00:00\" \/>\n<meta property=\"og:image\" content=\"https:\/\/www.mira.fi\/wp-content\/uploads\/736-BL-scaled.jpg\" \/>\n\t<meta property=\"og:image:width\" content=\"1920\" \/>\n\t<meta property=\"og:image:height\" content=\"2560\" \/>\n\t<meta property=\"og:image:type\" content=\"image\/jpeg\" \/>\n<meta name=\"twitter:card\" content=\"summary_large_image\" \/>\n<meta name=\"twitter:label1\" content=\"Dur\u00e9e de lecture estim\u00e9e\" \/>\n\t<meta name=\"twitter:data1\" content=\"1 minute\" \/>\n<script type=\"application\/ld+json\" class=\"yoast-schema-graph\">{\"@context\":\"https:\\\/\\\/schema.org\",\"@graph\":[{\"@type\":\"WebPage\",\"@id\":\"https:\\\/\\\/www.mira.fi\\\/fr\\\/product\\\/nouvel-ensemble-dentrainement-mira-tous-temps\\\/\",\"url\":\"https:\\\/\\\/www.mira.fi\\\/fr\\\/product\\\/nouvel-ensemble-dentrainement-mira-tous-temps\\\/\",\"name\":\"NOUVEL Ensemble d'entra\u00eenement Mira tous temps - Mira-Tex Oy\",\"isPartOf\":{\"@id\":\"https:\\\/\\\/www.mira.fi\\\/#website\"},\"primaryImageOfPage\":{\"@id\":\"https:\\\/\\\/www.mira.fi\\\/fr\\\/product\\\/nouvel-ensemble-dentrainement-mira-tous-temps\\\/#primaryimage\"},\"image\":{\"@id\":\"https:\\\/\\\/www.mira.fi\\\/fr\\\/product\\\/nouvel-ensemble-dentrainement-mira-tous-temps\\\/#primaryimage\"},\"thumbnailUrl\":\"https:\\\/\\\/www.mira.fi\\\/wp-content\\\/uploads\\\/736-BL-scaled.jpg\",\"datePublished\":\"2025-12-10T09:04:23+00:00\",\"dateModified\":\"2026-01-16T07:58:57+00:00\",\"description\":\"Ensemble de travail Mira tous temps L\u00e9ger, flexible et con\u00e7u pour le vrai travail. Con\u00e7u pour la vie \u00e9questre moderne, cet ensemble tous temps offre un confort optimal tout au long de la journ\u00e9e, une libert\u00e9 de mouvement et une protection fiable contre le vent et la pluie. Une coupe moderne, des poches pratiques et un toucher doux et naturel le rendent id\u00e9al pour les longues journ\u00e9es de travail ou les loisirs. Broderie personnalis\u00e9e disponible pour un look professionnel et unifi\u00e9.\",\"breadcrumb\":{\"@id\":\"https:\\\/\\\/www.mira.fi\\\/fr\\\/product\\\/nouvel-ensemble-dentrainement-mira-tous-temps\\\/#breadcrumb\"},\"inLanguage\":\"fr-FR\",\"potentialAction\":[{\"@type\":\"ReadAction\",\"target\":[\"https:\\\/\\\/www.mira.fi\\\/fr\\\/product\\\/nouvel-ensemble-dentrainement-mira-tous-temps\\\/\"]}]},{\"@type\":\"ImageObject\",\"inLanguage\":\"fr-FR\",\"@id\":\"https:\\\/\\\/www.mira.fi\\\/fr\\\/product\\\/nouvel-ensemble-dentrainement-mira-tous-temps\\\/#primaryimage\",\"url\":\"https:\\\/\\\/www.mira.fi\\\/wp-content\\\/uploads\\\/736-BL-scaled.jpg\",\"contentUrl\":\"https:\\\/\\\/www.mira.fi\\\/wp-content\\\/uploads\\\/736-BL-scaled.jpg\",\"width\":1920,\"height\":2560},{\"@type\":\"BreadcrumbList\",\"@id\":\"https:\\\/\\\/www.mira.fi\\\/fr\\\/product\\\/nouvel-ensemble-dentrainement-mira-tous-temps\\\/#breadcrumb\",\"itemListElement\":[{\"@type\":\"ListItem\",\"position\":1,\"name\":\"Etusivu\",\"item\":\"https:\\\/\\\/www.mira.fi\\\/fr\\\/sur-mesure\\\/\"},{\"@type\":\"ListItem\",\"position\":2,\"name\":\"Boutique\",\"item\":\"https:\\\/\\\/www.mira.fi\\\/fr\\\/boutique\\\/\"},{\"@type\":\"ListItem\",\"position\":3,\"name\":\"NOUVEL Ensemble d&#8217;entra\u00eenement Mira tous temps\"}]},{\"@type\":\"WebSite\",\"@id\":\"https:\\\/\\\/www.mira.fi\\\/#website\",\"url\":\"https:\\\/\\\/www.mira.fi\\\/\",\"name\":\"Mira-Tex Oy\",\"description\":\"Fabricant leader de v\u00eatements de course hippique\",\"publisher\":{\"@id\":\"https:\\\/\\\/www.mira.fi\\\/#organization\"},\"potentialAction\":[{\"@type\":\"SearchAction\",\"target\":{\"@type\":\"EntryPoint\",\"urlTemplate\":\"https:\\\/\\\/www.mira.fi\\\/?s={search_term_string}\"},\"query-input\":{\"@type\":\"PropertyValueSpecification\",\"valueRequired\":true,\"valueName\":\"search_term_string\"}}],\"inLanguage\":\"fr-FR\"},{\"@type\":\"Organization\",\"@id\":\"https:\\\/\\\/www.mira.fi\\\/#organization\",\"name\":\"Mira-Tex Oy\",\"url\":\"https:\\\/\\\/www.mira.fi\\\/\",\"logo\":{\"@type\":\"ImageObject\",\"inLanguage\":\"fr-FR\",\"@id\":\"https:\\\/\\\/www.mira.fi\\\/#\\\/schema\\\/logo\\\/image\\\/\",\"url\":\"https:\\\/\\\/www.mira.fi\\\/wp-content\\\/uploads\\\/favicon.png\",\"contentUrl\":\"https:\\\/\\\/www.mira.fi\\\/wp-content\\\/uploads\\\/favicon.png\",\"width\":600,\"height\":600,\"caption\":\"Mira-Tex Oy\"},\"image\":{\"@id\":\"https:\\\/\\\/www.mira.fi\\\/#\\\/schema\\\/logo\\\/image\\\/\"}}]}<\/script>\n<!-- \/ Yoast SEO plugin. -->","yoast_head_json":{"title":"NOUVEL Ensemble d'entra\u00eenement Mira tous temps - Mira-Tex Oy","description":"Ensemble de travail Mira tous temps L\u00e9ger, flexible et con\u00e7u pour le vrai travail. Con\u00e7u pour la vie \u00e9questre moderne, cet ensemble tous temps offre un confort optimal tout au long de la journ\u00e9e, une libert\u00e9 de mouvement et une protection fiable contre le vent et la pluie. Une coupe moderne, des poches pratiques et un toucher doux et naturel le rendent id\u00e9al pour les longues journ\u00e9es de travail ou les loisirs. Broderie personnalis\u00e9e disponible pour un look professionnel et unifi\u00e9.","robots":{"index":"index","follow":"follow","max-snippet":"max-snippet:-1","max-image-preview":"max-image-preview:large","max-video-preview":"max-video-preview:-1"},"canonical":"https:\/\/www.mira.fi\/fr\/product\/nouvel-ensemble-dentrainement-mira-tous-temps\/","og_locale":"fr_FR","og_type":"article","og_title":"NOUVEL Ensemble d'entra\u00eenement Mira tous temps - Mira-Tex Oy","og_description":"Ensemble de travail Mira tous temps L\u00e9ger, flexible et con\u00e7u pour le vrai travail. Con\u00e7u pour la vie \u00e9questre moderne, cet ensemble tous temps offre un confort optimal tout au long de la journ\u00e9e, une libert\u00e9 de mouvement et une protection fiable contre le vent et la pluie. Une coupe moderne, des poches pratiques et un toucher doux et naturel le rendent id\u00e9al pour les longues journ\u00e9es de travail ou les loisirs. Broderie personnalis\u00e9e disponible pour un look professionnel et unifi\u00e9.","og_url":"https:\/\/www.mira.fi\/fr\/product\/nouvel-ensemble-dentrainement-mira-tous-temps\/","og_site_name":"Mira-Tex Oy","article_modified_time":"2026-01-16T07:58:57+00:00","og_image":[{"width":1920,"height":2560,"url":"https:\/\/www.mira.fi\/wp-content\/uploads\/736-BL-scaled.jpg","type":"image\/jpeg"}],"twitter_card":"summary_large_image","twitter_misc":{"Dur\u00e9e de lecture estim\u00e9e":"1 minute"},"schema":{"@context":"https:\/\/schema.org","@graph":[{"@type":"WebPage","@id":"https:\/\/www.mira.fi\/fr\/product\/nouvel-ensemble-dentrainement-mira-tous-temps\/","url":"https:\/\/www.mira.fi\/fr\/product\/nouvel-ensemble-dentrainement-mira-tous-temps\/","name":"NOUVEL Ensemble d'entra\u00eenement Mira tous temps - Mira-Tex Oy","isPartOf":{"@id":"https:\/\/www.mira.fi\/#website"},"primaryImageOfPage":{"@id":"https:\/\/www.mira.fi\/fr\/product\/nouvel-ensemble-dentrainement-mira-tous-temps\/#primaryimage"},"image":{"@id":"https:\/\/www.mira.fi\/fr\/product\/nouvel-ensemble-dentrainement-mira-tous-temps\/#primaryimage"},"thumbnailUrl":"https:\/\/www.mira.fi\/wp-content\/uploads\/736-BL-scaled.jpg","datePublished":"2025-12-10T09:04:23+00:00","dateModified":"2026-01-16T07:58:57+00:00","description":"Ensemble de travail Mira tous temps L\u00e9ger, flexible et con\u00e7u pour le vrai travail. Con\u00e7u pour la vie \u00e9questre moderne, cet ensemble tous temps offre un confort optimal tout au long de la journ\u00e9e, une libert\u00e9 de mouvement et une protection fiable contre le vent et la pluie. Une coupe moderne, des poches pratiques et un toucher doux et naturel le rendent id\u00e9al pour les longues journ\u00e9es de travail ou les loisirs. Broderie personnalis\u00e9e disponible pour un look professionnel et unifi\u00e9.","breadcrumb":{"@id":"https:\/\/www.mira.fi\/fr\/product\/nouvel-ensemble-dentrainement-mira-tous-temps\/#breadcrumb"},"inLanguage":"fr-FR","potentialAction":[{"@type":"ReadAction","target":["https:\/\/www.mira.fi\/fr\/product\/nouvel-ensemble-dentrainement-mira-tous-temps\/"]}]},{"@type":"ImageObject","inLanguage":"fr-FR","@id":"https:\/\/www.mira.fi\/fr\/product\/nouvel-ensemble-dentrainement-mira-tous-temps\/#primaryimage","url":"https:\/\/www.mira.fi\/wp-content\/uploads\/736-BL-scaled.jpg","contentUrl":"https:\/\/www.mira.fi\/wp-content\/uploads\/736-BL-scaled.jpg","width":1920,"height":2560},{"@type":"BreadcrumbList","@id":"https:\/\/www.mira.fi\/fr\/product\/nouvel-ensemble-dentrainement-mira-tous-temps\/#breadcrumb","itemListElement":[{"@type":"ListItem","position":1,"name":"Etusivu","item":"https:\/\/www.mira.fi\/fr\/sur-mesure\/"},{"@type":"ListItem","position":2,"name":"Boutique","item":"https:\/\/www.mira.fi\/fr\/boutique\/"},{"@type":"ListItem","position":3,"name":"NOUVEL Ensemble d&#8217;entra\u00eenement Mira tous temps"}]},{"@type":"WebSite","@id":"https:\/\/www.mira.fi\/#website","url":"https:\/\/www.mira.fi\/","name":"Mira-Tex Oy","description":"Fabricant leader de v\u00eatements de course hippique","publisher":{"@id":"https:\/\/www.mira.fi\/#organization"},"potentialAction":[{"@type":"SearchAction","target":{"@type":"EntryPoint","urlTemplate":"https:\/\/www.mira.fi\/?s={search_term_string}"},"query-input":{"@type":"PropertyValueSpecification","valueRequired":true,"valueName":"search_term_string"}}],"inLanguage":"fr-FR"},{"@type":"Organization","@id":"https:\/\/www.mira.fi\/#organization","name":"Mira-Tex Oy","url":"https:\/\/www.mira.fi\/","logo":{"@type":"ImageObject","inLanguage":"fr-FR","@id":"https:\/\/www.mira.fi\/#\/schema\/logo\/image\/","url":"https:\/\/www.mira.fi\/wp-content\/uploads\/favicon.png","contentUrl":"https:\/\/www.mira.fi\/wp-content\/uploads\/favicon.png","width":600,"height":600,"caption":"Mira-Tex Oy"},"image":{"@id":"https:\/\/www.mira.fi\/#\/schema\/logo\/image\/"}}]}},"_links":{"self":[{"href":"https:\/\/www.mira.fi\/fr\/wp-json\/wp\/v2\/product\/9760","targetHints":{"allow":["GET"]}}],"collection":[{"href":"https:\/\/www.mira.fi\/fr\/wp-json\/wp\/v2\/product"}],"about":[{"href":"https:\/\/www.mira.fi\/fr\/wp-json\/wp\/v2\/types\/product"}],"wp:featuredmedia":[{"embeddable":true,"href":"https:\/\/www.mira.fi\/fr\/wp-json\/wp\/v2\/media\/9763"}],"wp:attachment":[{"href":"https:\/\/www.mira.fi\/fr\/wp-json\/wp\/v2\/media?parent=9760"}],"wp:term":[{"taxonomy":"product_brand","embeddable":true,"href":"https:\/\/www.mira.fi\/fr\/wp-json\/wp\/v2\/product_brand?post=9760"},{"taxonomy":"product_cat","embeddable":true,"href":"https:\/\/www.mira.fi\/fr\/wp-json\/wp\/v2\/product_cat?post=9760"},{"taxonomy":"product_tag","embeddable":true,"href":"https:\/\/www.mira.fi\/fr\/wp-json\/wp\/v2\/product_tag?post=9760"}],"curies":[{"name":"wp","href":"https:\/\/api.w.org\/{rel}","templated":true}]}}