{"id":9975,"date":"2026-01-12T14:56:14","date_gmt":"2026-01-12T12:56:14","guid":{"rendered":"https:\/\/www.mira.fi\/product\/lzr-5\/"},"modified":"2026-01-12T14:56:14","modified_gmt":"2026-01-12T12:56:14","slug":"lzr-5","status":"publish","type":"product","link":"https:\/\/www.mira.fi\/fr\/product\/lzr-5\/","title":{"rendered":"LZR 5"},"content":{"rendered":"<p><strong>Roues LZR 5<\/strong><\/p>\n<p data-end=\"626\" data-start=\"306\">Les roues de sulky <strong data-end=\"319\" data-start=\"310\">LZR 5<\/strong> sont parmi les roues de course les plus performantes disponibles pour les courses de harnais. Con\u00e7ues avec des mat\u00e9riaux de premi\u00e8re qualit\u00e9, ces roues offrent une combinaison exceptionnelle de <strong data-end=\"560\" data-start=\"496\">l\u00e9g\u00e8ret\u00e9, de r\u00e9sistance et de performance de roulement fluide<\/strong>, ce qui en fait un choix populaire dans les environnements de course comp\u00e9titifs. <\/p>\n<p data-end=\"922\" data-start=\"628\">Les roues sont <strong data-end=\"685\" data-start=\"643\">fabriqu\u00e9es \u00e0 partir de fibre de carbone durable<\/strong>, offrant une excellente rigidit\u00e9 et un faible poids. Un <strong data-end=\"769\" data-start=\"736\">bord ext\u00e9rieur renforc\u00e9 en aluminium<\/strong> ajoute une protection et une durabilit\u00e9 suppl\u00e9mentaires, permettant aux roues de r\u00e9sister \u00e0 une <strong data-end=\"888\" data-start=\"841\">utilisation intensive<\/strong> sans compromettre les performances. <\/p>\n<p data-end=\"1305\" data-start=\"924\"><strong data-end=\"958\" data-start=\"924\">Principales caract\u00e9ristiques et sp\u00e9cifications&nbsp;:<\/strong><br data-end=\"961\" data-start=\"958\">\u2022 <strong data-end=\"1001\" data-start=\"963\">Construction extr\u00eamement l\u00e9g\u00e8re<\/strong> <br data-end=\"1045\" data-start=\"1042\">\u2022 <strong data-end=\"1073\" data-start=\"1047\">Structure en fibre de carbone<\/strong> <br data-end=\"1114\" data-start=\"1111\">\u2022 <strong data-end=\"1138\" data-start=\"1116\">Bord ext\u00e9rieur en aluminium<\/strong> <br data-end=\"1187\" data-start=\"1184\">\u2022 <strong data-end=\"1215\" data-start=\"1189\">Diam\u00e8tre de roue de 28&nbsp;pouces<\/strong><br data-end=\"1218\" data-is-only-node=\"\" data-start=\"1215\">\u2022 <strong data-end=\"1242\" data-start=\"1220\">Disponible en noir<\/strong><br data-end=\"1245\" data-start=\"1242\">\u2022 <strong>Conception \u00e9prouv\u00e9e, approuv\u00e9e par les entra\u00eeneurs et les conducteurs professionnels<\/strong><\/p>\n<p data-end=\"1448\" data-start=\"1307\">Les roues LZR 5 sont un choix id\u00e9al pour les professionnels recherchant <strong data-end=\"1418\" data-start=\"1370\">des performances maximales combin\u00e9es \u00e0 la durabilit\u00e9<\/strong> dans les courses de harnais de haut niveau.<\/p>\n<p data-end=\"1448\" data-start=\"1307\">Prix par paire. Contactez-nous pour les achats de roues individuelles <\/p>\n","protected":false},"excerpt":{"rendered":"<p>Les roues de sulky <strong data-end=\"319\" data-start=\"310\">LZR 5<\/strong> sont parmi les roues de course les plus performantes disponibles pour les courses de harnais. Con\u00e7ues avec des mat\u00e9riaux de premi\u00e8re qualit\u00e9, ces roues offrent une combinaison exceptionnelle de <strong data-end=\"560\" data-start=\"496\">l\u00e9g\u00e8ret\u00e9, de r\u00e9sistance et de performance de roulement fluide<\/strong>, ce qui en fait un choix populaire dans les environnements de course comp\u00e9titifs. <\/p>\n","protected":false},"featured_media":9976,"template":"","meta":[],"product_brand":[],"product_cat":[1883],"product_tag":[],"class_list":{"0":"post-9975","1":"product","2":"type-product","3":"status-publish","4":"has-post-thumbnail","6":"product_cat-accessoires-fr","8":"first","9":"instock","10":"taxable","11":"shipping-taxable","12":"product-type-simple"},"yoast_head":"<!-- This site is optimized with the Yoast SEO plugin v27.3 - https:\/\/yoast.com\/product\/yoast-seo-wordpress\/ -->\n<title>LZR 5 - Mira-Tex Oy<\/title>\n<meta name=\"description\" content=\"Harnais complet pour chevaux de course du fabricant am\u00e9ricain Mast. Mast travaille depuis plus de 50 ans en coulisses, fabriquant des produits pour de grandes marques (dont Wahls), et propose d\u00e9sormais des harnais de qualit\u00e9 sous son propre nom.\" \/>\n<meta name=\"robots\" content=\"index, follow, max-snippet:-1, max-image-preview:large, max-video-preview:-1\" \/>\n<link rel=\"canonical\" href=\"https:\/\/www.mira.fi\/fr\/product\/lzr-5\/\" \/>\n<meta property=\"og:locale\" content=\"fr_FR\" \/>\n<meta property=\"og:type\" content=\"article\" \/>\n<meta property=\"og:title\" content=\"LZR 5 - Mira-Tex Oy\" \/>\n<meta property=\"og:description\" content=\"Harnais complet pour chevaux de course du fabricant am\u00e9ricain Mast. Mast travaille depuis plus de 50 ans en coulisses, fabriquant des produits pour de grandes marques (dont Wahls), et propose d\u00e9sormais des harnais de qualit\u00e9 sous son propre nom.\" \/>\n<meta property=\"og:url\" content=\"https:\/\/www.mira.fi\/fr\/product\/lzr-5\/\" \/>\n<meta property=\"og:site_name\" content=\"Mira-Tex Oy\" \/>\n<meta property=\"og:image\" content=\"https:\/\/www.mira.fi\/wp-content\/uploads\/1-2.png\" \/>\n\t<meta property=\"og:image:width\" content=\"1080\" \/>\n\t<meta property=\"og:image:height\" content=\"1080\" \/>\n\t<meta property=\"og:image:type\" content=\"image\/png\" \/>\n<meta name=\"twitter:card\" content=\"summary_large_image\" \/>\n<meta name=\"twitter:label1\" content=\"Dur\u00e9e de lecture estim\u00e9e\" \/>\n\t<meta name=\"twitter:data1\" content=\"1 minute\" \/>\n<script type=\"application\/ld+json\" class=\"yoast-schema-graph\">{\"@context\":\"https:\\\/\\\/schema.org\",\"@graph\":[{\"@type\":\"WebPage\",\"@id\":\"https:\\\/\\\/www.mira.fi\\\/fr\\\/product\\\/lzr-5\\\/\",\"url\":\"https:\\\/\\\/www.mira.fi\\\/fr\\\/product\\\/lzr-5\\\/\",\"name\":\"LZR 5 - Mira-Tex Oy\",\"isPartOf\":{\"@id\":\"https:\\\/\\\/www.mira.fi\\\/#website\"},\"primaryImageOfPage\":{\"@id\":\"https:\\\/\\\/www.mira.fi\\\/fr\\\/product\\\/lzr-5\\\/#primaryimage\"},\"image\":{\"@id\":\"https:\\\/\\\/www.mira.fi\\\/fr\\\/product\\\/lzr-5\\\/#primaryimage\"},\"thumbnailUrl\":\"https:\\\/\\\/www.mira.fi\\\/wp-content\\\/uploads\\\/1-2.png\",\"datePublished\":\"2026-01-12T12:56:14+00:00\",\"description\":\"Harnais complet pour chevaux de course du fabricant am\u00e9ricain Mast. Mast travaille depuis plus de 50 ans en coulisses, fabriquant des produits pour de grandes marques (dont Wahls), et propose d\u00e9sormais des harnais de qualit\u00e9 sous son propre nom.\",\"breadcrumb\":{\"@id\":\"https:\\\/\\\/www.mira.fi\\\/fr\\\/product\\\/lzr-5\\\/#breadcrumb\"},\"inLanguage\":\"fr-FR\",\"potentialAction\":[{\"@type\":\"ReadAction\",\"target\":[\"https:\\\/\\\/www.mira.fi\\\/fr\\\/product\\\/lzr-5\\\/\"]}]},{\"@type\":\"ImageObject\",\"inLanguage\":\"fr-FR\",\"@id\":\"https:\\\/\\\/www.mira.fi\\\/fr\\\/product\\\/lzr-5\\\/#primaryimage\",\"url\":\"https:\\\/\\\/www.mira.fi\\\/wp-content\\\/uploads\\\/1-2.png\",\"contentUrl\":\"https:\\\/\\\/www.mira.fi\\\/wp-content\\\/uploads\\\/1-2.png\",\"width\":1080,\"height\":1080},{\"@type\":\"BreadcrumbList\",\"@id\":\"https:\\\/\\\/www.mira.fi\\\/fr\\\/product\\\/lzr-5\\\/#breadcrumb\",\"itemListElement\":[{\"@type\":\"ListItem\",\"position\":1,\"name\":\"Etusivu\",\"item\":\"https:\\\/\\\/www.mira.fi\\\/fr\\\/sur-mesure\\\/\"},{\"@type\":\"ListItem\",\"position\":2,\"name\":\"Boutique\",\"item\":\"https:\\\/\\\/www.mira.fi\\\/fr\\\/boutique\\\/\"},{\"@type\":\"ListItem\",\"position\":3,\"name\":\"LZR 5\"}]},{\"@type\":\"WebSite\",\"@id\":\"https:\\\/\\\/www.mira.fi\\\/#website\",\"url\":\"https:\\\/\\\/www.mira.fi\\\/\",\"name\":\"Mira-Tex Oy\",\"description\":\"Fabricant leader de v\u00eatements de course hippique\",\"publisher\":{\"@id\":\"https:\\\/\\\/www.mira.fi\\\/#organization\"},\"potentialAction\":[{\"@type\":\"SearchAction\",\"target\":{\"@type\":\"EntryPoint\",\"urlTemplate\":\"https:\\\/\\\/www.mira.fi\\\/?s={search_term_string}\"},\"query-input\":{\"@type\":\"PropertyValueSpecification\",\"valueRequired\":true,\"valueName\":\"search_term_string\"}}],\"inLanguage\":\"fr-FR\"},{\"@type\":\"Organization\",\"@id\":\"https:\\\/\\\/www.mira.fi\\\/#organization\",\"name\":\"Mira-Tex Oy\",\"url\":\"https:\\\/\\\/www.mira.fi\\\/\",\"logo\":{\"@type\":\"ImageObject\",\"inLanguage\":\"fr-FR\",\"@id\":\"https:\\\/\\\/www.mira.fi\\\/#\\\/schema\\\/logo\\\/image\\\/\",\"url\":\"https:\\\/\\\/www.mira.fi\\\/wp-content\\\/uploads\\\/favicon.png\",\"contentUrl\":\"https:\\\/\\\/www.mira.fi\\\/wp-content\\\/uploads\\\/favicon.png\",\"width\":600,\"height\":600,\"caption\":\"Mira-Tex Oy\"},\"image\":{\"@id\":\"https:\\\/\\\/www.mira.fi\\\/#\\\/schema\\\/logo\\\/image\\\/\"}}]}<\/script>\n<!-- \/ Yoast SEO plugin. -->","yoast_head_json":{"title":"LZR 5 - Mira-Tex Oy","description":"Harnais complet pour chevaux de course du fabricant am\u00e9ricain Mast. Mast travaille depuis plus de 50 ans en coulisses, fabriquant des produits pour de grandes marques (dont Wahls), et propose d\u00e9sormais des harnais de qualit\u00e9 sous son propre nom.","robots":{"index":"index","follow":"follow","max-snippet":"max-snippet:-1","max-image-preview":"max-image-preview:large","max-video-preview":"max-video-preview:-1"},"canonical":"https:\/\/www.mira.fi\/fr\/product\/lzr-5\/","og_locale":"fr_FR","og_type":"article","og_title":"LZR 5 - Mira-Tex Oy","og_description":"Harnais complet pour chevaux de course du fabricant am\u00e9ricain Mast. Mast travaille depuis plus de 50 ans en coulisses, fabriquant des produits pour de grandes marques (dont Wahls), et propose d\u00e9sormais des harnais de qualit\u00e9 sous son propre nom.","og_url":"https:\/\/www.mira.fi\/fr\/product\/lzr-5\/","og_site_name":"Mira-Tex Oy","og_image":[{"width":1080,"height":1080,"url":"https:\/\/www.mira.fi\/wp-content\/uploads\/1-2.png","type":"image\/png"}],"twitter_card":"summary_large_image","twitter_misc":{"Dur\u00e9e de lecture estim\u00e9e":"1 minute"},"schema":{"@context":"https:\/\/schema.org","@graph":[{"@type":"WebPage","@id":"https:\/\/www.mira.fi\/fr\/product\/lzr-5\/","url":"https:\/\/www.mira.fi\/fr\/product\/lzr-5\/","name":"LZR 5 - Mira-Tex Oy","isPartOf":{"@id":"https:\/\/www.mira.fi\/#website"},"primaryImageOfPage":{"@id":"https:\/\/www.mira.fi\/fr\/product\/lzr-5\/#primaryimage"},"image":{"@id":"https:\/\/www.mira.fi\/fr\/product\/lzr-5\/#primaryimage"},"thumbnailUrl":"https:\/\/www.mira.fi\/wp-content\/uploads\/1-2.png","datePublished":"2026-01-12T12:56:14+00:00","description":"Harnais complet pour chevaux de course du fabricant am\u00e9ricain Mast. Mast travaille depuis plus de 50 ans en coulisses, fabriquant des produits pour de grandes marques (dont Wahls), et propose d\u00e9sormais des harnais de qualit\u00e9 sous son propre nom.","breadcrumb":{"@id":"https:\/\/www.mira.fi\/fr\/product\/lzr-5\/#breadcrumb"},"inLanguage":"fr-FR","potentialAction":[{"@type":"ReadAction","target":["https:\/\/www.mira.fi\/fr\/product\/lzr-5\/"]}]},{"@type":"ImageObject","inLanguage":"fr-FR","@id":"https:\/\/www.mira.fi\/fr\/product\/lzr-5\/#primaryimage","url":"https:\/\/www.mira.fi\/wp-content\/uploads\/1-2.png","contentUrl":"https:\/\/www.mira.fi\/wp-content\/uploads\/1-2.png","width":1080,"height":1080},{"@type":"BreadcrumbList","@id":"https:\/\/www.mira.fi\/fr\/product\/lzr-5\/#breadcrumb","itemListElement":[{"@type":"ListItem","position":1,"name":"Etusivu","item":"https:\/\/www.mira.fi\/fr\/sur-mesure\/"},{"@type":"ListItem","position":2,"name":"Boutique","item":"https:\/\/www.mira.fi\/fr\/boutique\/"},{"@type":"ListItem","position":3,"name":"LZR 5"}]},{"@type":"WebSite","@id":"https:\/\/www.mira.fi\/#website","url":"https:\/\/www.mira.fi\/","name":"Mira-Tex Oy","description":"Fabricant leader de v\u00eatements de course hippique","publisher":{"@id":"https:\/\/www.mira.fi\/#organization"},"potentialAction":[{"@type":"SearchAction","target":{"@type":"EntryPoint","urlTemplate":"https:\/\/www.mira.fi\/?s={search_term_string}"},"query-input":{"@type":"PropertyValueSpecification","valueRequired":true,"valueName":"search_term_string"}}],"inLanguage":"fr-FR"},{"@type":"Organization","@id":"https:\/\/www.mira.fi\/#organization","name":"Mira-Tex Oy","url":"https:\/\/www.mira.fi\/","logo":{"@type":"ImageObject","inLanguage":"fr-FR","@id":"https:\/\/www.mira.fi\/#\/schema\/logo\/image\/","url":"https:\/\/www.mira.fi\/wp-content\/uploads\/favicon.png","contentUrl":"https:\/\/www.mira.fi\/wp-content\/uploads\/favicon.png","width":600,"height":600,"caption":"Mira-Tex Oy"},"image":{"@id":"https:\/\/www.mira.fi\/#\/schema\/logo\/image\/"}}]}},"_links":{"self":[{"href":"https:\/\/www.mira.fi\/fr\/wp-json\/wp\/v2\/product\/9975","targetHints":{"allow":["GET"]}}],"collection":[{"href":"https:\/\/www.mira.fi\/fr\/wp-json\/wp\/v2\/product"}],"about":[{"href":"https:\/\/www.mira.fi\/fr\/wp-json\/wp\/v2\/types\/product"}],"wp:featuredmedia":[{"embeddable":true,"href":"https:\/\/www.mira.fi\/fr\/wp-json\/wp\/v2\/media\/9976"}],"wp:attachment":[{"href":"https:\/\/www.mira.fi\/fr\/wp-json\/wp\/v2\/media?parent=9975"}],"wp:term":[{"taxonomy":"product_brand","embeddable":true,"href":"https:\/\/www.mira.fi\/fr\/wp-json\/wp\/v2\/product_brand?post=9975"},{"taxonomy":"product_cat","embeddable":true,"href":"https:\/\/www.mira.fi\/fr\/wp-json\/wp\/v2\/product_cat?post=9975"},{"taxonomy":"product_tag","embeddable":true,"href":"https:\/\/www.mira.fi\/fr\/wp-json\/wp\/v2\/product_tag?post=9975"}],"curies":[{"name":"wp","href":"https:\/\/api.w.org\/{rel}","templated":true}]}}