{"id":7816,"date":"2021-03-03T22:50:23","date_gmt":"2021-03-03T20:50:23","guid":{"rendered":"https:\/\/www.mira.fi\/returratt\/"},"modified":"2021-03-03T22:50:23","modified_gmt":"2021-03-03T20:50:23","slug":"returratt","status":"publish","type":"page","link":"https:\/\/www.mira.fi\/sv\/returratt\/","title":{"rendered":"Returr\u00e4tt"},"content":{"rendered":"<section id=\"showcase\" class=\"region region-options\">\n<div class=\"container\">\n<div class=\"scase-wrapper wrapper clearfix\">\n<div class=\" row clearfix\">\n<div class=\"col-sm-12 column full-column \">\n<div class=\"column-wrapper content\">\n<div class=\"column-content\">\n<h1><\/h1>\n<\/div>\n<\/div>\n<\/div>\n<\/div>\n<\/div>\n<\/div>\n<\/section>\n<section id=\"region-content\" class=\"region region-options\">\n<div class=\"container\">\n<div class=\"content-wrapper wrapper clearfix\">\n<div class=\"pad-bottom-4em row clearfix\">\n<div class=\"col-sm-7 column pad-bottom-4em\">\n<div class=\"column-wrapper content\">\n<div class=\"column-content\">\n<h2>RETURR\u00c4TT F\u00d6R PRODUKTER BEST\u00c4LLDA FR\u00c5N WEBBSHOPEN<\/h2>\n<p>Om kunden inte \u00e4r n\u00f6jd med sin e-handelsorder har de 30 dagars bytes- och returr\u00e4tt. Observera att returr\u00e4tten g\u00e4ller under f\u00f6ruts\u00e4ttning att kunden hanterar produkten varsamt utan att skada den. Obs! Kontakta alltid Miras kundtj\u00e4nst f\u00f6rst s\u00e5 att vi kan ge instruktioner om returen. Observera att det inte \u00e4r m\u00f6jligt att returnera skr\u00e4ddarsydda produkter eller anpassade produkter (broderi, andra \u00e4ndringar).    <\/p>\n<\/div>\n<\/div>\n<\/div>\n<div class=\"col-sm-5 column pad-bottom-4em\">\n<div class=\"column-wrapper content\">\n<div class=\"column-content\">\n<div class=\"soft-box\">\n<p><strong>Returadress:<\/strong><\/p>\n<p>Mira-Tex Oy \/ Returns, Tuulentie 8, 21420 LIETO, telefonnummer: 0404570970, e-postadress: mira@mira.fi<\/p>\n<\/div>\n<\/div>\n<\/div>\n<\/div>\n<div class=\"col-sm-7 column order-sm-2 lazyloaded\">\n<div class=\"column-wrapper content\">\n<div class=\"column-content\">\n<p>Produkten m\u00e5ste returneras i originalskick, med etiketterna p\u00e5 plats och f\u00f6rpackad i originalf\u00f6rpackningen. Den returnerade produkten m\u00e5ste vara oanv\u00e4nd, intakt och ren. Mira kan neka returer om produkten inte \u00e4r i s\u00e4ljbart skick. Vi byter endast ut och \u00e5terbetalar produkten n\u00e4r vi har f\u00e5tt tillbaka originalprodukten. N\u00e4r originalprodukten har returnerats till Mira skickar vi den nya produkten till kunden utan dr\u00f6jsm\u00e5l om inte kunden informeras om annat. Observera att vid klagom\u00e5l p\u00e5 anpassade produkter har Mira r\u00e4tt att korrigera felet och d\u00e4rf\u00f6r m\u00e5ste produkten skickas till Mira f\u00f6r reparation.     <\/p>\n<p>Om du har f\u00e5tt en felaktig, skadad eller defekt produkt, ta bilder p\u00e5 produkten och dess f\u00f6rpackning och skicka dem till mira@mira.fi s\u00e5 att vi kan vidta n\u00f6dv\u00e4ndiga \u00e5tg\u00e4rder f\u00f6r att r\u00e4tta till situationen.<\/p>\n<p>\u00c5terbetalningar g\u00f6rs f\u00f6rst n\u00e4r originalprodukten har returnerats till Mira. Vi \u00e5terbetalar alltid med samma betalningsmetod som kunden anv\u00e4nt vid k\u00f6pet i webbshopen. Paypal-returer \u00e5terbetalas via Paypal och vi \u00e5terbetalar internetbanksbetalningar till kundens konto. I dessa fall ber vi kunden om ett kontonummer i IBAN-format, utifr\u00e5n vilket pengarna \u00e5terbetalas till r\u00e4tt konto.   <\/p>\n<\/div>\n<\/div>\n<\/div>\n<div class=\"col-sm-5 column order-sm-1 lazyloaded\">\n<div class=\"column-wrapper content\">\n<div class=\"column-content\">\n<p><img decoding=\"async\" class=\"lazyload alignnone size-medium wp-image-4302\" src=\"https:\/\/web.archive.org\/web\/20250115165847im_\/https:\/\/www.mira.fi\/wp-content\/uploads\/IMG_8606-Edit-Edit-600x600.jpg\" data-orig-src=\"https:\/\/web.archive.org\/web\/20250115165847im_\/https:\/\/www.mira.fi\/wp-content\/uploads\/IMG_8606-Edit-Edit-600x600.jpg\" data-sizes=\"auto\" data-orig-sizes=\"(max-width: 600px) 100vw, 600px\" srcset=\"data:image\/svg+xml,%3Csvg%20xmlns%3D%27http%3A%2F%2Fwww.w3.org%2F2000%2Fsvg%27%20width%3D%27600%27%20height%3D%27600%27%20viewBox%3D%270%200%20600%20600%27%3E%3Crect%20width%3D%27600%27%20height%3D%27600%27%20fill-opacity%3D%220%22%2F%3E%3C%2Fsvg%3E\" data-srcset=\"https:\/\/web.archive.org\/web\/20250115165847im_\/https:\/\/www.mira.fi\/wp-content\/uploads\/IMG_8606-Edit-Edit-600x600.jpg 600w, https:\/\/web.archive.org\/web\/20250115165847im_\/https:\/\/www.mira.fi\/wp-content\/uploads\/IMG_8606-Edit-Edit-300x300.jpg 300w, https:\/\/web.archive.org\/web\/20250115165847im_\/https:\/\/www.mira.fi\/wp-content\/uploads\/IMG_8606-Edit-Edit-100x100.jpg 100w, https:\/\/web.archive.org\/web\/20250115165847im_\/https:\/\/www.mira.fi\/wp-content\/uploads\/IMG_8606-Edit-Edit-1100x1100.jpg 1100w, https:\/\/web.archive.org\/web\/20250115165847im_\/https:\/\/www.mira.fi\/wp-content\/uploads\/IMG_8606-Edit-Edit-768x768.jpg 768w, https:\/\/web.archive.org\/web\/20250115165847im_\/https:\/\/www.mira.fi\/wp-content\/uploads\/IMG_8606-Edit-Edit-1536x1536.jpg 1536w, https:\/\/web.archive.org\/web\/20250115165847im_\/https:\/\/www.mira.fi\/wp-content\/uploads\/IMG_8606-Edit-Edit.jpg 2048w\" alt=\"\" width=\"600\" height=\"600\"><\/p>\n<\/div>\n<\/div>\n<\/div>\n<\/div>\n<\/div>\n<\/div>\n<div class=\"container\">\n<div class=\"content-wrapper wrapper clearfix\">\n<div class=\" row clearfix\">\n<div class=\"col-sm-7 column lazyloaded\">\n<div class=\"column-wrapper content\">\n<div class=\"column-content\">\n<h2>RETURR\u00c4TT F\u00d6R SKR\u00c4DDARSYDDA PRODUKTER<\/h2>\n<p>Observera att v\u00e5ra skr\u00e4ddarsydda produkter inte kan returneras. Observera att alla best\u00e4llningar av skr\u00e4ddarsydda kl\u00e4der \u00e4r bindande efter godk\u00e4nnande av modellbilden och d\u00e4rf\u00f6r kan ordern inte helt avbest\u00e4llas i efterhand. Om kunden avbest\u00e4ller ordern efter att bilden har ritats har Mira r\u00e4tt att debitera f\u00f6r materialkostnader och arbetskostnader som uppst\u00e5tt i Miras processer innan ordern avbest\u00e4lls.  <\/p>\n<p>Mira vill betj\u00e4na var och en av sina kunder med 100 % tillfredsst\u00e4llelse, och d\u00e4rf\u00f6r korrigerar Mira g\u00e4rna problem med det skr\u00e4ddarsydda plagget i efterhand. Kontakta i s\u00e5 fall mira@mira.fi eller \u00e5terf\u00f6rs\u00e4ljaren genom vilken den ursprungliga best\u00e4llningen gjordes. <\/p>\n<p>Om du har f\u00e5tt en felaktig, skadad eller defekt produkt, ta bilder p\u00e5 produkten och skicka dem till mira@mira.fi s\u00e5 att vi kan vidta n\u00f6dv\u00e4ndiga \u00e5tg\u00e4rder f\u00f6r att r\u00e4tta till situationen.<\/p>\n<\/div>\n<\/div>\n<\/div>\n<\/div>\n<\/div>\n<\/div>\n<\/section>\n","protected":false},"excerpt":{"rendered":"<p>RETURR\u00c4TT F\u00d6R PRODUKTER BEST\u00c4LLDA FR\u00c5N WEBBSHOPEN Om kunden inte \u00e4r  [&#8230;]<\/p>\n","protected":false},"author":1,"featured_media":0,"parent":0,"menu_order":0,"comment_status":"closed","ping_status":"closed","template":"","meta":{"footnotes":""},"class_list":["post-7816","page","type-page","status-publish","hentry"],"yoast_head":"<!-- This site is optimized with the Yoast SEO plugin v27.5 - https:\/\/yoast.com\/product\/yoast-seo-wordpress\/ -->\n<title>Returr\u00e4tt - Mira-Tex Oy<\/title>\n<meta name=\"robots\" content=\"index, follow, max-snippet:-1, max-image-preview:large, max-video-preview:-1\" \/>\n<link rel=\"canonical\" href=\"https:\/\/www.mira.fi\/returratt\/\" \/>\n<meta property=\"og:locale\" content=\"sv_SE\" \/>\n<meta property=\"og:type\" content=\"article\" \/>\n<meta property=\"og:title\" content=\"Returr\u00e4tt - Mira-Tex Oy\" \/>\n<meta property=\"og:description\" content=\"RETURR\u00c4TT F\u00d6R PRODUKTER BEST\u00c4LLDA FR\u00c5N WEBBSHOPEN Om kunden inte \u00e4r [...]\" \/>\n<meta property=\"og:url\" content=\"https:\/\/www.mira.fi\/returratt\/\" \/>\n<meta property=\"og:site_name\" content=\"Mira-Tex Oy\" \/>\n<meta property=\"og:image\" content=\"https:\/\/www.mira.fi\/wp-content\/uploads\/IMG_8606-Edit-Edit.jpg\" \/>\n\t<meta property=\"og:image:width\" content=\"2048\" \/>\n\t<meta property=\"og:image:height\" content=\"2048\" \/>\n\t<meta property=\"og:image:type\" content=\"image\/jpeg\" \/>\n<meta name=\"twitter:card\" content=\"summary_large_image\" \/>\n<meta name=\"twitter:label1\" content=\"Ber\u00e4knad l\u00e4stid\" \/>\n\t<meta name=\"twitter:data1\" content=\"2 minuter\" \/>\n<script type=\"application\/ld+json\" class=\"yoast-schema-graph\">{\"@context\":\"https:\\\/\\\/schema.org\",\"@graph\":[{\"@type\":\"WebPage\",\"@id\":\"https:\\\/\\\/www.mira.fi\\\/returratt\\\/\",\"url\":\"https:\\\/\\\/www.mira.fi\\\/returratt\\\/\",\"name\":\"Returr\u00e4tt - Mira-Tex Oy\",\"isPartOf\":{\"@id\":\"https:\\\/\\\/www.mira.fi\\\/#website\"},\"primaryImageOfPage\":{\"@id\":\"https:\\\/\\\/www.mira.fi\\\/returratt\\\/#primaryimage\"},\"image\":{\"@id\":\"https:\\\/\\\/www.mira.fi\\\/returratt\\\/#primaryimage\"},\"thumbnailUrl\":\"https:\\\/\\\/web.archive.org\\\/web\\\/20250115165847im_\\\/https:\\\/\\\/www.mira.fi\\\/wp-content\\\/uploads\\\/IMG_8606-Edit-Edit-600x600.jpg\",\"datePublished\":\"2021-03-03T20:50:23+00:00\",\"breadcrumb\":{\"@id\":\"https:\\\/\\\/www.mira.fi\\\/returratt\\\/#breadcrumb\"},\"inLanguage\":\"sv-SE\",\"potentialAction\":[{\"@type\":\"ReadAction\",\"target\":[\"https:\\\/\\\/www.mira.fi\\\/returratt\\\/\"]}]},{\"@type\":\"ImageObject\",\"inLanguage\":\"sv-SE\",\"@id\":\"https:\\\/\\\/www.mira.fi\\\/returratt\\\/#primaryimage\",\"url\":\"https:\\\/\\\/web.archive.org\\\/web\\\/20250115165847im_\\\/https:\\\/\\\/www.mira.fi\\\/wp-content\\\/uploads\\\/IMG_8606-Edit-Edit-600x600.jpg\",\"contentUrl\":\"https:\\\/\\\/web.archive.org\\\/web\\\/20250115165847im_\\\/https:\\\/\\\/www.mira.fi\\\/wp-content\\\/uploads\\\/IMG_8606-Edit-Edit-600x600.jpg\"},{\"@type\":\"BreadcrumbList\",\"@id\":\"https:\\\/\\\/www.mira.fi\\\/returratt\\\/#breadcrumb\",\"itemListElement\":[{\"@type\":\"ListItem\",\"position\":1,\"name\":\"Etusivu\",\"item\":\"https:\\\/\\\/www.mira.fi\\\/sv\\\/skraddarsytt\\\/\"},{\"@type\":\"ListItem\",\"position\":2,\"name\":\"Returr\u00e4tt\"}]},{\"@type\":\"WebSite\",\"@id\":\"https:\\\/\\\/www.mira.fi\\\/#website\",\"url\":\"https:\\\/\\\/www.mira.fi\\\/\",\"name\":\"Mira-Tex Oy\",\"description\":\"Ledande tillverkare av travkl\u00e4der\",\"publisher\":{\"@id\":\"https:\\\/\\\/www.mira.fi\\\/#organization\"},\"potentialAction\":[{\"@type\":\"SearchAction\",\"target\":{\"@type\":\"EntryPoint\",\"urlTemplate\":\"https:\\\/\\\/www.mira.fi\\\/?s={search_term_string}\"},\"query-input\":{\"@type\":\"PropertyValueSpecification\",\"valueRequired\":true,\"valueName\":\"search_term_string\"}}],\"inLanguage\":\"sv-SE\"},{\"@type\":\"Organization\",\"@id\":\"https:\\\/\\\/www.mira.fi\\\/#organization\",\"name\":\"Mira-Tex Oy\",\"url\":\"https:\\\/\\\/www.mira.fi\\\/\",\"logo\":{\"@type\":\"ImageObject\",\"inLanguage\":\"sv-SE\",\"@id\":\"https:\\\/\\\/www.mira.fi\\\/#\\\/schema\\\/logo\\\/image\\\/\",\"url\":\"https:\\\/\\\/www.mira.fi\\\/wp-content\\\/uploads\\\/favicon.png\",\"contentUrl\":\"https:\\\/\\\/www.mira.fi\\\/wp-content\\\/uploads\\\/favicon.png\",\"width\":600,\"height\":600,\"caption\":\"Mira-Tex Oy\"},\"image\":{\"@id\":\"https:\\\/\\\/www.mira.fi\\\/#\\\/schema\\\/logo\\\/image\\\/\"}}]}<\/script>\n<!-- \/ Yoast SEO plugin. -->","yoast_head_json":{"title":"Returr\u00e4tt - Mira-Tex Oy","robots":{"index":"index","follow":"follow","max-snippet":"max-snippet:-1","max-image-preview":"max-image-preview:large","max-video-preview":"max-video-preview:-1"},"canonical":"https:\/\/www.mira.fi\/returratt\/","og_locale":"sv_SE","og_type":"article","og_title":"Returr\u00e4tt - Mira-Tex Oy","og_description":"RETURR\u00c4TT F\u00d6R PRODUKTER BEST\u00c4LLDA FR\u00c5N WEBBSHOPEN Om kunden inte \u00e4r [...]","og_url":"https:\/\/www.mira.fi\/returratt\/","og_site_name":"Mira-Tex Oy","og_image":[{"width":2048,"height":2048,"url":"https:\/\/www.mira.fi\/wp-content\/uploads\/IMG_8606-Edit-Edit.jpg","type":"image\/jpeg"}],"twitter_card":"summary_large_image","twitter_misc":{"Ber\u00e4knad l\u00e4stid":"2 minuter"},"schema":{"@context":"https:\/\/schema.org","@graph":[{"@type":"WebPage","@id":"https:\/\/www.mira.fi\/returratt\/","url":"https:\/\/www.mira.fi\/returratt\/","name":"Returr\u00e4tt - Mira-Tex Oy","isPartOf":{"@id":"https:\/\/www.mira.fi\/#website"},"primaryImageOfPage":{"@id":"https:\/\/www.mira.fi\/returratt\/#primaryimage"},"image":{"@id":"https:\/\/www.mira.fi\/returratt\/#primaryimage"},"thumbnailUrl":"https:\/\/web.archive.org\/web\/20250115165847im_\/https:\/\/www.mira.fi\/wp-content\/uploads\/IMG_8606-Edit-Edit-600x600.jpg","datePublished":"2021-03-03T20:50:23+00:00","breadcrumb":{"@id":"https:\/\/www.mira.fi\/returratt\/#breadcrumb"},"inLanguage":"sv-SE","potentialAction":[{"@type":"ReadAction","target":["https:\/\/www.mira.fi\/returratt\/"]}]},{"@type":"ImageObject","inLanguage":"sv-SE","@id":"https:\/\/www.mira.fi\/returratt\/#primaryimage","url":"https:\/\/web.archive.org\/web\/20250115165847im_\/https:\/\/www.mira.fi\/wp-content\/uploads\/IMG_8606-Edit-Edit-600x600.jpg","contentUrl":"https:\/\/web.archive.org\/web\/20250115165847im_\/https:\/\/www.mira.fi\/wp-content\/uploads\/IMG_8606-Edit-Edit-600x600.jpg"},{"@type":"BreadcrumbList","@id":"https:\/\/www.mira.fi\/returratt\/#breadcrumb","itemListElement":[{"@type":"ListItem","position":1,"name":"Etusivu","item":"https:\/\/www.mira.fi\/sv\/skraddarsytt\/"},{"@type":"ListItem","position":2,"name":"Returr\u00e4tt"}]},{"@type":"WebSite","@id":"https:\/\/www.mira.fi\/#website","url":"https:\/\/www.mira.fi\/","name":"Mira-Tex Oy","description":"Ledande tillverkare av travkl\u00e4der","publisher":{"@id":"https:\/\/www.mira.fi\/#organization"},"potentialAction":[{"@type":"SearchAction","target":{"@type":"EntryPoint","urlTemplate":"https:\/\/www.mira.fi\/?s={search_term_string}"},"query-input":{"@type":"PropertyValueSpecification","valueRequired":true,"valueName":"search_term_string"}}],"inLanguage":"sv-SE"},{"@type":"Organization","@id":"https:\/\/www.mira.fi\/#organization","name":"Mira-Tex Oy","url":"https:\/\/www.mira.fi\/","logo":{"@type":"ImageObject","inLanguage":"sv-SE","@id":"https:\/\/www.mira.fi\/#\/schema\/logo\/image\/","url":"https:\/\/www.mira.fi\/wp-content\/uploads\/favicon.png","contentUrl":"https:\/\/www.mira.fi\/wp-content\/uploads\/favicon.png","width":600,"height":600,"caption":"Mira-Tex Oy"},"image":{"@id":"https:\/\/www.mira.fi\/#\/schema\/logo\/image\/"}}]}},"_links":{"self":[{"href":"https:\/\/www.mira.fi\/sv\/wp-json\/wp\/v2\/pages\/7816","targetHints":{"allow":["GET"]}}],"collection":[{"href":"https:\/\/www.mira.fi\/sv\/wp-json\/wp\/v2\/pages"}],"about":[{"href":"https:\/\/www.mira.fi\/sv\/wp-json\/wp\/v2\/types\/page"}],"author":[{"embeddable":true,"href":"https:\/\/www.mira.fi\/sv\/wp-json\/wp\/v2\/users\/1"}],"replies":[{"embeddable":true,"href":"https:\/\/www.mira.fi\/sv\/wp-json\/wp\/v2\/comments?post=7816"}],"version-history":[{"count":0,"href":"https:\/\/www.mira.fi\/sv\/wp-json\/wp\/v2\/pages\/7816\/revisions"}],"wp:attachment":[{"href":"https:\/\/www.mira.fi\/sv\/wp-json\/wp\/v2\/media?parent=7816"}],"curies":[{"name":"wp","href":"https:\/\/api.w.org\/{rel}","templated":true}]}}