{"id":7819,"date":"2021-03-03T22:39:48","date_gmt":"2021-03-03T20:39:48","guid":{"rendered":"https:\/\/www.mira.fi\/leveransvillkor\/"},"modified":"2021-03-03T22:39:48","modified_gmt":"2021-03-03T20:39:48","slug":"leveransvillkor","status":"publish","type":"page","link":"https:\/\/www.mira.fi\/sv\/leveransvillkor\/","title":{"rendered":"Leveransvillkor"},"content":{"rendered":"<div class=\"container\">\n<div class=\"content-wrapper wrapper clearfix\">\n<div class=\" row clearfix\">\n<div class=\"col-sm-12 column \">\n<div class=\"column-wrapper content\">\n<div class=\"column-content\">\n<h2>BETALNINGSVILLKOR F\u00d6R E-HANDEL<\/h2>\n<p>Fr\u00e5n och med den 5 september 2019 hanteras betalningstransaktionen i v\u00e5r webbshop av Klarna Bank AB:s tj\u00e4nst &#8221;Klarna Checkout&#8221;. Vi anv\u00e4nder ocks\u00e5 Paypal och f\u00f6r f\u00f6retagskunder erbjuder vi faktura som betalningsmetod. <\/p>\n<p>Betalningsalternativen som erbjuds av Klarna visas i Klarna Checkout-tj\u00e4nsten. De betalningsalternativ som f\u00f6r n\u00e4rvarande finns tillg\u00e4ngliga i Klarna Checkout \u00e4r faktura, kontokredit, kortbetalning eller direktbank\u00f6verf\u00f6ring. Efter att kunden har angett betalningsinformationen i Checkout-tj\u00e4nsten, kvarst\u00e5r de betalningsmetoder som \u00e4r m\u00f6jliga f\u00f6r kunden. Om kunden inte anger personnumret i systemet \u00e4r endast kortbetalning och internetbanksbetalning m\u00f6jliga.   <\/p>\n<p><img decoding=\"async\" class=\"lazyload alignnone wp-image-192\" src=\"https:\/\/web.archive.org\/web\/20250115165734im_\/https:\/\/www.mira.fi\/wp-content\/uploads\/Klarna_maksutavat.png\" data-orig-src=\"https:\/\/web.archive.org\/web\/20250115165734im_\/https:\/\/www.mira.fi\/wp-content\/uploads\/Klarna_maksutavat.png\" alt=\"\" width=\"409\" height=\"134\" srcset=\"data:image\/svg+xml,%3Csvg%20xmlns%3D%27http%3A%2F%2Fwww.w3.org%2F2000%2Fsvg%27%20width%3D%27409%27%20height%3D%27134%27%20viewBox%3D%270%200%20409%20134%27%3E%3Crect%20width%3D%27409%27%20height%3D%27134%27%20fill-opacity%3D%220%22%2F%3E%3C%2Fsvg%3E\" data-srcset=\"https:\/\/www.mira.fi\/wp-content\/uploads\/Klarna_maksutavat-500x164.png 500w, https:\/\/www.mira.fi\/wp-content\/uploads\/Klarna_maksutavat.png 522w\" data-sizes=\"auto\" data-orig-sizes=\"(max-width: 409px) 100vw, 409px\" \/><\/p>\n<h4>Internetbanksbetalningar<\/h4>\n<p>Det \u00e4r m\u00f6jligt f\u00f6r kunden att betala i internetbanken hos f\u00f6ljande banker: S-banken, Aktia, Danske Bank, Osuuspankki, Nordea och S\u00e4\u00e4st\u00f6pankki. Kundens bank kan kr\u00e4va separat autentisering i internetbanken med bankID. <\/p>\n<h4>Kortbetalningar<\/h4>\n<p>Det \u00e4r m\u00f6jligt f\u00f6r kunden att betala med debet- och kreditkort fr\u00e5n alla finska banker. Vi accepterar alla Visa- och Mastercard-kreditkort. I samband med kortbetalningen m\u00e5ste kunden ange kortnummer, kortets utg\u00e5ngsdatum, CVC-kod och vid betalning med vissa kort \u00e4ven 3D secure-koden. Dessutom kan kundens bank kr\u00e4va separat autentisering i internetbanken med bankID. Se ocks\u00e5 till att du har aktiverat onlinebetalningsfunktionen f\u00f6r ditt kort i din internetbank innan du g\u00f6r betalningen.    <\/p>\n<h4>Visa electron<\/h4>\n<p>Du kan ocks\u00e5 betala med Visa Electron-kort om du har aktiverat onlinebetalningsfunktionen f\u00f6r ditt Electron-kort i din internetbank. N\u00e4r du l\u00e4gger en best\u00e4llning kommer du att dirigeras till din banks s\u00e4kra verifieringstj\u00e4nst, d\u00e4r dina k\u00f6p verifieras med bankID (Verified by Visa). <\/p>\n<h4>Faktura<\/h4>\n<p>Vi erbjuder m\u00f6jligheten att betala f\u00f6r k\u00f6p via faktura eller flexibelt i flera delbetalningar. Om kunden v\u00e4ljer faktura som betalningsmetod kommer den att skickas till kunden via e-post samtidigt som ordern l\u00e4mnar v\u00e5rt lager. Betalningstiden f\u00f6r fakturan \u00e4r 14 dagar fr\u00e5n det att ordern skickas. Det tillkommer ingen extra avgift f\u00f6r faktura som betalningsmetod. Om betalningen f\u00f6rsenas l\u00e4ggs en p\u00e5minnelseavgift p\u00e5 fem (5) euro och dr\u00f6jsm\u00e5lsr\u00e4nta till fakturan.    <\/p>\n<h4>Delbetalning<\/h4>\n<p>Fakturan kan ocks\u00e5 betalas i 3-36 m\u00e5naders delbetalningar. Fakturan kan ocks\u00e5 betalas i egen takt, d\u00e4r kunden kan best\u00e4mma beloppet som ska betalas m\u00e5nadsvis (dock minst nio (9) euro). Den m\u00e5natliga kostnaden \u00e4r k\u00e4nd, liksom n\u00e4r hela beloppet betalades. Dessutom kombineras alla k\u00f6p som betalas i egen takt med en flexibel delbetalning till en bekv\u00e4m m\u00e5nadsfaktura. M\u00e5nadsfakturan ger dig en bra \u00f6versikt \u00f6ver din egen situation och allt kan betalas med endast en faktureringsavgift.    <\/p>\n<h4>Betalningsmetoder f\u00f6r f\u00f6retag:<\/h4>\n<p>F\u00f6r inhemska f\u00f6retag erbjuder Klarna m\u00f6jlighet att betala med kort, internetbank och faktura. Observera att vid best\u00e4llning mot faktura m\u00e5ste ordern placeras p\u00e5 den adress d\u00e4r f\u00f6retaget \u00e4r registrerat, dvs. fakturerings- och leveransadressen m\u00e5ste vara densamma. F\u00f6r utl\u00e4ndska f\u00f6retag erbjuder Mira endast m\u00f6jlighet att avb\u00f6ja. F\u00f6r mer information om villkoren f\u00f6r f\u00f6retagsbetalningar, kontakta Klarnas kundtj\u00e4nst.   <\/p>\n<p>Om du har n\u00e5gra fr\u00e5gor ang\u00e5ende betalning av best\u00e4llningar, v\u00e4nligen kontakta Klarnas kundtj\u00e4nst:<\/p>\n<p>Tel. 09 425 99 771 (kostnadsfritt) <\/p>\n<p>Du kan ocks\u00e5 g\u00f6ra aff\u00e4rer med Klarna p\u00e5 deras webbplats via chattj\u00e4nsten: https:\/\/www.klarna.com\/fi\/support.<\/p>\n<p>Klarnas kundtj\u00e4nst \u00e4r \u00f6ppen p\u00e5 vardagar fr\u00e5n kl. 8 till kl. 18.<\/p>\n<p>Betalningstransaktioner hanteras av: Klarna Bank AB (556737-0431), Sveav\u00e4gen 46, 111 34 Stockholm, telefonnummer: +46 8 120 120 00, fax: +46 8 120 120 99, e-postadress: customers@klarna.fi. Klarna Bank AB \u00e4r en svensk bank med tillst\u00e5nd att tillhandah\u00e5lla tj\u00e4nster till kreditinstitut och st\u00e5r under tillsyn av svenska Finansinspektionen. Information om Klarnas registrering i Finansinspektionens register och i vilka l\u00e4nder Klarna har r\u00e4tt att tillhandah\u00e5lla sina tj\u00e4nster finns tillg\u00e4nglig p\u00e5 Finansinspektionens webbplats.  <\/p>\n<p>Betalningsvillkoren hittas automatiskt i Klarna Checkout f\u00f6r kunden vid betalningsskedet.<\/p>\n<\/div>\n<\/div>\n<\/div>\n<\/div>\n<\/div>\n<\/div>\n<div class=\"container\">\n<div class=\"content-wrapper wrapper clearfix\">\n<div class=\"pad-top-2em pad-bottom-3em row clearfix\">\n<div class=\"col-sm-12 column lazyloaded\">\n<div class=\"column-wrapper content\">\n<div class=\"column-content\">\n<h2>LEVERANSVILLKOR F\u00d6R E-HANDEL<\/h2>\n<h4>Leverans till EU<\/h4>\n<p>Mira erbjuder fri leverans f\u00f6r alla inhemska och utl\u00e4ndska e-handelsbest\u00e4llningar \u00f6ver 100 \u20ac som levereras via Post, Postnord eller GLS. Ut\u00f6ver fri leverans har kunden m\u00f6jlighet till expressleverans f\u00f6r 45 \u20ac via DHL. DHL levererar paketet direkt till din hemadress.<br \/>\nAlla e-handelsbest\u00e4llningar skickas antingen samma eller n\u00e4sta arbetsdag, exklusive anpassade best\u00e4llningar (inklusive broderi). Observera att Mira skickar fr\u00e5n v\u00e5rt lager p\u00e5 vardagar fr\u00e5n kl. 8 till kl. 15:30 (GMT +2). \u00c4ven om expressleveransen l\u00f6ses in under helgen kommer paketet inte att l\u00e4mna Mira f\u00f6rr\u00e4n n\u00e4sta arbetsdag, exklusive helgdagar. I Finland \u00e4r helgdagar relaterade till leveranser ny\u00e5rsdagen 1.1, trettondagen 6.1, l\u00e5ngfredagen, f\u00f6rsta och andra p\u00e5skdagen, f\u00f6rsta maj 1.5, Kristi himmelsf\u00e4rdsdag, midsommarafton, sj\u00e4lvst\u00e4ndighetsdagen 6.12 och jul 24.12-26.12.     <\/p>\n<p>Mira skickar e-handelsbest\u00e4llningar (exklusive specialbest\u00e4llningar) fr\u00e5n sitt lager i \u00c5bo p\u00e5 best\u00e4llningsdagen, om best\u00e4llningen har kommit in f\u00f6re kl. 12 (GMT +2), eller senast n\u00e4sta arbetsdag. Den normala leveranstiden f\u00f6r e-handelsbest\u00e4llningar inom EU \u00e4r cirka 1-14 arbetsdagar, inklusive leveransdatum och ber\u00e4knad leveranstid av Postnord eller GLS. Leveranstiden p\u00e5verkas av destinationen f\u00f6r leveransen samt eventuell behandlingstid vid tullen. Observera att artiklar best\u00e4llda f\u00f6r anpassning (som broderi) inte kommer att skickas f\u00f6rr\u00e4n 1-2 dagar efter best\u00e4llning.   <\/p>\n<p>Efter att du har lagt din best\u00e4llning kommer du att f\u00e5 en e-postbekr\u00e4ftelse fr\u00e5n kuriren som inkluderar paketets sp\u00e5rningskod. Med sp\u00e5rningskoden kan du f\u00f6lja paketets framsteg p\u00e5 kurirens webbplats. <\/p>\n<p><strong>OBS!<\/strong> Paket som levereras till postutl\u00e4mningsst\u00e4llen beh\u00e5lls endast i 7 dagar, varefter outtagna paket skickas tillbaka till Mira. Observera att underl\u00e5tenhet att h\u00e4mta paketet inte utg\u00f6r en \u00e5terbetalning. L\u00e4s mer om v\u00e5r returpolicy.  <\/p>\n<h4>Sluts\u00e5lda produkter med din best\u00e4llning<\/h4>\n<p>Tyv\u00e4rr h\u00e4nder det ibland att du lyckas best\u00e4lla produkter som av n\u00e5gon anledning (t.ex. felaktig lagerstatus) har tagit slut i v\u00e5rt lager, \u00e4ven om webbutiken verkar hitta produkten i lager. Vi meddelar dig via e-post och erbjuder samtidigt en ers\u00e4ttningsprodukt, om s\u00e5dan finns, eller alternativt kan du ange ditt kontonummer, till vilket vi \u00e5terbetalar det belopp du betalat. <\/p>\n<\/div>\n<\/div>\n<\/div>\n<\/div>\n<\/div>\n<\/div>\n<div class=\"container\">\n<div class=\"content-wrapper wrapper clearfix\">\n<div class=\"pad-top-3em border-top row clearfix\">\n<div class=\"col-sm-12 column lazyloaded\">\n<div class=\"column-wrapper content\">\n<div class=\"column-content\">\n<h2>BETALNINGSMETODER F\u00d6R SPECIALTILLVERKADE KL\u00c4DER<\/h2>\n<p>Ett specialtillverkat plagg betalas till den part fr\u00e5n vilken best\u00e4llningen g\u00f6rs. Om du best\u00e4ller specialtillverkade kl\u00e4der fr\u00e5n v\u00e5r \u00e5terf\u00f6rs\u00e4ljare godk\u00e4nner du det pris och de betalningsvillkor som de tillhandah\u00e5ller. Om best\u00e4llningen g\u00f6rs direkt genom v\u00e5r kundtj\u00e4nst mira@mira.fi, accepterar du Miras betalnings- och leveransvillkor.  <\/p>\n<h4>Privatkunder<\/h4>\n<p>Det \u00e4r \u00e4nnu inte m\u00f6jligt att best\u00e4lla eller betala f\u00f6r specialtillverkade kl\u00e4der i v\u00e5r webbutik, men vi skickar alltid en faktura f\u00f6r specialtillverkade kl\u00e4der. Vi kr\u00e4ver att v\u00e5ra privatkunder betalar i f\u00f6rskott f\u00f6r alla best\u00e4llningar, i vilket fall produkten kommer att tillverkas och levereras f\u00f6rst efter att betalning har gjorts. F\u00f6rfakturan kommer att levereras till kunden via e-post. Om fakturan inte betalas inom rimlig tid kommer den att tas bort fr\u00e5n v\u00e5rt system och best\u00e4llningen anses annullerad. Observera att vi endast p\u00e5b\u00f6rjar produktionen efter att f\u00f6rfakturan betalats. Det \u00e4r m\u00f6jligt att betala fakturan i delbetalningar och det \u00e4r m\u00f6jligt att ha en betalningsperiod f\u00f6r den. Kontakta v\u00e5r kundtj\u00e4nst mira@mira.fi om du beh\u00f6ver mer betalningstid f\u00f6r din faktura.      <\/p>\n<p>Observera att n\u00e4r modellbilden har godk\u00e4nts \u00e4r best\u00e4llningen bindande och best\u00e4llningen av det specialtillverkade plagget kan inte helt annulleras efter\u00e5t. Observera att Mira har r\u00e4tt att debitera kunden f\u00f6r material- och arbetskostnader som uppst\u00e5tt f\u00f6re annullering av best\u00e4llningen. Till exempel, om en best\u00e4llning annulleras efter att modellbilden har ritats, har Mira r\u00e4tt att debitera kunden f\u00f6r den tid som spenderats p\u00e5 att rita modellbilden.  <\/p>\n<h4>Sponsrade kunder<\/h4>\n<p>Fakturan f\u00f6rdelas mellan betalarna till v\u00e5ra kunder som har sponsorer som delar kostnaden f\u00f6r specialtillverkade kl\u00e4der. Mira m\u00e5ste d\u00e5 informeras om inneh\u00e5llet i sponsoravtalet g\u00e4llande specialtillverkade kl\u00e4der vid best\u00e4llningstillf\u00e4llet. Om hela fordran faktureras till f\u00f6retagen kommer vi inte att f\u00f6rfakturera kunden. Sponsorer kommer i allm\u00e4nhet att f\u00e5 en faktura n\u00e4r plagget \u00e4r f\u00e4rdigt och levererat till kunden. F\u00f6r f\u00f6retag har fakturan en betalningsperiod p\u00e5 14 dagar.    <\/p>\n<h4>F\u00f6retagskunder<\/h4>\n<p>F\u00f6r f\u00f6retagskunder erbjuder vi ocks\u00e5 m\u00f6jligheten att betala f\u00f6r k\u00f6p via faktura f\u00f6r e-handelsbest\u00e4llningar och specialtillverkning. Fr\u00e5ga alltid efter en offert f\u00f6r st\u00f6rre best\u00e4llningskvantiteter fr\u00e5n v\u00e5r kundtj\u00e4nst mira@mira.fi. <\/p>\n<h2>LEVERANSVILLKOR F\u00d6R SPECIALTILLVERKADE KL\u00c4DER<\/h2>\n<p>Som regel meddelar vi alltid kunden om f\u00e4rdigst\u00e4llandet av en specialtillverkad produkt och ordnar leverans med kunden om han inte redan har instruerat leveransen vid best\u00e4llningstillf\u00e4llet. I Finland anv\u00e4nder Mira huvudsakligen tj\u00e4nsterna fr\u00e5n Posti och GLS f\u00f6r att leverera specialtillverkade kl\u00e4der, i vilket fall det \u00e4r m\u00f6jligt att leverera best\u00e4llningen inom 1-4 dagar. Priset f\u00f6r ett inhemskt paket beror p\u00e5 paketets storlek, men den minsta leveranskostnaden \u00e4r 10 \u20ac. F\u00f6r privatkunder \u00e4r leveranskostnaden till hemlandet generellt 25 \u20ac. F\u00f6r v\u00e5ra f\u00f6retagskunder som best\u00e4ller stora m\u00e4ngder produkter p\u00e5 en g\u00e5ng kan leveranskostnaderna till hemlandet vara maximalt 35 \u20ac. F\u00f6r inhemska expressleveranser anv\u00e4nder vi Posti Express-paketet.     <\/p>\n<p>Det \u00e4r ocks\u00e5 m\u00f6jligt att leverera specialtillverkade kl\u00e4der till t\u00e4vlingar i s\u00f6dra Finland utan kostnad. Vi skickar veckovis paket t.ex. till Vermo, Bj\u00f6rneborg, Tammerfors och Lahtis, d\u00e4r du kan h\u00e4mta ditt eget paket fr\u00e5n incheckningen under t\u00e4vlingarna. Om du vill ha leverans till vissa t\u00e4vlingar, v\u00e4nligen kontakta v\u00e5r kundtj\u00e4nst.  <\/p>\n<\/div>\n<\/div>\n<\/div>\n<\/div>\n<\/div>\n<\/div>\n","protected":false},"excerpt":{"rendered":"<p>BETALNINGSVILLKOR F\u00d6R E-HANDEL Fr\u00e5n och med den 5 september 2019  [&#8230;]<\/p>\n","protected":false},"author":1,"featured_media":0,"parent":0,"menu_order":0,"comment_status":"closed","ping_status":"closed","template":"","meta":{"footnotes":""},"class_list":["post-7819","page","type-page","status-publish","hentry"],"yoast_head":"<!-- This site is optimized with the Yoast SEO plugin v27.5 - https:\/\/yoast.com\/product\/yoast-seo-wordpress\/ -->\n<title>Leveransvillkor - Mira-Tex Oy<\/title>\n<meta name=\"robots\" content=\"index, follow, max-snippet:-1, max-image-preview:large, max-video-preview:-1\" \/>\n<link rel=\"canonical\" href=\"https:\/\/www.mira.fi\/leveransvillkor\/\" \/>\n<meta property=\"og:locale\" content=\"sv_SE\" \/>\n<meta property=\"og:type\" content=\"article\" \/>\n<meta property=\"og:title\" content=\"Leveransvillkor - Mira-Tex Oy\" \/>\n<meta property=\"og:description\" content=\"BETALNINGSVILLKOR F\u00d6R E-HANDEL Fr\u00e5n och med den 5 september 2019 [...]\" \/>\n<meta property=\"og:url\" content=\"https:\/\/www.mira.fi\/leveransvillkor\/\" \/>\n<meta property=\"og:site_name\" content=\"Mira-Tex Oy\" \/>\n<meta property=\"og:image\" content=\"https:\/\/www.mira.fi\/wp-content\/uploads\/Klarna_maksutavat.png\" \/>\n\t<meta property=\"og:image:width\" content=\"522\" \/>\n\t<meta property=\"og:image:height\" content=\"171\" \/>\n\t<meta property=\"og:image:type\" content=\"image\/png\" \/>\n<meta name=\"twitter:card\" content=\"summary_large_image\" \/>\n<meta name=\"twitter:label1\" content=\"Ber\u00e4knad l\u00e4stid\" \/>\n\t<meta name=\"twitter:data1\" content=\"8 minuter\" \/>\n<script type=\"application\/ld+json\" class=\"yoast-schema-graph\">{\"@context\":\"https:\\\/\\\/schema.org\",\"@graph\":[{\"@type\":\"WebPage\",\"@id\":\"https:\\\/\\\/www.mira.fi\\\/leveransvillkor\\\/\",\"url\":\"https:\\\/\\\/www.mira.fi\\\/leveransvillkor\\\/\",\"name\":\"Leveransvillkor - Mira-Tex Oy\",\"isPartOf\":{\"@id\":\"https:\\\/\\\/www.mira.fi\\\/#website\"},\"primaryImageOfPage\":{\"@id\":\"https:\\\/\\\/www.mira.fi\\\/leveransvillkor\\\/#primaryimage\"},\"image\":{\"@id\":\"https:\\\/\\\/www.mira.fi\\\/leveransvillkor\\\/#primaryimage\"},\"thumbnailUrl\":\"https:\\\/\\\/web.archive.org\\\/web\\\/20250115165734im_\\\/https:\\\/\\\/www.mira.fi\\\/wp-content\\\/uploads\\\/Klarna_maksutavat.png\",\"datePublished\":\"2021-03-03T20:39:48+00:00\",\"breadcrumb\":{\"@id\":\"https:\\\/\\\/www.mira.fi\\\/leveransvillkor\\\/#breadcrumb\"},\"inLanguage\":\"sv-SE\",\"potentialAction\":[{\"@type\":\"ReadAction\",\"target\":[\"https:\\\/\\\/www.mira.fi\\\/leveransvillkor\\\/\"]}]},{\"@type\":\"ImageObject\",\"inLanguage\":\"sv-SE\",\"@id\":\"https:\\\/\\\/www.mira.fi\\\/leveransvillkor\\\/#primaryimage\",\"url\":\"https:\\\/\\\/web.archive.org\\\/web\\\/20250115165734im_\\\/https:\\\/\\\/www.mira.fi\\\/wp-content\\\/uploads\\\/Klarna_maksutavat.png\",\"contentUrl\":\"https:\\\/\\\/web.archive.org\\\/web\\\/20250115165734im_\\\/https:\\\/\\\/www.mira.fi\\\/wp-content\\\/uploads\\\/Klarna_maksutavat.png\"},{\"@type\":\"BreadcrumbList\",\"@id\":\"https:\\\/\\\/www.mira.fi\\\/leveransvillkor\\\/#breadcrumb\",\"itemListElement\":[{\"@type\":\"ListItem\",\"position\":1,\"name\":\"Etusivu\",\"item\":\"https:\\\/\\\/www.mira.fi\\\/sv\\\/skraddarsytt\\\/\"},{\"@type\":\"ListItem\",\"position\":2,\"name\":\"Leveransvillkor\"}]},{\"@type\":\"WebSite\",\"@id\":\"https:\\\/\\\/www.mira.fi\\\/#website\",\"url\":\"https:\\\/\\\/www.mira.fi\\\/\",\"name\":\"Mira-Tex Oy\",\"description\":\"Ledande tillverkare av travkl\u00e4der\",\"publisher\":{\"@id\":\"https:\\\/\\\/www.mira.fi\\\/#organization\"},\"potentialAction\":[{\"@type\":\"SearchAction\",\"target\":{\"@type\":\"EntryPoint\",\"urlTemplate\":\"https:\\\/\\\/www.mira.fi\\\/?s={search_term_string}\"},\"query-input\":{\"@type\":\"PropertyValueSpecification\",\"valueRequired\":true,\"valueName\":\"search_term_string\"}}],\"inLanguage\":\"sv-SE\"},{\"@type\":\"Organization\",\"@id\":\"https:\\\/\\\/www.mira.fi\\\/#organization\",\"name\":\"Mira-Tex Oy\",\"url\":\"https:\\\/\\\/www.mira.fi\\\/\",\"logo\":{\"@type\":\"ImageObject\",\"inLanguage\":\"sv-SE\",\"@id\":\"https:\\\/\\\/www.mira.fi\\\/#\\\/schema\\\/logo\\\/image\\\/\",\"url\":\"https:\\\/\\\/www.mira.fi\\\/wp-content\\\/uploads\\\/favicon.png\",\"contentUrl\":\"https:\\\/\\\/www.mira.fi\\\/wp-content\\\/uploads\\\/favicon.png\",\"width\":600,\"height\":600,\"caption\":\"Mira-Tex Oy\"},\"image\":{\"@id\":\"https:\\\/\\\/www.mira.fi\\\/#\\\/schema\\\/logo\\\/image\\\/\"}}]}<\/script>\n<!-- \/ Yoast SEO plugin. -->","yoast_head_json":{"title":"Leveransvillkor - Mira-Tex Oy","robots":{"index":"index","follow":"follow","max-snippet":"max-snippet:-1","max-image-preview":"max-image-preview:large","max-video-preview":"max-video-preview:-1"},"canonical":"https:\/\/www.mira.fi\/leveransvillkor\/","og_locale":"sv_SE","og_type":"article","og_title":"Leveransvillkor - Mira-Tex Oy","og_description":"BETALNINGSVILLKOR F\u00d6R E-HANDEL Fr\u00e5n och med den 5 september 2019 [...]","og_url":"https:\/\/www.mira.fi\/leveransvillkor\/","og_site_name":"Mira-Tex Oy","og_image":[{"width":522,"height":171,"url":"https:\/\/www.mira.fi\/wp-content\/uploads\/Klarna_maksutavat.png","type":"image\/png"}],"twitter_card":"summary_large_image","twitter_misc":{"Ber\u00e4knad l\u00e4stid":"8 minuter"},"schema":{"@context":"https:\/\/schema.org","@graph":[{"@type":"WebPage","@id":"https:\/\/www.mira.fi\/leveransvillkor\/","url":"https:\/\/www.mira.fi\/leveransvillkor\/","name":"Leveransvillkor - Mira-Tex Oy","isPartOf":{"@id":"https:\/\/www.mira.fi\/#website"},"primaryImageOfPage":{"@id":"https:\/\/www.mira.fi\/leveransvillkor\/#primaryimage"},"image":{"@id":"https:\/\/www.mira.fi\/leveransvillkor\/#primaryimage"},"thumbnailUrl":"https:\/\/web.archive.org\/web\/20250115165734im_\/https:\/\/www.mira.fi\/wp-content\/uploads\/Klarna_maksutavat.png","datePublished":"2021-03-03T20:39:48+00:00","breadcrumb":{"@id":"https:\/\/www.mira.fi\/leveransvillkor\/#breadcrumb"},"inLanguage":"sv-SE","potentialAction":[{"@type":"ReadAction","target":["https:\/\/www.mira.fi\/leveransvillkor\/"]}]},{"@type":"ImageObject","inLanguage":"sv-SE","@id":"https:\/\/www.mira.fi\/leveransvillkor\/#primaryimage","url":"https:\/\/web.archive.org\/web\/20250115165734im_\/https:\/\/www.mira.fi\/wp-content\/uploads\/Klarna_maksutavat.png","contentUrl":"https:\/\/web.archive.org\/web\/20250115165734im_\/https:\/\/www.mira.fi\/wp-content\/uploads\/Klarna_maksutavat.png"},{"@type":"BreadcrumbList","@id":"https:\/\/www.mira.fi\/leveransvillkor\/#breadcrumb","itemListElement":[{"@type":"ListItem","position":1,"name":"Etusivu","item":"https:\/\/www.mira.fi\/sv\/skraddarsytt\/"},{"@type":"ListItem","position":2,"name":"Leveransvillkor"}]},{"@type":"WebSite","@id":"https:\/\/www.mira.fi\/#website","url":"https:\/\/www.mira.fi\/","name":"Mira-Tex Oy","description":"Ledande tillverkare av travkl\u00e4der","publisher":{"@id":"https:\/\/www.mira.fi\/#organization"},"potentialAction":[{"@type":"SearchAction","target":{"@type":"EntryPoint","urlTemplate":"https:\/\/www.mira.fi\/?s={search_term_string}"},"query-input":{"@type":"PropertyValueSpecification","valueRequired":true,"valueName":"search_term_string"}}],"inLanguage":"sv-SE"},{"@type":"Organization","@id":"https:\/\/www.mira.fi\/#organization","name":"Mira-Tex Oy","url":"https:\/\/www.mira.fi\/","logo":{"@type":"ImageObject","inLanguage":"sv-SE","@id":"https:\/\/www.mira.fi\/#\/schema\/logo\/image\/","url":"https:\/\/www.mira.fi\/wp-content\/uploads\/favicon.png","contentUrl":"https:\/\/www.mira.fi\/wp-content\/uploads\/favicon.png","width":600,"height":600,"caption":"Mira-Tex Oy"},"image":{"@id":"https:\/\/www.mira.fi\/#\/schema\/logo\/image\/"}}]}},"_links":{"self":[{"href":"https:\/\/www.mira.fi\/sv\/wp-json\/wp\/v2\/pages\/7819","targetHints":{"allow":["GET"]}}],"collection":[{"href":"https:\/\/www.mira.fi\/sv\/wp-json\/wp\/v2\/pages"}],"about":[{"href":"https:\/\/www.mira.fi\/sv\/wp-json\/wp\/v2\/types\/page"}],"author":[{"embeddable":true,"href":"https:\/\/www.mira.fi\/sv\/wp-json\/wp\/v2\/users\/1"}],"replies":[{"embeddable":true,"href":"https:\/\/www.mira.fi\/sv\/wp-json\/wp\/v2\/comments?post=7819"}],"version-history":[{"count":0,"href":"https:\/\/www.mira.fi\/sv\/wp-json\/wp\/v2\/pages\/7819\/revisions"}],"wp:attachment":[{"href":"https:\/\/www.mira.fi\/sv\/wp-json\/wp\/v2\/media?parent=7819"}],"curies":[{"name":"wp","href":"https:\/\/api.w.org\/{rel}","templated":true}]}}