{"id":7910,"date":"2021-03-03T22:58:24","date_gmt":"2021-03-03T20:58:24","guid":{"rendered":"https:\/\/www.mira.fi\/faq\/"},"modified":"2021-03-03T22:58:24","modified_gmt":"2021-03-03T20:58:24","slug":"faq","status":"publish","type":"page","link":"https:\/\/www.mira.fi\/sv\/faq\/","title":{"rendered":"FAQ"},"content":{"rendered":"<div class=\"col-sm-12 column pad-bottom-2em border-bottom\">\n<div class=\"column-wrapper content\">\n<div class=\"column-content\">\n<h3>1. Hur f\u00e5r jag reda p\u00e5 priset f\u00f6r min specialbest\u00e4llda produkt?<\/h3>\n<p>MIRA specialbest\u00e4llda kl\u00e4der har ett grundpris som inte p\u00e5verkas av antalet f\u00e4rger. Grundpriset best\u00e4ms av typen av kl\u00e4der, till exempel har en sommarjacka sitt eget pris. All brodyr som sponsorlogotyper, initialer p\u00e5 \u00e4rmar, stj\u00e4rnor etc. kommer att \u00f6ka priset p\u00e5 produkten, liksom allt annat extra arbete som avtagbara \u00e4rmar. D\u00e4rf\u00f6r b\u00f6r du alltid skicka ett meddelande till v\u00e5r kundtj\u00e4nst mira@mira.fi, d\u00e4r du f\u00e5r en offert f\u00f6r din dr\u00e4kt. Kom ih\u00e5g att meddela MIRA vilken s\u00e4song du vill ha dina kl\u00e4der f\u00f6r, vilka detaljer du vill ha p\u00e5 dina kl\u00e4der och skicka en bild av ditt nuvarande plagg s\u00e5 att det exakta priset kan ges.    <\/p>\n<\/div>\n<\/div>\n<\/div>\n<div class=\"col-sm-12 column pad-top-2em pad-bottom-2em border-bottom lazyloaded\">\n<div class=\"column-wrapper content\">\n<div class=\"column-content\">\n<h3>2. Jag har precis f\u00e5tt mitt nya specialbest\u00e4llda plagg men det har vissa passformsproblem?<\/h3>\n<p>MIRA vill alltid serva sina kunder p\u00e5 b\u00e4sta m\u00f6jliga s\u00e4tt. V\u00e5rt m\u00e5l \u00e4r att ha 100 % n\u00f6jda kunder. Om en specialbest\u00e4lld dr\u00e4kt har problem med passformen vill vi alltid veta det. Skicka bilder p\u00e5 dig n\u00e4r du b\u00e4r produkten till mira@mira.fi. Detta hj\u00e4lper v\u00e5ra skickliga m\u00f6nsterkonstrukt\u00f6rer att r\u00e4kna ut hur mycket \u00e4ndringar plagget beh\u00f6ver. Be din \u00e5terf\u00f6rs\u00e4ljare att returnera dr\u00e4kten till MIRA s\u00e5 \u00e5tg\u00e4rdar vi den till r\u00e4tt storlek utan dr\u00f6jsm\u00e5l.     <\/p>\n<p>Om dr\u00e4kten best\u00e4lls i standardstorlek och inte specialstorlek debiterar vi 40 \u20ac \/ timme f\u00f6r \u00e4ndringen<\/p>\n<p>Om den mottagna dr\u00e4kten \u00e4r defekt p\u00e5 grund av ett tillverkningsfel fr\u00e5n MIRA, v\u00e4nligen kontakta \u00e5terf\u00f6rs\u00e4ljaren fr\u00e5n vilken du best\u00e4llde dr\u00e4kten. Dr\u00e4kten ska returneras till MIRA d\u00e4r vi kommer att r\u00e4tta till v\u00e5rt misstag. <\/p>\n<\/div>\n<\/div>\n<\/div>\n<div class=\"col-sm-12 column pad-top-2em pad-bottom-2em border-bottom lazyloaded\">\n<div class=\"column-wrapper content\">\n<div class=\"column-content\">\n<h3>3. Jag har g\u00e5tt s\u00f6nder min dr\u00e4kt, vad ska jag g\u00f6ra?<\/h3>\n<p>MIRA-kl\u00e4der \u00e4r designade f\u00f6r att vara h\u00e5llbara och d\u00e4rf\u00f6r \u00e4r de gjorda av b\u00e4sta m\u00f6jliga material. Tyv\u00e4rr h\u00e4nder det ibland att dr\u00e4kten du precis f\u00e5tt g\u00e5r s\u00f6nder till f\u00f6ljd av en olycka. I det h\u00e4r fallet \u00e4r det m\u00f6jligt att skicka tillbaka dr\u00e4kten till MIRA, d\u00e4r vi reparerar den med originalmaterialen. Timtaxan f\u00f6r reparationer \u00e4r 40 \u20ac \/ timme.   <\/p>\n<\/div>\n<\/div>\n<\/div>\n<div class=\"col-sm-12 column pad-top-2em lazyloaded\">\n<div class=\"column-wrapper content\">\n<div class=\"column-content\">\n<h3>4. Min gamla dr\u00e4kt \u00e4r fortfarande anv\u00e4ndbar men min personliga sponsor \u00e4ndras. \u00c4r det m\u00f6jligt att byta logotyper p\u00e5 den gamla dr\u00e4kten? <\/h3>\n<p>MIRA byter dina logotyper utan problem! Skicka oss den nya sponsorlogotypen i jpg- eller pdf-fil s\u00e5 g\u00f6r vi logotypbrodyrprogrammet. V\u00e4nligen returnera din gamla dr\u00e4kt till oss med instruktioner om vilka logotyper som ska tas bort eller t\u00e4ckas \u00f6ver och var de nya logotyperna ska placeras.<x id=\"gid_0\"><\/x>Observera att vi debiterar f\u00f6r brodyrprogrammeringskostnad och brodyrarbetet f\u00f6r sponsorlogotyper. Om vi m\u00e5ste ta bort gamla logotyper debiterar vi en timtaxa p\u00e5 40 \u20ac \/ timme.     <\/p>\n<\/div>\n<\/div>\n<\/div>\n","protected":false},"excerpt":{"rendered":"<p>1. Hur f\u00e5r jag reda p\u00e5 priset f\u00f6r min specialbest\u00e4llda  [&#8230;]<\/p>\n","protected":false},"author":1,"featured_media":0,"parent":0,"menu_order":0,"comment_status":"closed","ping_status":"closed","template":"","meta":{"footnotes":""},"class_list":["post-7910","page","type-page","status-publish","hentry"],"yoast_head":"<!-- This site is optimized with the Yoast SEO plugin v27.4 - https:\/\/yoast.com\/product\/yoast-seo-wordpress\/ -->\n<title>FAQ - Mira-Tex Oy<\/title>\n<meta name=\"robots\" content=\"index, follow, max-snippet:-1, max-image-preview:large, max-video-preview:-1\" \/>\n<link rel=\"canonical\" href=\"https:\/\/www.mira.fi\/faq\/\" \/>\n<meta property=\"og:locale\" content=\"sv_SE\" \/>\n<meta property=\"og:type\" content=\"article\" \/>\n<meta property=\"og:title\" content=\"FAQ - Mira-Tex Oy\" \/>\n<meta property=\"og:description\" content=\"1. Hur f\u00e5r jag reda p\u00e5 priset f\u00f6r min specialbest\u00e4llda [...]\" \/>\n<meta property=\"og:url\" content=\"https:\/\/www.mira.fi\/faq\/\" \/>\n<meta property=\"og:site_name\" content=\"Mira-Tex Oy\" \/>\n<meta name=\"twitter:card\" content=\"summary_large_image\" \/>\n<meta name=\"twitter:label1\" content=\"Ber\u00e4knad l\u00e4stid\" \/>\n\t<meta name=\"twitter:data1\" content=\"3 minuter\" \/>\n<script type=\"application\/ld+json\" class=\"yoast-schema-graph\">{\"@context\":\"https:\\\/\\\/schema.org\",\"@graph\":[{\"@type\":\"WebPage\",\"@id\":\"https:\\\/\\\/www.mira.fi\\\/faq\\\/\",\"url\":\"https:\\\/\\\/www.mira.fi\\\/faq\\\/\",\"name\":\"FAQ - Mira-Tex Oy\",\"isPartOf\":{\"@id\":\"https:\\\/\\\/www.mira.fi\\\/#website\"},\"datePublished\":\"2021-03-03T20:58:24+00:00\",\"breadcrumb\":{\"@id\":\"https:\\\/\\\/www.mira.fi\\\/faq\\\/#breadcrumb\"},\"inLanguage\":\"sv-SE\",\"potentialAction\":[{\"@type\":\"ReadAction\",\"target\":[\"https:\\\/\\\/www.mira.fi\\\/faq\\\/\"]}]},{\"@type\":\"BreadcrumbList\",\"@id\":\"https:\\\/\\\/www.mira.fi\\\/faq\\\/#breadcrumb\",\"itemListElement\":[{\"@type\":\"ListItem\",\"position\":1,\"name\":\"Etusivu\",\"item\":\"https:\\\/\\\/www.mira.fi\\\/sv\\\/skraddarsytt\\\/\"},{\"@type\":\"ListItem\",\"position\":2,\"name\":\"FAQ\"}]},{\"@type\":\"WebSite\",\"@id\":\"https:\\\/\\\/www.mira.fi\\\/#website\",\"url\":\"https:\\\/\\\/www.mira.fi\\\/\",\"name\":\"Mira-Tex Oy\",\"description\":\"Ledande tillverkare av travkl\u00e4der\",\"publisher\":{\"@id\":\"https:\\\/\\\/www.mira.fi\\\/#organization\"},\"potentialAction\":[{\"@type\":\"SearchAction\",\"target\":{\"@type\":\"EntryPoint\",\"urlTemplate\":\"https:\\\/\\\/www.mira.fi\\\/?s={search_term_string}\"},\"query-input\":{\"@type\":\"PropertyValueSpecification\",\"valueRequired\":true,\"valueName\":\"search_term_string\"}}],\"inLanguage\":\"sv-SE\"},{\"@type\":\"Organization\",\"@id\":\"https:\\\/\\\/www.mira.fi\\\/#organization\",\"name\":\"Mira-Tex Oy\",\"url\":\"https:\\\/\\\/www.mira.fi\\\/\",\"logo\":{\"@type\":\"ImageObject\",\"inLanguage\":\"sv-SE\",\"@id\":\"https:\\\/\\\/www.mira.fi\\\/#\\\/schema\\\/logo\\\/image\\\/\",\"url\":\"https:\\\/\\\/www.mira.fi\\\/wp-content\\\/uploads\\\/favicon.png\",\"contentUrl\":\"https:\\\/\\\/www.mira.fi\\\/wp-content\\\/uploads\\\/favicon.png\",\"width\":600,\"height\":600,\"caption\":\"Mira-Tex Oy\"},\"image\":{\"@id\":\"https:\\\/\\\/www.mira.fi\\\/#\\\/schema\\\/logo\\\/image\\\/\"}}]}<\/script>\n<!-- \/ Yoast SEO plugin. -->","yoast_head_json":{"title":"FAQ - Mira-Tex Oy","robots":{"index":"index","follow":"follow","max-snippet":"max-snippet:-1","max-image-preview":"max-image-preview:large","max-video-preview":"max-video-preview:-1"},"canonical":"https:\/\/www.mira.fi\/faq\/","og_locale":"sv_SE","og_type":"article","og_title":"FAQ - Mira-Tex Oy","og_description":"1. Hur f\u00e5r jag reda p\u00e5 priset f\u00f6r min specialbest\u00e4llda [...]","og_url":"https:\/\/www.mira.fi\/faq\/","og_site_name":"Mira-Tex Oy","twitter_card":"summary_large_image","twitter_misc":{"Ber\u00e4knad l\u00e4stid":"3 minuter"},"schema":{"@context":"https:\/\/schema.org","@graph":[{"@type":"WebPage","@id":"https:\/\/www.mira.fi\/faq\/","url":"https:\/\/www.mira.fi\/faq\/","name":"FAQ - Mira-Tex Oy","isPartOf":{"@id":"https:\/\/www.mira.fi\/#website"},"datePublished":"2021-03-03T20:58:24+00:00","breadcrumb":{"@id":"https:\/\/www.mira.fi\/faq\/#breadcrumb"},"inLanguage":"sv-SE","potentialAction":[{"@type":"ReadAction","target":["https:\/\/www.mira.fi\/faq\/"]}]},{"@type":"BreadcrumbList","@id":"https:\/\/www.mira.fi\/faq\/#breadcrumb","itemListElement":[{"@type":"ListItem","position":1,"name":"Etusivu","item":"https:\/\/www.mira.fi\/sv\/skraddarsytt\/"},{"@type":"ListItem","position":2,"name":"FAQ"}]},{"@type":"WebSite","@id":"https:\/\/www.mira.fi\/#website","url":"https:\/\/www.mira.fi\/","name":"Mira-Tex Oy","description":"Ledande tillverkare av travkl\u00e4der","publisher":{"@id":"https:\/\/www.mira.fi\/#organization"},"potentialAction":[{"@type":"SearchAction","target":{"@type":"EntryPoint","urlTemplate":"https:\/\/www.mira.fi\/?s={search_term_string}"},"query-input":{"@type":"PropertyValueSpecification","valueRequired":true,"valueName":"search_term_string"}}],"inLanguage":"sv-SE"},{"@type":"Organization","@id":"https:\/\/www.mira.fi\/#organization","name":"Mira-Tex Oy","url":"https:\/\/www.mira.fi\/","logo":{"@type":"ImageObject","inLanguage":"sv-SE","@id":"https:\/\/www.mira.fi\/#\/schema\/logo\/image\/","url":"https:\/\/www.mira.fi\/wp-content\/uploads\/favicon.png","contentUrl":"https:\/\/www.mira.fi\/wp-content\/uploads\/favicon.png","width":600,"height":600,"caption":"Mira-Tex Oy"},"image":{"@id":"https:\/\/www.mira.fi\/#\/schema\/logo\/image\/"}}]}},"_links":{"self":[{"href":"https:\/\/www.mira.fi\/sv\/wp-json\/wp\/v2\/pages\/7910","targetHints":{"allow":["GET"]}}],"collection":[{"href":"https:\/\/www.mira.fi\/sv\/wp-json\/wp\/v2\/pages"}],"about":[{"href":"https:\/\/www.mira.fi\/sv\/wp-json\/wp\/v2\/types\/page"}],"author":[{"embeddable":true,"href":"https:\/\/www.mira.fi\/sv\/wp-json\/wp\/v2\/users\/1"}],"replies":[{"embeddable":true,"href":"https:\/\/www.mira.fi\/sv\/wp-json\/wp\/v2\/comments?post=7910"}],"version-history":[{"count":0,"href":"https:\/\/www.mira.fi\/sv\/wp-json\/wp\/v2\/pages\/7910\/revisions"}],"wp:attachment":[{"href":"https:\/\/www.mira.fi\/sv\/wp-json\/wp\/v2\/media?parent=7910"}],"curies":[{"name":"wp","href":"https:\/\/api.w.org\/{rel}","templated":true}]}}