{"id":8805,"date":"2021-06-05T10:56:00","date_gmt":"2021-06-05T07:56:00","guid":{"rendered":"https:\/\/www.mira.fi\/product\/mira-arbetsset-2-delat-vinter\/"},"modified":"2021-06-05T10:56:00","modified_gmt":"2021-06-05T07:56:00","slug":"mira-arbetsset-2-delat-vinter","status":"publish","type":"product","link":"https:\/\/www.mira.fi\/sv\/product\/mira-arbetsset-2-delat-vinter\/","title":{"rendered":"Mira arbetsset, 2-delat, Vinter"},"content":{"rendered":"<p>Mira Vinter Arbetsset, 2-delat med 160g vadd. Vind- och vattent\u00e4tt tyg, tejpade, vattent\u00e4ta s\u00f6mmar. Reflexpasspoal p\u00e5 sidorna och reflexdetaljer bak och fram. Jacka med br\u00f6st- och framfickor med dragkedja, br\u00f6stficka p\u00e5 insidan. Mjuk borstad trik\u00e5 p\u00e5 insidan av kragen. L\u00e4ngre f\u00e5ll bak och sn\u00f6l\u00e5s. Kardborrekn\u00e4ppning vid krage, \u00e4rmslut och f\u00e5ll. Byxor med h\u00f6g midja och h\u00e4ngslen. Dragkedjor och kardborrekn\u00e4ppning vid bensluten. Slitstarka nylonst\u00f6velband med snabbl\u00e5s. Byxor med framfickor med dragkedja p\u00e5 b\u00e5da sidor. M\u00f6jlighet att anpassa med broderat namn och logotyper.           <\/p>\n","protected":false},"excerpt":{"rendered":"<p>Mira Vinter Arbetsset, 2-delat med 160g vadd. Vind- och vattent\u00e4tt  [&#8230;]<\/p>\n","protected":false},"featured_media":8806,"template":"","meta":[],"product_brand":[],"product_cat":[1872],"product_tag":[],"class_list":{"0":"post-8805","1":"product","2":"type-product","3":"status-publish","4":"has-post-thumbnail","6":"product_cat-arbetsklader","7":"pa_color-black","8":"pa_color-dark-blue","10":"pa_color-svart-2","11":"pa_size-m","12":"pa_size-s","13":"pa_size-xl","14":"pa_size-xxl","15":"pa_size-xxs","16":"pa_size-xxxl","18":"first","19":"instock","20":"featured","21":"taxable","22":"shipping-taxable","23":"product-type-variable"},"yoast_head":"<!-- This site is optimized with the Yoast SEO plugin v27.4 - https:\/\/yoast.com\/product\/yoast-seo-wordpress\/ -->\n<title>Mira arbetsset, 2-delat, Vinter - Mira-Tex Oy<\/title>\n<meta name=\"robots\" content=\"index, follow, max-snippet:-1, max-image-preview:large, max-video-preview:-1\" \/>\n<link rel=\"canonical\" href=\"https:\/\/www.mira.fi\/sv\/product\/mira-arbetsset-2-delat-vinter\/\" \/>\n<meta property=\"og:locale\" content=\"sv_SE\" \/>\n<meta property=\"og:type\" content=\"article\" \/>\n<meta property=\"og:title\" content=\"Mira arbetsset, 2-delat, Vinter - Mira-Tex Oy\" \/>\n<meta property=\"og:description\" content=\"Mira Vinter Arbetsset, 2-delat med 160g vadd. Vind- och vattent\u00e4tt [...]\" \/>\n<meta property=\"og:url\" content=\"https:\/\/www.mira.fi\/sv\/product\/mira-arbetsset-2-delat-vinter\/\" \/>\n<meta property=\"og:site_name\" content=\"Mira-Tex Oy\" \/>\n<meta property=\"og:image\" content=\"https:\/\/www.mira.fi\/wp-content\/uploads\/Mira-Winter-Working-set-1-1.jpg\" \/>\n\t<meta property=\"og:image:width\" content=\"2048\" \/>\n\t<meta property=\"og:image:height\" content=\"2048\" \/>\n\t<meta property=\"og:image:type\" content=\"image\/jpeg\" \/>\n<meta name=\"twitter:card\" content=\"summary_large_image\" \/>\n<script type=\"application\/ld+json\" class=\"yoast-schema-graph\">{\"@context\":\"https:\\\/\\\/schema.org\",\"@graph\":[{\"@type\":\"WebPage\",\"@id\":\"https:\\\/\\\/www.mira.fi\\\/sv\\\/product\\\/mira-arbetsset-2-delat-vinter\\\/\",\"url\":\"https:\\\/\\\/www.mira.fi\\\/sv\\\/product\\\/mira-arbetsset-2-delat-vinter\\\/\",\"name\":\"Mira arbetsset, 2-delat, Vinter - Mira-Tex Oy\",\"isPartOf\":{\"@id\":\"https:\\\/\\\/www.mira.fi\\\/#website\"},\"primaryImageOfPage\":{\"@id\":\"https:\\\/\\\/www.mira.fi\\\/sv\\\/product\\\/mira-arbetsset-2-delat-vinter\\\/#primaryimage\"},\"image\":{\"@id\":\"https:\\\/\\\/www.mira.fi\\\/sv\\\/product\\\/mira-arbetsset-2-delat-vinter\\\/#primaryimage\"},\"thumbnailUrl\":\"https:\\\/\\\/www.mira.fi\\\/wp-content\\\/uploads\\\/Mira-Winter-Working-set-1-1.jpg\",\"datePublished\":\"2021-06-05T07:56:00+00:00\",\"breadcrumb\":{\"@id\":\"https:\\\/\\\/www.mira.fi\\\/sv\\\/product\\\/mira-arbetsset-2-delat-vinter\\\/#breadcrumb\"},\"inLanguage\":\"sv-SE\",\"potentialAction\":[{\"@type\":\"ReadAction\",\"target\":[\"https:\\\/\\\/www.mira.fi\\\/sv\\\/product\\\/mira-arbetsset-2-delat-vinter\\\/\"]}]},{\"@type\":\"ImageObject\",\"inLanguage\":\"sv-SE\",\"@id\":\"https:\\\/\\\/www.mira.fi\\\/sv\\\/product\\\/mira-arbetsset-2-delat-vinter\\\/#primaryimage\",\"url\":\"https:\\\/\\\/www.mira.fi\\\/wp-content\\\/uploads\\\/Mira-Winter-Working-set-1-1.jpg\",\"contentUrl\":\"https:\\\/\\\/www.mira.fi\\\/wp-content\\\/uploads\\\/Mira-Winter-Working-set-1-1.jpg\",\"width\":2048,\"height\":2048,\"caption\":\"Mira Arbetsset, 2-delat, Vinter\"},{\"@type\":\"BreadcrumbList\",\"@id\":\"https:\\\/\\\/www.mira.fi\\\/sv\\\/product\\\/mira-arbetsset-2-delat-vinter\\\/#breadcrumb\",\"itemListElement\":[{\"@type\":\"ListItem\",\"position\":1,\"name\":\"Etusivu\",\"item\":\"https:\\\/\\\/www.mira.fi\\\/sv\\\/skraddarsytt\\\/\"},{\"@type\":\"ListItem\",\"position\":2,\"name\":\"Butik\",\"item\":\"https:\\\/\\\/www.mira.fi\\\/sv\\\/butik\\\/\"},{\"@type\":\"ListItem\",\"position\":3,\"name\":\"Mira arbetsset, 2-delat, Vinter\"}]},{\"@type\":\"WebSite\",\"@id\":\"https:\\\/\\\/www.mira.fi\\\/#website\",\"url\":\"https:\\\/\\\/www.mira.fi\\\/\",\"name\":\"Mira-Tex Oy\",\"description\":\"Ledande tillverkare av travkl\u00e4der\",\"publisher\":{\"@id\":\"https:\\\/\\\/www.mira.fi\\\/#organization\"},\"potentialAction\":[{\"@type\":\"SearchAction\",\"target\":{\"@type\":\"EntryPoint\",\"urlTemplate\":\"https:\\\/\\\/www.mira.fi\\\/?s={search_term_string}\"},\"query-input\":{\"@type\":\"PropertyValueSpecification\",\"valueRequired\":true,\"valueName\":\"search_term_string\"}}],\"inLanguage\":\"sv-SE\"},{\"@type\":\"Organization\",\"@id\":\"https:\\\/\\\/www.mira.fi\\\/#organization\",\"name\":\"Mira-Tex Oy\",\"url\":\"https:\\\/\\\/www.mira.fi\\\/\",\"logo\":{\"@type\":\"ImageObject\",\"inLanguage\":\"sv-SE\",\"@id\":\"https:\\\/\\\/www.mira.fi\\\/#\\\/schema\\\/logo\\\/image\\\/\",\"url\":\"https:\\\/\\\/www.mira.fi\\\/wp-content\\\/uploads\\\/favicon.png\",\"contentUrl\":\"https:\\\/\\\/www.mira.fi\\\/wp-content\\\/uploads\\\/favicon.png\",\"width\":600,\"height\":600,\"caption\":\"Mira-Tex Oy\"},\"image\":{\"@id\":\"https:\\\/\\\/www.mira.fi\\\/#\\\/schema\\\/logo\\\/image\\\/\"}}]}<\/script>\n<!-- \/ Yoast SEO plugin. -->","yoast_head_json":{"title":"Mira arbetsset, 2-delat, Vinter - Mira-Tex Oy","robots":{"index":"index","follow":"follow","max-snippet":"max-snippet:-1","max-image-preview":"max-image-preview:large","max-video-preview":"max-video-preview:-1"},"canonical":"https:\/\/www.mira.fi\/sv\/product\/mira-arbetsset-2-delat-vinter\/","og_locale":"sv_SE","og_type":"article","og_title":"Mira arbetsset, 2-delat, Vinter - Mira-Tex Oy","og_description":"Mira Vinter Arbetsset, 2-delat med 160g vadd. Vind- och vattent\u00e4tt [...]","og_url":"https:\/\/www.mira.fi\/sv\/product\/mira-arbetsset-2-delat-vinter\/","og_site_name":"Mira-Tex Oy","og_image":[{"width":2048,"height":2048,"url":"https:\/\/www.mira.fi\/wp-content\/uploads\/Mira-Winter-Working-set-1-1.jpg","type":"image\/jpeg"}],"twitter_card":"summary_large_image","schema":{"@context":"https:\/\/schema.org","@graph":[{"@type":"WebPage","@id":"https:\/\/www.mira.fi\/sv\/product\/mira-arbetsset-2-delat-vinter\/","url":"https:\/\/www.mira.fi\/sv\/product\/mira-arbetsset-2-delat-vinter\/","name":"Mira arbetsset, 2-delat, Vinter - Mira-Tex Oy","isPartOf":{"@id":"https:\/\/www.mira.fi\/#website"},"primaryImageOfPage":{"@id":"https:\/\/www.mira.fi\/sv\/product\/mira-arbetsset-2-delat-vinter\/#primaryimage"},"image":{"@id":"https:\/\/www.mira.fi\/sv\/product\/mira-arbetsset-2-delat-vinter\/#primaryimage"},"thumbnailUrl":"https:\/\/www.mira.fi\/wp-content\/uploads\/Mira-Winter-Working-set-1-1.jpg","datePublished":"2021-06-05T07:56:00+00:00","breadcrumb":{"@id":"https:\/\/www.mira.fi\/sv\/product\/mira-arbetsset-2-delat-vinter\/#breadcrumb"},"inLanguage":"sv-SE","potentialAction":[{"@type":"ReadAction","target":["https:\/\/www.mira.fi\/sv\/product\/mira-arbetsset-2-delat-vinter\/"]}]},{"@type":"ImageObject","inLanguage":"sv-SE","@id":"https:\/\/www.mira.fi\/sv\/product\/mira-arbetsset-2-delat-vinter\/#primaryimage","url":"https:\/\/www.mira.fi\/wp-content\/uploads\/Mira-Winter-Working-set-1-1.jpg","contentUrl":"https:\/\/www.mira.fi\/wp-content\/uploads\/Mira-Winter-Working-set-1-1.jpg","width":2048,"height":2048,"caption":"Mira Arbetsset, 2-delat, Vinter"},{"@type":"BreadcrumbList","@id":"https:\/\/www.mira.fi\/sv\/product\/mira-arbetsset-2-delat-vinter\/#breadcrumb","itemListElement":[{"@type":"ListItem","position":1,"name":"Etusivu","item":"https:\/\/www.mira.fi\/sv\/skraddarsytt\/"},{"@type":"ListItem","position":2,"name":"Butik","item":"https:\/\/www.mira.fi\/sv\/butik\/"},{"@type":"ListItem","position":3,"name":"Mira arbetsset, 2-delat, Vinter"}]},{"@type":"WebSite","@id":"https:\/\/www.mira.fi\/#website","url":"https:\/\/www.mira.fi\/","name":"Mira-Tex Oy","description":"Ledande tillverkare av travkl\u00e4der","publisher":{"@id":"https:\/\/www.mira.fi\/#organization"},"potentialAction":[{"@type":"SearchAction","target":{"@type":"EntryPoint","urlTemplate":"https:\/\/www.mira.fi\/?s={search_term_string}"},"query-input":{"@type":"PropertyValueSpecification","valueRequired":true,"valueName":"search_term_string"}}],"inLanguage":"sv-SE"},{"@type":"Organization","@id":"https:\/\/www.mira.fi\/#organization","name":"Mira-Tex Oy","url":"https:\/\/www.mira.fi\/","logo":{"@type":"ImageObject","inLanguage":"sv-SE","@id":"https:\/\/www.mira.fi\/#\/schema\/logo\/image\/","url":"https:\/\/www.mira.fi\/wp-content\/uploads\/favicon.png","contentUrl":"https:\/\/www.mira.fi\/wp-content\/uploads\/favicon.png","width":600,"height":600,"caption":"Mira-Tex Oy"},"image":{"@id":"https:\/\/www.mira.fi\/#\/schema\/logo\/image\/"}}]}},"_links":{"self":[{"href":"https:\/\/www.mira.fi\/sv\/wp-json\/wp\/v2\/product\/8805","targetHints":{"allow":["GET"]}}],"collection":[{"href":"https:\/\/www.mira.fi\/sv\/wp-json\/wp\/v2\/product"}],"about":[{"href":"https:\/\/www.mira.fi\/sv\/wp-json\/wp\/v2\/types\/product"}],"wp:featuredmedia":[{"embeddable":true,"href":"https:\/\/www.mira.fi\/sv\/wp-json\/wp\/v2\/media\/8806"}],"wp:attachment":[{"href":"https:\/\/www.mira.fi\/sv\/wp-json\/wp\/v2\/media?parent=8805"}],"wp:term":[{"taxonomy":"product_brand","embeddable":true,"href":"https:\/\/www.mira.fi\/sv\/wp-json\/wp\/v2\/product_brand?post=8805"},{"taxonomy":"product_cat","embeddable":true,"href":"https:\/\/www.mira.fi\/sv\/wp-json\/wp\/v2\/product_cat?post=8805"},{"taxonomy":"product_tag","embeddable":true,"href":"https:\/\/www.mira.fi\/sv\/wp-json\/wp\/v2\/product_tag?post=8805"}],"curies":[{"name":"wp","href":"https:\/\/api.w.org\/{rel}","templated":true}]}}