{"id":9000,"date":"2021-06-05T10:56:00","date_gmt":"2021-05-06T07:56:01","guid":{"rendered":"https:\/\/www.mira.fi\/product\/mira-superpolo-polokrage\/"},"modified":"2026-01-16T10:32:10","modified_gmt":"2026-01-16T08:32:10","slug":"mira-superpolo-polokrage","status":"publish","type":"product","link":"https:\/\/www.mira.fi\/sv\/product\/mira-superpolo-polokrage\/","title":{"rendered":"Mira Termisk Polotr\u00f6ja, Rullkrage"},"content":{"rendered":"<p>Stretchig och varm Mira-polotr\u00f6ja med l\u00e5nga \u00e4rmar. H\u00f6g, mjuk och elastisk polokrage. Skyddar din hals fr\u00e5n damm och grus. H\u00e5ller din hals varm i kallt v\u00e4der. Vit stilren krage kompletterar din t\u00e4vlingsoutfit.    <\/p>\n","protected":false},"excerpt":{"rendered":"<p>Stretchig och varm Mira-polotr\u00f6ja med l\u00e5nga \u00e4rmar. H\u00f6g, mjuk och  [&#8230;]<\/p>\n","protected":false},"featured_media":9001,"template":"","meta":[],"product_brand":[],"product_cat":[1868,1872],"product_tag":[],"class_list":{"0":"post-9000","1":"product","2":"type-product","3":"status-publish","4":"has-post-thumbnail","6":"product_cat-tavlingsklader","7":"product_cat-arbetsklader","8":"pa_size-m","9":"pa_size-s","10":"pa_size-xl","11":"pa_size-xxl","12":"pa_size-xxs","13":"pa_size-xxxl","15":"first","16":"instock","17":"taxable","18":"shipping-taxable","19":"purchasable","20":"product-type-variable","21":"has-default-attributes"},"yoast_head":"<!-- This site is optimized with the Yoast SEO plugin v27.3 - https:\/\/yoast.com\/product\/yoast-seo-wordpress\/ -->\n<title>Mira Termisk Polotr\u00f6ja, Rullkrage - Mira-Tex Oy<\/title>\n<meta name=\"robots\" content=\"index, follow, max-snippet:-1, max-image-preview:large, max-video-preview:-1\" \/>\n<link rel=\"canonical\" href=\"https:\/\/www.mira.fi\/sv\/product\/mira-superpolo-polokrage\/\" \/>\n<meta property=\"og:locale\" content=\"sv_SE\" \/>\n<meta property=\"og:type\" content=\"article\" \/>\n<meta property=\"og:title\" content=\"Mira Termisk Polotr\u00f6ja, Rullkrage - Mira-Tex Oy\" \/>\n<meta property=\"og:description\" content=\"Stretchig och varm Mira-polotr\u00f6ja med l\u00e5nga \u00e4rmar. H\u00f6g, mjuk och [...]\" \/>\n<meta property=\"og:url\" content=\"https:\/\/www.mira.fi\/sv\/product\/mira-superpolo-polokrage\/\" \/>\n<meta property=\"og:site_name\" content=\"Mira-Tex Oy\" \/>\n<meta property=\"article:modified_time\" content=\"2026-01-16T08:32:10+00:00\" \/>\n<meta property=\"og:image\" content=\"https:\/\/www.mira.fi\/wp-content\/uploads\/IMG_8093-Edit-Edit-1.jpg\" \/>\n\t<meta property=\"og:image:width\" content=\"2048\" \/>\n\t<meta property=\"og:image:height\" content=\"2048\" \/>\n\t<meta property=\"og:image:type\" content=\"image\/jpeg\" \/>\n<meta name=\"twitter:card\" content=\"summary_large_image\" \/>\n<script type=\"application\/ld+json\" class=\"yoast-schema-graph\">{\"@context\":\"https:\\\/\\\/schema.org\",\"@graph\":[{\"@type\":\"WebPage\",\"@id\":\"https:\\\/\\\/www.mira.fi\\\/sv\\\/product\\\/mira-superpolo-polokrage\\\/\",\"url\":\"https:\\\/\\\/www.mira.fi\\\/sv\\\/product\\\/mira-superpolo-polokrage\\\/\",\"name\":\"Mira Termisk Polotr\u00f6ja, Rullkrage - Mira-Tex Oy\",\"isPartOf\":{\"@id\":\"https:\\\/\\\/www.mira.fi\\\/#website\"},\"primaryImageOfPage\":{\"@id\":\"https:\\\/\\\/www.mira.fi\\\/sv\\\/product\\\/mira-superpolo-polokrage\\\/#primaryimage\"},\"image\":{\"@id\":\"https:\\\/\\\/www.mira.fi\\\/sv\\\/product\\\/mira-superpolo-polokrage\\\/#primaryimage\"},\"thumbnailUrl\":\"https:\\\/\\\/www.mira.fi\\\/wp-content\\\/uploads\\\/IMG_8093-Edit-Edit-1.jpg\",\"datePublished\":\"2021-05-06T07:56:01+00:00\",\"dateModified\":\"2026-01-16T08:32:10+00:00\",\"breadcrumb\":{\"@id\":\"https:\\\/\\\/www.mira.fi\\\/sv\\\/product\\\/mira-superpolo-polokrage\\\/#breadcrumb\"},\"inLanguage\":\"sv-SE\",\"potentialAction\":[{\"@type\":\"ReadAction\",\"target\":[\"https:\\\/\\\/www.mira.fi\\\/sv\\\/product\\\/mira-superpolo-polokrage\\\/\"]}]},{\"@type\":\"ImageObject\",\"inLanguage\":\"sv-SE\",\"@id\":\"https:\\\/\\\/www.mira.fi\\\/sv\\\/product\\\/mira-superpolo-polokrage\\\/#primaryimage\",\"url\":\"https:\\\/\\\/www.mira.fi\\\/wp-content\\\/uploads\\\/IMG_8093-Edit-Edit-1.jpg\",\"contentUrl\":\"https:\\\/\\\/www.mira.fi\\\/wp-content\\\/uploads\\\/IMG_8093-Edit-Edit-1.jpg\",\"width\":2048,\"height\":2048,\"caption\":\"Mira superpolo, Polokrage\"},{\"@type\":\"BreadcrumbList\",\"@id\":\"https:\\\/\\\/www.mira.fi\\\/sv\\\/product\\\/mira-superpolo-polokrage\\\/#breadcrumb\",\"itemListElement\":[{\"@type\":\"ListItem\",\"position\":1,\"name\":\"Etusivu\",\"item\":\"https:\\\/\\\/www.mira.fi\\\/sv\\\/skraddarsytt\\\/\"},{\"@type\":\"ListItem\",\"position\":2,\"name\":\"Butik\",\"item\":\"https:\\\/\\\/www.mira.fi\\\/sv\\\/butik\\\/\"},{\"@type\":\"ListItem\",\"position\":3,\"name\":\"Mira Termisk Polotr\u00f6ja, Rullkrage\"}]},{\"@type\":\"WebSite\",\"@id\":\"https:\\\/\\\/www.mira.fi\\\/#website\",\"url\":\"https:\\\/\\\/www.mira.fi\\\/\",\"name\":\"Mira-Tex Oy\",\"description\":\"Ledande tillverkare av travkl\u00e4der\",\"publisher\":{\"@id\":\"https:\\\/\\\/www.mira.fi\\\/#organization\"},\"potentialAction\":[{\"@type\":\"SearchAction\",\"target\":{\"@type\":\"EntryPoint\",\"urlTemplate\":\"https:\\\/\\\/www.mira.fi\\\/?s={search_term_string}\"},\"query-input\":{\"@type\":\"PropertyValueSpecification\",\"valueRequired\":true,\"valueName\":\"search_term_string\"}}],\"inLanguage\":\"sv-SE\"},{\"@type\":\"Organization\",\"@id\":\"https:\\\/\\\/www.mira.fi\\\/#organization\",\"name\":\"Mira-Tex Oy\",\"url\":\"https:\\\/\\\/www.mira.fi\\\/\",\"logo\":{\"@type\":\"ImageObject\",\"inLanguage\":\"sv-SE\",\"@id\":\"https:\\\/\\\/www.mira.fi\\\/#\\\/schema\\\/logo\\\/image\\\/\",\"url\":\"https:\\\/\\\/www.mira.fi\\\/wp-content\\\/uploads\\\/favicon.png\",\"contentUrl\":\"https:\\\/\\\/www.mira.fi\\\/wp-content\\\/uploads\\\/favicon.png\",\"width\":600,\"height\":600,\"caption\":\"Mira-Tex Oy\"},\"image\":{\"@id\":\"https:\\\/\\\/www.mira.fi\\\/#\\\/schema\\\/logo\\\/image\\\/\"}}]}<\/script>\n<!-- \/ Yoast SEO plugin. -->","yoast_head_json":{"title":"Mira Termisk Polotr\u00f6ja, Rullkrage - Mira-Tex Oy","robots":{"index":"index","follow":"follow","max-snippet":"max-snippet:-1","max-image-preview":"max-image-preview:large","max-video-preview":"max-video-preview:-1"},"canonical":"https:\/\/www.mira.fi\/sv\/product\/mira-superpolo-polokrage\/","og_locale":"sv_SE","og_type":"article","og_title":"Mira Termisk Polotr\u00f6ja, Rullkrage - Mira-Tex Oy","og_description":"Stretchig och varm Mira-polotr\u00f6ja med l\u00e5nga \u00e4rmar. H\u00f6g, mjuk och [...]","og_url":"https:\/\/www.mira.fi\/sv\/product\/mira-superpolo-polokrage\/","og_site_name":"Mira-Tex Oy","article_modified_time":"2026-01-16T08:32:10+00:00","og_image":[{"width":2048,"height":2048,"url":"https:\/\/www.mira.fi\/wp-content\/uploads\/IMG_8093-Edit-Edit-1.jpg","type":"image\/jpeg"}],"twitter_card":"summary_large_image","schema":{"@context":"https:\/\/schema.org","@graph":[{"@type":"WebPage","@id":"https:\/\/www.mira.fi\/sv\/product\/mira-superpolo-polokrage\/","url":"https:\/\/www.mira.fi\/sv\/product\/mira-superpolo-polokrage\/","name":"Mira Termisk Polotr\u00f6ja, Rullkrage - Mira-Tex Oy","isPartOf":{"@id":"https:\/\/www.mira.fi\/#website"},"primaryImageOfPage":{"@id":"https:\/\/www.mira.fi\/sv\/product\/mira-superpolo-polokrage\/#primaryimage"},"image":{"@id":"https:\/\/www.mira.fi\/sv\/product\/mira-superpolo-polokrage\/#primaryimage"},"thumbnailUrl":"https:\/\/www.mira.fi\/wp-content\/uploads\/IMG_8093-Edit-Edit-1.jpg","datePublished":"2021-05-06T07:56:01+00:00","dateModified":"2026-01-16T08:32:10+00:00","breadcrumb":{"@id":"https:\/\/www.mira.fi\/sv\/product\/mira-superpolo-polokrage\/#breadcrumb"},"inLanguage":"sv-SE","potentialAction":[{"@type":"ReadAction","target":["https:\/\/www.mira.fi\/sv\/product\/mira-superpolo-polokrage\/"]}]},{"@type":"ImageObject","inLanguage":"sv-SE","@id":"https:\/\/www.mira.fi\/sv\/product\/mira-superpolo-polokrage\/#primaryimage","url":"https:\/\/www.mira.fi\/wp-content\/uploads\/IMG_8093-Edit-Edit-1.jpg","contentUrl":"https:\/\/www.mira.fi\/wp-content\/uploads\/IMG_8093-Edit-Edit-1.jpg","width":2048,"height":2048,"caption":"Mira superpolo, Polokrage"},{"@type":"BreadcrumbList","@id":"https:\/\/www.mira.fi\/sv\/product\/mira-superpolo-polokrage\/#breadcrumb","itemListElement":[{"@type":"ListItem","position":1,"name":"Etusivu","item":"https:\/\/www.mira.fi\/sv\/skraddarsytt\/"},{"@type":"ListItem","position":2,"name":"Butik","item":"https:\/\/www.mira.fi\/sv\/butik\/"},{"@type":"ListItem","position":3,"name":"Mira Termisk Polotr\u00f6ja, Rullkrage"}]},{"@type":"WebSite","@id":"https:\/\/www.mira.fi\/#website","url":"https:\/\/www.mira.fi\/","name":"Mira-Tex Oy","description":"Ledande tillverkare av travkl\u00e4der","publisher":{"@id":"https:\/\/www.mira.fi\/#organization"},"potentialAction":[{"@type":"SearchAction","target":{"@type":"EntryPoint","urlTemplate":"https:\/\/www.mira.fi\/?s={search_term_string}"},"query-input":{"@type":"PropertyValueSpecification","valueRequired":true,"valueName":"search_term_string"}}],"inLanguage":"sv-SE"},{"@type":"Organization","@id":"https:\/\/www.mira.fi\/#organization","name":"Mira-Tex Oy","url":"https:\/\/www.mira.fi\/","logo":{"@type":"ImageObject","inLanguage":"sv-SE","@id":"https:\/\/www.mira.fi\/#\/schema\/logo\/image\/","url":"https:\/\/www.mira.fi\/wp-content\/uploads\/favicon.png","contentUrl":"https:\/\/www.mira.fi\/wp-content\/uploads\/favicon.png","width":600,"height":600,"caption":"Mira-Tex Oy"},"image":{"@id":"https:\/\/www.mira.fi\/#\/schema\/logo\/image\/"}}]}},"_links":{"self":[{"href":"https:\/\/www.mira.fi\/sv\/wp-json\/wp\/v2\/product\/9000","targetHints":{"allow":["GET"]}}],"collection":[{"href":"https:\/\/www.mira.fi\/sv\/wp-json\/wp\/v2\/product"}],"about":[{"href":"https:\/\/www.mira.fi\/sv\/wp-json\/wp\/v2\/types\/product"}],"wp:featuredmedia":[{"embeddable":true,"href":"https:\/\/www.mira.fi\/sv\/wp-json\/wp\/v2\/media\/9001"}],"wp:attachment":[{"href":"https:\/\/www.mira.fi\/sv\/wp-json\/wp\/v2\/media?parent=9000"}],"wp:term":[{"taxonomy":"product_brand","embeddable":true,"href":"https:\/\/www.mira.fi\/sv\/wp-json\/wp\/v2\/product_brand?post=9000"},{"taxonomy":"product_cat","embeddable":true,"href":"https:\/\/www.mira.fi\/sv\/wp-json\/wp\/v2\/product_cat?post=9000"},{"taxonomy":"product_tag","embeddable":true,"href":"https:\/\/www.mira.fi\/sv\/wp-json\/wp\/v2\/product_tag?post=9000"}],"curies":[{"name":"wp","href":"https:\/\/api.w.org\/{rel}","templated":true}]}}