{"id":9335,"date":"2025-12-04T09:36:22","date_gmt":"2025-12-04T07:36:22","guid":{"rendered":"https:\/\/www.mira.fi\/product\/mira-termoshorts\/"},"modified":"2025-12-04T09:36:22","modified_gmt":"2025-12-04T07:36:22","slug":"mira-termoshorts","status":"publish","type":"product","link":"https:\/\/www.mira.fi\/sv\/product\/mira-termoshorts\/","title":{"rendered":"Mira Termoshorts"},"content":{"rendered":"<p><strong>Mira Thermal Shorts<\/strong> \u00e4r designade f\u00f6r travkuskar som ett v\u00e4rmande underlager att b\u00e4ras under t\u00e4vlings- eller arbetsbyxor. De ger extra komfort i kalla f\u00f6rh\u00e5llanden d\u00e4r sulkys\u00e4tet kan k\u00e4nnas isigt, och ger extra isolering exakt d\u00e4r det beh\u00f6vs som mest. Det l\u00e4tta men slitstarka yttertyget i kombination med termisk vaddering g\u00f6r dessa shorts till ett p\u00e5litligt val f\u00f6r vintertr\u00e4ning och t\u00e4vling.  <\/p>\n<p><strong>Huvudfunktioner:<\/strong><\/p>\n<ul>\n<li>Sidodragkedjor i full l\u00e4ngd f\u00f6r enkel p\u00e5- och avkl\u00e4dning, \u00e4ven med st\u00f6vlar och ytterkl\u00e4der p\u00e5.<\/li>\n<li>Elastisk sektion baktill i midjan och tryckknappar i sidan f\u00f6r en justerbar, individuell passform.<\/li>\n<li>Halkfritt innermaterial i midjebandet s\u00e4kerst\u00e4ller att shortsen sitter s\u00e4kert p\u00e5 plats.<\/li>\n<li>130 g termisk isolering ger effektiv v\u00e4rme i kalla milj\u00f6er.<\/li>\n<li>L\u00e4tt yttertyg som formar sig bra under anv\u00e4ndning<\/li>\n<\/ul>\n<p><strong>Material:<\/strong><\/p>\n<ul>\n<li>Yttertyg: L\u00e4tt, formstabilt tyg<\/li>\n<li>Foder: 130 g termisk isolering<\/li>\n<\/ul>\n<p><strong>Storlekar:<\/strong> XS \u2013 XXL<\/p>\n<p><strong>Idealisk anv\u00e4ndning:<\/strong> F\u00f6r trav och stallarbete i kallt v\u00e4der, b\u00e4rs under byxor f\u00f6r extra v\u00e4rme, s\u00e4rskilt vid s\u00e4tet.<\/p>\n","protected":false},"excerpt":{"rendered":"<p>Mira Thermal Shorts \u00e4r designade f\u00f6r travkuskar som ett v\u00e4rmande  [&#8230;]<\/p>\n","protected":false},"featured_media":9338,"template":"","meta":[],"product_brand":[],"product_cat":[1868,1872],"product_tag":[],"class_list":{"0":"post-9335","1":"product","2":"type-product","3":"status-publish","4":"has-post-thumbnail","6":"product_cat-tavlingsklader","7":"product_cat-arbetsklader","8":"pa_size-xxl","10":"first","11":"instock","12":"taxable","13":"shipping-taxable","14":"product-type-variable"},"yoast_head":"<!-- This site is optimized with the Yoast SEO plugin v27.5 - https:\/\/yoast.com\/product\/yoast-seo-wordpress\/ -->\n<title>Mira Termoshorts - Mira-Tex Oy<\/title>\n<meta name=\"robots\" content=\"index, follow, max-snippet:-1, max-image-preview:large, max-video-preview:-1\" \/>\n<link rel=\"canonical\" href=\"https:\/\/www.mira.fi\/sv\/product\/mira-termoshorts\/\" \/>\n<meta property=\"og:locale\" content=\"sv_SE\" \/>\n<meta property=\"og:type\" content=\"article\" \/>\n<meta property=\"og:title\" content=\"Mira Termoshorts - Mira-Tex Oy\" \/>\n<meta property=\"og:description\" content=\"Mira Thermal Shorts \u00e4r designade f\u00f6r travkuskar som ett v\u00e4rmande [...]\" \/>\n<meta property=\"og:url\" content=\"https:\/\/www.mira.fi\/sv\/product\/mira-termoshorts\/\" \/>\n<meta property=\"og:site_name\" content=\"Mira-Tex Oy\" \/>\n<meta property=\"og:image\" content=\"https:\/\/www.mira.fi\/wp-content\/uploads\/739-Mira-Thermal-Shorts-racing-scaled.jpg\" \/>\n\t<meta property=\"og:image:width\" content=\"1920\" \/>\n\t<meta property=\"og:image:height\" content=\"2560\" \/>\n\t<meta property=\"og:image:type\" content=\"image\/jpeg\" \/>\n<meta name=\"twitter:card\" content=\"summary_large_image\" \/>\n<meta name=\"twitter:label1\" content=\"Ber\u00e4knad l\u00e4stid\" \/>\n\t<meta name=\"twitter:data1\" content=\"1 minut\" \/>\n<script type=\"application\/ld+json\" class=\"yoast-schema-graph\">{\"@context\":\"https:\\\/\\\/schema.org\",\"@graph\":[{\"@type\":\"WebPage\",\"@id\":\"https:\\\/\\\/www.mira.fi\\\/sv\\\/product\\\/mira-termoshorts\\\/\",\"url\":\"https:\\\/\\\/www.mira.fi\\\/sv\\\/product\\\/mira-termoshorts\\\/\",\"name\":\"Mira Termoshorts - Mira-Tex Oy\",\"isPartOf\":{\"@id\":\"https:\\\/\\\/www.mira.fi\\\/#website\"},\"primaryImageOfPage\":{\"@id\":\"https:\\\/\\\/www.mira.fi\\\/sv\\\/product\\\/mira-termoshorts\\\/#primaryimage\"},\"image\":{\"@id\":\"https:\\\/\\\/www.mira.fi\\\/sv\\\/product\\\/mira-termoshorts\\\/#primaryimage\"},\"thumbnailUrl\":\"https:\\\/\\\/www.mira.fi\\\/wp-content\\\/uploads\\\/739-Mira-Thermal-Shorts-racing-scaled.jpg\",\"datePublished\":\"2025-12-04T07:36:22+00:00\",\"breadcrumb\":{\"@id\":\"https:\\\/\\\/www.mira.fi\\\/sv\\\/product\\\/mira-termoshorts\\\/#breadcrumb\"},\"inLanguage\":\"sv-SE\",\"potentialAction\":[{\"@type\":\"ReadAction\",\"target\":[\"https:\\\/\\\/www.mira.fi\\\/sv\\\/product\\\/mira-termoshorts\\\/\"]}]},{\"@type\":\"ImageObject\",\"inLanguage\":\"sv-SE\",\"@id\":\"https:\\\/\\\/www.mira.fi\\\/sv\\\/product\\\/mira-termoshorts\\\/#primaryimage\",\"url\":\"https:\\\/\\\/www.mira.fi\\\/wp-content\\\/uploads\\\/739-Mira-Thermal-Shorts-racing-scaled.jpg\",\"contentUrl\":\"https:\\\/\\\/www.mira.fi\\\/wp-content\\\/uploads\\\/739-Mira-Thermal-Shorts-racing-scaled.jpg\",\"width\":1920,\"height\":2560},{\"@type\":\"BreadcrumbList\",\"@id\":\"https:\\\/\\\/www.mira.fi\\\/sv\\\/product\\\/mira-termoshorts\\\/#breadcrumb\",\"itemListElement\":[{\"@type\":\"ListItem\",\"position\":1,\"name\":\"Etusivu\",\"item\":\"https:\\\/\\\/www.mira.fi\\\/sv\\\/skraddarsytt\\\/\"},{\"@type\":\"ListItem\",\"position\":2,\"name\":\"Butik\",\"item\":\"https:\\\/\\\/www.mira.fi\\\/sv\\\/butik\\\/\"},{\"@type\":\"ListItem\",\"position\":3,\"name\":\"Mira Termoshorts\"}]},{\"@type\":\"WebSite\",\"@id\":\"https:\\\/\\\/www.mira.fi\\\/#website\",\"url\":\"https:\\\/\\\/www.mira.fi\\\/\",\"name\":\"Mira-Tex Oy\",\"description\":\"Ledande tillverkare av travkl\u00e4der\",\"publisher\":{\"@id\":\"https:\\\/\\\/www.mira.fi\\\/#organization\"},\"potentialAction\":[{\"@type\":\"SearchAction\",\"target\":{\"@type\":\"EntryPoint\",\"urlTemplate\":\"https:\\\/\\\/www.mira.fi\\\/?s={search_term_string}\"},\"query-input\":{\"@type\":\"PropertyValueSpecification\",\"valueRequired\":true,\"valueName\":\"search_term_string\"}}],\"inLanguage\":\"sv-SE\"},{\"@type\":\"Organization\",\"@id\":\"https:\\\/\\\/www.mira.fi\\\/#organization\",\"name\":\"Mira-Tex Oy\",\"url\":\"https:\\\/\\\/www.mira.fi\\\/\",\"logo\":{\"@type\":\"ImageObject\",\"inLanguage\":\"sv-SE\",\"@id\":\"https:\\\/\\\/www.mira.fi\\\/#\\\/schema\\\/logo\\\/image\\\/\",\"url\":\"https:\\\/\\\/www.mira.fi\\\/wp-content\\\/uploads\\\/favicon.png\",\"contentUrl\":\"https:\\\/\\\/www.mira.fi\\\/wp-content\\\/uploads\\\/favicon.png\",\"width\":600,\"height\":600,\"caption\":\"Mira-Tex Oy\"},\"image\":{\"@id\":\"https:\\\/\\\/www.mira.fi\\\/#\\\/schema\\\/logo\\\/image\\\/\"}}]}<\/script>\n<!-- \/ Yoast SEO plugin. -->","yoast_head_json":{"title":"Mira Termoshorts - Mira-Tex Oy","robots":{"index":"index","follow":"follow","max-snippet":"max-snippet:-1","max-image-preview":"max-image-preview:large","max-video-preview":"max-video-preview:-1"},"canonical":"https:\/\/www.mira.fi\/sv\/product\/mira-termoshorts\/","og_locale":"sv_SE","og_type":"article","og_title":"Mira Termoshorts - Mira-Tex Oy","og_description":"Mira Thermal Shorts \u00e4r designade f\u00f6r travkuskar som ett v\u00e4rmande [...]","og_url":"https:\/\/www.mira.fi\/sv\/product\/mira-termoshorts\/","og_site_name":"Mira-Tex Oy","og_image":[{"width":1920,"height":2560,"url":"https:\/\/www.mira.fi\/wp-content\/uploads\/739-Mira-Thermal-Shorts-racing-scaled.jpg","type":"image\/jpeg"}],"twitter_card":"summary_large_image","twitter_misc":{"Ber\u00e4knad l\u00e4stid":"1 minut"},"schema":{"@context":"https:\/\/schema.org","@graph":[{"@type":"WebPage","@id":"https:\/\/www.mira.fi\/sv\/product\/mira-termoshorts\/","url":"https:\/\/www.mira.fi\/sv\/product\/mira-termoshorts\/","name":"Mira Termoshorts - Mira-Tex Oy","isPartOf":{"@id":"https:\/\/www.mira.fi\/#website"},"primaryImageOfPage":{"@id":"https:\/\/www.mira.fi\/sv\/product\/mira-termoshorts\/#primaryimage"},"image":{"@id":"https:\/\/www.mira.fi\/sv\/product\/mira-termoshorts\/#primaryimage"},"thumbnailUrl":"https:\/\/www.mira.fi\/wp-content\/uploads\/739-Mira-Thermal-Shorts-racing-scaled.jpg","datePublished":"2025-12-04T07:36:22+00:00","breadcrumb":{"@id":"https:\/\/www.mira.fi\/sv\/product\/mira-termoshorts\/#breadcrumb"},"inLanguage":"sv-SE","potentialAction":[{"@type":"ReadAction","target":["https:\/\/www.mira.fi\/sv\/product\/mira-termoshorts\/"]}]},{"@type":"ImageObject","inLanguage":"sv-SE","@id":"https:\/\/www.mira.fi\/sv\/product\/mira-termoshorts\/#primaryimage","url":"https:\/\/www.mira.fi\/wp-content\/uploads\/739-Mira-Thermal-Shorts-racing-scaled.jpg","contentUrl":"https:\/\/www.mira.fi\/wp-content\/uploads\/739-Mira-Thermal-Shorts-racing-scaled.jpg","width":1920,"height":2560},{"@type":"BreadcrumbList","@id":"https:\/\/www.mira.fi\/sv\/product\/mira-termoshorts\/#breadcrumb","itemListElement":[{"@type":"ListItem","position":1,"name":"Etusivu","item":"https:\/\/www.mira.fi\/sv\/skraddarsytt\/"},{"@type":"ListItem","position":2,"name":"Butik","item":"https:\/\/www.mira.fi\/sv\/butik\/"},{"@type":"ListItem","position":3,"name":"Mira Termoshorts"}]},{"@type":"WebSite","@id":"https:\/\/www.mira.fi\/#website","url":"https:\/\/www.mira.fi\/","name":"Mira-Tex Oy","description":"Ledande tillverkare av travkl\u00e4der","publisher":{"@id":"https:\/\/www.mira.fi\/#organization"},"potentialAction":[{"@type":"SearchAction","target":{"@type":"EntryPoint","urlTemplate":"https:\/\/www.mira.fi\/?s={search_term_string}"},"query-input":{"@type":"PropertyValueSpecification","valueRequired":true,"valueName":"search_term_string"}}],"inLanguage":"sv-SE"},{"@type":"Organization","@id":"https:\/\/www.mira.fi\/#organization","name":"Mira-Tex Oy","url":"https:\/\/www.mira.fi\/","logo":{"@type":"ImageObject","inLanguage":"sv-SE","@id":"https:\/\/www.mira.fi\/#\/schema\/logo\/image\/","url":"https:\/\/www.mira.fi\/wp-content\/uploads\/favicon.png","contentUrl":"https:\/\/www.mira.fi\/wp-content\/uploads\/favicon.png","width":600,"height":600,"caption":"Mira-Tex Oy"},"image":{"@id":"https:\/\/www.mira.fi\/#\/schema\/logo\/image\/"}}]}},"_links":{"self":[{"href":"https:\/\/www.mira.fi\/sv\/wp-json\/wp\/v2\/product\/9335","targetHints":{"allow":["GET"]}}],"collection":[{"href":"https:\/\/www.mira.fi\/sv\/wp-json\/wp\/v2\/product"}],"about":[{"href":"https:\/\/www.mira.fi\/sv\/wp-json\/wp\/v2\/types\/product"}],"wp:featuredmedia":[{"embeddable":true,"href":"https:\/\/www.mira.fi\/sv\/wp-json\/wp\/v2\/media\/9338"}],"wp:attachment":[{"href":"https:\/\/www.mira.fi\/sv\/wp-json\/wp\/v2\/media?parent=9335"}],"wp:term":[{"taxonomy":"product_brand","embeddable":true,"href":"https:\/\/www.mira.fi\/sv\/wp-json\/wp\/v2\/product_brand?post=9335"},{"taxonomy":"product_cat","embeddable":true,"href":"https:\/\/www.mira.fi\/sv\/wp-json\/wp\/v2\/product_cat?post=9335"},{"taxonomy":"product_tag","embeddable":true,"href":"https:\/\/www.mira.fi\/sv\/wp-json\/wp\/v2\/product_tag?post=9335"}],"curies":[{"name":"wp","href":"https:\/\/api.w.org\/{rel}","templated":true}]}}