{"id":9784,"date":"2025-12-10T11:04:23","date_gmt":"2025-12-10T09:04:23","guid":{"rendered":"https:\/\/www.mira.fi\/product\/nytt-mira-traningsset-for-alla-vader\/"},"modified":"2026-01-16T09:58:46","modified_gmt":"2026-01-16T07:58:46","slug":"nytt-mira-traningsset-for-alla-vader","status":"publish","type":"product","link":"https:\/\/www.mira.fi\/sv\/product\/nytt-mira-traningsset-for-alla-vader\/","title":{"rendered":"NYTT Mira Tr\u00e4ningsset f\u00f6r alla v\u00e4der"},"content":{"rendered":"<h3 data-start=\"89\" data-end=\"164\"><strong data-start=\"93\" data-end=\"164\">Mira Arbetsset f\u00f6r alla v\u00e4der \u2013 L\u00e4tt, flexibelt &amp; gjort f\u00f6r riktigt arbete<\/strong><\/h3>\n<p data-start=\"166\" data-end=\"455\">Det nya Mira Arbetsset f\u00f6r alla v\u00e4der \u00e4r designat f\u00f6r det moderna h\u00e4stlivet, d\u00e4r komfort, r\u00f6rlighet och p\u00e5litlighet verkligen spelar roll. Tillverkat av ett <strong data-start=\"310\" data-end=\"354\">l\u00e4tt och mycket flexibelt material<\/strong>, k\u00e4nns denna overall mjuk och naturlig att b\u00e4ra, vilket g\u00f6r det dagliga arbetet m\u00e4rkbart enklare och bekv\u00e4mare. <\/p>\n<p data-start=\"457\" data-end=\"750\">Den h\u00f6ga, v\u00e4lformade kragen skyddar effektivt mot vind och regn samtidigt som den erbjuder en \u00e5tsittande, bekv\u00e4m passform. Praktiska br\u00f6st- och framfickor har smidiga, l\u00e4ttanv\u00e4nda dragkedjor f\u00f6r s\u00e4ker vardagsf\u00f6rvaring. Passformen \u00e4r modern och funktionell och f\u00f6ljer kroppens r\u00f6relser utan begr\u00e4nsning.  <\/p>\n<p data-start=\"752\" data-end=\"927\">P\u00e5litligt, bekv\u00e4mt och byggt f\u00f6r l\u00e5nga arbetsdagar, levererar Mira Arbetsset f\u00f6r alla v\u00e4der den perfekta balansen mellan <strong data-start=\"878\" data-end=\"926\">prestanda, skydd och komfort hela dagen<\/strong>.<\/p>\n<p data-start=\"929\" data-end=\"1107\"><strong data-start=\"929\" data-end=\"982\">Anpassning med broderade logotyper \u00e4r tillg\u00e4nglig<\/strong>, vilket g\u00f6r detta set till ett idealiskt val f\u00f6r stall, team och proffs som v\u00e4rdes\u00e4tter b\u00e5de prestanda och en enhetlig varum\u00e4rkesimage.<\/p>\n","protected":false},"excerpt":{"rendered":"<p><strong data-start=\"120\" data-end=\"152\">Mira Allv\u00e4dersarbetsset<\/strong><br data-start=\"152\" data-end=\"155\">L\u00e4tt, flexibelt och gjort f\u00f6r riktigt arbete. Designat f\u00f6r det moderna h\u00e4stlivet, detta allv\u00e4dersset erbjuder komfort hela dagen, r\u00f6relsefrihet och p\u00e5litligt skydd mot vind och regn. En modern passform, praktiska fickor och en mjuk, naturlig k\u00e4nsla g\u00f6r det idealiskt f\u00f6r l\u00e5nga arbetsdagar eller fritid. Anpassad brodyr finns tillg\u00e4nglig f\u00f6r ett professionellt, enhetligt utseende.<\/p>\n","protected":false},"featured_media":9786,"template":"","meta":[],"product_brand":[],"product_cat":[1877,1886,1872],"product_tag":[],"class_list":{"0":"post-9784","1":"product","2":"type-product","3":"status-publish","4":"has-post-thumbnail","6":"product_cat-vardagsklader","7":"product_cat-erbjudanden","8":"product_cat-arbetsklader","9":"pa_color-navy-blue","10":"pa_color-svart","11":"pa_size-l","13":"first","14":"instock","15":"featured","16":"taxable","17":"shipping-taxable","18":"purchasable","19":"product-type-variable"},"yoast_head":"<!-- This site is optimized with the Yoast SEO plugin v27.5 - https:\/\/yoast.com\/product\/yoast-seo-wordpress\/ -->\n<title>NYTT Mira Tr\u00e4ningsset f\u00f6r alla v\u00e4der - Mira-Tex Oy<\/title>\n<meta name=\"description\" content=\"Mira Allv\u00e4dersarbetssetL\u00e4tt, flexibelt och gjort f\u00f6r riktigt arbete. Designat f\u00f6r det moderna h\u00e4stlivet, detta allv\u00e4dersset erbjuder komfort hela dagen, r\u00f6relsefrihet och p\u00e5litligt skydd mot vind och regn. En modern passform, praktiska fickor och en mjuk, naturlig k\u00e4nsla g\u00f6r det idealiskt f\u00f6r l\u00e5nga arbetsdagar eller fritid. Anpassad brodyr finns tillg\u00e4nglig f\u00f6r ett professionellt, enhetligt utseende.\" \/>\n<meta name=\"robots\" content=\"index, follow, max-snippet:-1, max-image-preview:large, max-video-preview:-1\" \/>\n<link rel=\"canonical\" href=\"https:\/\/www.mira.fi\/sv\/product\/nytt-mira-traningsset-for-alla-vader\/\" \/>\n<meta property=\"og:locale\" content=\"sv_SE\" \/>\n<meta property=\"og:type\" content=\"article\" \/>\n<meta property=\"og:title\" content=\"NYTT Mira Tr\u00e4ningsset f\u00f6r alla v\u00e4der - Mira-Tex Oy\" \/>\n<meta property=\"og:description\" content=\"Mira Allv\u00e4dersarbetssetL\u00e4tt, flexibelt och gjort f\u00f6r riktigt arbete. Designat f\u00f6r det moderna h\u00e4stlivet, detta allv\u00e4dersset erbjuder komfort hela dagen, r\u00f6relsefrihet och p\u00e5litligt skydd mot vind och regn. En modern passform, praktiska fickor och en mjuk, naturlig k\u00e4nsla g\u00f6r det idealiskt f\u00f6r l\u00e5nga arbetsdagar eller fritid. Anpassad brodyr finns tillg\u00e4nglig f\u00f6r ett professionellt, enhetligt utseende.\" \/>\n<meta property=\"og:url\" content=\"https:\/\/www.mira.fi\/sv\/product\/nytt-mira-traningsset-for-alla-vader\/\" \/>\n<meta property=\"og:site_name\" content=\"Mira-Tex Oy\" \/>\n<meta property=\"article:modified_time\" content=\"2026-01-16T07:58:46+00:00\" \/>\n<meta property=\"og:image\" content=\"https:\/\/www.mira.fi\/wp-content\/uploads\/736-BL-scaled.jpg\" \/>\n\t<meta property=\"og:image:width\" content=\"1920\" \/>\n\t<meta property=\"og:image:height\" content=\"2560\" \/>\n\t<meta property=\"og:image:type\" content=\"image\/jpeg\" \/>\n<meta name=\"twitter:card\" content=\"summary_large_image\" \/>\n<meta name=\"twitter:label1\" content=\"Ber\u00e4knad l\u00e4stid\" \/>\n\t<meta name=\"twitter:data1\" content=\"1 minut\" \/>\n<script type=\"application\/ld+json\" class=\"yoast-schema-graph\">{\"@context\":\"https:\\\/\\\/schema.org\",\"@graph\":[{\"@type\":\"WebPage\",\"@id\":\"https:\\\/\\\/www.mira.fi\\\/sv\\\/product\\\/nytt-mira-traningsset-for-alla-vader\\\/\",\"url\":\"https:\\\/\\\/www.mira.fi\\\/sv\\\/product\\\/nytt-mira-traningsset-for-alla-vader\\\/\",\"name\":\"NYTT Mira Tr\u00e4ningsset f\u00f6r alla v\u00e4der - Mira-Tex Oy\",\"isPartOf\":{\"@id\":\"https:\\\/\\\/www.mira.fi\\\/#website\"},\"primaryImageOfPage\":{\"@id\":\"https:\\\/\\\/www.mira.fi\\\/sv\\\/product\\\/nytt-mira-traningsset-for-alla-vader\\\/#primaryimage\"},\"image\":{\"@id\":\"https:\\\/\\\/www.mira.fi\\\/sv\\\/product\\\/nytt-mira-traningsset-for-alla-vader\\\/#primaryimage\"},\"thumbnailUrl\":\"https:\\\/\\\/www.mira.fi\\\/wp-content\\\/uploads\\\/736-BL-scaled.jpg\",\"datePublished\":\"2025-12-10T09:04:23+00:00\",\"dateModified\":\"2026-01-16T07:58:46+00:00\",\"description\":\"Mira Allv\u00e4dersarbetssetL\u00e4tt, flexibelt och gjort f\u00f6r riktigt arbete. Designat f\u00f6r det moderna h\u00e4stlivet, detta allv\u00e4dersset erbjuder komfort hela dagen, r\u00f6relsefrihet och p\u00e5litligt skydd mot vind och regn. En modern passform, praktiska fickor och en mjuk, naturlig k\u00e4nsla g\u00f6r det idealiskt f\u00f6r l\u00e5nga arbetsdagar eller fritid. Anpassad brodyr finns tillg\u00e4nglig f\u00f6r ett professionellt, enhetligt utseende.\",\"breadcrumb\":{\"@id\":\"https:\\\/\\\/www.mira.fi\\\/sv\\\/product\\\/nytt-mira-traningsset-for-alla-vader\\\/#breadcrumb\"},\"inLanguage\":\"sv-SE\",\"potentialAction\":[{\"@type\":\"ReadAction\",\"target\":[\"https:\\\/\\\/www.mira.fi\\\/sv\\\/product\\\/nytt-mira-traningsset-for-alla-vader\\\/\"]}]},{\"@type\":\"ImageObject\",\"inLanguage\":\"sv-SE\",\"@id\":\"https:\\\/\\\/www.mira.fi\\\/sv\\\/product\\\/nytt-mira-traningsset-for-alla-vader\\\/#primaryimage\",\"url\":\"https:\\\/\\\/www.mira.fi\\\/wp-content\\\/uploads\\\/736-BL-scaled.jpg\",\"contentUrl\":\"https:\\\/\\\/www.mira.fi\\\/wp-content\\\/uploads\\\/736-BL-scaled.jpg\",\"width\":1920,\"height\":2560},{\"@type\":\"BreadcrumbList\",\"@id\":\"https:\\\/\\\/www.mira.fi\\\/sv\\\/product\\\/nytt-mira-traningsset-for-alla-vader\\\/#breadcrumb\",\"itemListElement\":[{\"@type\":\"ListItem\",\"position\":1,\"name\":\"Etusivu\",\"item\":\"https:\\\/\\\/www.mira.fi\\\/sv\\\/skraddarsytt\\\/\"},{\"@type\":\"ListItem\",\"position\":2,\"name\":\"Butik\",\"item\":\"https:\\\/\\\/www.mira.fi\\\/sv\\\/butik\\\/\"},{\"@type\":\"ListItem\",\"position\":3,\"name\":\"NYTT Mira Tr\u00e4ningsset f\u00f6r alla v\u00e4der\"}]},{\"@type\":\"WebSite\",\"@id\":\"https:\\\/\\\/www.mira.fi\\\/#website\",\"url\":\"https:\\\/\\\/www.mira.fi\\\/\",\"name\":\"Mira-Tex Oy\",\"description\":\"Ledande tillverkare av travkl\u00e4der\",\"publisher\":{\"@id\":\"https:\\\/\\\/www.mira.fi\\\/#organization\"},\"potentialAction\":[{\"@type\":\"SearchAction\",\"target\":{\"@type\":\"EntryPoint\",\"urlTemplate\":\"https:\\\/\\\/www.mira.fi\\\/?s={search_term_string}\"},\"query-input\":{\"@type\":\"PropertyValueSpecification\",\"valueRequired\":true,\"valueName\":\"search_term_string\"}}],\"inLanguage\":\"sv-SE\"},{\"@type\":\"Organization\",\"@id\":\"https:\\\/\\\/www.mira.fi\\\/#organization\",\"name\":\"Mira-Tex Oy\",\"url\":\"https:\\\/\\\/www.mira.fi\\\/\",\"logo\":{\"@type\":\"ImageObject\",\"inLanguage\":\"sv-SE\",\"@id\":\"https:\\\/\\\/www.mira.fi\\\/#\\\/schema\\\/logo\\\/image\\\/\",\"url\":\"https:\\\/\\\/www.mira.fi\\\/wp-content\\\/uploads\\\/favicon.png\",\"contentUrl\":\"https:\\\/\\\/www.mira.fi\\\/wp-content\\\/uploads\\\/favicon.png\",\"width\":600,\"height\":600,\"caption\":\"Mira-Tex Oy\"},\"image\":{\"@id\":\"https:\\\/\\\/www.mira.fi\\\/#\\\/schema\\\/logo\\\/image\\\/\"}}]}<\/script>\n<!-- \/ Yoast SEO plugin. -->","yoast_head_json":{"title":"NYTT Mira Tr\u00e4ningsset f\u00f6r alla v\u00e4der - Mira-Tex Oy","description":"Mira Allv\u00e4dersarbetssetL\u00e4tt, flexibelt och gjort f\u00f6r riktigt arbete. Designat f\u00f6r det moderna h\u00e4stlivet, detta allv\u00e4dersset erbjuder komfort hela dagen, r\u00f6relsefrihet och p\u00e5litligt skydd mot vind och regn. En modern passform, praktiska fickor och en mjuk, naturlig k\u00e4nsla g\u00f6r det idealiskt f\u00f6r l\u00e5nga arbetsdagar eller fritid. Anpassad brodyr finns tillg\u00e4nglig f\u00f6r ett professionellt, enhetligt utseende.","robots":{"index":"index","follow":"follow","max-snippet":"max-snippet:-1","max-image-preview":"max-image-preview:large","max-video-preview":"max-video-preview:-1"},"canonical":"https:\/\/www.mira.fi\/sv\/product\/nytt-mira-traningsset-for-alla-vader\/","og_locale":"sv_SE","og_type":"article","og_title":"NYTT Mira Tr\u00e4ningsset f\u00f6r alla v\u00e4der - Mira-Tex Oy","og_description":"Mira Allv\u00e4dersarbetssetL\u00e4tt, flexibelt och gjort f\u00f6r riktigt arbete. Designat f\u00f6r det moderna h\u00e4stlivet, detta allv\u00e4dersset erbjuder komfort hela dagen, r\u00f6relsefrihet och p\u00e5litligt skydd mot vind och regn. En modern passform, praktiska fickor och en mjuk, naturlig k\u00e4nsla g\u00f6r det idealiskt f\u00f6r l\u00e5nga arbetsdagar eller fritid. Anpassad brodyr finns tillg\u00e4nglig f\u00f6r ett professionellt, enhetligt utseende.","og_url":"https:\/\/www.mira.fi\/sv\/product\/nytt-mira-traningsset-for-alla-vader\/","og_site_name":"Mira-Tex Oy","article_modified_time":"2026-01-16T07:58:46+00:00","og_image":[{"width":1920,"height":2560,"url":"https:\/\/www.mira.fi\/wp-content\/uploads\/736-BL-scaled.jpg","type":"image\/jpeg"}],"twitter_card":"summary_large_image","twitter_misc":{"Ber\u00e4knad l\u00e4stid":"1 minut"},"schema":{"@context":"https:\/\/schema.org","@graph":[{"@type":"WebPage","@id":"https:\/\/www.mira.fi\/sv\/product\/nytt-mira-traningsset-for-alla-vader\/","url":"https:\/\/www.mira.fi\/sv\/product\/nytt-mira-traningsset-for-alla-vader\/","name":"NYTT Mira Tr\u00e4ningsset f\u00f6r alla v\u00e4der - Mira-Tex Oy","isPartOf":{"@id":"https:\/\/www.mira.fi\/#website"},"primaryImageOfPage":{"@id":"https:\/\/www.mira.fi\/sv\/product\/nytt-mira-traningsset-for-alla-vader\/#primaryimage"},"image":{"@id":"https:\/\/www.mira.fi\/sv\/product\/nytt-mira-traningsset-for-alla-vader\/#primaryimage"},"thumbnailUrl":"https:\/\/www.mira.fi\/wp-content\/uploads\/736-BL-scaled.jpg","datePublished":"2025-12-10T09:04:23+00:00","dateModified":"2026-01-16T07:58:46+00:00","description":"Mira Allv\u00e4dersarbetssetL\u00e4tt, flexibelt och gjort f\u00f6r riktigt arbete. Designat f\u00f6r det moderna h\u00e4stlivet, detta allv\u00e4dersset erbjuder komfort hela dagen, r\u00f6relsefrihet och p\u00e5litligt skydd mot vind och regn. En modern passform, praktiska fickor och en mjuk, naturlig k\u00e4nsla g\u00f6r det idealiskt f\u00f6r l\u00e5nga arbetsdagar eller fritid. Anpassad brodyr finns tillg\u00e4nglig f\u00f6r ett professionellt, enhetligt utseende.","breadcrumb":{"@id":"https:\/\/www.mira.fi\/sv\/product\/nytt-mira-traningsset-for-alla-vader\/#breadcrumb"},"inLanguage":"sv-SE","potentialAction":[{"@type":"ReadAction","target":["https:\/\/www.mira.fi\/sv\/product\/nytt-mira-traningsset-for-alla-vader\/"]}]},{"@type":"ImageObject","inLanguage":"sv-SE","@id":"https:\/\/www.mira.fi\/sv\/product\/nytt-mira-traningsset-for-alla-vader\/#primaryimage","url":"https:\/\/www.mira.fi\/wp-content\/uploads\/736-BL-scaled.jpg","contentUrl":"https:\/\/www.mira.fi\/wp-content\/uploads\/736-BL-scaled.jpg","width":1920,"height":2560},{"@type":"BreadcrumbList","@id":"https:\/\/www.mira.fi\/sv\/product\/nytt-mira-traningsset-for-alla-vader\/#breadcrumb","itemListElement":[{"@type":"ListItem","position":1,"name":"Etusivu","item":"https:\/\/www.mira.fi\/sv\/skraddarsytt\/"},{"@type":"ListItem","position":2,"name":"Butik","item":"https:\/\/www.mira.fi\/sv\/butik\/"},{"@type":"ListItem","position":3,"name":"NYTT Mira Tr\u00e4ningsset f\u00f6r alla v\u00e4der"}]},{"@type":"WebSite","@id":"https:\/\/www.mira.fi\/#website","url":"https:\/\/www.mira.fi\/","name":"Mira-Tex Oy","description":"Ledande tillverkare av travkl\u00e4der","publisher":{"@id":"https:\/\/www.mira.fi\/#organization"},"potentialAction":[{"@type":"SearchAction","target":{"@type":"EntryPoint","urlTemplate":"https:\/\/www.mira.fi\/?s={search_term_string}"},"query-input":{"@type":"PropertyValueSpecification","valueRequired":true,"valueName":"search_term_string"}}],"inLanguage":"sv-SE"},{"@type":"Organization","@id":"https:\/\/www.mira.fi\/#organization","name":"Mira-Tex Oy","url":"https:\/\/www.mira.fi\/","logo":{"@type":"ImageObject","inLanguage":"sv-SE","@id":"https:\/\/www.mira.fi\/#\/schema\/logo\/image\/","url":"https:\/\/www.mira.fi\/wp-content\/uploads\/favicon.png","contentUrl":"https:\/\/www.mira.fi\/wp-content\/uploads\/favicon.png","width":600,"height":600,"caption":"Mira-Tex Oy"},"image":{"@id":"https:\/\/www.mira.fi\/#\/schema\/logo\/image\/"}}]}},"_links":{"self":[{"href":"https:\/\/www.mira.fi\/sv\/wp-json\/wp\/v2\/product\/9784","targetHints":{"allow":["GET"]}}],"collection":[{"href":"https:\/\/www.mira.fi\/sv\/wp-json\/wp\/v2\/product"}],"about":[{"href":"https:\/\/www.mira.fi\/sv\/wp-json\/wp\/v2\/types\/product"}],"wp:featuredmedia":[{"embeddable":true,"href":"https:\/\/www.mira.fi\/sv\/wp-json\/wp\/v2\/media\/9786"}],"wp:attachment":[{"href":"https:\/\/www.mira.fi\/sv\/wp-json\/wp\/v2\/media?parent=9784"}],"wp:term":[{"taxonomy":"product_brand","embeddable":true,"href":"https:\/\/www.mira.fi\/sv\/wp-json\/wp\/v2\/product_brand?post=9784"},{"taxonomy":"product_cat","embeddable":true,"href":"https:\/\/www.mira.fi\/sv\/wp-json\/wp\/v2\/product_cat?post=9784"},{"taxonomy":"product_tag","embeddable":true,"href":"https:\/\/www.mira.fi\/sv\/wp-json\/wp\/v2\/product_tag?post=9784"}],"curies":[{"name":"wp","href":"https:\/\/api.w.org\/{rel}","templated":true}]}}