{"id":9979,"date":"2026-01-12T15:00:14","date_gmt":"2026-01-12T13:00:14","guid":{"rendered":"https:\/\/www.mira.fi\/product\/lzr-3\/"},"modified":"2026-01-12T15:00:14","modified_gmt":"2026-01-12T13:00:14","slug":"lzr-3","status":"publish","type":"product","link":"https:\/\/www.mira.fi\/sv\/product\/lzr-3\/","title":{"rendered":"LZR 3"},"content":{"rendered":"<p><strong>LZR 3-hjul<\/strong><\/p>\n<p data-end=\"539\" data-start=\"225\"><strong data-end=\"238\" data-start=\"229\">LZR 3<\/strong>-sulkyhjulen \u00e4r designade f\u00f6r kuskar som v\u00e4rdes\u00e4tter <strong data-end=\"335\" data-start=\"287\">l\u00e5g vikt, effektivitet och exakt hantering<\/strong> inom t\u00e4vlingsinriktad travsport. Med en <strong data-end=\"414\" data-start=\"379\">konstruktion helt i kolfiber<\/strong> erbjuder dessa hjul en utm\u00e4rkt balans mellan minskad vikt och strukturell styvhet f\u00f6r h\u00f6g prestanda p\u00e5 banan. <\/p>\n<p data-end=\"814\" data-start=\"541\"><strong data-end=\"1099\" data-start=\"1060\">Konstruktionen i ett stycke kolfiber<\/strong> hos LZR 3-hjulen betonar en l\u00e4tt och styv struktur, vilket bidrar till konsekvent prestanda och stabilitet vid t\u00e4vlingsinriktad travsport.<\/p>\n<p data-end=\"1043\" data-start=\"816\"><strong data-end=\"850\" data-start=\"816\">Viktiga funktioner &amp; specifikationer:<\/strong><\/p>\n<ul>\n<li data-end=\"1149\" data-start=\"1045\"><strong data-end=\"1073\" data-start=\"1047\">28-tums hjuldiameter<\/strong><br data-end=\"1076\" data-start=\"1073\">\u2022 <strong data-end=\"1100\" data-start=\"1078\">Finns i svart<\/strong><\/li>\n<\/ul>\n<p data-end=\"1268\" data-start=\"1151\">LZR 3-hjulen \u00e4r ett idealiskt alternativ f\u00f6r proffs som s\u00f6ker <strong data-end=\"1267\" data-start=\"1214\">l\u00e4ttviktsprestanda kombinerat med tillf\u00f6rlitlighet<\/strong>.<\/p>\n<p data-end=\"1268\" data-start=\"1151\">Pris per par. Kontakta oss f\u00f6r k\u00f6p av enstaka hjul <\/p>\n","protected":false},"excerpt":{"rendered":"<p><strong data-end=\"238\" data-start=\"229\">LZR 3<\/strong>-sulkyhjulen \u00e4r designade f\u00f6r kuskar som v\u00e4rdes\u00e4tter <strong data-end=\"335\" data-start=\"287\">l\u00e5g vikt, effektivitet och exakt hantering<\/strong> inom t\u00e4vlingsinriktad travsport. Med en <strong data-end=\"414\" data-start=\"379\">konstruktion helt i kolfiber<\/strong> erbjuder dessa hjul en utm\u00e4rkt balans mellan minskad vikt och strukturell styvhet f\u00f6r h\u00f6g prestanda p\u00e5 banan. <\/p>\n","protected":false},"featured_media":9980,"template":"","meta":[],"product_brand":[],"product_cat":[1881],"product_tag":[],"class_list":{"0":"post-9979","1":"product","2":"type-product","3":"status-publish","4":"has-post-thumbnail","6":"product_cat-tillbehor","8":"first","9":"instock","10":"taxable","11":"shipping-taxable","12":"purchasable","13":"product-type-simple"},"yoast_head":"<!-- This site is optimized with the Yoast SEO plugin v27.5 - https:\/\/yoast.com\/product\/yoast-seo-wordpress\/ -->\n<title>LZR 3 - Mira-Tex Oy<\/title>\n<meta name=\"description\" content=\"Amerikansk fullst\u00e4ndig sele f\u00f6r travh\u00e4star fr\u00e5n Mast. Mast har i \u00f6ver 50 \u00e5r tillverkat produkter \u00e5t ledande varum\u00e4rken (inklusive Wahls) och erbjuder nu h\u00f6gkvalitativa selar under eget namn.\" \/>\n<meta name=\"robots\" content=\"index, follow, max-snippet:-1, max-image-preview:large, max-video-preview:-1\" \/>\n<link rel=\"canonical\" href=\"https:\/\/www.mira.fi\/sv\/product\/lzr-3\/\" \/>\n<meta property=\"og:locale\" content=\"sv_SE\" \/>\n<meta property=\"og:type\" content=\"article\" \/>\n<meta property=\"og:title\" content=\"LZR 3 - Mira-Tex Oy\" \/>\n<meta property=\"og:description\" content=\"Amerikansk fullst\u00e4ndig sele f\u00f6r travh\u00e4star fr\u00e5n Mast. Mast har i \u00f6ver 50 \u00e5r tillverkat produkter \u00e5t ledande varum\u00e4rken (inklusive Wahls) och erbjuder nu h\u00f6gkvalitativa selar under eget namn.\" \/>\n<meta property=\"og:url\" content=\"https:\/\/www.mira.fi\/sv\/product\/lzr-3\/\" \/>\n<meta property=\"og:site_name\" content=\"Mira-Tex Oy\" \/>\n<meta property=\"og:image\" content=\"https:\/\/www.mira.fi\/wp-content\/uploads\/2-2.png\" \/>\n\t<meta property=\"og:image:width\" content=\"1080\" \/>\n\t<meta property=\"og:image:height\" content=\"1080\" \/>\n\t<meta property=\"og:image:type\" content=\"image\/png\" \/>\n<meta name=\"twitter:card\" content=\"summary_large_image\" \/>\n<meta name=\"twitter:label1\" content=\"Ber\u00e4knad l\u00e4stid\" \/>\n\t<meta name=\"twitter:data1\" content=\"1 minut\" \/>\n<script type=\"application\/ld+json\" class=\"yoast-schema-graph\">{\"@context\":\"https:\\\/\\\/schema.org\",\"@graph\":[{\"@type\":\"WebPage\",\"@id\":\"https:\\\/\\\/www.mira.fi\\\/sv\\\/product\\\/lzr-3\\\/\",\"url\":\"https:\\\/\\\/www.mira.fi\\\/sv\\\/product\\\/lzr-3\\\/\",\"name\":\"LZR 3 - Mira-Tex Oy\",\"isPartOf\":{\"@id\":\"https:\\\/\\\/www.mira.fi\\\/#website\"},\"primaryImageOfPage\":{\"@id\":\"https:\\\/\\\/www.mira.fi\\\/sv\\\/product\\\/lzr-3\\\/#primaryimage\"},\"image\":{\"@id\":\"https:\\\/\\\/www.mira.fi\\\/sv\\\/product\\\/lzr-3\\\/#primaryimage\"},\"thumbnailUrl\":\"https:\\\/\\\/www.mira.fi\\\/wp-content\\\/uploads\\\/2-2.png\",\"datePublished\":\"2026-01-12T13:00:14+00:00\",\"description\":\"Amerikansk fullst\u00e4ndig sele f\u00f6r travh\u00e4star fr\u00e5n Mast. Mast har i \u00f6ver 50 \u00e5r tillverkat produkter \u00e5t ledande varum\u00e4rken (inklusive Wahls) och erbjuder nu h\u00f6gkvalitativa selar under eget namn.\",\"breadcrumb\":{\"@id\":\"https:\\\/\\\/www.mira.fi\\\/sv\\\/product\\\/lzr-3\\\/#breadcrumb\"},\"inLanguage\":\"sv-SE\",\"potentialAction\":[{\"@type\":\"ReadAction\",\"target\":[\"https:\\\/\\\/www.mira.fi\\\/sv\\\/product\\\/lzr-3\\\/\"]}]},{\"@type\":\"ImageObject\",\"inLanguage\":\"sv-SE\",\"@id\":\"https:\\\/\\\/www.mira.fi\\\/sv\\\/product\\\/lzr-3\\\/#primaryimage\",\"url\":\"https:\\\/\\\/www.mira.fi\\\/wp-content\\\/uploads\\\/2-2.png\",\"contentUrl\":\"https:\\\/\\\/www.mira.fi\\\/wp-content\\\/uploads\\\/2-2.png\",\"width\":1080,\"height\":1080},{\"@type\":\"BreadcrumbList\",\"@id\":\"https:\\\/\\\/www.mira.fi\\\/sv\\\/product\\\/lzr-3\\\/#breadcrumb\",\"itemListElement\":[{\"@type\":\"ListItem\",\"position\":1,\"name\":\"Etusivu\",\"item\":\"https:\\\/\\\/www.mira.fi\\\/sv\\\/skraddarsytt\\\/\"},{\"@type\":\"ListItem\",\"position\":2,\"name\":\"Butik\",\"item\":\"https:\\\/\\\/www.mira.fi\\\/sv\\\/butik\\\/\"},{\"@type\":\"ListItem\",\"position\":3,\"name\":\"LZR 3\"}]},{\"@type\":\"WebSite\",\"@id\":\"https:\\\/\\\/www.mira.fi\\\/#website\",\"url\":\"https:\\\/\\\/www.mira.fi\\\/\",\"name\":\"Mira-Tex Oy\",\"description\":\"Ledande tillverkare av travkl\u00e4der\",\"publisher\":{\"@id\":\"https:\\\/\\\/www.mira.fi\\\/#organization\"},\"potentialAction\":[{\"@type\":\"SearchAction\",\"target\":{\"@type\":\"EntryPoint\",\"urlTemplate\":\"https:\\\/\\\/www.mira.fi\\\/?s={search_term_string}\"},\"query-input\":{\"@type\":\"PropertyValueSpecification\",\"valueRequired\":true,\"valueName\":\"search_term_string\"}}],\"inLanguage\":\"sv-SE\"},{\"@type\":\"Organization\",\"@id\":\"https:\\\/\\\/www.mira.fi\\\/#organization\",\"name\":\"Mira-Tex Oy\",\"url\":\"https:\\\/\\\/www.mira.fi\\\/\",\"logo\":{\"@type\":\"ImageObject\",\"inLanguage\":\"sv-SE\",\"@id\":\"https:\\\/\\\/www.mira.fi\\\/#\\\/schema\\\/logo\\\/image\\\/\",\"url\":\"https:\\\/\\\/www.mira.fi\\\/wp-content\\\/uploads\\\/favicon.png\",\"contentUrl\":\"https:\\\/\\\/www.mira.fi\\\/wp-content\\\/uploads\\\/favicon.png\",\"width\":600,\"height\":600,\"caption\":\"Mira-Tex Oy\"},\"image\":{\"@id\":\"https:\\\/\\\/www.mira.fi\\\/#\\\/schema\\\/logo\\\/image\\\/\"}}]}<\/script>\n<!-- \/ Yoast SEO plugin. -->","yoast_head_json":{"title":"LZR 3 - Mira-Tex Oy","description":"Amerikansk fullst\u00e4ndig sele f\u00f6r travh\u00e4star fr\u00e5n Mast. Mast har i \u00f6ver 50 \u00e5r tillverkat produkter \u00e5t ledande varum\u00e4rken (inklusive Wahls) och erbjuder nu h\u00f6gkvalitativa selar under eget namn.","robots":{"index":"index","follow":"follow","max-snippet":"max-snippet:-1","max-image-preview":"max-image-preview:large","max-video-preview":"max-video-preview:-1"},"canonical":"https:\/\/www.mira.fi\/sv\/product\/lzr-3\/","og_locale":"sv_SE","og_type":"article","og_title":"LZR 3 - Mira-Tex Oy","og_description":"Amerikansk fullst\u00e4ndig sele f\u00f6r travh\u00e4star fr\u00e5n Mast. Mast har i \u00f6ver 50 \u00e5r tillverkat produkter \u00e5t ledande varum\u00e4rken (inklusive Wahls) och erbjuder nu h\u00f6gkvalitativa selar under eget namn.","og_url":"https:\/\/www.mira.fi\/sv\/product\/lzr-3\/","og_site_name":"Mira-Tex Oy","og_image":[{"width":1080,"height":1080,"url":"https:\/\/www.mira.fi\/wp-content\/uploads\/2-2.png","type":"image\/png"}],"twitter_card":"summary_large_image","twitter_misc":{"Ber\u00e4knad l\u00e4stid":"1 minut"},"schema":{"@context":"https:\/\/schema.org","@graph":[{"@type":"WebPage","@id":"https:\/\/www.mira.fi\/sv\/product\/lzr-3\/","url":"https:\/\/www.mira.fi\/sv\/product\/lzr-3\/","name":"LZR 3 - Mira-Tex Oy","isPartOf":{"@id":"https:\/\/www.mira.fi\/#website"},"primaryImageOfPage":{"@id":"https:\/\/www.mira.fi\/sv\/product\/lzr-3\/#primaryimage"},"image":{"@id":"https:\/\/www.mira.fi\/sv\/product\/lzr-3\/#primaryimage"},"thumbnailUrl":"https:\/\/www.mira.fi\/wp-content\/uploads\/2-2.png","datePublished":"2026-01-12T13:00:14+00:00","description":"Amerikansk fullst\u00e4ndig sele f\u00f6r travh\u00e4star fr\u00e5n Mast. Mast har i \u00f6ver 50 \u00e5r tillverkat produkter \u00e5t ledande varum\u00e4rken (inklusive Wahls) och erbjuder nu h\u00f6gkvalitativa selar under eget namn.","breadcrumb":{"@id":"https:\/\/www.mira.fi\/sv\/product\/lzr-3\/#breadcrumb"},"inLanguage":"sv-SE","potentialAction":[{"@type":"ReadAction","target":["https:\/\/www.mira.fi\/sv\/product\/lzr-3\/"]}]},{"@type":"ImageObject","inLanguage":"sv-SE","@id":"https:\/\/www.mira.fi\/sv\/product\/lzr-3\/#primaryimage","url":"https:\/\/www.mira.fi\/wp-content\/uploads\/2-2.png","contentUrl":"https:\/\/www.mira.fi\/wp-content\/uploads\/2-2.png","width":1080,"height":1080},{"@type":"BreadcrumbList","@id":"https:\/\/www.mira.fi\/sv\/product\/lzr-3\/#breadcrumb","itemListElement":[{"@type":"ListItem","position":1,"name":"Etusivu","item":"https:\/\/www.mira.fi\/sv\/skraddarsytt\/"},{"@type":"ListItem","position":2,"name":"Butik","item":"https:\/\/www.mira.fi\/sv\/butik\/"},{"@type":"ListItem","position":3,"name":"LZR 3"}]},{"@type":"WebSite","@id":"https:\/\/www.mira.fi\/#website","url":"https:\/\/www.mira.fi\/","name":"Mira-Tex Oy","description":"Ledande tillverkare av travkl\u00e4der","publisher":{"@id":"https:\/\/www.mira.fi\/#organization"},"potentialAction":[{"@type":"SearchAction","target":{"@type":"EntryPoint","urlTemplate":"https:\/\/www.mira.fi\/?s={search_term_string}"},"query-input":{"@type":"PropertyValueSpecification","valueRequired":true,"valueName":"search_term_string"}}],"inLanguage":"sv-SE"},{"@type":"Organization","@id":"https:\/\/www.mira.fi\/#organization","name":"Mira-Tex Oy","url":"https:\/\/www.mira.fi\/","logo":{"@type":"ImageObject","inLanguage":"sv-SE","@id":"https:\/\/www.mira.fi\/#\/schema\/logo\/image\/","url":"https:\/\/www.mira.fi\/wp-content\/uploads\/favicon.png","contentUrl":"https:\/\/www.mira.fi\/wp-content\/uploads\/favicon.png","width":600,"height":600,"caption":"Mira-Tex Oy"},"image":{"@id":"https:\/\/www.mira.fi\/#\/schema\/logo\/image\/"}}]}},"_links":{"self":[{"href":"https:\/\/www.mira.fi\/sv\/wp-json\/wp\/v2\/product\/9979","targetHints":{"allow":["GET"]}}],"collection":[{"href":"https:\/\/www.mira.fi\/sv\/wp-json\/wp\/v2\/product"}],"about":[{"href":"https:\/\/www.mira.fi\/sv\/wp-json\/wp\/v2\/types\/product"}],"wp:featuredmedia":[{"embeddable":true,"href":"https:\/\/www.mira.fi\/sv\/wp-json\/wp\/v2\/media\/9980"}],"wp:attachment":[{"href":"https:\/\/www.mira.fi\/sv\/wp-json\/wp\/v2\/media?parent=9979"}],"wp:term":[{"taxonomy":"product_brand","embeddable":true,"href":"https:\/\/www.mira.fi\/sv\/wp-json\/wp\/v2\/product_brand?post=9979"},{"taxonomy":"product_cat","embeddable":true,"href":"https:\/\/www.mira.fi\/sv\/wp-json\/wp\/v2\/product_cat?post=9979"},{"taxonomy":"product_tag","embeddable":true,"href":"https:\/\/www.mira.fi\/sv\/wp-json\/wp\/v2\/product_tag?post=9979"}],"curies":[{"name":"wp","href":"https:\/\/api.w.org\/{rel}","templated":true}]}}